{"id":12123,"date":"2020-07-26T15:30:18","date_gmt":"2020-07-26T07:30:18","guid":{"rendered":"https:\/\/arturf.com\/?page_id=12123"},"modified":"2024-08-23T09:33:59","modified_gmt":"2024-08-23T01:33:59","slug":"privacy-policy","status":"publish","type":"page","link":"https:\/\/arturf.com\/de\/privacy-policy\/","title":{"rendered":"Datenschutz-Bestimmungen"},"content":{"rendered":"<p>Team Sports Industry Limited (ARTURF, <a href=\"https:\/\/arturf.com\/de\/\" target=\"_new\" rel=\"noopener\">https:\/\/arturf.com<\/a>) verpflichtet sich, Ihre Privatsph\u00e4re zu respektieren und erkennt die Bedeutung des Schutzes aller Informationen an, die Sie uns \u00fcber unsere Website zur Verf\u00fcgung stellen. Diese Datenschutzrichtlinie beschreibt, wie wir Ihre Informationen sammeln, verwenden und sch\u00fctzen.<\/p>\n<p>Bitte beachten Sie, dass Team Sports Industry Limited diese Richtlinie regelm\u00e4\u00dfig aktualisieren kann. Wir empfehlen, diese Seite von Zeit zu Zeit zu \u00fcberpr\u00fcfen, um sicherzustellen, dass Sie \u00fcber alle \u00c4nderungen informiert sind. Diese Richtlinie gilt ab dem 9. Oktober 2018.<\/p>\n<h3>Erfasste Daten<\/h3>\n<p>Sie k\u00f6nnen unsere Website durchsuchen, ohne pers\u00f6nliche Informationen \u00fcber sich preiszugeben. Wenn Sie unsere Website besuchen, erfassen unsere Server automatisch bestimmte Informationen, wie z. B. Dom\u00e4nennamen, verwendete Betriebssysteme (z. B. Macintosh, Windows) und Browsertypen (z. B. Netscape, Internet Explorer). Diese Informationen werden aggregiert, um die Anzahl der Besuche, die durchschnittliche Verweildauer auf der Website, die aufgerufenen Seiten und \u00e4hnliche Nutzungsmetriken zu messen. Wir verwenden diese Daten, um die Leistung und den Inhalt unserer Website zu analysieren und zu verbessern.<\/p>\n<p>Personenbezogene Daten wie Ihre E-Mail-Adresse, Ihr Name, Ihre Postanschrift und Ihre Telefonnummer werden nur dann erfasst, wenn Sie diese freiwillig angeben, beispielsweise wenn Sie sich auf unserer Website registrieren oder an Online-Aktivit\u00e4ten teilnehmen.<\/p>\n<h3>Verwendung von Informationen<\/h3>\n<p>Die von uns gesammelten Informationen werden f\u00fcr folgende Zwecke verwendet:<\/p>\n<ul>\n<li>Bearbeitung von Bestellungen und Versand von Produkten.<\/li>\n<li>Interne Aufzeichnungen.<\/li>\n<li>Verbesserung unserer Produkte und Dienstleistungen.<\/li>\n<li>Senden von Werbe-E-Mails \u00fcber neue Produkte, Sonderangebote oder andere Informationen, die unserer Meinung nach f\u00fcr Sie von Interesse sein k\u00f6nnten, an die von Ihnen angegebene E-Mail-Adresse.<\/li>\n<li>Kontaktaufnahme mit Ihnen zu Marktforschungszwecken. Wir k\u00f6nnen Sie per E-Mail, Telefon, Fax oder Post erreichen.<\/li>\n<\/ul>\n<h3>Sicherheit<\/h3>\n<p>Wir setzen uns daf\u00fcr ein, dass Ihre Informationen sicher sind. Um unbefugten Zugriff oder unbefugte Offenlegung zu verhindern, haben wir geeignete physische, elektronische und organisatorische Verfahren implementiert, um die online erfassten Informationen zu sch\u00fctzen und zu sichern.<\/p>\n<h3>Dieses Portal verwendet Cookies zur Optimierung der Browserfunktion. Informieren Sie sich, wie wir Cookies verwenden und wie Sie Ihre Einstellungen \u00e4ndern k\u00f6nnen.<\/h3>\n<p>Wir k\u00f6nnen eine Technologie namens \u201eCookies\u201c verwenden, um Ihnen ma\u00dfgeschneiderte Informationen bereitzustellen und Ihr Erlebnis auf unserer Website zu verbessern. Ein Cookie ist eine kleine Textdatei, die eine Website an Ihren Browser senden kann und die dann auf Ihrem Ger\u00e4t gespeichert werden kann. Sie k\u00f6nnen Ihren Browser so einstellen, dass Sie benachrichtigt werden, wenn Sie ein Cookie erhalten, sodass Sie entscheiden k\u00f6nnen, ob Sie es akzeptieren m\u00f6chten. Unsere Cookies k\u00f6nnen Informationen wie das von Ihnen verwendete Betriebssystem und den von Ihnen verwendeten Browser sammeln.<\/p>\n<h3>Links zu anderen Websites<\/h3>\n<p>Unsere Website kann Links zu anderen interessanten Websites enthalten. Sobald Sie unsere Website jedoch \u00fcber diese Links verlassen, haben wir keine Kontrolle mehr \u00fcber die anderen Websites. Daher k\u00f6nnen wir nicht f\u00fcr den Schutz und die Vertraulichkeit der Informationen verantwortlich sein, die Sie beim Besuch dieser Websites angeben. Diese Websites unterliegen nicht dieser Datenschutzrichtlinie. Wir raten Ihnen, Vorsicht walten zu lassen und die Datenschutzrichtlinien aller von Ihnen besuchten Websites zu \u00fcberpr\u00fcfen.<\/p>\n<h3>Richtlinienaktualisierungen<\/h3>\n<p>Unsere Datenschutzrichtlinie kann sich von Zeit zu Zeit \u00e4ndern und alle Aktualisierungen werden auf dieser Seite ver\u00f6ffentlicht.<\/p>\n<p>Wenn Sie Bedenken hinsichtlich unserer Datenschutzpraktiken haben, kontaktieren Sie uns bitte umgehend telefonisch unter (+86) 760 87994998 oder per E-Mail unter <a rel=\"noopener\">info@arturf.com<\/a>.<\/p>","protected":false},"excerpt":{"rendered":"","protected":false},"author":3,"featured_media":0,"parent":0,"menu_order":29,"comment_status":"closed","ping_status":"closed","template":"page-blank-title-center.php","meta":{"_seopress_robots_primary_cat":"","_seopress_titles_title":"","_seopress_titles_desc":"","_seopress_robots_index":"","footnotes":""},"class_list":["post-12123","page","type-page","status-publish","hentry"],"_links":{"self":[{"href":"https:\/\/arturf.com\/de\/wp-json\/wp\/v2\/pages\/12123","targetHints":{"allow":["GET"]}}],"collection":[{"href":"https:\/\/arturf.com\/de\/wp-json\/wp\/v2\/pages"}],"about":[{"href":"https:\/\/arturf.com\/de\/wp-json\/wp\/v2\/types\/page"}],"author":[{"embeddable":true,"href":"https:\/\/arturf.com\/de\/wp-json\/wp\/v2\/users\/3"}],"replies":[{"embeddable":true,"href":"https:\/\/arturf.com\/de\/wp-json\/wp\/v2\/comments?post=12123"}],"version-history":[{"count":0,"href":"https:\/\/arturf.com\/de\/wp-json\/wp\/v2\/pages\/12123\/revisions"}],"wp:attachment":[{"href":"https:\/\/arturf.com\/de\/wp-json\/wp\/v2\/media?parent=12123"}],"curies":[{"name":"wp","href":"https:\/\/api.w.org\/{rel}","templated":true}]}}