{"id":1331,"date":"2011-04-12T03:06:46","date_gmt":"2011-04-11T19:06:46","guid":{"rendered":"https:\/\/arturf.com\/"},"modified":"2023-09-03T22:22:44","modified_gmt":"2023-09-03T14:22:44","slug":"support","status":"publish","type":"page","link":"https:\/\/arturf.com\/de\/support\/","title":{"rendered":"Unterst\u00fctzung"},"content":{"rendered":"<div class=\"banner has-hover\" id=\"banner-567977048\">\n          <div class=\"banner-inner fill\">\n        <div class=\"banner-bg fill\" >\n            <img loading=\"lazy\" decoding=\"async\" width=\"1020\" height=\"237\" src=\"https:\/\/arturf.com\/wp-content\/uploads\/2018\/04\/Artificial-Grass-Installation_supportsubheader-1024x238.jpg\" class=\"bg attachment-large size-large\" alt=\"Kauf, Installation, Wartung\" \/>                        <div class=\"overlay\"><\/div>            \n                    <\/div>\n\t\t\n        <div class=\"banner-layers container\">\n            <div class=\"fill banner-link\"><\/div>            \n\n   <div id=\"text-box-1601203502\" class=\"text-box banner-layer x50 md-x50 lg-x50 y50 md-y50 lg-y50 res-text\">\n                                <div class=\"text-box-content text dark\">\n              \n              <div class=\"text-inner text-center\">\n                  \n\n<h1>Unterst\u00fctzung<\/h1>\n<p>Erhalten Sie umfassenden Support f\u00fcr Kunstrasen, einschlie\u00dflich eines Kaufratgebers, Installationstipps, Wartungsanleitungen und einer Wissensdatenbank f\u00fcr alle Ihre Anfragen.<\/p>\n\n              <\/div>\n           <\/div>\n                            \n<style>\n#text-box-1601203502 {\n  width: 60%;\n}\n#text-box-1601203502 .text-box-content {\n  font-size: 100%;\n}\n<\/style>\n    <\/div>\n \n\n        <\/div>\n      <\/div>\n\n            \n<style>\n#banner-567977048 {\n  padding-top: 400px;\n}\n#banner-567977048 .overlay {\n  background-color: rgba(0,0,0,.5);\n}\n<\/style>\n  <\/div>\n\n\n\n\t<section class=\"section\" id=\"section_900989130\">\n\t\t<div class=\"section-bg fill\" >\n\t\t\t\t\t\t\t\t\t\n\t\t\t\n\n\t\t<\/div>\n\n\t\t\n\n\t\t<div class=\"section-content relative\">\n\t\t\t\n\n\t<div id=\"gap-1555908635\" class=\"gap-element clearfix\" style=\"display:block; height:auto;\">\n\t\t\n<style>\n#gap-1555908635 {\n  padding-top: 50px;\n}\n<\/style>\n\t<\/div>\n\t\n\n<div class=\"row\"  id=\"row-374402032\">\n\n\n\t<div id=\"col-605554386\" class=\"col medium-4 small-12 large-4\"  >\n\t\t\t\t<div class=\"col-inner\"  >\n\t\t\t\n\t\t\t\n\n<h2><a href=\"https:\/\/arturf.com\/de\/category\/buyers-guide\/\"><span style=\"font-size: 130%;\">Einkaufsf\u00fchrer<\/span><\/a><\/h2>\n<p>Ihr unverzichtbarer Leitfaden zur Auswahl des perfekten Kunstrasens, der K\u00e4ufern die M\u00f6glichkeit gibt, fundierte Entscheidungen f\u00fcr ihre spezifischen Bed\u00fcrfnisse zu treffen.<\/p>\n\n\t\t<\/div>\n\t\t\t\t\n<style>\n#col-605554386 > .col-inner {\n  padding: 0px 40px 0px 0px;\n}\n<\/style>\n\t<\/div>\n\n\t\n\n\t<div id=\"col-1523256054\" class=\"col medium-8 small-12 large-8\"  >\n\t\t\t\t<div class=\"col-inner\"  >\n\t\t\t\n\t\t\t\n\n<p>&nbsp;Ihr kompetenter Partner f\u00fcr den Kauf von hochwertigem Kunstrasen. Erfahren Sie, wie Sie hochwertigen Kunstrasen mit Zuversicht ausw\u00e4hlen und kaufen. Wichtige Tipps und Erkenntnisse f\u00fcr K\u00e4ufer, die hochwertige Kunstrasenl\u00f6sungen suchen.<\/p>\n<ul class=\"lcp_catlist\" id=\"lcp_instance_0\"><li><a href=\"https:\/\/arturf.com\/de\/buyers-guide\/artificial-grass-cost\/\">Die Kosten f\u00fcr den Import von Kunstrasen aus China<\/a><\/li><li><a href=\"https:\/\/arturf.com\/de\/buyers-guide\/infill-or-non-infill-artificial-grass\/\">Kunstrasen mit oder ohne F\u00fcllung: Treffen Sie die richtige Wahl<\/a><\/li><li><a href=\"https:\/\/arturf.com\/de\/knowledge-hub\/artificial-grass-specifications\/\">Spezifikationen f\u00fcr Kunstrasen: Verstehen, was sie bedeuten<\/a><\/li><li><a href=\"https:\/\/arturf.com\/de\/buyers-guide\/minimum-order-quantity\/\">Mindestbestellmenge (MOQ) f\u00fcr Kunstrasen: Erkl\u00e4rt<\/a><\/li><li><a href=\"https:\/\/arturf.com\/de\/tennis-court\/things-to-consider-when-constructing-a-tennis-court\/\">Grundlegende \u00dcberlegungen zum Bau von Wohn-Tennispl\u00e4tzen<\/a><\/li><li><a href=\"https:\/\/arturf.com\/de\/knowledge-hub\/why-choose-polyurethane-backed-artificial-grass\/\">Kunstrasen mit Polyurethanr\u00fccken: Vorteile und Vorteile<\/a><\/li><li><a href=\"https:\/\/arturf.com\/de\/buyers-guide\/customized-artificial-grass-products\/\">Ma\u00dfgeschneiderter Kunstrasen: Der Schl\u00fcssel zum Markterfolg<\/a><\/li><li><a href=\"https:\/\/arturf.com\/de\/blog\/different-colors-packing-artificial-grass-rolls\/\">Unterschiedliche Verpackungsfarben f\u00fcr Kunstrasenrollen: Steigerung der Effizienz<\/a><\/li><li><a href=\"https:\/\/arturf.com\/de\/buyers-guide\/considerations-for-choosing-and-ordering-synthetic-grass\/\">Neun \u00dcberlegungen zur Auswahl und Bestellung von Kunstrasen<\/a><\/li><li><a href=\"https:\/\/arturf.com\/de\/buyers-guide\/cheap-artificial-grass\/\">Kann ich Kunstrasen g\u00fcnstig kaufen? Ihr Leitfaden f\u00fcr kosteng\u00fcnstige L\u00f6sungen<\/a><\/li><li><a href=\"https:\/\/arturf.com\/de\/buyers-guide\/choose-artificial-grass\/\">So finden Sie einen zuverl\u00e4ssigen Lieferanten f\u00fcr Kunstrasen<\/a><\/li><\/ul>\n\n\t\t<\/div>\n\t\t\t\t\t<\/div>\n\n\t\n\n<\/div>\n<div class=\"text-center\"><div class=\"is-divider divider clearfix\" ><\/div><\/div>\n\n\t<div id=\"gap-1860410899\" class=\"gap-element clearfix\" style=\"display:block; height:auto;\">\n\t\t\n<style>\n#gap-1860410899 {\n  padding-top: 30px;\n}\n<\/style>\n\t<\/div>\n\t\n\n<div class=\"row\"  id=\"row-1112336160\">\n\n\n\t<div id=\"col-240615087\" class=\"col medium-4 small-12 large-4\"  >\n\t\t\t\t<div class=\"col-inner\"  >\n\t\t\t\n\t\t\t\n\n<h2><a href=\"https:\/\/arturf.com\/de\/category\/installation\/\"><span style=\"font-size: 130%;\">Installation<\/span><\/a><\/h2>\n<p>Erfahren Sie, wie Sie Kunstrasen sowohl f\u00fcr Sport- als auch f\u00fcr Landschaftsbereiche installieren.&nbsp;<\/p>\n\n\t\t<\/div>\n\t\t\t\t\n<style>\n#col-240615087 > .col-inner {\n  padding: 0px 40px 0px 0px;\n}\n<\/style>\n\t<\/div>\n\n\t\n\n\t<div id=\"col-1415881510\" class=\"col medium-8 small-12 large-8\"  >\n\t\t\t\t<div class=\"col-inner\"  >\n\t\t\t\n\t\t\t\n\n<p>Die ordnungsgem\u00e4\u00dfe Installation ist entscheidend f\u00fcr die optimale Leistung und Langlebigkeit Ihrer Kunstrasenoberfl\u00e4che, um deren Haltbarkeit zu gew\u00e4hrleisten und ihre Lebensdauer zu verl\u00e4ngern.<\/p>\n<ul class=\"lcp_catlist\" id=\"lcp_instance_0\"><li><a href=\"https:\/\/arturf.com\/de\/landscape-grass\/how-to-install-landscape-artificial-grass\/\">So installieren Sie Landschafts-Kunstrasen<\/a><\/li><li><a href=\"https:\/\/arturf.com\/de\/football-grass\/how-to-install-football-artificial-grass\/\">So installieren Sie Fu\u00dfball Kunstrasen<\/a><\/li><li><a href=\"https:\/\/arturf.com\/de\/football-grass\/base-preparation-for-football-grass\/\">Bodenvorbereitung f\u00fcr Fu\u00dfballrasen: Grundlegende Prinzipien und verschiedene Arten<\/a><\/li><li><a href=\"https:\/\/arturf.com\/de\/landscape-grass\/base-preparation-for-landscape-grass\/\">Grundlegende Schritte zur Vorbereitung der Basis f\u00fcr die Installation von Landschaftsgras<\/a><\/li><li><a href=\"https:\/\/arturf.com\/de\/installation\/how-much-infill-do-you-need-for-artificial-grass\/\">Wie viel F\u00fcllung ben\u00f6tigen Sie f\u00fcr Kunstrasen?<\/a><\/li><li><a href=\"https:\/\/arturf.com\/de\/installation\/artificial-turf-rubber-granule-infill\/\">Warum Gummigranulatf\u00fcllung f\u00fcr Kunstrasen verwenden?<\/a><\/li><li><a href=\"https:\/\/arturf.com\/de\/installation\/how-to-avoid-the-common-mistakes-when-installing-artificial-grass\/\">H\u00e4ufige Fehler, die Sie bei der Installation von Kunstrasen vermeiden sollten<\/a><\/li><li><a href=\"https:\/\/arturf.com\/de\/installation\/cut-artificial-grass-to-match-a-special-shaped-area\/\">So schneiden Sie Kunstrasen so zu, dass er in jeden geformten Bereich passt<\/a><\/li><li><a href=\"https:\/\/arturf.com\/de\/installation\/artificial-grass-line-marking\/\">Linienmarkierung auf Kunstrasen-Sportpl\u00e4tzen<\/a><\/li><li><a href=\"https:\/\/arturf.com\/de\/installation\/artificial-grass-melting\/\">Sonnenlichtreflexion f\u00fchrt zum Schmelzen von Kunstrasen und wie man es vermeidet<\/a><\/li><li><a href=\"https:\/\/arturf.com\/de\/golf-grass\/how-to-install-synthetic-putting-green-grass\/\">So installieren Sie synthetisches Putting Green Grass<\/a><\/li><li><a href=\"https:\/\/arturf.com\/de\/installation\/artificial-grass-infills\/\">Kunstrasenf\u00fcllungen: Verbesserung von Aussehen und Leistung<\/a><\/li><li><a href=\"https:\/\/arturf.com\/de\/installation\/artificial-turf-wrinkles\/\">Faltenbildung im Kunstrasen: Ursachen, Behebungsm\u00f6glichkeiten und Vorbeugungstipps (Vollst\u00e4ndiger Leitfaden)<\/a><\/li><li><a href=\"https:\/\/arturf.com\/de\/installation\/artificial-grass-installation-mistakes\/\">H\u00e4ufige Fehler bei der Verlegung von Kunstrasen (und wie man sie vermeidet)<\/a><\/li><\/ul>\n\n\t\t<\/div>\n\t\t\t\t\t<\/div>\n\n\t\n\n<\/div>\n<div class=\"text-center\"><div class=\"is-divider divider clearfix\" ><\/div><\/div>\n\n\t<div id=\"gap-750868150\" class=\"gap-element clearfix\" style=\"display:block; height:auto;\">\n\t\t\n<style>\n#gap-750868150 {\n  padding-top: 30px;\n}\n<\/style>\n\t<\/div>\n\t\n\n<div class=\"row\"  id=\"row-384382366\">\n\n\n\t<div id=\"col-733335296\" class=\"col medium-4 small-12 large-4\"  >\n\t\t\t\t<div class=\"col-inner\"  >\n\t\t\t\n\t\t\t\n\n<h2><a href=\"https:\/\/arturf.com\/de\/category\/maintenance\/\"><span style=\"font-size: 130%;\">Pflege und Wartung<\/span><\/a><\/h2>\n<p>Halten Sie Ihren Kunstrasen sauber und stehend.<\/p>\n\n\t\t<\/div>\n\t\t\t\t\n<style>\n#col-733335296 > .col-inner {\n  padding: 0px 40px 0px 0px;\n}\n<\/style>\n\t<\/div>\n\n\t\n\n\t<div id=\"col-1764316468\" class=\"col medium-8 small-12 large-8\"  >\n\t\t\t\t<div class=\"col-inner\"  >\n\t\t\t\n\t\t\t\n\n<p>Entdecken Sie wichtige Pflege- und Wartungstipps f\u00fcr Ihren Kunstrasen, um dessen makellosen Zustand und Langlebigkeit zu gew\u00e4hrleisten. Erfahren Sie mit unserer fachkundigen Anleitung, wie Sie daf\u00fcr sorgen, dass Ihr Kunstrasen immer optimal aussieht.<\/p>\n<ul class=\"lcp_catlist\" id=\"lcp_instance_0\"><li><a href=\"https:\/\/arturf.com\/de\/landscape-grass\/landscape-artificial-lawn-mainteiance\/\">Pflege von Kunstrasen im Garten: Ein umfassender Leitfaden f\u00fcr einen \u00fcppigen und problemlosen Au\u00dfenbereich<\/a><\/li><li><a href=\"https:\/\/arturf.com\/de\/maintenance\/sports-artificial-grass-maintenance\/\">Pflege von Sport-Kunstrasen: Tipps f\u00fcr optimale Leistung<\/a><\/li><li><a href=\"https:\/\/arturf.com\/de\/maintenance\/how-to-clean-residential-artificial-grass\/\">Wie reinige ich Kunstrasen in Wohngebieten?<\/a><\/li><li><a href=\"https:\/\/arturf.com\/de\/maintenance\/repair-artificial-turf\/\">Eine Schritt-f\u00fcr-Schritt-Anleitung zur Reparatur von Kunstrasen: Risse, Verbrennungen und lose N\u00e4hte reparieren<\/a><\/li><li><a href=\"https:\/\/arturf.com\/de\/installation\/artificial-grass-melting\/\">Sonnenlichtreflexion f\u00fchrt zum Schmelzen von Kunstrasen und wie man es vermeidet<\/a><\/li><li><a href=\"https:\/\/arturf.com\/de\/maintenance\/pet-urine-on-artificial-grass-and-how-to-remove-the-smell\/\">Haustierurin auf Kunstrasen und wie man den Geruch entfernt<\/a><\/li><li><a href=\"https:\/\/arturf.com\/de\/maintenance\/comprehensive-maintenance-guide-for-your-padel-court\/\">Umfassender Wartungsleitfaden f\u00fcr Ihren Padel-Platz<\/a><\/li><li><a href=\"https:\/\/arturf.com\/de\/maintenance\/artificial-grass-maintenance-problems\/\">So pflegen Sie Kunstrasen und beugen h\u00e4ufigen Problemen vor (Vollst\u00e4ndiger Leitfaden f\u00fcr Hausbesitzer)<\/a><\/li><\/ul>\n\n\t\t<\/div>\n\t\t\t\t\t<\/div>\n\n\t\n\n<\/div>\n<div class=\"row\"  id=\"row-842278829\">\n\n\n\t<div id=\"col-374390806\" class=\"col medium-4 small-12 large-4\"  >\n\t\t\t\t<div class=\"col-inner\"  >\n\t\t\t\n\t\t\t\n\n<h2><a href=\"https:\/\/arturf.com\/de\/category\/knowledge-hub\/\"><span style=\"font-size: 130%;\">Wissenszentrum<\/span><\/a><\/h2>\n<p>Erschlie\u00dfen Sie sich in unserem Hub eine F\u00fclle von Kunstrasen-Wissen und stellen Sie Experteneinblicke und Ressourcen f\u00fcr alle Ihre Anfragen bereit.<\/p>\n\n\t\t<\/div>\n\t\t\t\t\n<style>\n#col-374390806 > .col-inner {\n  padding: 0px 40px 0px 0px;\n}\n<\/style>\n\t<\/div>\n\n\t\n\n\t<div id=\"col-202662793\" class=\"col medium-8 small-12 large-8\"  >\n\t\t\t\t<div class=\"col-inner\"  >\n\t\t\t\n\t\t\t\n\n<p>Entdecken Sie unseren umfassenden Knowledge Hub, Ihre Anlaufstelle f\u00fcr alles rund um Kunstrasen. Erweitern Sie Ihr Verst\u00e4ndnis und bleiben Sie mit wertvollen Einblicken und Informationen zum Thema Kunstrasen auf dem Laufenden.<\/p>\n<ul class=\"lcp_catlist\" id=\"lcp_instance_0\"><li><a href=\"https:\/\/arturf.com\/de\/blog\/the-history-of-artificial-grass\/\">Enth\u00fcllung der Entwicklung von Kunstrasen: Eine Reise durch die Geschichte<\/a><\/li><li><a href=\"https:\/\/arturf.com\/de\/blog\/history-of-artificial-grass-in-china\/\">Entlarven Sie h\u00e4ufige Missverst\u00e4ndnisse \u00fcber Kunstrasen<\/a><\/li><li><a href=\"https:\/\/arturf.com\/de\/knowledge-hub\/artificial-grass-faq\/\">Kunstrasen FAQ<\/a><\/li><li><a href=\"https:\/\/arturf.com\/de\/knowledge-hub\/applications-of-artificial-grass\/\">Vielseitige Einsatzm\u00f6glichkeiten von Kunstrasen<\/a><\/li><li><a href=\"https:\/\/arturf.com\/de\/knowledge-hub\/artificial-grass-specifications\/\">Spezifikationen f\u00fcr Kunstrasen: Verstehen, was sie bedeuten<\/a><\/li><li><a href=\"https:\/\/arturf.com\/de\/knowledge-hub\/w-stitch-tufted-artificial-grass\/\">W- oder Z-Naht in Kunstrasen: Verbesserung der Haltbarkeit und \u00c4sthetik<\/a><\/li><li><a href=\"https:\/\/arturf.com\/de\/knowledge-hub\/why-choose-polyurethane-backed-artificial-grass\/\">Kunstrasen mit Polyurethanr\u00fccken: Vorteile und Vorteile<\/a><\/li><li><a href=\"https:\/\/arturf.com\/de\/knowledge-hub\/artificial-grass-glossary\/\">Das ultimative Kunstrasen-Glossar: Ein umfassendes Nachschlagewerk<\/a><\/li><li><a href=\"https:\/\/arturf.com\/de\/knowledge-hub\/artificial-grass-heat\/\">W\u00e4rmemanagement in Kunstrasen: Tipps und \u00dcberlegungen<\/a><\/li><li><a href=\"https:\/\/arturf.com\/de\/knowledge-hub\/raw-material-affecting-the-quality-and-price-of-artificial-grass\/\">Rohstoffe: Auswirkungen auf die Qualit\u00e4t und den Preis von Kunstrasen<\/a><\/li><li><a href=\"https:\/\/arturf.com\/de\/blog\/different-colors-packing-artificial-grass-rolls\/\">Unterschiedliche Verpackungsfarben f\u00fcr Kunstrasenrollen: Steigerung der Effizienz<\/a><\/li><li><a href=\"https:\/\/arturf.com\/de\/knowledge-hub\/colored-artificial-grass\/\">Farbiger Kunstrasen: Kreative Gestaltungsm\u00f6glichkeiten freisetzen<\/a><\/li><li><a href=\"https:\/\/arturf.com\/de\/knowledge-hub\/artificial-grass-face-weight\/\">Fl\u00e4chengewicht von Kunstrasen: Seine Bedeutung verstehen und die richtige Wahl treffen<\/a><\/li><li><a href=\"https:\/\/arturf.com\/de\/knowledge-hub\/artificial-grass-backing\/\">Die Fakten der Kunstrasenunterlage<\/a><\/li><li><a href=\"https:\/\/arturf.com\/de\/knowledge-hub\/artificial-grass-yarn\/\">Kunstrasengarn<\/a><\/li><li><a href=\"https:\/\/arturf.com\/de\/knowledge-hub\/the-artificial-turf-system\/\">Schl\u00fcsselkomponenten eines Kunstrasensystems<\/a><\/li><li><a href=\"https:\/\/arturf.com\/de\/tennis-court\/things-to-consider-when-constructing-a-tennis-court\/\">Grundlegende \u00dcberlegungen zum Bau von Wohn-Tennispl\u00e4tzen<\/a><\/li><li><a href=\"https:\/\/arturf.com\/de\/knowledge-hub\/silica-sand-for-artificial-grass-infill\/\">Quarzsand f\u00fcr Kunstrasenf\u00fcllung: Verbesserung von Leistung und Nachhaltigkeit<\/a><\/li><li><a href=\"https:\/\/arturf.com\/de\/knowledge-hub\/artificial-grass-logo\/\">Kunstrasen-Logo: St\u00e4rken Sie Ihre Markenidentit\u00e4t<\/a><\/li><li><a href=\"https:\/\/arturf.com\/de\/knowledge-hub\/how-to-remove-static-electricity-from-artificial-grass\/\">So entfernen Sie statische Elektrizit\u00e4t von Kunstrasen: Tipps und L\u00f6sungen<\/a><\/li><li><a href=\"https:\/\/arturf.com\/de\/knowledge-hub\/exploring-artificial-turf-yarn-shapes\/\">Kunstrasengarnformen: Verbesserung der Festigkeit, Widerstandsf\u00e4higkeit und des nat\u00fcrlichen Aussehens<\/a><\/li><li><a href=\"https:\/\/arturf.com\/de\/knowledge-hub\/how-to-select-appropriate-lighting-for-your-sports-fields\/\">Der vollst\u00e4ndige Leitfaden zur Auswahl der Sportplatzbeleuchtung<\/a><\/li><li><a href=\"https:\/\/arturf.com\/de\/knowledge-hub\/what-is-pickleball-a-complete-guide-to-the-fastest-growing-sport\/\">Was ist Pickleball? Ein vollst\u00e4ndiger Leitfaden zum am schnellsten wachsenden Sport<\/a><\/li><li><a href=\"https:\/\/arturf.com\/de\/installation\/artificial-turf-wrinkles\/\">Faltenbildung im Kunstrasen: Ursachen, Behebungsm\u00f6glichkeiten und Vorbeugungstipps (Vollst\u00e4ndiger Leitfaden)<\/a><\/li><\/ul>\n\n\t\t<\/div>\n\t\t\t\t\t<\/div>\n\n\t\n\n<\/div>\n\n\t\t<\/div>\n\n\t\t\n<style>\n#section_900989130 {\n  padding-top: 20px;\n  padding-bottom: 20px;\n}\n<\/style>\n\t<\/section>\n\t\n<div class=\"row align-center\"  id=\"row-1029133087\">\n\n\n\t<div id=\"col-98406706\" class=\"col medium-9 small-12 large-9\"  >\n\t\t\t\t<div class=\"col-inner\"  >\n\t\t\t\n\t\t\t\n\n<hr>\n<p>Wenn Sie die ben\u00f6tigten Informationen nicht finden oder Fragen zum Inhalt haben, k\u00f6nnen Sie sich gerne melden <a href=\"https:\/\/arturf.com\/de\/contact\/\">kontaktiere uns<\/a>. Einer unserer Kunstrasenspezialisten wird sich in K\u00fcrze bei Ihnen melden.<\/p>\n\n\t\t<\/div>\n\t\t\t\t\t<\/div>\n\n\t\n\n<\/div>","protected":false},"excerpt":{"rendered":"","protected":false},"author":3,"featured_media":0,"parent":0,"menu_order":21,"comment_status":"closed","ping_status":"closed","template":"page-blank.php","meta":{"_seopress_robots_primary_cat":"","_seopress_titles_title":"Support Hub: Artificial Turf Resources for Buying, Installing, Maintaining","_seopress_titles_desc":"Discover a wealth of resources in our artificial turf support hub. From buyer&#039;s guides to installation and maintenance tips, we&#039;ve got you covered!","_seopress_robots_index":"","footnotes":""},"class_list":["post-1331","page","type-page","status-publish","hentry"],"_links":{"self":[{"href":"https:\/\/arturf.com\/de\/wp-json\/wp\/v2\/pages\/1331","targetHints":{"allow":["GET"]}}],"collection":[{"href":"https:\/\/arturf.com\/de\/wp-json\/wp\/v2\/pages"}],"about":[{"href":"https:\/\/arturf.com\/de\/wp-json\/wp\/v2\/types\/page"}],"author":[{"embeddable":true,"href":"https:\/\/arturf.com\/de\/wp-json\/wp\/v2\/users\/3"}],"replies":[{"embeddable":true,"href":"https:\/\/arturf.com\/de\/wp-json\/wp\/v2\/comments?post=1331"}],"version-history":[{"count":0,"href":"https:\/\/arturf.com\/de\/wp-json\/wp\/v2\/pages\/1331\/revisions"}],"wp:attachment":[{"href":"https:\/\/arturf.com\/de\/wp-json\/wp\/v2\/media?parent=1331"}],"curies":[{"name":"wp","href":"https:\/\/api.w.org\/{rel}","templated":true}]}}