{"id":1336,"date":"2011-04-12T03:08:19","date_gmt":"2011-04-11T19:08:19","guid":{"rendered":"https:\/\/arturf.com\/"},"modified":"2023-07-19T08:35:43","modified_gmt":"2023-07-19T00:35:43","slug":"dealer","status":"publish","type":"page","link":"https:\/\/arturf.com\/de\/contact\/dealer\/","title":{"rendered":"H\u00e4ndler Gelegenheit"},"content":{"rendered":"<div class=\"banner has-hover\" id=\"banner-1853210957\">\n          <div class=\"banner-inner fill\">\n        <div class=\"banner-bg fill\" >\n            <img loading=\"lazy\" decoding=\"async\" width=\"1020\" height=\"325\" src=\"https:\/\/arturf.com\/wp-content\/uploads\/2020\/08\/Arturf-Artificial-Grass-Dealer-1024x326.jpg\" class=\"bg attachment-large size-large\" alt=\"\" \/>                        <div class=\"overlay\"><\/div>            \n                    <\/div>\n\t\t\n        <div class=\"banner-layers container\">\n            <div class=\"fill banner-link\"><\/div>            \n\n   <div id=\"text-box-1754016089\" class=\"text-box banner-layer x50 md-x50 lg-x50 y50 md-y50 lg-y50 res-text\">\n                                <div class=\"text-box-content text dark\">\n              \n              <div class=\"text-inner text-center\">\n                  \n\n\t<div id=\"text-1524647164\" class=\"text\">\n\t\t\n\n<h3>Ihr zuverl\u00e4ssiger Gesch\u00e4ftspartner f\u00fcr Kunstrasen<\/h3>\n\t\t\n<style>\n#text-1524647164 {\n  font-size: 1rem;\n}\n@media (min-width:550px) {\n  #text-1524647164 {\n    font-size: 1.5rem;\n  }\n}\n<\/style>\n\t<\/div>\n\t\n\n              <\/div>\n           <\/div>\n                            \n<style>\n#text-box-1754016089 {\n  width: 60%;\n}\n#text-box-1754016089 .text-box-content {\n  font-size: 100%;\n}\n@media (min-width:550px) {\n  #text-box-1754016089 {\n    width: 40%;\n  }\n}\n<\/style>\n    <\/div>\n \n\n        <\/div>\n      <\/div>\n\n            \n<style>\n#banner-1853210957 {\n  padding-top: 400px;\n}\n#banner-1853210957 .overlay {\n  background-color: rgba(0, 0, 0, 0.35);\n}\n<\/style>\n  <\/div>\n\n\n\n\t<section class=\"section\" id=\"section_434075059\">\n\t\t<div class=\"section-bg fill\" >\n\t\t\t\t\t\t\t\t\t\n\t\t\t\n\n\t\t<\/div>\n\n\t\t\n\n\t\t<div class=\"section-content relative\">\n\t\t\t\n\n\t<div id=\"gap-1618995190\" class=\"gap-element clearfix\" style=\"display:block; height:auto;\">\n\t\t\n<style>\n#gap-1618995190 {\n  padding-top: 40px;\n}\n<\/style>\n\t<\/div>\n\t\n\n<div class=\"row align-center\"  id=\"row-1649072883\">\n\n\n\t<div id=\"col-1628465225\" class=\"col medium-4 small-12 large-4\"  >\n\t\t\t\t<div class=\"col-inner\"  >\n\t\t\t\n\t\t\t\n\n<h1 class=\"uppercase\"><span style=\"font-size: 150%;\">H\u00e4ndler werden<\/span><\/h1>\n<p>Bauen Sie Ihr Gesch\u00e4ft auf den Schultern eines f\u00fchrenden Kunstrasenherstellers auf.\u00a0<\/p>\n\n\t\t<\/div>\n\t\t\t\t\t<\/div>\n\n\t\n\n\t<div id=\"col-1793804604\" class=\"col medium-8 small-12 large-8\"  >\n\t\t\t\t<div class=\"col-inner\"  >\n\t\t\t\n\t\t\t\n\n<p style=\"text-align: left;\">M\u00f6chten Sie Kunstrasen importieren, um eine h\u00f6here Rentabilit\u00e4t zu erzielen, anstatt ihn vor Ort zu beschaffen?<br \/>Suchen Sie einen zuverl\u00e4ssigeren Lieferanten f\u00fcr Ihren Kunstrasenbedarf?<br \/>Sind Sie an einer Teilzeit- oder Vollzeit-Gesch\u00e4ftsm\u00f6glichkeit interessiert?<br \/>Denken Sie dar\u00fcber nach, Kunstrasen als lukrativen Nebenerwerb zu Ihrem bestehenden Gesch\u00e4ft hinzuzuf\u00fcgen?<\/p>\n<p style=\"text-align: left;\">Suchen Sie nicht weiter als Arturf!<\/p>\n<h3 style=\"text-align: left;\">Durch eine Partnerschaft mit uns profitieren Sie von folgenden H\u00e4ndlervorteilen:<\/h3>\n<ol>\n<li>Unersch\u00fctterliche Qualit\u00e4tssicherung: Unsere stabile und gleichbleibende Qualit\u00e4t garantiert Sicherheit.<\/li>\n<li>Wettbewerbsf\u00e4hige H\u00e4ndlerpreise: Sichern Sie sich Kunstrasen zu wettbewerbsf\u00e4higen Preisen, um Ihren Marktvorteil zu maximieren.<\/li>\n<li>Anpassungsoptionen: Genie\u00dfen Sie den Komfort unserer OEM\/ODM-Dienste. <a href=\"https:\/\/arturf.com\/de\/info\/customized-artificial-grass-products\/\">ma\u00dfgeschneiderte Kunstrasenprodukte<\/a> speziell f\u00fcr Ihr Unternehmen. Nutzen Sie unser Fachwissen, um geeignete Produkte f\u00fcr Ihren Markt zu empfehlen, oder stellen Sie uns Muster zum Replizieren zur Verf\u00fcgung (um sicherzustellen, dass keine Patentverletzung auftritt).<\/li>\n<li>Finanzielle Unterst\u00fctzung f\u00fcr VIP-H\u00e4ndler: Exklusive finanzielle Unterst\u00fctzung f\u00fcr unsere gesch\u00e4tzten Partner.<\/li>\n<li>Engagiertes professionelles Team: Erhalten Sie umfassende Unterst\u00fctzung von unserem erfahrenen Team.<\/li>\n<li>Marketingunterst\u00fctzung: Profitieren Sie von unserem Marketing-Know-how, einschlie\u00dflich ma\u00dfgeschneiderter Vorschl\u00e4ge, kostenlosem Druck von Marketingmaterialien und bei Bedarf einer kostenlosen Website und Hosting (oder IT-Support).<\/li>\n<li>Robuste Garantie: Unsere Produkte verf\u00fcgen \u00fcber eine zuverl\u00e4ssige Garantie f\u00fcr zus\u00e4tzliche Kundenzufriedenheit.<\/li>\n<li>Und vieles mehr\u2026<\/li>\n<\/ol>\n<p style=\"text-align: left;\">Wenn Sie daran interessiert sind, ein H\u00e4ndler von uns zu sein, f\u00fcllen Sie bitte das unten stehende Kontaktformular aus. Wir haben einen Vertreter, der Sie innerhalb von 48 Stunden kontaktiert.<\/p>\n<form id=\"forminator-module-15408\" class=\"forminator-custom-form forminator-custom-form-15408\" method=\"post\" data-forminator-render=\"0\" data-uid=\"69e4a958dcdb2\" action=\"\"><div role=\"alert\" aria-live=\"polite\" class=\"forminator-response-message forminator-error\" aria-hidden=\"true\"><\/div><input type=\"hidden\" name=\"trp-form-language\" value=\"de\"\/><\/form>\n\n\t\t<\/div>\n\t\t\t\t\t<\/div>\n\n\t\n\n<\/div>\n\n\t\t<\/div>\n\n\t\t\n<style>\n#section_434075059 {\n  padding-top: 30px;\n  padding-bottom: 30px;\n}\n<\/style>\n\t<\/section>","protected":false},"excerpt":{"rendered":"","protected":false},"author":3,"featured_media":0,"parent":2234,"menu_order":26,"comment_status":"closed","ping_status":"closed","template":"page-blank.php","meta":{"_seopress_robots_primary_cat":"","_seopress_titles_title":"Artificial Grass Dealer Opportunity","_seopress_titles_desc":"Our dealership package can provide complete range of artificial grass products,related materials such as infill-rubber granules,special glue for installation","_seopress_robots_index":"","footnotes":""},"class_list":["post-1336","page","type-page","status-publish","hentry"],"_links":{"self":[{"href":"https:\/\/arturf.com\/de\/wp-json\/wp\/v2\/pages\/1336","targetHints":{"allow":["GET"]}}],"collection":[{"href":"https:\/\/arturf.com\/de\/wp-json\/wp\/v2\/pages"}],"about":[{"href":"https:\/\/arturf.com\/de\/wp-json\/wp\/v2\/types\/page"}],"author":[{"embeddable":true,"href":"https:\/\/arturf.com\/de\/wp-json\/wp\/v2\/users\/3"}],"replies":[{"embeddable":true,"href":"https:\/\/arturf.com\/de\/wp-json\/wp\/v2\/comments?post=1336"}],"version-history":[{"count":0,"href":"https:\/\/arturf.com\/de\/wp-json\/wp\/v2\/pages\/1336\/revisions"}],"up":[{"embeddable":true,"href":"https:\/\/arturf.com\/de\/wp-json\/wp\/v2\/pages\/2234"}],"wp:attachment":[{"href":"https:\/\/arturf.com\/de\/wp-json\/wp\/v2\/media?parent=1336"}],"curies":[{"name":"wp","href":"https:\/\/api.w.org\/{rel}","templated":true}]}}