{"id":13630,"date":"2021-01-05T21:12:52","date_gmt":"2021-01-05T13:12:52","guid":{"rendered":"https:\/\/arturf.com\/?page_id=13630"},"modified":"2023-08-25T21:55:53","modified_gmt":"2023-08-25T13:55:53","slug":"wall-grass","status":"publish","type":"page","link":"https:\/\/arturf.com\/de\/landscape\/wall-grass\/","title":{"rendered":"Wandgras"},"content":{"rendered":"<section class=\"section dark has-scroll-for-more\" id=\"section_1007813991\">\n\t\t<div class=\"section-bg fill\" >\n\t\t\t<img loading=\"lazy\" decoding=\"async\" width=\"1500\" height=\"681\" src=\"https:\/\/arturf.com\/wp-content\/uploads\/2021\/01\/Artificial-Hedge-Wall-HX.jpg\" class=\"bg attachment- size-\" alt=\"\" \/>\t\t\t\t\t\t<div class=\"section-bg-overlay absolute fill\"><\/div><button class=\"scroll-for-more z-5 icon absolute bottom h-center\" aria-label=\"Scrollen f\u00fcr mehr\"><i class=\"icon-angle-down\" aria-hidden=\"true\" style=\"font-size:42px;\"><\/i><\/button><div class=\"effect-rain bg-effect fill no-click\"><\/div>\n\t\t\t\n\n\t\t<\/div>\n\n\t\t\n\n\t\t<div class=\"section-content relative\">\n\t\t\t\n\n<div class=\"row\"  id=\"row-1259486443\">\n\n\n\t<div id=\"col-1345918956\" class=\"col small-12 large-12\"  >\n\t\t\t\t<div class=\"col-inner\"  >\n\t\t\t\n\t\t\t\n\n<p><a href=\"https:\/\/arturf.com\/de\/\">Zuhause<\/a> \/ <a href=\"https:\/\/arturf.com\/de\/landscape\/wall-grass\/\">Mauergras \/<\/a> <a href=\"https:\/\/arturf.com\/de\/products\/artificial-hedge\/\">Produkte<\/a><\/p>\n\n\t\t<\/div>\n\t\t\t\t\t<\/div>\n\n\t\n\n<\/div>\n<div class=\"row\"  id=\"row-668561748\">\n\n\n\t<div id=\"col-267220815\" class=\"col medium-8 small-12 large-6\"  >\n\t\t\t\t<div class=\"col-inner\"  >\n\t\t\t\n\t\t\t\n\n<h1 style=\"font-size: 300%;\">Mauergras &amp; k\u00fcnstliche Hecken<\/h1>\n<p>Kunstrasen hat an Popularit\u00e4t gewonnen. K\u00fcnstliche Hecken, k\u00fcnstliche Z\u00e4une und Mauergras werden ebenfalls immer beliebter. Neben der Herstellung von Kunstrasen bieten wir k\u00fcnstliche Hecken, k\u00fcnstliche Z\u00e4une, Wandgras und Pflanzen in Handelsqualit\u00e4t an.<\/p>\n\n\t\t<\/div>\n\t\t\t\t\t<\/div>\n\n\t\n\n<\/div>\n\n\t\t<\/div>\n\n\t\t\n<style>\n#section_1007813991 {\n  padding-top: 20px;\n  padding-bottom: 20px;\n}\n#section_1007813991 .section-bg-overlay {\n  background-color: rgba(0,0,0,.5);\n}\n<\/style>\n\t<\/section>\n\t\n\n\t<section class=\"section\" id=\"section_1118666211\">\n\t\t<div class=\"section-bg fill\" >\n\t\t\t\t\t\t\t\t\t\n\t\t\t\n\n\t\t<\/div>\n\n\t\t\n\n\t\t<div class=\"section-content relative\">\n\t\t\t\n\n<div class=\"row\"  id=\"row-580131255\">\n\n\n\t<div id=\"col-2007542222\" class=\"col small-12 large-12\"  >\n\t\t\t\t<div class=\"col-inner\"  >\n\t\t\t\n\t\t\t\n\n<div class=\"row row-collapse align-middle\"  id=\"row-1644111527\">\n\n\n\t<div id=\"col-241030577\" class=\"col medium-5 small-12 large-4\"  >\n\t\t\t\t<div class=\"col-inner\"  >\n\t\t\t\n\t\t\t\n\n\n  <div class=\"banner has-hover\" id=\"banner-699078663\">\n          <div class=\"banner-inner fill\">\n        <div class=\"banner-bg fill\" >\n            <img loading=\"lazy\" decoding=\"async\" width=\"700\" height=\"700\" src=\"https:\/\/arturf.com\/wp-content\/uploads\/2021\/01\/Artificial-Boxwood-Hedges.jpg\" class=\"bg attachment-original size-original\" alt=\"\" \/>                                    \n                    <\/div>\n\t\t\n        <div class=\"banner-layers container\">\n            <div class=\"fill banner-link\"><\/div>            \n\n\n        <\/div>\n      <\/div>\n\n            \n<style>\n#banner-699078663 {\n  padding-top: 400px;\n  background-color: rgb(244, 244, 244);\n}\n@media (min-width:550px) {\n  #banner-699078663 {\n    padding-top: 500px;\n  }\n}\n<\/style>\n  <\/div>\n\n\n\n\t\t<\/div>\n\t\t\t\t\t<\/div>\n\n\t\n\n\t<div id=\"col-2107264615\" class=\"col team-sorted-info medium-7 small-12 large-8\"  >\n\t\t\t\t<div class=\"col-inner\"  >\n\t\t\t\n\t\t\t\n\n<h2>K\u00fcnstliche Heckenmatten<\/h2>\n\t<div id=\"gap-68500589\" class=\"gap-element clearfix\" style=\"display:block; height:auto;\">\n\t\t\n<style>\n#gap-68500589 {\n  padding-top: 5px;\n}\n<\/style>\n\t<\/div>\n\t\n\n<p>Unsere k\u00fcnstlichen Hecken- und Zaunmatten bestehen aus einfachen, aber naturgetreuen Bl\u00e4ttern, die nie aus der Mode kommen. Sie k\u00f6nnen auf unregelm\u00e4\u00dfige Bereiche zugeschnitten und problemlos \u00fcber gekr\u00fcmmten oder welligen Oberfl\u00e4chen installiert werden. Unabh\u00e4ngig von Gr\u00f6\u00dfe, Form oder Umfang Ihres Projekts sind unsere k\u00fcnstlichen Heckenmatten der perfekte Weg, um das \u00fcppige Gr\u00fcn einer luxuri\u00f6sen Hecke in jeden Raum zu bringen.<\/p>\n<div class=\"is-divider divider clearfix\" style=\"margin-top:1.2em;margin-bottom:1.2em;max-width:100%;height:2px;background-color:rgba(0, 0, 0, 0.09);\"><\/div>\n\n<div class=\"row row-small\"  id=\"row-453772170\">\n\n\n\t<div id=\"col-458078507\" class=\"col medium-12 small-12 large-7\"  >\n\t\t\t\t<div class=\"col-inner\"  >\n\t\t\t\n\t\t\t\n\n\n\t\t<\/div>\n\t\t\t\t\t<\/div>\n\n\t\n\n\t<div id=\"col-44360658\" class=\"col medium-12 small-12 large-5\"  >\n\t\t\t\t<div class=\"col-inner\"  >\n\t\t\t\n\t\t\t\n\n<a href=\"https:\/\/arturf.com\/de\/product\/artificial-hedge-mats\/\" class=\"button secondary lowercase expand\" >\n\t\t<span>Produktdetails<\/span>\n\t<i class=\"icon-angle-right\" aria-hidden=\"true\"><\/i><\/a>\n\n\n\n\t\t<\/div>\n\t\t\t\t\t<\/div>\n\n\t\n\n<\/div>\n\n\t\t<\/div>\n\t\t\t\t\n<style>\n#col-2107264615 > .col-inner {\n  padding: 40px 40px 40px 40px;\n}\n<\/style>\n\t<\/div>\n\n\t\n\n<\/div>\n\n\t\t<\/div>\n\t\t\t\t\n<style>\n#col-2007542222 > .col-inner {\n  margin: 10px 0px 10px 0px;\n}\n<\/style>\n\t<\/div>\n\n\t\n\n\n<style>\n#row-580131255 > .col > .col-inner {\n  background-color: rgb(255,255,255);\n}\n<\/style>\n<\/div>\n<div class=\"row\"  id=\"row-1281219825\">\n\n\n\t<div id=\"col-2009486119\" class=\"col small-12 large-12\"  >\n\t\t\t\t<div class=\"col-inner\"  >\n\t\t\t\n\t\t\t\n\n<div class=\"row row-collapse align-middle\"  id=\"row-1768033290\">\n\n\n\t<div id=\"col-823185569\" class=\"col team-sorted-info medium-7 small-12 large-8\"  >\n\t\t\t\t<div class=\"col-inner\"  >\n\t\t\t\n\t\t\t\n\n<h2>Vertikale Gartenpaneele<\/h2>\n\t<div id=\"gap-404246357\" class=\"gap-element clearfix\" style=\"display:block; height:auto;\">\n\t\t\n<style>\n#gap-404246357 {\n  padding-top: 5px;\n}\n<\/style>\n\t<\/div>\n\t\n\n<p>Der erstaunliche 3D-Effekt dieser tropischen k\u00fcnstlichen Heckenplatten wird durch die verschiedenen Gr\u00f6\u00dfen, Tiefen und Stile der im Design enthaltenen Pflanzen erzeugt. Die Pflanzen heben sich von der Platte ab und verleihen der gr\u00fcnen Wand zus\u00e4tzliche Tiefe und Realismus.<\/p>\n<p>Ideal f\u00fcr k\u00fcnstliche gr\u00fcne W\u00e4nde in B\u00fcros, Wohnungen, Gesch\u00e4ften, Hotels, Bars, Caf\u00e9s und Restaurants. Ideal f\u00fcr Messest\u00e4nde, Firmenveranstaltungen, Hochzeiten und andere private Veranstaltungen sowie atemberaubende Kulissen f\u00fcr Logos, Leuchtreklamen und Schriftz\u00fcge.<\/p>\n<div class=\"is-divider divider clearfix\" style=\"margin-top:1.2em;margin-bottom:1.2em;max-width:100%;height:2px;background-color:rgba(0, 0, 0, 0.09);\"><\/div>\n\n<div class=\"row row-small\"  id=\"row-534242910\">\n\n\n\t<div id=\"col-2041436683\" class=\"col medium-12 small-12 large-5\"  >\n\t\t\t\t<div class=\"col-inner\"  >\n\t\t\t\n\t\t\t\n\n<a href=\"https:\/\/arturf.com\/de\/product\/vertical-garden-panels\/\" class=\"button secondary lowercase expand\" >\n\t\t<span>Produktdetails<\/span>\n\t<i class=\"icon-angle-right\" aria-hidden=\"true\"><\/i><\/a>\n\n\n\n\t\t<\/div>\n\t\t\t\t\t<\/div>\n\n\t\n\n\t<div id=\"col-1088582580\" class=\"col medium-12 small-12 large-7\"  >\n\t\t\t\t<div class=\"col-inner\"  >\n\t\t\t\n\t\t\t\n\n\n\t\t<\/div>\n\t\t\t\t\t<\/div>\n\n\t\n\n<\/div>\n\n\t\t<\/div>\n\t\t\t\t\n<style>\n#col-823185569 > .col-inner {\n  padding: 40px 40px 40px 40px;\n}\n<\/style>\n\t<\/div>\n\n\t\n\n\t<div id=\"col-1993872556\" class=\"col medium-5 small-12 large-4 small-col-first\"  >\n\t\t\t\t<div class=\"col-inner\"  >\n\t\t\t\n\t\t\t\n\n\n  <div class=\"banner has-hover\" id=\"banner-578442359\">\n          <div class=\"banner-inner fill\">\n        <div class=\"banner-bg fill\" >\n            <img loading=\"lazy\" decoding=\"async\" width=\"600\" height=\"838\" src=\"https:\/\/arturf.com\/wp-content\/uploads\/2021\/01\/3D-Vertical-Garden-Panel.jpg\" class=\"bg attachment-original size-original\" alt=\"\" \/>                                    \n                    <\/div>\n\t\t\n        <div class=\"banner-layers container\">\n            <div class=\"fill banner-link\"><\/div>            \n\n\n        <\/div>\n      <\/div>\n\n            \n<style>\n#banner-578442359 {\n  padding-top: 400px;\n  background-color: rgb(244, 244, 244);\n}\n@media (min-width:550px) {\n  #banner-578442359 {\n    padding-top: 500px;\n  }\n}\n<\/style>\n  <\/div>\n\n\n\n\t\t<\/div>\n\t\t\t\t\t<\/div>\n\n\t\n\n<\/div>\n\n\t\t<\/div>\n\t\t\t\t\n<style>\n#col-2009486119 > .col-inner {\n  margin: 10px 0px 10px 0px;\n}\n<\/style>\n\t<\/div>\n\n\t\n\n\n<style>\n#row-1281219825 > .col > .col-inner {\n  background-color: rgb(255,255,255);\n}\n<\/style>\n<\/div>\n\n\t\t<\/div>\n\n\t\t\n<style>\n#section_1118666211 {\n  padding-top: 60px;\n  padding-bottom: 60px;\n  background-color: rgb(228, 228, 228);\n}\n<\/style>\n\t<\/section>\n\t\n<div class=\"row\"  id=\"row-1020493224\">\n\n\n\t<div id=\"col-984162451\" class=\"col medium-4 small-12 large-4\"  >\n\t\t\t\t<div class=\"col-inner\"  >\n\t\t\t\n\t\t\t\n\n<h3 style=\"text-align: center;\">100% Frisches PE<\/h3>\n<p style=\"text-align: center;\">Hergestellt aus hochwertigem Polyethylen. Die frischen Materialien 100% garantieren unseren k\u00fcnstlichen Hecken eine lange Lebensdauer.<\/p>\n\n\t\t<\/div>\n\t\t\t\t\t<\/div>\n\n\t\n\n\t<div id=\"col-715785661\" class=\"col medium-4 small-12 large-4\"  >\n\t\t\t\t<div class=\"col-inner\"  >\n\t\t\t\n\t\t\t\n\n<h3 style=\"text-align: center;\">UV-stabilisiert<\/h3>\n<p style=\"text-align: center;\">UV-best\u00e4ndige (Ja oder optional) k\u00fcnstliche Hecken, die Ihre Pflanze l\u00e4nger und voller Farbe halten.<\/p>\n\n\t\t<\/div>\n\t\t\t\t\t<\/div>\n\n\t\n\n\t<div id=\"col-1724192500\" class=\"col medium-4 small-12 large-4\"  >\n\t\t\t\t<div class=\"col-inner\"  >\n\t\t\t\n\t\t\t\n\n<h3 style=\"text-align: center;\">Lebensecht<\/h3>\n<p style=\"text-align: center;\">Jedes Blatt wird einzeln geformt, so dass das Endprodukt kaum von einer tats\u00e4chlichen Hecke zu unterscheiden ist.<\/p>\n\n\t\t<\/div>\n\t\t\t\t\t<\/div>\n\n\t\n\n<\/div>\n\n\t<section class=\"section dark\" id=\"section_647253840\">\n\t\t<div class=\"section-bg fill\" >\n\t\t\t\t\t\t\t\t\t\n\t\t\t\n\n\t\t<\/div>\n\n\t\t\n\n\t\t<div class=\"section-content relative\">\n\t\t\t\n\n<div class=\"row\"  id=\"row-1061171470\">\n\n\n\t<div id=\"col-129775687\" class=\"col medium-8 small-12 large-6\"  >\n\t\t\t\t<div class=\"col-inner\"  >\n\t\t\t\n\t\t\t\n\n<h3 style=\"font-size: 250%;\">Fordern Sie noch heute kostenlose Muster und Angebote an!<\/h3>\n<p>Kontaktieren Sie uns, um kostenlose Muster unserer k\u00fcnstlichen Hecken zu erhalten und ein kostenloses Angebot zu erhalten. Wir sch\u00e4tzen Ihr Interesse an unseren Produkten und sind bestrebt, einen hervorragenden Kundenservice zu bieten.<\/p>\n<a href=\"mailto:info@arturf.com\" class=\"button white lowercase\" >\n\t\t<span>hedge@arturf.com<\/span>\n\t<\/a>\n\n\n\n\t\t<\/div>\n\t\t\t\t\n<style>\n#col-129775687 > .col-inner {\n  padding: 30px 0px 0px 0px;\n}\n<\/style>\n\t<\/div>\n\n\t\n\n\t<div id=\"col-328306313\" class=\"col medium-8 small-12 large-6\"  >\n\t\t\t\t<div class=\"col-inner\"  >\n\t\t\t\n\t\t\t\n\n<form id=\"forminator-module-15348\" class=\"forminator-custom-form forminator-custom-form-15348\" method=\"post\" data-forminator-render=\"0\" data-uid=\"69da3956333c1\" action=\"\"><div role=\"alert\" aria-live=\"polite\" class=\"forminator-response-message forminator-error\" aria-hidden=\"true\"><\/div><input type=\"hidden\" name=\"trp-form-language\" value=\"de\"\/><\/form>\n<p><em>F\u00fcr detaillierte Informationen besuchen Sie bitte unsere spezielle Website f\u00fcr <a href=\"https:\/\/pandagreens.com\/\">K\u00fcnstliche Hecken<\/a><\/em><\/p>\n\n\t\t<\/div>\n\t\t\t\t\n<style>\n#col-328306313 > .col-inner {\n  padding: 30px 0px 0px 0px;\n}\n<\/style>\n\t<\/div>\n\n\t\n\n<\/div>\n\n\t\t<\/div>\n\n\t\t\n<style>\n#section_647253840 {\n  padding-top: 60px;\n  padding-bottom: 60px;\n  background-color: rgb(43, 43, 43);\n}\n<\/style>\n\t<\/section>","protected":false},"excerpt":{"rendered":"","protected":false},"author":3,"featured_media":0,"parent":6461,"menu_order":0,"comment_status":"closed","ping_status":"closed","template":"page-blank-landingpage.php","meta":{"_seopress_robots_primary_cat":"","_seopress_titles_title":"Artificial Hedge Mats-Vertical Garden Panels-Wall Grass","_seopress_titles_desc":"We provide commercial-grade artificial hedges and plants at unbeatable price. Reliable artificial hedge manufacturer located in China.","_seopress_robots_index":"","footnotes":""},"class_list":["post-13630","page","type-page","status-publish","hentry"],"_links":{"self":[{"href":"https:\/\/arturf.com\/de\/wp-json\/wp\/v2\/pages\/13630","targetHints":{"allow":["GET"]}}],"collection":[{"href":"https:\/\/arturf.com\/de\/wp-json\/wp\/v2\/pages"}],"about":[{"href":"https:\/\/arturf.com\/de\/wp-json\/wp\/v2\/types\/page"}],"author":[{"embeddable":true,"href":"https:\/\/arturf.com\/de\/wp-json\/wp\/v2\/users\/3"}],"replies":[{"embeddable":true,"href":"https:\/\/arturf.com\/de\/wp-json\/wp\/v2\/comments?post=13630"}],"version-history":[{"count":0,"href":"https:\/\/arturf.com\/de\/wp-json\/wp\/v2\/pages\/13630\/revisions"}],"up":[{"embeddable":true,"href":"https:\/\/arturf.com\/de\/wp-json\/wp\/v2\/pages\/6461"}],"wp:attachment":[{"href":"https:\/\/arturf.com\/de\/wp-json\/wp\/v2\/media?parent=13630"}],"curies":[{"name":"wp","href":"https:\/\/api.w.org\/{rel}","templated":true}]}}