{"id":18911,"date":"2023-07-08T18:19:01","date_gmt":"2023-07-08T10:19:01","guid":{"rendered":"https:\/\/arturf.com\/?page_id=18911"},"modified":"2023-07-10T15:10:33","modified_gmt":"2023-07-10T07:10:33","slug":"quality-assurance","status":"publish","type":"page","link":"https:\/\/arturf.com\/de\/about\/quality-assurance\/","title":{"rendered":"Qualit\u00e4tskontrolle"},"content":{"rendered":"<section class=\"section\" id=\"section_28758585\">\n\t\t<div class=\"section-bg fill\" >\n\t\t\t<img loading=\"lazy\" decoding=\"async\" width=\"1440\" height=\"500\" src=\"https:\/\/arturf.com\/wp-content\/uploads\/2023\/07\/Artificial-Turf-Durability-Testing.webp\" class=\"bg attachment-1536x1536 size-1536x1536\" alt=\"Qualit\u00e4t\" \/>\t\t\t\t\t\t\n\t\t\t\n\n\t\t<\/div>\n\n\t\t\n\n\t\t<div class=\"section-content relative\">\n\t\t\t\n\n<div class=\"row\" style=\"max-width:1200px\" id=\"row-921319262\">\n\n\n\t<div id=\"col-1227879274\" class=\"col medium-5 small-12 large-5\"  >\n\t\t\t\t<div class=\"col-inner\"  >\n\t\t\t\n\t\t\t\n\n\t<div id=\"gap-2048904779\" class=\"gap-element clearfix\" style=\"display:block; height:auto;\">\n\t\t\n<style>\n#gap-2048904779 {\n  padding-top: 0px;\n}\n@media (min-width:850px) {\n  #gap-2048904779 {\n    padding-top: 30px;\n  }\n}\n<\/style>\n\t<\/div>\n\t\n\n\n\t\t<\/div>\n\t\t\t\t\t<\/div>\n\n\t\n\n\t<div id=\"col-234915468\" class=\"col medium-12 small-12 large-7\"  >\n\t\t\t\t<div class=\"col-inner\"  >\n\t\t\t\n\t\t\t\n\n\t<div id=\"gap-1000649848\" class=\"gap-element clearfix\" style=\"display:block; height:auto;\">\n\t\t\n<style>\n#gap-1000649848 {\n  padding-top: 30px;\n}\n<\/style>\n\t<\/div>\n\t\n\n\t<div id=\"text-1249766519\" class=\"text\">\n\t\t\n\n<h1>Qualit\u00e4tskontrolle<\/h1>\n\t\t\n<style>\n#text-1249766519 {\n  font-size: 2.5rem;\n  color: rgb(255,255,255);\n}\n#text-1249766519 > * {\n  color: rgb(255,255,255);\n}\n@media (min-width:550px) {\n  #text-1249766519 {\n    font-size: 2rem;\n  }\n}\n<\/style>\n\t<\/div>\n\t\n\n\t\t<\/div>\n\t\t\t\t\n<style>\n#col-234915468 > .col-inner {\n  padding: 0px 0px 0px 0;\n}\n@media (min-width:550px) {\n  #col-234915468 > .col-inner {\n    padding: 0px 0px 0px 30px;\n  }\n}\n<\/style>\n\t<\/div>\n\n\t\n\n<\/div>\n\n\t\t<\/div>\n\n\t\t\n<style>\n#section_28758585 {\n  padding-top: 30px;\n  padding-bottom: 30px;\n  min-height: 300px;\n}\n#section_28758585 .section-bg img {\n  object-position: left;\n}\n@media (min-width:550px) {\n  #section_28758585 {\n    min-height: 450px;\n  }\n}\n@media (min-width:850px) {\n  #section_28758585 {\n    min-height: 500px;\n  }\n}\n<\/style>\n\t<\/section>\n\t\n<div class=\"row\" style=\"max-width:1200px\" id=\"row-57599440\">\n\n\n\t<div id=\"col-1071515731\" class=\"col medium-12 small-12 large-5\"  >\n\t\t\t\t<div class=\"col-inner\"  >\n\t\t\t\n\t\t\t\n\n\n  <div class=\"banner has-hover\" id=\"banner-1550190424\">\n          <div class=\"banner-inner fill\">\n        <div class=\"banner-bg fill\" >\n            <img loading=\"lazy\" decoding=\"async\" width=\"780\" height=\"844\" src=\"https:\/\/arturf.com\/wp-content\/uploads\/2023\/07\/Artificial-Turf-Fiber-Tensile-Test.jpg\" class=\"bg attachment-large size-large\" alt=\"Qualit\u00e4t\" \/>                                    \n                    <\/div>\n\t\t\n        <div class=\"banner-layers container\">\n            <div class=\"fill banner-link\"><\/div>            \n\n\n        <\/div>\n      <\/div>\n\n            \n<style>\n#banner-1550190424 {\n  padding-top: 300px;\n  background-color: rgb(255, 255, 255);\n}\n#banner-1550190424 .banner-bg img {\n  object-position: 50% 56%;\n}\n@media (min-width:550px) {\n  #banner-1550190424 {\n    padding-top: 500px;\n  }\n}\n@media (min-width:850px) {\n  #banner-1550190424 {\n    padding-top: 650px;\n  }\n}\n<\/style>\n  <\/div>\n\n\n\t<div id=\"gap-1490483223\" class=\"gap-element clearfix\" style=\"display:block; height:auto;\">\n\t\t\n<style>\n#gap-1490483223 {\n  padding-top: 0px;\n}\n@media (min-width:850px) {\n  #gap-1490483223 {\n    padding-top: 50px;\n  }\n}\n<\/style>\n\t<\/div>\n\t\n\n\n\t\t<\/div>\n\t\t\t\t\n<style>\n#col-1071515731 > .col-inner {\n  margin: -100px 0px 0px 0px;\n}\n@media (min-width:550px) {\n  #col-1071515731 > .col-inner {\n    margin: -150px 0px 0px 0px;\n  }\n}\n@media (min-width:850px) {\n  #col-1071515731 > .col-inner {\n    margin: -400px 0px 0px 0px;\n  }\n}\n<\/style>\n\t<\/div>\n\n\t\n\n\t<div id=\"col-490517904\" class=\"col medium-11 small-12 large-7\"  >\n\t\t\t\t<div class=\"col-inner\"  >\n\t\t\t\n\t\t\t\n\n\t<div id=\"gap-1030716018\" class=\"gap-element clearfix\" style=\"display:block; height:auto;\">\n\t\t\n<style>\n#gap-1030716018 {\n  padding-top: 30px;\n}\n<\/style>\n\t<\/div>\n\t\n\n<p>Wir bei Arturf sind sehr stolz darauf, ein f\u00fchrender Kunstrasenhersteller in China zu sein, der sich der Lieferung hochwertiger Produkte verschrieben hat, die die Erwartungen der Kunden \u00fcbertreffen. Unser Engagement f\u00fcr die Qualit\u00e4tssicherung ist in jedem Schritt unseres Herstellungsprozesses verankert. Von der Auswahl der besten Rohstoffe bis hin zur Umsetzung strenger Testprotokolle lassen wir nichts unversucht, um sicherzustellen, dass unser Kunstrasen in Bezug auf Haltbarkeit, \u00c4sthetik und Leistung herausragt.<\/p>\n\n\t\t<\/div>\n\t\t\t\t\n<style>\n#col-490517904 > .col-inner {\n  padding: 0px 0px 0px 0;\n}\n@media (min-width:550px) {\n  #col-490517904 > .col-inner {\n    padding: 0px 0px 0px 30px;\n  }\n}\n<\/style>\n\t<\/div>\n\n\t\n\n<\/div>\n\n\t<section class=\"section\" id=\"section_560179239\">\n\t\t<div class=\"section-bg fill\" >\n\t\t\t\t\t\t\t\t\t\n\t\t\t\n\n\t\t<\/div>\n\n\t\t\n\n\t\t<div class=\"section-content relative\">\n\t\t\t\n\n<div class=\"row\" style=\"max-width:1200px\" id=\"row-811416025\">\n\n\n\t<div id=\"col-1853829859\" class=\"col small-12 large-12\"  >\n\t\t\t\t<div class=\"col-inner\"  >\n\t\t\t\n\t\t\t\n\n\t<div id=\"text-535285384\" class=\"text\">\n\t\t\n\n<h3>Unser Engagement f\u00fcr Exzellenz<\/h3>\n\t\t\n<style>\n#text-535285384 {\n  font-size: 1.75rem;\n  text-align: center;\n}\n<\/style>\n\t<\/div>\n\t\n\n\t\t<\/div>\n\t\t\t\t\t<\/div>\n\n\t\n\n<\/div>\n<div class=\"row row-large row-solid\" style=\"max-width:1200px\" id=\"row-992507141\">\n\n\n\t<div id=\"col-110890647\" class=\"col medium-10 small-12 large-6\"  >\n\t\t\t\t<div class=\"col-inner\"  >\n\t\t\t\n\t\t\t\n\n\n\t\t<div class=\"icon-box featured-box icon-box-left text-left\"  >\n\t\t\t\t\t<div class=\"icon-box-img\" style=\"width: 69px\">\n\t\t\t\t<div class=\"icon\">\n\t\t\t\t\t<div class=\"icon-inner\" >\n\t\t\t\t\t\t<img loading=\"lazy\" decoding=\"async\" width=\"120\" height=\"120\" src=\"https:\/\/arturf.com\/wp-content\/uploads\/2023\/07\/check-line.png\" class=\"attachment-medium size-medium\" alt=\"Qualit\u00e4t\" srcset=\"https:\/\/arturf.com\/wp-content\/uploads\/2023\/07\/check-line.png 120w, https:\/\/arturf.com\/wp-content\/uploads\/2023\/07\/check-line-12x12.png 12w, https:\/\/arturf.com\/wp-content\/uploads\/2023\/07\/check-line-100x100.png 100w\" sizes=\"auto, (max-width: 120px) 100vw, 120px\" \/>\t\t\t\t\t<\/div>\n\t\t\t\t<\/div>\n\t\t\t<\/div>\n\t\t\t\t<div class=\"icon-box-text last-reset\">\n\t\t\t\t\t\t\t\t\t\n\n<h4>Premium-Materialien<\/h4>\n<p>Sorgf\u00e4ltig ausgew\u00e4hlte, hochwertige Materialien gew\u00e4hrleisten h\u00f6chste Qualit\u00e4t, Haltbarkeit und Best\u00e4ndigkeit gegen Verschlei\u00df, UV-Strahlen und Umwelteinfl\u00fcsse.<\/p>\n\n\t\t<\/div>\n\t<\/div>\n\t\n\t\n\t<div id=\"gap-586502130\" class=\"gap-element clearfix\" style=\"display:block; height:auto;\">\n\t\t\n<style>\n#gap-586502130 {\n  padding-top: 30px;\n}\n<\/style>\n\t<\/div>\n\t\n\n\n\t\t<div class=\"icon-box featured-box icon-box-left text-left\"  >\n\t\t\t\t\t<div class=\"icon-box-img\" style=\"width: 69px\">\n\t\t\t\t<div class=\"icon\">\n\t\t\t\t\t<div class=\"icon-inner\" >\n\t\t\t\t\t\t<img loading=\"lazy\" decoding=\"async\" width=\"120\" height=\"120\" src=\"https:\/\/arturf.com\/wp-content\/uploads\/2023\/07\/check-line.png\" class=\"attachment-medium size-medium\" alt=\"Qualit\u00e4t\" srcset=\"https:\/\/arturf.com\/wp-content\/uploads\/2023\/07\/check-line.png 120w, https:\/\/arturf.com\/wp-content\/uploads\/2023\/07\/check-line-12x12.png 12w, https:\/\/arturf.com\/wp-content\/uploads\/2023\/07\/check-line-100x100.png 100w\" sizes=\"auto, (max-width: 120px) 100vw, 120px\" \/>\t\t\t\t\t<\/div>\n\t\t\t\t<\/div>\n\t\t\t<\/div>\n\t\t\t\t<div class=\"icon-box-text last-reset\">\n\t\t\t\t\t\t\t\t\t\n\n<h4>Modernste Maschinen<\/h4>\n<p>Hochmoderne Kunstrasenfabrik mit fortschrittlichen Extrudier-, Tufting- und Beschichtungsmaschinen, f\u00fchrend in Technologie und Innovation.<\/p>\n\n\t\t<\/div>\n\t<\/div>\n\t\n\t\n\t<div id=\"gap-526050363\" class=\"gap-element clearfix\" style=\"display:block; height:auto;\">\n\t\t\n<style>\n#gap-526050363 {\n  padding-top: 30px;\n}\n<\/style>\n\t<\/div>\n\t\n\n\n\t\t<div class=\"icon-box featured-box icon-box-left text-left\"  >\n\t\t\t\t\t<div class=\"icon-box-img\" style=\"width: 69px\">\n\t\t\t\t<div class=\"icon\">\n\t\t\t\t\t<div class=\"icon-inner\" >\n\t\t\t\t\t\t<img loading=\"lazy\" decoding=\"async\" width=\"120\" height=\"120\" src=\"https:\/\/arturf.com\/wp-content\/uploads\/2023\/07\/check-line.png\" class=\"attachment-medium size-medium\" alt=\"Qualit\u00e4t\" srcset=\"https:\/\/arturf.com\/wp-content\/uploads\/2023\/07\/check-line.png 120w, https:\/\/arturf.com\/wp-content\/uploads\/2023\/07\/check-line-12x12.png 12w, https:\/\/arturf.com\/wp-content\/uploads\/2023\/07\/check-line-100x100.png 100w\" sizes=\"auto, (max-width: 120px) 100vw, 120px\" \/>\t\t\t\t\t<\/div>\n\t\t\t\t<\/div>\n\t\t\t<\/div>\n\t\t\t\t<div class=\"icon-box-text last-reset\">\n\t\t\t\t\t\t\t\t\t\n\n<h4>Handwerkliches Geschick<\/h4>\n<p>Sehr erfahrene Techniker sorgen f\u00fcr au\u00dfergew\u00f6hnliche Liebe zum Detail und Exzellenz bei jedem Produkt und nutzen dabei umfassendes Fachwissen in der Kunstrasenherstellung.<\/p>\n\n\t\t<\/div>\n\t<\/div>\n\t\n\t\n\t<div id=\"gap-100216930\" class=\"gap-element clearfix\" style=\"display:block; height:auto;\">\n\t\t\n<style>\n#gap-100216930 {\n  padding-top: 30px;\n}\n<\/style>\n\t<\/div>\n\t\n\n\n\t\t<\/div>\n\t\t\t\t\n<style>\n#col-110890647 > .col-inner {\n  padding: 0px 0 0px 0px;\n}\n@media (min-width:850px) {\n  #col-110890647 > .col-inner {\n    padding: 0px 40px 0px 0px;\n  }\n}\n<\/style>\n\t<\/div>\n\n\t\n\n\t<div id=\"col-836359818\" class=\"col medium-10 small-12 large-6\"  >\n\t\t\t\t<div class=\"col-inner\"  >\n\t\t\t\n\t\t\t\n\n\n\t\t<div class=\"icon-box featured-box icon-box-left text-left\"  >\n\t\t\t\t\t<div class=\"icon-box-img\" style=\"width: 69px\">\n\t\t\t\t<div class=\"icon\">\n\t\t\t\t\t<div class=\"icon-inner\" >\n\t\t\t\t\t\t<img loading=\"lazy\" decoding=\"async\" width=\"120\" height=\"120\" src=\"https:\/\/arturf.com\/wp-content\/uploads\/2023\/07\/check-line.png\" class=\"attachment-medium size-medium\" alt=\"Qualit\u00e4t\" srcset=\"https:\/\/arturf.com\/wp-content\/uploads\/2023\/07\/check-line.png 120w, https:\/\/arturf.com\/wp-content\/uploads\/2023\/07\/check-line-12x12.png 12w, https:\/\/arturf.com\/wp-content\/uploads\/2023\/07\/check-line-100x100.png 100w\" sizes=\"auto, (max-width: 120px) 100vw, 120px\" \/>\t\t\t\t\t<\/div>\n\t\t\t\t<\/div>\n\t\t\t<\/div>\n\t\t\t\t<div class=\"icon-box-text last-reset\">\n\t\t\t\t\t\t\t\t\t\n\n<h4>Gr\u00fcndliche Tests vor dem Start<\/h4>\n<p>Unser QC-Team f\u00fchrt umfassende Tests auf Verschlei\u00dffestigkeit, UV-Best\u00e4ndigkeit und Leistung durch, die die Industriestandards \u00fcbertreffen und eine au\u00dfergew\u00f6hnliche Produktqualit\u00e4t gew\u00e4hrleisten.<\/p>\n\n\t\t<\/div>\n\t<\/div>\n\t\n\t\n\t<div id=\"gap-24551314\" class=\"gap-element clearfix\" style=\"display:block; height:auto;\">\n\t\t\n<style>\n#gap-24551314 {\n  padding-top: 30px;\n}\n<\/style>\n\t<\/div>\n\t\n\n\n\t\t<div class=\"icon-box featured-box icon-box-left text-left\"  >\n\t\t\t\t\t<div class=\"icon-box-img\" style=\"width: 69px\">\n\t\t\t\t<div class=\"icon\">\n\t\t\t\t\t<div class=\"icon-inner\" >\n\t\t\t\t\t\t<img loading=\"lazy\" decoding=\"async\" width=\"120\" height=\"120\" src=\"https:\/\/arturf.com\/wp-content\/uploads\/2023\/07\/check-line.png\" class=\"attachment-medium size-medium\" alt=\"Qualit\u00e4t\" srcset=\"https:\/\/arturf.com\/wp-content\/uploads\/2023\/07\/check-line.png 120w, https:\/\/arturf.com\/wp-content\/uploads\/2023\/07\/check-line-12x12.png 12w, https:\/\/arturf.com\/wp-content\/uploads\/2023\/07\/check-line-100x100.png 100w\" sizes=\"auto, (max-width: 120px) 100vw, 120px\" \/>\t\t\t\t\t<\/div>\n\t\t\t\t<\/div>\n\t\t\t<\/div>\n\t\t\t\t<div class=\"icon-box-text last-reset\">\n\t\t\t\t\t\t\t\t\t\n\n<h4>Gr\u00fcndliche Inspektionen<\/h4>\n<p>Wir f\u00fchren bei jeder Bestellung strenge routinem\u00e4\u00dfige Produktions- und Stichprobenkontrollen durch, um au\u00dfergew\u00f6hnliche Produkte und Kundenzufriedenheit sicherzustellen.<\/p>\n\n\t\t<\/div>\n\t<\/div>\n\t\n\t\n\t<div id=\"gap-858783485\" class=\"gap-element clearfix\" style=\"display:block; height:auto;\">\n\t\t\n<style>\n#gap-858783485 {\n  padding-top: 30px;\n}\n<\/style>\n\t<\/div>\n\t\n\n\n\t\t<div class=\"icon-box featured-box icon-box-left text-left\"  >\n\t\t\t\t\t<div class=\"icon-box-img\" style=\"width: 69px\">\n\t\t\t\t<div class=\"icon\">\n\t\t\t\t\t<div class=\"icon-inner\" >\n\t\t\t\t\t\t<img loading=\"lazy\" decoding=\"async\" width=\"120\" height=\"120\" src=\"https:\/\/arturf.com\/wp-content\/uploads\/2023\/07\/check-line.png\" class=\"attachment-medium size-medium\" alt=\"Qualit\u00e4t\" srcset=\"https:\/\/arturf.com\/wp-content\/uploads\/2023\/07\/check-line.png 120w, https:\/\/arturf.com\/wp-content\/uploads\/2023\/07\/check-line-12x12.png 12w, https:\/\/arturf.com\/wp-content\/uploads\/2023\/07\/check-line-100x100.png 100w\" sizes=\"auto, (max-width: 120px) 100vw, 120px\" \/>\t\t\t\t\t<\/div>\n\t\t\t\t<\/div>\n\t\t\t<\/div>\n\t\t\t\t<div class=\"icon-box-text last-reset\">\n\t\t\t\t\t\t\t\t\t\n\n<h4>Zuverl\u00e4ssige Garantie<\/h4>\n<p>Unsere zuverl\u00e4ssige Garantie stellt die vollst\u00e4ndige Kundenzufriedenheit sicher und l\u00f6st etwaige M\u00e4ngel oder Probleme an unserem Kunstrasen umgehend<\/p>\n\n\t\t<\/div>\n\t<\/div>\n\t\n\t\n\n\t\t<\/div>\n\t\t\t\t\n<style>\n#col-836359818 > .col-inner {\n  padding: 0px 0px 0px 0;\n}\n@media (min-width:850px) {\n  #col-836359818 > .col-inner {\n    padding: 0px 0px 0px 30px;\n  }\n}\n<\/style>\n\t<\/div>\n\n\t\n\n<\/div>\n\t<div id=\"gap-147329305\" class=\"gap-element clearfix\" style=\"display:block; height:auto;\">\n\t\t\n<style>\n#gap-147329305 {\n  padding-top: 30px;\n}\n<\/style>\n\t<\/div>\n\t\n\n\n\t\t<\/div>\n\n\t\t\n<style>\n#section_560179239 {\n  padding-top: 80px;\n  padding-bottom: 80px;\n  background-color: rgb(242, 238, 241);\n}\n<\/style>\n\t<\/section>\n\t\n\n\t<section class=\"section\" id=\"section_974986423\">\n\t\t<div class=\"section-bg fill\" >\n\t\t\t\t\t\t\t\t\t\n\t\t\t\n\n\t\t<\/div>\n\n\t\t\n\n\t\t<div class=\"section-content relative\">\n\t\t\t\n\n<div class=\"row align-center\" style=\"max-width:1200px\" id=\"row-757689685\">\n\n\n\t<div id=\"col-1120468992\" class=\"col medium-10 small-12 large-8\"  >\n\t\t\t\t<div class=\"col-inner\"  >\n\t\t\t\n\t\t\t\n\n\t<div id=\"gap-712819290\" class=\"gap-element clearfix\" style=\"display:block; height:auto;\">\n\t\t\n<style>\n#gap-712819290 {\n  padding-top: 30px;\n}\n<\/style>\n\t<\/div>\n\t\n\n\t<div id=\"text-1150807609\" class=\"text\">\n\t\t\n\n<h1>Konsequente Qualit\u00e4tspriorit\u00e4t<\/h1>\n\t\t\n<style>\n#text-1150807609 {\n  font-size: 1.75rem;\n  text-align: center;\n}\n<\/style>\n\t<\/div>\n\t\n\t<div id=\"gap-7699192\" class=\"gap-element clearfix\" style=\"display:block; height:auto;\">\n\t\t\n<style>\n#gap-7699192 {\n  padding-top: 10px;\n}\n<\/style>\n\t<\/div>\n\t\n\n\t<div id=\"text-2548043677\" class=\"text\">\n\t\t\n\n<p>Bei Arturf legen wir gro\u00dfen Wert auf Qualit\u00e4tssicherung. Durch sorgf\u00e4ltige Auswahl der Rohstoffe, fortschrittliche Maschinennutzung, qualifizierte Arbeitskr\u00e4fte, umfassende Tests, Routine- und Stichprobenkontrollen sowie zuverl\u00e4ssige Garantiebedingungen garantieren wir die Produktion von erstklassigem Kunstrasen, der sich durch Haltbarkeit, \u00c4sthetik und Leistung auszeichnet. W\u00e4hlen Sie Arturf f\u00fcr hochwertige Kunstrasenl\u00f6sungen, die jeden Raum in eine sch\u00f6ne und funktionale Landschaft verwandeln.<\/p>\n\t\t\n<style>\n#text-2548043677 {\n  text-align: center;\n}\n<\/style>\n\t<\/div>\n\t\n\n\t\t<\/div>\n\t\t\t\t\t<\/div>\n\n\t\n\n<\/div>\n<div class=\"nav-wrapper\"><ul class=\"nav nav-uppercase nav-horizontal nav-pills text-center nav-center\"><p class=\"lead shortcode-error text-center\">Es wurden leider keine Seiten gefunden<\/p><\/ul><\/div>\n\n\n\t\t<\/div>\n\n\t\t\n<style>\n#section_974986423 {\n  padding-top: 30px;\n  padding-bottom: 30px;\n}\n<\/style>\n\t<\/section>","protected":false},"excerpt":{"rendered":"","protected":false},"author":3,"featured_media":0,"parent":5652,"menu_order":2,"comment_status":"closed","ping_status":"closed","template":"page-blank.php","meta":{"_seopress_robots_primary_cat":"","_seopress_titles_title":"","_seopress_titles_desc":"Arturf is dedicated to delivering high-quality products that surpass customer expectations. Our commitment to quality assurance is ingrained in every step of our manufacturing process.","_seopress_robots_index":"","footnotes":""},"class_list":["post-18911","page","type-page","status-publish","hentry"],"_links":{"self":[{"href":"https:\/\/arturf.com\/de\/wp-json\/wp\/v2\/pages\/18911","targetHints":{"allow":["GET"]}}],"collection":[{"href":"https:\/\/arturf.com\/de\/wp-json\/wp\/v2\/pages"}],"about":[{"href":"https:\/\/arturf.com\/de\/wp-json\/wp\/v2\/types\/page"}],"author":[{"embeddable":true,"href":"https:\/\/arturf.com\/de\/wp-json\/wp\/v2\/users\/3"}],"replies":[{"embeddable":true,"href":"https:\/\/arturf.com\/de\/wp-json\/wp\/v2\/comments?post=18911"}],"version-history":[{"count":0,"href":"https:\/\/arturf.com\/de\/wp-json\/wp\/v2\/pages\/18911\/revisions"}],"up":[{"embeddable":true,"href":"https:\/\/arturf.com\/de\/wp-json\/wp\/v2\/pages\/5652"}],"wp:attachment":[{"href":"https:\/\/arturf.com\/de\/wp-json\/wp\/v2\/media?parent=18911"}],"curies":[{"name":"wp","href":"https:\/\/api.w.org\/{rel}","templated":true}]}}