{"id":3460,"date":"2012-08-16T14:28:45","date_gmt":"2012-08-16T14:28:45","guid":{"rendered":"https:\/\/arturf.com\/?page_id=3460"},"modified":"2023-07-08T00:24:53","modified_gmt":"2023-07-07T16:24:53","slug":"field-hockey","status":"publish","type":"page","link":"https:\/\/arturf.com\/de\/sports\/field-hockey\/","title":{"rendered":"Kunstrasen-Feldhockeyfeld"},"content":{"rendered":"<div class=\"banner has-hover\" id=\"banner-1904685082\">\n          <div class=\"banner-inner fill\">\n        <div class=\"banner-bg fill\" >\n            <img loading=\"lazy\" decoding=\"async\" width=\"1020\" height=\"365\" src=\"https:\/\/arturf.com\/wp-content\/uploads\/2019\/01\/artificial-grass-field-hockey-1024x366.jpg\" class=\"bg attachment-large size-large\" alt=\"Eishockey\" \/>                                    \n                    <\/div>\n\t\t\n        <div class=\"banner-layers container\">\n            <div class=\"fill banner-link\"><\/div>            \n\n   <div id=\"text-box-839422043\" class=\"text-box banner-layer x50 md-x50 lg-x50 y50 md-y50 lg-y50 res-text\">\n                                <div class=\"text-box-content text dark\">\n              \n              <div class=\"text-inner text-center\">\n                  \n\n<h1>Kunstrasen f\u00fcr Hockey<\/h1>\n<p>Steigern Sie Ihr Spiel mit un\u00fcbertroffener Ballkontrolle und un\u00fcbertroffener Leistung.<\/p>\n\n              <\/div>\n           <\/div>\n                            \n<style>\n#text-box-839422043 {\n  width: 60%;\n}\n#text-box-839422043 .text-box-content {\n  font-size: 100%;\n}\n<\/style>\n    <\/div>\n \n\n        <\/div>\n      <\/div>\n\n            \n<style>\n#banner-1904685082 {\n  padding-top: 400px;\n}\n<\/style>\n  <\/div>\n\n\n<div class=\"row align-center\"  id=\"row-1741664420\">\n\n\n\t<div id=\"col-620918439\" class=\"col medium-10 small-12 large-10\"  >\n\t\t\t\t<div class=\"col-inner\"  >\n\t\t\t\n\t\t\t\n\n<p>Auf der Suche nach den besten Spielbedingungen im Feldhockey? Wenden Sie sich an Arturf, einen f\u00fchrenden Kunstrasenhersteller in China. Wir bieten Hockeyrasen von h\u00f6chster Qualit\u00e4t, der un\u00fcbertroffene Pr\u00e4zision und Leistung bietet. Mit unserem Kunstrasen hat sich Feldhockey zu einem schnelleren und beliebteren Spiel entwickelt, das es den Spielern erm\u00f6glicht, schnelle P\u00e4sse mit pr\u00e4ziser Ballkontrolle auszuf\u00fchren.<\/p>\n<h3>Warum Kunstrasen f\u00fcr Hockey w\u00e4hlen?<\/h3>\n<p>Die Einf\u00fchrung von Kunstrasen hat das Hockeyspiel revolutioniert und den Spielern ein verbessertes Spielerlebnis geboten. Unser Hockeyrasen bietet eine glatte Oberfl\u00e4che, die eine optimale Interaktion zwischen Ball und Oberfl\u00e4che gew\u00e4hrleistet, was zu einer hervorragenden Spielbarkeit f\u00fchrt. Die Haltbarkeit unseres Rasens ist beispiellos, mit extremer Verschlei\u00dffestigkeit.<\/p>\n<h3>Merkmale unseres Hockeyrasens:<\/h3>\n<ol>\n<li>\n<h4>Optimale Interaktion zwischen Ball und Oberfl\u00e4che: <\/h4>\n<p>Unser Hockeyrasen ist so konzipiert, dass er die perfekte Balance zwischen Ball und Oberfl\u00e4che bietet und eine pr\u00e4zise Ballrolle und -kontrolle erm\u00f6glicht.\n<\/li>\n<li>\n<h4>Glatte Oberfl\u00e4che f\u00fcr hervorragende Spielbarkeit: <\/h4>\n<p>Die Gl\u00e4tte unseres Rasens garantiert ein gleichm\u00e4\u00dfiges Rollen des Balls und erm\u00f6glicht es den Spielern, ihr K\u00f6nnen unter Beweis zu stellen und dynamische Spielz\u00fcge auszuf\u00fchren.\n<\/li>\n<li>\n<h4>Extreme Haltbarkeit: <\/h4>\n<p>Unser Hockeyrasen ist auf Langlebigkeit ausgelegt. Es h\u00e4lt den Anforderungen intensiven Spiels stand und gew\u00e4hrleistet Langlebigkeit und minimalen Wartungsaufwand.\n<\/li>\n<li>\n<h4>Dichter Stich f\u00fcr kompaktes Erscheinungsbild: <\/h4>\n<p>Die dicht vern\u00e4hten Fasern unseres Rasens sorgen f\u00fcr ein optisch ansprechendes und kompaktes Erscheinungsbild und verbessern die Gesamt\u00e4sthetik des Hockeyplatzes.\n<\/li>\n<li>\n<h4>Spielerfreundlich mit un\u00fcbertroffenem Komfort: <\/h4>\n<p>Wir legen Wert auf Spielerkomfort und Sicherheit. Unser Hockeyrasen bietet eine gepolsterte Oberfl\u00e4che, die das Verletzungsrisiko verringert und ein angenehmes Spielerlebnis bietet.\n<\/li>\n<\/ol>\n<h3>Erleben Sie den Unterschied mit dem Hockey Turf von Arturf<\/h3>\n<p>Bei Arturf sind wir bestrebt, Kunstrasenl\u00f6sungen anzubieten, die den h\u00f6chsten Qualit\u00e4ts- und Leistungsstandards entsprechen. Unser Hockeyrasen wurde entwickelt, um das Spiel zu verbessern und eine optimale Spielumgebung zu schaffen. Ganz gleich, ob Sie ein Profisportler, ein Sportanlagenmanager oder eine Schule sind, die ihr Hockeyfeld versch\u00f6nern m\u00f6chten, unser Kunstrasen ist die ideale Wahl.<\/p>\n<p>Sch\u00f6pfen Sie das Potenzial des Feldhockeys mit dem hochmodernen Hockeyrasen von Arturf aus. Kontaktieren Sie uns noch heute, um Ihre Anforderungen zu besprechen und sich von unserem Expertenteam bei der Suche nach der perfekten L\u00f6sung f\u00fcr Ihren Hockeyplatz unterst\u00fctzen zu lassen.<\/p>\n\t\n  \n    <div class=\"row large-columns-4 medium-columns-3 small-columns-2 row-small slider row-slider slider-nav-reveal slider-nav-push\"  data-flickity-options='{&quot;imagesLoaded&quot;: true, &quot;groupCells&quot;: &quot;100%&quot;, &quot;dragThreshold&quot; : 5, &quot;cellAlign&quot;: &quot;left&quot;,&quot;wrapAround&quot;: true,&quot;prevNextButtons&quot;: true,&quot;percentPosition&quot;: true,&quot;pageDots&quot;: false, &quot;rightToLeft&quot;: false, &quot;autoPlay&quot; : false}' >\n\n  \n\t     <div class=\"col\" >\n\t\t\t\t\t\t<div class=\"col-inner\">\n\t\t\t\t\t\t\n<div class=\"badge-container absolute left top z-1\">\n\n<\/div>\n\t\t\t\t\t\t<div class=\"product-small box has-hover box-normal box-text-bottom\">\n\t\t\t\t\t\t\t<div class=\"box-image\" >\n\t\t\t\t\t\t\t\t<div class=\"\" >\n\t\t\t\t\t\t\t\t\t<a href=\"https:\/\/arturf.com\/de\/product\/speed\/\" aria-label=\"Geschwindigkeit\">\n\t\t\t\t\t\t\t\t\t\t<img loading=\"lazy\" decoding=\"async\" width=\"350\" height=\"263\" src=\"https:\/\/arturf.com\/wp-content\/uploads\/2019\/01\/Field-Hockey-Grass-Olive-Green-350x263.jpg\" class=\"show-on-hover absolute fill hide-for-small back-image\" alt=\"Alternative Ansicht der Geschwindigkeit\" aria-hidden=\"true\" srcset=\"https:\/\/arturf.com\/wp-content\/uploads\/2019\/01\/Field-Hockey-Grass-Olive-Green-350x263.jpg 350w, https:\/\/arturf.com\/wp-content\/uploads\/2019\/01\/Field-Hockey-Grass-Olive-Green-300x225.jpg 300w, https:\/\/arturf.com\/wp-content\/uploads\/2019\/01\/Field-Hockey-Grass-Olive-Green-200x150.jpg 200w, https:\/\/arturf.com\/wp-content\/uploads\/2019\/01\/Field-Hockey-Grass-Olive-Green-768x576.jpg 768w, https:\/\/arturf.com\/wp-content\/uploads\/2019\/01\/Field-Hockey-Grass-Olive-Green-16x12.jpg 16w, https:\/\/arturf.com\/wp-content\/uploads\/2019\/01\/Field-Hockey-Grass-Olive-Green-510x383.jpg 510w, https:\/\/arturf.com\/wp-content\/uploads\/2019\/01\/Field-Hockey-Grass-Olive-Green.jpg 800w\" sizes=\"auto, (max-width: 350px) 100vw, 350px\" \/><img loading=\"lazy\" decoding=\"async\" width=\"350\" height=\"263\" src=\"https:\/\/arturf.com\/wp-content\/uploads\/2019\/01\/Field-Hocky-Multi-sports-Artificial-Grass-350x263.jpg\" class=\"attachment-woocommerce_thumbnail size-woocommerce_thumbnail\" alt=\"Geschwindigkeit\" srcset=\"https:\/\/arturf.com\/wp-content\/uploads\/2019\/01\/Field-Hocky-Multi-sports-Artificial-Grass-350x263.jpg 350w, https:\/\/arturf.com\/wp-content\/uploads\/2019\/01\/Field-Hocky-Multi-sports-Artificial-Grass-300x225.jpg 300w, https:\/\/arturf.com\/wp-content\/uploads\/2019\/01\/Field-Hocky-Multi-sports-Artificial-Grass-200x150.jpg 200w, https:\/\/arturf.com\/wp-content\/uploads\/2019\/01\/Field-Hocky-Multi-sports-Artificial-Grass-768x576.jpg 768w, https:\/\/arturf.com\/wp-content\/uploads\/2019\/01\/Field-Hocky-Multi-sports-Artificial-Grass-16x12.jpg 16w, https:\/\/arturf.com\/wp-content\/uploads\/2019\/01\/Field-Hocky-Multi-sports-Artificial-Grass-510x383.jpg 510w, https:\/\/arturf.com\/wp-content\/uploads\/2019\/01\/Field-Hocky-Multi-sports-Artificial-Grass.jpg 800w\" sizes=\"auto, (max-width: 350px) 100vw, 350px\" \/>\t\t\t\t\t\t\t\t\t<\/a>\n\t\t\t\t\t\t\t\t\t\t\t\t\t\t\t\t\t\t \t\t\t\t\t\t\t\t<\/div>\n\t\t\t\t\t\t\t\t<div class=\"image-tools top right show-on-hover\">\n\t\t\t\t\t\t\t\t\t\t\t\t\t\t\t\t\t<\/div>\n\t\t\t\t\t\t\t\t\t\t\t\t\t\t\t\t\t<div class=\"image-tools grid-tools text-center hide-for-small bottom hover-slide-in show-on-hover\">\n\t\t\t\t\t\t\t\t\t\t<a href=\"#quick-view\" class=\"quick-view\" role=\"button\" data-prod=\"7609\" aria-haspopup=\"dialog\" aria-expanded=\"false\" data-flatsome-role-button>Schnellansicht<\/a>\t\t\t\t\t\t\t\t\t<\/div>\n\t\t\t\t\t\t\t\t\t\t\t\t\t\t\t\t\t\t\t\t\t\t\t<\/div>\n\n\t\t\t\t\t\t\t<div class=\"box-text text-center dark\" style=\"background-color:rgb(255, 102, 0);\">\n\t\t\t\t\t\t\t\t<div class=\"title-wrapper\"><p class=\"name product-title woocommerce-loop-product__title\"><a href=\"https:\/\/arturf.com\/de\/product\/speed\/\" class=\"woocommerce-LoopProduct-link woocommerce-loop-product__link\">Geschwindigkeit<\/a><\/p><\/div><div class=\"price-wrapper\"><\/div>\t\t\t\t\t\t\t<\/div>\n\t\t\t\t\t\t<\/div>\n\t\t\t\t\t\t<\/div>\n\t\t\t\t\t<\/div><div class=\"col\" >\n\t\t\t\t\t\t<div class=\"col-inner\">\n\t\t\t\t\t\t\n<div class=\"badge-container absolute left top z-1\">\n\n<\/div>\n\t\t\t\t\t\t<div class=\"product-small box has-hover box-normal box-text-bottom\">\n\t\t\t\t\t\t\t<div class=\"box-image\" >\n\t\t\t\t\t\t\t\t<div class=\"\" >\n\t\t\t\t\t\t\t\t\t<a href=\"https:\/\/arturf.com\/de\/product\/flex\/\" aria-label=\"Biegen\">\n\t\t\t\t\t\t\t\t\t\t<img loading=\"lazy\" decoding=\"async\" width=\"350\" height=\"263\" src=\"https:\/\/arturf.com\/wp-content\/uploads\/2018\/05\/Flex-Green-350x263.jpg\" class=\"show-on-hover absolute fill hide-for-small back-image\" alt=\"Alternative Ansicht von Flex\" aria-hidden=\"true\" srcset=\"https:\/\/arturf.com\/wp-content\/uploads\/2018\/05\/Flex-Green-350x263.jpg 350w, https:\/\/arturf.com\/wp-content\/uploads\/2018\/05\/Flex-Green-500x375.jpg 500w, https:\/\/arturf.com\/wp-content\/uploads\/2018\/05\/Flex-Green-200x150.jpg 200w, https:\/\/arturf.com\/wp-content\/uploads\/2018\/05\/Flex-Green-768x576.jpg 768w, https:\/\/arturf.com\/wp-content\/uploads\/2018\/05\/Flex-Green-16x12.jpg 16w, https:\/\/arturf.com\/wp-content\/uploads\/2018\/05\/Flex-Green-510x383.jpg 510w, https:\/\/arturf.com\/wp-content\/uploads\/2018\/05\/Flex-Green.jpg 800w\" sizes=\"auto, (max-width: 350px) 100vw, 350px\" \/><img loading=\"lazy\" decoding=\"async\" width=\"350\" height=\"263\" src=\"https:\/\/arturf.com\/wp-content\/uploads\/2018\/05\/Arturf-Putting-Green-Flex-Pro-16-1-1-350x263.jpg\" class=\"attachment-woocommerce_thumbnail size-woocommerce_thumbnail\" alt=\"Biegen\" srcset=\"https:\/\/arturf.com\/wp-content\/uploads\/2018\/05\/Arturf-Putting-Green-Flex-Pro-16-1-1-350x263.jpg 350w, https:\/\/arturf.com\/wp-content\/uploads\/2018\/05\/Arturf-Putting-Green-Flex-Pro-16-1-1-500x375.jpg 500w, https:\/\/arturf.com\/wp-content\/uploads\/2018\/05\/Arturf-Putting-Green-Flex-Pro-16-1-1-200x150.jpg 200w, https:\/\/arturf.com\/wp-content\/uploads\/2018\/05\/Arturf-Putting-Green-Flex-Pro-16-1-1-768x576.jpg 768w, https:\/\/arturf.com\/wp-content\/uploads\/2018\/05\/Arturf-Putting-Green-Flex-Pro-16-1-1-16x12.jpg 16w, https:\/\/arturf.com\/wp-content\/uploads\/2018\/05\/Arturf-Putting-Green-Flex-Pro-16-1-1-510x383.jpg 510w, https:\/\/arturf.com\/wp-content\/uploads\/2018\/05\/Arturf-Putting-Green-Flex-Pro-16-1-1.jpg 800w\" sizes=\"auto, (max-width: 350px) 100vw, 350px\" \/>\t\t\t\t\t\t\t\t\t<\/a>\n\t\t\t\t\t\t\t\t\t\t\t\t\t\t\t\t\t\t \t\t\t\t\t\t\t\t<\/div>\n\t\t\t\t\t\t\t\t<div class=\"image-tools top right show-on-hover\">\n\t\t\t\t\t\t\t\t\t\t\t\t\t\t\t\t\t<\/div>\n\t\t\t\t\t\t\t\t\t\t\t\t\t\t\t\t\t<div class=\"image-tools grid-tools text-center hide-for-small bottom hover-slide-in show-on-hover\">\n\t\t\t\t\t\t\t\t\t\t<a href=\"#quick-view\" class=\"quick-view\" role=\"button\" data-prod=\"6519\" aria-haspopup=\"dialog\" aria-expanded=\"false\" data-flatsome-role-button>Schnellansicht<\/a>\t\t\t\t\t\t\t\t\t<\/div>\n\t\t\t\t\t\t\t\t\t\t\t\t\t\t\t\t\t\t\t\t\t\t\t<\/div>\n\n\t\t\t\t\t\t\t<div class=\"box-text text-center dark\" style=\"background-color:rgb(255, 102, 0);\">\n\t\t\t\t\t\t\t\t<div class=\"title-wrapper\"><p class=\"name product-title woocommerce-loop-product__title\"><a href=\"https:\/\/arturf.com\/de\/product\/flex\/\" class=\"woocommerce-LoopProduct-link woocommerce-loop-product__link\">Biegen<\/a><\/p><\/div><div class=\"price-wrapper\"><\/div>\t\t\t\t\t\t\t<\/div>\n\t\t\t\t\t\t<\/div>\n\t\t\t\t\t\t<\/div>\n\t\t\t\t\t<\/div><\/div>\n\n\n\t\t<\/div>\n\t\t\t\t\t<\/div>\n\n\t\n\n<\/div>","protected":false},"excerpt":{"rendered":"","protected":false},"author":3,"featured_media":0,"parent":2230,"menu_order":14,"comment_status":"closed","ping_status":"closed","template":"page-blank.php","meta":{"_seopress_robots_primary_cat":"","_seopress_titles_title":"Hockey Turf - Artificial Turf for Precision Ball Roll","_seopress_titles_desc":"Elevate your field hockey game with Arturf&#039;s high-quality hockey turf. Optimum ball roll, durability, and player comfort for unmatched performance.","_seopress_robots_index":"","footnotes":""},"class_list":["post-3460","page","type-page","status-publish","hentry"],"_links":{"self":[{"href":"https:\/\/arturf.com\/de\/wp-json\/wp\/v2\/pages\/3460","targetHints":{"allow":["GET"]}}],"collection":[{"href":"https:\/\/arturf.com\/de\/wp-json\/wp\/v2\/pages"}],"about":[{"href":"https:\/\/arturf.com\/de\/wp-json\/wp\/v2\/types\/page"}],"author":[{"embeddable":true,"href":"https:\/\/arturf.com\/de\/wp-json\/wp\/v2\/users\/3"}],"replies":[{"embeddable":true,"href":"https:\/\/arturf.com\/de\/wp-json\/wp\/v2\/comments?post=3460"}],"version-history":[{"count":0,"href":"https:\/\/arturf.com\/de\/wp-json\/wp\/v2\/pages\/3460\/revisions"}],"up":[{"embeddable":true,"href":"https:\/\/arturf.com\/de\/wp-json\/wp\/v2\/pages\/2230"}],"wp:attachment":[{"href":"https:\/\/arturf.com\/de\/wp-json\/wp\/v2\/media?parent=3460"}],"curies":[{"name":"wp","href":"https:\/\/api.w.org\/{rel}","templated":true}]}}