{"id":3470,"date":"2012-08-16T14:37:46","date_gmt":"2012-08-16T14:37:46","guid":{"rendered":"https:\/\/arturf.com\/?page_id=3470"},"modified":"2023-07-08T11:12:44","modified_gmt":"2023-07-08T03:12:44","slug":"rugby","status":"publish","type":"page","link":"https:\/\/arturf.com\/de\/sports\/rugby\/","title":{"rendered":"Kunstrasen Rugby Pitch"},"content":{"rendered":"<div class=\"banner has-hover\" id=\"banner-13568894\">\n          <div class=\"banner-inner fill\">\n        <div class=\"banner-bg fill\" >\n            <img loading=\"lazy\" decoding=\"async\" width=\"1020\" height=\"325\" src=\"https:\/\/arturf.com\/wp-content\/uploads\/2020\/05\/Artificial-Turf-Rugby-1024x326.jpg\" class=\"bg attachment-large size-large\" alt=\"Rugby, Kunstrasen\" \/>                                    \n                    <\/div>\n\t\t\n        <div class=\"banner-layers container\">\n            <div class=\"fill banner-link\"><\/div>            \n\n   <div id=\"text-box-997682861\" class=\"text-box banner-layer x50 md-x50 lg-x50 y50 md-y50 lg-y50 res-text\">\n                                <div class=\"text-box-content text dark\">\n              \n              <div class=\"text-inner text-center\">\n                  \n\n<h3 class=\"uppercase\"><strong>Kunstrasen f\u00fcr Rugby<\/strong><\/h3>\n<p>Erleben Sie \u00fcberragende Leistung und Spielersicherheit mit dem Rugby-Kunstrasen von Arturf. Verbessern Sie Ihr Spiel mit unserer langlebigen und wetterbest\u00e4ndigen L\u00f6sung.<\/p>\n\n              <\/div>\n           <\/div>\n                            \n<style>\n#text-box-997682861 {\n  width: 60%;\n}\n#text-box-997682861 .text-box-content {\n  font-size: 100%;\n}\n<\/style>\n    <\/div>\n \n\n        <\/div>\n      <\/div>\n\n            \n<style>\n#banner-13568894 {\n  padding-top: 400px;\n}\n<\/style>\n  <\/div>\n\n\n<div class=\"row align-center\"  id=\"row-1621564415\">\n\n\n\t<div id=\"col-1345473942\" class=\"col medium-10 small-12 large-10\"  >\n\t\t\t\t<div class=\"col-inner\"  >\n\t\t\t\n\t\t\t\n\n<p>Kunstrasenfelder haben das Rugbyspiel revolutioniert, indem sie eine verbesserte Spielbarkeit bieten und die Herausforderungen \u00fcberwinden, die Naturrasenfelder mit sich bringen. Bei Arturf, einem f\u00fchrenden Kunstrasenhersteller in China, legen wir Wert auf h\u00f6chste Qualit\u00e4t und Leistung. Unser Rugby-Rasen erf\u00fcllt strenge Leistungsspezifikationen und gew\u00e4hrleistet Spielersicherheit, optimale Ballleistung und lange Haltbarkeit.<\/p>\n<h3>Verbesserte Spielbarkeit mit Kunstrasen der dritten Generation<\/h3>\n<p>Mit den Fortschritten bei synthetischen Oberfl\u00e4chen hat sich der Rugby-Kunstrasen, oft auch als Langflor- oder Kunstrasen der dritten Generation bekannt, als bahnbrechend erwiesen. Im Vergleich zu herk\u00f6mmlichen sandgef\u00fcllten Oberfl\u00e4chen weist es einen l\u00e4ngeren Flor auf und ist typischerweise mit Gummi oder einer Mischung aus Gummi und Sand gef\u00fcllt. Diese Kombination bietet den Spielern \u00fcberragende Traktion und Stabilit\u00e4t und verbessert so ihre Leistung auf dem Spielfeld.<\/p>\n<h3>Wetterbest\u00e4ndige Oberfl\u00e4che f\u00fcr unterbrechungsfreies Spielen<\/h3>\n<p>Im Gegensatz zu Naturrasenfeldern, die bei nassem Wetter schlammig und rutschig werden, beh\u00e4lt unser Kunstrasen seine Integrit\u00e4t und erm\u00f6glicht Rugbyspielern ein ungest\u00f6rtes Training und Wettk\u00e4mpfe. Stellen Sie sich Trainingseinheiten und Spiele vor, ohne sich Gedanken \u00fcber das Ausrutschen im kalten und nassen Schlamm machen zu m\u00fcssen. Unser Kunstrasen bietet eine zuverl\u00e4ssige Spieloberfl\u00e4che und gew\u00e4hrleistet ein gleichm\u00e4\u00dfiges Spielvergn\u00fcgen bei allen Wetterbedingungen.<\/p>\n<h3>Spielersicherheit: Ein oberstes Anliegen<\/h3>\n<p>Bei Arturf hat die Sicherheit der Spieler oberste Priorit\u00e4t. Unser Rugby-Kunstrasen wird aus sorgf\u00e4ltig ausgew\u00e4hlten Materialien und fortschrittlichen Konstruktionstechniken hergestellt, um das Verletzungsrisiko zu minimieren. Die fehlerverzeihende und sto\u00dfabsorbierende Oberfl\u00e4che reduziert die Auswirkungen von St\u00fcrzen und Kollisionen und sch\u00fctzt die Spieler bei intensivem Gameplay. Dar\u00fcber hinaus minimiert die ebene Spieloberfl\u00e4che von Kunstrasen die Wahrscheinlichkeit von Kn\u00f6chelverstauchungen und anderen Verletzungen, die oft mit unebenen Naturrasenpl\u00e4tzen einhergehen.<\/p>\n<h3>Optimale Ballleistung f\u00fcr pr\u00e4zise Spiele<\/h3>\n<p>Beim Rugby ist die Ballleistung entscheidend und unser Kunstrasen liefert au\u00dfergew\u00f6hnliche Ergebnisse. Die gleichm\u00e4\u00dfige Oberfl\u00e4chenkonsistenz sorgt f\u00fcr vorhersehbare Ballspr\u00fcnge und -rollen und erm\u00f6glicht es den Spielern, die Ballkontrolle zu behalten und pr\u00e4zise P\u00e4sse und Tritte auszuf\u00fchren. Diese Vorhersehbarkeit verbessert die Gesamtqualit\u00e4t des Spiels und erleichtert einen fairen Wettbewerb und strategisches Spiel.<\/p>\n<h3>Langlebige und langlebige Leistung<\/h3>\n<p>Unser Rugby-Kunstrasen ist auf Langlebigkeit ausgelegt. Mit einer robusten Konstruktion und hochwertigen Materialien h\u00e4lt es starker Beanspruchung stand und eignet sich daher f\u00fcr intensive Trainingseinheiten und Wettk\u00e4mpfe. Sie k\u00f6nnen sich darauf verlassen, dass unser Kunstrasen eine langlebige Spielfl\u00e4che bietet, die den Anforderungen des Sports \u00fcber Jahre hinweg standh\u00e4lt.<\/p>\n<h3>Erleben Sie Exzellenz mit dem Rugby Turf von Arturf<\/h3>\n<p>Als f\u00fchrender Kunstrasenhersteller in China ist Arturf bestrebt, erstklassige Produkte zu liefern. Auf unserer Rugby-Rasenseite pr\u00e4sentieren wir die beispiellose Qualit\u00e4t und Leistung unseres Kunstrasens und sorgen so f\u00fcr ein noch besseres Rugby-Erlebnis. Verabschieden Sie sich von schlammigen Rutschen und genie\u00dfen Sie die Exzellenz unseres erstklassigen Kunstrasens.<\/p>\n<h3>Steigern Sie Ihr Rugby-Erlebnis mit Arturf<\/h3>\n<p>W\u00e4hlen Sie den Rugby-Kunstrasen von Arturf f\u00fcr un\u00fcbertroffene Leistung, Spielersicherheit und Haltbarkeit. Als f\u00fchrender Hersteller liefern wir Kunstrasen, der alle Erwartungen \u00fcbertrifft. Unser Qualit\u00e4tsanspruch stellt sicher, dass Ihre Rugbyspiele und Trainingseinheiten auf einer zuverl\u00e4ssigen und leistungsstarken Oberfl\u00e4che durchgef\u00fchrt werden.<\/p>\n<p>Investieren Sie in den Rugby-Rasen von Arturf und ver\u00e4ndern Sie Ihre Spielweise. Erleben Sie den Unterschied von h\u00f6chster Qualit\u00e4t, Spielersicherheit und konstanter Leistung. Entdecken Sie, warum Rugbyspieler auf der ganzen Welt unserem Kunstrasen vertrauen. Kontaktieren Sie uns noch heute, um mehr \u00fcber unsere Rugby-Rasenl\u00f6sungen zu erfahren.<\/p>\n\n\t\t<\/div>\n\t\t\t\t\t<\/div>\n\n\t\n\n<\/div>\n<div class=\"row align-center\"  id=\"row-1196224045\">\n\n\n\t<div id=\"col-447402167\" class=\"col medium-7 small-12 large-7\"  >\n\t\t\t\t<div class=\"col-inner\"  >\n\t\t\t\n\t\t\t\n\n\t\n  \n    <div class=\"row large-columns-1 medium-columns- small-columns- row-small\" >\n  \n\t     <div class=\"col\" >\n\t\t\t\t\t\t<div class=\"col-inner\">\n\t\t\t\t\t\t\n<div class=\"badge-container absolute left top z-1\">\n\n<\/div>\n\t\t\t\t\t\t<div class=\"product-small box has-hover box-normal box-text-bottom\">\n\t\t\t\t\t\t\t<div class=\"box-image\" >\n\t\t\t\t\t\t\t\t<div class=\"\" >\n\t\t\t\t\t\t\t\t\t<a href=\"https:\/\/arturf.com\/de\/product\/dura-60\/\" aria-label=\"Dura 60\">\n\t\t\t\t\t\t\t\t\t\t<img loading=\"lazy\" decoding=\"async\" width=\"800\" height=\"600\" src=\"https:\/\/arturf.com\/wp-content\/uploads\/2018\/05\/Artificial-Grass-Diamond-Football-Grass.jpg\" class=\"attachment-large size-large\" alt=\"Dura 60\" srcset=\"https:\/\/arturf.com\/wp-content\/uploads\/2018\/05\/Artificial-Grass-Diamond-Football-Grass.jpg 800w, https:\/\/arturf.com\/wp-content\/uploads\/2018\/05\/Artificial-Grass-Diamond-Football-Grass-300x225.jpg 300w, https:\/\/arturf.com\/wp-content\/uploads\/2018\/05\/Artificial-Grass-Diamond-Football-Grass-200x150.jpg 200w, https:\/\/arturf.com\/wp-content\/uploads\/2018\/05\/Artificial-Grass-Diamond-Football-Grass-768x576.jpg 768w, https:\/\/arturf.com\/wp-content\/uploads\/2018\/05\/Artificial-Grass-Diamond-Football-Grass-16x12.jpg 16w, https:\/\/arturf.com\/wp-content\/uploads\/2018\/05\/Artificial-Grass-Diamond-Football-Grass-350x263.jpg 350w, https:\/\/arturf.com\/wp-content\/uploads\/2018\/05\/Artificial-Grass-Diamond-Football-Grass-510x383.jpg 510w\" sizes=\"auto, (max-width: 800px) 100vw, 800px\" \/>\t\t\t\t\t\t\t\t\t<\/a>\n\t\t\t\t\t\t\t\t\t\t\t\t\t\t\t\t\t\t \t\t\t\t\t\t\t\t<\/div>\n\t\t\t\t\t\t\t\t<div class=\"image-tools top right show-on-hover\">\n\t\t\t\t\t\t\t\t\t\t\t\t\t\t\t\t\t<\/div>\n\t\t\t\t\t\t\t\t\t\t\t\t\t\t\t\t\t<div class=\"image-tools grid-tools text-center hide-for-small bottom hover-slide-in show-on-hover\">\n\t\t\t\t\t\t\t\t\t\t<a href=\"#quick-view\" class=\"quick-view\" role=\"button\" data-prod=\"11631\" aria-haspopup=\"dialog\" aria-expanded=\"false\" data-flatsome-role-button>Schnellansicht<\/a>\t\t\t\t\t\t\t\t\t<\/div>\n\t\t\t\t\t\t\t\t\t\t\t\t\t\t\t\t\t\t\t\t\t\t\t<\/div>\n\n\t\t\t\t\t\t\t<div class=\"box-text text-center\" >\n\t\t\t\t\t\t\t\t<div class=\"title-wrapper\"><p class=\"name product-title woocommerce-loop-product__title\"><a href=\"https:\/\/arturf.com\/de\/product\/dura-60\/\" class=\"woocommerce-LoopProduct-link woocommerce-loop-product__link\">Dura 60<\/a><\/p><\/div><div class=\"price-wrapper\"><\/div>\t\t\t\t\t\t\t<\/div>\n\t\t\t\t\t\t<\/div>\n\t\t\t\t\t\t<\/div>\n\t\t\t\t\t<\/div><\/div>\n\n\n\t\t<\/div>\n\t\t\t\t\t<\/div>\n\n\t\n\n<\/div>","protected":false},"excerpt":{"rendered":"","protected":false},"author":3,"featured_media":0,"parent":2230,"menu_order":17,"comment_status":"closed","ping_status":"closed","template":"page-blank.php","meta":{"_seopress_robots_primary_cat":"","_seopress_titles_title":"","_seopress_titles_desc":"Experience superior performance and player safety with Arturf&#039;s rugby artificial turf. Enhance your game with our durable and weather-resistant solution.","_seopress_robots_index":"","footnotes":""},"class_list":["post-3470","page","type-page","status-publish","hentry"],"_links":{"self":[{"href":"https:\/\/arturf.com\/de\/wp-json\/wp\/v2\/pages\/3470","targetHints":{"allow":["GET"]}}],"collection":[{"href":"https:\/\/arturf.com\/de\/wp-json\/wp\/v2\/pages"}],"about":[{"href":"https:\/\/arturf.com\/de\/wp-json\/wp\/v2\/types\/page"}],"author":[{"embeddable":true,"href":"https:\/\/arturf.com\/de\/wp-json\/wp\/v2\/users\/3"}],"replies":[{"embeddable":true,"href":"https:\/\/arturf.com\/de\/wp-json\/wp\/v2\/comments?post=3470"}],"version-history":[{"count":0,"href":"https:\/\/arturf.com\/de\/wp-json\/wp\/v2\/pages\/3470\/revisions"}],"up":[{"embeddable":true,"href":"https:\/\/arturf.com\/de\/wp-json\/wp\/v2\/pages\/2230"}],"wp:attachment":[{"href":"https:\/\/arturf.com\/de\/wp-json\/wp\/v2\/media?parent=3470"}],"curies":[{"name":"wp","href":"https:\/\/api.w.org\/{rel}","templated":true}]}}