{"id":3472,"date":"2012-08-16T14:39:27","date_gmt":"2012-08-16T14:39:27","guid":{"rendered":"https:\/\/arturf.com\/?page_id=3472"},"modified":"2019-04-25T02:14:53","modified_gmt":"2019-04-25T02:14:53","slug":"baseball","status":"publish","type":"page","link":"https:\/\/arturf.com\/de\/sports\/baseball\/","title":{"rendered":"K\u00fcnstliches Rasen-Baseballfeld"},"content":{"rendered":"<div class=\"banner has-hover\" id=\"banner-934693276\">\n          <div class=\"banner-inner fill\">\n        <div class=\"banner-bg fill\" >\n            <img loading=\"lazy\" decoding=\"async\" width=\"1020\" height=\"366\" src=\"https:\/\/arturf.com\/wp-content\/uploads\/2019\/02\/Artificial-Grass-Baseball-Field-1024x367.jpg\" class=\"bg attachment-large size-large\" alt=\"\" \/>                        <div class=\"overlay\"><\/div>            \n                    <\/div>\n\t\t\n        <div class=\"banner-layers container\">\n            <div class=\"fill banner-link\"><\/div>            \n\n   <div id=\"text-box-130345241\" class=\"text-box banner-layer x50 md-x50 lg-x50 y50 md-y50 lg-y50 res-text\">\n                                <div class=\"text-box-content text dark\">\n              \n              <div class=\"text-inner text-center\">\n                  \n\n<h3 class=\"uppercase\">\u00c4ndern Sie dies in irgendetwas<\/h3>\n<p>Lorem ipsum dolor sitzen amet, consectetuer adipiscing elit, sed diam nonummy nibh euismod tincidunt ut laoreet dolore magna aliquam erat volutpat.<\/p>\n<a class=\"button white is-outline\" >\n\t\t<span>Klick mich<\/span>\n\t<\/a>\n\n\n\n              <\/div>\n           <\/div>\n                            \n<style>\n#text-box-130345241 {\n  width: 60%;\n}\n#text-box-130345241 .text-box-content {\n  font-size: 100%;\n}\n<\/style>\n    <\/div>\n \n\n        <\/div>\n      <\/div>\n\n            \n<style>\n#banner-934693276 {\n  padding-top: 400px;\n}\n#banner-934693276 .overlay {\n  background-color: rgba(0, 0, 0, 0.17);\n}\n<\/style>\n  <\/div>\n\n\n<div class=\"row\"  id=\"row-421250953\">\n\n\n\t<div id=\"col-2087813278\" class=\"col small-12 large-12\"  >\n\t\t\t\t<div class=\"col-inner\"  >\n\t\t\t\n\t\t\t\n\n<p>Sportplatzrasen f\u00fcr Baseball ist zu einem derart wachsenden Trend geworden, dass viele Colleges und Universit\u00e4tsmannschaften auf der ganzen Welt beschlossen haben, ihre Spiele auf Kunstrasen \u00fcber Naturrasen zu spielen.<\/p>\n<p>\u00a0Die Textur von Kunstrasen ist auch ideal f\u00fcr eine Sportart wie Baseball, da einige Studien zeigen, dass Kunstrasen eine Traktion aufweist, die wahrscheinlich mit der von Naturrasen vergleichbar ist. Dies liegt daran, dass die Polyethylenklingen eine Oberfl\u00e4che erzeugen, die nicht zu hart oder zu rutschig zum Spielen ist, wodurch ein Verrutschen und m\u00f6gliche Verletzungen verhindert werden. Diese Art von Kunstrasen ist so traktionsfreundlich, dass Sportler die vielen Baseball-Stellungen und -Positionen in ihren Stollen perfekt schwenken und einnehmen k\u00f6nnen.<\/p>\n<p>Es gibt auch viele Kosteneinsparungen f\u00fcr Baseballstadionbesitzer, da synthetische Felder nicht die gleiche zeitintensive Wartung des Trimmens, Bew\u00e4sserns und M\u00e4hens erfordern, die herk\u00f6mmliche Felder ben\u00f6tigen. Wie Sie sehen k\u00f6nnen, war Baseball an der Spitze des Kunstrasen-Trends.<\/p>\n\n\t\t<\/div>\n\t\t\t\t\t<\/div>\n\n\t\n\n<\/div>","protected":false},"excerpt":{"rendered":"","protected":false},"author":3,"featured_media":0,"parent":2230,"menu_order":15,"comment_status":"closed","ping_status":"closed","template":"page-blank.php","meta":{"_seopress_robots_primary_cat":"","_seopress_titles_title":"Artificial Turf for Baseball Field-China Artificial Grass Factory","_seopress_titles_desc":"Artificial turf for baseball has become such a growing trend that many colleges and universities\u2019 teams have chosen to play their games on synthetic grass.","_seopress_robots_index":"","footnotes":""},"class_list":["post-3472","page","type-page","status-publish","hentry"],"_links":{"self":[{"href":"https:\/\/arturf.com\/de\/wp-json\/wp\/v2\/pages\/3472","targetHints":{"allow":["GET"]}}],"collection":[{"href":"https:\/\/arturf.com\/de\/wp-json\/wp\/v2\/pages"}],"about":[{"href":"https:\/\/arturf.com\/de\/wp-json\/wp\/v2\/types\/page"}],"author":[{"embeddable":true,"href":"https:\/\/arturf.com\/de\/wp-json\/wp\/v2\/users\/3"}],"replies":[{"embeddable":true,"href":"https:\/\/arturf.com\/de\/wp-json\/wp\/v2\/comments?post=3472"}],"version-history":[{"count":0,"href":"https:\/\/arturf.com\/de\/wp-json\/wp\/v2\/pages\/3472\/revisions"}],"up":[{"embeddable":true,"href":"https:\/\/arturf.com\/de\/wp-json\/wp\/v2\/pages\/2230"}],"wp:attachment":[{"href":"https:\/\/arturf.com\/de\/wp-json\/wp\/v2\/media?parent=3472"}],"curies":[{"name":"wp","href":"https:\/\/api.w.org\/{rel}","templated":true}]}}