{"id":4360,"date":"2013-04-20T15:15:44","date_gmt":"2013-04-20T15:15:44","guid":{"rendered":"https:\/\/arturf.com\/?page_id=4360"},"modified":"2023-07-08T15:38:22","modified_gmt":"2023-07-08T07:38:22","slug":"paintball-field","status":"publish","type":"page","link":"https:\/\/arturf.com\/de\/sports\/paintball-field\/","title":{"rendered":"Paintballfeld f\u00fcr Kunstrasen"},"content":{"rendered":"<div class=\"banner has-hover\" id=\"banner-787264439\">\n          <div class=\"banner-inner fill\">\n        <div class=\"banner-bg fill\" >\n            <img loading=\"lazy\" decoding=\"async\" width=\"1536\" height=\"614\" src=\"https:\/\/arturf.com\/wp-content\/uploads\/2023\/07\/Arturf-Artificial-Grass-for-Paintball-Banner-1536x614.jpg\" class=\"bg attachment-1536x1536 size-1536x1536\" alt=\"Paintball\" \/>                                    \n                    <\/div>\n\t\t\n        <div class=\"banner-layers container\">\n            <div class=\"fill banner-link\"><\/div>            \n\n   <div id=\"text-box-1177935183\" class=\"text-box banner-layer x50 md-x50 lg-x50 y50 md-y50 lg-y50 res-text\">\n                                <div class=\"text-box-content text dark\">\n              \n              <div class=\"text-inner text-center\">\n                  \n\n<h1>Hochwertiger Kunstrasen f\u00fcr Paintball-Felder<\/h1>\n<p>Langlebiger und sicherer Paintball-Kunstrasen, der f\u00fcr hervorragendes Gameplay und einfache Wartung ausgelegt ist.<\/p>\n\n              <\/div>\n           <\/div>\n                            \n<style>\n#text-box-1177935183 {\n  width: 60%;\n}\n#text-box-1177935183 .text-box-content {\n  font-size: 100%;\n}\n<\/style>\n    <\/div>\n \n\n        <\/div>\n      <\/div>\n\n            \n<style>\n#banner-787264439 {\n  padding-top: 500px;\n}\n<\/style>\n  <\/div>\n\n\n<div class=\"row align-center\"  id=\"row-853786408\">\n\n\n\t<div id=\"col-1710369987\" class=\"col medium-10 small-12 large-10\"  >\n\t\t\t\t<div class=\"col-inner\"  >\n\t\t\t\n\t\t\t\n\n<p>Paintball, eine beliebte Sport- und Freizeitbesch\u00e4ftigung, erfordert ein Spielfeld, das langlebig und langlebig ist. W\u00e4hrend einige Paintballfelder nat\u00fcrliche Umgebungen wie W\u00e4lder oder W\u00fcsten integrieren, entscheiden sich viele Innen- und Au\u00dfenanlagen f\u00fcr Kunstrasen. Kunstrasen wurde speziell f\u00fcr die Paintball-Umgebung entwickelt und bietet den Spielern Traktion und Sicherheit. Wenn es um hochwertigen Kunstrasen f\u00fcr Paintballfelder geht, ist Arturf als renommierter Hersteller f\u00fchrend. Wir bieten eine vielf\u00e4ltige Auswahl an modernen Kunstrasenoptionen, die speziell auf die besonderen Anforderungen des Paintballsports zugeschnitten sind.<\/p>\n<h2>Warum sollten Sie sich f\u00fcr den professionellen Kunstrasen von Arturf f\u00fcr Paintball entscheiden?<\/h2>\n<ol>\n<li>\n<h4>\u00dcberlegene Qualit\u00e4t und Haltbarkeit<\/h4>\n<p>Bei Arturf sind wir stolz darauf, Kunstrasen von au\u00dfergew\u00f6hnlicher Qualit\u00e4t zu liefern. Unser Rasen ist so konstruiert, dass er den Anforderungen intensiver Paintball-Spiele standh\u00e4lt und eine dauerhafte Leistung und Haltbarkeit gew\u00e4hrleistet. Sie k\u00f6nnen darauf vertrauen, dass unsere Produkte eine zuverl\u00e4ssige und sichere Spieloberfl\u00e4che f\u00fcr Spieler aller Spielst\u00e4rken bieten.<\/p>\n<\/li>\n<li>\n<h4>Auf Ihre Bed\u00fcrfnisse zugeschnitten<\/h4>\n<p>Wir verstehen, dass jedes Paintballfeld einzigartig ist, und bieten daher eine breite Palette an Anpassungsm\u00f6glichkeiten an. Von unterschiedlichen Fl\u00e4chengewichten bis hin zu unterschiedlichen Florh\u00f6hen und -dichten kann unser Kunstrasen auf Ihre spezifischen Anforderungen zugeschnitten werden. Wir arbeiten eng mit Ihnen zusammen, um die perfekte L\u00f6sung zu finden, die das gesamte Paintball-Erlebnis verbessert.<\/p>\n<\/li>\n<li>\n<h4>Geringer Wartungsaufwand und Anpassungsf\u00e4higkeit<\/h4>\n<p>Der Kunstrasen von Arturf ist auf geringen Wartungsaufwand ausgelegt. Verabschieden Sie sich vom st\u00e4ndigen Gie\u00dfen, M\u00e4hen und D\u00fcngen, das f\u00fcr Naturrasen erforderlich ist. Unser Rasen erfordert nur minimale Pflege, sodass Sie sich mehr auf das Spiel konzentrieren k\u00f6nnen. Dar\u00fcber hinaus ist unser Rasen an verschiedene Spielfeldkonfigurationen anpassbar, bietet problemlos Platz f\u00fcr Spielfeldbunker und bietet den Spielern optimale Traktion und Sicherheit.<\/p>\n<\/li>\n<li>\n<h4>Fachwissen und Vertrauen<\/h4>\n<p>Mit unserer umfassenden Erfahrung in der Branche hat Arturf das Vertrauen von Paintball-Enthusiasten weltweit gewonnen. Wir sind bestrebt, qualitativ hochwertige Kunstrasenl\u00f6sungen zu liefern, die den h\u00f6chsten Standards entsprechen. Wenn Sie sich f\u00fcr Arturf entscheiden, entscheiden Sie sich f\u00fcr einen zuverl\u00e4ssigen Partner, der sich f\u00fcr den Erfolg Ihres Paintballfeldes einsetzt.<\/p>\n<\/li>\n<\/ol>\n<p><img alt=\"Paintball\" loading=\"lazy\" decoding=\"async\" class=\"aligncenter wp-image-4466 size-full\" src=\"https:\/\/arturf.com\/wp-content\/uploads\/2013\/04\/Artificial-Turf-Paintball-Field-3.jpg\" width=\"600\" height=\"450\" srcset=\"https:\/\/arturf.com\/wp-content\/uploads\/2013\/04\/Artificial-Turf-Paintball-Field-3.jpg 600w, https:\/\/arturf.com\/wp-content\/uploads\/2013\/04\/Artificial-Turf-Paintball-Field-3-300x225.jpg 300w, https:\/\/arturf.com\/wp-content\/uploads\/2013\/04\/Artificial-Turf-Paintball-Field-3-200x150.jpg 200w, https:\/\/arturf.com\/wp-content\/uploads\/2013\/04\/Artificial-Turf-Paintball-Field-3-16x12.jpg 16w, https:\/\/arturf.com\/wp-content\/uploads\/2013\/04\/Artificial-Turf-Paintball-Field-3-350x263.jpg 350w, https:\/\/arturf.com\/wp-content\/uploads\/2013\/04\/Artificial-Turf-Paintball-Field-3-510x383.jpg 510w\" sizes=\"auto, (max-width: 600px) 100vw, 600px\" \/><\/p>\n<h2>Auswahl des richtigen Kunstrasens f\u00fcr Paintballfelder<\/h2>\n<ol>\n<li>\n<h4>Rasen mit kurzer Klinge<\/h4>\n<p>Kurzrasenrasen eignet sich sowohl f\u00fcr Innen- als auch f\u00fcr Au\u00dfenfelder und l\u00e4sst sich leichter reinigen. Wenn Sie eine \u201eechtes Gras\u201c-\u00c4sthetik f\u00fcr Ihr Outdoor-Paintballfeld bevorzugen, sollten Sie unsere in Betracht ziehen <a href=\"https:\/\/arturf.com\/de\/products\/landscape-grass\/\">Rasen mit langer Klinge<\/a>.<\/p>\n<\/li>\n<li>\n<h4>Rasen mit langer Klinge<\/h4>\n<p>Rasen mit langen Klingen wird haupts\u00e4chlich f\u00fcr Au\u00dfenfelder verwendet, da die Reinigung langer Klingen in Innenr\u00e4umen eine Herausforderung darstellt. Wenn Sie \u00fcber eine Indoor-Paintball-Anlage verf\u00fcgen, empfehlen wir Ihnen, unsere Auswahl zu erkunden <a href=\"https:\/\/arturf.com\/de\/products\/multi-purpose\/\">\u201eKurzer\u201c Rasen<\/a> f\u00fcr eine bequemere Wartung.<\/p>\n<\/li>\n<\/ol>\n<h2>W\u00e4hlen Sie Arturf f\u00fcr eine erstklassige Paintball-Feldl\u00f6sung<\/h2>\n<p>Wenn es um professionellen Kunstrasen f\u00fcr Paintballfelder geht, ist Arturf der Name, auf den Sie sich verlassen k\u00f6nnen. Mit anpassbaren Funktionen wie Fl\u00e4chengewichten, Dichte und Florh\u00f6hen sorgen unsere Produkte daf\u00fcr, dass sie perfekt zu Ihrer Paintball-Anlage passen, egal ob drinnen oder drau\u00dfen. Erwarten Sie h\u00f6chste Qualit\u00e4t, Sicherheit und Haltbarkeit vom Kunstrasen von Arturf, der f\u00fcr seine Anpassungsf\u00e4higkeit und geringen Wartungsaufwand bekannt ist. Vertrauen Sie auf unser Fachwissen, um eine langlebige und au\u00dfergew\u00f6hnliche Paintball-Feldl\u00f6sung bereitzustellen. W\u00e4hlen Sie Arturf f\u00fcr den besten Kunstrasen.<\/p>\n\n\t\t<\/div>\n\t\t\t\t\t<\/div>\n\n\t\n\n<\/div>","protected":false},"excerpt":{"rendered":"","protected":false},"author":3,"featured_media":0,"parent":2230,"menu_order":22,"comment_status":"closed","ping_status":"closed","template":"page-blank.php","meta":{"_seopress_robots_primary_cat":"","_seopress_titles_title":"Superior Synthetic Turf for Paintball Fields","_seopress_titles_desc":"Experience safe and enjoyable paintball with Arturf&#039;s durable, adaptable, and low-maintenance synthetic turf. Discover our high-quality products today.","_seopress_robots_index":"","footnotes":""},"class_list":["post-4360","page","type-page","status-publish","hentry"],"_links":{"self":[{"href":"https:\/\/arturf.com\/de\/wp-json\/wp\/v2\/pages\/4360","targetHints":{"allow":["GET"]}}],"collection":[{"href":"https:\/\/arturf.com\/de\/wp-json\/wp\/v2\/pages"}],"about":[{"href":"https:\/\/arturf.com\/de\/wp-json\/wp\/v2\/types\/page"}],"author":[{"embeddable":true,"href":"https:\/\/arturf.com\/de\/wp-json\/wp\/v2\/users\/3"}],"replies":[{"embeddable":true,"href":"https:\/\/arturf.com\/de\/wp-json\/wp\/v2\/comments?post=4360"}],"version-history":[{"count":0,"href":"https:\/\/arturf.com\/de\/wp-json\/wp\/v2\/pages\/4360\/revisions"}],"up":[{"embeddable":true,"href":"https:\/\/arturf.com\/de\/wp-json\/wp\/v2\/pages\/2230"}],"wp:attachment":[{"href":"https:\/\/arturf.com\/de\/wp-json\/wp\/v2\/media?parent=4360"}],"curies":[{"name":"wp","href":"https:\/\/api.w.org\/{rel}","templated":true}]}}