{"id":4501,"date":"2013-10-25T14:22:25","date_gmt":"2013-10-25T14:22:25","guid":{"rendered":"https:\/\/arturf.com\/?page_id=4501"},"modified":"2023-07-08T15:49:35","modified_gmt":"2023-07-08T07:49:35","slug":"cricket","status":"publish","type":"page","link":"https:\/\/arturf.com\/de\/sports\/cricket\/","title":{"rendered":"Kunstrasen Cricket Pitch"},"content":{"rendered":"<div class=\"banner has-hover\" id=\"banner-1956673491\">\n          <div class=\"banner-inner fill\">\n        <div class=\"banner-bg fill\" >\n            <img loading=\"lazy\" decoding=\"async\" width=\"1536\" height=\"614\" src=\"https:\/\/arturf.com\/wp-content\/uploads\/2023\/07\/Artificial-turf-Cricket-Pitch-Arturf-1536x614.jpg\" class=\"bg attachment-1536x1536 size-1536x1536\" alt=\"Cricket, Kunstrasen\" \/>                                    \n                    <\/div>\n\t\t\n        <div class=\"banner-layers container\">\n            <div class=\"fill banner-link\"><\/div>            \n\n   <div id=\"text-box-1547661518\" class=\"text-box banner-layer x50 md-x50 lg-x50 y50 md-y50 lg-y50 res-text\">\n                                <div class=\"text-box-content text dark\">\n              \n              <div class=\"text-inner text-center\">\n                  \n\n<h1>Premium-Kunstrasen f\u00fcr Cricketpl\u00e4tze<\/h1>\n\n              <\/div>\n           <\/div>\n                            \n<style>\n#text-box-1547661518 {\n  width: 60%;\n}\n#text-box-1547661518 .text-box-content {\n  font-size: 100%;\n}\n<\/style>\n    <\/div>\n \n\n        <\/div>\n      <\/div>\n\n            \n<style>\n#banner-1956673491 {\n  padding-top: 500px;\n}\n<\/style>\n  <\/div>\n\n\n<div class=\"row align-center\"  id=\"row-685972668\">\n\n\n\t<div id=\"col-376826844\" class=\"col medium-10 small-12 large-10\"  >\n\t\t\t\t<div class=\"col-inner\"  >\n\t\t\t\n\t\t\t\n\n<p>Kunstrasen hat die Art und Weise revolutioniert <a href=\"https:\/\/arturf.com\/de\/sports\/\">Sport<\/a> werden weltweit gespielt und genossen, und Cricket ist da keine Ausnahme. Aufgrund seiner zahlreichen Vorteile gegen\u00fcber Naturrasen wird Kunstrasen f\u00fcr Cricketpl\u00e4tze immer beliebter und bietet eine gleichm\u00e4\u00dfige, langlebige und pflegeleichte Spieloberfl\u00e4che. Als f\u00fchrender Anbieter von Premium-Kunstrasen bietet Arturf eine Reihe hochwertiger Kunstrasenl\u00f6sungen speziell f\u00fcr Cricketpl\u00e4tze an. In diesem Artikel untersuchen wir die Vorteile der Verwendung von Kunstrasen und wie er Ihr Cricket-Erlebnis verbessern kann.<\/p>\n<h3>Un\u00fcbertroffene Haltbarkeit und Leistung:<\/h3>\n<p>Kunstrasen f\u00fcr Cricketpl\u00e4tze ist so konzipiert, dass er den Strapazen intensiven Spiels und h\u00e4ufiger Nutzung standh\u00e4lt. Im Gegensatz zu Naturrasen, der sich schnell abnutzen und unebene Stellen bilden kann, beh\u00e4lt Kunstrasen seinen makellosen Zustand auch nach intensiver Nutzung. Die fortschrittlichen Materialien und innovativen Herstellungstechniken sorgen daf\u00fcr, dass Kunstrasen \u00e4u\u00dferst widerstandsf\u00e4hig gegen Abnutzung und den Aufprall von Cricketb\u00e4llen ist, sodass die Spieler \u00fcber Jahre hinweg eine konstante und zuverl\u00e4ssige Spieloberfl\u00e4che genie\u00dfen k\u00f6nnen.<\/p>\n<h3>Konsistente Spieloberfl\u00e4che:<\/h3>\n<p>Einer der Hauptvorteile von Kunstrasen ist seine F\u00e4higkeit, das ganze Jahr \u00fcber eine gleichm\u00e4\u00dfige Spielfl\u00e4che zu bieten, unabh\u00e4ngig von den Wetterbedingungen. Entwickelt, um die Eigenschaften von Naturrasen nachzuahmen, bietet es einen hervorragenden Ballsprung und ein vorhersehbares Ballverhalten. Diese Konstanz erm\u00f6glicht es den Spielern, ihre F\u00e4higkeiten und Strategien weiterzuentwickeln, ohne durch unvorhersehbare Schwankungen auf dem Spielfeld behindert zu werden. Ganz gleich, ob es sich um ein rasantes Spiel oder eine gem\u00fctliche Trainingseinheit handelt, Kunstrasen sorgt f\u00fcr gleiche Wettbewerbsbedingungen f\u00fcr alle Cricket-Enthusiasten.<\/p>\n<h3>Wartungsarm und kosteng\u00fcnstig:<\/h3>\n<p>Die Instandhaltung eines Cricketplatzes mit Naturrasen erfordert viel Zeit, M\u00fche und finanzielle Ressourcen. Regelm\u00e4\u00dfiges M\u00e4hen, Bew\u00e4ssern und Sch\u00e4dlingsbek\u00e4mpfung sind nur einige der Aufgaben, die erforderlich sind, um den Platz in einem optimalen Zustand zu halten. Kunstrasen macht eine derart umfangreiche Pflege \u00fcberfl\u00fcssig und spart Zeit und Geld. Mit minimalem Wartungsaufwand wie gelegentlichem B\u00fcrsten und Reinigen k\u00f6nnen Cricketclubs und -einrichtungen ihre Ressourcen effizienter einsetzen und sich auf die Verbesserung des gesamten Cricketerlebnisses f\u00fcr Spieler und Zuschauer konzentrieren.<\/p>\n<h3>Vorteile f\u00fcr die Umwelt:<\/h3>\n<p>Kunstrasen spiegelt die Verpflichtung wider, nachhaltige und umweltfreundliche L\u00f6sungen anzubieten. Durch die Entscheidung f\u00fcr Kunstrasen anstelle von Naturrasen tragen Cricketclubs zum Wasserschutz bei, indem sie die Notwendigkeit einer Bew\u00e4sserung beseitigen. Dar\u00fcber hinaus verringert der Verzicht auf Pestizide, D\u00fcngemittel und Herbizide, die typischerweise mit der Naturrasenpflege einhergehen, die Umweltverschmutzung. Mit Kunstrasen k\u00f6nnen Sie das Cricketspiel genie\u00dfen und gleichzeitig Ihren \u00f6kologischen Fu\u00dfabdruck minimieren.<\/p>\n<h3>Fazit:<\/h3>\n<p>Kunstrasen hat die Art und Weise, wie Cricket gespielt wird, ver\u00e4ndert und bietet Haltbarkeit, Leistungskonstanz und Kosteneffizienz. Als f\u00fchrender Anbieter von Premium-Kunstrasen bietet Arturf hochwertige L\u00f6sungen, die speziell auf Cricketpl\u00e4tze zugeschnitten sind. Durch die Wahl von Kunstrasen k\u00f6nnen Cricket-Enthusiasten eine zuverl\u00e4ssige, wartungsarme Spieloberfl\u00e4che genie\u00dfen, die das gesamte Cricket-Erlebnis verbessert. Ganz gleich, ob Sie ein professioneller Spieler, ein leidenschaftlicher Amateur oder ein Cricket-Verein sind, der seine Einrichtungen modernisieren m\u00f6chte, die Investition in erstklassigen Kunstrasen f\u00fcr Cricketpl\u00e4tze kann Ihr Spiel auf ein neues Niveau bringen.<\/p>\n<p><img loading=\"lazy\" decoding=\"async\" class=\"alignnone size-full wp-image-4727\" title=\"Kunstrasen Cricket Pitch\" src=\"https:\/\/arturf.com\/wp-content\/uploads\/2013\/10\/cricket-3.jpg\" alt=\"Kunstrasen Cricket Pitch\" width=\"600\" height=\"450\" srcset=\"https:\/\/arturf.com\/wp-content\/uploads\/2013\/10\/cricket-3.jpg 600w, https:\/\/arturf.com\/wp-content\/uploads\/2013\/10\/cricket-3-300x225.jpg 300w, https:\/\/arturf.com\/wp-content\/uploads\/2013\/10\/cricket-3-200x150.jpg 200w, https:\/\/arturf.com\/wp-content\/uploads\/2013\/10\/cricket-3-16x12.jpg 16w, https:\/\/arturf.com\/wp-content\/uploads\/2013\/10\/cricket-3-350x263.jpg 350w, https:\/\/arturf.com\/wp-content\/uploads\/2013\/10\/cricket-3-510x383.jpg 510w\" sizes=\"auto, (max-width: 600px) 100vw, 600px\" \/><\/p>\n\t\n  \n    <div class=\"row large-columns-4 medium-columns-3 small-columns-2 row-small slider row-slider slider-nav-reveal slider-nav-push\"  data-flickity-options='{&quot;imagesLoaded&quot;: true, &quot;groupCells&quot;: &quot;100%&quot;, &quot;dragThreshold&quot; : 5, &quot;cellAlign&quot;: &quot;left&quot;,&quot;wrapAround&quot;: true,&quot;prevNextButtons&quot;: true,&quot;percentPosition&quot;: true,&quot;pageDots&quot;: false, &quot;rightToLeft&quot;: false, &quot;autoPlay&quot; : false}' >\n\n  \n\t     <div class=\"product-small col has-hover product type-product post-6559 status-publish first instock product_cat-tennis product_cat-multi-purpose product_cat-hockey has-post-thumbnail shipping-taxable product-type-simple\">\n\t<div class=\"col-inner\">\n\t\n<div class=\"badge-container absolute left top z-1\">\n\n<\/div>\n\t<div class=\"product-small box\">\n\t\t<div class=\"box-image\">\n\t\t\t<div class=\"image-fade_in_back\">\n\t\t\t\t<a href=\"https:\/\/arturf.com\/de\/product\/tennis-multi-sports-artificial-grass-elite\/\">\n\t\t\t\t\t<img loading=\"lazy\" decoding=\"async\" width=\"350\" height=\"263\" src=\"https:\/\/arturf.com\/wp-content\/uploads\/2018\/06\/Fibrillated-Artificial-Grass-Elite-12-350x263.jpg\" class=\"attachment-woocommerce_thumbnail size-woocommerce_thumbnail\" alt=\"Kunstrasen f\u00fcr Tennis und Multisportarten - Elite\" srcset=\"https:\/\/arturf.com\/wp-content\/uploads\/2018\/06\/Fibrillated-Artificial-Grass-Elite-12-350x263.jpg 350w, https:\/\/arturf.com\/wp-content\/uploads\/2018\/06\/Fibrillated-Artificial-Grass-Elite-12-300x225.jpg 300w, https:\/\/arturf.com\/wp-content\/uploads\/2018\/06\/Fibrillated-Artificial-Grass-Elite-12-200x150.jpg 200w, https:\/\/arturf.com\/wp-content\/uploads\/2018\/06\/Fibrillated-Artificial-Grass-Elite-12-768x576.jpg 768w, https:\/\/arturf.com\/wp-content\/uploads\/2018\/06\/Fibrillated-Artificial-Grass-Elite-12-16x12.jpg 16w, https:\/\/arturf.com\/wp-content\/uploads\/2018\/06\/Fibrillated-Artificial-Grass-Elite-12-510x383.jpg 510w, https:\/\/arturf.com\/wp-content\/uploads\/2018\/06\/Fibrillated-Artificial-Grass-Elite-12.jpg 800w\" sizes=\"auto, (max-width: 350px) 100vw, 350px\" \/><img loading=\"lazy\" decoding=\"async\" width=\"350\" height=\"263\" src=\"https:\/\/arturf.com\/wp-content\/uploads\/2018\/06\/Tennis-Court-Artificial-Turf-F15-Red-350x263.jpg\" class=\"show-on-hover absolute fill hide-for-small back-image\" alt=\"Alternative Ansicht von Tennis- und Multisport-Kunstrasen \u2013 Elite\" aria-hidden=\"true\" srcset=\"https:\/\/arturf.com\/wp-content\/uploads\/2018\/06\/Tennis-Court-Artificial-Turf-F15-Red-350x263.jpg 350w, https:\/\/arturf.com\/wp-content\/uploads\/2018\/06\/Tennis-Court-Artificial-Turf-F15-Red-300x225.jpg 300w, https:\/\/arturf.com\/wp-content\/uploads\/2018\/06\/Tennis-Court-Artificial-Turf-F15-Red-200x150.jpg 200w, https:\/\/arturf.com\/wp-content\/uploads\/2018\/06\/Tennis-Court-Artificial-Turf-F15-Red-768x576.jpg 768w, https:\/\/arturf.com\/wp-content\/uploads\/2018\/06\/Tennis-Court-Artificial-Turf-F15-Red-16x12.jpg 16w, https:\/\/arturf.com\/wp-content\/uploads\/2018\/06\/Tennis-Court-Artificial-Turf-F15-Red-510x383.jpg 510w, https:\/\/arturf.com\/wp-content\/uploads\/2018\/06\/Tennis-Court-Artificial-Turf-F15-Red.jpg 800w\" sizes=\"auto, (max-width: 350px) 100vw, 350px\" \/>\t\t\t\t<\/a>\n\t\t\t<\/div>\n\t\t\t<div class=\"image-tools is-small top right show-on-hover\">\n\t\t\t\t\t\t\t<\/div>\n\t\t\t<div class=\"image-tools is-small hide-for-small bottom left show-on-hover\">\n\t\t\t\t\t\t\t<\/div>\n\t\t\t<div class=\"image-tools grid-tools text-center hide-for-small bottom hover-slide-in show-on-hover\">\n\t\t\t\t<a href=\"#quick-view\" class=\"quick-view\" role=\"button\" data-prod=\"6559\" aria-haspopup=\"dialog\" aria-expanded=\"false\" data-flatsome-role-button>Schnellansicht<\/a>\t\t\t<\/div>\n\t\t\t\t\t<\/div>\n\n\t\t<div class=\"box-text box-text-products\">\n\t\t\t<div class=\"title-wrapper\">\t\t<p class=\"category uppercase is-smaller no-text-overflow product-cat op-8\">\n\t\t\tTennis\t\t<\/p>\n\t<p class=\"name product-title woocommerce-loop-product__title\"><a href=\"https:\/\/arturf.com\/de\/product\/tennis-multi-sports-artificial-grass-elite\/\" class=\"woocommerce-LoopProduct-link woocommerce-loop-product__link\">Kunstrasen f\u00fcr Tennis und Multisportarten - Elite<\/a><\/p><\/div><div class=\"price-wrapper\"><\/div>\t\t<\/div>\n\t<\/div>\n\t\t<\/div>\n<\/div><div class=\"product-small col has-hover product type-product post-6519 status-publish instock product_cat-golf product_cat-tennis product_cat-multi-purpose has-post-thumbnail shipping-taxable product-type-simple\">\n\t<div class=\"col-inner\">\n\t\n<div class=\"badge-container absolute left top z-1\">\n\n<\/div>\n\t<div class=\"product-small box\">\n\t\t<div class=\"box-image\">\n\t\t\t<div class=\"image-fade_in_back\">\n\t\t\t\t<a href=\"https:\/\/arturf.com\/de\/product\/flex\/\">\n\t\t\t\t\t<img loading=\"lazy\" decoding=\"async\" width=\"350\" height=\"263\" src=\"https:\/\/arturf.com\/wp-content\/uploads\/2018\/05\/Arturf-Putting-Green-Flex-Pro-16-1-1-350x263.jpg\" class=\"attachment-woocommerce_thumbnail size-woocommerce_thumbnail\" alt=\"Biegen\" srcset=\"https:\/\/arturf.com\/wp-content\/uploads\/2018\/05\/Arturf-Putting-Green-Flex-Pro-16-1-1-350x263.jpg 350w, https:\/\/arturf.com\/wp-content\/uploads\/2018\/05\/Arturf-Putting-Green-Flex-Pro-16-1-1-500x375.jpg 500w, https:\/\/arturf.com\/wp-content\/uploads\/2018\/05\/Arturf-Putting-Green-Flex-Pro-16-1-1-200x150.jpg 200w, https:\/\/arturf.com\/wp-content\/uploads\/2018\/05\/Arturf-Putting-Green-Flex-Pro-16-1-1-768x576.jpg 768w, https:\/\/arturf.com\/wp-content\/uploads\/2018\/05\/Arturf-Putting-Green-Flex-Pro-16-1-1-16x12.jpg 16w, https:\/\/arturf.com\/wp-content\/uploads\/2018\/05\/Arturf-Putting-Green-Flex-Pro-16-1-1-510x383.jpg 510w, https:\/\/arturf.com\/wp-content\/uploads\/2018\/05\/Arturf-Putting-Green-Flex-Pro-16-1-1.jpg 800w\" sizes=\"auto, (max-width: 350px) 100vw, 350px\" \/><img loading=\"lazy\" decoding=\"async\" width=\"350\" height=\"263\" src=\"https:\/\/arturf.com\/wp-content\/uploads\/2018\/05\/Flex-Green-350x263.jpg\" class=\"show-on-hover absolute fill hide-for-small back-image\" alt=\"Alternative Ansicht von Flex\" aria-hidden=\"true\" srcset=\"https:\/\/arturf.com\/wp-content\/uploads\/2018\/05\/Flex-Green-350x263.jpg 350w, https:\/\/arturf.com\/wp-content\/uploads\/2018\/05\/Flex-Green-500x375.jpg 500w, https:\/\/arturf.com\/wp-content\/uploads\/2018\/05\/Flex-Green-200x150.jpg 200w, https:\/\/arturf.com\/wp-content\/uploads\/2018\/05\/Flex-Green-768x576.jpg 768w, https:\/\/arturf.com\/wp-content\/uploads\/2018\/05\/Flex-Green-16x12.jpg 16w, https:\/\/arturf.com\/wp-content\/uploads\/2018\/05\/Flex-Green-510x383.jpg 510w, https:\/\/arturf.com\/wp-content\/uploads\/2018\/05\/Flex-Green.jpg 800w\" sizes=\"auto, (max-width: 350px) 100vw, 350px\" \/>\t\t\t\t<\/a>\n\t\t\t<\/div>\n\t\t\t<div class=\"image-tools is-small top right show-on-hover\">\n\t\t\t\t\t\t\t<\/div>\n\t\t\t<div class=\"image-tools is-small hide-for-small bottom left show-on-hover\">\n\t\t\t\t\t\t\t<\/div>\n\t\t\t<div class=\"image-tools grid-tools text-center hide-for-small bottom hover-slide-in show-on-hover\">\n\t\t\t\t<a href=\"#quick-view\" class=\"quick-view\" role=\"button\" data-prod=\"6519\" aria-haspopup=\"dialog\" aria-expanded=\"false\" data-flatsome-role-button>Schnellansicht<\/a>\t\t\t<\/div>\n\t\t\t\t\t<\/div>\n\n\t\t<div class=\"box-text box-text-products\">\n\t\t\t<div class=\"title-wrapper\">\t\t<p class=\"category uppercase is-smaller no-text-overflow product-cat op-8\">\n\t\t\tGolfprodukte\t\t<\/p>\n\t<p class=\"name product-title woocommerce-loop-product__title\"><a href=\"https:\/\/arturf.com\/de\/product\/flex\/\" class=\"woocommerce-LoopProduct-link woocommerce-loop-product__link\">Biegen<\/a><\/p><\/div><div class=\"price-wrapper\"><\/div>\t\t<\/div>\n\t<\/div>\n\t\t<\/div>\n<\/div><\/div>\n\n\n\t\t<\/div>\n\t\t\t\t\t<\/div>\n\n\t\n\n<\/div>","protected":false},"excerpt":{"rendered":"","protected":false},"author":3,"featured_media":0,"parent":2230,"menu_order":20,"comment_status":"closed","ping_status":"closed","template":"page-blank.php","meta":{"_seopress_robots_primary_cat":"","_seopress_titles_title":"","_seopress_titles_desc":"Enhance cricket with Arturf&#039;s premium artificial grass - durable, high-performance, low maintenance. Elevate your game now!","_seopress_robots_index":"","footnotes":""},"class_list":["post-4501","page","type-page","status-publish","hentry"],"_links":{"self":[{"href":"https:\/\/arturf.com\/de\/wp-json\/wp\/v2\/pages\/4501","targetHints":{"allow":["GET"]}}],"collection":[{"href":"https:\/\/arturf.com\/de\/wp-json\/wp\/v2\/pages"}],"about":[{"href":"https:\/\/arturf.com\/de\/wp-json\/wp\/v2\/types\/page"}],"author":[{"embeddable":true,"href":"https:\/\/arturf.com\/de\/wp-json\/wp\/v2\/users\/3"}],"replies":[{"embeddable":true,"href":"https:\/\/arturf.com\/de\/wp-json\/wp\/v2\/comments?post=4501"}],"version-history":[{"count":0,"href":"https:\/\/arturf.com\/de\/wp-json\/wp\/v2\/pages\/4501\/revisions"}],"up":[{"embeddable":true,"href":"https:\/\/arturf.com\/de\/wp-json\/wp\/v2\/pages\/2230"}],"wp:attachment":[{"href":"https:\/\/arturf.com\/de\/wp-json\/wp\/v2\/media?parent=4501"}],"curies":[{"name":"wp","href":"https:\/\/api.w.org\/{rel}","templated":true}]}}