{"id":6786,"date":"2018-08-04T08:57:54","date_gmt":"2018-08-04T08:57:54","guid":{"rendered":"https:\/\/arturf.com\/?page_id=6786"},"modified":"2023-07-13T11:29:03","modified_gmt":"2023-07-13T03:29:03","slug":"artificial-grass-factory","status":"publish","type":"page","link":"https:\/\/arturf.com\/de\/about\/artificial-grass-factory\/","title":{"rendered":"Kunstrasenfabrik"},"content":{"rendered":"<section class=\"section dark\" id=\"section_2026069050\">\n\t\t<div class=\"section-bg fill\" >\n\t\t\t<img loading=\"lazy\" decoding=\"async\" width=\"1536\" height=\"1152\" src=\"https:\/\/arturf.com\/wp-content\/uploads\/2023\/07\/Arturf-Factory-Artificial-Grass-Tufting-1536x1152.jpg\" class=\"bg attachment-1536x1536 size-1536x1536\" alt=\"Hersteller\" \/>\t\t\t\t\t\t<div class=\"section-bg-overlay absolute fill\"><\/div>\n\t\t\t\n\n\t\t<\/div>\n\n\t\t\n\n\t\t<div class=\"section-content relative\">\n\t\t\t\n\n<div class=\"row align-center\"  id=\"row-1446922514\">\n\n\n\t<div id=\"col-839730385\" class=\"col medium-10 small-12 large-7\"  >\n\t\t\t\t<div class=\"col-inner text-center\"  >\n\t\t\t\n\t\t\t\n\n<div class=\"video-button-wrapper\" style=\"font-size:120%\"><a href=\"https:\/\/www.youtube.com\/watch?v=zJLf-lc35wc\" class=\"button open-video icon circle is-outline is-xlarge\" role=\"button\" aria-label=\"Video in Lightbox \u00f6ffnen\" data-flatsome-role-button><i class=\"icon-play\" aria-hidden=\"true\" style=\"font-size:1.5em;\"><\/i><\/a><\/div>\n\n\t<div id=\"text-401318326\" class=\"text\">\n\t\t\n\n<h1>Kunstrasenfabrik<\/h1>\n\t\t\n<style>\n#text-401318326 {\n  font-size: 1.5rem;\n}\n<\/style>\n\t<\/div>\n\t\n<p>Arturf zeichnet sich als f\u00fchrender Kunstrasenhersteller in China dadurch aus, dass es die vollst\u00e4ndige Kontrolle \u00fcber den gesamten Herstellungsprozess beh\u00e4lt.<\/p>\n\t<div id=\"gap-81946981\" class=\"gap-element clearfix\" style=\"display:block; height:auto;\">\n\t\t\n<style>\n#gap-81946981 {\n  padding-top: 10px;\n}\n<\/style>\n\t<\/div>\n\t\n\n\n\t\t<\/div>\n\t\t\t\t\t<\/div>\n\n\t\n\n<\/div>\n\n\t\t<\/div>\n\n\t\t\n<style>\n#section_2026069050 {\n  padding-top: 30px;\n  padding-bottom: 30px;\n  min-height: 600px;\n}\n#section_2026069050 .section-bg-overlay {\n  background-color: rgba(0, 0, 0, 0.5);\n}\n@media (min-width:550px) {\n  #section_2026069050 {\n    min-height: 700px;\n  }\n}\n@media (min-width:850px) {\n  #section_2026069050 {\n    min-height: 900px;\n  }\n}\n<\/style>\n\t<\/section>\n\t\n<div class=\"row align-middle align-center\"  id=\"row-395477268\">\n\n\n\t<div id=\"col-818023466\" class=\"col small-12 large-12\"  >\n\t\t\t\t<div class=\"col-inner\"  >\n\t\t\t\n\t\t\t\n\n\t<div id=\"gap-1906217732\" class=\"gap-element clearfix\" style=\"display:block; height:auto;\">\n\t\t\n<style>\n#gap-1906217732 {\n  padding-top: 30px;\n}\n<\/style>\n\t<\/div>\n\t\n\n<p>Arturf, ein zuverl\u00e4ssiger Kunstrasenhersteller in China, hebt sich von der Konkurrenz ab, indem es den gesamten Herstellungsprozess \u00fcberwacht und eine strenge Kontrolle und einwandfreie Qualit\u00e4t gew\u00e4hrleistet. Begleiten Sie uns auf einer au\u00dfergew\u00f6hnlichen Werksf\u00fchrung, bei der wir die Feinheiten unserer drei wesentlichen Herstellungsschritte enth\u00fcllen: Faserextrudieren, Turf-Tufting und R\u00fcckseitenbeschichtung. Jeder Schritt tr\u00e4gt zur Entstehung unserer hochwertigen Kunstrasenprodukte bei.<\/p>\n\n\t\t<\/div>\n\t\t\t\t\t<\/div>\n\n\t\n\n<\/div>\n<div class=\"row align-middle\"  id=\"row-354673891\">\n\n\n\t<div id=\"col-838113442\" class=\"col medium-6 small-12 large-6\"  >\n\t\t\t\t<div class=\"col-inner\"  >\n\t\t\t\n\t\t\t\n\n\t<div id=\"gap-1428526563\" class=\"gap-element clearfix\" style=\"display:block; height:auto;\">\n\t\t\n<style>\n#gap-1428526563 {\n  padding-top: 30px;\n}\n<\/style>\n\t<\/div>\n\t\n\n<h3>Extrudieren \u2013 Die Essenz von Kunstrasen erschaffen<\/h3>\n<p>Das Herzst\u00fcck eines jeden Kunstrasensystems ist das Garn, eine entscheidende Komponente, die sich direkt auf Leistung und Lebensdauer auswirkt. Bei Arturf nehmen wir diesen Aspekt ernst. Unser Garn wird sorgf\u00e4ltig aus hochwertigen Harzpellets hergestellt, die eingeschmolzen werden, um die Grundlage f\u00fcr unsere Kunstrasengarne zu bilden. W\u00e4hrend dieses entscheidenden Extrusionsprozesses integrieren wir hochwertige UV-Inhibitoren und andere Zusatzstoffe, die die Langlebigkeit unserer Kunstrasenprodukte erh\u00f6hen. Diese Merkmale werden zu einem festen Bestandteil des Grases und stellen sicher, dass sie mit der Zeit weder verblassen noch weggewaschen werden. Durch die Kunst der Extrusion erwecken wir unsere Harze zum Leben und verwandeln sie in widerstandsf\u00e4hige und langlebige Garne.<\/p>\n\n\t\t<\/div>\n\t\t\t\t\t<\/div>\n\n\t\n\n\t<div id=\"col-1318401253\" class=\"col medium-6 small-12 large-6 small-col-first\"  >\n\t\t\t\t<div class=\"col-inner\"  >\n\t\t\t\n\t\t\t\n\n\t<div id=\"gap-2054922969\" class=\"gap-element clearfix\" style=\"display:block; height:auto;\">\n\t\t\n<style>\n#gap-2054922969 {\n  padding-top: 30px;\n}\n<\/style>\n\t<\/div>\n\t\n\n\t<div class=\"box has-hover   has-hover box-overlay dark box-text-middle\" >\n\n\t\t<div class=\"box-image\" style=\"border-radius:100%;width:80%;\">\n\t\t\t\t\t\t<div class=\"image-zoom-long image-cover\" style=\"padding-top:100%;\">\n\t\t\t\t<img loading=\"lazy\" decoding=\"async\" width=\"1000\" height=\"750\" src=\"https:\/\/arturf.com\/wp-content\/uploads\/2018\/12\/Yarn-Producing-4.jpg\" class=\"attachment-large size-large\" alt=\"Hersteller\" srcset=\"https:\/\/arturf.com\/wp-content\/uploads\/2018\/12\/Yarn-Producing-4.jpg 1000w, https:\/\/arturf.com\/wp-content\/uploads\/2018\/12\/Yarn-Producing-4-300x225.jpg 300w, https:\/\/arturf.com\/wp-content\/uploads\/2018\/12\/Yarn-Producing-4-200x150.jpg 200w, https:\/\/arturf.com\/wp-content\/uploads\/2018\/12\/Yarn-Producing-4-768x576.jpg 768w, https:\/\/arturf.com\/wp-content\/uploads\/2018\/12\/Yarn-Producing-4-16x12.jpg 16w, https:\/\/arturf.com\/wp-content\/uploads\/2018\/12\/Yarn-Producing-4-350x263.jpg 350w, https:\/\/arturf.com\/wp-content\/uploads\/2018\/12\/Yarn-Producing-4-510x383.jpg 510w\" sizes=\"auto, (max-width: 1000px) 100vw, 1000px\" \/>\t\t\t\t<div class=\"overlay\" style=\"background-color:1\"><\/div>\t\t\t\t\t\t\t<\/div>\n\t\t\t\t\t<\/div>\n\n\t\t<div class=\"box-text text-center\" >\n\t\t\t<div class=\"box-text-inner\">\n\t\t\t\t\n\n<h4>Garn extrudieren<\/h4>\n\n\t\t\t<\/div>\n\t\t<\/div>\n\t<\/div>\n\t\n\n\t\t<\/div>\n\t\t\t\t\t<\/div>\n\n\t\n\n<\/div>\n\t<div id=\"gap-706815561\" class=\"gap-element clearfix\" style=\"display:block; height:auto;\">\n\t\t\n<style>\n#gap-706815561 {\n  padding-top: 80px;\n}\n<\/style>\n\t<\/div>\n\t\n\n<div class=\"row align-middle\"  id=\"row-2128736912\">\n\n\n\t<div id=\"col-181750966\" class=\"col medium-6 small-12 large-6 small-col-first\"  >\n\t\t\t\t<div class=\"col-inner\"  >\n\t\t\t\n\t\t\t\n\n\t<div id=\"gap-2069516019\" class=\"gap-element clearfix\" style=\"display:block; height:auto;\">\n\t\t\n<style>\n#gap-2069516019 {\n  padding-top: 30px;\n}\n<\/style>\n\t<\/div>\n\t\n\n\t<div class=\"box has-hover   has-hover box-overlay dark box-text-middle\" >\n\n\t\t<div class=\"box-image\" style=\"border-radius:100%;width:80%;\">\n\t\t\t\t\t\t<div class=\"image-zoom-long image-cover\" style=\"padding-top:100%;\">\n\t\t\t\t<img loading=\"lazy\" decoding=\"async\" width=\"1000\" height=\"750\" src=\"https:\/\/arturf.com\/wp-content\/uploads\/2018\/12\/Artificial-Grass-Tufting-2.jpg\" class=\"attachment- size-\" alt=\"Hersteller\" srcset=\"https:\/\/arturf.com\/wp-content\/uploads\/2018\/12\/Artificial-Grass-Tufting-2.jpg 1000w, https:\/\/arturf.com\/wp-content\/uploads\/2018\/12\/Artificial-Grass-Tufting-2-300x225.jpg 300w, https:\/\/arturf.com\/wp-content\/uploads\/2018\/12\/Artificial-Grass-Tufting-2-200x150.jpg 200w, https:\/\/arturf.com\/wp-content\/uploads\/2018\/12\/Artificial-Grass-Tufting-2-768x576.jpg 768w, https:\/\/arturf.com\/wp-content\/uploads\/2018\/12\/Artificial-Grass-Tufting-2-16x12.jpg 16w, https:\/\/arturf.com\/wp-content\/uploads\/2018\/12\/Artificial-Grass-Tufting-2-350x263.jpg 350w, https:\/\/arturf.com\/wp-content\/uploads\/2018\/12\/Artificial-Grass-Tufting-2-510x383.jpg 510w\" sizes=\"auto, (max-width: 1000px) 100vw, 1000px\" \/>\t\t\t\t<div class=\"overlay\" style=\"background-color:1\"><\/div>\t\t\t\t\t\t\t<\/div>\n\t\t\t\t\t<\/div>\n\n\t\t<div class=\"box-text text-center\" >\n\t\t\t<div class=\"box-text-inner\">\n\t\t\t\t\n\n<h4>Kunstrasenb\u00fcschel<\/h4>\n\n\t\t\t<\/div>\n\t\t<\/div>\n\t<\/div>\n\t\n\n\t\t<\/div>\n\t\t\t\t\t<\/div>\n\n\t\n\n\t<div id=\"col-1349303322\" class=\"col medium-6 small-12 large-6\"  >\n\t\t\t\t<div class=\"col-inner\"  >\n\t\t\t\n\t\t\t\n\n\t<div id=\"gap-945368093\" class=\"gap-element clearfix\" style=\"display:block; height:auto;\">\n\t\t\n<style>\n#gap-945368093 {\n  padding-top: 30px;\n}\n<\/style>\n\t<\/div>\n\t\n\n<h3>Tufting \u2013 Exzellenz in jeden Faden einweben<\/h3>\n<p>Sobald die Kunstrasengarne fertig sind, werden sie dem Tufting-Prozess unterzogen, um einen robusten Tr\u00e4ger zu schaffen. Dieser Tr\u00e4ger aus gewebtem Stoff oder Stoff bildet die Grundlage des Kunstrasens.<\/p>\n<p>Beim Tufting werden die Kunstrasengarne oder Filamentb\u00fcndel sorgf\u00e4ltig in den Tr\u00e4ger eingewebt und bilden Schlingen. Eine spezielle Nadel, \u00e4hnlich einer gro\u00dfen N\u00e4hnadel, sticht durch das Tr\u00e4germaterial und verflechtet sich mit den Garnen, um Schlaufen oder Flor zu erzeugen. Anschlie\u00dfend werden diese Schleifen pr\u00e4zise geschnitten, sodass einzelne Grashaufen entstehen. In unseren Tufting-Produktionslinien setzen wir hochmoderne Maschinen ein, die mit \u00fcber 1000 Nadeln pro Reihe ausgestattet sind, die je nach Breite des Grasteppichs und gew\u00fcnschter Florintensit\u00e4t variieren. In der Kunstrasenfabrik von Arturf sind wir stolz auf unsere fortschrittlichen Tufting-Produktionslinien, die von erfahrenen Fachleuten mit mehr als sechs Jahren Erfahrung besetzt sind.<\/p>\n\n\t\t<\/div>\n\t\t\t\t\t<\/div>\n\n\t\n\n<\/div>\n\t<div id=\"gap-1586184431\" class=\"gap-element clearfix\" style=\"display:block; height:auto;\">\n\t\t\n<style>\n#gap-1586184431 {\n  padding-top: 80px;\n}\n<\/style>\n\t<\/div>\n\t\n\n<div class=\"row align-middle\"  id=\"row-1244893406\">\n\n\n\t<div id=\"col-1891726175\" class=\"col medium-6 small-12 large-6\"  >\n\t\t\t\t<div class=\"col-inner\"  >\n\t\t\t\n\t\t\t\n\n\t<div id=\"gap-1086291485\" class=\"gap-element clearfix\" style=\"display:block; height:auto;\">\n\t\t\n<style>\n#gap-1086291485 {\n  padding-top: 30px;\n}\n<\/style>\n\t<\/div>\n\t\n\n<h3>Beschichten \u2013 Qualit\u00e4tssicherung f\u00fcr optimale Leistung<\/h3>\n<p>Nach dem Tufting-Vorgang ist es wichtig, die Kunstrasengarne fest am Tr\u00e4ger zu befestigen, um zu verhindern, dass sie sich w\u00e4hrend des Gebrauchs l\u00f6sen.<\/p>\n<p>Im dritten Schritt tragen wir Latex oder Polyurethan auf die R\u00fcckseite des Tr\u00e4gers auf und sorgen so f\u00fcr eine starke Verbindung zwischen den Garnen und dem Tr\u00e4ger und sorgen gleichzeitig f\u00fcr zus\u00e4tzliche Steifigkeit.<\/p>\n<p>Beim Auftragen auf den Teppich befindet sich der Latex oder das Polyurethan zun\u00e4chst in einem fl\u00fcssigen Zustand, \u00e4hnlich einem Klebstoff. W\u00e4hrend des Beschichtungsprozesses h\u00e4rtet es jedoch aus, verst\u00e4rkt den Teppich und fixiert die Grashaufen fest. Um eine effiziente Entw\u00e4sserung zu erm\u00f6glichen, werden sorgf\u00e4ltig kleine L\u00f6cher in den Grasteppich gestanzt, sodass das Wasser auch bei starkem Regen von der Oberfl\u00e4che in den darunter liegenden Boden abflie\u00dfen kann. Obwohl diese Entw\u00e4sserungsl\u00f6cher unsichtbar bleiben, spielen sie eine entscheidende Rolle bei der Aufrechterhaltung der Integrit\u00e4t des Kunstrasensystems.<\/p>\n\n\t\t<\/div>\n\t\t\t\t\t<\/div>\n\n\t\n\n\t<div id=\"col-1521786738\" class=\"col medium-6 small-12 large-6 small-col-first\"  >\n\t\t\t\t<div class=\"col-inner\"  >\n\t\t\t\n\t\t\t\n\n\t<div id=\"gap-2005273800\" class=\"gap-element clearfix\" style=\"display:block; height:auto;\">\n\t\t\n<style>\n#gap-2005273800 {\n  padding-top: 30px;\n}\n<\/style>\n\t<\/div>\n\t\n\n\t<div class=\"box has-hover   has-hover box-overlay dark box-text-middle\" >\n\n\t\t<div class=\"box-image\" style=\"border-radius:100%;width:80%;\">\n\t\t\t\t\t\t<div class=\"image-zoom-long image-cover\" style=\"padding-top:100%;\">\n\t\t\t\t<img loading=\"lazy\" decoding=\"async\" width=\"750\" height=\"562\" src=\"https:\/\/arturf.com\/wp-content\/uploads\/2018\/12\/Artificial-Grass-Coating.jpg\" class=\"attachment- size-\" alt=\"Hersteller\" srcset=\"https:\/\/arturf.com\/wp-content\/uploads\/2018\/12\/Artificial-Grass-Coating.jpg 750w, https:\/\/arturf.com\/wp-content\/uploads\/2018\/12\/Artificial-Grass-Coating-300x225.jpg 300w, https:\/\/arturf.com\/wp-content\/uploads\/2018\/12\/Artificial-Grass-Coating-200x150.jpg 200w, https:\/\/arturf.com\/wp-content\/uploads\/2018\/12\/Artificial-Grass-Coating-16x12.jpg 16w, https:\/\/arturf.com\/wp-content\/uploads\/2018\/12\/Artificial-Grass-Coating-350x263.jpg 350w, https:\/\/arturf.com\/wp-content\/uploads\/2018\/12\/Artificial-Grass-Coating-510x382.jpg 510w\" sizes=\"auto, (max-width: 750px) 100vw, 750px\" \/>\t\t\t\t<div class=\"overlay\" style=\"background-color:1\"><\/div>\t\t\t\t\t\t\t<\/div>\n\t\t\t\t\t<\/div>\n\n\t\t<div class=\"box-text text-center\" >\n\t\t\t<div class=\"box-text-inner\">\n\t\t\t\t\n\n<h4>Tr\u00e4gerbeschichtung<\/h4>\n\n\t\t\t<\/div>\n\t\t<\/div>\n\t<\/div>\n\t\n\n\t\t<\/div>\n\t\t\t\t\t<\/div>\n\n\t\n\n<\/div>\n\t<div id=\"gap-49934457\" class=\"gap-element clearfix\" style=\"display:block; height:auto;\">\n\t\t\n<style>\n#gap-49934457 {\n  padding-top: 80px;\n}\n<\/style>\n\t<\/div>\n\t\n\n\t<div id=\"gap-58411988\" class=\"gap-element clearfix\" style=\"display:block; height:auto;\">\n\t\t\n<style>\n#gap-58411988 {\n  padding-top: 80px;\n}\n<\/style>\n\t<\/div>\n\t\n\n<div class=\"row align-middle\"  id=\"row-1000925401\">\n\n\n\t<div id=\"col-59569588\" class=\"col medium-6 small-12 large-6 small-col-first\"  >\n\t\t\t\t<div class=\"col-inner\"  >\n\t\t\t\n\t\t\t\n\n\t<div id=\"gap-1073409481\" class=\"gap-element clearfix\" style=\"display:block; height:auto;\">\n\t\t\n<style>\n#gap-1073409481 {\n  padding-top: 30px;\n}\n<\/style>\n\t<\/div>\n\t\n\n\t<div class=\"box has-hover   has-hover box-overlay dark box-text-middle\" >\n\n\t\t<div class=\"box-image\" style=\"border-radius:100%;width:80%;\">\n\t\t\t\t\t\t<div class=\"image-zoom-long image-cover\" style=\"padding-top:100%;\">\n\t\t\t\t<img loading=\"lazy\" decoding=\"async\" width=\"1000\" height=\"749\" src=\"https:\/\/arturf.com\/wp-content\/uploads\/2018\/12\/Artificial-Grass-Warehousing.jpg\" class=\"attachment- size-\" alt=\"Hersteller\" srcset=\"https:\/\/arturf.com\/wp-content\/uploads\/2018\/12\/Artificial-Grass-Warehousing.jpg 1000w, https:\/\/arturf.com\/wp-content\/uploads\/2018\/12\/Artificial-Grass-Warehousing-300x225.jpg 300w, https:\/\/arturf.com\/wp-content\/uploads\/2018\/12\/Artificial-Grass-Warehousing-200x150.jpg 200w, https:\/\/arturf.com\/wp-content\/uploads\/2018\/12\/Artificial-Grass-Warehousing-768x575.jpg 768w, https:\/\/arturf.com\/wp-content\/uploads\/2018\/12\/Artificial-Grass-Warehousing-16x12.jpg 16w, https:\/\/arturf.com\/wp-content\/uploads\/2018\/12\/Artificial-Grass-Warehousing-350x263.jpg 350w, https:\/\/arturf.com\/wp-content\/uploads\/2018\/12\/Artificial-Grass-Warehousing-510x382.jpg 510w\" sizes=\"auto, (max-width: 1000px) 100vw, 1000px\" \/>\t\t\t\t<div class=\"overlay\" style=\"background-color:1\"><\/div>\t\t\t\t\t\t\t<\/div>\n\t\t\t\t\t<\/div>\n\n\t\t<div class=\"box-text text-center\" >\n\t\t\t<div class=\"box-text-inner\">\n\t\t\t\t\n\n<h4>Lagerung von Fertigprodukten<\/h4>\n\n\t\t\t<\/div>\n\t\t<\/div>\n\t<\/div>\n\t\n\n\t\t<\/div>\n\t\t\t\t\t<\/div>\n\n\t\n\n\t<div id=\"col-1071747016\" class=\"col medium-6 small-12 large-6\"  >\n\t\t\t\t<div class=\"col-inner\"  >\n\t\t\t\n\t\t\t\n\n\t<div id=\"gap-1151792949\" class=\"gap-element clearfix\" style=\"display:block; height:auto;\">\n\t\t\n<style>\n#gap-1151792949 {\n  padding-top: 30px;\n}\n<\/style>\n\t<\/div>\n\t\n\n<h3>Lagerhaltung \u2013 Qualit\u00e4tsschutz<\/h3>\n<p>Vor dem Versand werden Kunstrasenrollen sicher in unserem modernen Lager gelagert, das speziell f\u00fcr die Lagerung von Kunstrasen konzipiert ist. F\u00fcr eine einfache Unterscheidung und h\u00f6chste Sorgfalt bis zur Auslieferung ist jeder Rolle ein Code zugeordnet.<\/p>\n\n\t\t<\/div>\n\t\t\t\t\t<\/div>\n\n\t\n\n<\/div>\n\t<div id=\"gap-1842927615\" class=\"gap-element clearfix\" style=\"display:block; height:auto;\">\n\t\t\n<style>\n#gap-1842927615 {\n  padding-top: 30px;\n}\n<\/style>\n\t<\/div>\n\t\n\n<div class=\"row align-center\"  id=\"row-408015856\">\n\n\n\t<div id=\"col-1382065343\" class=\"col medium-10 small-12 large-10\"  >\n\t\t\t\t<div class=\"col-inner text-left\"  >\n\t\t\t\n\t\t\t\n\n<p>Kundenzufriedenheit hat bei Arturf oberste Priorit\u00e4t. Um dies zu gew\u00e4hrleisten, sind wir st\u00e4ndig bestrebt, verschiedene Aspekte unserer Abl\u00e4ufe zu verbessern und zu verfeinern, einschlie\u00dflich unserer Lieferkette, Qualit\u00e4tskontrollprozesse, Produktionsqualit\u00e4t, Personalschulung und Produktionslinien. Wenn Sie einen zuverl\u00e4ssigen Kunstrasenhersteller suchen, ist Arturf die perfekte Wahl f\u00fcr Sie.<\/p>\n\t<div id=\"gap-1409893651\" class=\"gap-element clearfix\" style=\"display:block; height:auto;\">\n\t\t\n<style>\n#gap-1409893651 {\n  padding-top: 30px;\n}\n<\/style>\n\t<\/div>\n\t\n\n<div class=\"nav-wrapper\"><ul class=\"nav nav-uppercase nav-horizontal nav-pills text-center nav-center\"><li class=\"active\"><a href=\"https:\/\/arturf.com\/de\/about\/artificial-grass-factory\/\">Kunstrasenfabrik<\/a><\/li><li class=\"\"><a href=\"https:\/\/arturf.com\/de\/about\/quality-assurance\/\">Qualit\u00e4tskontrolle<\/a><\/li><li class=\"\"><a href=\"https:\/\/arturf.com\/de\/about\/technology-innovation\/\">Technologie &amp; Innovation<\/a><\/li><\/ul><\/div>\n\n\n\t\t<\/div>\n\t\t\t\t\t<\/div>\n\n\t\n\n<\/div>","protected":false},"excerpt":{"rendered":"","protected":false},"author":3,"featured_media":0,"parent":5652,"menu_order":1,"comment_status":"closed","ping_status":"closed","template":"page-blank.php","meta":{"_seopress_robots_primary_cat":"","_seopress_titles_title":"Artificial Grass Factory","_seopress_titles_desc":"A leading artificial grass factory in China. We control the whole process of manufacturing from start to finish.","_seopress_robots_index":"","footnotes":""},"class_list":["post-6786","page","type-page","status-publish","hentry"],"_links":{"self":[{"href":"https:\/\/arturf.com\/de\/wp-json\/wp\/v2\/pages\/6786","targetHints":{"allow":["GET"]}}],"collection":[{"href":"https:\/\/arturf.com\/de\/wp-json\/wp\/v2\/pages"}],"about":[{"href":"https:\/\/arturf.com\/de\/wp-json\/wp\/v2\/types\/page"}],"author":[{"embeddable":true,"href":"https:\/\/arturf.com\/de\/wp-json\/wp\/v2\/users\/3"}],"replies":[{"embeddable":true,"href":"https:\/\/arturf.com\/de\/wp-json\/wp\/v2\/comments?post=6786"}],"version-history":[{"count":0,"href":"https:\/\/arturf.com\/de\/wp-json\/wp\/v2\/pages\/6786\/revisions"}],"up":[{"embeddable":true,"href":"https:\/\/arturf.com\/de\/wp-json\/wp\/v2\/pages\/5652"}],"wp:attachment":[{"href":"https:\/\/arturf.com\/de\/wp-json\/wp\/v2\/media?parent=6786"}],"curies":[{"name":"wp","href":"https:\/\/api.w.org\/{rel}","templated":true}]}}