{"id":7057,"date":"2018-11-29T08:02:12","date_gmt":"2018-11-29T08:02:12","guid":{"rendered":"https:\/\/arturf.com\/?page_id=7057"},"modified":"2023-07-14T22:00:30","modified_gmt":"2023-07-14T14:00:30","slug":"technology-innovation","status":"publish","type":"page","link":"https:\/\/arturf.com\/de\/about\/technology-innovation\/","title":{"rendered":"Technologie &amp; Innovation"},"content":{"rendered":"<section class=\"section has-scroll-for-more\" id=\"section_2068541167\">\n\t\t<div class=\"section-bg fill\" >\n\t\t\t\t\t\t\t\t\t<button class=\"scroll-for-more z-5 icon absolute bottom h-center\" aria-label=\"Scrollen f\u00fcr mehr\"><i class=\"icon-angle-down\" aria-hidden=\"true\" style=\"font-size:42px;\"><\/i><\/button>\n\t\t\t\n\n\t\t<\/div>\n\n\t\t\n\n\t\t<div class=\"section-content relative\">\n\t\t\t\n\n<div class=\"row align-center\"  id=\"row-1517011115\">\n\n\n\t<div id=\"col-934703826\" class=\"col medium-8 small-10 large-7\"  >\n\t\t\t\t<div class=\"col-inner text-center\"  >\n\t\t\t\n\t\t\t\n\n<h2 style=\"font-size: 250%;\">Wir sind bestrebt, an der Spitze von Technologie und Innovation zu bleiben<\/h2>\n\n\t\t<\/div>\n\t\t\t\t\n<style>\n#col-934703826 > .col-inner {\n  padding: 40px 0px 0px 0px;\n}\n<\/style>\n\t<\/div>\n\n\t\n\n<\/div>\n\n\t\t<\/div>\n\n\t\t\n<style>\n#section_2068541167 {\n  padding-top: 30px;\n  padding-bottom: 30px;\n}\n<\/style>\n\t<\/section>\n\t\n\n\t<section class=\"section\" id=\"section_388646165\">\n\t\t<div class=\"section-bg fill\" >\n\t\t\t\t\t\t\t\t\t\n\t\t\t\n\n\t\t<\/div>\n\n\t\t\n\n\t\t<div class=\"section-content relative\">\n\t\t\t\n\n<div class=\"row align-middle\"  id=\"row-1549313764\">\n\n\n\t<div id=\"col-1455928155\" class=\"col medium-4 small-12 large-4\"  >\n\t\t\t\t<div class=\"col-inner\"  >\n\t\t\t\n\t\t\t\n\n\n  <div class=\"banner has-hover\" id=\"banner-1438365329\">\n          <div class=\"banner-inner fill\">\n        <div class=\"banner-bg fill\" >\n            <img loading=\"lazy\" decoding=\"async\" width=\"500\" height=\"375\" src=\"https:\/\/arturf.com\/wp-content\/uploads\/2023\/07\/Arturf-Artificial-Turf-Fiber-500x375.jpg\" class=\"bg attachment-medium size-medium\" alt=\"Technologie, Innovation\" \/>                                    \n                    <\/div>\n\t\t\n        <div class=\"banner-layers container\">\n            <div class=\"fill banner-link\"><\/div>            \n\n\n        <\/div>\n      <\/div>\n\n            \n<style>\n#banner-1438365329 {\n  padding-top: 250px;\n  background-color: rgb(247, 245, 244);\n}\n@media (min-width:550px) {\n  #banner-1438365329 {\n    padding-top: 99.99%;\n  }\n}\n<\/style>\n  <\/div>\n\n\n\n\t\t<\/div>\n\t\t\t\t\t<\/div>\n\n\t\n\n\t<div id=\"col-447680590\" class=\"col medium-4 small-12 large-4\"  >\n\t\t\t\t<div class=\"col-inner\"  >\n\t\t\t\n\t\t\t\n\n\n  <div class=\"banner has-hover has-parallax\" id=\"banner-1764912680\">\n          <div class=\"banner-inner fill\">\n        <div class=\"banner-bg fill\" data-parallax=\"-6\" data-parallax-container=\".banner\" data-parallax-background>\n            <img loading=\"lazy\" decoding=\"async\" width=\"768\" height=\"575\" src=\"https:\/\/arturf.com\/wp-content\/uploads\/2018\/04\/NON-INFILL-FOOTBALL-GRASS-NFMT30-2-768x575.jpg\" class=\"bg attachment-medium_large size-medium_large\" alt=\"Technologie, Innovation\" \/>                                    \n                    <\/div>\n\t\t\n        <div class=\"banner-layers container\">\n            <div class=\"fill banner-link\"><\/div>            \n\n\n        <\/div>\n      <\/div>\n\n            \n<style>\n#banner-1764912680 {\n  padding-top: 400px;\n  background-color: rgb(247, 245, 244);\n}\n@media (min-width:850px) {\n  #banner-1764912680 {\n    padding-top: 500px;\n  }\n}\n<\/style>\n  <\/div>\n\n\n\n\t\t<\/div>\n\t\t\t\t\t<\/div>\n\n\t\n\n\t<div id=\"col-1109766252\" class=\"col medium-4 small-12 large-4\"  >\n\t\t\t\t<div class=\"col-inner\"  >\n\t\t\t\n\t\t\t\n\n\n  <div class=\"banner has-hover\" id=\"banner-1115552486\">\n          <div class=\"banner-inner fill\">\n        <div class=\"banner-bg fill\" >\n            <img loading=\"lazy\" decoding=\"async\" width=\"500\" height=\"334\" src=\"https:\/\/arturf.com\/wp-content\/uploads\/2023\/07\/Pet-Artificial-Turf-PetGo-2-500x334.jpg\" class=\"bg attachment-medium size-medium\" alt=\"Technologie, Innovation\" \/>                                    \n                    <\/div>\n\t\t\n        <div class=\"banner-layers container\">\n            <div class=\"fill banner-link\"><\/div>            \n\n\n        <\/div>\n      <\/div>\n\n            \n<style>\n#banner-1115552486 {\n  padding-top: 250px;\n  background-color: rgb(247, 245, 244);\n}\n@media (min-width:550px) {\n  #banner-1115552486 {\n    padding-top: 99.99%;\n  }\n}\n<\/style>\n  <\/div>\n\n\n\n\t\t<\/div>\n\t\t\t\t\t<\/div>\n\n\t\n\n<\/div>\n\n\t\t<\/div>\n\n\t\t\n<style>\n#section_388646165 {\n  padding-top: 30px;\n  padding-bottom: 30px;\n}\n<\/style>\n\t<\/section>\n\t\n\n\t<section class=\"section\" id=\"section_195950669\">\n\t\t<div class=\"section-bg fill\" >\n\t\t\t\t\t\t\t\t\t\n\t\t\t\n\n\t\t<\/div>\n\n\t\t\n\n\t\t<div class=\"section-content relative\">\n\t\t\t\n\n<div class=\"row align-center\"  id=\"row-1884777111\">\n\n\n\t<div id=\"col-1868736201\" class=\"col medium-7 small-12 large-7\"  >\n\t\t\t\t<div class=\"col-inner\"  >\n\t\t\t\n\t\t\t\n\n<p>Bei Arturf investieren wir kontinuierlich in Technologie und Innovation, um in der Kunstrasenbranche eine Vorreiterrolle zu \u00fcbernehmen. Durch unsere kontinuierlichen Forschungs- und Entwicklungsbem\u00fchungen streben wir danach, die Leistung, nat\u00fcrliche \u00c4sthetik und Haltbarkeit unserer Kunstrasenprodukte zu verbessern.<\/p>\n<h3>Beispiele unserer technologischen Fortschritte:<\/h3>\n<h4>1. Garnform:<\/h4>\n<p>Die Form des Garns ist ein entscheidender Faktor f\u00fcr die endg\u00fcltige Qualit\u00e4t von Kunstrasen. Unser Team bei Arturf hat eine Reihe einzigartiger Produkte entwickelt <a href=\"https:\/\/arturf.com\/de\/knowledge-hub\/exploring-artificial-turf-yarn-shapes\/\">Garnformen<\/a>, jedes mit einzigartigen Eigenschaften. Diese Formen haben erheblichen Einfluss auf die Optik, die Textur und die Gesamtleistung der Kunstrasenhalme.<\/p>\n<h4>2. Realistische Farbe:<\/h4>\n<p>Wir lassen uns von der Sch\u00f6nheit des Naturrasens inspirieren und akribisch reproduzieren die Farben verschiedener Grasarten, um deren lebendige Farbt\u00f6ne im Laufe der Jahreszeiten nachzuahmen. Wir verstehen, dass Kunden aus verschiedenen Regionen unterschiedliche Vorlieben haben, und bieten eine vielf\u00e4ltige Farbpalette an, um den individuellen Bed\u00fcrfnissen gerecht zu werden.<\/p>\n<h4>3. Rasen ohne F\u00fcllung:<\/h4>\n<p>Durch innovative Technik haben wir Pionierarbeit geleistet <a href=\"https:\/\/arturf.com\/de\/buyers-guide\/infill-or-non-infill-artificial-grass\/\">Rasen ohne F\u00fcllung<\/a> L\u00f6sungen, die F\u00fcllmaterialien wie Gummi oder Sand \u00fcberfl\u00fcssig machen. Diese bahnbrechende Technologie rationalisiert den Installationsprozess, reduziert den Wartungsaufwand und sorgt f\u00fcr herausragende Leistung und Haltbarkeit.<\/p>\n<h4>4. Haustierrasen:<\/h4>\n<p>Wir wissen, wie wichtig es ist, unseren pelzigen Freunden eine sichere und komfortable Umgebung zu bieten. Um diesem Problem entgegenzuwirken, haben wir einen speziellen Rasen f\u00fcr Haustiere entwickelt, der starker Beanspruchung standh\u00e4lt, Ger\u00fcchen widersteht und eine einfache Reinigung erm\u00f6glicht. Unser <a href=\"https:\/\/arturf.com\/de\/product\/pet-artificial-grass-pawscape\/\">Haustierfreundlicher Kunstrasen<\/a> ist ideal f\u00fcr private und gewerbliche Anwendungen gleicherma\u00dfen.<\/p>\n<h4>5. Antistatischer Rasen:<\/h4>\n<p>Um die Benutzererfahrung zu verbessern, haben wir eingef\u00fchrt <a href=\"https:\/\/arturf.com\/de\/product\/anti-static-artificial-grass\/\">antistatischer Rasen<\/a>. Diese innovative L\u00f6sung minimiert effektiv den Aufbau statischer Elektrizit\u00e4t auf der Grasoberfl\u00e4che und schafft so eine angenehmere und komfortablere Umgebung f\u00fcr Einzelpersonen und Haustiere.<\/p>\n<h4>6. Z-Stitching:<\/h4>\n<p>Wir bieten zwei N\u00e4hmethoden an: 1-N\u00e4hform und <a href=\"https:\/\/arturf.com\/de\/knowledge-hub\/w-stitch-tufted-artificial-grass\/\">Z-N\u00e4hform<\/a>. W\u00e4hrend beide Methoden strenge Standards erf\u00fcllen, sorgt die Z-N\u00e4hform f\u00fcr eine gleichm\u00e4\u00dfigere Verteilung der Grasfasern und erh\u00f6ht die Klebefestigkeit. Dies f\u00fchrt zu einer verbesserten Gesamtqualit\u00e4t und Leistung unseres Kunstrasens.<\/p>\n<p>Diese Beispiele sind nur ein kleiner Einblick in unser Engagement f\u00fcr technologischen Fortschritt und Innovation. Bei Arturf sind wir weiterhin bestrebt, die Grenzen der Kunstrasentechnologie zu erweitern. Durch kontinuierliche Investitionen in Forschung und Entwicklung streben wir danach, au\u00dfergew\u00f6hnliche Produkte zu liefern, die die Erwartungen der Kunden \u00fcbertreffen.<\/p>\n\n\t\t<\/div>\n\t\t\t\t\n<style>\n#col-1868736201 > .col-inner {\n  margin: 0px 0px -60px 0px;\n}\n<\/style>\n\t<\/div>\n\n\t\n\n<\/div>\n\n\t\t<\/div>\n\n\t\t\n<style>\n#section_195950669 {\n  padding-top: 60px;\n  padding-bottom: 60px;\n}\n<\/style>\n\t<\/section>\n\t\n\n\t<section class=\"section\" id=\"section_47906728\">\n\t\t<div class=\"section-bg fill\" >\n\t\t\t\t\t\t\t\t\t\n\t\t\t\n\n\t\t<\/div>\n\n\t\t\n\n\t\t<div class=\"section-content relative\">\n\t\t\t\n\n<div class=\"nav-wrapper\"><ul class=\"nav nav-uppercase nav-horizontal nav-pills text-center nav-center\"><li class=\"\"><a href=\"https:\/\/arturf.com\/de\/about\/artificial-grass-factory\/\">Kunstrasenfabrik<\/a><\/li><li class=\"\"><a href=\"https:\/\/arturf.com\/de\/about\/quality-assurance\/\">Qualit\u00e4tskontrolle<\/a><\/li><li class=\"active\"><a href=\"https:\/\/arturf.com\/de\/about\/technology-innovation\/\">Technologie &amp; Innovation<\/a><\/li><\/ul><\/div>\n\n\n\t\t<\/div>\n\n\t\t\n<style>\n#section_47906728 {\n  padding-top: 30px;\n  padding-bottom: 30px;\n}\n<\/style>\n\t<\/section>","protected":false},"excerpt":{"rendered":"","protected":false},"author":3,"featured_media":0,"parent":5652,"menu_order":3,"comment_status":"closed","ping_status":"closed","template":"page-blank.php","meta":{"_seopress_robots_primary_cat":"","_seopress_titles_title":"Technology and Innovation-Leading Artificial Grass Manufacturer","_seopress_titles_desc":"Experience our industry-leading dedication to technology and innovation. Enhancing performance, aesthetics, and durability in artificial grass.","_seopress_robots_index":"","footnotes":""},"class_list":["post-7057","page","type-page","status-publish","hentry"],"_links":{"self":[{"href":"https:\/\/arturf.com\/de\/wp-json\/wp\/v2\/pages\/7057","targetHints":{"allow":["GET"]}}],"collection":[{"href":"https:\/\/arturf.com\/de\/wp-json\/wp\/v2\/pages"}],"about":[{"href":"https:\/\/arturf.com\/de\/wp-json\/wp\/v2\/types\/page"}],"author":[{"embeddable":true,"href":"https:\/\/arturf.com\/de\/wp-json\/wp\/v2\/users\/3"}],"replies":[{"embeddable":true,"href":"https:\/\/arturf.com\/de\/wp-json\/wp\/v2\/comments?post=7057"}],"version-history":[{"count":0,"href":"https:\/\/arturf.com\/de\/wp-json\/wp\/v2\/pages\/7057\/revisions"}],"up":[{"embeddable":true,"href":"https:\/\/arturf.com\/de\/wp-json\/wp\/v2\/pages\/5652"}],"wp:attachment":[{"href":"https:\/\/arturf.com\/de\/wp-json\/wp\/v2\/media?parent=7057"}],"curies":[{"name":"wp","href":"https:\/\/api.w.org\/{rel}","templated":true}]}}