{"id":11306,"date":"2020-03-14T14:33:00","date_gmt":"2020-03-14T06:33:00","guid":{"rendered":"https:\/\/arturf.com\/?post_type=product&#038;p=11306"},"modified":"2023-09-06T10:07:01","modified_gmt":"2023-09-06T02:07:01","slug":"artificial-grass-brush-machine","status":"publish","type":"product","link":"https:\/\/arturf.com\/de\/product\/artificial-grass-brush-machine\/","title":{"rendered":"Kunstrasenb\u00fcrstenmaschine"},"content":{"rendered":"<h3>B\u00fcrstenmaschine f\u00fcr Garten- und Spielbereiche<\/h3>\n<p>Unsere benutzerfreundliche und tragbare B\u00fcrstenmaschine f\u00fcr Kunstrasen ist ideal f\u00fcr die Installation und Pflege von Landschafts- und Spielpl\u00e4tzen und einigen kleinen Sportpl\u00e4tzen. Die B\u00fcrste dieses motorbetriebenen Ger\u00e4ts dient zum B\u00fcrsten von Kunstrasen sowohl zu Installations- als auch zu Wartungszwecken. Das spezielle &quot;Haar&quot; in der B\u00fcrste verhindert eine Besch\u00e4digung der Kunstrasenfasern im Rasen und f\u00fchrt gleichzeitig die richtige Reinigungs- und K\u00e4mmwirkung durch. Es macht die N\u00e4hte weniger sichtbar, entfernt Schmutz, k\u00e4mmt die Fasern und b\u00fcrstet die F\u00fcllung (wenn zutreffend). Der Benzinmotor ist wartungsarm und sehr sparsam. Breite Lenker geben eine gute Richtungskontrolle und einen guten Halt.<\/p>\n\t<div id=\"gap-315914565\" class=\"gap-element clearfix\" style=\"display:block; height:auto;\">\n\t\t\n<style>\n#gap-315914565 {\n  padding-top: 30px;\n}\n<\/style>\n\t<\/div>\n\t\n<div class=\"row align-middle\"  id=\"row-751890052\">\n\n\t<div id=\"col-1168359556\" class=\"col medium-4 small-12 large-4\"  >\n\t\t\t\t<div class=\"col-inner\"  >\n\t\t\t\n\t\t\t\n\t<div class=\"img has-hover x md-x lg-x y md-y lg-y\" id=\"image_1082950142\">\n\t\t\t\t\t\t\t\t<div class=\"img-inner image-cover dark\" style=\"padding-top:75%;\">\n\t\t\t<img loading=\"lazy\" decoding=\"async\" width=\"800\" height=\"599\" src=\"https:\/\/arturf.com\/wp-content\/uploads\/2020\/03\/Artificial-Grass-Brush-Machine-1.jpg\" class=\"attachment-large size-large\" alt=\"B\u00fcrstenmaschine\" srcset=\"https:\/\/arturf.com\/wp-content\/uploads\/2020\/03\/Artificial-Grass-Brush-Machine-1.jpg 800w, https:\/\/arturf.com\/wp-content\/uploads\/2020\/03\/Artificial-Grass-Brush-Machine-1-300x225.jpg 300w, https:\/\/arturf.com\/wp-content\/uploads\/2020\/03\/Artificial-Grass-Brush-Machine-1-200x150.jpg 200w, https:\/\/arturf.com\/wp-content\/uploads\/2020\/03\/Artificial-Grass-Brush-Machine-1-768x575.jpg 768w, https:\/\/arturf.com\/wp-content\/uploads\/2020\/03\/Artificial-Grass-Brush-Machine-1-16x12.jpg 16w, https:\/\/arturf.com\/wp-content\/uploads\/2020\/03\/Artificial-Grass-Brush-Machine-1-350x263.jpg 350w, https:\/\/arturf.com\/wp-content\/uploads\/2020\/03\/Artificial-Grass-Brush-Machine-1-510x382.jpg 510w\" sizes=\"auto, (max-width: 800px) 100vw, 800px\" \/>\t\t\t\t\t\t\n\t\t\t\t\t<\/div>\n\t\t\t\t\t\t\t\t\n<style>\n#image_1082950142 {\n  width: 100%;\n}\n<\/style>\n\t<\/div>\n\t\n\t\t<\/div>\n\t\t\t\t\t<\/div>\n\n\t\n\n\t<div id=\"col-1113613640\" class=\"col medium-8 small-12 large-8\"  >\n\t\t\t\t<div class=\"col-inner\"  >\n\t\t\t\n\t\t\t\n<p>Wird verwendet, um Quarzsand in Kunstrasen einzub\u00fcrsten. Ideal f\u00fcr die Installation und Pflege von Kunstrasen im Garten, die Pflege von Mini-Sportpl\u00e4tzen. <\/p>\n<ul>\n<li>Produkt: Kunstrasenb\u00fcrstenmaschine LW60<\/li>\n<li>Arbeitsbreite: 600mmLeistung: 1.2kw<\/li>\n<li>Gewicht: 28 kg<\/li>\n<li>Umrissabmessung: (L x B x H) 1100 mm x 600 mm x 900 mm<\/li>\n<\/ul>\n\t\t<\/div>\n\t\t\t\t\t<\/div>\n\n\t\n<\/div>\n<div class=\"row align-middle\"  id=\"row-984208780\">\n\n\t<div id=\"col-1050903514\" class=\"col medium-4 small-12 large-4\"  >\n\t\t\t\t<div class=\"col-inner\"  >\n\t\t\t\n\t\t\t\n\t<div class=\"img has-hover x md-x lg-x y md-y lg-y\" id=\"image_2049429450\">\n\t\t\t\t\t\t\t\t<div class=\"img-inner image-cover dark\" style=\"padding-top:75%;\">\n\t\t\t<img loading=\"lazy\" decoding=\"async\" width=\"800\" height=\"534\" src=\"https:\/\/arturf.com\/wp-content\/uploads\/2020\/03\/Artificial-Grass-Brush-Machine-LW70.jpg\" class=\"attachment-large size-large\" alt=\"B\u00fcrstenmaschine\" srcset=\"https:\/\/arturf.com\/wp-content\/uploads\/2020\/03\/Artificial-Grass-Brush-Machine-LW70.jpg 800w, https:\/\/arturf.com\/wp-content\/uploads\/2020\/03\/Artificial-Grass-Brush-Machine-LW70-300x200.jpg 300w, https:\/\/arturf.com\/wp-content\/uploads\/2020\/03\/Artificial-Grass-Brush-Machine-LW70-768x513.jpg 768w, https:\/\/arturf.com\/wp-content\/uploads\/2020\/03\/Artificial-Grass-Brush-Machine-LW70-18x12.jpg 18w, https:\/\/arturf.com\/wp-content\/uploads\/2020\/03\/Artificial-Grass-Brush-Machine-LW70-510x340.jpg 510w\" sizes=\"auto, (max-width: 800px) 100vw, 800px\" \/>\t\t\t\t\t\t\n\t\t\t\t\t<\/div>\n\t\t\t\t\t\t\t\t\n<style>\n#image_2049429450 {\n  width: 100%;\n}\n<\/style>\n\t<\/div>\n\t\n\t\t<\/div>\n\t\t\t\t\t<\/div>\n\n\t\n\n\t<div id=\"col-293012102\" class=\"col medium-8 small-12 large-8\"  >\n\t\t\t\t<div class=\"col-inner\"  >\n\t\t\t\n\t\t\t\n<p>Wird verwendet, um Quarzsand in Kunstrasen einzub\u00fcrsten. Ideal f\u00fcr die Installation und Pflege von Kunstrasen im Garten und Mini-Sportrasen. <\/p>\n<ul>\n<li>Produkt: Kunstrasenb\u00fcrstenmaschine LW70<\/li>\n<li>Arbeitsbreite: 700mm<\/li>\n<li>Leistung: 6,5 PS (Benzin)<\/li>\n<li>Gewicht: 80 kg<\/li>\n<li>Umrissabmessung: (L x B x H) 1700 mm x 700 mm x 1020 mm<\/li>\n<\/ul>\n\t\t<\/div>\n\t\t\t\t\t<\/div>\n\n\t\n<\/div>\n<hr \/>\n<h3>B\u00fcrstenmaschine f\u00fcr Sportpl\u00e4tze<\/h3>\n<p>Eine gute B\u00fcrstenmaschine ist f\u00fcr Sportpl\u00e4tze noch wichtiger als f\u00fcr G\u00e4rten und Spielpl\u00e4tze, da die meisten Sportpl\u00e4tze viel gr\u00f6\u00dfer sind und mehr F\u00fcllung ben\u00f6tigen. F\u00fcr den Kunstrasen-Fu\u00dfballplatz m\u00fcssen Sie beispielsweise nicht nur Quarzsand, sondern auch Gummigranulat einf\u00fcllen. Ein Fu\u00dfballfeld f\u00fcr 5 gegen 5 ist etwa 800 Quadratmeter gro\u00df. 7-a-side-, 11-a-side-Fu\u00dfballfelder sind noch viel gr\u00f6\u00dfer. In diesen F\u00e4llen ist es sehr schwierig, die F\u00fcllmaterialien von Hand gleichm\u00e4\u00dfig zu b\u00fcrsten. F\u00fcr ein Fu\u00dfballfeld mit 5 Spielern oder kleinere Sportpl\u00e4tze k\u00f6nnen Sie weiterhin die beiden tragbaren Ger\u00e4te oben verwenden. Wenn Sie ein Sportplatzbauer oder Sportraseninstallateur sind, ben\u00f6tigen Sie m\u00f6glicherweise eine professionellere Kunstrasenb\u00fcrstenmaschine wie die folgenden beiden B\u00fcrstenmaschinen:<\/p>\n<div class=\"row align-middle\"  id=\"row-1206768901\">\n\n\t<div id=\"col-1961167144\" class=\"col medium-4 small-12 large-4\"  >\n\t\t\t\t<div class=\"col-inner text-center\"  >\n\t\t\t\n\t\t\t\n\t<div class=\"img has-hover x md-x lg-x y md-y lg-y\" id=\"image_183896456\">\n\t\t\t\t\t\t\t\t<div class=\"img-inner dark\" >\n\t\t\t<img loading=\"lazy\" decoding=\"async\" width=\"768\" height=\"512\" src=\"https:\/\/arturf.com\/wp-content\/uploads\/2020\/03\/Artificial-turf-brushing-machine-SW-Pro-768x512.jpg\" class=\"attachment-medium_large size-medium_large\" alt=\"B\u00fcrstenmaschine\" srcset=\"https:\/\/arturf.com\/wp-content\/uploads\/2020\/03\/Artificial-turf-brushing-machine-SW-Pro-768x512.jpg 768w, https:\/\/arturf.com\/wp-content\/uploads\/2020\/03\/Artificial-turf-brushing-machine-SW-Pro-300x200.jpg 300w, https:\/\/arturf.com\/wp-content\/uploads\/2020\/03\/Artificial-turf-brushing-machine-SW-Pro-18x12.jpg 18w, https:\/\/arturf.com\/wp-content\/uploads\/2020\/03\/Artificial-turf-brushing-machine-SW-Pro-510x340.jpg 510w, https:\/\/arturf.com\/wp-content\/uploads\/2020\/03\/Artificial-turf-brushing-machine-SW-Pro.jpg 800w\" sizes=\"auto, (max-width: 768px) 100vw, 768px\" \/>\t\t\t\t\t\t\n\t\t\t\t\t<\/div>\n\t\t\t\t\t\t\t\t\n<style>\n#image_183896456 {\n  width: 100%;\n}\n<\/style>\n\t<\/div>\n\t\n\t\t<\/div>\n\t\t\t\t\t<\/div>\n\n\t\n\n\t<div id=\"col-203484592\" class=\"col medium-8 small-12 large-8\"  >\n\t\t\t\t<div class=\"col-inner\"  >\n\t\t\t\n\t\t\t\n<ul>\n<li>Produkt: Kunstrasen <strong>F\u00fcllen &amp; B\u00fcrsten<\/strong> Maschine SFB 145<\/li>\n<li>ProLadekapazit\u00e4t: 1000kg-1200kg<\/li>\n<li>Sandf\u00fcllbreite: 1450mm<\/li>\n<li>Bewegungsgeschwindigkeit: 1,9-2,2 km \/ h<\/li>\n<li>Leistung: 12 kW<\/li>\n<li>Gewicht: 1800 kg<\/li>\n<li>Umrissabmessung: (L x B x H) 2800 mm x 2000 mm x 2100 mm<\/li>\n<\/ul>\n<div class=\"video-button-wrapper\"><a href=\"https:\/\/www.youtube.com\/watch?v=mHL9izhv9WI\" class=\"button open-video icon circle is-outline is-xlarge\" role=\"button\" aria-label=\"Video in Lightbox \u00f6ffnen\" data-flatsome-role-button><i class=\"icon-play\" aria-hidden=\"true\" style=\"font-size:1.5em;\"><\/i><\/a><\/div>\n\t\t<\/div>\n\t\t\t\t\t<\/div>\n\n\t\n<\/div>\n\t<div id=\"gap-2095403915\" class=\"gap-element clearfix\" style=\"display:block; height:auto;\">\n\t\t\n<style>\n#gap-2095403915 {\n  padding-top: 30px;\n}\n<\/style>\n\t<\/div>\n\t\n<div class=\"row align-middle\"  id=\"row-1574468451\">\n\n\t<div id=\"col-564987787\" class=\"col medium-4 small-12 large-4\"  >\n\t\t\t\t<div class=\"col-inner\"  >\n\t\t\t\n\t\t\t\n\t<div class=\"img has-hover x md-x lg-x y md-y lg-y\" id=\"image_1894599989\">\n\t\t\t\t\t\t\t\t<div class=\"img-inner image-cover dark\" style=\"padding-top:75%;\">\n\t\t\t<img loading=\"lazy\" decoding=\"async\" width=\"800\" height=\"533\" src=\"https:\/\/arturf.com\/wp-content\/uploads\/2020\/03\/Artificial-turf-brushing-machine-SW150-.jpg\" class=\"attachment-large size-large\" alt=\"B\u00fcrstenmaschine\" srcset=\"https:\/\/arturf.com\/wp-content\/uploads\/2020\/03\/Artificial-turf-brushing-machine-SW150-.jpg 800w, https:\/\/arturf.com\/wp-content\/uploads\/2020\/03\/Artificial-turf-brushing-machine-SW150--300x200.jpg 300w, https:\/\/arturf.com\/wp-content\/uploads\/2020\/03\/Artificial-turf-brushing-machine-SW150--768x512.jpg 768w, https:\/\/arturf.com\/wp-content\/uploads\/2020\/03\/Artificial-turf-brushing-machine-SW150--18x12.jpg 18w, https:\/\/arturf.com\/wp-content\/uploads\/2020\/03\/Artificial-turf-brushing-machine-SW150--510x340.jpg 510w\" sizes=\"auto, (max-width: 800px) 100vw, 800px\" \/>\t\t\t\t\t\t\n\t\t\t\t\t<\/div>\n\t\t\t\t\t\t\t\t\n<style>\n#image_1894599989 {\n  width: 100%;\n}\n<\/style>\n\t<\/div>\n\t\n\t\t<\/div>\n\t\t\t\t\t<\/div>\n\n\t\n\n\t<div id=\"col-1997841083\" class=\"col medium-8 small-12 large-8\"  >\n\t\t\t\t<div class=\"col-inner\"  >\n\t\t\t\n\t\t\t\n<ul>\n<li>Produkt: Kunstrasenb\u00fcrstenmaschine SW 150<\/li>\n<li>Arbeitsbreite: 1500mm<\/li>\n<li>Leistung: 5,5 PS (Benzin)<\/li>\n<li>Gewicht: 200 kg<\/li>\n<li>Umrissabmessung: (L x B x H) 1800 mm x 1100 mm x 950 mm<\/li>\n<\/ul>\n<div class=\"video-button-wrapper\"><a href=\"https:\/\/www.youtube.com\/watch?v=8nj2IHufir8\" class=\"button open-video icon circle is-outline is-xlarge\" role=\"button\" aria-label=\"Video in Lightbox \u00f6ffnen\" data-flatsome-role-button><i class=\"icon-play\" aria-hidden=\"true\" style=\"font-size:1.5em;\"><\/i><\/a><\/div>\n\t\t<\/div>\n\t\t\t\t\t<\/div>\n\n\t\n<\/div>\n\t<div id=\"gap-1017438030\" class=\"gap-element clearfix\" style=\"display:block; height:auto;\">\n\t\t\n<style>\n#gap-1017438030 {\n  padding-top: 30px;\n}\n<\/style>\n\t<\/div>\n\t\n<hr \/>\n<h3>Zus\u00e4tzliche Ausr\u00fcstung<\/h3>\n<p>Zus\u00e4tzliche Ausr\u00fcstung oder Werkzeuge, die beim Verteilen von Einstreumaterialien wie Quarzsand und Gummigranulat helfen und die Kunstrasenoberfl\u00e4che b\u00fcrsten k\u00f6nnen.<\/p>\n<div class=\"row align-middle\"  id=\"row-1477896462\">\n\n\t<div id=\"col-1191136681\" class=\"col medium-4 small-12 large-4\"  >\n\t\t\t\t<div class=\"col-inner\"  >\n\t\t\t\n\t\t\t\n\t<div class=\"img has-hover x md-x lg-x y md-y lg-y\" id=\"image_1731486120\">\n\t\t\t\t\t\t\t\t<div class=\"img-inner image-cover dark\" style=\"padding-top:75%;\">\n\t\t\t<img loading=\"lazy\" decoding=\"async\" width=\"800\" height=\"600\" src=\"https:\/\/arturf.com\/wp-content\/uploads\/2022\/07\/Triangular-Turf-Brush.jpg\" class=\"attachment-large size-large\" alt=\"B\u00fcrstenmaschine\" srcset=\"https:\/\/arturf.com\/wp-content\/uploads\/2022\/07\/Triangular-Turf-Brush.jpg 800w, https:\/\/arturf.com\/wp-content\/uploads\/2022\/07\/Triangular-Turf-Brush-500x375.jpg 500w, https:\/\/arturf.com\/wp-content\/uploads\/2022\/07\/Triangular-Turf-Brush-200x150.jpg 200w, https:\/\/arturf.com\/wp-content\/uploads\/2022\/07\/Triangular-Turf-Brush-768x576.jpg 768w, https:\/\/arturf.com\/wp-content\/uploads\/2022\/07\/Triangular-Turf-Brush-16x12.jpg 16w, https:\/\/arturf.com\/wp-content\/uploads\/2022\/07\/Triangular-Turf-Brush-350x263.jpg 350w, https:\/\/arturf.com\/wp-content\/uploads\/2022\/07\/Triangular-Turf-Brush-510x383.jpg 510w\" sizes=\"auto, (max-width: 800px) 100vw, 800px\" \/>\t\t\t\t\t\t\n\t\t\t\t\t<\/div>\n\t\t\t\t\t\t\t\t\n<style>\n#image_1731486120 {\n  width: 100%;\n}\n<\/style>\n\t<\/div>\n\t\n\t\t<\/div>\n\t\t\t\t\t<\/div>\n\n\t\n\n\t<div id=\"col-1938918747\" class=\"col medium-8 small-12 large-8\"  >\n\t\t\t\t<div class=\"col-inner\"  >\n\t\t\t\n\t\t\t\n<h3>Dreieckige Rasenb\u00fcrste<\/h3>\n<p>Der Rasenbesen hat eine dreieckige Form. Die hochwirksame dreieckige Anordnung der B\u00fcrsten gl\u00e4ttet und pflegt jeden Grashalm oder hebt synthetische Fasern an und verteilt die F\u00fcllung neu, um eine bessere Tonh\u00f6henkonsistenz zu erzielen.<\/p>\n\n  \n    <div class=\"row large-columns-6 medium-columns-3 small-columns-2\" >\n  <div class=\"gallery-col col\" >\n          <div class=\"col-inner\">\n            <a class=\"image-lightbox lightbox-gallery\" href=\"https:\/\/arturf.com\/wp-content\/uploads\/2020\/12\/Triangular-Turf-Brush-002.jpg\" title=\"\">            <div class=\"box has-hover gallery-box box-overlay dark\">\n              <div class=\"box-image\" >\n                <img loading=\"lazy\" decoding=\"async\" width=\"300\" height=\"200\" src=\"https:\/\/arturf.com\/wp-content\/uploads\/2020\/12\/Triangular-Turf-Brush-002-300x200.jpg\" class=\"attachment-medium size-medium\" alt=\"B\u00fcrstenmaschine\" ids=\"13572,13571,13574\" columns=\"6\" srcset=\"https:\/\/arturf.com\/wp-content\/uploads\/2020\/12\/Triangular-Turf-Brush-002-300x200.jpg 300w, https:\/\/arturf.com\/wp-content\/uploads\/2020\/12\/Triangular-Turf-Brush-002-18x12.jpg 18w, https:\/\/arturf.com\/wp-content\/uploads\/2020\/12\/Triangular-Turf-Brush-002-510x339.jpg 510w, https:\/\/arturf.com\/wp-content\/uploads\/2020\/12\/Triangular-Turf-Brush-002.jpg 600w\" sizes=\"auto, (max-width: 300px) 100vw, 300px\" \/>                                  <div class=\"overlay fill\"\n                      style=\"background-color: rgba(0,0,0,.15)\">\n                  <\/div>\n                                                              <\/div>\n              <div class=\"box-text text-left\" >\n                 <p><\/p>\n              <\/div>\n            <\/div>\n            <\/a>          <\/div>\n         <\/div><div class=\"gallery-col col\" >\n          <div class=\"col-inner\">\n            <a class=\"image-lightbox lightbox-gallery\" href=\"https:\/\/arturf.com\/wp-content\/uploads\/2020\/12\/Triangular-Turf-Brush-001.jpg\" title=\"\">            <div class=\"box has-hover gallery-box box-overlay dark\">\n              <div class=\"box-image\" >\n                <img loading=\"lazy\" decoding=\"async\" width=\"300\" height=\"200\" src=\"https:\/\/arturf.com\/wp-content\/uploads\/2020\/12\/Triangular-Turf-Brush-001-300x200.jpg\" class=\"attachment-medium size-medium\" alt=\"B\u00fcrstenmaschine\" ids=\"13572,13571,13574\" columns=\"6\" srcset=\"https:\/\/arturf.com\/wp-content\/uploads\/2020\/12\/Triangular-Turf-Brush-001-300x200.jpg 300w, https:\/\/arturf.com\/wp-content\/uploads\/2020\/12\/Triangular-Turf-Brush-001-18x12.jpg 18w, https:\/\/arturf.com\/wp-content\/uploads\/2020\/12\/Triangular-Turf-Brush-001-510x339.jpg 510w, https:\/\/arturf.com\/wp-content\/uploads\/2020\/12\/Triangular-Turf-Brush-001.jpg 600w\" sizes=\"auto, (max-width: 300px) 100vw, 300px\" \/>                                  <div class=\"overlay fill\"\n                      style=\"background-color: rgba(0,0,0,.15)\">\n                  <\/div>\n                                                              <\/div>\n              <div class=\"box-text text-left\" >\n                 <p><\/p>\n              <\/div>\n            <\/div>\n            <\/a>          <\/div>\n         <\/div><div class=\"gallery-col col\" >\n          <div class=\"col-inner\">\n            <a class=\"image-lightbox lightbox-gallery\" href=\"https:\/\/arturf.com\/wp-content\/uploads\/2020\/12\/Triangular-Turf-Brush-003-1.jpg\" title=\"\">            <div class=\"box has-hover gallery-box box-overlay dark\">\n              <div class=\"box-image\" >\n                <img loading=\"lazy\" decoding=\"async\" width=\"300\" height=\"200\" src=\"https:\/\/arturf.com\/wp-content\/uploads\/2020\/12\/Triangular-Turf-Brush-003-1-300x200.jpg\" class=\"attachment-medium size-medium\" alt=\"B\u00fcrstenmaschine\" ids=\"13572,13571,13574\" columns=\"6\" srcset=\"https:\/\/arturf.com\/wp-content\/uploads\/2020\/12\/Triangular-Turf-Brush-003-1-300x200.jpg 300w, https:\/\/arturf.com\/wp-content\/uploads\/2020\/12\/Triangular-Turf-Brush-003-1-18x12.jpg 18w, https:\/\/arturf.com\/wp-content\/uploads\/2020\/12\/Triangular-Turf-Brush-003-1-510x339.jpg 510w, https:\/\/arturf.com\/wp-content\/uploads\/2020\/12\/Triangular-Turf-Brush-003-1.jpg 600w\" sizes=\"auto, (max-width: 300px) 100vw, 300px\" \/>                                  <div class=\"overlay fill\"\n                      style=\"background-color: rgba(0,0,0,.15)\">\n                  <\/div>\n                                                              <\/div>\n              <div class=\"box-text text-left\" >\n                 <p><\/p>\n              <\/div>\n            <\/div>\n            <\/a>          <\/div>\n         <\/div><\/div>\n\t\t<\/div>\n\t\t\t\t\t<\/div>\n\n\t\n<\/div>\n\t<div id=\"gap-728134416\" class=\"gap-element clearfix\" style=\"display:block; height:auto;\">\n\t\t\n<style>\n#gap-728134416 {\n  padding-top: 30px;\n}\n<\/style>\n\t<\/div>\n\t\n<div class=\"row align-middle\"  id=\"row-1695260282\">\n\n\t<div id=\"col-971465772\" class=\"col medium-4 small-12 large-4\"  >\n\t\t\t\t<div class=\"col-inner\"  >\n\t\t\t\n\t\t\t\n\t<div class=\"img has-hover x md-x lg-x y md-y lg-y\" id=\"image_430094362\">\n\t\t\t\t\t\t\t\t<div class=\"img-inner image-cover dark\" style=\"padding-top:75%;\">\n\t\t\t<img loading=\"lazy\" decoding=\"async\" width=\"800\" height=\"600\" src=\"https:\/\/arturf.com\/wp-content\/uploads\/2021\/08\/Infill-Drop-Spreader-1.jpg\" class=\"attachment-large size-large\" alt=\"B\u00fcrstenmaschine\" srcset=\"https:\/\/arturf.com\/wp-content\/uploads\/2021\/08\/Infill-Drop-Spreader-1.jpg 800w, https:\/\/arturf.com\/wp-content\/uploads\/2021\/08\/Infill-Drop-Spreader-1-300x225.jpg 300w, https:\/\/arturf.com\/wp-content\/uploads\/2021\/08\/Infill-Drop-Spreader-1-200x150.jpg 200w, https:\/\/arturf.com\/wp-content\/uploads\/2021\/08\/Infill-Drop-Spreader-1-768x576.jpg 768w, https:\/\/arturf.com\/wp-content\/uploads\/2021\/08\/Infill-Drop-Spreader-1-16x12.jpg 16w, https:\/\/arturf.com\/wp-content\/uploads\/2021\/08\/Infill-Drop-Spreader-1-350x263.jpg 350w, https:\/\/arturf.com\/wp-content\/uploads\/2021\/08\/Infill-Drop-Spreader-1-510x383.jpg 510w\" sizes=\"auto, (max-width: 800px) 100vw, 800px\" \/>\t\t\t\t\t\t\n\t\t\t\t\t<\/div>\n\t\t\t\t\t\t\t\t\n<style>\n#image_430094362 {\n  width: 100%;\n}\n<\/style>\n\t<\/div>\n\t\n\t\t<\/div>\n\t\t\t\t\t<\/div>\n\n\t\n\n\t<div id=\"col-1719949484\" class=\"col medium-8 small-12 large-8\"  >\n\t\t\t\t<div class=\"col-inner\"  >\n\t\t\t\n\t\t\t\n<h3>Infill Drop Spreader<\/h3>\n<p>Eine bequeme und effiziente M\u00f6glichkeit, Sand auf kleineren Kunstrasenfl\u00e4chen zu verteilen. Der Infill Drop Spreader verteilt den Sand gleichm\u00e4\u00dfig \u00fcber das Kunstrasenfeld. Die Sandmenge kann mit dem Hebel unter dem Lenker eingestellt werden.<\/p>\n<p>Es kann die Produktivit\u00e4t jedes professionellen Installationsteams steigern, da es die Zeit zum Auftragen des Sandbelags drastisch reduziert.<\/p>\n\n  \n    <div class=\"row large-columns-6 medium-columns-3 small-columns-2\" >\n  <div class=\"gallery-col col\" >\n          <div class=\"col-inner\">\n            <a class=\"image-lightbox lightbox-gallery\" href=\"https:\/\/arturf.com\/wp-content\/uploads\/2021\/08\/Infill-Drop-Spreader-3.jpg\" title=\"\">            <div class=\"box has-hover gallery-box box-overlay dark\">\n              <div class=\"box-image\" >\n                <img loading=\"lazy\" decoding=\"async\" width=\"300\" height=\"225\" src=\"https:\/\/arturf.com\/wp-content\/uploads\/2021\/08\/Infill-Drop-Spreader-3-300x225.jpg\" class=\"attachment-medium size-medium\" alt=\"B\u00fcrstenmaschine\" ids=\"15507,15509,15506\" columns=\"6\" srcset=\"https:\/\/arturf.com\/wp-content\/uploads\/2021\/08\/Infill-Drop-Spreader-3-300x225.jpg 300w, https:\/\/arturf.com\/wp-content\/uploads\/2021\/08\/Infill-Drop-Spreader-3-200x150.jpg 200w, https:\/\/arturf.com\/wp-content\/uploads\/2021\/08\/Infill-Drop-Spreader-3-768x575.jpg 768w, https:\/\/arturf.com\/wp-content\/uploads\/2021\/08\/Infill-Drop-Spreader-3-16x12.jpg 16w, https:\/\/arturf.com\/wp-content\/uploads\/2021\/08\/Infill-Drop-Spreader-3-350x263.jpg 350w, https:\/\/arturf.com\/wp-content\/uploads\/2021\/08\/Infill-Drop-Spreader-3-510x382.jpg 510w, https:\/\/arturf.com\/wp-content\/uploads\/2021\/08\/Infill-Drop-Spreader-3.jpg 800w\" sizes=\"auto, (max-width: 300px) 100vw, 300px\" \/>                                  <div class=\"overlay fill\"\n                      style=\"background-color: rgba(0,0,0,.15)\">\n                  <\/div>\n                                                              <\/div>\n              <div class=\"box-text text-left\" >\n                 <p><\/p>\n              <\/div>\n            <\/div>\n            <\/a>          <\/div>\n         <\/div><div class=\"gallery-col col\" >\n          <div class=\"col-inner\">\n            <a class=\"image-lightbox lightbox-gallery\" href=\"https:\/\/arturf.com\/wp-content\/uploads\/2021\/08\/Infill-Drop-Spreader-2-1.jpg\" title=\"\">            <div class=\"box has-hover gallery-box box-overlay dark\">\n              <div class=\"box-image\" >\n                <img loading=\"lazy\" decoding=\"async\" width=\"300\" height=\"225\" src=\"https:\/\/arturf.com\/wp-content\/uploads\/2021\/08\/Infill-Drop-Spreader-2-1-300x225.jpg\" class=\"attachment-medium size-medium\" alt=\"B\u00fcrstenmaschine\" ids=\"15507,15509,15506\" columns=\"6\" srcset=\"https:\/\/arturf.com\/wp-content\/uploads\/2021\/08\/Infill-Drop-Spreader-2-1-300x225.jpg 300w, https:\/\/arturf.com\/wp-content\/uploads\/2021\/08\/Infill-Drop-Spreader-2-1-200x150.jpg 200w, https:\/\/arturf.com\/wp-content\/uploads\/2021\/08\/Infill-Drop-Spreader-2-1-768x576.jpg 768w, https:\/\/arturf.com\/wp-content\/uploads\/2021\/08\/Infill-Drop-Spreader-2-1-16x12.jpg 16w, https:\/\/arturf.com\/wp-content\/uploads\/2021\/08\/Infill-Drop-Spreader-2-1-350x263.jpg 350w, https:\/\/arturf.com\/wp-content\/uploads\/2021\/08\/Infill-Drop-Spreader-2-1-510x383.jpg 510w, https:\/\/arturf.com\/wp-content\/uploads\/2021\/08\/Infill-Drop-Spreader-2-1.jpg 800w\" sizes=\"auto, (max-width: 300px) 100vw, 300px\" \/>                                  <div class=\"overlay fill\"\n                      style=\"background-color: rgba(0,0,0,.15)\">\n                  <\/div>\n                                                              <\/div>\n              <div class=\"box-text text-left\" >\n                 <p><\/p>\n              <\/div>\n            <\/div>\n            <\/a>          <\/div>\n         <\/div><div class=\"gallery-col col\" >\n          <div class=\"col-inner\">\n            <a class=\"image-lightbox lightbox-gallery\" href=\"https:\/\/arturf.com\/wp-content\/uploads\/2021\/08\/Infill-Drop-Spreader-4.jpg\" title=\"\">            <div class=\"box has-hover gallery-box box-overlay dark\">\n              <div class=\"box-image\" >\n                <img loading=\"lazy\" decoding=\"async\" width=\"300\" height=\"225\" src=\"https:\/\/arturf.com\/wp-content\/uploads\/2021\/08\/Infill-Drop-Spreader-4-300x225.jpg\" class=\"attachment-medium size-medium\" alt=\"B\u00fcrstenmaschine\" ids=\"15507,15509,15506\" columns=\"6\" srcset=\"https:\/\/arturf.com\/wp-content\/uploads\/2021\/08\/Infill-Drop-Spreader-4-300x225.jpg 300w, https:\/\/arturf.com\/wp-content\/uploads\/2021\/08\/Infill-Drop-Spreader-4-200x150.jpg 200w, https:\/\/arturf.com\/wp-content\/uploads\/2021\/08\/Infill-Drop-Spreader-4-768x576.jpg 768w, https:\/\/arturf.com\/wp-content\/uploads\/2021\/08\/Infill-Drop-Spreader-4-16x12.jpg 16w, https:\/\/arturf.com\/wp-content\/uploads\/2021\/08\/Infill-Drop-Spreader-4-350x263.jpg 350w, https:\/\/arturf.com\/wp-content\/uploads\/2021\/08\/Infill-Drop-Spreader-4-510x383.jpg 510w, https:\/\/arturf.com\/wp-content\/uploads\/2021\/08\/Infill-Drop-Spreader-4.jpg 800w\" sizes=\"auto, (max-width: 300px) 100vw, 300px\" \/>                                  <div class=\"overlay fill\"\n                      style=\"background-color: rgba(0,0,0,.15)\">\n                  <\/div>\n                                                              <\/div>\n              <div class=\"box-text text-left\" >\n                 <p><\/p>\n              <\/div>\n            <\/div>\n            <\/a>          <\/div>\n         <\/div><\/div>\n\t\t<\/div>\n\t\t\t\t\t<\/div>\n\n\t\n<\/div>","protected":false},"excerpt":{"rendered":"<p>Kunstrasenb\u00fcrstenmaschine ist eines der wichtigsten Werkzeuge \/ Maschinen f\u00fcr die Installation und Wartung von Kunstrasen. Wir bieten verschiedene Optionen f\u00fcr <strong>Landschaftsgebiete<\/strong> und <strong>Sportpl\u00e4tze<\/strong>.<\/p>","protected":false},"featured_media":11307,"template":"","meta":{"_seopress_robots_primary_cat":"","_seopress_titles_title":"","_seopress_titles_desc":"","_seopress_robots_index":""},"product_brand":[],"product_cat":[66],"product_tag":[],"class_list":{"0":"post-11306","1":"product","2":"type-product","3":"status-publish","4":"has-post-thumbnail","6":"product_cat-accessories","8":"first","9":"instock","10":"shipping-taxable","11":"product-type-simple"},"_links":{"self":[{"href":"https:\/\/arturf.com\/de\/wp-json\/wp\/v2\/product\/11306","targetHints":{"allow":["GET"]}}],"collection":[{"href":"https:\/\/arturf.com\/de\/wp-json\/wp\/v2\/product"}],"about":[{"href":"https:\/\/arturf.com\/de\/wp-json\/wp\/v2\/types\/product"}],"wp:featuredmedia":[{"embeddable":true,"href":"https:\/\/arturf.com\/de\/wp-json\/wp\/v2\/media\/11307"}],"wp:attachment":[{"href":"https:\/\/arturf.com\/de\/wp-json\/wp\/v2\/media?parent=11306"}],"wp:term":[{"taxonomy":"product_brand","embeddable":true,"href":"https:\/\/arturf.com\/de\/wp-json\/wp\/v2\/product_brand?post=11306"},{"taxonomy":"product_cat","embeddable":true,"href":"https:\/\/arturf.com\/de\/wp-json\/wp\/v2\/product_cat?post=11306"},{"taxonomy":"product_tag","embeddable":true,"href":"https:\/\/arturf.com\/de\/wp-json\/wp\/v2\/product_tag?post=11306"}],"curies":[{"name":"wp","href":"https:\/\/api.w.org\/{rel}","templated":true}]}}