{"id":11797,"date":"2020-06-18T08:58:24","date_gmt":"2020-06-18T00:58:24","guid":{"rendered":"https:\/\/arturf.com\/?post_type=product&#038;p=11797"},"modified":"2022-05-28T09:45:12","modified_gmt":"2022-05-28T01:45:12","slug":"professional-artificial-grass-installation-tools","status":"publish","type":"product","link":"https:\/\/arturf.com\/de\/product\/professional-artificial-grass-installation-tools\/","title":{"rendered":"Professionelle Werkzeuge zur Installation von Kunstrasen"},"content":{"rendered":"<p>Werkzeugset f\u00fcr die Installation von Kunstrasen. Neun Kunstrasen-Installationswerkzeuge f\u00fcr ein Gesamtpaket. Sie k\u00f6nnen ein vollst\u00e4ndiges Paket erwerben oder einfach einige der am h\u00e4ufigsten verwendeten Tools ausw\u00e4hlen. Unsere Installationswerkzeuge helfen Ihnen viel, Zeit und Energie zu sparen, wenn Sie ein Kunstraseninstallateur sind, insbesondere hilfreich f\u00fcr Fu\u00dfball-Kunstraseninstallateure.<\/p>\n\t<div class=\"box has-hover   has-hover box-vertical box-text-bottom\" >\n\n\t\t<div class=\"box-image\" style=\"width:20%;\">\n\t\t\t\t\t\t<div class=\"\" >\n\t\t\t\t<img loading=\"lazy\" decoding=\"async\" width=\"400\" height=\"400\" src=\"https:\/\/arturf.com\/wp-content\/uploads\/2020\/06\/Line-Cutter.jpg\" class=\"attachment- size-\" alt=\"\" srcset=\"https:\/\/arturf.com\/wp-content\/uploads\/2020\/06\/Line-Cutter.jpg 400w, https:\/\/arturf.com\/wp-content\/uploads\/2020\/06\/Line-Cutter-300x300.jpg 300w, https:\/\/arturf.com\/wp-content\/uploads\/2020\/06\/Line-Cutter-12x12.jpg 12w, https:\/\/arturf.com\/wp-content\/uploads\/2020\/06\/Line-Cutter-100x100.jpg 100w\" sizes=\"auto, (max-width: 400px) 100vw, 400px\" \/>\t\t\t\t\t\t\t\t\t\t\t<\/div>\n\t\t\t\t\t<\/div>\n\n\t\t<div class=\"box-text text-left\" >\n\t\t\t<div class=\"box-text-inner\">\n\t\t\t\t\n<h4>Linienschneider<\/h4>\n<p>Ein n\u00fctzliches Werkzeug, um das ausgelegte gr\u00fcne Gras in einer Linie zu schneiden und dann eine geschnittene wei\u00dfe Graslinie zu installieren. Es ist schwierig, die zu installieren <a href=\"https:\/\/arturf.com\/de\/installation\/artificial-grass-line-marking\/\">wei\u00dfe Linienmarkierungen<\/a> Ohne dieses Werkzeug ist es der Schl\u00fcssel und wichtig f\u00fcr die Raseninstallation.<\/p>\n\t\t\t<\/div>\n\t\t<\/div>\n\t<\/div>\n\t\n\t<div id=\"gap-1302580757\" class=\"gap-element clearfix\" style=\"display:block; height:auto;\">\n\t\t\n<style>\n#gap-1302580757 {\n  padding-top: 20px;\n}\n<\/style>\n\t<\/div>\n\t\n\t<div class=\"box has-hover   has-hover box-vertical box-text-bottom\" >\n\n\t\t<div class=\"box-image\" style=\"width:20%;\">\n\t\t\t\t\t\t<div class=\"\" >\n\t\t\t\t<img loading=\"lazy\" decoding=\"async\" width=\"400\" height=\"400\" src=\"https:\/\/arturf.com\/wp-content\/uploads\/2020\/06\/Circle-Cutter.jpg\" class=\"attachment- size-\" alt=\"\" srcset=\"https:\/\/arturf.com\/wp-content\/uploads\/2020\/06\/Circle-Cutter.jpg 400w, https:\/\/arturf.com\/wp-content\/uploads\/2020\/06\/Circle-Cutter-300x300.jpg 300w, https:\/\/arturf.com\/wp-content\/uploads\/2020\/06\/Circle-Cutter-12x12.jpg 12w, https:\/\/arturf.com\/wp-content\/uploads\/2020\/06\/Circle-Cutter-100x100.jpg 100w\" sizes=\"auto, (max-width: 400px) 100vw, 400px\" \/>\t\t\t\t\t\t\t\t\t\t\t<\/div>\n\t\t\t\t\t<\/div>\n\n\t\t<div class=\"box-text text-left\" >\n\t\t\t<div class=\"box-text-inner\">\n\t\t\t\t\n<h4>Kreisschneider<\/h4>\n<p>Ein n\u00fctzliches Kunstrasen-Werkzeug namens Graskreisschneider. Es wurde entwickelt, um perfekte Gras-Kreis-Punkte wie Mittel- und Strafpunkte auf dem Fu\u00dfballfeld zu erzeugen. Und es ist ein wunderbares und wichtiges Werkzeug, um gr\u00fcne L\u00f6cher zu schneiden.<\/p>\n\t\t\t<\/div>\n\t\t<\/div>\n\t<\/div>\n\t\n\t<div id=\"gap-938974496\" class=\"gap-element clearfix\" style=\"display:block; height:auto;\">\n\t\t\n<style>\n#gap-938974496 {\n  padding-top: 20px;\n}\n<\/style>\n\t<\/div>\n\t\n\t<div class=\"box has-hover   has-hover box-vertical box-text-bottom\" >\n\n\t\t<div class=\"box-image\" style=\"width:20%;\">\n\t\t\t\t\t\t<div class=\"\" >\n\t\t\t\t<img loading=\"lazy\" decoding=\"async\" width=\"400\" height=\"400\" src=\"https:\/\/arturf.com\/wp-content\/uploads\/2020\/06\/Turf-Fix.jpg\" class=\"attachment- size-\" alt=\"\" srcset=\"https:\/\/arturf.com\/wp-content\/uploads\/2020\/06\/Turf-Fix.jpg 400w, https:\/\/arturf.com\/wp-content\/uploads\/2020\/06\/Turf-Fix-300x300.jpg 300w, https:\/\/arturf.com\/wp-content\/uploads\/2020\/06\/Turf-Fix-12x12.jpg 12w, https:\/\/arturf.com\/wp-content\/uploads\/2020\/06\/Turf-Fix-100x100.jpg 100w\" sizes=\"auto, (max-width: 400px) 100vw, 400px\" \/>\t\t\t\t\t\t\t\t\t\t\t<\/div>\n\t\t\t\t\t<\/div>\n\n\t\t<div class=\"box-text text-left\" >\n\t\t\t<div class=\"box-text-inner\">\n\t\t\t\t\n<h4>Turf Fix<\/h4>\n<p>Ein n\u00fctzliches und professionelles Werkzeug f\u00fcr die Installation von Kunstrasen, mit dem zwei schwere Grasst\u00fccke einfach und langsam zusammengezogen werden k\u00f6nnen, um sie perfekt zu verbinden und eine nahtlose Naht zu erzielen.<\/p>\n\t\t\t<\/div>\n\t\t<\/div>\n\t<\/div>\n\t\n\t<div id=\"gap-1035226602\" class=\"gap-element clearfix\" style=\"display:block; height:auto;\">\n\t\t\n<style>\n#gap-1035226602 {\n  padding-top: 20px;\n}\n<\/style>\n\t<\/div>\n\t\n\t<div class=\"box has-hover   has-hover box-vertical box-text-bottom\" >\n\n\t\t<div class=\"box-image\" style=\"width:20%;\">\n\t\t\t\t\t\t<div class=\"\" >\n\t\t\t\t<img loading=\"lazy\" decoding=\"async\" width=\"400\" height=\"400\" src=\"https:\/\/arturf.com\/wp-content\/uploads\/2020\/06\/Grass-Grip.jpg\" class=\"attachment- size-\" alt=\"\" srcset=\"https:\/\/arturf.com\/wp-content\/uploads\/2020\/06\/Grass-Grip.jpg 400w, https:\/\/arturf.com\/wp-content\/uploads\/2020\/06\/Grass-Grip-300x300.jpg 300w, https:\/\/arturf.com\/wp-content\/uploads\/2020\/06\/Grass-Grip-12x12.jpg 12w, https:\/\/arturf.com\/wp-content\/uploads\/2020\/06\/Grass-Grip-100x100.jpg 100w\" sizes=\"auto, (max-width: 400px) 100vw, 400px\" \/>\t\t\t\t\t\t\t\t\t\t\t<\/div>\n\t\t\t\t\t<\/div>\n\n\t\t<div class=\"box-text text-left\" >\n\t\t\t<div class=\"box-text-inner\">\n\t\t\t\t\n<h4>Grasgriff<\/h4>\n<p>Ein n\u00fctzliches und professionelles Werkzeug f\u00fcr die Installation von Kunstrasen, mit dem Sie schweres Gras greifen und leicht herumziehen k\u00f6nnen, ohne es zu besch\u00e4digen. Es hat einen gro\u00dfen Mund voller kr\u00e4ftiger Z\u00e4hne, die mit zwei Griffen verbunden sind, die Griffe mit zwei H\u00e4nden halten und daran ziehen. Es gibt Kraft, um das Gras mit der Hebelregel zu greifen.<\/p>\n\t\t\t<\/div>\n\t\t<\/div>\n\t<\/div>\n\t\n\t<div id=\"gap-893001621\" class=\"gap-element clearfix\" style=\"display:block; height:auto;\">\n\t\t\n<style>\n#gap-893001621 {\n  padding-top: 20px;\n}\n<\/style>\n\t<\/div>\n\t\n\t<div class=\"box has-hover   has-hover box-vertical box-text-bottom\" >\n\n\t\t<div class=\"box-image\" style=\"width:20%;\">\n\t\t\t\t\t\t<div class=\"\" >\n\t\t\t\t<img loading=\"lazy\" decoding=\"async\" width=\"400\" height=\"400\" src=\"https:\/\/arturf.com\/wp-content\/uploads\/2020\/06\/Seam-Fix.jpg\" class=\"attachment- size-\" alt=\"\" srcset=\"https:\/\/arturf.com\/wp-content\/uploads\/2020\/06\/Seam-Fix.jpg 400w, https:\/\/arturf.com\/wp-content\/uploads\/2020\/06\/Seam-Fix-300x300.jpg 300w, https:\/\/arturf.com\/wp-content\/uploads\/2020\/06\/Seam-Fix-12x12.jpg 12w, https:\/\/arturf.com\/wp-content\/uploads\/2020\/06\/Seam-Fix-100x100.jpg 100w\" sizes=\"auto, (max-width: 400px) 100vw, 400px\" \/>\t\t\t\t\t\t\t\t\t\t\t<\/div>\n\t\t\t\t\t<\/div>\n\n\t\t<div class=\"box-text text-left\" >\n\t\t\t<div class=\"box-text-inner\">\n\t\t\t\t\n<h4>Naht Fix<\/h4>\n<p>Zum Zusammenpressen und Befestigen der Graskanten kann es hilfreich sein, eine feste und sch\u00f6ne Naht zu befestigen. Es ist sowohl mit einem Griff als auch mit einem Reifen ausgestattet und kann geduckt oder mit einem Stock oder Schlauch mit der richtigen L\u00e4nge verwendet werden, damit Sie laufen k\u00f6nnen.<\/p>\n\t\t\t<\/div>\n\t\t<\/div>\n\t<\/div>\n\t\n\t<div id=\"gap-1954218425\" class=\"gap-element clearfix\" style=\"display:block; height:auto;\">\n\t\t\n<style>\n#gap-1954218425 {\n  padding-top: 20px;\n}\n<\/style>\n\t<\/div>\n\t\n\t<div class=\"box has-hover   has-hover box-vertical box-text-bottom\" >\n\n\t\t<div class=\"box-image\" style=\"width:20%;\">\n\t\t\t\t\t\t<div class=\"\" >\n\t\t\t\t<img loading=\"lazy\" decoding=\"async\" width=\"400\" height=\"400\" src=\"https:\/\/arturf.com\/wp-content\/uploads\/2020\/06\/Glue-Fix.jpg\" class=\"attachment- size-\" alt=\"\" srcset=\"https:\/\/arturf.com\/wp-content\/uploads\/2020\/06\/Glue-Fix.jpg 400w, https:\/\/arturf.com\/wp-content\/uploads\/2020\/06\/Glue-Fix-300x300.jpg 300w, https:\/\/arturf.com\/wp-content\/uploads\/2020\/06\/Glue-Fix-12x12.jpg 12w, https:\/\/arturf.com\/wp-content\/uploads\/2020\/06\/Glue-Fix-100x100.jpg 100w\" sizes=\"auto, (max-width: 400px) 100vw, 400px\" \/>\t\t\t\t\t\t\t\t\t\t\t<\/div>\n\t\t\t\t\t<\/div>\n\n\t\t<div class=\"box-text text-left\" >\n\t\t\t<div class=\"box-text-inner\">\n\t\t\t\t\n<h4>Kleber Fix<\/h4>\n<p>Ein n\u00fctzliches Werkzeug, auch Klebeapplikator genannt, zum Kleben von Nahtb\u00e4ndern f\u00fcr Kunstrasen. Damit k\u00f6nnen Sie sich ausbreiten <a href=\"https:\/\/arturf.com\/de\/product\/artificial-grass-adhesive\/\">Kunstrasenkleber<\/a> auf Nahtband schnell und einfach. Zwei Leimbeh\u00e4lter, einstellbare Auftragsbreite zur Anpassung an unterschiedliche Nahtbandbreiten<\/p>\n\t\t\t<\/div>\n\t\t<\/div>\n\t<\/div>\n\t\n\t<div id=\"gap-295925579\" class=\"gap-element clearfix\" style=\"display:block; height:auto;\">\n\t\t\n<style>\n#gap-295925579 {\n  padding-top: 20px;\n}\n<\/style>\n\t<\/div>\n\t\n\t<div class=\"box has-hover   has-hover box-vertical box-text-bottom\" >\n\n\t\t<div class=\"box-image\" style=\"width:20%;\">\n\t\t\t\t\t\t<div class=\"\" >\n\t\t\t\t<img loading=\"lazy\" decoding=\"async\" width=\"400\" height=\"400\" src=\"https:\/\/arturf.com\/wp-content\/uploads\/2020\/06\/Grass-Cutter.jpg\" class=\"attachment- size-\" alt=\"\" srcset=\"https:\/\/arturf.com\/wp-content\/uploads\/2020\/06\/Grass-Cutter.jpg 400w, https:\/\/arturf.com\/wp-content\/uploads\/2020\/06\/Grass-Cutter-300x300.jpg 300w, https:\/\/arturf.com\/wp-content\/uploads\/2020\/06\/Grass-Cutter-12x12.jpg 12w, https:\/\/arturf.com\/wp-content\/uploads\/2020\/06\/Grass-Cutter-100x100.jpg 100w\" sizes=\"auto, (max-width: 400px) 100vw, 400px\" \/>\t\t\t\t\t\t\t\t\t\t\t<\/div>\n\t\t\t\t\t<\/div>\n\n\t\t<div class=\"box-text text-left\" >\n\t\t\t<div class=\"box-text-inner\">\n\t\t\t\t\n<h4>Rasenm\u00e4her<\/h4>\n<p>Ein n\u00fctzliches Graswerkzeug zum schnellen Schneiden entlang der vorhandenen Kunstrasenspur. Bequemer Griff und einfach mit einer Hand zu halten. Leichtes und handliches Grasschneidewerkzeug, das leicht nach vorne gedr\u00fcckt werden kann, um eine gerade Linie zu schneiden.<\/p>\n\t\t\t<\/div>\n\t\t<\/div>\n\t<\/div>\n\t\n\t<div id=\"gap-1135940880\" class=\"gap-element clearfix\" style=\"display:block; height:auto;\">\n\t\t\n<style>\n#gap-1135940880 {\n  padding-top: 20px;\n}\n<\/style>\n\t<\/div>\n\t\n\t<div class=\"box has-hover   has-hover box-vertical box-text-bottom\" >\n\n\t\t<div class=\"box-image\" style=\"width:20%;\">\n\t\t\t\t\t\t<div class=\"\" >\n\t\t\t\t<img loading=\"lazy\" decoding=\"async\" width=\"400\" height=\"400\" src=\"https:\/\/arturf.com\/wp-content\/uploads\/2020\/06\/Edge-Trimmer.jpg\" class=\"attachment- size-\" alt=\"\" srcset=\"https:\/\/arturf.com\/wp-content\/uploads\/2020\/06\/Edge-Trimmer.jpg 400w, https:\/\/arturf.com\/wp-content\/uploads\/2020\/06\/Edge-Trimmer-300x300.jpg 300w, https:\/\/arturf.com\/wp-content\/uploads\/2020\/06\/Edge-Trimmer-12x12.jpg 12w, https:\/\/arturf.com\/wp-content\/uploads\/2020\/06\/Edge-Trimmer-100x100.jpg 100w\" sizes=\"auto, (max-width: 400px) 100vw, 400px\" \/>\t\t\t\t\t\t\t\t\t\t\t<\/div>\n\t\t\t\t\t<\/div>\n\n\t\t<div class=\"box-text text-left\" >\n\t\t\t<div class=\"box-text-inner\">\n\t\t\t\t\n<h4>Kantenschneider<\/h4>\n<p>Der Rasenkantenschneider ist ein sehr n\u00fctzliches und effektives Werkzeug f\u00fcr die Installation von Kunstrasen. Er kann uns helfen, die zus\u00e4tzliche Kante (zus\u00e4tzliche Grasunterlage) oder den zus\u00e4tzlichen Teil des Grases schnell zu schneiden. Es hat einen Griff, mit dem Sie es von Hand halten k\u00f6nnen, und wir hocken es. Es ist jedoch stark, einen Stock in der richtigen L\u00e4nge an diesem Werkzeug zu befestigen, damit Sie schnell und bequem gehen k\u00f6nnen. Es gibt einen Rahmen zum Verbinden des Sticks oder Rohrs.<\/p>\n\t\t\t<\/div>\n\t\t<\/div>\n\t<\/div>\n\t\n\t<div id=\"gap-567444701\" class=\"gap-element clearfix\" style=\"display:block; height:auto;\">\n\t\t\n<style>\n#gap-567444701 {\n  padding-top: 20px;\n}\n<\/style>\n\t<\/div>\n\t\n\t<div class=\"box has-hover   has-hover box-vertical box-text-bottom\" >\n\n\t\t<div class=\"box-image\" style=\"width:20%;\">\n\t\t\t\t\t\t<div class=\"\" >\n\t\t\t\t<img loading=\"lazy\" decoding=\"async\" width=\"403\" height=\"403\" src=\"https:\/\/arturf.com\/wp-content\/uploads\/2020\/06\/Floor-Test.jpg\" class=\"attachment- size-\" alt=\"\" srcset=\"https:\/\/arturf.com\/wp-content\/uploads\/2020\/06\/Floor-Test.jpg 403w, https:\/\/arturf.com\/wp-content\/uploads\/2020\/06\/Floor-Test-300x300.jpg 300w, https:\/\/arturf.com\/wp-content\/uploads\/2020\/06\/Floor-Test-12x12.jpg 12w, https:\/\/arturf.com\/wp-content\/uploads\/2020\/06\/Floor-Test-100x100.jpg 100w\" sizes=\"auto, (max-width: 403px) 100vw, 403px\" \/>\t\t\t\t\t\t\t\t\t\t\t<\/div>\n\t\t\t\t\t<\/div>\n\n\t\t<div class=\"box-text text-left\" >\n\t\t\t<div class=\"box-text-inner\">\n\t\t\t\t\n<h4>Bodentest<\/h4>\n<p>Dieses als Bodentest oder Tiefenlineal bezeichnete Werkzeug (Lineal) wird zum Messen der F\u00fcllungstiefe verwendet, einschlie\u00dflich Sand- und Gummigranulat und anderer F\u00fcllmaterialien, die in den Kunstrasen \/ Kunstrasen gef\u00fcllt sind. Es ist ein sehr n\u00fctzliches Werkzeug f\u00fcr die Installation von Kunstrasen Es hilft uns, die F\u00fcllmenge und -qualit\u00e4t der Kunstrasenoberfl\u00e4che zu testen.<\/p>\n\t\t\t<\/div>\n\t\t<\/div>\n\t<\/div>","protected":false},"excerpt":{"rendered":"<p>N\u00fctzliche und professionelle Werkzeuge f\u00fcr die Installation von Kunstrasen, einschlie\u00dflich Linienschneider \uff0c Kreisschneider \uff0c Rasenfixierung \uff0c Grasgriff \uff0c Nahtfixierung \uff0c Klebefixierung \uff0c Grasschneider \uff0c Kantenschneider \uff0c Bodentest. Insgesamt neun Kunstrasen-Installationswerkzeuge f\u00fcr ein Gesamtpaket. Sie k\u00f6nnen ein vollst\u00e4ndiges Paket erwerben oder einfach einige der am h\u00e4ufigsten verwendeten Tools ausw\u00e4hlen.<\/p>","protected":false},"featured_media":11916,"template":"","meta":{"_seopress_robots_primary_cat":"","_seopress_titles_title":"","_seopress_titles_desc":"Useful and professional tools for artificial grass installation, including turf grip, turf fix, seam fix, line cutter, grass cutter, glue fix, edge trimmer, circle cutter, and floor test.","_seopress_robots_index":""},"product_brand":[],"product_cat":[66],"product_tag":[],"class_list":{"0":"post-11797","1":"product","2":"type-product","3":"status-publish","4":"has-post-thumbnail","6":"product_cat-accessories","8":"first","9":"instock","10":"shipping-taxable","11":"product-type-simple"},"_links":{"self":[{"href":"https:\/\/arturf.com\/de\/wp-json\/wp\/v2\/product\/11797","targetHints":{"allow":["GET"]}}],"collection":[{"href":"https:\/\/arturf.com\/de\/wp-json\/wp\/v2\/product"}],"about":[{"href":"https:\/\/arturf.com\/de\/wp-json\/wp\/v2\/types\/product"}],"wp:featuredmedia":[{"embeddable":true,"href":"https:\/\/arturf.com\/de\/wp-json\/wp\/v2\/media\/11916"}],"wp:attachment":[{"href":"https:\/\/arturf.com\/de\/wp-json\/wp\/v2\/media?parent=11797"}],"wp:term":[{"taxonomy":"product_brand","embeddable":true,"href":"https:\/\/arturf.com\/de\/wp-json\/wp\/v2\/product_brand?post=11797"},{"taxonomy":"product_cat","embeddable":true,"href":"https:\/\/arturf.com\/de\/wp-json\/wp\/v2\/product_cat?post=11797"},{"taxonomy":"product_tag","embeddable":true,"href":"https:\/\/arturf.com\/de\/wp-json\/wp\/v2\/product_tag?post=11797"}],"curies":[{"name":"wp","href":"https:\/\/api.w.org\/{rel}","templated":true}]}}