{"id":12663,"date":"2020-08-29T08:36:12","date_gmt":"2020-08-29T00:36:12","guid":{"rendered":"https:\/\/arturf.com\/?post_type=product&#038;p=12663"},"modified":"2023-07-15T11:42:39","modified_gmt":"2023-07-15T03:42:39","slug":"decor","status":"publish","type":"product","link":"https:\/\/arturf.com\/de\/product\/decor\/","title":{"rendered":"Decor"},"content":{"rendered":"<h3>Hauptmerkmale:<\/h3>\n<ol>\n<li>\n<h4>Kurze Faserl\u00e4nge:<\/h4>\n<p>Mit einer kompakten Faserl\u00e4nge von 8 mm bis 15 mm bietet Decor ein elegantes und gepflegtes Erscheinungsbild, das an einen hochwertigen Teppich erinnert.<\/p>\n<\/li>\n<li>\n<h4>Teppich\u00e4hnliche \u00c4sthetik:<\/h4>\n<p>Mit seiner sorgf\u00e4ltig gestalteten Konstruktion reproduziert Decor die optische Attraktivit\u00e4t eines nat\u00fcrlichen Teppichs und verleiht jedem Raum einen Hauch von Eleganz.<\/p>\n<\/li>\n<li>\n<h4>Kosteneffiziente L\u00f6sung:<\/h4>\n<p>Decor zeichnet sich durch eine preisg\u00fcnstige Option aus, die sicherstellt, dass Sie Ihre Umgebung aufwerten k\u00f6nnen, ohne Ihr Budget zu sprengen.<\/p>\n<\/li>\n<\/ol>\n<h3>Geeignete Anwendungen:\u00a0<\/h3>\n<ol>\n<li>\n<h4>Gesch\u00e4ftsdisplay:<\/h4>\n<p>Egal, ob Sie Einzelh\u00e4ndler, Hotelier oder Aussteller sind, Decor ist eine ausgezeichnete Wahl f\u00fcr Gesch\u00e4ftspr\u00e4sentationen und verleiht Ihrem Ausstellungsraum oder Ausstellungsbereich einen Hauch von Eleganz und Raffinesse.<\/p>\n<p><img loading=\"lazy\" decoding=\"async\" class=\"wp-image-5525 size-full alignnone\" style=\"color: #555555; font-size: 14.4px;\" src=\"https:\/\/arturf.com\/wp-content\/uploads\/2016\/06\/Artificial-Grass-for-Display-4.jpg\" alt=\"Kunstrasen f\u00fcr die Anzeige\" width=\"800\" height=\"533\" srcset=\"https:\/\/arturf.com\/wp-content\/uploads\/2016\/06\/Artificial-Grass-for-Display-4.jpg 800w, https:\/\/arturf.com\/wp-content\/uploads\/2016\/06\/Artificial-Grass-for-Display-4-300x200.jpg 300w, https:\/\/arturf.com\/wp-content\/uploads\/2016\/06\/Artificial-Grass-for-Display-4-768x512.jpg 768w, https:\/\/arturf.com\/wp-content\/uploads\/2016\/06\/Artificial-Grass-for-Display-4-18x12.jpg 18w, https:\/\/arturf.com\/wp-content\/uploads\/2016\/06\/Artificial-Grass-for-Display-4-510x340.jpg 510w\" sizes=\"auto, (max-width: 800px) 100vw, 800px\" \/><\/p>\n<\/li>\n<li>\n<h4>Decoration:<\/h4>\n<p>Versch\u00f6nern Sie Ihre Innen- und Au\u00dfenbereiche durch den Einbau von Decor. Sein teppichartiges Aussehen wertet G\u00e4rten, Balkone, Terrassen und jeden Bereich, in dem Sie eine einladende und optisch ansprechende Atmosph\u00e4re w\u00fcnschen, optisch auf.<\/p>\n<p><img alt=\"\" loading=\"lazy\" decoding=\"async\" class=\"alignnone wp-image-12665 size-full\" style=\"color: #555555; font-size: 14.4px;\" src=\"https:\/\/arturf.com\/wp-content\/uploads\/2020\/08\/Wall-Decoration-Grass-2.jpg\" width=\"800\" height=\"533\" srcset=\"https:\/\/arturf.com\/wp-content\/uploads\/2020\/08\/Wall-Decoration-Grass-2.jpg 800w, https:\/\/arturf.com\/wp-content\/uploads\/2020\/08\/Wall-Decoration-Grass-2-300x200.jpg 300w, https:\/\/arturf.com\/wp-content\/uploads\/2020\/08\/Wall-Decoration-Grass-2-768x512.jpg 768w, https:\/\/arturf.com\/wp-content\/uploads\/2020\/08\/Wall-Decoration-Grass-2-18x12.jpg 18w, https:\/\/arturf.com\/wp-content\/uploads\/2020\/08\/Wall-Decoration-Grass-2-510x340.jpg 510w\" sizes=\"auto, (max-width: 800px) 100vw, 800px\" \/><\/p>\n<\/li>\n<li>\n<h4>Veranstaltungen:<\/h4>\n<p>Decor eignet sich perfekt f\u00fcr private und gesch\u00e4ftliche Veranstaltungen und bietet eine kosteng\u00fcnstige L\u00f6sung f\u00fcr die Schaffung beeindruckender Veranstaltungsr\u00e4ume. Ganz gleich, ob es sich um eine Hochzeit, eine Party oder ein Firmentreffen handelt, dieser Kunstrasen in Teppichoptik kann das Gesamtambiente verbessern und bei Ihren G\u00e4sten einen bleibenden Eindruck hinterlassen.<\/p>\n<p><img alt=\"\" loading=\"lazy\" decoding=\"async\" class=\"alignnone wp-image-17477 size-full\" style=\"color: #555555; font-size: 14.4px;\" src=\"https:\/\/arturf.com\/wp-content\/uploads\/2022\/08\/Green-Event-turf-Decor.jpg\" width=\"800\" height=\"533\" srcset=\"https:\/\/arturf.com\/wp-content\/uploads\/2022\/08\/Green-Event-turf-Decor.jpg 800w, https:\/\/arturf.com\/wp-content\/uploads\/2022\/08\/Green-Event-turf-Decor-300x200.jpg 300w, https:\/\/arturf.com\/wp-content\/uploads\/2022\/08\/Green-Event-turf-Decor-768x512.jpg 768w, https:\/\/arturf.com\/wp-content\/uploads\/2022\/08\/Green-Event-turf-Decor-18x12.jpg 18w, https:\/\/arturf.com\/wp-content\/uploads\/2022\/08\/Green-Event-turf-Decor-510x340.jpg 510w\" sizes=\"auto, (max-width: 800px) 100vw, 800px\" \/><\/p>\n<\/li>\n<\/ol>\n\n\t<section class=\"section\" id=\"section_889969220\">\n\t\t<div class=\"section-bg fill\" >\n\t\t\t\t\t\t\t\t\t\n\t\t\t\n\n\t\t<\/div>\n\n\t\t\n\n\t\t<div class=\"section-content relative\">\n\t\t\t\n\n<div class=\"row\"  id=\"row-2061387010\">\n\n\n\t<div id=\"col-1520283695\" class=\"col small-12 large-12\"  >\n\t\t\t\t<div class=\"col-inner text-center\"  >\n\t\t\t\n\t\t\t\n\n<h2>FAQs<\/h2>\n\n\t\t<\/div>\n\t\t\t\t\t<\/div>\n\n\t\n\n<\/div>\n<div class=\"row align-center row-box-shadow-1\"  id=\"row-56150832\">\n\n\n\t<div id=\"col-216451867\" class=\"col medium-10 small-12 large-9\"  >\n\t\t\t\t<div class=\"col-inner\" style=\"background-color:rgb(255,255,255);\" >\n\t\t\t\n\t\t\t\n\n<div class=\"accordion\">\n\n\t<div id=\"accordion-3911881821\" class=\"accordion-item\">\n\t\t<a id=\"accordion-3911881821-label\" class=\"accordion-title plain\" href=\"#accordion-item-can-you-customize-specifications-for-your-artificial-turf-products?\" aria-expanded=\"false\" aria-controls=\"accordion-3911881821-content\">\n\t\t\t<button class=\"toggle\" aria-label=\"Umschalten\"><i class=\"icon-angle-down\" aria-hidden=\"true\"><\/i><\/button>\n\t\t\t<span>K\u00f6nnen Sie die Spezifikationen f\u00fcr Ihre Kunstrasenprodukte anpassen?<\/span>\n\t\t<\/a>\n\t\t<div id=\"accordion-3911881821-content\" class=\"accordion-inner\" aria-labelledby=\"accordion-3911881821-label\">\n\t\t\t\n\n<p>Ja, wir bieten individuelle Optionen f\u00fcr Farbe, Garnform, Florh\u00f6he, Dichte und Tr\u00e4germaterial. Wir k\u00f6nnen auch nach einem bereitgestellten Muster produzieren.<\/p>\n\n\t\t<\/div>\n\t<\/div>\n\t\n\t<div id=\"accordion-2146213797\" class=\"accordion-item\">\n\t\t<a id=\"accordion-2146213797-label\" class=\"accordion-title plain\" href=\"#accordion-item-do-you-have-stock?\" aria-expanded=\"false\" aria-controls=\"accordion-2146213797-content\">\n\t\t\t<button class=\"toggle\" aria-label=\"Umschalten\"><i class=\"icon-angle-down\" aria-hidden=\"true\"><\/i><\/button>\n\t\t\t<span>Haben Sie Lagerbest\u00e4nde?<\/span>\n\t\t<\/a>\n\t\t<div id=\"accordion-2146213797-content\" class=\"accordion-inner\" aria-labelledby=\"accordion-2146213797-label\">\n\t\t\t\n\n<p>Nein, wir f\u00fchren keine Lagerbest\u00e4nde. Wir beginnen mit der Produktion auf der Grundlage konkreter Bestellungen.<\/p>\n\n\t\t<\/div>\n\t<\/div>\n\t\n\t<div id=\"accordion-2657312954\" class=\"accordion-item\">\n\t\t<a id=\"accordion-2657312954-label\" class=\"accordion-title plain\" href=\"#accordion-item-what-is-your-moq?\" aria-expanded=\"false\" aria-controls=\"accordion-2657312954-content\">\n\t\t\t<button class=\"toggle\" aria-label=\"Umschalten\"><i class=\"icon-angle-down\" aria-hidden=\"true\"><\/i><\/button>\n\t\t\t<span>Was ist Ihr MOQ?<\/span>\n\t\t<\/a>\n\t\t<div id=\"accordion-2657312954-content\" class=\"accordion-inner\" aria-labelledby=\"accordion-2657312954-label\">\n\t\t\t\n\n<p>F\u00fcr die meisten Kunstrasen betr\u00e4gt unsere Mindestbestellmenge (MOQ) 500 Quadratmeter. F\u00fcr einige Produkte mit geringem Fl\u00e4chengewicht betr\u00e4gt die Mindestbestellmenge 800 Quadratmeter.<\/p>\n\n\t\t<\/div>\n\t<\/div>\n\t\n\t<div id=\"accordion-2705655067\" class=\"accordion-item\">\n\t\t<a id=\"accordion-2705655067-label\" class=\"accordion-title plain\" href=\"#accordion-item-what-are-the-width-and-length-options-for-artificial-grass?\" aria-expanded=\"false\" aria-controls=\"accordion-2705655067-content\">\n\t\t\t<button class=\"toggle\" aria-label=\"Umschalten\"><i class=\"icon-angle-down\" aria-hidden=\"true\"><\/i><\/button>\n\t\t\t<span>Welche Breiten- und L\u00e4ngenoptionen gibt es f\u00fcr Kunstrasen?<\/span>\n\t\t<\/a>\n\t\t<div id=\"accordion-2705655067-content\" class=\"accordion-inner\" aria-labelledby=\"accordion-2705655067-label\">\n\t\t\t\n\n<p>Unsere g\u00e4ngigen Breitenoptionen sind 2 m, 3,75 m, 3,95 m, 4 m und 5 m. Die L\u00e4nge kann entsprechend Ihren spezifischen Projektanforderungen angepasst werden. Standardm\u00e4\u00dfig mischen wir 4 m breiten und 2 m breiten Rasen miteinander, um den Containerraum zu optimieren.<\/p>\n\n\t\t<\/div>\n\t<\/div>\n\t\n\t<div id=\"accordion-2153823086\" class=\"accordion-item\">\n\t\t<a id=\"accordion-2153823086-label\" class=\"accordion-title plain\" href=\"#accordion-item-what-information-do-you-need-to-provide-the-landed-cost-for-international-customers?\" aria-expanded=\"false\" aria-controls=\"accordion-2153823086-content\">\n\t\t\t<button class=\"toggle\" aria-label=\"Umschalten\"><i class=\"icon-angle-down\" aria-hidden=\"true\"><\/i><\/button>\n\t\t\t<span>Welche Informationen ben\u00f6tigen Sie, um die Gesamtkosten f\u00fcr internationale Kunden bereitzustellen?<\/span>\n\t\t<\/a>\n\t\t<div id=\"accordion-2153823086-content\" class=\"accordion-inner\" aria-labelledby=\"accordion-2153823086-label\">\n\t\t\t\n\n<p>Um die Landekosten angeben zu k\u00f6nnen, ben\u00f6tigen wir Informationen zu den Produktdetails, der Menge und dem Zielseehafen.<\/p>\n\n\t\t<\/div>\n\t<\/div>\n\t\n\n<\/div>\n\n\t\t<\/div>\n\t\t\t\t\t<\/div>\n\n\t\n\n\n<style>\n#row-56150832 > .col > .col-inner {\n  padding: 0px 0px 0px 0px;\n}\n@media (min-width:550px) {\n  #row-56150832 > .col > .col-inner {\n    padding: 30px 30px 30px 30px;\n  }\n}\n<\/style>\n<\/div>\n\n\t\t<\/div>\n\n\t\t\n<style>\n#section_889969220 {\n  padding-top: 60px;\n  padding-bottom: 60px;\n}\n<\/style>\n\t<\/section>\n\t\n<div class=\"row align-center\"  id=\"row-1068092010\">\n\n\n\t<div id=\"col-2087709317\" class=\"col medium-4 large-4\"  >\n\t\t\t\t<div class=\"col-inner\"  >\n\t\t\t\n\t<div class=\"is-border\"\n\t\tstyle=\"border-width:0px 0px 0px 0px;\">\n\t<\/div>\n\t\t\t\n\n\n\t\t<div class=\"icon-box featured-box icon-box-center text-center\"  style=\"margin:0px 0px 0px 0px;\">\n\t\t\t\t\t<div class=\"icon-box-img has-icon-bg\" style=\"width: 100px\">\n\t\t\t\t<div class=\"icon\">\n\t\t\t\t\t<div class=\"icon-inner\" style=\"border-width:2px;color:rgba(47, 159, 18, 0.88);\">\n\t\t\t\t\t\t<img loading=\"lazy\" decoding=\"async\" width=\"100\" height=\"100\" src=\"https:\/\/arturf.com\/wp-content\/uploads\/2018\/06\/Icon-Good-quality.png\" class=\"attachment-medium size-medium\" alt=\"\" srcset=\"https:\/\/arturf.com\/wp-content\/uploads\/2018\/06\/Icon-Good-quality.png 100w, https:\/\/arturf.com\/wp-content\/uploads\/2018\/06\/Icon-Good-quality-12x12.png 12w\" sizes=\"auto, (max-width: 100px) 100vw, 100px\" \/>\t\t\t\t\t<\/div>\n\t\t\t\t<\/div>\n\t\t\t<\/div>\n\t\t\t\t<div class=\"icon-box-text last-reset\">\n\t\t\t<h5 class=\"uppercase\">Bew\u00e4hrte Qualit\u00e4t<\/h5>\t\t\t\t\t\t\n\n<p>Hochwertiger Kunstrasen mit UV- und Verschlei\u00dffestigkeit. Solide Garantien sorgen f\u00fcr dauerhafte Zufriedenheit.<\/p>\n\n\t\t<\/div>\n\t<\/div>\n\t\n\t\n\n\t\t<\/div>\n\t\t\t\t\t<\/div>\n\n\t\n\n\t<div id=\"col-1192448828\" class=\"col medium-4 large-4\"  >\n\t\t\t\t<div class=\"col-inner\"  >\n\t\t\t\n\t<div class=\"is-border\"\n\t\tstyle=\"border-width:0px 0px 0px 0px;\">\n\t<\/div>\n\t\t\t\n\n\n\t\t<div class=\"icon-box featured-box icon-box-center text-center\"  style=\"margin:0px 0px 0px 0px;\">\n\t\t\t\t\t<div class=\"icon-box-img has-icon-bg\" style=\"width: 100px\">\n\t\t\t\t<div class=\"icon\">\n\t\t\t\t\t<div class=\"icon-inner\" style=\"border-width:2px;color:rgba(47, 159, 18, 0.88);\">\n\t\t\t\t\t\t<img loading=\"lazy\" decoding=\"async\" width=\"100\" height=\"100\" src=\"https:\/\/arturf.com\/wp-content\/uploads\/2018\/06\/Icon-Good-price.png\" class=\"attachment-medium size-medium\" alt=\"\" srcset=\"https:\/\/arturf.com\/wp-content\/uploads\/2018\/06\/Icon-Good-price.png 100w, https:\/\/arturf.com\/wp-content\/uploads\/2018\/06\/Icon-Good-price-12x12.png 12w\" sizes=\"auto, (max-width: 100px) 100vw, 100px\" \/>\t\t\t\t\t<\/div>\n\t\t\t\t<\/div>\n\t\t\t<\/div>\n\t\t\t\t<div class=\"icon-box-text last-reset\">\n\t\t\t<h5 class=\"uppercase\">Wettbewerbsf\u00e4hige Preise<\/h5>\t\t\t\t\t\t\n\n<p>Wir bieten wettbewerbsf\u00e4hige Preise und f\u00f6rdern das gemeinsame Wachstum und den langfristigen Erfolg unserer gesch\u00e4tzten H\u00e4ndler.<\/p>\n\n\t\t<\/div>\n\t<\/div>\n\t\n\t\n\n\t\t<\/div>\n\t\t\t\t\t<\/div>\n\n\t\n\n\t<div id=\"col-272457714\" class=\"col medium-4 large-4\"  >\n\t\t\t\t<div class=\"col-inner\"  >\n\t\t\t\n\t<div class=\"is-border\"\n\t\tstyle=\"border-width:0px 0px 0px 0px;\">\n\t<\/div>\n\t\t\t\n\n\n\t\t<div class=\"icon-box featured-box icon-box-center text-center\"  style=\"margin:0px 0px 0px 0px;\">\n\t\t\t\t\t<div class=\"icon-box-img has-icon-bg\" style=\"width: 100px\">\n\t\t\t\t<div class=\"icon\">\n\t\t\t\t\t<div class=\"icon-inner\" style=\"border-width:2px;color:rgba(47, 159, 18, 0.88);\">\n\t\t\t\t\t\t<img loading=\"lazy\" decoding=\"async\" width=\"100\" height=\"100\" src=\"https:\/\/arturf.com\/wp-content\/uploads\/2018\/06\/Icon-tailor-made.png\" class=\"attachment-medium size-medium\" alt=\"\" srcset=\"https:\/\/arturf.com\/wp-content\/uploads\/2018\/06\/Icon-tailor-made.png 100w, https:\/\/arturf.com\/wp-content\/uploads\/2018\/06\/Icon-tailor-made-12x12.png 12w\" sizes=\"auto, (max-width: 100px) 100vw, 100px\" \/>\t\t\t\t\t<\/div>\n\t\t\t\t<\/div>\n\t\t\t<\/div>\n\t\t\t\t<div class=\"icon-box-text last-reset\">\n\t\t\t<h5 class=\"uppercase\">Ma\u00dfgeschneiderte L\u00f6sungen<\/h5>\t\t\t\t\t\t\n\n<p>Sch\u00f6pfen Sie Marktpotenzial mit vielf\u00e4ltigen Kunstrasenoptionen. <a href=\"https:\/\/arturf.com\/de\/buyers-guide\/customized-artificial-grass-products\/\">Auf individuelle Bed\u00fcrfnisse oder Muster zugeschnitten<\/a>.<\/p>\n\n\t\t<\/div>\n\t<\/div>\n\t\n\t\n\n\t\t<\/div>\n\t\t\t\t\t<\/div>\n\n\t\n\n<\/div>","protected":false},"excerpt":{"rendered":"<p>Decor ist eine bemerkenswerte Kunstrasenoption, die das Aussehen eines \u00fcppigen Teppichs nachahmt und gleichzeitig ein unschlagbares Preis-Leistungs-Verh\u00e4ltnis bietet. Mit seiner kurzen Faserl\u00e4nge und dem g\u00fcnstigen Preis ist Decor haupts\u00e4chlich f\u00fcr Landschafts- und Dekorationszwecke gedacht und somit eine ideale Wahl f\u00fcr eine Vielzahl von Anwendungen.<\/p>","protected":false},"featured_media":17157,"template":"","meta":{"_seopress_robots_primary_cat":"","_seopress_titles_title":"Decor: Affordable Artificial Turf for Displays, Decoration, Events","_seopress_titles_desc":"Transform your spaces with affordable artificial turf for business displays, decoration, and events. Experience the elegance of carpet-like aesthetics.","_seopress_robots_index":""},"product_brand":[],"product_cat":[64],"product_tag":[],"class_list":{"0":"post-12663","1":"product","2":"type-product","3":"status-publish","4":"has-post-thumbnail","6":"product_cat-landscape","8":"first","9":"instock","10":"shipping-taxable","11":"product-type-simple"},"_links":{"self":[{"href":"https:\/\/arturf.com\/de\/wp-json\/wp\/v2\/product\/12663","targetHints":{"allow":["GET"]}}],"collection":[{"href":"https:\/\/arturf.com\/de\/wp-json\/wp\/v2\/product"}],"about":[{"href":"https:\/\/arturf.com\/de\/wp-json\/wp\/v2\/types\/product"}],"wp:featuredmedia":[{"embeddable":true,"href":"https:\/\/arturf.com\/de\/wp-json\/wp\/v2\/media\/17157"}],"wp:attachment":[{"href":"https:\/\/arturf.com\/de\/wp-json\/wp\/v2\/media?parent=12663"}],"wp:term":[{"taxonomy":"product_brand","embeddable":true,"href":"https:\/\/arturf.com\/de\/wp-json\/wp\/v2\/product_brand?post=12663"},{"taxonomy":"product_cat","embeddable":true,"href":"https:\/\/arturf.com\/de\/wp-json\/wp\/v2\/product_cat?post=12663"},{"taxonomy":"product_tag","embeddable":true,"href":"https:\/\/arturf.com\/de\/wp-json\/wp\/v2\/product_tag?post=12663"}],"curies":[{"name":"wp","href":"https:\/\/api.w.org\/{rel}","templated":true}]}}