{"id":13490,"date":"2020-12-07T14:25:30","date_gmt":"2020-12-07T06:25:30","guid":{"rendered":"https:\/\/arturf.com\/?post_type=product&#038;p=13490"},"modified":"2024-07-13T16:25:22","modified_gmt":"2024-07-13T08:25:22","slug":"sports-lighting","status":"publish","type":"product","link":"https:\/\/arturf.com\/de\/product\/sports-lighting\/","title":{"rendered":"Sportbeleuchtung"},"content":{"rendered":"<p>Erleben Sie mit unseren Premium-LED-L\u00f6sungen den H\u00f6hepunkt der Sportbeleuchtung. Wir arbeiten eng mit renommierten Herstellern von LED-Sportbeleuchtung zusammen, um Ihnen Spitzentechnologie anzubieten, die die Sichtbarkeit und Effizienz Ihres Sportplatzes verbessert.<\/p>\n<h3>Warum sollten Sie sich f\u00fcr unsere LED-Sportleuchten entscheiden?<\/h3>\n<ol>\n<li>\n<p><strong>Expertenpartnerschaften:<\/strong> Obwohl wir selbst keine LED-Flutlichter herstellen, arbeiten wir eng mit mehreren renommierten Sportbeleuchtungslieferanten zusammen. Dadurch k\u00f6nnen wir f\u00fcr unsere wertvollen Kunden die am besten geeigneten LED-Sportbeleuchtungsprodukte ausw\u00e4hlen und so die bestm\u00f6gliche Leistung und Zuverl\u00e4ssigkeit gew\u00e4hrleisten.<\/p>\n<\/li>\n<li>\n<p><strong>Qualit\u00e4tskontrolle:<\/strong> Unsere langfristigen Partnerschaften garantieren stabile Qualit\u00e4t und wettbewerbsf\u00e4hige Preise und bieten au\u00dfergew\u00f6hnlichen Mehrwert ohne Kompromisse bei der Leistung.<\/p>\n<\/li>\n<li>\n<p><strong>Ma\u00dfgeschneiderte L\u00f6sungen:<\/strong> Wir bieten kostenlose Simulations- und photometrische Analyseberichte, die auf die individuellen Anforderungen Ihres Projekts zugeschnitten sind. Dies gew\u00e4hrleistet optimale Leistung und kosteng\u00fcnstige L\u00f6sungen, die auf Ihre Feldgr\u00f6\u00dfe, die gew\u00fcnschten Beleuchtungsst\u00e4rken, die Anzahl der Lichtmasten und die Masth\u00f6hen zugeschnitten sind.<\/p>\n<\/li>\n<li>\n<p><strong>Problemloser Service:<\/strong> Als Ihr zentraler Ansprechpartner verwaltet Arturf alle Aspekte Ihres Beleuchtungsprojekts und sorgt f\u00fcr eine reibungslose und erfolgreiche Umsetzung.<\/p>\n<\/li>\n<\/ol>\n<h3>Merkmale unserer LED-Sportbeleuchtungsprodukte:<\/h3>\n<ul>\n<li>\n<p><strong>Hohe Effizienz:<\/strong> Durch die Verwendung hochwertiger LED-Chips erreichen unsere Stadionlichter bis zu 150\u2013160 lm\/W und maximieren so Energieeinsparungen und Betriebskostenrabatte.<\/p>\n<\/li>\n<li>\n<p><strong>Modulares Design:<\/strong> Die einstellbare Wattzahl im Bereich von 200 W bis 1800 W erm\u00f6glicht Flexibilit\u00e4t bei Design und Energiemanagement.<\/p>\n<\/li>\n<li>\n<p><strong>Zuverl\u00e4ssige Treiber:<\/strong> Ausgestattet mit Treibern renommierter Marken wie Meanwell, Inventronics oder Philips, die einen hohen Leistungsfaktor (&gt;0,9), eine geringe harmonische Verzerrung (THD) und einen flimmerfreien Betrieb gew\u00e4hrleisten.<\/p>\n<\/li>\n<li>\n<p><strong>Leicht und langlebig:<\/strong> Unsere Leuchten wurden speziell f\u00fcr Sportumgebungen entwickelt und bieten eine robuste Konstruktion ohne Kompromisse bei der Leistung.<\/p>\n<\/li>\n<li>\n<p><strong>Vielseitige Strahlwinkel:<\/strong> W\u00e4hlen Sie aus einer Reihe von Strahlwinkeln, um die Lichtverteilung f\u00fcr unterschiedliche Feldgr\u00f6\u00dfen und -konfigurationen zu optimieren und so eine gleichm\u00e4\u00dfige Abdeckung und minimale Blendung sicherzustellen.<\/p>\n<\/li>\n<\/ul>\n<h3>Produktgalerie<\/h3>\n<p>Entdecken Sie unsere Auswahl an erstklassigen LED-Beleuchtungsl\u00f6sungen f\u00fcr Sportarten.<\/p>\n<div class=\"row\"  id=\"row-2027776193\">\n\n\t<div id=\"col-2113848930\" class=\"col small-12 large-12\"  >\n\t\t\t\t<div class=\"col-inner\"  >\n\t\t\t\n\t\t\t\n\n  \n    <div class=\"row large-columns-3 medium-columns- small-columns-2\" >\n  <div class=\"gallery-col col\" >\n          <div class=\"col-inner\">\n            <a class=\"image-lightbox lightbox-gallery\" href=\"https:\/\/arturf.com\/wp-content\/uploads\/2020\/12\/Arturf-LED-Sports-Lighting-03.jpg\" title=\"\">            <div class=\"box has-hover gallery-box box-overlay dark\">\n              <div class=\"box-image image-cover\" style=\"padding-top:100%;\">\n                <img loading=\"lazy\" decoding=\"async\" width=\"500\" height=\"500\" src=\"https:\/\/arturf.com\/wp-content\/uploads\/2020\/12\/Arturf-LED-Sports-Lighting-03-500x500.jpg\" class=\"attachment-medium size-medium\" alt=\"\" ids=\"19851,19850,19849,13496,13497,13495\" columns=\"3\" image_height=\"100%\" srcset=\"https:\/\/arturf.com\/wp-content\/uploads\/2020\/12\/Arturf-LED-Sports-Lighting-03-500x500.jpg 500w, https:\/\/arturf.com\/wp-content\/uploads\/2020\/12\/Arturf-LED-Sports-Lighting-03-768x768.jpg 768w, https:\/\/arturf.com\/wp-content\/uploads\/2020\/12\/Arturf-LED-Sports-Lighting-03-12x12.jpg 12w, https:\/\/arturf.com\/wp-content\/uploads\/2020\/12\/Arturf-LED-Sports-Lighting-03-510x510.jpg 510w, https:\/\/arturf.com\/wp-content\/uploads\/2020\/12\/Arturf-LED-Sports-Lighting-03-100x100.jpg 100w, https:\/\/arturf.com\/wp-content\/uploads\/2020\/12\/Arturf-LED-Sports-Lighting-03.jpg 1000w\" sizes=\"auto, (max-width: 500px) 100vw, 500px\" \/>                                  <div class=\"overlay fill\"\n                      style=\"background-color: rgba(0,0,0,.15)\">\n                  <\/div>\n                                                              <\/div>\n              <div class=\"box-text text-left\" >\n                 <p><\/p>\n              <\/div>\n            <\/div>\n            <\/a>          <\/div>\n         <\/div><div class=\"gallery-col col\" >\n          <div class=\"col-inner\">\n            <a class=\"image-lightbox lightbox-gallery\" href=\"https:\/\/arturf.com\/wp-content\/uploads\/2020\/12\/Arturf-LED-Sports-Lighting-02.jpg\" title=\"\">            <div class=\"box has-hover gallery-box box-overlay dark\">\n              <div class=\"box-image image-cover\" style=\"padding-top:100%;\">\n                <img loading=\"lazy\" decoding=\"async\" width=\"500\" height=\"375\" src=\"https:\/\/arturf.com\/wp-content\/uploads\/2020\/12\/Arturf-LED-Sports-Lighting-02-500x375.jpg\" class=\"attachment-medium size-medium\" alt=\"\" ids=\"19851,19850,19849,13496,13497,13495\" columns=\"3\" image_height=\"100%\" srcset=\"https:\/\/arturf.com\/wp-content\/uploads\/2020\/12\/Arturf-LED-Sports-Lighting-02-500x375.jpg 500w, https:\/\/arturf.com\/wp-content\/uploads\/2020\/12\/Arturf-LED-Sports-Lighting-02-200x150.jpg 200w, https:\/\/arturf.com\/wp-content\/uploads\/2020\/12\/Arturf-LED-Sports-Lighting-02-768x575.jpg 768w, https:\/\/arturf.com\/wp-content\/uploads\/2020\/12\/Arturf-LED-Sports-Lighting-02-16x12.jpg 16w, https:\/\/arturf.com\/wp-content\/uploads\/2020\/12\/Arturf-LED-Sports-Lighting-02-350x263.jpg 350w, https:\/\/arturf.com\/wp-content\/uploads\/2020\/12\/Arturf-LED-Sports-Lighting-02-510x382.jpg 510w, https:\/\/arturf.com\/wp-content\/uploads\/2020\/12\/Arturf-LED-Sports-Lighting-02.jpg 1000w\" sizes=\"auto, (max-width: 500px) 100vw, 500px\" \/>                                  <div class=\"overlay fill\"\n                      style=\"background-color: rgba(0,0,0,.15)\">\n                  <\/div>\n                                                              <\/div>\n              <div class=\"box-text text-left\" >\n                 <p><\/p>\n              <\/div>\n            <\/div>\n            <\/a>          <\/div>\n         <\/div><div class=\"gallery-col col\" >\n          <div class=\"col-inner\">\n            <a class=\"image-lightbox lightbox-gallery\" href=\"https:\/\/arturf.com\/wp-content\/uploads\/2020\/12\/Arturf-LED-Sports-Lighting-01.jpg\" title=\"\">            <div class=\"box has-hover gallery-box box-overlay dark\">\n              <div class=\"box-image image-cover\" style=\"padding-top:100%;\">\n                <img loading=\"lazy\" decoding=\"async\" width=\"500\" height=\"500\" src=\"https:\/\/arturf.com\/wp-content\/uploads\/2020\/12\/Arturf-LED-Sports-Lighting-01-500x500.jpg\" class=\"attachment-medium size-medium\" alt=\"\" ids=\"19851,19850,19849,13496,13497,13495\" columns=\"3\" image_height=\"100%\" srcset=\"https:\/\/arturf.com\/wp-content\/uploads\/2020\/12\/Arturf-LED-Sports-Lighting-01-500x500.jpg 500w, https:\/\/arturf.com\/wp-content\/uploads\/2020\/12\/Arturf-LED-Sports-Lighting-01-768x768.jpg 768w, https:\/\/arturf.com\/wp-content\/uploads\/2020\/12\/Arturf-LED-Sports-Lighting-01-12x12.jpg 12w, https:\/\/arturf.com\/wp-content\/uploads\/2020\/12\/Arturf-LED-Sports-Lighting-01-510x510.jpg 510w, https:\/\/arturf.com\/wp-content\/uploads\/2020\/12\/Arturf-LED-Sports-Lighting-01-100x100.jpg 100w, https:\/\/arturf.com\/wp-content\/uploads\/2020\/12\/Arturf-LED-Sports-Lighting-01.jpg 1000w\" sizes=\"auto, (max-width: 500px) 100vw, 500px\" \/>                                  <div class=\"overlay fill\"\n                      style=\"background-color: rgba(0,0,0,.15)\">\n                  <\/div>\n                                                              <\/div>\n              <div class=\"box-text text-left\" >\n                 <p><\/p>\n              <\/div>\n            <\/div>\n            <\/a>          <\/div>\n         <\/div><div class=\"gallery-col col\" >\n          <div class=\"col-inner\">\n            <a class=\"image-lightbox lightbox-gallery\" href=\"https:\/\/arturf.com\/wp-content\/uploads\/2020\/12\/LED-SPORTS-LIGHTING-QC865.jpg\" title=\"\">            <div class=\"box has-hover gallery-box box-overlay dark\">\n              <div class=\"box-image image-cover\" style=\"padding-top:100%;\">\n                <img loading=\"lazy\" decoding=\"async\" width=\"300\" height=\"300\" src=\"https:\/\/arturf.com\/wp-content\/uploads\/2020\/12\/LED-SPORTS-LIGHTING-QC865-300x300.jpg\" class=\"attachment-medium size-medium\" alt=\"\" ids=\"19851,19850,19849,13496,13497,13495\" columns=\"3\" image_height=\"100%\" srcset=\"https:\/\/arturf.com\/wp-content\/uploads\/2020\/12\/LED-SPORTS-LIGHTING-QC865-300x300.jpg 300w, https:\/\/arturf.com\/wp-content\/uploads\/2020\/12\/LED-SPORTS-LIGHTING-QC865-768x768.jpg 768w, https:\/\/arturf.com\/wp-content\/uploads\/2020\/12\/LED-SPORTS-LIGHTING-QC865-12x12.jpg 12w, https:\/\/arturf.com\/wp-content\/uploads\/2020\/12\/LED-SPORTS-LIGHTING-QC865-510x510.jpg 510w, https:\/\/arturf.com\/wp-content\/uploads\/2020\/12\/LED-SPORTS-LIGHTING-QC865-100x100.jpg 100w, https:\/\/arturf.com\/wp-content\/uploads\/2020\/12\/LED-SPORTS-LIGHTING-QC865.jpg 800w\" sizes=\"auto, (max-width: 300px) 100vw, 300px\" \/>                                  <div class=\"overlay fill\"\n                      style=\"background-color: rgba(0,0,0,.15)\">\n                  <\/div>\n                                                              <\/div>\n              <div class=\"box-text text-left\" >\n                 <p><\/p>\n              <\/div>\n            <\/div>\n            <\/a>          <\/div>\n         <\/div><div class=\"gallery-col col\" >\n          <div class=\"col-inner\">\n            <a class=\"image-lightbox lightbox-gallery\" href=\"https:\/\/arturf.com\/wp-content\/uploads\/2020\/12\/LED-SPORTS-LIGHTING-QC866.jpg\" title=\"\">            <div class=\"box has-hover gallery-box box-overlay dark\">\n              <div class=\"box-image image-cover\" style=\"padding-top:100%;\">\n                <img loading=\"lazy\" decoding=\"async\" width=\"300\" height=\"300\" src=\"https:\/\/arturf.com\/wp-content\/uploads\/2020\/12\/LED-SPORTS-LIGHTING-QC866-300x300.jpg\" class=\"attachment-medium size-medium\" alt=\"\" ids=\"19851,19850,19849,13496,13497,13495\" columns=\"3\" image_height=\"100%\" srcset=\"https:\/\/arturf.com\/wp-content\/uploads\/2020\/12\/LED-SPORTS-LIGHTING-QC866-300x300.jpg 300w, https:\/\/arturf.com\/wp-content\/uploads\/2020\/12\/LED-SPORTS-LIGHTING-QC866-768x768.jpg 768w, https:\/\/arturf.com\/wp-content\/uploads\/2020\/12\/LED-SPORTS-LIGHTING-QC866-12x12.jpg 12w, https:\/\/arturf.com\/wp-content\/uploads\/2020\/12\/LED-SPORTS-LIGHTING-QC866-510x510.jpg 510w, https:\/\/arturf.com\/wp-content\/uploads\/2020\/12\/LED-SPORTS-LIGHTING-QC866-100x100.jpg 100w, https:\/\/arturf.com\/wp-content\/uploads\/2020\/12\/LED-SPORTS-LIGHTING-QC866.jpg 800w\" sizes=\"auto, (max-width: 300px) 100vw, 300px\" \/>                                  <div class=\"overlay fill\"\n                      style=\"background-color: rgba(0,0,0,.15)\">\n                  <\/div>\n                                                              <\/div>\n              <div class=\"box-text text-left\" >\n                 <p><\/p>\n              <\/div>\n            <\/div>\n            <\/a>          <\/div>\n         <\/div><div class=\"gallery-col col\" >\n          <div class=\"col-inner\">\n            <a class=\"image-lightbox lightbox-gallery\" href=\"https:\/\/arturf.com\/wp-content\/uploads\/2020\/12\/LED-SPORTS-LIGHTING-TLT337.png\" title=\"\">            <div class=\"box has-hover gallery-box box-overlay dark\">\n              <div class=\"box-image image-cover\" style=\"padding-top:100%;\">\n                <img loading=\"lazy\" decoding=\"async\" width=\"300\" height=\"300\" src=\"https:\/\/arturf.com\/wp-content\/uploads\/2020\/12\/LED-SPORTS-LIGHTING-TLT337-300x300.png\" class=\"attachment-medium size-medium\" alt=\"\" ids=\"19851,19850,19849,13496,13497,13495\" columns=\"3\" image_height=\"100%\" srcset=\"https:\/\/arturf.com\/wp-content\/uploads\/2020\/12\/LED-SPORTS-LIGHTING-TLT337-300x300.png 300w, https:\/\/arturf.com\/wp-content\/uploads\/2020\/12\/LED-SPORTS-LIGHTING-TLT337-768x768.png 768w, https:\/\/arturf.com\/wp-content\/uploads\/2020\/12\/LED-SPORTS-LIGHTING-TLT337-12x12.png 12w, https:\/\/arturf.com\/wp-content\/uploads\/2020\/12\/LED-SPORTS-LIGHTING-TLT337-510x510.png 510w, https:\/\/arturf.com\/wp-content\/uploads\/2020\/12\/LED-SPORTS-LIGHTING-TLT337-100x100.png 100w, https:\/\/arturf.com\/wp-content\/uploads\/2020\/12\/LED-SPORTS-LIGHTING-TLT337.png 800w\" sizes=\"auto, (max-width: 300px) 100vw, 300px\" \/>                                  <div class=\"overlay fill\"\n                      style=\"background-color: rgba(0,0,0,.15)\">\n                  <\/div>\n                                                              <\/div>\n              <div class=\"box-text text-left\" >\n                 <p><\/p>\n              <\/div>\n            <\/div>\n            <\/a>          <\/div>\n         <\/div><\/div>\n\t\t<\/div>\n\t\t\t\t\t<\/div>\n\n\t\n<\/div>\n<p class=\"lead\">Fazit<\/p>\n<p>Die Auswahl der richtigen LED-Sportbeleuchtung ist entscheidend, um die gesetzlichen Vorschriften einzuhalten und das Erlebnis von Spielern und Zuschauern zu verbessern. Ob f\u00fcr Schulsportpl\u00e4tze oder nationale Stadien, unsere LED-L\u00f6sungen erf\u00fcllen jedes Spielniveau mit Pr\u00e4zision und Zuverl\u00e4ssigkeit.<\/p>\n<p>F\u00fcr weitere Fragen oder um mit der Planung Ihrer Lichtl\u00f6sung zu beginnen, kontaktieren Sie uns unter <a rel=\"noreferrer\">info@arturf.com<\/a>. Unser engagiertes Entwicklungs- und Vertriebsteam ist bereit, Sie zu unterst\u00fctzen.<\/p>\n<p class=\"lead\">Zusatzinformation: Lux-Anforderungen f\u00fcr die Beleuchtung von Fu\u00dfballfeldern<\/p>\n<p>Die Lux-Anforderungen f\u00fcr die Beleuchtung von Fu\u00dfballfeldern h\u00e4ngen von der Art der Aktivit\u00e4t und dem Wettbewerbsniveau ab. Hier einige Beispiele:<\/p>\n<ul>\n<li>Freizeitspiele: 200 Lux<\/li>\n<li>Highschool- oder College-Football: 500 Lux<\/li>\n<li>Standard-Broadcast-Beleuchtung: 200 fc<\/li>\n<li>Fernsehveranstaltungen: 1.500\u20132.000 Lux<\/li>\n<li>Weltcuptraining oder kleine Wettk\u00e4mpfe: 750 Lux<\/li>\n<li>Spielpraxis: 500 Lux<\/li>\n<li>Standardtraining: 300 Lux<\/li>\n<\/ul>","protected":false},"excerpt":{"rendered":"<p>Werten Sie Ihre Sportpl\u00e4tze mit unseren hochmodernen LED-Beleuchtungssystemen auf. In Zusammenarbeit mit f\u00fchrenden Herstellern bieten wir hocheffiziente, anpassbare Beleuchtung, die auf Ihre spezifischen Bed\u00fcrfnisse zugeschnitten ist. Genie\u00dfen Sie mit Arturf hervorragende Qualit\u00e4t, wettbewerbsf\u00e4hige Preise und unkomplizierten Service.<\/p>","protected":false},"featured_media":13491,"template":"","meta":{"_seopress_robots_primary_cat":"","_seopress_titles_title":"","_seopress_titles_desc":"","_seopress_robots_index":""},"product_brand":[],"product_cat":[66],"product_tag":[],"class_list":{"0":"post-13490","1":"product","2":"type-product","3":"status-publish","4":"has-post-thumbnail","6":"product_cat-accessories","8":"first","9":"instock","10":"shipping-taxable","11":"product-type-simple"},"_links":{"self":[{"href":"https:\/\/arturf.com\/de\/wp-json\/wp\/v2\/product\/13490","targetHints":{"allow":["GET"]}}],"collection":[{"href":"https:\/\/arturf.com\/de\/wp-json\/wp\/v2\/product"}],"about":[{"href":"https:\/\/arturf.com\/de\/wp-json\/wp\/v2\/types\/product"}],"wp:featuredmedia":[{"embeddable":true,"href":"https:\/\/arturf.com\/de\/wp-json\/wp\/v2\/media\/13491"}],"wp:attachment":[{"href":"https:\/\/arturf.com\/de\/wp-json\/wp\/v2\/media?parent=13490"}],"wp:term":[{"taxonomy":"product_brand","embeddable":true,"href":"https:\/\/arturf.com\/de\/wp-json\/wp\/v2\/product_brand?post=13490"},{"taxonomy":"product_cat","embeddable":true,"href":"https:\/\/arturf.com\/de\/wp-json\/wp\/v2\/product_cat?post=13490"},{"taxonomy":"product_tag","embeddable":true,"href":"https:\/\/arturf.com\/de\/wp-json\/wp\/v2\/product_tag?post=13490"}],"curies":[{"name":"wp","href":"https:\/\/api.w.org\/{rel}","templated":true}]}}