{"id":13671,"date":"2021-01-08T11:05:09","date_gmt":"2021-01-08T03:05:09","guid":{"rendered":"https:\/\/arturf.com\/?post_type=product&#038;p=13671"},"modified":"2022-07-03T14:57:10","modified_gmt":"2022-07-03T06:57:10","slug":"artificial-hedge-mats","status":"publish","type":"product","link":"https:\/\/arturf.com\/de\/product\/artificial-hedge-mats\/","title":{"rendered":"K\u00fcnstliche Heckenmatten"},"content":{"rendered":"<h3>Spezifikationen:<\/h3>\n<p><strong>Material:<\/strong> 100% frisches neues PE<br \/><strong>Normale Gr\u00f6\u00dfe:<\/strong> 50 cm x 50 cm (20 &quot;* 20&quot;)<br \/><strong>UV-stabil\/feuerfest:<\/strong> Ja oder optional<br \/><strong>Gelegenheit:<\/strong> Draussen; Innen<br \/><strong>Garantie:<\/strong> Outdoor 3 Jahre; Indoor 5 Jahre<br \/><strong>MOQ:<\/strong> 100 qm<\/p>\n<p>Die k\u00fcnstlichen Heckenmatten k\u00f6nnen im Innenbereich f\u00fcr Veranstaltungen und Partys oder im Au\u00dfenbereich als dauerhafter Sichtschutz verwendet werden. Perfekt f\u00fcr den kommerziellen Innenausbau.<\/p>\n<p>Eine Vielzahl von Produkten mit verschiedenen Bl\u00e4ttern, die fast alle Ihre Bed\u00fcrfnisse und Geschm\u00e4cker erf\u00fcllen k\u00f6nnen.<\/p>\n<p>\u00dcblicherweise haben unsere k\u00fcnstlichen Buchsbaumheckenmatten die normale Gr\u00f6\u00dfe von 50 cm x 50 cm, die individuell angepasst werden kann. Die Matten lassen sich sicher miteinander verbinden und k\u00f6nnen gebogen oder zugeschnitten werden, um sich unregelm\u00e4\u00dfigen Formen oder Oberfl\u00e4chen anzupassen. Jedes Blatt wird einzeln geformt, wodurch sichergestellt wird, dass das Endprodukt kaum von einer echten Hecke zu unterscheiden ist.<\/p>\n<p>Unabh\u00e4ngig von Gr\u00f6\u00dfe, Form oder Umfang Ihres Projekts sind unsere k\u00fcnstlichen Heckenmatten der beste Weg, um das \u00fcppige Gr\u00fcn einer luxuri\u00f6sen Hecke in jeden Raum zu bringen.<\/p>\n<h3>Eine gro\u00dfe Auswahl an Produkten<\/h3>\n<p>Eine gro\u00dfe Auswahl an k\u00fcnstlichen Heckenmatten aus verschiedenen Arten von Bl\u00e4ttern. Einige Matten sind unten aufgef\u00fchrt, bitte kontaktieren Sie uns f\u00fcr weitere Optionen.<\/p>\n\n  \n    <div class=\"row large-columns-5 medium-columns-3 small-columns-2 slider row-slider slider-nav-reveal slider-nav-push\"  data-flickity-options='{&quot;imagesLoaded&quot;: true, &quot;groupCells&quot;: &quot;100%&quot;, &quot;dragThreshold&quot; : 5, &quot;cellAlign&quot;: &quot;left&quot;,&quot;wrapAround&quot;: true,&quot;prevNextButtons&quot;: true,&quot;percentPosition&quot;: true,&quot;pageDots&quot;: false, &quot;rightToLeft&quot;: false, &quot;autoPlay&quot; : false}' >\n\n  <div class=\"gallery-col col\" >\n          <div class=\"col-inner\">\n            <a class=\"image-lightbox lightbox-gallery\" href=\"https:\/\/arturf.com\/wp-content\/uploads\/2021\/01\/Artificial-Hedge-Milan-Green_\u526f\u672c.jpg\" title=\"\">            <div class=\"box has-hover gallery-box box-normal\">\n              <div class=\"box-image\" >\n                <img loading=\"lazy\" decoding=\"async\" width=\"300\" height=\"300\" src=\"https:\/\/arturf.com\/wp-content\/uploads\/2021\/01\/Artificial-Hedge-Milan-Green_\u526f\u672c-300x300.jpg\" class=\"attachment-medium size-medium\" alt=\"\" ids=\"13672,13681,13678,13677,14183,13679,14184,13680\" style=\"normal\" type=\"slider\" columns=\"5\" image_size=\"medium\" srcset=\"https:\/\/arturf.com\/wp-content\/uploads\/2021\/01\/Artificial-Hedge-Milan-Green_\u526f\u672c-300x300.jpg 300w, https:\/\/arturf.com\/wp-content\/uploads\/2021\/01\/Artificial-Hedge-Milan-Green_\u526f\u672c-768x768.jpg 768w, https:\/\/arturf.com\/wp-content\/uploads\/2021\/01\/Artificial-Hedge-Milan-Green_\u526f\u672c-12x12.jpg 12w, https:\/\/arturf.com\/wp-content\/uploads\/2021\/01\/Artificial-Hedge-Milan-Green_\u526f\u672c-510x510.jpg 510w, https:\/\/arturf.com\/wp-content\/uploads\/2021\/01\/Artificial-Hedge-Milan-Green_\u526f\u672c-100x100.jpg 100w, https:\/\/arturf.com\/wp-content\/uploads\/2021\/01\/Artificial-Hedge-Milan-Green_\u526f\u672c.jpg 800w\" sizes=\"auto, (max-width: 300px) 100vw, 300px\" \/>                                                              <\/div>\n              <div class=\"box-text text-left\" >\n                 <p><\/p>\n              <\/div>\n            <\/div>\n            <\/a>          <\/div>\n         <\/div><div class=\"gallery-col col\" >\n          <div class=\"col-inner\">\n            <a class=\"image-lightbox lightbox-gallery\" href=\"https:\/\/arturf.com\/wp-content\/uploads\/2021\/01\/M10.jpg\" title=\"\">            <div class=\"box has-hover gallery-box box-normal\">\n              <div class=\"box-image\" >\n                <img loading=\"lazy\" decoding=\"async\" width=\"300\" height=\"300\" src=\"https:\/\/arturf.com\/wp-content\/uploads\/2021\/01\/M10-300x300.jpg\" class=\"attachment-medium size-medium\" alt=\"\" ids=\"13672,13681,13678,13677,14183,13679,14184,13680\" style=\"normal\" type=\"slider\" columns=\"5\" image_size=\"medium\" srcset=\"https:\/\/arturf.com\/wp-content\/uploads\/2021\/01\/M10-300x300.jpg 300w, https:\/\/arturf.com\/wp-content\/uploads\/2021\/01\/M10-768x768.jpg 768w, https:\/\/arturf.com\/wp-content\/uploads\/2021\/01\/M10-12x12.jpg 12w, https:\/\/arturf.com\/wp-content\/uploads\/2021\/01\/M10-510x510.jpg 510w, https:\/\/arturf.com\/wp-content\/uploads\/2021\/01\/M10-100x100.jpg 100w, https:\/\/arturf.com\/wp-content\/uploads\/2021\/01\/M10.jpg 800w\" sizes=\"auto, (max-width: 300px) 100vw, 300px\" \/>                                                              <\/div>\n              <div class=\"box-text text-left\" >\n                 <p><\/p>\n              <\/div>\n            <\/div>\n            <\/a>          <\/div>\n         <\/div><div class=\"gallery-col col\" >\n          <div class=\"col-inner\">\n            <a class=\"image-lightbox lightbox-gallery\" href=\"https:\/\/arturf.com\/wp-content\/uploads\/2021\/01\/M3.jpg\" title=\"\">            <div class=\"box has-hover gallery-box box-normal\">\n              <div class=\"box-image\" >\n                <img loading=\"lazy\" decoding=\"async\" width=\"300\" height=\"300\" src=\"https:\/\/arturf.com\/wp-content\/uploads\/2021\/01\/M3-300x300.jpg\" class=\"attachment-medium size-medium\" alt=\"\" ids=\"13672,13681,13678,13677,14183,13679,14184,13680\" style=\"normal\" type=\"slider\" columns=\"5\" image_size=\"medium\" srcset=\"https:\/\/arturf.com\/wp-content\/uploads\/2021\/01\/M3-300x300.jpg 300w, https:\/\/arturf.com\/wp-content\/uploads\/2021\/01\/M3-768x768.jpg 768w, https:\/\/arturf.com\/wp-content\/uploads\/2021\/01\/M3-12x12.jpg 12w, https:\/\/arturf.com\/wp-content\/uploads\/2021\/01\/M3-510x510.jpg 510w, https:\/\/arturf.com\/wp-content\/uploads\/2021\/01\/M3-100x100.jpg 100w, https:\/\/arturf.com\/wp-content\/uploads\/2021\/01\/M3.jpg 800w\" sizes=\"auto, (max-width: 300px) 100vw, 300px\" \/>                                                              <\/div>\n              <div class=\"box-text text-left\" >\n                 <p><\/p>\n              <\/div>\n            <\/div>\n            <\/a>          <\/div>\n         <\/div><div class=\"gallery-col col\" >\n          <div class=\"col-inner\">\n            <a class=\"image-lightbox lightbox-gallery\" href=\"https:\/\/arturf.com\/wp-content\/uploads\/2021\/01\/M2.jpg\" title=\"\">            <div class=\"box has-hover gallery-box box-normal\">\n              <div class=\"box-image\" >\n                <img loading=\"lazy\" decoding=\"async\" width=\"300\" height=\"300\" src=\"https:\/\/arturf.com\/wp-content\/uploads\/2021\/01\/M2-300x300.jpg\" class=\"attachment-medium size-medium\" alt=\"\" ids=\"13672,13681,13678,13677,14183,13679,14184,13680\" style=\"normal\" type=\"slider\" columns=\"5\" image_size=\"medium\" srcset=\"https:\/\/arturf.com\/wp-content\/uploads\/2021\/01\/M2-300x300.jpg 300w, https:\/\/arturf.com\/wp-content\/uploads\/2021\/01\/M2-768x768.jpg 768w, https:\/\/arturf.com\/wp-content\/uploads\/2021\/01\/M2-12x12.jpg 12w, https:\/\/arturf.com\/wp-content\/uploads\/2021\/01\/M2-510x510.jpg 510w, https:\/\/arturf.com\/wp-content\/uploads\/2021\/01\/M2-100x100.jpg 100w, https:\/\/arturf.com\/wp-content\/uploads\/2021\/01\/M2.jpg 800w\" sizes=\"auto, (max-width: 300px) 100vw, 300px\" \/>                                                              <\/div>\n              <div class=\"box-text text-left\" >\n                 <p><\/p>\n              <\/div>\n            <\/div>\n            <\/a>          <\/div>\n         <\/div><div class=\"gallery-col col\" >\n          <div class=\"col-inner\">\n            <a class=\"image-lightbox lightbox-gallery\" href=\"https:\/\/arturf.com\/wp-content\/uploads\/2021\/04\/Lucky-Grass-Artificial-Hedge-Mats-Green.jpg\" title=\"\">            <div class=\"box has-hover gallery-box box-normal\">\n              <div class=\"box-image\" >\n                <img loading=\"lazy\" decoding=\"async\" width=\"300\" height=\"300\" src=\"https:\/\/arturf.com\/wp-content\/uploads\/2021\/04\/Lucky-Grass-Artificial-Hedge-Mats-Green-300x300.jpg\" class=\"attachment-medium size-medium\" alt=\"\" ids=\"13672,13681,13678,13677,14183,13679,14184,13680\" style=\"normal\" type=\"slider\" columns=\"5\" image_size=\"medium\" srcset=\"https:\/\/arturf.com\/wp-content\/uploads\/2021\/04\/Lucky-Grass-Artificial-Hedge-Mats-Green-300x300.jpg 300w, https:\/\/arturf.com\/wp-content\/uploads\/2021\/04\/Lucky-Grass-Artificial-Hedge-Mats-Green-768x768.jpg 768w, https:\/\/arturf.com\/wp-content\/uploads\/2021\/04\/Lucky-Grass-Artificial-Hedge-Mats-Green-12x12.jpg 12w, https:\/\/arturf.com\/wp-content\/uploads\/2021\/04\/Lucky-Grass-Artificial-Hedge-Mats-Green-510x510.jpg 510w, https:\/\/arturf.com\/wp-content\/uploads\/2021\/04\/Lucky-Grass-Artificial-Hedge-Mats-Green-100x100.jpg 100w, https:\/\/arturf.com\/wp-content\/uploads\/2021\/04\/Lucky-Grass-Artificial-Hedge-Mats-Green.jpg 800w\" sizes=\"auto, (max-width: 300px) 100vw, 300px\" \/>                                                              <\/div>\n              <div class=\"box-text text-left\" >\n                 <p><\/p>\n              <\/div>\n            <\/div>\n            <\/a>          <\/div>\n         <\/div><div class=\"gallery-col col\" >\n          <div class=\"col-inner\">\n            <a class=\"image-lightbox lightbox-gallery\" href=\"https:\/\/arturf.com\/wp-content\/uploads\/2021\/01\/M3-6.jpg\" title=\"\">            <div class=\"box has-hover gallery-box box-normal\">\n              <div class=\"box-image\" >\n                <img loading=\"lazy\" decoding=\"async\" width=\"300\" height=\"300\" src=\"https:\/\/arturf.com\/wp-content\/uploads\/2021\/01\/M3-6-300x300.jpg\" class=\"attachment-medium size-medium\" alt=\"\" ids=\"13672,13681,13678,13677,14183,13679,14184,13680\" style=\"normal\" type=\"slider\" columns=\"5\" image_size=\"medium\" srcset=\"https:\/\/arturf.com\/wp-content\/uploads\/2021\/01\/M3-6-300x300.jpg 300w, https:\/\/arturf.com\/wp-content\/uploads\/2021\/01\/M3-6-768x768.jpg 768w, https:\/\/arturf.com\/wp-content\/uploads\/2021\/01\/M3-6-12x12.jpg 12w, https:\/\/arturf.com\/wp-content\/uploads\/2021\/01\/M3-6-510x510.jpg 510w, https:\/\/arturf.com\/wp-content\/uploads\/2021\/01\/M3-6-100x100.jpg 100w, https:\/\/arturf.com\/wp-content\/uploads\/2021\/01\/M3-6.jpg 800w\" sizes=\"auto, (max-width: 300px) 100vw, 300px\" \/>                                                              <\/div>\n              <div class=\"box-text text-left\" >\n                 <p><\/p>\n              <\/div>\n            <\/div>\n            <\/a>          <\/div>\n         <\/div><div class=\"gallery-col col\" >\n          <div class=\"col-inner\">\n            <a class=\"image-lightbox lightbox-gallery\" href=\"https:\/\/arturf.com\/wp-content\/uploads\/2021\/04\/Lucky-Grass-Artificial-Hedge-Mats.jpg\" title=\"\">            <div class=\"box has-hover gallery-box box-normal\">\n              <div class=\"box-image\" >\n                <img loading=\"lazy\" decoding=\"async\" width=\"300\" height=\"300\" src=\"https:\/\/arturf.com\/wp-content\/uploads\/2021\/04\/Lucky-Grass-Artificial-Hedge-Mats-300x300.jpg\" class=\"attachment-medium size-medium\" alt=\"\" ids=\"13672,13681,13678,13677,14183,13679,14184,13680\" style=\"normal\" type=\"slider\" columns=\"5\" image_size=\"medium\" srcset=\"https:\/\/arturf.com\/wp-content\/uploads\/2021\/04\/Lucky-Grass-Artificial-Hedge-Mats-300x300.jpg 300w, https:\/\/arturf.com\/wp-content\/uploads\/2021\/04\/Lucky-Grass-Artificial-Hedge-Mats-768x768.jpg 768w, https:\/\/arturf.com\/wp-content\/uploads\/2021\/04\/Lucky-Grass-Artificial-Hedge-Mats-12x12.jpg 12w, https:\/\/arturf.com\/wp-content\/uploads\/2021\/04\/Lucky-Grass-Artificial-Hedge-Mats-510x510.jpg 510w, https:\/\/arturf.com\/wp-content\/uploads\/2021\/04\/Lucky-Grass-Artificial-Hedge-Mats-100x100.jpg 100w, https:\/\/arturf.com\/wp-content\/uploads\/2021\/04\/Lucky-Grass-Artificial-Hedge-Mats.jpg 800w\" sizes=\"auto, (max-width: 300px) 100vw, 300px\" \/>                                                              <\/div>\n              <div class=\"box-text text-left\" >\n                 <p><\/p>\n              <\/div>\n            <\/div>\n            <\/a>          <\/div>\n         <\/div><div class=\"gallery-col col\" >\n          <div class=\"col-inner\">\n            <a class=\"image-lightbox lightbox-gallery\" href=\"https:\/\/arturf.com\/wp-content\/uploads\/2021\/01\/M9.jpg\" title=\"\">            <div class=\"box has-hover gallery-box box-normal\">\n              <div class=\"box-image\" >\n                <img loading=\"lazy\" decoding=\"async\" width=\"300\" height=\"300\" src=\"https:\/\/arturf.com\/wp-content\/uploads\/2021\/01\/M9-300x300.jpg\" class=\"attachment-medium size-medium\" alt=\"\" ids=\"13672,13681,13678,13677,14183,13679,14184,13680\" style=\"normal\" type=\"slider\" columns=\"5\" image_size=\"medium\" srcset=\"https:\/\/arturf.com\/wp-content\/uploads\/2021\/01\/M9-300x300.jpg 300w, https:\/\/arturf.com\/wp-content\/uploads\/2021\/01\/M9-768x768.jpg 768w, https:\/\/arturf.com\/wp-content\/uploads\/2021\/01\/M9-12x12.jpg 12w, https:\/\/arturf.com\/wp-content\/uploads\/2021\/01\/M9-510x510.jpg 510w, https:\/\/arturf.com\/wp-content\/uploads\/2021\/01\/M9-100x100.jpg 100w, https:\/\/arturf.com\/wp-content\/uploads\/2021\/01\/M9.jpg 800w\" sizes=\"auto, (max-width: 300px) 100vw, 300px\" \/>                                                              <\/div>\n              <div class=\"box-text text-left\" >\n                 <p><\/p>\n              <\/div>\n            <\/div>\n            <\/a>          <\/div>\n         <\/div><\/div>","protected":false},"excerpt":{"rendered":"<p>Eine k\u00fcnstliche Heckenmatte ist eine realistische Alternative zur lebenden Hecke, deren Aufbau Zeit in Anspruch nimmt und eine kontinuierliche Pflege erfordert. Ideal f\u00fcr bestehende Mauern und Z\u00e4une oder als Sichtschutz rund um Schwimmb\u00e4der und Terrassen.<\/p>","protected":false},"featured_media":13672,"template":"","meta":{"_seopress_robots_primary_cat":"","_seopress_titles_title":"","_seopress_titles_desc":"","_seopress_robots_index":""},"product_brand":[],"product_cat":[782],"product_tag":[],"class_list":{"0":"post-13671","1":"product","2":"type-product","3":"status-publish","4":"has-post-thumbnail","6":"product_cat-artificial-hedge","8":"first","9":"instock","10":"shipping-taxable","11":"product-type-simple"},"_links":{"self":[{"href":"https:\/\/arturf.com\/de\/wp-json\/wp\/v2\/product\/13671","targetHints":{"allow":["GET"]}}],"collection":[{"href":"https:\/\/arturf.com\/de\/wp-json\/wp\/v2\/product"}],"about":[{"href":"https:\/\/arturf.com\/de\/wp-json\/wp\/v2\/types\/product"}],"wp:featuredmedia":[{"embeddable":true,"href":"https:\/\/arturf.com\/de\/wp-json\/wp\/v2\/media\/13672"}],"wp:attachment":[{"href":"https:\/\/arturf.com\/de\/wp-json\/wp\/v2\/media?parent=13671"}],"wp:term":[{"taxonomy":"product_brand","embeddable":true,"href":"https:\/\/arturf.com\/de\/wp-json\/wp\/v2\/product_brand?post=13671"},{"taxonomy":"product_cat","embeddable":true,"href":"https:\/\/arturf.com\/de\/wp-json\/wp\/v2\/product_cat?post=13671"},{"taxonomy":"product_tag","embeddable":true,"href":"https:\/\/arturf.com\/de\/wp-json\/wp\/v2\/product_tag?post=13671"}],"curies":[{"name":"wp","href":"https:\/\/api.w.org\/{rel}","templated":true}]}}