{"id":13683,"date":"2021-01-08T16:46:13","date_gmt":"2021-01-08T08:46:13","guid":{"rendered":"https:\/\/arturf.com\/?post_type=product&#038;p=13683"},"modified":"2022-07-03T14:51:00","modified_gmt":"2022-07-03T06:51:00","slug":"vertical-garden-panels","status":"publish","type":"product","link":"https:\/\/arturf.com\/de\/product\/vertical-garden-panels\/","title":{"rendered":"Vertikale Gartenpaneele"},"content":{"rendered":"<h3>Spezifikationen:<\/h3>\n<p>Material: 100% frisches neues PE<br \/>Normale Gr\u00f6\u00dfe: 100 cm x 100 cm (40\u2033 * 40\u2033)<br \/>UV-stabil\/feuerfest: Ja oder optional<br \/>Anlass: Outdoor; drinnen<br \/>Garantie: Outdoor 3 Jahre; Innen 5 Jahre<br \/>MOQ: 100 qm<\/p>\n<p>Unsere vertikalen Gartenplatten mit k\u00fcnstlicher Hecke werden in verschiedenen Gr\u00f6\u00dfen, Tiefen und Arten von Pflanzen hergestellt. Das Laub und die Blumen heben sich von der Platte ab und verleihen der gr\u00fcnen Wand zus\u00e4tzliche Tiefe und Realismus.<\/p>\n<p>Ideal f\u00fcr k\u00fcnstliche gr\u00fcne W\u00e4nde in B\u00fcros, Wohnungen, Gesch\u00e4ften, Hotels, Bars, Caf\u00e9s und Restaurants. Ideal f\u00fcr Messest\u00e4nde, Firmenveranstaltungen, Hochzeiten und andere private Veranstaltungen sowie atemberaubende Kulissen f\u00fcr Logos, Leuchtreklamen und Schriftz\u00fcge.<\/p>\n<h3>Eine gro\u00dfe Auswahl an Produkten<\/h3>\n<p>Eine gro\u00dfe Auswahl an lebenden vertikalen Gartenpaneelen aus verschiedenen Bl\u00e4ttern und Blumen. Einige der Produkte sind unten aufgef\u00fchrt. Bitte kontaktieren Sie uns f\u00fcr weitere Optionen.<\/p>\n\n  \n    <div class=\"row large-columns-5 medium-columns-3 small-columns-2 slider row-slider slider-nav-reveal slider-nav-push\"  data-flickity-options='{&quot;imagesLoaded&quot;: true, &quot;groupCells&quot;: &quot;100%&quot;, &quot;dragThreshold&quot; : 5, &quot;cellAlign&quot;: &quot;left&quot;,&quot;wrapAround&quot;: true,&quot;prevNextButtons&quot;: true,&quot;percentPosition&quot;: true,&quot;pageDots&quot;: false, &quot;rightToLeft&quot;: false, &quot;autoPlay&quot; : false}' >\n\n  <div class=\"gallery-col col\" >\n          <div class=\"col-inner\">\n            <a class=\"image-lightbox lightbox-gallery\" href=\"https:\/\/arturf.com\/wp-content\/uploads\/2021\/01\/H9.jpg\" title=\"\">            <div class=\"box has-hover gallery-box box-normal\">\n              <div class=\"box-image\" >\n                <img loading=\"lazy\" decoding=\"async\" width=\"300\" height=\"300\" src=\"https:\/\/arturf.com\/wp-content\/uploads\/2021\/01\/H9-300x300.jpg\" class=\"attachment-medium size-medium\" alt=\"\" ids=\"13690,13689,13688,13687,13691,13686\" style=\"normal\" type=\"slider\" columns=\"5\" srcset=\"https:\/\/arturf.com\/wp-content\/uploads\/2021\/01\/H9-300x300.jpg 300w, https:\/\/arturf.com\/wp-content\/uploads\/2021\/01\/H9-768x768.jpg 768w, https:\/\/arturf.com\/wp-content\/uploads\/2021\/01\/H9-12x12.jpg 12w, https:\/\/arturf.com\/wp-content\/uploads\/2021\/01\/H9-510x510.jpg 510w, https:\/\/arturf.com\/wp-content\/uploads\/2021\/01\/H9-100x100.jpg 100w, https:\/\/arturf.com\/wp-content\/uploads\/2021\/01\/H9.jpg 800w\" sizes=\"auto, (max-width: 300px) 100vw, 300px\" \/>                                                              <\/div>\n              <div class=\"box-text text-left\" >\n                 <p><\/p>\n              <\/div>\n            <\/div>\n            <\/a>          <\/div>\n         <\/div><div class=\"gallery-col col\" >\n          <div class=\"col-inner\">\n            <a class=\"image-lightbox lightbox-gallery\" href=\"https:\/\/arturf.com\/wp-content\/uploads\/2021\/01\/H8.jpg\" title=\"\">            <div class=\"box has-hover gallery-box box-normal\">\n              <div class=\"box-image\" >\n                <img loading=\"lazy\" decoding=\"async\" width=\"300\" height=\"300\" src=\"https:\/\/arturf.com\/wp-content\/uploads\/2021\/01\/H8-300x300.jpg\" class=\"attachment-medium size-medium\" alt=\"\" ids=\"13690,13689,13688,13687,13691,13686\" style=\"normal\" type=\"slider\" columns=\"5\" srcset=\"https:\/\/arturf.com\/wp-content\/uploads\/2021\/01\/H8-300x300.jpg 300w, https:\/\/arturf.com\/wp-content\/uploads\/2021\/01\/H8-768x768.jpg 768w, https:\/\/arturf.com\/wp-content\/uploads\/2021\/01\/H8-12x12.jpg 12w, https:\/\/arturf.com\/wp-content\/uploads\/2021\/01\/H8-510x510.jpg 510w, https:\/\/arturf.com\/wp-content\/uploads\/2021\/01\/H8-100x100.jpg 100w, https:\/\/arturf.com\/wp-content\/uploads\/2021\/01\/H8.jpg 800w\" sizes=\"auto, (max-width: 300px) 100vw, 300px\" \/>                                                              <\/div>\n              <div class=\"box-text text-left\" >\n                 <p><\/p>\n              <\/div>\n            <\/div>\n            <\/a>          <\/div>\n         <\/div><div class=\"gallery-col col\" >\n          <div class=\"col-inner\">\n            <a class=\"image-lightbox lightbox-gallery\" href=\"https:\/\/arturf.com\/wp-content\/uploads\/2021\/01\/H6.jpg\" title=\"\">            <div class=\"box has-hover gallery-box box-normal\">\n              <div class=\"box-image\" >\n                <img loading=\"lazy\" decoding=\"async\" width=\"300\" height=\"300\" src=\"https:\/\/arturf.com\/wp-content\/uploads\/2021\/01\/H6-300x300.jpg\" class=\"attachment-medium size-medium\" alt=\"\" ids=\"13690,13689,13688,13687,13691,13686\" style=\"normal\" type=\"slider\" columns=\"5\" srcset=\"https:\/\/arturf.com\/wp-content\/uploads\/2021\/01\/H6-300x300.jpg 300w, https:\/\/arturf.com\/wp-content\/uploads\/2021\/01\/H6-768x768.jpg 768w, https:\/\/arturf.com\/wp-content\/uploads\/2021\/01\/H6-12x12.jpg 12w, https:\/\/arturf.com\/wp-content\/uploads\/2021\/01\/H6-510x510.jpg 510w, https:\/\/arturf.com\/wp-content\/uploads\/2021\/01\/H6-100x100.jpg 100w, https:\/\/arturf.com\/wp-content\/uploads\/2021\/01\/H6.jpg 800w\" sizes=\"auto, (max-width: 300px) 100vw, 300px\" \/>                                                              <\/div>\n              <div class=\"box-text text-left\" >\n                 <p><\/p>\n              <\/div>\n            <\/div>\n            <\/a>          <\/div>\n         <\/div><div class=\"gallery-col col\" >\n          <div class=\"col-inner\">\n            <a class=\"image-lightbox lightbox-gallery\" href=\"https:\/\/arturf.com\/wp-content\/uploads\/2021\/01\/H5.jpg\" title=\"\">            <div class=\"box has-hover gallery-box box-normal\">\n              <div class=\"box-image\" >\n                <img loading=\"lazy\" decoding=\"async\" width=\"300\" height=\"300\" src=\"https:\/\/arturf.com\/wp-content\/uploads\/2021\/01\/H5-300x300.jpg\" class=\"attachment-medium size-medium\" alt=\"\" ids=\"13690,13689,13688,13687,13691,13686\" style=\"normal\" type=\"slider\" columns=\"5\" srcset=\"https:\/\/arturf.com\/wp-content\/uploads\/2021\/01\/H5-300x300.jpg 300w, https:\/\/arturf.com\/wp-content\/uploads\/2021\/01\/H5-768x768.jpg 768w, https:\/\/arturf.com\/wp-content\/uploads\/2021\/01\/H5-12x12.jpg 12w, https:\/\/arturf.com\/wp-content\/uploads\/2021\/01\/H5-510x510.jpg 510w, https:\/\/arturf.com\/wp-content\/uploads\/2021\/01\/H5-100x100.jpg 100w, https:\/\/arturf.com\/wp-content\/uploads\/2021\/01\/H5.jpg 800w\" sizes=\"auto, (max-width: 300px) 100vw, 300px\" \/>                                                              <\/div>\n              <div class=\"box-text text-left\" >\n                 <p><\/p>\n              <\/div>\n            <\/div>\n            <\/a>          <\/div>\n         <\/div><div class=\"gallery-col col\" >\n          <div class=\"col-inner\">\n            <a class=\"image-lightbox lightbox-gallery\" href=\"https:\/\/arturf.com\/wp-content\/uploads\/2021\/01\/H10.jpg\" title=\"\">            <div class=\"box has-hover gallery-box box-normal\">\n              <div class=\"box-image\" >\n                <img loading=\"lazy\" decoding=\"async\" width=\"300\" height=\"300\" src=\"https:\/\/arturf.com\/wp-content\/uploads\/2021\/01\/H10-300x300.jpg\" class=\"attachment-medium size-medium\" alt=\"\" ids=\"13690,13689,13688,13687,13691,13686\" style=\"normal\" type=\"slider\" columns=\"5\" srcset=\"https:\/\/arturf.com\/wp-content\/uploads\/2021\/01\/H10-300x300.jpg 300w, https:\/\/arturf.com\/wp-content\/uploads\/2021\/01\/H10-768x768.jpg 768w, https:\/\/arturf.com\/wp-content\/uploads\/2021\/01\/H10-12x12.jpg 12w, https:\/\/arturf.com\/wp-content\/uploads\/2021\/01\/H10-510x510.jpg 510w, https:\/\/arturf.com\/wp-content\/uploads\/2021\/01\/H10-100x100.jpg 100w, https:\/\/arturf.com\/wp-content\/uploads\/2021\/01\/H10.jpg 800w\" sizes=\"auto, (max-width: 300px) 100vw, 300px\" \/>                                                              <\/div>\n              <div class=\"box-text text-left\" >\n                 <p><\/p>\n              <\/div>\n            <\/div>\n            <\/a>          <\/div>\n         <\/div><div class=\"gallery-col col\" >\n          <div class=\"col-inner\">\n            <a class=\"image-lightbox lightbox-gallery\" href=\"https:\/\/arturf.com\/wp-content\/uploads\/2021\/01\/H2.jpg\" title=\"\">            <div class=\"box has-hover gallery-box box-normal\">\n              <div class=\"box-image\" >\n                <img loading=\"lazy\" decoding=\"async\" width=\"300\" height=\"300\" src=\"https:\/\/arturf.com\/wp-content\/uploads\/2021\/01\/H2-300x300.jpg\" class=\"attachment-medium size-medium\" alt=\"\" ids=\"13690,13689,13688,13687,13691,13686\" style=\"normal\" type=\"slider\" columns=\"5\" srcset=\"https:\/\/arturf.com\/wp-content\/uploads\/2021\/01\/H2-300x300.jpg 300w, https:\/\/arturf.com\/wp-content\/uploads\/2021\/01\/H2-768x768.jpg 768w, https:\/\/arturf.com\/wp-content\/uploads\/2021\/01\/H2-12x12.jpg 12w, https:\/\/arturf.com\/wp-content\/uploads\/2021\/01\/H2-510x510.jpg 510w, https:\/\/arturf.com\/wp-content\/uploads\/2021\/01\/H2-100x100.jpg 100w, https:\/\/arturf.com\/wp-content\/uploads\/2021\/01\/H2.jpg 800w\" sizes=\"auto, (max-width: 300px) 100vw, 300px\" \/>                                                              <\/div>\n              <div class=\"box-text text-left\" >\n                 <p><\/p>\n              <\/div>\n            <\/div>\n            <\/a>          <\/div>\n         <\/div><\/div>","protected":false},"excerpt":{"rendered":"<p>Wir bieten eine gro\u00dfe Auswahl an vertikalen Gartenpaneelen mit k\u00fcnstlichen Hecken, die die nat\u00fcrliche Sch\u00f6nheit der freien Natur in Wohn- oder Gesch\u00e4ftsbereiche bringen k\u00f6nnen. Jedes Laubst\u00fcck ist sehr detailliert mit lebensechten Farben und Texturen, w\u00e4hrend die unterschiedlichen Gr\u00f6\u00dfen und Stile der k\u00fcnstlichen Pflanzen der gr\u00fcnen Wand ein echtes Gef\u00fchl von Tiefe und Realismus verleihen.<\/p>","protected":false},"featured_media":13673,"template":"","meta":{"_seopress_robots_primary_cat":"","_seopress_titles_title":"","_seopress_titles_desc":"","_seopress_robots_index":""},"product_brand":[],"product_cat":[782],"product_tag":[],"class_list":{"0":"post-13683","1":"product","2":"type-product","3":"status-publish","4":"has-post-thumbnail","6":"product_cat-artificial-hedge","8":"first","9":"instock","10":"shipping-taxable","11":"product-type-simple"},"_links":{"self":[{"href":"https:\/\/arturf.com\/de\/wp-json\/wp\/v2\/product\/13683","targetHints":{"allow":["GET"]}}],"collection":[{"href":"https:\/\/arturf.com\/de\/wp-json\/wp\/v2\/product"}],"about":[{"href":"https:\/\/arturf.com\/de\/wp-json\/wp\/v2\/types\/product"}],"wp:featuredmedia":[{"embeddable":true,"href":"https:\/\/arturf.com\/de\/wp-json\/wp\/v2\/media\/13673"}],"wp:attachment":[{"href":"https:\/\/arturf.com\/de\/wp-json\/wp\/v2\/media?parent=13683"}],"wp:term":[{"taxonomy":"product_brand","embeddable":true,"href":"https:\/\/arturf.com\/de\/wp-json\/wp\/v2\/product_brand?post=13683"},{"taxonomy":"product_cat","embeddable":true,"href":"https:\/\/arturf.com\/de\/wp-json\/wp\/v2\/product_cat?post=13683"},{"taxonomy":"product_tag","embeddable":true,"href":"https:\/\/arturf.com\/de\/wp-json\/wp\/v2\/product_tag?post=13683"}],"curies":[{"name":"wp","href":"https:\/\/api.w.org\/{rel}","templated":true}]}}