{"id":15483,"date":"2008-08-16T09:20:35","date_gmt":"2008-08-16T01:20:35","guid":{"rendered":"https:\/\/arturf.com\/?post_type=product&#038;p=15483"},"modified":"2022-07-08T12:43:31","modified_gmt":"2022-07-08T04:43:31","slug":"artificial-grass-logos-and-insignia-bespoke-logo-mats","status":"publish","type":"product","link":"https:\/\/arturf.com\/de\/product\/artificial-grass-logos-and-insignia-bespoke-logo-mats\/","title":{"rendered":"Ma\u00dfgeschneiderte Logo-Matten"},"content":{"rendered":"<p>Sie m\u00f6chten Ihr Logo in Ihre Kunstrasenfl\u00e4che integrieren? Von Ihrem Firmenlogo bis <a href=\"https:\/\/arturf.com\/de\/landscape-grass\/hopscotch-a-great-addition-to-your-artificial-grass-playground\/\">Himmelfahrt<\/a>, zu Buchstaben, die M\u00f6glichkeiten sind endlos\u2026<\/p>\n<p>Warum ein verwenden <a href=\"https:\/\/arturf.com\/de\/info\/artificial-grass-logo\/\">Kunstrasen-Logo<\/a> oder Abzeichen? Zu den Vorteilen geh\u00f6ren:<\/p>\n<ul>\n<li>Das Kunstrasen-Logo wird sich als professioneller und legitimer Gesch\u00e4ftsstandort abheben.<\/li>\n<li>Das Kunstrasen-Logo wird die Markenbekanntheit Ihres Unternehmens steigern.<\/li>\n<li>Erh\u00f6hen Sie den Bekanntheitsgrad mit Kunstrasen-Logos.<\/li>\n<li>Personalisieren Sie Ihre Organisation auf einzigartige Weise.<\/li>\n<\/ul>\n<p>Im Gegensatz zu manuell eingelegten Logos bestehen unsere Produkte aus bunten Kunstrasengarnen mit eingebauten Farben, die mit einer speziellen Maschine getuftet werden. So ist es haltbarer und das Muster rei\u00dft nicht vom Kunstrasen um ihn herum ab. Im Gegensatz zu gedruckten Farben sind die Farben dauerhaft. Komplexe und filigrane Muster und Formen k\u00f6nnen wir zuverl\u00e4ssig nach Ihren W\u00fcnschen reproduzieren.<\/p>\n<h4>Das Muster der Logos\/Insignien<\/h4>\n<p>Wir haben einige beliebte Muster wie \u201eSmile\u201c und \u201eHopscotch\u201c f\u00fcr Spielbereiche, und wir bieten auch ma\u00dfgeschneiderte Logos und Insignia-Matten an. In diesem Fall wird ein hochaufl\u00f6sendes Bild ben\u00f6tigt. Wir werden dieses Bild zuerst \u00fcberpr\u00fcfen und weitere Details besprechen.<\/p>\n<h4>Farboptionen:<\/h4>\n<p><img alt=\"\" loading=\"lazy\" decoding=\"async\" class=\"alignnone wp-image-17008 size-full\" src=\"https:\/\/arturf.com\/wp-content\/uploads\/2022\/06\/Artificial-Grass-Logo-Color-Options.jpg\" width=\"1000\" height=\"117\" srcset=\"https:\/\/arturf.com\/wp-content\/uploads\/2022\/06\/Artificial-Grass-Logo-Color-Options.jpg 1000w, https:\/\/arturf.com\/wp-content\/uploads\/2022\/06\/Artificial-Grass-Logo-Color-Options-300x35.jpg 300w, https:\/\/arturf.com\/wp-content\/uploads\/2022\/06\/Artificial-Grass-Logo-Color-Options-768x90.jpg 768w, https:\/\/arturf.com\/wp-content\/uploads\/2022\/06\/Artificial-Grass-Logo-Color-Options-18x2.jpg 18w, https:\/\/arturf.com\/wp-content\/uploads\/2022\/06\/Artificial-Grass-Logo-Color-Options-510x60.jpg 510w\" sizes=\"auto, (max-width: 1000px) 100vw, 1000px\" \/><\/p>\n<h4>Gr\u00f6\u00dfe der Matten<\/h4>\n<p>Im Allgemeinen betr\u00e4gt die maximale Breite einer einzelnen Matte 2 Meter. Die L\u00e4nge kann als Anfrage gemacht werden. Wenn Sie eine breitere Matte ben\u00f6tigen, k\u00f6nnen wir zwei oder mehr Matten herstellen. Sie f\u00fcgen diese Teile vor Ort zusammen.<\/p>\n<h4>Die Florh\u00f6he der Matten<\/h4>\n<p>Wir bieten 10 mm \u2013 35 mm Florh\u00f6he Logos und Insignia-Matten.<\/p>\n<h4>Einige Beispiele:<\/h4>\n\n  \n    <div id=\"gallery-47039513\" class=\"row large-columns-6 medium-columns-3 small-columns-2 row-masonry\" data-packery-options='{\"itemSelector\": \".col\", \"gutter\": 0, \"presentageWidth\" : true}'>\n\n  <div class=\"gallery-col col\" >\n          <div class=\"col-inner\">\n            <a class=\"image-lightbox lightbox-gallery\" href=\"https:\/\/arturf.com\/wp-content\/uploads\/2022\/05\/Artificial-Grass-Logo-Sunflower-Smile.jpg\" title=\"\">            <div class=\"box has-hover gallery-box box-default\">\n              <div class=\"box-image image-cover\" style=\"padding-top:75%;\">\n                <img loading=\"lazy\" decoding=\"async\" width=\"225\" height=\"300\" src=\"https:\/\/arturf.com\/wp-content\/uploads\/2022\/05\/Artificial-Grass-Logo-Sunflower-Smile-225x300.jpg\" class=\"attachment-medium size-medium\" alt=\"\" ids=\"16973,16969,16968,16970,16972,15501,16971,15499,15500,15502,15503,15498\" style=\"default\" type=\"masonry\" columns=\"6\" image_height=\"75%\" srcset=\"https:\/\/arturf.com\/wp-content\/uploads\/2022\/05\/Artificial-Grass-Logo-Sunflower-Smile-225x300.jpg 225w, https:\/\/arturf.com\/wp-content\/uploads\/2022\/05\/Artificial-Grass-Logo-Sunflower-Smile-9x12.jpg 9w, https:\/\/arturf.com\/wp-content\/uploads\/2022\/05\/Artificial-Grass-Logo-Sunflower-Smile-510x680.jpg 510w, https:\/\/arturf.com\/wp-content\/uploads\/2022\/05\/Artificial-Grass-Logo-Sunflower-Smile.jpg 750w\" sizes=\"auto, (max-width: 225px) 100vw, 225px\" \/>                                                              <\/div>\n              <div class=\"box-text text-left\" >\n                 <p><\/p>\n              <\/div>\n            <\/div>\n            <\/a>          <\/div>\n         <\/div><div class=\"gallery-col col\" >\n          <div class=\"col-inner\">\n            <a class=\"image-lightbox lightbox-gallery\" href=\"https:\/\/arturf.com\/wp-content\/uploads\/2022\/05\/Artificial-Grass-Logo-Mat-Kids-Play.jpg\" title=\"\">            <div class=\"box has-hover gallery-box box-default\">\n              <div class=\"box-image image-cover\" style=\"padding-top:75%;\">\n                <img loading=\"lazy\" decoding=\"async\" width=\"225\" height=\"300\" src=\"https:\/\/arturf.com\/wp-content\/uploads\/2022\/05\/Artificial-Grass-Logo-Mat-Kids-Play-225x300.jpg\" class=\"attachment-medium size-medium\" alt=\"\" ids=\"16973,16969,16968,16970,16972,15501,16971,15499,15500,15502,15503,15498\" style=\"default\" type=\"masonry\" columns=\"6\" image_height=\"75%\" srcset=\"https:\/\/arturf.com\/wp-content\/uploads\/2022\/05\/Artificial-Grass-Logo-Mat-Kids-Play-225x300.jpg 225w, https:\/\/arturf.com\/wp-content\/uploads\/2022\/05\/Artificial-Grass-Logo-Mat-Kids-Play-9x12.jpg 9w, https:\/\/arturf.com\/wp-content\/uploads\/2022\/05\/Artificial-Grass-Logo-Mat-Kids-Play-510x680.jpg 510w, https:\/\/arturf.com\/wp-content\/uploads\/2022\/05\/Artificial-Grass-Logo-Mat-Kids-Play.jpg 600w\" sizes=\"auto, (max-width: 225px) 100vw, 225px\" \/>                                                              <\/div>\n              <div class=\"box-text text-left\" >\n                 <p><\/p>\n              <\/div>\n            <\/div>\n            <\/a>          <\/div>\n         <\/div><div class=\"gallery-col col\" >\n          <div class=\"col-inner\">\n            <a class=\"image-lightbox lightbox-gallery\" href=\"https:\/\/arturf.com\/wp-content\/uploads\/2008\/08\/Bespoke-Logo-Lawn-for-GYM-mats.jpg\" title=\"\">            <div class=\"box has-hover gallery-box box-default\">\n              <div class=\"box-image image-cover\" style=\"padding-top:75%;\">\n                <img loading=\"lazy\" decoding=\"async\" width=\"300\" height=\"225\" src=\"https:\/\/arturf.com\/wp-content\/uploads\/2008\/08\/Bespoke-Logo-Lawn-for-GYM-mats-300x225.jpg\" class=\"attachment-medium size-medium\" alt=\"\" ids=\"16973,16969,16968,16970,16972,15501,16971,15499,15500,15502,15503,15498\" style=\"default\" type=\"masonry\" columns=\"6\" image_height=\"75%\" srcset=\"https:\/\/arturf.com\/wp-content\/uploads\/2008\/08\/Bespoke-Logo-Lawn-for-GYM-mats-300x225.jpg 300w, https:\/\/arturf.com\/wp-content\/uploads\/2008\/08\/Bespoke-Logo-Lawn-for-GYM-mats-200x150.jpg 200w, https:\/\/arturf.com\/wp-content\/uploads\/2008\/08\/Bespoke-Logo-Lawn-for-GYM-mats-768x576.jpg 768w, https:\/\/arturf.com\/wp-content\/uploads\/2008\/08\/Bespoke-Logo-Lawn-for-GYM-mats-16x12.jpg 16w, https:\/\/arturf.com\/wp-content\/uploads\/2008\/08\/Bespoke-Logo-Lawn-for-GYM-mats-350x263.jpg 350w, https:\/\/arturf.com\/wp-content\/uploads\/2008\/08\/Bespoke-Logo-Lawn-for-GYM-mats-510x383.jpg 510w, https:\/\/arturf.com\/wp-content\/uploads\/2008\/08\/Bespoke-Logo-Lawn-for-GYM-mats.jpg 800w\" sizes=\"auto, (max-width: 300px) 100vw, 300px\" \/>                                                              <\/div>\n              <div class=\"box-text text-left\" >\n                 <p><\/p>\n              <\/div>\n            <\/div>\n            <\/a>          <\/div>\n         <\/div><div class=\"gallery-col col\" >\n          <div class=\"col-inner\">\n            <a class=\"image-lightbox lightbox-gallery\" href=\"https:\/\/arturf.com\/wp-content\/uploads\/2022\/05\/Artificial-Lawn-Logo-PCYC-Queensland.jpg\" title=\"\">            <div class=\"box has-hover gallery-box box-default\">\n              <div class=\"box-image image-cover\" style=\"padding-top:75%;\">\n                <img loading=\"lazy\" decoding=\"async\" width=\"225\" height=\"300\" src=\"https:\/\/arturf.com\/wp-content\/uploads\/2022\/05\/Artificial-Lawn-Logo-PCYC-Queensland-225x300.jpg\" class=\"attachment-medium size-medium\" alt=\"\" ids=\"16973,16969,16968,16970,16972,15501,16971,15499,15500,15502,15503,15498\" style=\"default\" type=\"masonry\" columns=\"6\" image_height=\"75%\" srcset=\"https:\/\/arturf.com\/wp-content\/uploads\/2022\/05\/Artificial-Lawn-Logo-PCYC-Queensland-225x300.jpg 225w, https:\/\/arturf.com\/wp-content\/uploads\/2022\/05\/Artificial-Lawn-Logo-PCYC-Queensland-9x12.jpg 9w, https:\/\/arturf.com\/wp-content\/uploads\/2022\/05\/Artificial-Lawn-Logo-PCYC-Queensland-510x681.jpg 510w, https:\/\/arturf.com\/wp-content\/uploads\/2022\/05\/Artificial-Lawn-Logo-PCYC-Queensland.jpg 599w\" sizes=\"auto, (max-width: 225px) 100vw, 225px\" \/>                                                              <\/div>\n              <div class=\"box-text text-left\" >\n                 <p><\/p>\n              <\/div>\n            <\/div>\n            <\/a>          <\/div>\n         <\/div><div class=\"gallery-col col\" >\n          <div class=\"col-inner\">\n            <a class=\"image-lightbox lightbox-gallery\" href=\"https:\/\/arturf.com\/wp-content\/uploads\/2022\/05\/Artificial-Grass-Logo-Mat.jpg\" title=\"\">            <div class=\"box has-hover gallery-box box-default\">\n              <div class=\"box-image image-cover\" style=\"padding-top:75%;\">\n                <img loading=\"lazy\" decoding=\"async\" width=\"225\" height=\"300\" src=\"https:\/\/arturf.com\/wp-content\/uploads\/2022\/05\/Artificial-Grass-Logo-Mat-225x300.jpg\" class=\"attachment-medium size-medium\" alt=\"\" ids=\"16973,16969,16968,16970,16972,15501,16971,15499,15500,15502,15503,15498\" style=\"default\" type=\"masonry\" columns=\"6\" image_height=\"75%\" srcset=\"https:\/\/arturf.com\/wp-content\/uploads\/2022\/05\/Artificial-Grass-Logo-Mat-225x300.jpg 225w, https:\/\/arturf.com\/wp-content\/uploads\/2022\/05\/Artificial-Grass-Logo-Mat-9x12.jpg 9w, https:\/\/arturf.com\/wp-content\/uploads\/2022\/05\/Artificial-Grass-Logo-Mat-510x680.jpg 510w, https:\/\/arturf.com\/wp-content\/uploads\/2022\/05\/Artificial-Grass-Logo-Mat.jpg 750w\" sizes=\"auto, (max-width: 225px) 100vw, 225px\" \/>                                                              <\/div>\n              <div class=\"box-text text-left\" >\n                 <p><\/p>\n              <\/div>\n            <\/div>\n            <\/a>          <\/div>\n         <\/div><div class=\"gallery-col col\" >\n          <div class=\"col-inner\">\n            <a class=\"image-lightbox lightbox-gallery\" href=\"https:\/\/arturf.com\/wp-content\/uploads\/2021\/08\/Artificial-Grass-Logos-and-Insignia-6.jpg\" title=\"\">            <div class=\"box has-hover gallery-box box-default\">\n              <div class=\"box-image image-cover\" style=\"padding-top:75%;\">\n                <img loading=\"lazy\" decoding=\"async\" width=\"215\" height=\"300\" src=\"https:\/\/arturf.com\/wp-content\/uploads\/2021\/08\/Artificial-Grass-Logos-and-Insignia-6-215x300.jpg\" class=\"attachment-medium size-medium\" alt=\"\" ids=\"16973,16969,16968,16970,16972,15501,16971,15499,15500,15502,15503,15498\" style=\"default\" type=\"masonry\" columns=\"6\" image_height=\"75%\" srcset=\"https:\/\/arturf.com\/wp-content\/uploads\/2021\/08\/Artificial-Grass-Logos-and-Insignia-6-215x300.jpg 215w, https:\/\/arturf.com\/wp-content\/uploads\/2021\/08\/Artificial-Grass-Logos-and-Insignia-6-9x12.jpg 9w, https:\/\/arturf.com\/wp-content\/uploads\/2021\/08\/Artificial-Grass-Logos-and-Insignia-6-510x713.jpg 510w, https:\/\/arturf.com\/wp-content\/uploads\/2021\/08\/Artificial-Grass-Logos-and-Insignia-6.jpg 572w\" sizes=\"auto, (max-width: 215px) 100vw, 215px\" \/>                                                              <\/div>\n              <div class=\"box-text text-left\" >\n                 <p><\/p>\n              <\/div>\n            <\/div>\n            <\/a>          <\/div>\n         <\/div><div class=\"gallery-col col\" >\n          <div class=\"col-inner\">\n            <a class=\"image-lightbox lightbox-gallery\" href=\"https:\/\/arturf.com\/wp-content\/uploads\/2022\/05\/Artificial-Grass-Logo-GYM-Mats.jpg\" title=\"\">            <div class=\"box has-hover gallery-box box-default\">\n              <div class=\"box-image image-cover\" style=\"padding-top:75%;\">\n                <img loading=\"lazy\" decoding=\"async\" width=\"225\" height=\"300\" src=\"https:\/\/arturf.com\/wp-content\/uploads\/2022\/05\/Artificial-Grass-Logo-GYM-Mats-225x300.jpg\" class=\"attachment-medium size-medium\" alt=\"\" ids=\"16973,16969,16968,16970,16972,15501,16971,15499,15500,15502,15503,15498\" style=\"default\" type=\"masonry\" columns=\"6\" image_height=\"75%\" srcset=\"https:\/\/arturf.com\/wp-content\/uploads\/2022\/05\/Artificial-Grass-Logo-GYM-Mats-225x300.jpg 225w, https:\/\/arturf.com\/wp-content\/uploads\/2022\/05\/Artificial-Grass-Logo-GYM-Mats-9x12.jpg 9w, https:\/\/arturf.com\/wp-content\/uploads\/2022\/05\/Artificial-Grass-Logo-GYM-Mats-510x681.jpg 510w, https:\/\/arturf.com\/wp-content\/uploads\/2022\/05\/Artificial-Grass-Logo-GYM-Mats.jpg 749w\" sizes=\"auto, (max-width: 225px) 100vw, 225px\" \/>                                                              <\/div>\n              <div class=\"box-text text-left\" >\n                 <p><\/p>\n              <\/div>\n            <\/div>\n            <\/a>          <\/div>\n         <\/div><div class=\"gallery-col col\" >\n          <div class=\"col-inner\">\n            <a class=\"image-lightbox lightbox-gallery\" href=\"https:\/\/arturf.com\/wp-content\/uploads\/2021\/08\/Artificial-Grass-Logos-and-Insignia-4-809x1024.jpg\" title=\"\">            <div class=\"box has-hover gallery-box box-default\">\n              <div class=\"box-image image-cover\" style=\"padding-top:75%;\">\n                <img loading=\"lazy\" decoding=\"async\" width=\"237\" height=\"300\" src=\"https:\/\/arturf.com\/wp-content\/uploads\/2021\/08\/Artificial-Grass-Logos-and-Insignia-4-237x300.jpg\" class=\"attachment-medium size-medium\" alt=\"\" ids=\"16973,16969,16968,16970,16972,15501,16971,15499,15500,15502,15503,15498\" style=\"default\" type=\"masonry\" columns=\"6\" image_height=\"75%\" srcset=\"https:\/\/arturf.com\/wp-content\/uploads\/2021\/08\/Artificial-Grass-Logos-and-Insignia-4-237x300.jpg 237w, https:\/\/arturf.com\/wp-content\/uploads\/2021\/08\/Artificial-Grass-Logos-and-Insignia-4-809x1024.jpg 809w, https:\/\/arturf.com\/wp-content\/uploads\/2021\/08\/Artificial-Grass-Logos-and-Insignia-4-768x972.jpg 768w, https:\/\/arturf.com\/wp-content\/uploads\/2021\/08\/Artificial-Grass-Logos-and-Insignia-4-9x12.jpg 9w, https:\/\/arturf.com\/wp-content\/uploads\/2021\/08\/Artificial-Grass-Logos-and-Insignia-4-510x645.jpg 510w, https:\/\/arturf.com\/wp-content\/uploads\/2021\/08\/Artificial-Grass-Logos-and-Insignia-4.jpg 1000w\" sizes=\"auto, (max-width: 237px) 100vw, 237px\" \/>                                                              <\/div>\n              <div class=\"box-text text-left\" >\n                 <p><\/p>\n              <\/div>\n            <\/div>\n            <\/a>          <\/div>\n         <\/div><div class=\"gallery-col col\" >\n          <div class=\"col-inner\">\n            <a class=\"image-lightbox lightbox-gallery\" href=\"https:\/\/arturf.com\/wp-content\/uploads\/2021\/08\/Artificial-Grass-Logos-and-Insignia-5.jpg\" title=\"\">            <div class=\"box has-hover gallery-box box-default\">\n              <div class=\"box-image image-cover\" style=\"padding-top:75%;\">\n                <img loading=\"lazy\" decoding=\"async\" width=\"300\" height=\"106\" src=\"https:\/\/arturf.com\/wp-content\/uploads\/2021\/08\/Artificial-Grass-Logos-and-Insignia-5-300x106.jpg\" class=\"attachment-medium size-medium\" alt=\"\" ids=\"16973,16969,16968,16970,16972,15501,16971,15499,15500,15502,15503,15498\" style=\"default\" type=\"masonry\" columns=\"6\" image_height=\"75%\" srcset=\"https:\/\/arturf.com\/wp-content\/uploads\/2021\/08\/Artificial-Grass-Logos-and-Insignia-5-300x106.jpg 300w, https:\/\/arturf.com\/wp-content\/uploads\/2021\/08\/Artificial-Grass-Logos-and-Insignia-5-768x270.jpg 768w, https:\/\/arturf.com\/wp-content\/uploads\/2021\/08\/Artificial-Grass-Logos-and-Insignia-5-18x6.jpg 18w, https:\/\/arturf.com\/wp-content\/uploads\/2021\/08\/Artificial-Grass-Logos-and-Insignia-5-510x180.jpg 510w, https:\/\/arturf.com\/wp-content\/uploads\/2021\/08\/Artificial-Grass-Logos-and-Insignia-5.jpg 1000w\" sizes=\"auto, (max-width: 300px) 100vw, 300px\" \/>                                                              <\/div>\n              <div class=\"box-text text-left\" >\n                 <p><\/p>\n              <\/div>\n            <\/div>\n            <\/a>          <\/div>\n         <\/div><div class=\"gallery-col col\" >\n          <div class=\"col-inner\">\n            <a class=\"image-lightbox lightbox-gallery\" href=\"https:\/\/arturf.com\/wp-content\/uploads\/2021\/08\/Artificial-Grass-Logos-and-Insignia-1.jpg\" title=\"\">            <div class=\"box has-hover gallery-box box-default\">\n              <div class=\"box-image image-cover\" style=\"padding-top:75%;\">\n                <img loading=\"lazy\" decoding=\"async\" width=\"300\" height=\"300\" src=\"https:\/\/arturf.com\/wp-content\/uploads\/2021\/08\/Artificial-Grass-Logos-and-Insignia-1-300x300.jpg\" class=\"attachment-medium size-medium\" alt=\"\" ids=\"16973,16969,16968,16970,16972,15501,16971,15499,15500,15502,15503,15498\" style=\"default\" type=\"masonry\" columns=\"6\" image_height=\"75%\" srcset=\"https:\/\/arturf.com\/wp-content\/uploads\/2021\/08\/Artificial-Grass-Logos-and-Insignia-1-300x300.jpg 300w, https:\/\/arturf.com\/wp-content\/uploads\/2021\/08\/Artificial-Grass-Logos-and-Insignia-1-768x768.jpg 768w, https:\/\/arturf.com\/wp-content\/uploads\/2021\/08\/Artificial-Grass-Logos-and-Insignia-1-12x12.jpg 12w, https:\/\/arturf.com\/wp-content\/uploads\/2021\/08\/Artificial-Grass-Logos-and-Insignia-1-510x510.jpg 510w, https:\/\/arturf.com\/wp-content\/uploads\/2021\/08\/Artificial-Grass-Logos-and-Insignia-1-100x100.jpg 100w, https:\/\/arturf.com\/wp-content\/uploads\/2021\/08\/Artificial-Grass-Logos-and-Insignia-1.jpg 800w\" sizes=\"auto, (max-width: 300px) 100vw, 300px\" \/>                                                              <\/div>\n              <div class=\"box-text text-left\" >\n                 <p><\/p>\n              <\/div>\n            <\/div>\n            <\/a>          <\/div>\n         <\/div><div class=\"gallery-col col\" >\n          <div class=\"col-inner\">\n            <a class=\"image-lightbox lightbox-gallery\" href=\"https:\/\/arturf.com\/wp-content\/uploads\/2021\/08\/Artificial-Grass-Logos-and-Insignia-2.jpg\" title=\"\">            <div class=\"box has-hover gallery-box box-default\">\n              <div class=\"box-image image-cover\" style=\"padding-top:75%;\">\n                <img loading=\"lazy\" decoding=\"async\" width=\"300\" height=\"300\" src=\"https:\/\/arturf.com\/wp-content\/uploads\/2021\/08\/Artificial-Grass-Logos-and-Insignia-2-300x300.jpg\" class=\"attachment-medium size-medium\" alt=\"\" ids=\"16973,16969,16968,16970,16972,15501,16971,15499,15500,15502,15503,15498\" style=\"default\" type=\"masonry\" columns=\"6\" image_height=\"75%\" srcset=\"https:\/\/arturf.com\/wp-content\/uploads\/2021\/08\/Artificial-Grass-Logos-and-Insignia-2-300x300.jpg 300w, https:\/\/arturf.com\/wp-content\/uploads\/2021\/08\/Artificial-Grass-Logos-and-Insignia-2-768x768.jpg 768w, https:\/\/arturf.com\/wp-content\/uploads\/2021\/08\/Artificial-Grass-Logos-and-Insignia-2-12x12.jpg 12w, https:\/\/arturf.com\/wp-content\/uploads\/2021\/08\/Artificial-Grass-Logos-and-Insignia-2-510x510.jpg 510w, https:\/\/arturf.com\/wp-content\/uploads\/2021\/08\/Artificial-Grass-Logos-and-Insignia-2-100x100.jpg 100w, https:\/\/arturf.com\/wp-content\/uploads\/2021\/08\/Artificial-Grass-Logos-and-Insignia-2.jpg 800w\" sizes=\"auto, (max-width: 300px) 100vw, 300px\" \/>                                                              <\/div>\n              <div class=\"box-text text-left\" >\n                 <p><\/p>\n              <\/div>\n            <\/div>\n            <\/a>          <\/div>\n         <\/div><div class=\"gallery-col col\" >\n          <div class=\"col-inner\">\n            <a class=\"image-lightbox lightbox-gallery\" href=\"https:\/\/arturf.com\/wp-content\/uploads\/2021\/08\/Artificial-Grass-Logos-and-Insignia-3.jpg\" title=\"\">            <div class=\"box has-hover gallery-box box-default\">\n              <div class=\"box-image image-cover\" style=\"padding-top:75%;\">\n                <img loading=\"lazy\" decoding=\"async\" width=\"300\" height=\"300\" src=\"https:\/\/arturf.com\/wp-content\/uploads\/2021\/08\/Artificial-Grass-Logos-and-Insignia-3-300x300.jpg\" class=\"attachment-medium size-medium\" alt=\"\" ids=\"16973,16969,16968,16970,16972,15501,16971,15499,15500,15502,15503,15498\" style=\"default\" type=\"masonry\" columns=\"6\" image_height=\"75%\" srcset=\"https:\/\/arturf.com\/wp-content\/uploads\/2021\/08\/Artificial-Grass-Logos-and-Insignia-3-300x300.jpg 300w, https:\/\/arturf.com\/wp-content\/uploads\/2021\/08\/Artificial-Grass-Logos-and-Insignia-3-768x766.jpg 768w, https:\/\/arturf.com\/wp-content\/uploads\/2021\/08\/Artificial-Grass-Logos-and-Insignia-3-12x12.jpg 12w, https:\/\/arturf.com\/wp-content\/uploads\/2021\/08\/Artificial-Grass-Logos-and-Insignia-3-510x509.jpg 510w, https:\/\/arturf.com\/wp-content\/uploads\/2021\/08\/Artificial-Grass-Logos-and-Insignia-3-100x100.jpg 100w, https:\/\/arturf.com\/wp-content\/uploads\/2021\/08\/Artificial-Grass-Logos-and-Insignia-3.jpg 800w\" sizes=\"auto, (max-width: 300px) 100vw, 300px\" \/>                                                              <\/div>\n              <div class=\"box-text text-left\" >\n                 <p><\/p>\n              <\/div>\n            <\/div>\n            <\/a>          <\/div>\n         <\/div><\/div>","protected":false},"excerpt":{"rendered":"<p>Ein Kunstrasen-Logo oder -Abzeichen kann individuell zur Darstellung Ihrer Marke oder Dekoration verwendet oder auf einem Kunstrasenplatz eingelegt werden. In jedem Fall wird es den Eindruck Ihrer Immobilie verbessern. Im Gegensatz zu gedruckten Farben sind die Farben unserer Kunstrasenlogos und Abzeichen dauerhaft.<\/p>","protected":false},"featured_media":15486,"template":"","meta":{"_seopress_robots_primary_cat":"","_seopress_titles_title":"Artificial Grass Logos and Insignia \/Bespoke Logo Mats","_seopress_titles_desc":"","_seopress_robots_index":""},"product_brand":[],"product_cat":[64,66],"product_tag":[],"class_list":{"0":"post-15483","1":"product","2":"type-product","3":"status-publish","4":"has-post-thumbnail","6":"product_cat-landscape","7":"product_cat-accessories","9":"first","10":"instock","11":"shipping-taxable","12":"product-type-simple"},"_links":{"self":[{"href":"https:\/\/arturf.com\/de\/wp-json\/wp\/v2\/product\/15483","targetHints":{"allow":["GET"]}}],"collection":[{"href":"https:\/\/arturf.com\/de\/wp-json\/wp\/v2\/product"}],"about":[{"href":"https:\/\/arturf.com\/de\/wp-json\/wp\/v2\/types\/product"}],"wp:featuredmedia":[{"embeddable":true,"href":"https:\/\/arturf.com\/de\/wp-json\/wp\/v2\/media\/15486"}],"wp:attachment":[{"href":"https:\/\/arturf.com\/de\/wp-json\/wp\/v2\/media?parent=15483"}],"wp:term":[{"taxonomy":"product_brand","embeddable":true,"href":"https:\/\/arturf.com\/de\/wp-json\/wp\/v2\/product_brand?post=15483"},{"taxonomy":"product_cat","embeddable":true,"href":"https:\/\/arturf.com\/de\/wp-json\/wp\/v2\/product_cat?post=15483"},{"taxonomy":"product_tag","embeddable":true,"href":"https:\/\/arturf.com\/de\/wp-json\/wp\/v2\/product_tag?post=15483"}],"curies":[{"name":"wp","href":"https:\/\/api.w.org\/{rel}","templated":true}]}}