{"id":15534,"date":"2021-08-21T16:59:11","date_gmt":"2021-08-21T08:59:11","guid":{"rendered":"https:\/\/arturf.com\/?post_type=product&#038;p=15534"},"modified":"2021-08-21T17:01:26","modified_gmt":"2021-08-21T09:01:26","slug":"artificial-leaf-screening","status":"publish","type":"product","link":"https:\/\/arturf.com\/de\/product\/artificial-leaf-screening\/","title":{"rendered":"Screening k\u00fcnstlicher Bl\u00e4tter"},"content":{"rendered":"<div>Perfekt um unansehnliche Mauern und Z\u00e4une zu versch\u00f6nern. Diese realistische Alternative zu traditioneller Hecke ist eine gro\u00dfartige M\u00f6glichkeit, Z\u00e4une und W\u00e4nde zu verkleiden oder Ihren Einrichtungen zus\u00e4tzliche Privatsph\u00e4re zu verleihen. K\u00fcnstliche Blattschutzrollen sind schnell und einfach zu installieren, erfordern keine Wartung und halten jahrelang. Sie k\u00f6nnen auch \u00fcber Lauben und Pergolen verwendet werden, wodurch ein weicher Schattenbereich darunter entsteht.<\/div>\n<div>\u00a0<\/div>\n<div>Jede Rolle unserer k\u00fcnstlichen Efeu-Hecke bedeckt eine Fl\u00e4che von 3 Meter Breite x 1 Meter H\u00f6he und bietet eine beeindruckende Abdeckung pro Einheit. Einfach mit den mitgelieferten gr\u00fcnen Kabelbindern zu installieren und perfekt f\u00fcr Vorg\u00e4rten, Hinterh\u00f6fe, Balkone, Terrassen, Pools, Whirlpools, Restaurants, Caf\u00e9s, Immobilieninszenierungen, Wohnungen, Vermietungen, besondere Veranstaltungen und vieles mehr. unsere k\u00fcnstlichen Efeurollen sind au\u00dferdem 100% ECO-freundlich und nachhaltig.<\/div>","protected":false},"excerpt":{"rendered":"<p>K\u00fcnstliche Blattschutzrollen sind die schnellste und kosteng\u00fcnstigste M\u00f6glichkeit, das Gr\u00fcn und die Abdeckung einer nat\u00fcrlichen Hecke auf jeden Au\u00dfen-\/Innenzaun, Mauer oder andere Oberfl\u00e4chen zu bringen.<\/p>","protected":false},"featured_media":15535,"template":"","meta":{"_seopress_robots_primary_cat":"","_seopress_titles_title":"","_seopress_titles_desc":"","_seopress_robots_index":""},"product_brand":[],"product_cat":[782],"product_tag":[],"class_list":{"0":"post-15534","1":"product","2":"type-product","3":"status-publish","4":"has-post-thumbnail","6":"product_cat-artificial-hedge","8":"first","9":"instock","10":"shipping-taxable","11":"product-type-simple"},"_links":{"self":[{"href":"https:\/\/arturf.com\/de\/wp-json\/wp\/v2\/product\/15534","targetHints":{"allow":["GET"]}}],"collection":[{"href":"https:\/\/arturf.com\/de\/wp-json\/wp\/v2\/product"}],"about":[{"href":"https:\/\/arturf.com\/de\/wp-json\/wp\/v2\/types\/product"}],"wp:featuredmedia":[{"embeddable":true,"href":"https:\/\/arturf.com\/de\/wp-json\/wp\/v2\/media\/15535"}],"wp:attachment":[{"href":"https:\/\/arturf.com\/de\/wp-json\/wp\/v2\/media?parent=15534"}],"wp:term":[{"taxonomy":"product_brand","embeddable":true,"href":"https:\/\/arturf.com\/de\/wp-json\/wp\/v2\/product_brand?post=15534"},{"taxonomy":"product_cat","embeddable":true,"href":"https:\/\/arturf.com\/de\/wp-json\/wp\/v2\/product_cat?post=15534"},{"taxonomy":"product_tag","embeddable":true,"href":"https:\/\/arturf.com\/de\/wp-json\/wp\/v2\/product_tag?post=15534"}],"curies":[{"name":"wp","href":"https:\/\/api.w.org\/{rel}","templated":true}]}}