{"id":17132,"date":"2022-07-02T10:45:18","date_gmt":"2022-07-02T02:45:18","guid":{"rendered":"https:\/\/arturf.com\/?post_type=product&#038;p=17132"},"modified":"2022-08-25T19:57:58","modified_gmt":"2022-08-25T11:57:58","slug":"event-turf","status":"publish","type":"product","link":"https:\/\/arturf.com\/de\/product\/event-turf\/","title":{"rendered":"Event-Rasen"},"content":{"rendered":"<p>Unser Eventrasen eignet sich perfekt f\u00fcr fast jeden Veranstaltungsraum, da er einfach zu installieren ist und auf jede Gr\u00f6\u00dfe zugeschnitten werden kann. Es kann mehr als einmal verwendet werden. Der wunderbare Event-Rasen wird Ihren Raum auf die n\u00e4chste Ebene bringen und alle G\u00e4ste gl\u00fccklich machen.<\/p>\n<p>Eventfirmen k\u00f6nnen unseren Kunstrasen als Eventboden verwenden. Zu den Vorteilen geh\u00f6ren:<\/p>\n<ul>\n<li>Kosteneffizient<\/li>\n<li>Vielzahl von sch\u00f6nen Farben<\/li>\n<li>Leicht, einfach auf die gew\u00fcnschte Form und Gr\u00f6\u00dfe zuzuschneiden<\/li>\n<li>Eingebauter UV-Schutz, um Sonnensch\u00e4den und Verblassen zu verhindern<\/li>\n<\/ul>\n<p><img alt=\"\" loading=\"lazy\" decoding=\"async\" class=\"alignnone wp-image-17137 size-full\" src=\"https:\/\/arturf.com\/wp-content\/uploads\/2022\/07\/Tradeshow-Events-Turf.jpg\" width=\"1000\" height=\"554\" srcset=\"https:\/\/arturf.com\/wp-content\/uploads\/2022\/07\/Tradeshow-Events-Turf.jpg 1000w, https:\/\/arturf.com\/wp-content\/uploads\/2022\/07\/Tradeshow-Events-Turf-500x277.jpg 500w, https:\/\/arturf.com\/wp-content\/uploads\/2022\/07\/Tradeshow-Events-Turf-768x425.jpg 768w, https:\/\/arturf.com\/wp-content\/uploads\/2022\/07\/Tradeshow-Events-Turf-18x10.jpg 18w, https:\/\/arturf.com\/wp-content\/uploads\/2022\/07\/Tradeshow-Events-Turf-510x283.jpg 510w\" sizes=\"auto, (max-width: 1000px) 100vw, 1000px\" \/><\/p>\n<p>Eventrasen ist kein spezifisches Produkt. Im Allgemeinen handelt es sich um eine Reihe von Produkten. Eigenschaften von Event Turf:<\/p>\n<ul>\n<li>Kurzflor, meist 6mm-12mm<\/li>\n<li>Niedriger Dtex und geringes Gewicht<\/li>\n<li>Getuftet von Polypropylenfasern<\/li>\n<li>G\u00fcnstig, vielseitig<\/li>\n<li>Ideal f\u00fcr Events und Dekoration (Siehe Produkt\u00a0<a href=\"https:\/\/arturf.com\/de\/product\/decor\/\">Decor<\/a>)<\/li>\n<\/ul>\n<p>Au\u00dferdem, <a href=\"https:\/\/arturf.com\/de\/product\/artificial-grass-logos-and-insignia-bespoke-logo-mats\/\">Logo-Matten<\/a> kann auch f\u00fcr Veranstaltungen und Aktivit\u00e4ten genutzt werden. Kontaktieren Sie uns und teilen Sie uns Ihre Bed\u00fcrfnisse mit. Unser Vertrieb gibt professionelle Vorschl\u00e4ge.<\/p>","protected":false},"excerpt":{"rendered":"<p>Leichter Eventrasen mit einer Vielzahl von Farben. Ideal f\u00fcr Innen- und Au\u00dfenumgebungen, einschlie\u00dflich Messen, Autoausstellungen, Firmenveranstaltungen, Abschlussfeiern, Partys, Hochzeiten, Decks, Terrassen, Camping und mehr.<\/p>","protected":false},"featured_media":17133,"template":"","meta":{"_seopress_robots_primary_cat":"","_seopress_titles_title":"","_seopress_titles_desc":"","_seopress_robots_index":""},"product_brand":[],"product_cat":[64],"product_tag":[],"class_list":{"0":"post-17132","1":"product","2":"type-product","3":"status-publish","4":"has-post-thumbnail","6":"product_cat-landscape","8":"first","9":"instock","10":"shipping-taxable","11":"product-type-simple"},"_links":{"self":[{"href":"https:\/\/arturf.com\/de\/wp-json\/wp\/v2\/product\/17132","targetHints":{"allow":["GET"]}}],"collection":[{"href":"https:\/\/arturf.com\/de\/wp-json\/wp\/v2\/product"}],"about":[{"href":"https:\/\/arturf.com\/de\/wp-json\/wp\/v2\/types\/product"}],"wp:featuredmedia":[{"embeddable":true,"href":"https:\/\/arturf.com\/de\/wp-json\/wp\/v2\/media\/17133"}],"wp:attachment":[{"href":"https:\/\/arturf.com\/de\/wp-json\/wp\/v2\/media?parent=17132"}],"wp:term":[{"taxonomy":"product_brand","embeddable":true,"href":"https:\/\/arturf.com\/de\/wp-json\/wp\/v2\/product_brand?post=17132"},{"taxonomy":"product_cat","embeddable":true,"href":"https:\/\/arturf.com\/de\/wp-json\/wp\/v2\/product_cat?post=17132"},{"taxonomy":"product_tag","embeddable":true,"href":"https:\/\/arturf.com\/de\/wp-json\/wp\/v2\/product_tag?post=17132"}],"curies":[{"name":"wp","href":"https:\/\/api.w.org\/{rel}","templated":true}]}}