{"id":17294,"date":"2022-07-19T13:25:15","date_gmt":"2022-07-19T05:25:15","guid":{"rendered":"https:\/\/arturf.com\/?post_type=product&#038;p=17294"},"modified":"2023-07-14T22:18:15","modified_gmt":"2023-07-14T14:18:15","slug":"anti-static-artificial-grass","status":"publish","type":"product","link":"https:\/\/arturf.com\/de\/product\/anti-static-artificial-grass\/","title":{"rendered":"SparkGuard: Antistatischer Kunstrasen"},"content":{"rendered":"<p>Kunstrasen hat viele Vorteile, die Naturrasen nicht hat, aber leider auch Nachteile. \u201eStatische Elektrizit\u00e4t\u201c ist einer der Nachteile von Kunstrasen. Statische Elektrizit\u00e4t kann uns durch kleine Ersch\u00fctterungen, st\u00f6rende Ger\u00e4usche und sogar Kr\u00e4mpfe beeintr\u00e4chtigen. Unser antistatischer Kunstrasen l\u00f6st dieses Problem vollst\u00e4ndig und bietet eine sicherere Oberfl\u00e4che. Es ist ideal f\u00fcr Spielpl\u00e4tze. Die Antistatik-Technologie ist in die Kunstrasenbl\u00e4tter selbst eingebettet und nutzt sich mit der Zeit nicht ab.<\/p>\n<h3>Antistatischer Kunstrasen, eine sicherere Oberfl\u00e4che f\u00fcr Kinder<\/h3>\n<p>Ein schnelles Rutschen auf Kunstrasen kann statische Schocks verursachen. Normalerweise sind die Schocks nicht schmerzhaft, aber sie sind definitiv kein Spa\u00df f\u00fcr Kinder. Was noch schlimmer ist, f\u00fcr Kinder mit Cochlea-Implantaten oder anderen elektronischen medizinischen Ger\u00e4ten ist statische Elektrizit\u00e4t eine Bedrohung f\u00fcr sie, da sie die M\u00f6glichkeit hat, ihre dringend ben\u00f6tigten Ger\u00e4te zu besch\u00e4digen.<\/p>\n<div class=\"row align-bottom align-center\"  id=\"row-1149031153\">\n\n\t<div id=\"col-1897453763\" class=\"col medium-3 small-12 large-3\"  >\n\t\t\t\t<div class=\"col-inner\"  >\n\t\t\t\n\t\t\t\n\n\t\t<div class=\"icon-box featured-box icon-box-center text-center\"  >\n\t\t\t\t\t<div class=\"icon-box-img\" style=\"width: 120px\">\n\t\t\t\t<div class=\"icon\">\n\t\t\t\t\t<div class=\"icon-inner\" >\n\t\t\t\t\t\t<img loading=\"lazy\" decoding=\"async\" width=\"110\" height=\"111\" src=\"https:\/\/arturf.com\/wp-content\/uploads\/2020\/04\/Arturf-anti-uv.png\" class=\"attachment-medium size-medium\" alt=\"Antistatisch\" srcset=\"https:\/\/arturf.com\/wp-content\/uploads\/2020\/04\/Arturf-anti-uv.png 110w, https:\/\/arturf.com\/wp-content\/uploads\/2020\/04\/Arturf-anti-uv-12x12.png 12w, https:\/\/arturf.com\/wp-content\/uploads\/2020\/04\/Arturf-anti-uv-100x100.png 100w\" sizes=\"auto, (max-width: 110px) 100vw, 110px\" \/>\t\t\t\t\t<\/div>\n\t\t\t\t<\/div>\n\t\t\t<\/div>\n\t\t\t\t<div class=\"icon-box-text last-reset\">\n\t\t\t\t\t\t\t\t\t\n<h3>Anti-UV<\/h3>\n\t\t<\/div>\n\t<\/div>\n\t\n\t\n\t\t<\/div>\n\t\t\t\t\t<\/div>\n\n\t\n\n\t<div id=\"col-23939293\" class=\"col medium-3 small-12 large-3\"  >\n\t\t\t\t<div class=\"col-inner\"  >\n\t\t\t\n\t\t\t\n\n\t\t<div class=\"icon-box featured-box icon-box-center text-center\"  >\n\t\t\t\t\t<div class=\"icon-box-img\" style=\"width: 96px\">\n\t\t\t\t<div class=\"icon\">\n\t\t\t\t\t<div class=\"icon-inner\" >\n\t\t\t\t\t\t<img loading=\"lazy\" decoding=\"async\" width=\"256\" height=\"300\" src=\"https:\/\/arturf.com\/wp-content\/uploads\/2022\/07\/Anti-static-256x300.png\" class=\"attachment-medium size-medium\" alt=\"Antistatisch\" srcset=\"https:\/\/arturf.com\/wp-content\/uploads\/2022\/07\/Anti-static-256x300.png 256w, https:\/\/arturf.com\/wp-content\/uploads\/2022\/07\/Anti-static-10x12.png 10w, https:\/\/arturf.com\/wp-content\/uploads\/2022\/07\/Anti-static.png 409w\" sizes=\"auto, (max-width: 256px) 100vw, 256px\" \/>\t\t\t\t\t<\/div>\n\t\t\t\t<\/div>\n\t\t\t<\/div>\n\t\t\t\t<div class=\"icon-box-text last-reset\">\n\t\t\t\t\t\t\t\t\t\n<h3>Antistatisch<\/h3>\n\t\t<\/div>\n\t<\/div>\n\t\n\t\n\t\t<\/div>\n\t\t\t\t\t<\/div>\n\n\t\n\n\t<div id=\"col-539390402\" class=\"col medium-3 small-12 large-3\"  >\n\t\t\t\t<div class=\"col-inner\"  >\n\t\t\t\n\t\t\t\n\n\t\t<div class=\"icon-box featured-box icon-box-center text-center\"  >\n\t\t\t\t\t<div class=\"icon-box-img\" style=\"width: 114px\">\n\t\t\t\t<div class=\"icon\">\n\t\t\t\t\t<div class=\"icon-inner\" >\n\t\t\t\t\t\t<img loading=\"lazy\" decoding=\"async\" width=\"156\" height=\"152\" src=\"https:\/\/arturf.com\/wp-content\/uploads\/2022\/07\/Lead-Free.png\" class=\"attachment-medium size-medium\" alt=\"Antistatisch\" srcset=\"https:\/\/arturf.com\/wp-content\/uploads\/2022\/07\/Lead-Free.png 156w, https:\/\/arturf.com\/wp-content\/uploads\/2022\/07\/Lead-Free-12x12.png 12w\" sizes=\"auto, (max-width: 156px) 100vw, 156px\" \/>\t\t\t\t\t<\/div>\n\t\t\t\t<\/div>\n\t\t\t<\/div>\n\t\t\t\t<div class=\"icon-box-text last-reset\">\n\t\t\t\t\t\t\t\t\t\n<h3>Blattfrei<\/h3>\n\t\t<\/div>\n\t<\/div>\n\t\n\t\n\t\t<\/div>\n\t\t\t\t\t<\/div>\n\n\t\n<\/div>\n<p>Alle unsere Kunstrasenprodukte f\u00fcr Spielbereiche werden aus 100%-sicheren Materialien hergestellt. Sie sind UV-best\u00e4ndig, bleifrei und jetzt ist das Produkt SparkGuard mit in die Fasern eingearbeiteter Antistatik ausgestattet. Sie werden einen sichereren Spielbereich als je zuvor haben.<\/p>\n<p>Weiterf\u00fchrende Literatur: <a href=\"https:\/\/arturf.com\/de\/knowledge-hub\/how-to-remove-static-electricity-from-artificial-grass\/\">Wie entferne ich statische Elektrizit\u00e4t von Kunstrasen?<\/a><\/p>","protected":false},"excerpt":{"rendered":"<p>Erleben Sie einen sichereren Spielbereich mit SparkGuard, dem dauerhaft und lebenslang antistatischen Kunstrasen. Verabschieden Sie sich von l\u00e4stigen statischen Ersch\u00fctterungen und schaffen Sie eine sichere Umgebung f\u00fcr Kinder.<\/p>","protected":false},"featured_media":17297,"template":"","meta":{"_seopress_robots_primary_cat":"","_seopress_titles_title":"","_seopress_titles_desc":"","_seopress_robots_index":""},"product_brand":[],"product_cat":[64],"product_tag":[],"class_list":{"0":"post-17294","1":"product","2":"type-product","3":"status-publish","4":"has-post-thumbnail","6":"product_cat-landscape","8":"first","9":"instock","10":"shipping-taxable","11":"product-type-simple"},"_links":{"self":[{"href":"https:\/\/arturf.com\/de\/wp-json\/wp\/v2\/product\/17294","targetHints":{"allow":["GET"]}}],"collection":[{"href":"https:\/\/arturf.com\/de\/wp-json\/wp\/v2\/product"}],"about":[{"href":"https:\/\/arturf.com\/de\/wp-json\/wp\/v2\/types\/product"}],"wp:featuredmedia":[{"embeddable":true,"href":"https:\/\/arturf.com\/de\/wp-json\/wp\/v2\/media\/17297"}],"wp:attachment":[{"href":"https:\/\/arturf.com\/de\/wp-json\/wp\/v2\/media?parent=17294"}],"wp:term":[{"taxonomy":"product_brand","embeddable":true,"href":"https:\/\/arturf.com\/de\/wp-json\/wp\/v2\/product_brand?post=17294"},{"taxonomy":"product_cat","embeddable":true,"href":"https:\/\/arturf.com\/de\/wp-json\/wp\/v2\/product_cat?post=17294"},{"taxonomy":"product_tag","embeddable":true,"href":"https:\/\/arturf.com\/de\/wp-json\/wp\/v2\/product_tag?post=17294"}],"curies":[{"name":"wp","href":"https:\/\/api.w.org\/{rel}","templated":true}]}}