{"id":18223,"date":"2021-05-27T08:53:23","date_gmt":"2021-05-27T00:53:23","guid":{"rendered":"https:\/\/arturf.com\/?post_type=product&#038;p=18223"},"modified":"2025-07-19T12:11:17","modified_gmt":"2025-07-19T04:11:17","slug":"padel-court-kit","status":"publish","type":"product","link":"https:\/\/arturf.com\/de\/product\/padel-court-kit\/","title":{"rendered":"Padel-Court-Kit"},"content":{"rendered":"<h3>Kompetenz und Flexibilit\u00e4t der Lieferanten:<\/h3>\n<p>Als f\u00fchrender <a href=\"https:\/\/arturf.com\/de\/sports\/padel\/\">Hersteller von Padelpl\u00e4tzen<\/a> Mit Sitz in China liefern wir seit \u00fcber 15 Jahren hochwertigen Kunstrasen. Seit 2018 haben wir unser Angebot um komplette Padel-Court-Sets erweitert und arbeiten mit renommierten Partnern zusammen, um erstklassige Leistung und professionelles Branding zu gew\u00e4hrleisten. Unser flexibler Ansatz erm\u00f6glicht es uns, Komponenten anzupassen und Beschilderungen oder Logos nahtlos zu integrieren, um Ihren spezifischen Projektanforderungen gerecht zu werden.<\/p>\n<p><img loading=\"lazy\" decoding=\"async\" class=\"aligncenter wp-image-27259\" src=\"https:\/\/arturf.com\/wp-content\/uploads\/2025\/07\/arturf-padel-court-package-kit-\u2013-key-components-1024x767.png\" alt=\"Arturf Padel Court Paket \u2013 Schl\u00fcsselkomponenten\" width=\"800\" height=\"600\" srcset=\"https:\/\/arturf.com\/wp-content\/uploads\/2025\/07\/arturf-padel-court-package-kit-\u2013-key-components-1024x767.png 1024w, https:\/\/arturf.com\/wp-content\/uploads\/2025\/07\/arturf-padel-court-package-kit-\u2013-key-components-500x375.png 500w, https:\/\/arturf.com\/wp-content\/uploads\/2025\/07\/arturf-padel-court-package-kit-\u2013-key-components-200x150.png 200w, https:\/\/arturf.com\/wp-content\/uploads\/2025\/07\/arturf-padel-court-package-kit-\u2013-key-components-768x576.png 768w, https:\/\/arturf.com\/wp-content\/uploads\/2025\/07\/arturf-padel-court-package-kit-\u2013-key-components-1536x1151.png 1536w, https:\/\/arturf.com\/wp-content\/uploads\/2025\/07\/arturf-padel-court-package-kit-\u2013-key-components-16x12.png 16w, https:\/\/arturf.com\/wp-content\/uploads\/2025\/07\/arturf-padel-court-package-kit-\u2013-key-components-350x263.png 350w, https:\/\/arturf.com\/wp-content\/uploads\/2025\/07\/arturf-padel-court-package-kit-\u2013-key-components-510x382.png 510w, https:\/\/arturf.com\/wp-content\/uploads\/2025\/07\/arturf-padel-court-package-kit-\u2013-key-components.png 2000w\" sizes=\"auto, (max-width: 800px) 100vw, 800px\" \/><\/p>\n<h3>Komplettes Padel Court-Paket: Wichtige Komponenten f\u00fcr optimales Spiel<\/h3>\n<p>Dieses All-in-One-Paket enth\u00e4lt alle wichtigen Elemente f\u00fcr einen professionellen, langlebigen und leistungsstarken Padelplatz. Alle Komponenten erf\u00fcllen oder \u00fcbertreffen <strong>FIP (Internationaler Padel-Verband)<\/strong> Standards und <strong>Europ\u00e4ische Konstruktions- und Sicherheitsnormen<\/strong>.<\/p>\n<hr \/>\n<h3>Padel Kunstrasen<\/h3>\n<ul style=\"list-style: none; padding-left: 0; margin-bottom: 0;\">\n<li><strong>\u2022 Optimaler Ballabsprung<\/strong>, Traktion und Sto\u00dfd\u00e4mpfung<\/li>\n<li><strong>\u2022 Mindestens 25 Stiche pro 10 cm<\/strong>, UV-best\u00e4ndiges PE-Garn (KDK)<\/li>\n<li><strong>\u2022 Integrierte wei\u00dfe Linienmarkierungen<\/strong> (gem\u00e4\u00df FIP-Regeln)<\/li>\n<li><strong>\u2022 Geringe Sandf\u00fcllung<\/strong>: 15\u201320 kg\/m\u00b2<\/li>\n<li><strong>\u2022 Standardgr\u00f6\u00dfe<\/strong>: 20\u00d710 m (Einzelfeld)<\/li>\n<li><strong>\u2022 Standards erf\u00fcllt<\/strong>: EN 15330-1 (Leistung), ISO 4892-3 (UV-Best\u00e4ndigkeit)<\/li>\n<\/ul>\n<p><a href=\"https:\/\/arturf.com\/de\/produkt-schlagwort\/padel-turf\/\">Mehr zum Arturf Padel Turf<\/a><\/p>\n<hr \/>\n<h3>Rahmens\u00e4ulen und Quertr\u00e4ger<\/h3>\n<ul style=\"list-style: none; padding-left: 0; margin-bottom: 0;\">\n<li><strong>\u2022 Feuerverzinkte Stahlpfosten<\/strong> (mind. 2 mm Dicke)<\/li>\n<li><strong>\u2022 Obere und untere Quertr\u00e4ger<\/strong> f\u00fcr erh\u00f6hte Steifigkeit<\/li>\n<li><strong>\u2022 Pulverbeschichtete Oberfl\u00e4che<\/strong> f\u00fcr Korrosionsbest\u00e4ndigkeit<\/li>\n<li><strong>\u2022 Standards erf\u00fcllt<\/strong>: EN 1090 (Stahlkonstruktionen), ISO 1461 (Verzinkung)<\/li>\n<\/ul>\n<hr \/>\n<h3>W\u00e4nde aus geh\u00e4rtetem Glas<\/h3>\n<ul style=\"list-style: none; padding-left: 0; margin-bottom: 0;\">\n<li><strong>\u2022 12 mm Sicherheits-Hartglasplatten<\/strong><\/li>\n<li><strong>\u2022 Auf Sto\u00dffestigkeit ausgelegt<\/strong> und klare Sicht<\/li>\n<li><strong>\u2022 Polierte Kanten<\/strong> und Edelstahlklammern<\/li>\n<li><strong>\u2022 Standards erf\u00fcllt<\/strong>: EN 12150 (Einscheiben-Sicherheitsglas)<\/li>\n<\/ul>\n<hr \/>\n<h3>Drahtgeflechtplatten<\/h3>\n<ul style=\"list-style: none; padding-left: 0; margin-bottom: 0;\">\n<li><strong>\u2022 Geschwei\u00dftes Stahlgitter<\/strong>, 50\u00d750 mm, 4 mm Drahtdurchmesser<\/li>\n<li><strong>\u2022 Verzinkt und pulverbeschichtet<\/strong> zum Schutz<\/li>\n<li><strong>\u2022 Sicheres und atmungsaktives Design<\/strong> f\u00fcr Sichtbarkeit und Luftstrom<\/li>\n<li><strong>\u2022 Standards erf\u00fcllt<\/strong>: EN 10223-4 (Schwei\u00dfgitterz\u00e4une)<\/li>\n<\/ul>\n<hr \/>\n<h3>Beleuchtungssystem<\/h3>\n<ul style=\"list-style: none; padding-left: 0; margin-bottom: 0;\">\n<li><strong>\u2022 LED-Flutlichter<\/strong>, durchschnittlich 300\u2013500 Lux (FIP-konform)<\/li>\n<li><strong>\u2022 Blendfreies Design<\/strong> mit symmetrischen oder asymmetrischen Linsen<\/li>\n<li><strong>\u2022 6\u20138 Lichter pro Platz<\/strong>, montiert auf Stahllichtmasten<\/li>\n<li><strong>\u2022 Standards erf\u00fcllt<\/strong>: FIP Lighting Guide, IEC 60598 (Leuchten)<\/li>\n<\/ul>\n<hr \/>\n<h3>Wichtiges Zubeh\u00f6r<\/h3>\n<ul style=\"list-style: none; padding-left: 0; margin-bottom: 0;\">\n<li><strong>\u2022 Zentraler Netzpfosten<\/strong>: Stahl verzinkt mit Grundplatte<\/li>\n<li><strong>\u2022 Stabile Konstruktion<\/strong> sorgt f\u00fcr die richtige Netzh\u00f6he und -spannung<\/li>\n<li><strong>\u2022 Padel-Netz<\/strong>: UV-stabil mit Stahlseil<\/li>\n<li><strong>\u2022 Vorschriftsm\u00e4\u00dfige H\u00f6he<\/strong>: 88 cm in der Mitte, 92 cm an den Seiten<\/li>\n<li><strong>\u2022 Standards erf\u00fcllt<\/strong>: FIP-Spielordnung, EN 1510 (Sportnetze)<\/li>\n<\/ul>\n<hr \/>\n<h3>Zusammenfassung<\/h3>\n<ul style=\"list-style: none; padding-left: 0; margin-bottom: 0;\">\n<li><strong>\u2022 Vollst\u00e4ndige Konformit\u00e4t<\/strong> mit FIP und europ\u00e4ischen Sicherheitsstandards<\/li>\n<li><strong>\u2022 Langfristige Haltbarkeit<\/strong> in verschiedenen Klimazonen<\/li>\n<li><strong>\u2022 Schnelle Installation<\/strong> und einfache Wartung<\/li>\n<\/ul>\n<p>Mit dieser Komplettl\u00f6sung k\u00f6nnen Sie selbstbewusst einen Padelplatz der Spitzenklasse bauen.<\/p>\n\t<div id=\"gap-1765153243\" class=\"gap-element clearfix\" style=\"display:block; height:auto;\">\n\t\t\n<style>\n#gap-1765153243 {\n  padding-top: 30px;\n}\n<\/style>\n\t<\/div>\n\t\n<h3>Padelplatz-Optionen:<\/h3>\n<p>Verbessern Sie Ihr Padel-Erlebnis mit unseren vielf\u00e4ltigen Angeboten. Von CoreX f\u00fcr zuverl\u00e4ssige Qualit\u00e4t zu einem fairen Preis \u00fcber Pro f\u00fcr au\u00dfergew\u00f6hnliche Haltbarkeit und klassische Optik bis hin zu SuperVision f\u00fcr ein unvergleichliches Panorama-Erlebnis \u2013 wir haben die perfekte L\u00f6sung f\u00fcr Ihre Vision.<\/p>\n<div class=\"row\"  id=\"row-1748508808\">\n\n\t<div id=\"col-988305575\" class=\"col medium-3 small-12 large-3\"  >\n\t\t\t\t<div class=\"col-inner\"  >\n\t\t\t\n\t\t\t\n\t<div class=\"box has-hover   has-hover box-text-bottom\" >\n\n\t\t<div class=\"box-image\" >\n\t\t\t\t\t\t<div class=\"\" >\n\t\t\t\t<img loading=\"lazy\" decoding=\"async\" width=\"1000\" height=\"666\" src=\"https:\/\/arturf.com\/wp-content\/uploads\/2021\/05\/arturf-padel-court-corex.png\" class=\"attachment- size-\" alt=\"Padel\" srcset=\"https:\/\/arturf.com\/wp-content\/uploads\/2021\/05\/arturf-padel-court-corex.png 1000w, https:\/\/arturf.com\/wp-content\/uploads\/2021\/05\/arturf-padel-court-corex-500x333.png 500w, https:\/\/arturf.com\/wp-content\/uploads\/2021\/05\/arturf-padel-court-corex-768x511.png 768w, https:\/\/arturf.com\/wp-content\/uploads\/2021\/05\/arturf-padel-court-corex-18x12.png 18w, https:\/\/arturf.com\/wp-content\/uploads\/2021\/05\/arturf-padel-court-corex-510x340.png 510w\" sizes=\"auto, (max-width: 1000px) 100vw, 1000px\" \/>\t\t\t\t\t\t\t\t\t\t\t<\/div>\n\t\t\t\t\t<\/div>\n\n\t\t<div class=\"box-text text-center\" >\n\t\t\t<div class=\"box-text-inner\">\n\t\t\t\t\n<h4>CoreX<\/h4>\n<p>Ein grundlegender Padelplatz mit ausgewogener Leistung und Kosteneffizienz. Perfekt f\u00fcr Clubs, die zuverl\u00e4ssige Qualit\u00e4t suchen.<\/p>\n\t\t\t<\/div>\n\t\t<\/div>\n\t<\/div>\n\t\n\t\t<\/div>\n\t\t\t\t\t<\/div>\n\n\t\n\n\t<div id=\"col-512353226\" class=\"col medium-3 small-12 large-3\"  >\n\t\t\t\t<div class=\"col-inner\"  >\n\t\t\t\n\t\t\t\n\t<div class=\"box has-hover   has-hover box-text-bottom\" >\n\n\t\t<div class=\"box-image\" >\n\t\t\t\t\t\t<div class=\"\" >\n\t\t\t\t<img loading=\"lazy\" decoding=\"async\" width=\"1000\" height=\"666\" src=\"https:\/\/arturf.com\/wp-content\/uploads\/2021\/05\/arturf-padel-court-pro.png\" class=\"attachment- size-\" alt=\"Padel\" srcset=\"https:\/\/arturf.com\/wp-content\/uploads\/2021\/05\/arturf-padel-court-pro.png 1000w, https:\/\/arturf.com\/wp-content\/uploads\/2021\/05\/arturf-padel-court-pro-500x333.png 500w, https:\/\/arturf.com\/wp-content\/uploads\/2021\/05\/arturf-padel-court-pro-768x511.png 768w, https:\/\/arturf.com\/wp-content\/uploads\/2021\/05\/arturf-padel-court-pro-18x12.png 18w, https:\/\/arturf.com\/wp-content\/uploads\/2021\/05\/arturf-padel-court-pro-510x340.png 510w\" sizes=\"auto, (max-width: 1000px) 100vw, 1000px\" \/>\t\t\t\t\t\t\t\t\t\t\t<\/div>\n\t\t\t\t\t<\/div>\n\n\t\t<div class=\"box-text text-center\" >\n\t\t\t<div class=\"box-text-inner\">\n\t\t\t\t\n<h4>Profi<\/h4>\n<p>Der Gipfel der Padel-Court-Exzellenz, der Haltbarkeit mit klassischem Design verbindet. Ideal f\u00fcr langfristiges Spiel auf hohem Niveau.<\/p>\n\t\t\t<\/div>\n\t\t<\/div>\n\t<\/div>\n\t\n\t\t<\/div>\n\t\t\t\t\t<\/div>\n\n\t\n\n\t<div id=\"col-1371052392\" class=\"col medium-3 small-12 large-3\"  >\n\t\t\t\t<div class=\"col-inner\"  >\n\t\t\t\n\t\t\t\n\t<div class=\"box has-hover   has-hover box-text-bottom\" >\n\n\t\t<div class=\"box-image\" >\n\t\t\t\t\t\t<div class=\"\" >\n\t\t\t\t<img loading=\"lazy\" decoding=\"async\" width=\"1000\" height=\"666\" src=\"https:\/\/arturf.com\/wp-content\/uploads\/2021\/05\/arturf-padel-court-supervision.png\" class=\"attachment- size-\" alt=\"Padel\" srcset=\"https:\/\/arturf.com\/wp-content\/uploads\/2021\/05\/arturf-padel-court-supervision.png 1000w, https:\/\/arturf.com\/wp-content\/uploads\/2021\/05\/arturf-padel-court-supervision-500x333.png 500w, https:\/\/arturf.com\/wp-content\/uploads\/2021\/05\/arturf-padel-court-supervision-768x511.png 768w, https:\/\/arturf.com\/wp-content\/uploads\/2021\/05\/arturf-padel-court-supervision-18x12.png 18w, https:\/\/arturf.com\/wp-content\/uploads\/2021\/05\/arturf-padel-court-supervision-510x340.png 510w\" sizes=\"auto, (max-width: 1000px) 100vw, 1000px\" \/>\t\t\t\t\t\t\t\t\t\t\t<\/div>\n\t\t\t\t\t<\/div>\n\n\t\t<div class=\"box-text text-center\" >\n\t\t\t<div class=\"box-text-inner\">\n\t\t\t\t\n<h4>Aufsicht<\/h4>\n<p>Erleben Sie das ultimative Eintauchen mit Panoramablick f\u00fcr ein unvergleichliches Spielerlebnis. Ideal f\u00fcr erh\u00f6htes Engagement und Spannung.<\/p>\n\t\t\t<\/div>\n\t\t<\/div>\n\t<\/div>\n\t\n\t\t<\/div>\n\t\t\t\t\t<\/div>\n\n\t\n\n\t<div id=\"col-739191515\" class=\"col medium-3 small-12 large-3\"  >\n\t\t\t\t<div class=\"col-inner\"  >\n\t\t\t\n\t\t\t\n\t<div class=\"box has-hover   has-hover box-text-bottom\" >\n\n\t\t<div class=\"box-image\" >\n\t\t\t\t\t\t<div class=\"\" >\n\t\t\t\t<img loading=\"lazy\" decoding=\"async\" width=\"1500\" height=\"1000\" src=\"https:\/\/arturf.com\/wp-content\/uploads\/2021\/05\/arturf-padel-court-coast_shield.jpg\" class=\"attachment- size-\" alt=\"Padel\" srcset=\"https:\/\/arturf.com\/wp-content\/uploads\/2021\/05\/arturf-padel-court-coast_shield.jpg 1500w, https:\/\/arturf.com\/wp-content\/uploads\/2021\/05\/arturf-padel-court-coast_shield-500x333.jpg 500w, https:\/\/arturf.com\/wp-content\/uploads\/2021\/05\/arturf-padel-court-coast_shield-1024x683.jpg 1024w, https:\/\/arturf.com\/wp-content\/uploads\/2021\/05\/arturf-padel-court-coast_shield-768x512.jpg 768w, https:\/\/arturf.com\/wp-content\/uploads\/2021\/05\/arturf-padel-court-coast_shield-18x12.jpg 18w, https:\/\/arturf.com\/wp-content\/uploads\/2021\/05\/arturf-padel-court-coast_shield-510x340.jpg 510w\" sizes=\"auto, (max-width: 1500px) 100vw, 1500px\" \/>\t\t\t\t\t\t\t\t\t\t\t<\/div>\n\t\t\t\t\t<\/div>\n\n\t\t<div class=\"box-text text-center\" >\n\t\t\t<div class=\"box-text-inner\">\n\t\t\t\t\n<h4>K\u00fcstenschild<\/h4>\n<p>Entwickelt f\u00fcr raue K\u00fcstenbedingungen mit \u00fcberlegener Korrosionsbest\u00e4ndigkeit und Windfestigkeit. Ideal f\u00fcr langlebige <a href=\"https:\/\/arturf.com\/de\/padel-court\/padel-courts-for-seaside-locations\/\">Padelpl\u00e4tze am Meer.<\/a><\/p>\n\t\t\t<\/div>\n\t\t<\/div>\n\t<\/div>\n\t\n\t\t<\/div>\n\t\t\t\t\t<\/div>\n\n\t\n<\/div>\n<div class=\"row\"  id=\"row-835421621\">\n\n\t<div id=\"col-1563461395\" class=\"col small-12 large-12\"  >\n\t\t\t\t<div class=\"col-inner\"  >\n\t\t\t\n\t\t\t\n<div id=\"Custom-Options\">\n<h3>Benutzerdefinierte Optionen<\/h3>\n<p>Unsere Anpassungsoptionen gew\u00e4hrleisten optimale Leistung, passen sich Ihrem Budget an und bieten die M\u00f6glichkeit, einen Padel-Platz zu schaffen, der sich durch besondere Merkmale und Markenzeichen aus der Masse hervorhebt.<\/p>\n<ul style=\"list-style: none; padding-left: 0; margin-bottom: 0;\">\n<li><strong>\u2022 Spezifikationen f\u00fcr Kunstrasen:<\/strong> Passen Sie die Raseneigenschaften genau an Ihre Anforderungen an, um eine ebene, flexible und leistungsstarke Spielfl\u00e4che zu erhalten.<\/li>\n<li><strong>\u2022 Padel-Rasenfarbe:<\/strong> W\u00e4hlen Sie aus einer Vielzahl von Farboptionen, darunter Ton, Blau, Rot, Gr\u00fcn und Pink, um die gew\u00fcnschte \u00c4sthetik zu erzielen.<\/li>\n<li><strong>\u2022 Vierkantrohrgr\u00f6\u00dfe:<\/strong> W\u00e4hlen Sie zwischen den Versionen CoreX und Pro, die unterschiedliche Vierkantrohrgr\u00f6\u00dfen f\u00fcr S\u00e4ulen und Balken bieten und gleichzeitig gleichbleibende Qualit\u00e4t und Leistung bieten.<\/li>\n<li><strong>\u2022 Markenbildung:<\/strong> Personalisieren Sie Ihren Platz mit Markenkomponenten wie Netzpfosten, Netzband, Eingangspolstern und Ecks\u00e4ulen f\u00fcr ein professionelles, einheitliches Erscheinungsbild.<\/li>\n<li><strong>\u2022 Optionen f\u00fcr Lichtmasten:<\/strong> Erh\u00e4ltlich in C-, Z- und gerader Form, um den visuellen Stil und die Installationsanforderungen Ihres Platzes zu erg\u00e4nzen.<\/li>\n<li><strong>\u2022 Beleuchtungsart:<\/strong> W\u00e4hlen Sie aus zwei LED-Beleuchtungssystemen, die f\u00fcr Sichtbarkeit, Energieeffizienz und verbessertes Ambiente auf dem Platz optimiert sind.<\/li>\n<\/ul>\n<p>Erleben Sie das Nonplusultra im Padel-Court-Bau mit unseren flexiblen, leistungsstarken Baus\u00e4tzen \u2013 entwickelt, um Ihre Vision zum Leben zu erwecken und jeden Aspekt Ihrer Spielumgebung aufzuwerten.<\/p>\n<div>\u00a0<\/div>\n<\/div>\n\t\t<\/div>\n\t\t\t\t\t<\/div>\n\n\t\n<\/div>","protected":false},"excerpt":{"rendered":"<p>Komplette, individuell anpassbare Padel-Court-Pakete mit hochwertigem Rasen, Stahlkonstruktionen, geh\u00e4rtetem Glas, Beleuchtung und Zubeh\u00f6r \u2013 gebaut, um die FIP- und europ\u00e4ischen Standards f\u00fcr Haltbarkeit und Leistung zu erf\u00fcllen.<\/p>","protected":false},"featured_media":18224,"template":"","meta":{"_seopress_robots_primary_cat":"932","_seopress_titles_title":"Complete Padel Court Kit: Grass, Framework, Glass Walls & More","_seopress_titles_desc":"Premium padel court packages with high-quality turf, galvanized steel frames, tempered glass, LED lighting, and accessories. Fully customizable, FIP and European standard compliant.","_seopress_robots_index":""},"product_brand":[],"product_cat":[932],"product_tag":[],"class_list":{"0":"post-18223","1":"product","2":"type-product","3":"status-publish","4":"has-post-thumbnail","6":"product_cat-padel","8":"first","9":"instock","10":"shipping-taxable","11":"product-type-simple"},"_links":{"self":[{"href":"https:\/\/arturf.com\/de\/wp-json\/wp\/v2\/product\/18223","targetHints":{"allow":["GET"]}}],"collection":[{"href":"https:\/\/arturf.com\/de\/wp-json\/wp\/v2\/product"}],"about":[{"href":"https:\/\/arturf.com\/de\/wp-json\/wp\/v2\/types\/product"}],"wp:featuredmedia":[{"embeddable":true,"href":"https:\/\/arturf.com\/de\/wp-json\/wp\/v2\/media\/18224"}],"wp:attachment":[{"href":"https:\/\/arturf.com\/de\/wp-json\/wp\/v2\/media?parent=18223"}],"wp:term":[{"taxonomy":"product_brand","embeddable":true,"href":"https:\/\/arturf.com\/de\/wp-json\/wp\/v2\/product_brand?post=18223"},{"taxonomy":"product_cat","embeddable":true,"href":"https:\/\/arturf.com\/de\/wp-json\/wp\/v2\/product_cat?post=18223"},{"taxonomy":"product_tag","embeddable":true,"href":"https:\/\/arturf.com\/de\/wp-json\/wp\/v2\/product_tag?post=18223"}],"curies":[{"name":"wp","href":"https:\/\/api.w.org\/{rel}","templated":true}]}}