{"id":18786,"date":"2023-07-06T21:34:25","date_gmt":"2023-07-06T13:34:25","guid":{"rendered":"https:\/\/arturf.com\/?post_type=product&#038;p=18786"},"modified":"2023-07-15T09:57:47","modified_gmt":"2023-07-15T01:57:47","slug":"pet-artificial-grass-pawscape","status":"publish","type":"product","link":"https:\/\/arturf.com\/de\/product\/pet-artificial-grass-pawscape\/","title":{"rendered":"Pawscape: Kunstrasen f\u00fcr Haustiere"},"content":{"rendered":"<p>Entdecken Sie die Vorteile des Pawscape-Kunstrasens f\u00fcr Haustiere, auf dem Ihre geliebten Haustiere wie auf echtem Rasen spielen, rennen, springen und sich strecken k\u00f6nnen, ohne Unordnung und schlammige Pfoten. Unser Kunstrasen bietet unglaubliche Weichheit und eine angenehme Haptik und sorgt so f\u00fcr die Sicherheit und das Vergn\u00fcgen Ihrer Haustiere.<\/p>\n<p>Pawscape wurde speziell f\u00fcr Haustiere entwickelt und verf\u00fcgt \u00fcber Funktionen, die Sauberkeit und Hygiene f\u00f6rdern. Die Grasoberfl\u00e4che ist resistent gegen das Wachstum von Bakterien und Schimmel und verhindert so wirksam die Entstehung von Ger\u00fcchen. Dies gew\u00e4hrleistet eine saubere und gesunde Umgebung f\u00fcr Ihre Haustiere und verringert das Risiko von Allergien oder Infektionen.<\/p>\n<p>Wenn Sie sich f\u00fcr Pawscape entscheiden, bieten Sie Ihrem Haustier das bestm\u00f6gliche Erlebnis und f\u00f6rdern gleichzeitig eine besondere Bindung zwischen Ihnen und Ihrem pelzigen Begleiter. Genie\u00dfen Sie wertvolle gemeinsame Momente auf dem hochwertigen Kunstrasen von Pawscape.<\/p>\n<p><img loading=\"lazy\" decoding=\"async\" class=\"alignnone wp-image-19067\" src=\"https:\/\/arturf.com\/wp-content\/uploads\/2023\/07\/Pet-Artificial-Turf-PetGo-2-1024x684.jpg\" alt=\"R\u00fcckseite aus Kunstrasen f\u00fcr Haustiere (Pawscape).\" width=\"600\" height=\"401\" srcset=\"https:\/\/arturf.com\/wp-content\/uploads\/2023\/07\/Pet-Artificial-Turf-PetGo-2-1024x684.jpg 1024w, https:\/\/arturf.com\/wp-content\/uploads\/2023\/07\/Pet-Artificial-Turf-PetGo-2-500x334.jpg 500w, https:\/\/arturf.com\/wp-content\/uploads\/2023\/07\/Pet-Artificial-Turf-PetGo-2-768x513.jpg 768w, https:\/\/arturf.com\/wp-content\/uploads\/2023\/07\/Pet-Artificial-Turf-PetGo-2-18x12.jpg 18w, https:\/\/arturf.com\/wp-content\/uploads\/2023\/07\/Pet-Artificial-Turf-PetGo-2-510x340.jpg 510w, https:\/\/arturf.com\/wp-content\/uploads\/2023\/07\/Pet-Artificial-Turf-PetGo-2.jpg 1080w\" sizes=\"auto, (max-width: 600px) 100vw, 600px\" \/><\/p>\n<h3>Merkmale der R\u00fcckseite aus Kunstrasen f\u00fcr Haustiere (Pawscape):<\/h3>\n<ol>\n<li>\n<h4>100% Recycelbar und umweltfreundlich:<\/h4>\n<p>Pawscape wurde unter Ber\u00fccksichtigung der Nachhaltigkeit hergestellt. Es enth\u00e4lt kein Latex, PU oder Beschichtungen und ist daher sowohl f\u00fcr Benutzer als auch f\u00fcr die Umwelt sicher und gesund.<\/p>\n<\/li>\n<li>\n<h4>Ultraleicht und weich:<\/h4>\n<p>Der Kunstrasen von Pawscape ist unglaublich leicht, sodass die Installation ein Kinderspiel ist. Es ist die ideale L\u00f6sung f\u00fcr DIY-Projekte und bietet geringere Transport- und Lieferkosten. Tats\u00e4chlich ist es 30% leichter als normales Gras.<\/p>\n<\/li>\n<li>\n<h4>\u00dcberlegene Entw\u00e4sserung:<\/h4>\n<p>Mit Pawscape k\u00f6nnen Sie sich von Staun\u00e4sse und schlammigen Gebieten verabschieden. Die durchl\u00e4ssige Unterlage 100% gew\u00e4hrleistet eine hervorragende Entw\u00e4sserung, sodass das Gras nach Regenf\u00e4llen schnell trocknen kann. Erleben Sie eine bis zu f\u00fcnfmal schnellere Entw\u00e4sserung im Vergleich zu normalem Gras.<\/p>\n<\/li>\n<li>\n<h4>Hervorragende Unkrautbarriere:<\/h4>\n<p>Das Design des Pawscape umfasst eine unkrautresistente Funktion. Das Fehlen von Entw\u00e4sserungsl\u00f6chern verhindert die Entstehung von Unkraut und sorgt so f\u00fcr eine saubere und wartungsarme L\u00f6sung f\u00fcr den Spielbereich Ihres Haustieres. Genie\u00dfen Sie eine Schattierungsrate von 99%, die unerw\u00fcnschtes Unkrautwachstum verhindert.<\/p>\n<\/li>\n<\/ol>\n<p>Investieren Sie noch heute in Pawscape-Kunstrasen f\u00fcr Haustiere und schaffen Sie einen sicheren, sauberen und hygienischen Raum, in dem sich Ihre Haustiere wohlf\u00fchlen k\u00f6nnen. Verbessern Sie die Qualit\u00e4t ihrer Spielzeit und sorgen Sie f\u00fcr eine gesunde Umgebung. Erleben Sie die Freude, sich mit Ihren pelzigen Freunden auf dem hochwertigen Kunstrasen von Pawscape zu verbinden.<\/p>\n<p><strong>Weiterf\u00fchrende Literatur:<\/strong><\/p>\n<ul>\n<li class=\"bullet-arrow\"><a href=\"https:\/\/arturf.com\/de\/maintenance\/pet-urine-on-artificial-grass-and-how-to-remove-the-smell\/\"><span style=\"font-size: 14.4px;\">Haustierurin auf Kunstrasen und wie man den Geruch entfernt<\/span><\/a><\/li>\n<\/ul>\n\n\t<section class=\"section\" id=\"section_314815178\">\n\t\t<div class=\"section-bg fill\" >\n\t\t\t\t\t\t\t\t\t\n\t\t\t\n\n\t\t<\/div>\n\n\t\t\n\n\t\t<div class=\"section-content relative\">\n\t\t\t\n\n<div class=\"row\"  id=\"row-12059451\">\n\n\n\t<div id=\"col-1861008990\" class=\"col small-12 large-12\"  >\n\t\t\t\t<div class=\"col-inner text-center\"  >\n\t\t\t\n\t\t\t\n\n<h2>FAQs<\/h2>\n\n\t\t<\/div>\n\t\t\t\t\t<\/div>\n\n\t\n\n<\/div>\n<div class=\"row align-center row-box-shadow-1\"  id=\"row-744741625\">\n\n\n\t<div id=\"col-903865821\" class=\"col medium-10 small-12 large-9\"  >\n\t\t\t\t<div class=\"col-inner\" style=\"background-color:rgb(255,255,255);\" >\n\t\t\t\n\t\t\t\n\n<div class=\"accordion\">\n\n\t<div id=\"accordion-472938662\" class=\"accordion-item\">\n\t\t<a id=\"accordion-472938662-label\" class=\"accordion-title plain\" href=\"#accordion-item-can-you-customize-specifications-for-your-artificial-turf-products?\" aria-expanded=\"false\" aria-controls=\"accordion-472938662-content\">\n\t\t\t<button class=\"toggle\" aria-label=\"Umschalten\"><i class=\"icon-angle-down\" aria-hidden=\"true\"><\/i><\/button>\n\t\t\t<span>K\u00f6nnen Sie die Spezifikationen f\u00fcr Ihre Kunstrasenprodukte anpassen?<\/span>\n\t\t<\/a>\n\t\t<div id=\"accordion-472938662-content\" class=\"accordion-inner\" aria-labelledby=\"accordion-472938662-label\">\n\t\t\t\n\n<p>Ja, wir bieten individuelle Optionen f\u00fcr Farbe, Garnform, Florh\u00f6he, Dichte und Tr\u00e4germaterial. Wir k\u00f6nnen auch nach einem bereitgestellten Muster produzieren.<\/p>\n\n\t\t<\/div>\n\t<\/div>\n\t\n\t<div id=\"accordion-651430127\" class=\"accordion-item\">\n\t\t<a id=\"accordion-651430127-label\" class=\"accordion-title plain\" href=\"#accordion-item-do-you-have-stock?\" aria-expanded=\"false\" aria-controls=\"accordion-651430127-content\">\n\t\t\t<button class=\"toggle\" aria-label=\"Umschalten\"><i class=\"icon-angle-down\" aria-hidden=\"true\"><\/i><\/button>\n\t\t\t<span>Haben Sie Lagerbest\u00e4nde?<\/span>\n\t\t<\/a>\n\t\t<div id=\"accordion-651430127-content\" class=\"accordion-inner\" aria-labelledby=\"accordion-651430127-label\">\n\t\t\t\n\n<p>Nein, wir f\u00fchren keine Lagerbest\u00e4nde. Wir beginnen mit der Produktion auf der Grundlage konkreter Bestellungen.<\/p>\n\n\t\t<\/div>\n\t<\/div>\n\t\n\t<div id=\"accordion-1467266685\" class=\"accordion-item\">\n\t\t<a id=\"accordion-1467266685-label\" class=\"accordion-title plain\" href=\"#accordion-item-what-is-your-moq?\" aria-expanded=\"false\" aria-controls=\"accordion-1467266685-content\">\n\t\t\t<button class=\"toggle\" aria-label=\"Umschalten\"><i class=\"icon-angle-down\" aria-hidden=\"true\"><\/i><\/button>\n\t\t\t<span>Was ist Ihr MOQ?<\/span>\n\t\t<\/a>\n\t\t<div id=\"accordion-1467266685-content\" class=\"accordion-inner\" aria-labelledby=\"accordion-1467266685-label\">\n\t\t\t\n\n<p>F\u00fcr die meisten Kunstrasen betr\u00e4gt unsere Mindestbestellmenge (MOQ) 500 Quadratmeter. F\u00fcr einige Produkte mit geringem Fl\u00e4chengewicht betr\u00e4gt die Mindestbestellmenge 800 Quadratmeter.<\/p>\n\n\t\t<\/div>\n\t<\/div>\n\t\n\t<div id=\"accordion-1526904494\" class=\"accordion-item\">\n\t\t<a id=\"accordion-1526904494-label\" class=\"accordion-title plain\" href=\"#accordion-item-what-are-the-width-and-length-options-for-artificial-grass?\" aria-expanded=\"false\" aria-controls=\"accordion-1526904494-content\">\n\t\t\t<button class=\"toggle\" aria-label=\"Umschalten\"><i class=\"icon-angle-down\" aria-hidden=\"true\"><\/i><\/button>\n\t\t\t<span>Welche Breiten- und L\u00e4ngenoptionen gibt es f\u00fcr Kunstrasen?<\/span>\n\t\t<\/a>\n\t\t<div id=\"accordion-1526904494-content\" class=\"accordion-inner\" aria-labelledby=\"accordion-1526904494-label\">\n\t\t\t\n\n<p>Unsere g\u00e4ngigen Breitenoptionen sind 2 m, 3,75 m, 3,95 m, 4 m und 5 m. Die L\u00e4nge kann entsprechend Ihren spezifischen Projektanforderungen angepasst werden. Standardm\u00e4\u00dfig mischen wir 4 m breiten und 2 m breiten Rasen miteinander, um den Containerraum zu optimieren.<\/p>\n\n\t\t<\/div>\n\t<\/div>\n\t\n\t<div id=\"accordion-2027728418\" class=\"accordion-item\">\n\t\t<a id=\"accordion-2027728418-label\" class=\"accordion-title plain\" href=\"#accordion-item-what-information-do-you-need-to-provide-the-landed-cost-for-international-customers?\" aria-expanded=\"false\" aria-controls=\"accordion-2027728418-content\">\n\t\t\t<button class=\"toggle\" aria-label=\"Umschalten\"><i class=\"icon-angle-down\" aria-hidden=\"true\"><\/i><\/button>\n\t\t\t<span>Welche Informationen ben\u00f6tigen Sie, um die Gesamtkosten f\u00fcr internationale Kunden bereitzustellen?<\/span>\n\t\t<\/a>\n\t\t<div id=\"accordion-2027728418-content\" class=\"accordion-inner\" aria-labelledby=\"accordion-2027728418-label\">\n\t\t\t\n\n<p>Um die Landekosten angeben zu k\u00f6nnen, ben\u00f6tigen wir Informationen zu den Produktdetails, der Menge und dem Zielseehafen.<\/p>\n\n\t\t<\/div>\n\t<\/div>\n\t\n\n<\/div>\n\n\t\t<\/div>\n\t\t\t\t\t<\/div>\n\n\t\n\n\n<style>\n#row-744741625 > .col > .col-inner {\n  padding: 0px 0px 0px 0px;\n}\n@media (min-width:550px) {\n  #row-744741625 > .col > .col-inner {\n    padding: 30px 30px 30px 30px;\n  }\n}\n<\/style>\n<\/div>\n\n\t\t<\/div>\n\n\t\t\n<style>\n#section_314815178 {\n  padding-top: 60px;\n  padding-bottom: 60px;\n}\n<\/style>\n\t<\/section>\n\t\n<div class=\"row align-center\"  id=\"row-236606875\">\n\n\n\t<div id=\"col-1793169089\" class=\"col medium-4 large-4\"  >\n\t\t\t\t<div class=\"col-inner\"  >\n\t\t\t\n\t<div class=\"is-border\"\n\t\tstyle=\"border-width:0px 0px 0px 0px;\">\n\t<\/div>\n\t\t\t\n\n\n\t\t<div class=\"icon-box featured-box icon-box-center text-center\"  style=\"margin:0px 0px 0px 0px;\">\n\t\t\t\t\t<div class=\"icon-box-img has-icon-bg\" style=\"width: 100px\">\n\t\t\t\t<div class=\"icon\">\n\t\t\t\t\t<div class=\"icon-inner\" style=\"border-width:2px;color:rgba(47, 159, 18, 0.88);\">\n\t\t\t\t\t\t<img loading=\"lazy\" decoding=\"async\" width=\"100\" height=\"100\" src=\"https:\/\/arturf.com\/wp-content\/uploads\/2018\/06\/Icon-Good-quality.png\" class=\"attachment-medium size-medium\" alt=\"Haustier, Haustier-Kunstrasen, Pawscape\" srcset=\"https:\/\/arturf.com\/wp-content\/uploads\/2018\/06\/Icon-Good-quality.png 100w, https:\/\/arturf.com\/wp-content\/uploads\/2018\/06\/Icon-Good-quality-12x12.png 12w\" sizes=\"auto, (max-width: 100px) 100vw, 100px\" \/>\t\t\t\t\t<\/div>\n\t\t\t\t<\/div>\n\t\t\t<\/div>\n\t\t\t\t<div class=\"icon-box-text last-reset\">\n\t\t\t<h5 class=\"uppercase\">Bew\u00e4hrte Qualit\u00e4t<\/h5>\t\t\t\t\t\t\n\n<p>Hochwertiger Kunstrasen mit UV- und Verschlei\u00dffestigkeit. Solide Garantien sorgen f\u00fcr dauerhafte Zufriedenheit.<\/p>\n\n\t\t<\/div>\n\t<\/div>\n\t\n\t\n\n\t\t<\/div>\n\t\t\t\t\t<\/div>\n\n\t\n\n\t<div id=\"col-2013205758\" class=\"col medium-4 large-4\"  >\n\t\t\t\t<div class=\"col-inner\"  >\n\t\t\t\n\t<div class=\"is-border\"\n\t\tstyle=\"border-width:0px 0px 0px 0px;\">\n\t<\/div>\n\t\t\t\n\n\n\t\t<div class=\"icon-box featured-box icon-box-center text-center\"  style=\"margin:0px 0px 0px 0px;\">\n\t\t\t\t\t<div class=\"icon-box-img has-icon-bg\" style=\"width: 100px\">\n\t\t\t\t<div class=\"icon\">\n\t\t\t\t\t<div class=\"icon-inner\" style=\"border-width:2px;color:rgba(47, 159, 18, 0.88);\">\n\t\t\t\t\t\t<img loading=\"lazy\" decoding=\"async\" width=\"100\" height=\"100\" src=\"https:\/\/arturf.com\/wp-content\/uploads\/2018\/06\/Icon-Good-price.png\" class=\"attachment-medium size-medium\" alt=\"Haustier, Haustier-Kunstrasen, Pawscape\" srcset=\"https:\/\/arturf.com\/wp-content\/uploads\/2018\/06\/Icon-Good-price.png 100w, https:\/\/arturf.com\/wp-content\/uploads\/2018\/06\/Icon-Good-price-12x12.png 12w\" sizes=\"auto, (max-width: 100px) 100vw, 100px\" \/>\t\t\t\t\t<\/div>\n\t\t\t\t<\/div>\n\t\t\t<\/div>\n\t\t\t\t<div class=\"icon-box-text last-reset\">\n\t\t\t<h5 class=\"uppercase\">Wettbewerbsf\u00e4hige Preise<\/h5>\t\t\t\t\t\t\n\n<p>Wir bieten wettbewerbsf\u00e4hige Preise und f\u00f6rdern das gemeinsame Wachstum und den langfristigen Erfolg unserer gesch\u00e4tzten H\u00e4ndler.<\/p>\n\n\t\t<\/div>\n\t<\/div>\n\t\n\t\n\n\t\t<\/div>\n\t\t\t\t\t<\/div>\n\n\t\n\n\t<div id=\"col-1373886509\" class=\"col medium-4 large-4\"  >\n\t\t\t\t<div class=\"col-inner\"  >\n\t\t\t\n\t<div class=\"is-border\"\n\t\tstyle=\"border-width:0px 0px 0px 0px;\">\n\t<\/div>\n\t\t\t\n\n\n\t\t<div class=\"icon-box featured-box icon-box-center text-center\"  style=\"margin:0px 0px 0px 0px;\">\n\t\t\t\t\t<div class=\"icon-box-img has-icon-bg\" style=\"width: 100px\">\n\t\t\t\t<div class=\"icon\">\n\t\t\t\t\t<div class=\"icon-inner\" style=\"border-width:2px;color:rgba(47, 159, 18, 0.88);\">\n\t\t\t\t\t\t<img loading=\"lazy\" decoding=\"async\" width=\"100\" height=\"100\" src=\"https:\/\/arturf.com\/wp-content\/uploads\/2018\/06\/Icon-tailor-made.png\" class=\"attachment-medium size-medium\" alt=\"Haustier, Haustier-Kunstrasen, Pawscape\" srcset=\"https:\/\/arturf.com\/wp-content\/uploads\/2018\/06\/Icon-tailor-made.png 100w, https:\/\/arturf.com\/wp-content\/uploads\/2018\/06\/Icon-tailor-made-12x12.png 12w\" sizes=\"auto, (max-width: 100px) 100vw, 100px\" \/>\t\t\t\t\t<\/div>\n\t\t\t\t<\/div>\n\t\t\t<\/div>\n\t\t\t\t<div class=\"icon-box-text last-reset\">\n\t\t\t<h5 class=\"uppercase\">Ma\u00dfgeschneiderte L\u00f6sungen<\/h5>\t\t\t\t\t\t\n\n<p>Sch\u00f6pfen Sie Marktpotenzial mit vielf\u00e4ltigen Kunstrasenoptionen. <a href=\"https:\/\/arturf.com\/de\/buyers-guide\/customized-artificial-grass-products\/\">Auf individuelle Bed\u00fcrfnisse oder Muster zugeschnitten<\/a>.<\/p>\n\n\t\t<\/div>\n\t<\/div>\n\t\n\t\n\n\t\t<\/div>\n\t\t\t\t\t<\/div>\n\n\t\n\n<\/div>","protected":false},"excerpt":{"rendered":"<p>Erleben Sie Pawscape Kunstrasen f\u00fcr Haustiere f\u00fcr eine sichere, saubere und hygienische Umgebung f\u00fcr Ihre Haustiere. Es bietet einen unterhaltsamen Raum zum Spielen und hemmt gleichzeitig Bakterien und Ger\u00fcche, um ein gesundes Erlebnis zu gew\u00e4hrleisten. Genie\u00dfen Sie hochwertige Momente mit Ihren pelzigen Freunden auf Pawscape.<\/p>","protected":false},"featured_media":19066,"template":"","meta":{"_seopress_robots_primary_cat":"","_seopress_titles_title":"Pawscape Pet Artificial Grass- Inhibit Bacteria &amp; Odors","_seopress_titles_desc":"","_seopress_robots_index":""},"product_brand":[],"product_cat":[64],"product_tag":[],"class_list":{"0":"post-18786","1":"product","2":"type-product","3":"status-publish","4":"has-post-thumbnail","6":"product_cat-landscape","8":"first","9":"instock","10":"shipping-taxable","11":"product-type-simple"},"_links":{"self":[{"href":"https:\/\/arturf.com\/de\/wp-json\/wp\/v2\/product\/18786","targetHints":{"allow":["GET"]}}],"collection":[{"href":"https:\/\/arturf.com\/de\/wp-json\/wp\/v2\/product"}],"about":[{"href":"https:\/\/arturf.com\/de\/wp-json\/wp\/v2\/types\/product"}],"wp:featuredmedia":[{"embeddable":true,"href":"https:\/\/arturf.com\/de\/wp-json\/wp\/v2\/media\/19066"}],"wp:attachment":[{"href":"https:\/\/arturf.com\/de\/wp-json\/wp\/v2\/media?parent=18786"}],"wp:term":[{"taxonomy":"product_brand","embeddable":true,"href":"https:\/\/arturf.com\/de\/wp-json\/wp\/v2\/product_brand?post=18786"},{"taxonomy":"product_cat","embeddable":true,"href":"https:\/\/arturf.com\/de\/wp-json\/wp\/v2\/product_cat?post=18786"},{"taxonomy":"product_tag","embeddable":true,"href":"https:\/\/arturf.com\/de\/wp-json\/wp\/v2\/product_tag?post=18786"}],"curies":[{"name":"wp","href":"https:\/\/api.w.org\/{rel}","templated":true}]}}