{"id":19373,"date":"2023-09-06T21:57:13","date_gmt":"2023-09-06T13:57:13","guid":{"rendered":"https:\/\/arturf.com\/?post_type=product&#038;p=19373"},"modified":"2023-09-08T10:27:27","modified_gmt":"2023-09-08T02:27:27","slug":"rubber-tiles","status":"publish","type":"product","link":"https:\/\/arturf.com\/de\/product\/rubber-tiles\/","title":{"rendered":"Gummifliesen"},"content":{"rendered":"<p>Unsere Gummibodenfliesen sind so konstruiert, dass sie den h\u00e4rtesten Bedingungen standhalten, was sie zur ersten Wahl f\u00fcr hochwertige Bodenbel\u00e4ge macht.<\/p>\n<p>Wir bieten eine umfassende Auswahl an Gummifliesenprodukten, die sowohl f\u00fcr Spielbereiche im Freien als auch f\u00fcr den Bodenbelag von Fitnessstudios im Innenbereich geeignet sind. Sie bieten entscheidenden Schutz und D\u00e4mpfung, insbesondere f\u00fcr Spieler, die beim Spielen oder bei k\u00f6rperlichen Aktivit\u00e4ten einem Sturzrisiko ausgesetzt sind.<\/p>\n<h3>Gummifliesen f\u00fcr Au\u00dfenspielpl\u00e4tze:<\/h3>\n<p>Diese Gummifliesen wurden speziell f\u00fcr den Einsatz auf Spielpl\u00e4tzen entwickelt und dienen als zuverl\u00e4ssige Oberfl\u00e4che f\u00fcr Kleinkinder und Spielger\u00e4te gleicherma\u00dfen.<\/p>\n<ul>\n<li class=\"bullet-arrow\"><strong>Gr\u00f6\u00dfe:<\/strong> 50cm x 50cm<\/li>\n<li class=\"bullet-arrow\"><strong>Dickenoptionen:<\/strong> 20mm, 25mm, 30mm, 35mm, 40mm, 45mm, 50mm<\/li>\n<li class=\"bullet-arrow\"><strong>Standardfarbe: <\/strong>Schwarz, Rot, Gr\u00fcn<\/li>\n<li class=\"bullet-arrow\"><strong>Anpassbare Farbe:<\/strong> Gelb, Blau, Grau<\/li>\n<\/ul>\n<h4>Galerie<\/h4>\n\n  \n    <div class=\"row large-columns-5 medium-columns-3 small-columns-2\" >\n  <div class=\"gallery-col col\" >\n          <div class=\"col-inner\">\n            <a class=\"image-lightbox lightbox-gallery\" href=\"https:\/\/arturf.com\/wp-content\/uploads\/2023\/09\/Outdoor-Rubber-Tiles-Teamsports-1-1.jpg\" title=\"\">            <div class=\"box has-hover gallery-box box-overlay dark\">\n              <div class=\"box-image\" >\n                <img loading=\"lazy\" decoding=\"async\" width=\"500\" height=\"375\" src=\"https:\/\/arturf.com\/wp-content\/uploads\/2023\/09\/Outdoor-Rubber-Tiles-Teamsports-1-1-500x375.jpg\" class=\"attachment-medium size-medium\" alt=\"Gummifliesen\" ids=\"19381,19382,19383,19384,19385\" columns=\"5\" srcset=\"https:\/\/arturf.com\/wp-content\/uploads\/2023\/09\/Outdoor-Rubber-Tiles-Teamsports-1-1-500x375.jpg 500w, https:\/\/arturf.com\/wp-content\/uploads\/2023\/09\/Outdoor-Rubber-Tiles-Teamsports-1-1-200x150.jpg 200w, https:\/\/arturf.com\/wp-content\/uploads\/2023\/09\/Outdoor-Rubber-Tiles-Teamsports-1-1-768x576.jpg 768w, https:\/\/arturf.com\/wp-content\/uploads\/2023\/09\/Outdoor-Rubber-Tiles-Teamsports-1-1-16x12.jpg 16w, https:\/\/arturf.com\/wp-content\/uploads\/2023\/09\/Outdoor-Rubber-Tiles-Teamsports-1-1-350x263.jpg 350w, https:\/\/arturf.com\/wp-content\/uploads\/2023\/09\/Outdoor-Rubber-Tiles-Teamsports-1-1-510x383.jpg 510w, https:\/\/arturf.com\/wp-content\/uploads\/2023\/09\/Outdoor-Rubber-Tiles-Teamsports-1-1.jpg 1000w\" sizes=\"auto, (max-width: 500px) 100vw, 500px\" \/>                                  <div class=\"overlay fill\"\n                      style=\"background-color: rgba(0,0,0,.15)\">\n                  <\/div>\n                                                              <\/div>\n              <div class=\"box-text text-left\" >\n                 <p><\/p>\n              <\/div>\n            <\/div>\n            <\/a>          <\/div>\n         <\/div><div class=\"gallery-col col\" >\n          <div class=\"col-inner\">\n            <a class=\"image-lightbox lightbox-gallery\" href=\"https:\/\/arturf.com\/wp-content\/uploads\/2023\/09\/Outdoor-Rubber-Tiles-Teamsports-2.jpg\" title=\"\">            <div class=\"box has-hover gallery-box box-overlay dark\">\n              <div class=\"box-image\" >\n                <img loading=\"lazy\" decoding=\"async\" width=\"500\" height=\"375\" src=\"https:\/\/arturf.com\/wp-content\/uploads\/2023\/09\/Outdoor-Rubber-Tiles-Teamsports-2-500x375.jpg\" class=\"attachment-medium size-medium\" alt=\"Gummifliesen\" ids=\"19381,19382,19383,19384,19385\" columns=\"5\" srcset=\"https:\/\/arturf.com\/wp-content\/uploads\/2023\/09\/Outdoor-Rubber-Tiles-Teamsports-2-500x375.jpg 500w, https:\/\/arturf.com\/wp-content\/uploads\/2023\/09\/Outdoor-Rubber-Tiles-Teamsports-2-200x150.jpg 200w, https:\/\/arturf.com\/wp-content\/uploads\/2023\/09\/Outdoor-Rubber-Tiles-Teamsports-2-768x576.jpg 768w, https:\/\/arturf.com\/wp-content\/uploads\/2023\/09\/Outdoor-Rubber-Tiles-Teamsports-2-16x12.jpg 16w, https:\/\/arturf.com\/wp-content\/uploads\/2023\/09\/Outdoor-Rubber-Tiles-Teamsports-2-350x263.jpg 350w, https:\/\/arturf.com\/wp-content\/uploads\/2023\/09\/Outdoor-Rubber-Tiles-Teamsports-2-510x383.jpg 510w, https:\/\/arturf.com\/wp-content\/uploads\/2023\/09\/Outdoor-Rubber-Tiles-Teamsports-2.jpg 1000w\" sizes=\"auto, (max-width: 500px) 100vw, 500px\" \/>                                  <div class=\"overlay fill\"\n                      style=\"background-color: rgba(0,0,0,.15)\">\n                  <\/div>\n                                                              <\/div>\n              <div class=\"box-text text-left\" >\n                 <p><\/p>\n              <\/div>\n            <\/div>\n            <\/a>          <\/div>\n         <\/div><div class=\"gallery-col col\" >\n          <div class=\"col-inner\">\n            <a class=\"image-lightbox lightbox-gallery\" href=\"https:\/\/arturf.com\/wp-content\/uploads\/2023\/09\/Outdoor-Rubber-Tiles-Teamsports-3.jpg\" title=\"\">            <div class=\"box has-hover gallery-box box-overlay dark\">\n              <div class=\"box-image\" >\n                <img loading=\"lazy\" decoding=\"async\" width=\"500\" height=\"375\" src=\"https:\/\/arturf.com\/wp-content\/uploads\/2023\/09\/Outdoor-Rubber-Tiles-Teamsports-3-500x375.jpg\" class=\"attachment-medium size-medium\" alt=\"Gummifliesen\" ids=\"19381,19382,19383,19384,19385\" columns=\"5\" srcset=\"https:\/\/arturf.com\/wp-content\/uploads\/2023\/09\/Outdoor-Rubber-Tiles-Teamsports-3-500x375.jpg 500w, https:\/\/arturf.com\/wp-content\/uploads\/2023\/09\/Outdoor-Rubber-Tiles-Teamsports-3-200x150.jpg 200w, https:\/\/arturf.com\/wp-content\/uploads\/2023\/09\/Outdoor-Rubber-Tiles-Teamsports-3-768x575.jpg 768w, https:\/\/arturf.com\/wp-content\/uploads\/2023\/09\/Outdoor-Rubber-Tiles-Teamsports-3-16x12.jpg 16w, https:\/\/arturf.com\/wp-content\/uploads\/2023\/09\/Outdoor-Rubber-Tiles-Teamsports-3-350x263.jpg 350w, https:\/\/arturf.com\/wp-content\/uploads\/2023\/09\/Outdoor-Rubber-Tiles-Teamsports-3-510x382.jpg 510w, https:\/\/arturf.com\/wp-content\/uploads\/2023\/09\/Outdoor-Rubber-Tiles-Teamsports-3.jpg 1000w\" sizes=\"auto, (max-width: 500px) 100vw, 500px\" \/>                                  <div class=\"overlay fill\"\n                      style=\"background-color: rgba(0,0,0,.15)\">\n                  <\/div>\n                                                              <\/div>\n              <div class=\"box-text text-left\" >\n                 <p><\/p>\n              <\/div>\n            <\/div>\n            <\/a>          <\/div>\n         <\/div><div class=\"gallery-col col\" >\n          <div class=\"col-inner\">\n            <a class=\"image-lightbox lightbox-gallery\" href=\"https:\/\/arturf.com\/wp-content\/uploads\/2023\/09\/Outdoor-Rubber-Tiles-Teamsports-4.jpg\" title=\"\">            <div class=\"box has-hover gallery-box box-overlay dark\">\n              <div class=\"box-image\" >\n                <img loading=\"lazy\" decoding=\"async\" width=\"500\" height=\"375\" src=\"https:\/\/arturf.com\/wp-content\/uploads\/2023\/09\/Outdoor-Rubber-Tiles-Teamsports-4-500x375.jpg\" class=\"attachment-medium size-medium\" alt=\"Gummifliesen\" ids=\"19381,19382,19383,19384,19385\" columns=\"5\" srcset=\"https:\/\/arturf.com\/wp-content\/uploads\/2023\/09\/Outdoor-Rubber-Tiles-Teamsports-4-500x375.jpg 500w, https:\/\/arturf.com\/wp-content\/uploads\/2023\/09\/Outdoor-Rubber-Tiles-Teamsports-4-200x150.jpg 200w, https:\/\/arturf.com\/wp-content\/uploads\/2023\/09\/Outdoor-Rubber-Tiles-Teamsports-4-768x576.jpg 768w, https:\/\/arturf.com\/wp-content\/uploads\/2023\/09\/Outdoor-Rubber-Tiles-Teamsports-4-16x12.jpg 16w, https:\/\/arturf.com\/wp-content\/uploads\/2023\/09\/Outdoor-Rubber-Tiles-Teamsports-4-350x263.jpg 350w, https:\/\/arturf.com\/wp-content\/uploads\/2023\/09\/Outdoor-Rubber-Tiles-Teamsports-4-510x383.jpg 510w, https:\/\/arturf.com\/wp-content\/uploads\/2023\/09\/Outdoor-Rubber-Tiles-Teamsports-4.jpg 1000w\" sizes=\"auto, (max-width: 500px) 100vw, 500px\" \/>                                  <div class=\"overlay fill\"\n                      style=\"background-color: rgba(0,0,0,.15)\">\n                  <\/div>\n                                                              <\/div>\n              <div class=\"box-text text-left\" >\n                 <p><\/p>\n              <\/div>\n            <\/div>\n            <\/a>          <\/div>\n         <\/div><div class=\"gallery-col col\" >\n          <div class=\"col-inner\">\n            <a class=\"image-lightbox lightbox-gallery\" href=\"https:\/\/arturf.com\/wp-content\/uploads\/2023\/09\/Outdoor-Rubber-Tiles-Teamsports-5.jpg\" title=\"\">            <div class=\"box has-hover gallery-box box-overlay dark\">\n              <div class=\"box-image\" >\n                <img loading=\"lazy\" decoding=\"async\" width=\"500\" height=\"375\" src=\"https:\/\/arturf.com\/wp-content\/uploads\/2023\/09\/Outdoor-Rubber-Tiles-Teamsports-5-500x375.jpg\" class=\"attachment-medium size-medium\" alt=\"Gummifliesen\" ids=\"19381,19382,19383,19384,19385\" columns=\"5\" srcset=\"https:\/\/arturf.com\/wp-content\/uploads\/2023\/09\/Outdoor-Rubber-Tiles-Teamsports-5-500x375.jpg 500w, https:\/\/arturf.com\/wp-content\/uploads\/2023\/09\/Outdoor-Rubber-Tiles-Teamsports-5-200x150.jpg 200w, https:\/\/arturf.com\/wp-content\/uploads\/2023\/09\/Outdoor-Rubber-Tiles-Teamsports-5-768x576.jpg 768w, https:\/\/arturf.com\/wp-content\/uploads\/2023\/09\/Outdoor-Rubber-Tiles-Teamsports-5-16x12.jpg 16w, https:\/\/arturf.com\/wp-content\/uploads\/2023\/09\/Outdoor-Rubber-Tiles-Teamsports-5-350x263.jpg 350w, https:\/\/arturf.com\/wp-content\/uploads\/2023\/09\/Outdoor-Rubber-Tiles-Teamsports-5-510x383.jpg 510w, https:\/\/arturf.com\/wp-content\/uploads\/2023\/09\/Outdoor-Rubber-Tiles-Teamsports-5.jpg 1000w\" sizes=\"auto, (max-width: 500px) 100vw, 500px\" \/>                                  <div class=\"overlay fill\"\n                      style=\"background-color: rgba(0,0,0,.15)\">\n                  <\/div>\n                                                              <\/div>\n              <div class=\"box-text text-left\" >\n                 <p><\/p>\n              <\/div>\n            <\/div>\n            <\/a>          <\/div>\n         <\/div><\/div>\n<p><span style=\"font-size: 20.16px;\">Ineinandergreifende Gummifliesen f\u00fcr den Innenbereich:<\/span><\/p>\n<p>Unsere Gummibodenfliesen f\u00fcr den Innenbereich verf\u00fcgen \u00fcber einen innovativen Verriegelungsmechanismus mit stabilen Verbindungsstiften aus Kunststoff. Jede Gummifliese verf\u00fcgt \u00fcber zwei L\u00f6cher an allen vier Seiten, sodass insgesamt f\u00fcnf Anschlussstifte pro Fliese vorhanden sind. Diese Stifte bestehen aus robustem Kunststoff mit Zwingenkanten, die sie nach dem Einsetzen sicher in der Fliese verankern. Der Installationsprozess ist problemlos, sodass kein Kleber oder teure professionelle Installateure erforderlich sind. Mit unserem DIY-freundlichen Design kann jeder ganz einfach eine nahtlose und langlebige Bodenbelagsl\u00f6sung erzielen.<\/p>\n<ul>\n<li class=\"bullet-arrow\"><strong>Gr\u00f6\u00dfe:<\/strong> 50 cm x 50 cm, 100 cm x 100 cm<\/li>\n<li class=\"bullet-arrow\"><strong>Dickenoptionen:<\/strong> 15mm, 20mm, 25mm, 30mm, 35mm, 40mm, 45mm, 50mm<\/li>\n<li class=\"bullet-arrow\"><strong>Farbe: <\/strong>Kontaktieren Sie uns f\u00fcr weitere Informationen.<\/li>\n<\/ul>\n<h4>Galerie<\/p>\n<\/h4>\n\n  \n    <div class=\"row large-columns-5 medium-columns-3 small-columns-2\" >\n  <div class=\"gallery-col col\" >\n          <div class=\"col-inner\">\n            <a class=\"image-lightbox lightbox-gallery\" href=\"https:\/\/arturf.com\/wp-content\/uploads\/2023\/09\/Gym-Rubber-Tiles-Teamsports-1.jpg\" title=\"\">            <div class=\"box has-hover gallery-box box-overlay dark\">\n              <div class=\"box-image\" >\n                <img loading=\"lazy\" decoding=\"async\" width=\"500\" height=\"375\" src=\"https:\/\/arturf.com\/wp-content\/uploads\/2023\/09\/Gym-Rubber-Tiles-Teamsports-1-500x375.jpg\" class=\"attachment-medium size-medium\" alt=\"Gummifliesen\" ids=\"19376,19377,19378,19379,19380\" columns=\"5\" srcset=\"https:\/\/arturf.com\/wp-content\/uploads\/2023\/09\/Gym-Rubber-Tiles-Teamsports-1-500x375.jpg 500w, https:\/\/arturf.com\/wp-content\/uploads\/2023\/09\/Gym-Rubber-Tiles-Teamsports-1-200x150.jpg 200w, https:\/\/arturf.com\/wp-content\/uploads\/2023\/09\/Gym-Rubber-Tiles-Teamsports-1-768x576.jpg 768w, https:\/\/arturf.com\/wp-content\/uploads\/2023\/09\/Gym-Rubber-Tiles-Teamsports-1-16x12.jpg 16w, https:\/\/arturf.com\/wp-content\/uploads\/2023\/09\/Gym-Rubber-Tiles-Teamsports-1-350x263.jpg 350w, https:\/\/arturf.com\/wp-content\/uploads\/2023\/09\/Gym-Rubber-Tiles-Teamsports-1-510x383.jpg 510w, https:\/\/arturf.com\/wp-content\/uploads\/2023\/09\/Gym-Rubber-Tiles-Teamsports-1.jpg 1000w\" sizes=\"auto, (max-width: 500px) 100vw, 500px\" \/>                                  <div class=\"overlay fill\"\n                      style=\"background-color: rgba(0,0,0,.15)\">\n                  <\/div>\n                                                              <\/div>\n              <div class=\"box-text text-left\" >\n                 <p><\/p>\n              <\/div>\n            <\/div>\n            <\/a>          <\/div>\n         <\/div><div class=\"gallery-col col\" >\n          <div class=\"col-inner\">\n            <a class=\"image-lightbox lightbox-gallery\" href=\"https:\/\/arturf.com\/wp-content\/uploads\/2023\/09\/Gym-Rubber-Tiles-Teamsports-2.jpg\" title=\"\">            <div class=\"box has-hover gallery-box box-overlay dark\">\n              <div class=\"box-image\" >\n                <img loading=\"lazy\" decoding=\"async\" width=\"500\" height=\"375\" src=\"https:\/\/arturf.com\/wp-content\/uploads\/2023\/09\/Gym-Rubber-Tiles-Teamsports-2-500x375.jpg\" class=\"attachment-medium size-medium\" alt=\"Gummifliesen\" ids=\"19376,19377,19378,19379,19380\" columns=\"5\" srcset=\"https:\/\/arturf.com\/wp-content\/uploads\/2023\/09\/Gym-Rubber-Tiles-Teamsports-2-500x375.jpg 500w, https:\/\/arturf.com\/wp-content\/uploads\/2023\/09\/Gym-Rubber-Tiles-Teamsports-2-200x150.jpg 200w, https:\/\/arturf.com\/wp-content\/uploads\/2023\/09\/Gym-Rubber-Tiles-Teamsports-2-768x576.jpg 768w, https:\/\/arturf.com\/wp-content\/uploads\/2023\/09\/Gym-Rubber-Tiles-Teamsports-2-16x12.jpg 16w, https:\/\/arturf.com\/wp-content\/uploads\/2023\/09\/Gym-Rubber-Tiles-Teamsports-2-350x263.jpg 350w, https:\/\/arturf.com\/wp-content\/uploads\/2023\/09\/Gym-Rubber-Tiles-Teamsports-2-510x383.jpg 510w, https:\/\/arturf.com\/wp-content\/uploads\/2023\/09\/Gym-Rubber-Tiles-Teamsports-2.jpg 1000w\" sizes=\"auto, (max-width: 500px) 100vw, 500px\" \/>                                  <div class=\"overlay fill\"\n                      style=\"background-color: rgba(0,0,0,.15)\">\n                  <\/div>\n                                                              <\/div>\n              <div class=\"box-text text-left\" >\n                 <p><\/p>\n              <\/div>\n            <\/div>\n            <\/a>          <\/div>\n         <\/div><div class=\"gallery-col col\" >\n          <div class=\"col-inner\">\n            <a class=\"image-lightbox lightbox-gallery\" href=\"https:\/\/arturf.com\/wp-content\/uploads\/2023\/09\/Gym-Rubber-Tiles-Teamsports-3.jpg\" title=\"\">            <div class=\"box has-hover gallery-box box-overlay dark\">\n              <div class=\"box-image\" >\n                <img loading=\"lazy\" decoding=\"async\" width=\"500\" height=\"375\" src=\"https:\/\/arturf.com\/wp-content\/uploads\/2023\/09\/Gym-Rubber-Tiles-Teamsports-3-500x375.jpg\" class=\"attachment-medium size-medium\" alt=\"Gummifliesen\" ids=\"19376,19377,19378,19379,19380\" columns=\"5\" srcset=\"https:\/\/arturf.com\/wp-content\/uploads\/2023\/09\/Gym-Rubber-Tiles-Teamsports-3-500x375.jpg 500w, https:\/\/arturf.com\/wp-content\/uploads\/2023\/09\/Gym-Rubber-Tiles-Teamsports-3-200x150.jpg 200w, https:\/\/arturf.com\/wp-content\/uploads\/2023\/09\/Gym-Rubber-Tiles-Teamsports-3-768x575.jpg 768w, https:\/\/arturf.com\/wp-content\/uploads\/2023\/09\/Gym-Rubber-Tiles-Teamsports-3-16x12.jpg 16w, https:\/\/arturf.com\/wp-content\/uploads\/2023\/09\/Gym-Rubber-Tiles-Teamsports-3-350x263.jpg 350w, https:\/\/arturf.com\/wp-content\/uploads\/2023\/09\/Gym-Rubber-Tiles-Teamsports-3-510x382.jpg 510w, https:\/\/arturf.com\/wp-content\/uploads\/2023\/09\/Gym-Rubber-Tiles-Teamsports-3.jpg 1000w\" sizes=\"auto, (max-width: 500px) 100vw, 500px\" \/>                                  <div class=\"overlay fill\"\n                      style=\"background-color: rgba(0,0,0,.15)\">\n                  <\/div>\n                                                              <\/div>\n              <div class=\"box-text text-left\" >\n                 <p><\/p>\n              <\/div>\n            <\/div>\n            <\/a>          <\/div>\n         <\/div><div class=\"gallery-col col\" >\n          <div class=\"col-inner\">\n            <a class=\"image-lightbox lightbox-gallery\" href=\"https:\/\/arturf.com\/wp-content\/uploads\/2023\/09\/Gym-Rubber-Tiles-Teamsports-4.jpg\" title=\"\">            <div class=\"box has-hover gallery-box box-overlay dark\">\n              <div class=\"box-image\" >\n                <img loading=\"lazy\" decoding=\"async\" width=\"500\" height=\"375\" src=\"https:\/\/arturf.com\/wp-content\/uploads\/2023\/09\/Gym-Rubber-Tiles-Teamsports-4-500x375.jpg\" class=\"attachment-medium size-medium\" alt=\"Gummifliesen\" ids=\"19376,19377,19378,19379,19380\" columns=\"5\" srcset=\"https:\/\/arturf.com\/wp-content\/uploads\/2023\/09\/Gym-Rubber-Tiles-Teamsports-4-500x375.jpg 500w, https:\/\/arturf.com\/wp-content\/uploads\/2023\/09\/Gym-Rubber-Tiles-Teamsports-4-200x150.jpg 200w, https:\/\/arturf.com\/wp-content\/uploads\/2023\/09\/Gym-Rubber-Tiles-Teamsports-4-768x576.jpg 768w, https:\/\/arturf.com\/wp-content\/uploads\/2023\/09\/Gym-Rubber-Tiles-Teamsports-4-16x12.jpg 16w, https:\/\/arturf.com\/wp-content\/uploads\/2023\/09\/Gym-Rubber-Tiles-Teamsports-4-350x263.jpg 350w, https:\/\/arturf.com\/wp-content\/uploads\/2023\/09\/Gym-Rubber-Tiles-Teamsports-4-510x383.jpg 510w, https:\/\/arturf.com\/wp-content\/uploads\/2023\/09\/Gym-Rubber-Tiles-Teamsports-4.jpg 1000w\" sizes=\"auto, (max-width: 500px) 100vw, 500px\" \/>                                  <div class=\"overlay fill\"\n                      style=\"background-color: rgba(0,0,0,.15)\">\n                  <\/div>\n                                                              <\/div>\n              <div class=\"box-text text-left\" >\n                 <p><\/p>\n              <\/div>\n            <\/div>\n            <\/a>          <\/div>\n         <\/div><div class=\"gallery-col col\" >\n          <div class=\"col-inner\">\n            <a class=\"image-lightbox lightbox-gallery\" href=\"https:\/\/arturf.com\/wp-content\/uploads\/2023\/09\/Gym-Rubber-Tiles-Teamsports-5.jpg\" title=\"\">            <div class=\"box has-hover gallery-box box-overlay dark\">\n              <div class=\"box-image\" >\n                <img loading=\"lazy\" decoding=\"async\" width=\"500\" height=\"375\" src=\"https:\/\/arturf.com\/wp-content\/uploads\/2023\/09\/Gym-Rubber-Tiles-Teamsports-5-500x375.jpg\" class=\"attachment-medium size-medium\" alt=\"Gummifliesen\" ids=\"19376,19377,19378,19379,19380\" columns=\"5\" srcset=\"https:\/\/arturf.com\/wp-content\/uploads\/2023\/09\/Gym-Rubber-Tiles-Teamsports-5-500x375.jpg 500w, https:\/\/arturf.com\/wp-content\/uploads\/2023\/09\/Gym-Rubber-Tiles-Teamsports-5-200x150.jpg 200w, https:\/\/arturf.com\/wp-content\/uploads\/2023\/09\/Gym-Rubber-Tiles-Teamsports-5-768x576.jpg 768w, https:\/\/arturf.com\/wp-content\/uploads\/2023\/09\/Gym-Rubber-Tiles-Teamsports-5-16x12.jpg 16w, https:\/\/arturf.com\/wp-content\/uploads\/2023\/09\/Gym-Rubber-Tiles-Teamsports-5-350x263.jpg 350w, https:\/\/arturf.com\/wp-content\/uploads\/2023\/09\/Gym-Rubber-Tiles-Teamsports-5-510x383.jpg 510w, https:\/\/arturf.com\/wp-content\/uploads\/2023\/09\/Gym-Rubber-Tiles-Teamsports-5.jpg 1000w\" sizes=\"auto, (max-width: 500px) 100vw, 500px\" \/>                                  <div class=\"overlay fill\"\n                      style=\"background-color: rgba(0,0,0,.15)\">\n                  <\/div>\n                                                              <\/div>\n              <div class=\"box-text text-left\" >\n                 <p><\/p>\n              <\/div>\n            <\/div>\n            <\/a>          <\/div>\n         <\/div><\/div>","protected":false},"excerpt":{"rendered":"<p>Unsere dicken Gummifliesen sind robust gebaut und halten starker Beanspruchung in Fitnessstudios, auf Spielpl\u00e4tzen oder als Bodenschutz stand. Einfache DIY-Installation mit ineinandergreifendem Design (Gummifliesen f\u00fcr den Innenbereich). Optionen sind sowohl f\u00fcr Innen- als auch f\u00fcr Au\u00dfenanwendungen verf\u00fcgbar.<\/p>","protected":false},"featured_media":19374,"template":"","meta":{"_seopress_robots_primary_cat":"","_seopress_titles_title":"Outdoor Playground Rubber Tiles &amp; Indoor Interlocking Rubber Tiles","_seopress_titles_desc":"","_seopress_robots_index":""},"product_brand":[],"product_cat":[831],"product_tag":[],"class_list":{"0":"post-19373","1":"product","2":"type-product","3":"status-publish","4":"has-post-thumbnail","6":"product_cat-extras","8":"first","9":"instock","10":"shipping-taxable","11":"product-type-simple"},"_links":{"self":[{"href":"https:\/\/arturf.com\/de\/wp-json\/wp\/v2\/product\/19373","targetHints":{"allow":["GET"]}}],"collection":[{"href":"https:\/\/arturf.com\/de\/wp-json\/wp\/v2\/product"}],"about":[{"href":"https:\/\/arturf.com\/de\/wp-json\/wp\/v2\/types\/product"}],"wp:featuredmedia":[{"embeddable":true,"href":"https:\/\/arturf.com\/de\/wp-json\/wp\/v2\/media\/19374"}],"wp:attachment":[{"href":"https:\/\/arturf.com\/de\/wp-json\/wp\/v2\/media?parent=19373"}],"wp:term":[{"taxonomy":"product_brand","embeddable":true,"href":"https:\/\/arturf.com\/de\/wp-json\/wp\/v2\/product_brand?post=19373"},{"taxonomy":"product_cat","embeddable":true,"href":"https:\/\/arturf.com\/de\/wp-json\/wp\/v2\/product_cat?post=19373"},{"taxonomy":"product_tag","embeddable":true,"href":"https:\/\/arturf.com\/de\/wp-json\/wp\/v2\/product_tag?post=19373"}],"curies":[{"name":"wp","href":"https:\/\/api.w.org\/{rel}","templated":true}]}}