{"id":19515,"date":"2023-09-27T17:49:19","date_gmt":"2023-09-27T09:49:19","guid":{"rendered":"https:\/\/arturf.com\/?post_type=product&#038;p=19515"},"modified":"2025-06-02T15:47:15","modified_gmt":"2025-06-02T07:47:15","slug":"padel-flex","status":"publish","type":"product","link":"https:\/\/arturf.com\/de\/product\/padel-flex\/","title":{"rendered":"PadelFlex"},"content":{"rendered":"<p>PadelFlex ist ein erstklassiges Kunstrasensystem, das entwickelt wurde, um das Padel-Erlebnis zu verbessern. Es eignet sich gleicherma\u00dfen f\u00fcr Tennis- und Multisportpl\u00e4tze. PadelFlex besteht aus texturierten Monofilamenten und sorgt f\u00fcr \u00fcberragende Leistung und Langlebigkeit.<\/p>\n<p><strong>Hauptmerkmale:<\/strong><\/p>\n<ol>\n<li><strong>\u00a0Bounce-Konsistenz:<\/strong> <br \/>PadelFlex garantiert einen gleichm\u00e4\u00dfigen Winkel- und Vertikalabsprung auf Padelpl\u00e4tzen. Egal, ob der Ball auf die Oberfl\u00e4che oder die Glasw\u00e4nde trifft, die Spieler k\u00f6nnen sich w\u00e4hrend des gesamten Spiels auf gleichm\u00e4\u00dfige Absprungeigenschaften verlassen.<\/li>\n<li><strong style=\"color: #555555; font-size: 14.4px;\">Haltbarkeit:<\/strong><span style=\"color: #555555; font-size: 14.4px;\"> <br \/>Dank seiner robusten Konstruktion und der extrem starken Faser und R\u00fcckseite beh\u00e4lt PadelFlex auch bei intensiver Nutzung seine hohe Leistung. Die texturierten Fasern helfen dabei, die Sandf\u00fcllung zu halten, verbessern die Stabilit\u00e4t des Platzes und reduzieren den Verschlei\u00df sowohl der Fasern als auch der B\u00e4lle.<\/span><\/li>\n<li><strong style=\"color: #555555; font-size: 14.4px;\">Vielseitigkeit:<\/strong><span style=\"color: #555555; font-size: 14.4px;\"> <br \/>PadelFlex ist f\u00fcr den vielseitigen Einsatz konzipiert. Egal, ob Sie einen Padel-Platz im Innen- oder Au\u00dfenbereich einrichten oder sogar eine Tennis- oder Multisportanwendung in Betracht ziehen, dieses Kunstrasensystem liefert au\u00dfergew\u00f6hnliche Ergebnisse in verschiedenen Sportarten.<\/span><\/li>\n<li><strong style=\"color: #555555; font-size: 14.4px;\">Verbessertes Gameplay:<\/strong><span style=\"color: #555555; font-size: 14.4px;\"> <br \/>Die texturierten Monofilamente tragen zu einer glatten und zuverl\u00e4ssigen Spieloberfl\u00e4che bei und verbessern das gesamte Spielerlebnis. Es stellt sicher, dass sich die Spieler auf ihre F\u00e4higkeiten konzentrieren k\u00f6nnen, ohne durch inkonsistente Abpraller oder verschlei\u00dfbedingte Probleme behindert zu werden.<\/span><\/li>\n<li><strong style=\"color: #555555; font-size: 14.4px;\">Nachhaltigkeit:<\/strong><span style=\"color: #555555; font-size: 14.4px;\"> <br \/>PadelFlex wurde im Hinblick auf Nachhaltigkeit entwickelt. Seine langlebige Leistung reduziert den Bedarf an h\u00e4ufigen Austauschvorg\u00e4ngen, was zu weniger Abfall und einer umweltfreundlicheren Wahl f\u00fcr Sportanlagen f\u00fchrt.<\/span><\/li>\n<\/ol>\n<h3>Optionen f\u00fcr die R\u00fcckseitenbeschichtung:<\/h3>\n\n\t<section class=\"section\" id=\"section_645530972\">\n\t\t<div class=\"section-bg fill\" >\n\t\t\t\t\t\t\t\t\t\n\t\t\t\n\n\t\t<\/div>\n\n\t\t\n\n\t\t<div class=\"section-content relative\">\n\t\t\t\n<div class=\"row\"  id=\"row-576860015\">\n\n\t<div id=\"col-475842963\" class=\"col medium-4 small-12 large-4\"  >\n\t\t\t\t<div class=\"col-inner\"  >\n\t\t\t\n\t\t\t\n\t<div class=\"box has-hover   has-hover box-text-bottom\" >\n\n\t\t<div class=\"box-image\" style=\"border-radius:50%;\">\n\t\t\t\t\t\t<div class=\"image-cover\" style=\"padding-top:100%;\">\n\t\t\t\t<img loading=\"lazy\" decoding=\"async\" width=\"800\" height=\"800\" src=\"https:\/\/arturf.com\/wp-content\/uploads\/2023\/09\/Padel-Flex-Backing-Option-SBR-Latex.jpg\" class=\"attachment- size-\" alt=\"Padel\" srcset=\"https:\/\/arturf.com\/wp-content\/uploads\/2023\/09\/Padel-Flex-Backing-Option-SBR-Latex.jpg 800w, https:\/\/arturf.com\/wp-content\/uploads\/2023\/09\/Padel-Flex-Backing-Option-SBR-Latex-500x500.jpg 500w, https:\/\/arturf.com\/wp-content\/uploads\/2023\/09\/Padel-Flex-Backing-Option-SBR-Latex-768x768.jpg 768w, https:\/\/arturf.com\/wp-content\/uploads\/2023\/09\/Padel-Flex-Backing-Option-SBR-Latex-12x12.jpg 12w, https:\/\/arturf.com\/wp-content\/uploads\/2023\/09\/Padel-Flex-Backing-Option-SBR-Latex-510x510.jpg 510w, https:\/\/arturf.com\/wp-content\/uploads\/2023\/09\/Padel-Flex-Backing-Option-SBR-Latex-100x100.jpg 100w\" sizes=\"auto, (max-width: 800px) 100vw, 800px\" \/>\t\t\t\t\t\t\t\t\t\t\t<\/div>\n\t\t\t\t\t<\/div>\n\n\t\t<div class=\"box-text text-center\" >\n\t\t\t<div class=\"box-text-inner\">\n\t\t\t\t\n<h4>SBR-Latex-beschichtete R\u00fcckseite<\/h4>\n<p>Eine starke und kosteng\u00fcnstige Beschichtungsoption.<\/p>\n\t\t\t<\/div>\n\t\t<\/div>\n\t<\/div>\n\t\n\t\t<\/div>\n\t\t\t\t\t<\/div>\n\n\t\n\n\t<div id=\"col-2111405726\" class=\"col medium-4 small-12 large-4\"  >\n\t\t\t\t<div class=\"col-inner\"  >\n\t\t\t\n\t\t\t\n\t<div class=\"box has-hover   has-hover box-text-bottom\" >\n\n\t\t<div class=\"box-image\" style=\"border-radius:50%;\">\n\t\t\t\t\t\t<div class=\"image-cover\" style=\"padding-top:100%;\">\n\t\t\t\t<img loading=\"lazy\" decoding=\"async\" width=\"800\" height=\"800\" src=\"https:\/\/arturf.com\/wp-content\/uploads\/2023\/09\/Padel-Flex-Backing-Option-PU.jpg\" class=\"attachment- size-\" alt=\"Padel\" srcset=\"https:\/\/arturf.com\/wp-content\/uploads\/2023\/09\/Padel-Flex-Backing-Option-PU.jpg 800w, https:\/\/arturf.com\/wp-content\/uploads\/2023\/09\/Padel-Flex-Backing-Option-PU-500x500.jpg 500w, https:\/\/arturf.com\/wp-content\/uploads\/2023\/09\/Padel-Flex-Backing-Option-PU-768x768.jpg 768w, https:\/\/arturf.com\/wp-content\/uploads\/2023\/09\/Padel-Flex-Backing-Option-PU-12x12.jpg 12w, https:\/\/arturf.com\/wp-content\/uploads\/2023\/09\/Padel-Flex-Backing-Option-PU-510x510.jpg 510w, https:\/\/arturf.com\/wp-content\/uploads\/2023\/09\/Padel-Flex-Backing-Option-PU-100x100.jpg 100w\" sizes=\"auto, (max-width: 800px) 100vw, 800px\" \/>\t\t\t\t\t\t\t\t\t\t\t<\/div>\n\t\t\t\t\t<\/div>\n\n\t\t<div class=\"box-text text-center\" >\n\t\t\t<div class=\"box-text-inner\">\n\t\t\t\t\n<h4>PU (Polyurethan) beschichtete Verpackung<\/h4>\n<p>Es ist extrem robust und langlebig und h\u00e4lt die Fasern fest. Damit ist es ideal f\u00fcr stark beanspruchte Fl\u00e4chen und intensive Wettk\u00e4mpfe.<\/p>\n\t\t\t<\/div>\n\t\t<\/div>\n\t<\/div>\n\t\n\t\t<\/div>\n\t\t\t\t\t<\/div>\n\n\t\n\n\t<div id=\"col-892630301\" class=\"col medium-4 small-12 large-4\"  >\n\t\t\t\t<div class=\"col-inner\"  >\n\t\t\t\n\t\t\t\n\t\t<\/div>\n\t\t\t\t\t<\/div>\n\n\t\n<\/div>\n\t\t<\/div>\n\n\t\t\n<style>\n#section_645530972 {\n  padding-top: 30px;\n  padding-bottom: 30px;\n}\n<\/style>\n\t<\/section>\n\t\n<p>Zusammenfassend l\u00e4sst sich sagen, dass PadelFlex die erste Wahl f\u00fcr alle ist, die ein Kunstrasensystem suchen, das Padel-Pl\u00e4tzen, Tennispl\u00e4tzen und Multisport-Oberfl\u00e4chen Zuverl\u00e4ssigkeit, Konsistenz und Haltbarkeit verleiht. Mit seinem innovativen Design und den hochwertigen Materialien ist es eine Investition in die Zukunft Ihrer Sportanlage.<\/p>\n<p>Zus\u00e4tzlich zum Padel-Kunstrasen bieten wir ein komplettes Paket an Komponenten f\u00fcr den Padel-Platzbau an. Schauen Sie sich die Produktdetails unten an.<\/p>\n\t\n  \n    <div class=\"row  equalize-box large-columns-3 medium-columns- small-columns-2 row-small slider row-slider slider-nav-reveal slider-nav-push\"  data-flickity-options='{&quot;imagesLoaded&quot;: true, &quot;groupCells&quot;: &quot;100%&quot;, &quot;dragThreshold&quot; : 5, &quot;cellAlign&quot;: &quot;left&quot;,&quot;wrapAround&quot;: true,&quot;prevNextButtons&quot;: true,&quot;percentPosition&quot;: true,&quot;pageDots&quot;: false, &quot;rightToLeft&quot;: false, &quot;autoPlay&quot; : false}' >\n\n  \n\t     <div class=\"product-small col has-hover product type-product post-18223 status-publish first instock product_cat-padel has-post-thumbnail shipping-taxable product-type-simple\">\n\t<div class=\"col-inner\">\n\t\n<div class=\"badge-container absolute left top z-1\">\n\n<\/div>\n\t<div class=\"product-small box\">\n\t\t<div class=\"box-image\">\n\t\t\t<div class=\"image-fade_in_back\">\n\t\t\t\t<a href=\"https:\/\/arturf.com\/de\/product\/padel-court-kit\/\">\n\t\t\t\t\t<img loading=\"lazy\" decoding=\"async\" width=\"350\" height=\"263\" src=\"https:\/\/arturf.com\/wp-content\/uploads\/2023\/05\/Arturf-Padel-Court-2-350x263.jpg\" class=\"attachment-woocommerce_thumbnail size-woocommerce_thumbnail\" alt=\"Padel-Court-Kit\" srcset=\"https:\/\/arturf.com\/wp-content\/uploads\/2023\/05\/Arturf-Padel-Court-2-350x263.jpg 350w, https:\/\/arturf.com\/wp-content\/uploads\/2023\/05\/Arturf-Padel-Court-2-300x225.jpg 300w, https:\/\/arturf.com\/wp-content\/uploads\/2023\/05\/Arturf-Padel-Court-2-1024x768.jpg 1024w, https:\/\/arturf.com\/wp-content\/uploads\/2023\/05\/Arturf-Padel-Court-2-200x150.jpg 200w, https:\/\/arturf.com\/wp-content\/uploads\/2023\/05\/Arturf-Padel-Court-2-768x576.jpg 768w, https:\/\/arturf.com\/wp-content\/uploads\/2023\/05\/Arturf-Padel-Court-2-16x12.jpg 16w, https:\/\/arturf.com\/wp-content\/uploads\/2023\/05\/Arturf-Padel-Court-2-510x383.jpg 510w, https:\/\/arturf.com\/wp-content\/uploads\/2023\/05\/Arturf-Padel-Court-2.jpg 1229w\" sizes=\"auto, (max-width: 350px) 100vw, 350px\" \/><img loading=\"lazy\" decoding=\"async\" width=\"350\" height=\"263\" src=\"https:\/\/arturf.com\/wp-content\/uploads\/2023\/05\/Arturf-Padel-court-1-350x263.png\" class=\"show-on-hover absolute fill hide-for-small back-image\" alt=\"Alternative Ansicht des Padel Court Kit\" aria-hidden=\"true\" srcset=\"https:\/\/arturf.com\/wp-content\/uploads\/2023\/05\/Arturf-Padel-court-1-350x263.png 350w, https:\/\/arturf.com\/wp-content\/uploads\/2023\/05\/Arturf-Padel-court-1-300x225.png 300w, https:\/\/arturf.com\/wp-content\/uploads\/2023\/05\/Arturf-Padel-court-1-200x150.png 200w, https:\/\/arturf.com\/wp-content\/uploads\/2023\/05\/Arturf-Padel-court-1-768x576.png 768w, https:\/\/arturf.com\/wp-content\/uploads\/2023\/05\/Arturf-Padel-court-1-16x12.png 16w, https:\/\/arturf.com\/wp-content\/uploads\/2023\/05\/Arturf-Padel-court-1-510x383.png 510w, https:\/\/arturf.com\/wp-content\/uploads\/2023\/05\/Arturf-Padel-court-1.png 1000w\" sizes=\"auto, (max-width: 350px) 100vw, 350px\" \/>\t\t\t\t<\/a>\n\t\t\t<\/div>\n\t\t\t<div class=\"image-tools is-small top right show-on-hover\">\n\t\t\t\t\t\t\t<\/div>\n\t\t\t<div class=\"image-tools is-small hide-for-small bottom left show-on-hover\">\n\t\t\t\t\t\t\t<\/div>\n\t\t\t<div class=\"image-tools grid-tools text-center hide-for-small bottom hover-slide-in show-on-hover\">\n\t\t\t\t<a href=\"#quick-view\" class=\"quick-view\" role=\"button\" data-prod=\"18223\" aria-haspopup=\"dialog\" aria-expanded=\"false\" data-flatsome-role-button>Schnellansicht<\/a>\t\t\t<\/div>\n\t\t\t\t\t<\/div>\n\n\t\t<div class=\"box-text box-text-products\">\n\t\t\t<div class=\"title-wrapper\">\t\t<p class=\"category uppercase is-smaller no-text-overflow product-cat op-8\">\n\t\t\tPadel\t\t<\/p>\n\t<p class=\"name product-title woocommerce-loop-product__title\"><a href=\"https:\/\/arturf.com\/de\/product\/padel-court-kit\/\" class=\"woocommerce-LoopProduct-link woocommerce-loop-product__link\">Padel-Court-Kit<\/a><\/p><\/div><div class=\"price-wrapper\"><\/div>\t\t<\/div>\n\t<\/div>\n\t\t<\/div>\n<\/div><\/div>","protected":false},"excerpt":{"rendered":"<p>PadelFlex ist ein fortschrittliches Kunstrasensystem f\u00fcr Padelpl\u00e4tze. Es bietet au\u00dfergew\u00f6hnliche Sprungkonsistenz und Haltbarkeit und ist daher sowohl f\u00fcr den Innen- als auch f\u00fcr den Au\u00dfenbereich geeignet.<\/p>","protected":false},"featured_media":19732,"template":"","meta":{"_seopress_robots_primary_cat":"932","_seopress_titles_title":"Padel Artificial Turf - FlexPlus: Ultimate Performance","_seopress_titles_desc":"","_seopress_robots_index":""},"product_brand":[],"product_cat":[932,69],"product_tag":[946],"class_list":{"0":"post-19515","1":"product","2":"type-product","3":"status-publish","4":"has-post-thumbnail","6":"product_cat-padel","7":"product_cat-multi-purpose","8":"product_tag-padel-turf","10":"","11":"instock","12":"shipping-taxable","13":"product-type-simple"},"_links":{"self":[{"href":"https:\/\/arturf.com\/de\/wp-json\/wp\/v2\/product\/19515","targetHints":{"allow":["GET"]}}],"collection":[{"href":"https:\/\/arturf.com\/de\/wp-json\/wp\/v2\/product"}],"about":[{"href":"https:\/\/arturf.com\/de\/wp-json\/wp\/v2\/types\/product"}],"wp:featuredmedia":[{"embeddable":true,"href":"https:\/\/arturf.com\/de\/wp-json\/wp\/v2\/media\/19732"}],"wp:attachment":[{"href":"https:\/\/arturf.com\/de\/wp-json\/wp\/v2\/media?parent=19515"}],"wp:term":[{"taxonomy":"product_brand","embeddable":true,"href":"https:\/\/arturf.com\/de\/wp-json\/wp\/v2\/product_brand?post=19515"},{"taxonomy":"product_cat","embeddable":true,"href":"https:\/\/arturf.com\/de\/wp-json\/wp\/v2\/product_cat?post=19515"},{"taxonomy":"product_tag","embeddable":true,"href":"https:\/\/arturf.com\/de\/wp-json\/wp\/v2\/product_tag?post=19515"}],"curies":[{"name":"wp","href":"https:\/\/api.w.org\/{rel}","templated":true}]}}