{"id":19819,"date":"2024-06-14T11:53:06","date_gmt":"2024-06-14T03:53:06","guid":{"rendered":"https:\/\/arturf.com\/?post_type=product&#038;p=19819"},"modified":"2024-06-14T12:02:30","modified_gmt":"2024-06-14T04:02:30","slug":"ball-hitting-mat","status":"publish","type":"product","link":"https:\/\/arturf.com\/de\/product\/ball-hitting-mat\/","title":{"rendered":"Ballschlagmatte"},"content":{"rendered":"<p>Verwandeln Sie Ihre Trainingseinheiten mit unserer Premium-Baseball-\/Softball-Schlagmatte, die sorgf\u00e4ltig f\u00fcr Sportler entwickelt wurde, die nur das Beste verlangen. Egal, ob Sie drinnen oder drau\u00dfen trainieren, diese Matte bietet un\u00fcbertroffene Haltbarkeit und Leistung.<\/p>\n<p><strong>Hochwertige Konstruktion:<\/strong><\/p>\n<p>Unsere Schlagmatte ist aus hochwertigem PE-Kunstrasengarn gefertigt und auf Langlebigkeit ausgelegt. Die 5 mm dicke PU-Tr\u00e4gerschicht sorgt f\u00fcr zus\u00e4tzliche Haltbarkeit und stellt sicher, dass die Matte starker Beanspruchung und Stollen standh\u00e4lt, ohne ihre Integrit\u00e4t zu beeintr\u00e4chtigen. Diese Matte ist ein Muss f\u00fcr Amateur- und Profispieler, die ihre F\u00e4higkeiten verbessern m\u00f6chten.<\/p>\n<p><strong>Eingelegtes Design f\u00fcr verbesserte Sichtbarkeit:<\/strong><\/p>\n<p>Unsere Matte verf\u00fcgt \u00fcber eingelegte getuftete wei\u00dfe Linien und eine Home Plate, die f\u00fcr klare und dauerhafte Sichtbarkeit sorgen. Im Gegensatz zu gemalten Linien, die verblassen oder sich abnutzen k\u00f6nnen, sorgt unser eingelegtes Design daf\u00fcr, dass die Linien und die Home Plate auch nach intensiver Nutzung intakt bleiben. Diese Funktion ist f\u00fcr die Aufrechterhaltung einer konsistenten \u00dcbungsumgebung unerl\u00e4sslich.<\/p>\n<p><strong>\u00dcberlegener Komfort und Stabilit\u00e4t:<\/strong><\/p>\n<p>Die in die Matte integrierte 5 mm dicke Schaumstoffpolsterung bietet eine au\u00dfergew\u00f6hnliche Sto\u00dfd\u00e4mpfung und macht jede Haltung und Bewegung angenehmer. Diese Polsterung tr\u00e4gt auch zur Stabilit\u00e4t der Matte bei, sodass sich die Spieler auf ihre Technik konzentrieren k\u00f6nnen, ohne sich Gedanken \u00fcber Ausrutschen oder Unbehagen machen zu m\u00fcssen.<\/p>\n<p><strong>Professionelle Qualit\u00e4t:<\/strong><\/p>\n<p>Diese Schlagmatte erf\u00fcllt die vorgeschriebenen Spezifikationen und eignet sich perfekt f\u00fcr ernsthaftes Training. Egal, ob Sie sie in Schlagk\u00e4figen, Home Plate-Bereichen oder anderen \u00dcbungsumgebungen verwenden, Sie k\u00f6nnen sich darauf verlassen, dass sie jedes Mal ein professionelles Erlebnis bietet.<\/p>\n<p><strong>Vielseitig und leicht zu transportieren:<\/strong><\/p>\n<p>Diese Matte wurde f\u00fcr vielseitige Einsatzm\u00f6glichkeiten konzipiert und kann auf Gras, Rasen oder Innenfl\u00e4chen verwendet werden. Dank ihrer leichten Konstruktion und der Lehmfarbe ist sie leicht zu transportieren und sieht in jeder Umgebung \u00e4sthetisch ansprechend aus. Wenn sie nicht verwendet wird, kann sie einfach zusammengerollt und verstaut werden, wodurch wertvoller Platz gespart wird.<\/p>\n<p><strong>Sch\u00fctzend und rutschfest:<\/strong><\/p>\n<p>Sch\u00fctzen Sie Ihre Turnhallenb\u00f6den und \u00dcbungsbereiche mit unserer Spike-resistenten Schlagmatte. Die rutschfeste Schaumstoffr\u00fcckseite sorgt daf\u00fcr, dass die Matte an ihrem Platz bleibt und bietet bei jeder \u00dcbungseinheit eine stabile und sichere Oberfl\u00e4che. Diese Schutzfunktion ist entscheidend f\u00fcr die Aufrechterhaltung der Qualit\u00e4t Ihrer Trainingsumgebung.<\/p>\n<p><strong>Von Kunden w\u00e4rmstens empfohlen:<\/strong><\/p>\n<p>Unsere Schlagmatte wird von Kunden, die sie seit \u00fcber einem Jahr verwenden, w\u00e4rmstens empfohlen. Sie loben ihre solide Konstruktion und Haltbarkeit, was sie zu einer lohnenden Investition f\u00fcr jeden ernsthaften Baseball- oder Softballspieler macht.<\/p>\n<p><img alt=\"\" loading=\"lazy\" decoding=\"async\" class=\"alignnone wp-image-19822 size-full\" src=\"https:\/\/arturf.com\/wp-content\/uploads\/2024\/06\/Arturf-Premium-BaseballSoftball-Hitting-Mat-3.jpg\" width=\"1000\" height=\"750\" srcset=\"https:\/\/arturf.com\/wp-content\/uploads\/2024\/06\/Arturf-Premium-BaseballSoftball-Hitting-Mat-3.jpg 1000w, https:\/\/arturf.com\/wp-content\/uploads\/2024\/06\/Arturf-Premium-BaseballSoftball-Hitting-Mat-3-500x375.jpg 500w, https:\/\/arturf.com\/wp-content\/uploads\/2024\/06\/Arturf-Premium-BaseballSoftball-Hitting-Mat-3-200x150.jpg 200w, https:\/\/arturf.com\/wp-content\/uploads\/2024\/06\/Arturf-Premium-BaseballSoftball-Hitting-Mat-3-768x576.jpg 768w, https:\/\/arturf.com\/wp-content\/uploads\/2024\/06\/Arturf-Premium-BaseballSoftball-Hitting-Mat-3-16x12.jpg 16w, https:\/\/arturf.com\/wp-content\/uploads\/2024\/06\/Arturf-Premium-BaseballSoftball-Hitting-Mat-3-350x263.jpg 350w, https:\/\/arturf.com\/wp-content\/uploads\/2024\/06\/Arturf-Premium-BaseballSoftball-Hitting-Mat-3-510x383.jpg 510w\" sizes=\"auto, (max-width: 1000px) 100vw, 1000px\" \/><\/p>\n<p><strong>Hauptmerkmale:<\/strong><\/p>\n<ul>\n<li><strong>Material:<\/strong> Hochwertiges PE-Kunstrasengarn mit 5 mm PU-Tr\u00e4gerschicht<\/li>\n<li><strong>Design:<\/strong> Eingelegte getuftete wei\u00dfe Linien und Home Plate f\u00fcr Haltbarkeit und Sichtbarkeit<\/li>\n<li><strong>Polsterung:<\/strong> 5 mm Schaumstoffpolsterung f\u00fcr Sto\u00dfd\u00e4mpfung und Stabilit\u00e4t<\/li>\n<li><strong>Haltbarkeit:<\/strong> Spike-sicher und f\u00fcr starke Beanspruchung ausgelegt<\/li>\n<li><strong>Vielseitigkeit:<\/strong> F\u00fcr den Innen- und Au\u00dfenbereich geeignet, leicht und einfach zu transportieren<\/li>\n<li><strong>Schutz:<\/strong> Rutschfestes, sto\u00dffestes Material zum Schutz von Oberfl\u00e4chen<\/li>\n<li><strong>Professionelle Qualit\u00e4t:<\/strong> Erf\u00fcllt die gesetzlichen Vorgaben f\u00fcr professionelles Training<\/li>\n<\/ul>\n<p>Verbessern Sie Ihr Training mit unserer Premium-Baseball-\/Softball-Schlagmatte und erleben Sie den Unterschied in Qualit\u00e4t und Leistung. Diese Matte ist perfekt f\u00fcr Schlagk\u00e4fige, Home Plate-Bereiche und mehr und eine unverzichtbare Erg\u00e4nzung zur Ausr\u00fcstung jedes ernsthaften Sportlers. Bestellen Sie jetzt und bringen Sie Ihr Training auf die n\u00e4chste Stufe!<\/p>","protected":false},"excerpt":{"rendered":"<p>Verbessern Sie Ihr Baseball- und Softballtraining mit unserer Premium Baseball\/Softball-Schlagmatte. Diese langlebige, hochwertige Matte ist f\u00fcr den Innen- und Au\u00dfenbereich konzipiert und verf\u00fcgt \u00fcber eingelegte getuftete wei\u00dfe Linien, eine Home Plate und eine 5 mm dicke Schaumstoffpolsterung f\u00fcr hervorragende Sto\u00dfd\u00e4mpfung. Sie ist perfekt f\u00fcr Schlagk\u00e4fige und Home Plate-Bereiche geeignet, sch\u00fctzt Oberfl\u00e4chen vor Besch\u00e4digungen und bietet eine stabile, rutschfeste Oberfl\u00e4che f\u00fcr Training in Profiqualit\u00e4t.<\/p>","protected":false},"featured_media":19820,"template":"","meta":{"_seopress_robots_primary_cat":"","_seopress_titles_title":"","_seopress_titles_desc":"","_seopress_robots_index":""},"product_brand":[],"product_cat":[831],"product_tag":[],"class_list":{"0":"post-19819","1":"product","2":"type-product","3":"status-publish","4":"has-post-thumbnail","6":"product_cat-extras","8":"first","9":"instock","10":"shipping-taxable","11":"product-type-simple"},"_links":{"self":[{"href":"https:\/\/arturf.com\/de\/wp-json\/wp\/v2\/product\/19819","targetHints":{"allow":["GET"]}}],"collection":[{"href":"https:\/\/arturf.com\/de\/wp-json\/wp\/v2\/product"}],"about":[{"href":"https:\/\/arturf.com\/de\/wp-json\/wp\/v2\/types\/product"}],"wp:featuredmedia":[{"embeddable":true,"href":"https:\/\/arturf.com\/de\/wp-json\/wp\/v2\/media\/19820"}],"wp:attachment":[{"href":"https:\/\/arturf.com\/de\/wp-json\/wp\/v2\/media?parent=19819"}],"wp:term":[{"taxonomy":"product_brand","embeddable":true,"href":"https:\/\/arturf.com\/de\/wp-json\/wp\/v2\/product_brand?post=19819"},{"taxonomy":"product_cat","embeddable":true,"href":"https:\/\/arturf.com\/de\/wp-json\/wp\/v2\/product_cat?post=19819"},{"taxonomy":"product_tag","embeddable":true,"href":"https:\/\/arturf.com\/de\/wp-json\/wp\/v2\/product_tag?post=19819"}],"curies":[{"name":"wp","href":"https:\/\/api.w.org\/{rel}","templated":true}]}}