{"id":19842,"date":"2024-06-29T16:51:51","date_gmt":"2024-06-29T08:51:51","guid":{"rendered":"https:\/\/arturf.com\/?post_type=product&#038;p=19842"},"modified":"2024-07-13T21:37:46","modified_gmt":"2024-07-13T13:37:46","slug":"sport-netting-barrier","status":"publish","type":"product","link":"https:\/\/arturf.com\/de\/product\/sport-netting-barrier\/","title":{"rendered":"Sportnetzbarriere"},"content":{"rendered":"<p>Unsere Sportnetzbarriere oder Ballstoppnetz eignet sich f\u00fcr eine Vielzahl von Sportarten, darunter Fu\u00dfball, Baseball und Golf. Ob Sie ein ganzes Feld oder nur bestimmte Bereiche einz\u00e4unen m\u00fcssen, unsere Netze bieten die perfekte L\u00f6sung f\u00fcr jeden Sportverein oder jede Freizeiteinrichtung.<\/p>\n<h3>Hauptmerkmale<\/h3>\n<ul>\n<li><strong>Material:<\/strong> Polypropylen hoher Dichte (HDPP)<\/li>\n<li><strong>Anpassung:<\/strong> Lochgr\u00f6\u00dfe und Leitungsdurchmesser k\u00f6nnen an Ihre speziellen Anforderungen angepasst werden.<\/li>\n<li><strong>UV-stabilisiert:<\/strong> Best\u00e4ndig gegen UV-Strahlen, was Langlebigkeit und Haltbarkeit auch bei rauen Wetterbedingungen gew\u00e4hrleistet.<\/li>\n<li><strong>Hohe Festigkeit:<\/strong> Entwickelt, um intensiven St\u00f6\u00dfen standzuhalten und ist es daher perfekt f\u00fcr verschiedene Sportanwendungen geeignet.<\/li>\n<\/ul>\n<h3>Seitliches Schutznetz<\/h3>\n<ul>\n<li><strong>Standardlochgr\u00f6\u00dfe:<\/strong> 5 cm x 5 cm<\/li>\n<li><strong>Standard-Leitungsdurchmesser:<\/strong> 3mm oder 4mm<\/li>\n<li><strong>Verwendung:<\/strong> Ideal zum Schutz der Seiten von Sportpl\u00e4tzen, um zu verhindern, dass B\u00e4lle den Bereich verlassen, und um die Sicherheit der Zuschauer und der Umgebung zu gew\u00e4hrleisten. Seitenschutznetze werden normalerweise in Verbindung mit verwendet <a href=\"https:\/\/arturf.com\/de\/product\/sports-fencing\/\">Sportz\u00e4une<\/a>Beispielsweise kann bei einem 6 m hohen Sportzaunsystem unten ein 4 m hoher Sportzaun und oben ein 2 m langes Seitenschutznetz verwendet werden.<\/li>\n<\/ul>\n<p><img alt=\"\" loading=\"lazy\" decoding=\"async\" class=\"alignnone wp-image-19861 size-large\" src=\"https:\/\/arturf.com\/wp-content\/uploads\/2024\/07\/Arturf-Sport-Fence-Net-1024x768.jpg\" width=\"1024\" height=\"768\" srcset=\"https:\/\/arturf.com\/wp-content\/uploads\/2024\/07\/Arturf-Sport-Fence-Net-1024x768.jpg 1024w, https:\/\/arturf.com\/wp-content\/uploads\/2024\/07\/Arturf-Sport-Fence-Net-500x375.jpg 500w, https:\/\/arturf.com\/wp-content\/uploads\/2024\/07\/Arturf-Sport-Fence-Net-200x150.jpg 200w, https:\/\/arturf.com\/wp-content\/uploads\/2024\/07\/Arturf-Sport-Fence-Net-768x576.jpg 768w, https:\/\/arturf.com\/wp-content\/uploads\/2024\/07\/Arturf-Sport-Fence-Net-16x12.jpg 16w, https:\/\/arturf.com\/wp-content\/uploads\/2024\/07\/Arturf-Sport-Fence-Net-350x263.jpg 350w, https:\/\/arturf.com\/wp-content\/uploads\/2024\/07\/Arturf-Sport-Fence-Net-510x383.jpg 510w, https:\/\/arturf.com\/wp-content\/uploads\/2024\/07\/Arturf-Sport-Fence-Net.jpg 1440w\" sizes=\"auto, (max-width: 1024px) 100vw, 1024px\" \/><\/p>\n<h3>Oberes Abdecknetz<\/h3>\n<ul>\n<li><strong>Standardlochgr\u00f6\u00dfe:<\/strong> 10 cm x 10 cm<\/li>\n<li><strong>Standard-Leitungsdurchmesser:<\/strong> 2 mm<\/li>\n<li><strong>Verwendung:<\/strong> Perfekt zum Abdecken der Oberseite des Sportplatzes. Es verhindert das vertikale Entweichen von B\u00e4llen und bietet eine zus\u00e4tzliche Schutzschicht.<\/li>\n<\/ul>\n<h3><img alt=\"\" loading=\"lazy\" decoding=\"async\" class=\"alignnone wp-image-19843 size-large\" src=\"https:\/\/arturf.com\/wp-content\/uploads\/2024\/06\/Top-Cover-Net-Ball-Stop-Net-Arturf-Artificial-Grass-1024x768.jpg\" width=\"1024\" height=\"768\" srcset=\"https:\/\/arturf.com\/wp-content\/uploads\/2024\/06\/Top-Cover-Net-Ball-Stop-Net-Arturf-Artificial-Grass-1024x768.jpg 1024w, https:\/\/arturf.com\/wp-content\/uploads\/2024\/06\/Top-Cover-Net-Ball-Stop-Net-Arturf-Artificial-Grass-500x375.jpg 500w, https:\/\/arturf.com\/wp-content\/uploads\/2024\/06\/Top-Cover-Net-Ball-Stop-Net-Arturf-Artificial-Grass-200x150.jpg 200w, https:\/\/arturf.com\/wp-content\/uploads\/2024\/06\/Top-Cover-Net-Ball-Stop-Net-Arturf-Artificial-Grass-768x576.jpg 768w, https:\/\/arturf.com\/wp-content\/uploads\/2024\/06\/Top-Cover-Net-Ball-Stop-Net-Arturf-Artificial-Grass-16x12.jpg 16w, https:\/\/arturf.com\/wp-content\/uploads\/2024\/06\/Top-Cover-Net-Ball-Stop-Net-Arturf-Artificial-Grass-350x263.jpg 350w, https:\/\/arturf.com\/wp-content\/uploads\/2024\/06\/Top-Cover-Net-Ball-Stop-Net-Arturf-Artificial-Grass-510x383.jpg 510w, https:\/\/arturf.com\/wp-content\/uploads\/2024\/06\/Top-Cover-Net-Ball-Stop-Net-Arturf-Artificial-Grass.jpg 1440w\" sizes=\"auto, (max-width: 1024px) 100vw, 1024px\" \/><\/h3>\n<h3>Vorteile<\/h3>\n<ul>\n<li><strong>Haltbarkeit:<\/strong> Unser Ballstoppnetz wird aus gedrehtem HDPP-Garn hergestellt, ist au\u00dfergew\u00f6hnlich robust und h\u00e4lt starker Beanspruchung stand, ohne auszufransen oder besch\u00e4digt zu werden.<\/li>\n<li><strong>Wetterresistent:<\/strong> Durch die UV-Stabilisierung kann das Netz bei jeder Witterung im Freien bleiben, ohne zu verrotten oder sich zu zersetzen.<\/li>\n<li><strong>Anpassbar:<\/strong> Passen Sie das Netz mit anpassbaren Lochgr\u00f6\u00dfen und Leinendurchmessern Ihren spezifischen Anforderungen an und gew\u00e4hrleisten Sie so optimale Leistung f\u00fcr Ihren Sport.<\/li>\n<li><strong>Sicherheit:<\/strong> Sorgt f\u00fcr eine zuverl\u00e4ssige Eind\u00e4mmung und verringert so das Risiko von Sachsch\u00e4den und Verletzungen umstehender Personen.<\/li>\n<\/ul>","protected":false},"excerpt":{"rendered":"<p>Unsere Sportnetzbarriere ist die ultimative L\u00f6sung zum Schutz des Randes und der oberen Abdeckung Ihres Sportplatzes. Dieses vielseitige Netzsystem, auch als Ballstoppnetz bekannt, wurde entwickelt, um den Spielbereich sicher zu halten und sicherzustellen, dass B\u00e4lle und andere Ausr\u00fcstung innerhalb der Grenzen des Feldes bleiben. Unsere Sportnetzbarriere bietet zwei Optionen: das Seitenschutznetz und das obere Abdeckungsnetz. Beide sind aus hochdichtem Polypropylen (HDPP) gefertigt und bieten so \u00fcberragende Festigkeit und Haltbarkeit.<\/p>","protected":false},"featured_media":7007,"template":"","meta":{"_seopress_robots_primary_cat":"","_seopress_titles_title":"","_seopress_titles_desc":"","_seopress_robots_index":""},"product_brand":[],"product_cat":[66],"product_tag":[],"class_list":{"0":"post-19842","1":"product","2":"type-product","3":"status-publish","4":"has-post-thumbnail","6":"product_cat-accessories","8":"first","9":"instock","10":"shipping-taxable","11":"product-type-simple"},"_links":{"self":[{"href":"https:\/\/arturf.com\/de\/wp-json\/wp\/v2\/product\/19842","targetHints":{"allow":["GET"]}}],"collection":[{"href":"https:\/\/arturf.com\/de\/wp-json\/wp\/v2\/product"}],"about":[{"href":"https:\/\/arturf.com\/de\/wp-json\/wp\/v2\/types\/product"}],"wp:featuredmedia":[{"embeddable":true,"href":"https:\/\/arturf.com\/de\/wp-json\/wp\/v2\/media\/7007"}],"wp:attachment":[{"href":"https:\/\/arturf.com\/de\/wp-json\/wp\/v2\/media?parent=19842"}],"wp:term":[{"taxonomy":"product_brand","embeddable":true,"href":"https:\/\/arturf.com\/de\/wp-json\/wp\/v2\/product_brand?post=19842"},{"taxonomy":"product_cat","embeddable":true,"href":"https:\/\/arturf.com\/de\/wp-json\/wp\/v2\/product_cat?post=19842"},{"taxonomy":"product_tag","embeddable":true,"href":"https:\/\/arturf.com\/de\/wp-json\/wp\/v2\/product_tag?post=19842"}],"curies":[{"name":"wp","href":"https:\/\/api.w.org\/{rel}","templated":true}]}}