{"id":19845,"date":"2024-07-06T10:39:27","date_gmt":"2024-07-06T02:39:27","guid":{"rendered":"https:\/\/arturf.com\/?post_type=product&#038;p=19845"},"modified":"2024-07-06T10:59:13","modified_gmt":"2024-07-06T02:59:13","slug":"football-goal","status":"publish","type":"product","link":"https:\/\/arturf.com\/de\/product\/football-goal\/","title":{"rendered":"Fu\u00dfballtor"},"content":{"rendered":"<p><strong>Produktmerkmale:<\/strong><\/p>\n<p><strong>1. Einteilige Formgebung:<\/strong><br \/>Unsere Torrahmen bestehen aus hochwertigem Stahl und werden in einem einzigen Arbeitsgang in Form gebogen. Diese Konstruktion in Verbindung mit einer elektrostatischen Kunststoffbeschichtung sorgt f\u00fcr eine solide, stabile Struktur, die Wind- und Sonnensch\u00e4den widersteht.<\/p>\n<p><strong>2. Festes Schwei\u00dfen:<\/strong><br \/>Durch die Verwendung von CO\u2082-Schutzschwei\u00dfen und Kugelstrahlen zum Entfernen von Rost, gefolgt von elektrostatischem Spr\u00fchen, stellen wir sicher, dass unsere Schwei\u00dfn\u00e4hte robust, attraktiv und langlebig sind.<\/p>\n<p><strong>3. Stabiles Design:<\/strong><br \/>Die Basis des Tors ist mit einer gro\u00dfen Scheibenstabilisierungskonstruktion ausgestattet, die sicherstellt, dass das Tor auch bei starken St\u00f6\u00dfen w\u00e4hrend des Spiels sicher und haltbar bleibt.<\/p>\n<p><strong>4. Premium-Netz:<\/strong><br \/>Unsere Netze werden aus hochwertigem Polyethylen hergestellt und bieten \u00fcberragende Haltbarkeit, UV-Best\u00e4ndigkeit und Wetterfestigkeit.<\/p>\n<p><strong>5. Verdickte Stahlrohre:<\/strong><br \/>Unsere Tore werden aus hochwertigen, verdickten Stahlrohren nach nationalem Standard hergestellt und bestehen aus echten, haltbaren Materialien, die auf Langlebigkeit ausgelegt sind.<\/p>\n<h3>Torpfostengr\u00f6\u00dfen nach Teamgr\u00f6\u00dfe:<\/h3>\n<ul>\n<li>\n<p><strong>Mannschaft 11 gegen 11<\/strong>:<\/p>\n<ul>\n<li><strong>Junior Level<\/strong>: Die Torpfostengr\u00f6\u00dfe betr\u00e4gt 21 ft x 7 ft (6,40 m x 2,13 m).<\/li>\n<li><strong>F\u00fchrungsebene<\/strong>: Die Torpfostengr\u00f6\u00dfe betr\u00e4gt 24 Fu\u00df x 8 Fu\u00df (7,32 m x 2,44 m).<\/li>\n<\/ul>\n<\/li>\n<li>\n<p><strong>9-gegen-9<\/strong>:<\/p>\n<ul>\n<li>Die Torpfostengr\u00f6\u00dfe betr\u00e4gt 16 Fu\u00df x 7 Fu\u00df (4,88 m x 2,13 m).<\/li>\n<\/ul>\n<\/li>\n<li>\n<p><strong>7-gegen-7<\/strong> und <strong>Kleinfeld<\/strong>:<\/p>\n<ul>\n<li>Die empfohlene Torpfostengr\u00f6\u00dfe betr\u00e4gt 12 Fu\u00df x 6 Fu\u00df (3,66 m x 1,83 m), auch als \u201eMini-Fu\u00dfball-Tor\u201c bezeichnet.<\/li>\n<li>Bei Spielen mit 5 Spielern pro Mannschaft betragen die Torpfostenma\u00dfe 12 Fu\u00df x 4 Fu\u00df (3,66 m x 1,22 m) oder 16 Fu\u00df x 4 Fu\u00df (4,88 m x 1,22 m).<\/li>\n<\/ul>\n<\/li>\n<\/ul>\n<p>Unsere Fu\u00dfballtore sind auf die unterschiedlichen Bed\u00fcrfnisse von Mannschaften unterschiedlicher Gr\u00f6\u00dfe zugeschnitten. So kann jeder Spieler mit einer sicheren, langlebigen und auf sein Niveau abgestimmten Ausr\u00fcstung Spa\u00df am Spiel haben.<\/p>\n<p><strong>Wichtiger Hinweis:<\/strong> Bitte beachten Sie, dass wir Fu\u00dfballtore nicht einzeln anbieten. Sie sind nur in Verbindung mit unseren <a href=\"https:\/\/arturf.com\/de\/products\/football-grass\/\">Fu\u00dfballrasen<\/a> oder andere Produkte.<\/p>","protected":false},"excerpt":{"rendered":"<p>Unser Fu\u00dfballtor mit Pfosten und Netz ist auf Langlebigkeit und Stabilit\u00e4t ausgelegt und eignet sich perfekt f\u00fcr verschiedene Mannschaftsgr\u00f6\u00dfen von 3-gegen-3 bis 11-gegen-11. Dieses Tor besteht aus hochwertigem verzinktem Stahl und verf\u00fcgt \u00fcber ein robustes Polyethylennetz. Es ist so konstruiert, dass es intensivem Spiel und rauen Wetterbedingungen standh\u00e4lt.<\/p>","protected":false},"featured_media":19846,"template":"","meta":{"_seopress_robots_primary_cat":"","_seopress_titles_title":"","_seopress_titles_desc":"","_seopress_robots_index":""},"product_brand":[],"product_cat":[831],"product_tag":[],"class_list":{"0":"post-19845","1":"product","2":"type-product","3":"status-publish","4":"has-post-thumbnail","6":"product_cat-extras","8":"first","9":"instock","10":"shipping-taxable","11":"product-type-simple"},"_links":{"self":[{"href":"https:\/\/arturf.com\/de\/wp-json\/wp\/v2\/product\/19845","targetHints":{"allow":["GET"]}}],"collection":[{"href":"https:\/\/arturf.com\/de\/wp-json\/wp\/v2\/product"}],"about":[{"href":"https:\/\/arturf.com\/de\/wp-json\/wp\/v2\/types\/product"}],"wp:featuredmedia":[{"embeddable":true,"href":"https:\/\/arturf.com\/de\/wp-json\/wp\/v2\/media\/19846"}],"wp:attachment":[{"href":"https:\/\/arturf.com\/de\/wp-json\/wp\/v2\/media?parent=19845"}],"wp:term":[{"taxonomy":"product_brand","embeddable":true,"href":"https:\/\/arturf.com\/de\/wp-json\/wp\/v2\/product_brand?post=19845"},{"taxonomy":"product_cat","embeddable":true,"href":"https:\/\/arturf.com\/de\/wp-json\/wp\/v2\/product_cat?post=19845"},{"taxonomy":"product_tag","embeddable":true,"href":"https:\/\/arturf.com\/de\/wp-json\/wp\/v2\/product_tag?post=19845"}],"curies":[{"name":"wp","href":"https:\/\/api.w.org\/{rel}","templated":true}]}}