{"id":20426,"date":"2024-08-23T11:10:52","date_gmt":"2024-08-23T03:10:52","guid":{"rendered":"https:\/\/arturf.com\/?post_type=product&#038;p=20426"},"modified":"2025-03-22T20:12:09","modified_gmt":"2025-03-22T12:12:09","slug":"padel-court-cover","status":"publish","type":"product","link":"https:\/\/arturf.com\/de\/product\/padel-court-cover\/","title":{"rendered":"Padel Court Abdeckung"},"content":{"rendered":"<p>Bei Arturf bieten wir erstklassige Padel Court-\u00dcberdachungen und -Abdeckungen, die ganzj\u00e4hriges Spielen bei jedem Wetter gew\u00e4hrleisten. Im Gegensatz zu aufblasbaren Optionen sind unsere statischen \u00dcberdachungen auf Langlebigkeit ausgelegt und bieten dauerhaften Schutz vor den Elementen. Mit ma\u00dfgeschneiderten L\u00f6sungen, die auf die individuellen Anforderungen jedes Veranstaltungsortes zugeschnitten sind, macht es Arturf ganz einfach, Ihr Padel Court-Erlebnis im Freien zu verbessern.<\/p>\n<h3>1. \u00dcberdachung mit Padel Court-Pfeilern integriert<\/h3>\n<p>Unsere integrierten Padel Court-\u00dcberdachungsl\u00f6sungen f\u00fcgen sich nahtlos in die Padel Court-S\u00e4ulen ein und schaffen so ein einheitliches und elegantes Design. Diese \u00dcberdachungen bieten optimalen Schutz vor Regen, Sonne und Wind und sorgen daf\u00fcr, dass Ihr Platz in perfektem Zustand bleibt. Genie\u00dfen Sie mit den integrierten \u00dcberdachungen von Arturf ununterbrochenes Spielen und steigern Sie die \u00c4sthetik Ihres Padel Courts mit einer langlebigen, wetterfesten Abdeckung.<\/p>\n<p><img alt=\"\" loading=\"lazy\" decoding=\"async\" class=\"alignnone wp-image-20433 size-medium\" src=\"https:\/\/arturf.com\/wp-content\/uploads\/2024\/08\/Canopy-Integrated-with-Padel-Court-Pillars-500x333.jpg\" width=\"500\" height=\"333\" srcset=\"https:\/\/arturf.com\/wp-content\/uploads\/2024\/08\/Canopy-Integrated-with-Padel-Court-Pillars-500x333.jpg 500w, https:\/\/arturf.com\/wp-content\/uploads\/2024\/08\/Canopy-Integrated-with-Padel-Court-Pillars-768x511.jpg 768w, https:\/\/arturf.com\/wp-content\/uploads\/2024\/08\/Canopy-Integrated-with-Padel-Court-Pillars-18x12.jpg 18w, https:\/\/arturf.com\/wp-content\/uploads\/2024\/08\/Canopy-Integrated-with-Padel-Court-Pillars-510x340.jpg 510w, https:\/\/arturf.com\/wp-content\/uploads\/2024\/08\/Canopy-Integrated-with-Padel-Court-Pillars.jpg 1000w\" sizes=\"auto, (max-width: 500px) 100vw, 500px\" \/><\/p>\n<h3>2. \u00dcberdachung getrennt von Padel Court Struktur<\/h3>\n<p>F\u00fcr diejenigen, die mehr Flexibilit\u00e4t ben\u00f6tigen, bietet Arturf Padel Court-\u00dcberdachungsl\u00f6sungen an, die von der Padel Court-Struktur getrennt sind. Diese vielseitigen \u00dcberdachungen k\u00f6nnen individuell an die spezifischen Anforderungen Ihres Veranstaltungsortes angepasst werden und bieten robusten Schutz, ohne das Design des Platzes zu beeintr\u00e4chtigen. Ob bei intensiver Sonneneinstrahlung oder starkem Regen, unsere separaten \u00dcberdachungen bieten zuverl\u00e4ssigen Schutz, erm\u00f6glichen ungest\u00f6rtes Spielen und bewahren die Integrit\u00e4t Ihres Padel Court-Layouts.<\/p>\n<p><img alt=\"\" loading=\"lazy\" decoding=\"async\" class=\"alignnone size-medium wp-image-20439\" src=\"https:\/\/arturf.com\/wp-content\/uploads\/2024\/08\/Canopy-Separated-from-Padel-Court-Structure-500x333.jpg\" width=\"500\" height=\"333\" srcset=\"https:\/\/arturf.com\/wp-content\/uploads\/2024\/08\/Canopy-Separated-from-Padel-Court-Structure-500x333.jpg 500w, https:\/\/arturf.com\/wp-content\/uploads\/2024\/08\/Canopy-Separated-from-Padel-Court-Structure-768x511.jpg 768w, https:\/\/arturf.com\/wp-content\/uploads\/2024\/08\/Canopy-Separated-from-Padel-Court-Structure-18x12.jpg 18w, https:\/\/arturf.com\/wp-content\/uploads\/2024\/08\/Canopy-Separated-from-Padel-Court-Structure-510x340.jpg 510w, https:\/\/arturf.com\/wp-content\/uploads\/2024\/08\/Canopy-Separated-from-Padel-Court-Structure.jpg 1000w\" sizes=\"auto, (max-width: 500px) 100vw, 500px\" \/><\/p>\n<h3>3. Stahl-\/Aluminiumgeb\u00e4ude mit W\u00e4nden<\/h3>\n<p>F\u00fcr ultimativen Schutz und Vielseitigkeit bietet Arturf Geb\u00e4udel\u00f6sungen aus Stahl oder Aluminium mit W\u00e4nden f\u00fcr Ihren Padel-Platz. Diese Strukturen bieten eine vollst\u00e4ndig geschlossene Umgebung und sch\u00fctzen Spieler und Ausr\u00fcstung vor allen Wetterbedingungen, einschlie\u00dflich starkem Wind, heftigem Regen und intensiver Sonneneinstrahlung. Diese Geb\u00e4ude werden aus hochwertigem Stahl oder Aluminium gefertigt und sind auf Haltbarkeit und Langlebigkeit ausgelegt. So ist Ihr Platz das ganze Jahr \u00fcber gut gesch\u00fctzt.<\/p>\n<p>Die Stahl- oder Aluminiumgeb\u00e4ude k\u00f6nnen individuell an Ihre spezifischen Anforderungen angepasst werden, einschlie\u00dflich Gr\u00f6\u00dfe, Design und zus\u00e4tzlichen Funktionen wie Beleuchtungs- und Bel\u00fcftungssystemen. Mit den Stahl- oder Aluminiumgeb\u00e4uden von Arturf k\u00f6nnen Sie Ihren Padel-Platz in eine komfortable Ganzjahresanlage verwandeln, die das Spielerlebnis verbessert und die Nutzbarkeit des Platzes verl\u00e4ngert.<\/p>\n<p><img alt=\"\" loading=\"lazy\" decoding=\"async\" class=\"alignnone wp-image-20432 size-medium\" src=\"https:\/\/arturf.com\/wp-content\/uploads\/2024\/08\/Padel-Court-Cover-500x300.jpg\" width=\"500\" height=\"300\" srcset=\"https:\/\/arturf.com\/wp-content\/uploads\/2024\/08\/Padel-Court-Cover-500x300.jpg 500w, https:\/\/arturf.com\/wp-content\/uploads\/2024\/08\/Padel-Court-Cover-768x460.jpg 768w, https:\/\/arturf.com\/wp-content\/uploads\/2024\/08\/Padel-Court-Cover-18x12.jpg 18w, https:\/\/arturf.com\/wp-content\/uploads\/2024\/08\/Padel-Court-Cover-510x305.jpg 510w, https:\/\/arturf.com\/wp-content\/uploads\/2024\/08\/Padel-Court-Cover.jpg 1000w\" sizes=\"auto, (max-width: 500px) 100vw, 500px\" \/><\/p>","protected":false},"excerpt":{"rendered":"<p>Entdecken Sie die Padel Court-\u00dcberdachungs- und Abdeckungsoptionen von Arturf f\u00fcr das Spielen das ganze Jahr \u00fcber. Individuelle, langlebige und stilvolle Designs, die Ihren Platz bei jedem Wetter sch\u00fctzen.<\/p>","protected":false},"featured_media":20431,"template":"","meta":{"_seopress_robots_primary_cat":"932","_seopress_titles_title":"Padel Court Cover & Canopy | Durable All-Weather Protection","_seopress_titles_desc":"","_seopress_robots_index":""},"product_brand":[],"product_cat":[932,831],"product_tag":[],"class_list":{"0":"post-20426","1":"product","2":"type-product","3":"status-publish","4":"has-post-thumbnail","6":"product_cat-padel","7":"product_cat-extras","9":"first","10":"instock","11":"shipping-taxable","12":"product-type-simple"},"_links":{"self":[{"href":"https:\/\/arturf.com\/de\/wp-json\/wp\/v2\/product\/20426","targetHints":{"allow":["GET"]}}],"collection":[{"href":"https:\/\/arturf.com\/de\/wp-json\/wp\/v2\/product"}],"about":[{"href":"https:\/\/arturf.com\/de\/wp-json\/wp\/v2\/types\/product"}],"wp:featuredmedia":[{"embeddable":true,"href":"https:\/\/arturf.com\/de\/wp-json\/wp\/v2\/media\/20431"}],"wp:attachment":[{"href":"https:\/\/arturf.com\/de\/wp-json\/wp\/v2\/media?parent=20426"}],"wp:term":[{"taxonomy":"product_brand","embeddable":true,"href":"https:\/\/arturf.com\/de\/wp-json\/wp\/v2\/product_brand?post=20426"},{"taxonomy":"product_cat","embeddable":true,"href":"https:\/\/arturf.com\/de\/wp-json\/wp\/v2\/product_cat?post=20426"},{"taxonomy":"product_tag","embeddable":true,"href":"https:\/\/arturf.com\/de\/wp-json\/wp\/v2\/product_tag?post=20426"}],"curies":[{"name":"wp","href":"https:\/\/api.w.org\/{rel}","templated":true}]}}