{"id":26578,"date":"2025-07-05T17:35:13","date_gmt":"2025-07-05T09:35:13","guid":{"rendered":"https:\/\/arturf.com\/?post_type=product&#038;p=26578"},"modified":"2025-07-07T08:19:05","modified_gmt":"2025-07-07T00:19:05","slug":"pickleball-floor","status":"publish","type":"product","link":"https:\/\/arturf.com\/de\/product\/pickleball-floor\/","title":{"rendered":"Pickleball-Boden"},"content":{"rendered":"<p>Pickleball boomt weltweit. Um die wachsende Nachfrage zu befriedigen, <strong>Arturf<\/strong>\u00a0hat einen leistungsstarken Pickleball-Boden mit rutschfesten und verschlei\u00dffesten Eigenschaften auf den Markt gebracht. Er ist sowohl f\u00fcr den Innen- als auch f\u00fcr den Au\u00dfenbereich geeignet, bietet hervorragenden Rebound und unterst\u00fctzt das einzigartige Tempo des Pickleball-Spiels. Die Oberfl\u00e4che verf\u00fcgt \u00fcber <strong>NanoShield-Oberfl\u00e4chentechnologie des Arturf<\/strong>, bietet \u00fcberlegene Best\u00e4ndigkeit gegen Alterung, UV-Strahlung und \u00d6lablagerungen.<\/p>\n<h4>NanoShield-Oberfl\u00e4chentechnologie<\/h4>\n<p><strong>NanoShield-Oberfl\u00e4chentechnologie<\/strong>\u00a0ist eine umweltfreundliche Beschichtung der n\u00e4chsten Generation, die die Haltbarkeit und das Aussehen des Bodens verbessert. Diese fortschrittliche Polymer-Nanobeschichtung sch\u00fctzt vor Verblassen, \u00d6lmigration, UV-Sch\u00e4den und Verschlei\u00df und sorgt gleichzeitig f\u00fcr gleichbleibende Traktion und leuchtende Farben selbst unter extremen Au\u00dfenbedingungen.<\/p>\n<figure id=\"attachment_26582\" aria-describedby=\"caption-attachment-26582\" style=\"width: 1020px\" class=\"wp-caption aligncenter\"><img alt=\"\" loading=\"lazy\" decoding=\"async\" class=\"wp-image-26582 size-large\" src=\"https:\/\/arturf.com\/wp-content\/uploads\/2025\/07\/arturf-pickleball-floor-p3-structure-images-1024x952.jpg\" width=\"1020\" height=\"948\" srcset=\"https:\/\/arturf.com\/wp-content\/uploads\/2025\/07\/arturf-pickleball-floor-p3-structure-images-1024x952.jpg 1024w, https:\/\/arturf.com\/wp-content\/uploads\/2025\/07\/arturf-pickleball-floor-p3-structure-images-500x465.jpg 500w, https:\/\/arturf.com\/wp-content\/uploads\/2025\/07\/arturf-pickleball-floor-p3-structure-images-768x714.jpg 768w, https:\/\/arturf.com\/wp-content\/uploads\/2025\/07\/arturf-pickleball-floor-p3-structure-images-1536x1428.jpg 1536w, https:\/\/arturf.com\/wp-content\/uploads\/2025\/07\/arturf-pickleball-floor-p3-structure-images-13x12.jpg 13w, https:\/\/arturf.com\/wp-content\/uploads\/2025\/07\/arturf-pickleball-floor-p3-structure-images-510x474.jpg 510w, https:\/\/arturf.com\/wp-content\/uploads\/2025\/07\/arturf-pickleball-floor-p3-structure-images.jpg 1652w\" sizes=\"auto, (max-width: 1020px) 100vw, 1020px\" \/><figcaption id=\"caption-attachment-26582\" class=\"wp-caption-text\">Arturf Pickleball-Boden P3 Struktur &amp; Bilder<\/figcaption><\/figure>\n<h4>Produkteigenschaften\u00a0<\/h4>\n<ol>\n<li><b><\/b><strong><b>Nanobeschichtete Oberfl\u00e4che<\/b><\/strong>verhindert \u00d6lbildung und Oberfl\u00e4chenzersetzung durch UV-Strahlung.<\/li>\n<li><b><\/b><strong><b>Strukturiert mit feiner Steink\u00f6rnung<\/b><\/strong>und Anti-Rutsch-Partikel f\u00fcr maximalen Halt und Sicherheit.<\/li>\n<li><b><\/b><strong><b>Dichte, reine PVC-Konstruktion <\/b><\/strong>sorgt f\u00fcr minimalen Elastizit\u00e4tsverlust und hervorragenden Ballr\u00fccksprung.<\/li>\n<li><b><\/b><strong><b>Patentierte \u00f6lfreie Formel,<\/b><\/strong>Anti-Aging und lang anhaltende Leistung.<\/li>\n<li><b><\/b><strong><b>Antibakteriell, nicht saugf\u00e4hig<\/b><\/strong>, und geruchsfrei f\u00fcr sauberere Spielbedingungen.<\/li>\n<li><b><\/b><strong><b>Umweltfreundliche Materialien<\/b><\/strong>: ungiftig, geruchlos und entspricht den Umweltstandards.<\/li>\n<li><b><\/b><strong><b>Temperaturbest\u00e4ndig<\/b><\/strong>: zuverl\u00e4ssige Leistung von -40\u00b0C bis 100\u00b0<\/li>\n<\/ol>\n<p>\u00a0<\/p>","protected":false},"excerpt":{"rendered":"<p>Der Pickleball-Boden von Arturf wurde f\u00fcr Innen- und Au\u00dfenpl\u00e4tze entwickelt und zeichnet sich durch eine rutschfeste Textur, hervorragenden R\u00fcckprall und lange Haltbarkeit aus. Verbessert mit <strong data-start=\"282\" data-end=\"316\">NanoShield-Oberfl\u00e4chentechnologie<\/strong>, es ist best\u00e4ndig gegen UV-Sch\u00e4den, \u00d6len und Verschlei\u00df und gew\u00e4hrleistet so gleichbleibende Leistung und Sicherheit. Es besteht aus umweltfreundlichem PVC, ist antibakteriell, geruchsfrei und h\u00e4lt extremen Temperaturen stand.<\/p>","protected":false},"featured_media":26581,"template":"","meta":{"_seopress_robots_primary_cat":"","_seopress_titles_title":"Professional Pickleball Flooring - Indoor\/Outdoor, Anti-Slip Surface","_seopress_titles_desc":"","_seopress_robots_index":""},"product_brand":[],"product_cat":[831],"product_tag":[],"class_list":{"0":"post-26578","1":"product","2":"type-product","3":"status-publish","4":"has-post-thumbnail","6":"product_cat-extras","8":"first","9":"instock","10":"shipping-taxable","11":"product-type-simple"},"_links":{"self":[{"href":"https:\/\/arturf.com\/de\/wp-json\/wp\/v2\/product\/26578","targetHints":{"allow":["GET"]}}],"collection":[{"href":"https:\/\/arturf.com\/de\/wp-json\/wp\/v2\/product"}],"about":[{"href":"https:\/\/arturf.com\/de\/wp-json\/wp\/v2\/types\/product"}],"wp:featuredmedia":[{"embeddable":true,"href":"https:\/\/arturf.com\/de\/wp-json\/wp\/v2\/media\/26581"}],"wp:attachment":[{"href":"https:\/\/arturf.com\/de\/wp-json\/wp\/v2\/media?parent=26578"}],"wp:term":[{"taxonomy":"product_brand","embeddable":true,"href":"https:\/\/arturf.com\/de\/wp-json\/wp\/v2\/product_brand?post=26578"},{"taxonomy":"product_cat","embeddable":true,"href":"https:\/\/arturf.com\/de\/wp-json\/wp\/v2\/product_cat?post=26578"},{"taxonomy":"product_tag","embeddable":true,"href":"https:\/\/arturf.com\/de\/wp-json\/wp\/v2\/product_tag?post=26578"}],"curies":[{"name":"wp","href":"https:\/\/api.w.org\/{rel}","templated":true}]}}