{"id":6519,"date":"2018-05-18T01:38:05","date_gmt":"2018-05-18T01:38:05","guid":{"rendered":"https:\/\/arturf.com\/?post_type=product&#038;p=6519"},"modified":"2025-07-15T14:57:00","modified_gmt":"2025-07-15T06:57:00","slug":"flex","status":"publish","type":"product","link":"https:\/\/arturf.com\/de\/product\/flex\/","title":{"rendered":"Biegen"},"content":{"rendered":"<h3>Ideal zum Putten von Gr\u00fcns:<\/h3>\n<p>Mit seinem kurzen Flor und der hochdichten Konstruktion ist Flex eine ausgezeichnete Wahl f\u00fcr die Gestaltung eines herausragenden Putting Greens. Der getuftete Kunstrasen ist so konzipiert, dass er das Aussehen und die Haptik von Naturrasen simuliert und so ein realistisches Putt-Erlebnis gew\u00e4hrleistet. Egal, ob Sie ein professioneller Golfspieler sind oder einfach nur ein Spiel mit Freunden genie\u00dfen, Flex bietet eine konsistente und zuverl\u00e4ssige Oberfl\u00e4che f\u00fcr Ihre Golfbed\u00fcrfnisse.<\/p>\n<p><img loading=\"lazy\" decoding=\"async\" class=\"alignnone wp-image-12530 size-full\" src=\"https:\/\/arturf.com\/wp-content\/uploads\/2020\/08\/Arturf-Golf-Synthetic-Putting-Greens-1.jpg\" alt=\"Flex f\u00fcr synthetische Putting Greens\" width=\"800\" height=\"533\" srcset=\"https:\/\/arturf.com\/wp-content\/uploads\/2020\/08\/Arturf-Golf-Synthetic-Putting-Greens-1.jpg 800w, https:\/\/arturf.com\/wp-content\/uploads\/2020\/08\/Arturf-Golf-Synthetic-Putting-Greens-1-300x200.jpg 300w, https:\/\/arturf.com\/wp-content\/uploads\/2020\/08\/Arturf-Golf-Synthetic-Putting-Greens-1-768x512.jpg 768w, https:\/\/arturf.com\/wp-content\/uploads\/2020\/08\/Arturf-Golf-Synthetic-Putting-Greens-1-18x12.jpg 18w, https:\/\/arturf.com\/wp-content\/uploads\/2020\/08\/Arturf-Golf-Synthetic-Putting-Greens-1-510x340.jpg 510w\" sizes=\"auto, (max-width: 800px) 100vw, 800px\" \/><\/p>\n<h3>Vielseitiger Multisport-Einsatz:<\/h3>\n<p>Neben seiner au\u00dfergew\u00f6hnlichen Leistung auf Putting Greens eignet sich Flex auch f\u00fcr eine Reihe anderer Sport- und Freizeitaktivit\u00e4ten. Egal, ob Sie Cricket, Padel-Court, Tennis spielen oder andere Multisportaktivit\u00e4ten aus\u00fcben, Flex bietet die Haltbarkeit und Vielseitigkeit, die f\u00fcr eine intensive Nutzung erforderlich sind. Seine elastischen Fasern und die robuste Konstruktion halten den Anforderungen verschiedener Sportarten stand und sorgen f\u00fcr eine gleichm\u00e4\u00dfige Spieloberfl\u00e4che.<\/p>\n<p><img loading=\"lazy\" decoding=\"async\" class=\"alignnone wp-image-9319 size-full\" src=\"https:\/\/arturf.com\/wp-content\/uploads\/2019\/05\/Artificial-Grass-Multi-sport-Projects-3.jpg\" alt=\"Flex f\u00fcr Multisportarten\" width=\"800\" height=\"533\" srcset=\"https:\/\/arturf.com\/wp-content\/uploads\/2019\/05\/Artificial-Grass-Multi-sport-Projects-3.jpg 800w, https:\/\/arturf.com\/wp-content\/uploads\/2019\/05\/Artificial-Grass-Multi-sport-Projects-3-300x200.jpg 300w, https:\/\/arturf.com\/wp-content\/uploads\/2019\/05\/Artificial-Grass-Multi-sport-Projects-3-768x512.jpg 768w, https:\/\/arturf.com\/wp-content\/uploads\/2019\/05\/Artificial-Grass-Multi-sport-Projects-3-18x12.jpg 18w, https:\/\/arturf.com\/wp-content\/uploads\/2019\/05\/Artificial-Grass-Multi-sport-Projects-3-510x340.jpg 510w\" sizes=\"auto, (max-width: 800px) 100vw, 800px\" \/><\/p>\n<h3>Hochwertige Materialien:<\/h3>\n<p>Flex verwendet Polyethylenfasern in einem zweifarbigen gr\u00fcnen Design und schafft so einen optisch ansprechenden und nat\u00fcrlich aussehenden Kunstrasen. Die Kombination aus Haltbarkeit und \u00c4sthetik macht Flex zu einer hervorragenden langfristigen Investition. Es ist so konstruiert, dass es verschiedenen Wetterbedingungen standh\u00e4lt und somit f\u00fcr die Installation in unterschiedlichen Klimazonen geeignet ist.<\/p>\n<h3>Empfohlene Florh\u00f6he:<\/h3>\n<p>F\u00fcr eine optimale Leistung empfehlen wir f\u00fcr Flex eine Florh\u00f6he von 10 mm bis 18 mm. Diese Serie bietet die perfekte Balance zwischen der Bereitstellung einer glatten Putting-Oberfl\u00e4che und der Anpassung an Multisportaktivit\u00e4ten. Die k\u00fcrzere Florh\u00f6he sorgt f\u00fcr ein besseres Rollverhalten des Balls und eine bessere Pr\u00e4zision beim Golfsport, bietet aber dennoch ausreichend D\u00e4mpfung und Traktion f\u00fcr andere Sportarten.<\/p>\n<p>Erstellen Sie mit Flex ein professionelles Putting Green oder verwandeln Sie Ihren Au\u00dfenbereich in einen Multisportbereich. Dieser vielseitige Kunstrasen vereint Haltbarkeit, Realismus und Leistung und ist damit die ideale Wahl sowohl f\u00fcr Golfbegeisterte als auch f\u00fcr Multisportbegeisterte. Erleben Sie die Freude an einem gepflegten Gr\u00fcn und genie\u00dfen Sie endlose Stunden sportlichen Spa\u00dfes mit Flex.<\/p>\n\n\t<section class=\"section\" id=\"section_1926803813\">\n\t\t<div class=\"section-bg fill\" >\n\t\t\t\t\t\t\t\t\t\n\t\t\t\n\n\t\t<\/div>\n\n\t\t\n\n\t\t<div class=\"section-content relative\">\n\t\t\t\n\n<div class=\"row\"  id=\"row-1920301779\">\n\n\n\t<div id=\"col-964818605\" class=\"col small-12 large-12\"  >\n\t\t\t\t<div class=\"col-inner text-center\"  >\n\t\t\t\n\t\t\t\n\n<h2>FAQs<\/h2>\n\n\t\t<\/div>\n\t\t\t\t\t<\/div>\n\n\t\n\n<\/div>\n<div class=\"row align-center row-box-shadow-1\"  id=\"row-432421967\">\n\n\n\t<div id=\"col-200149699\" class=\"col medium-10 small-12 large-9\"  >\n\t\t\t\t<div class=\"col-inner\" style=\"background-color:rgb(255,255,255);\" >\n\t\t\t\n\t\t\t\n\n<div class=\"accordion\">\n\n\t<div id=\"accordion-3214815015\" class=\"accordion-item\">\n\t\t<a id=\"accordion-3214815015-label\" class=\"accordion-title plain\" href=\"#accordion-item-can-you-customize-specifications-for-your-artificial-turf-products?\" aria-expanded=\"false\" aria-controls=\"accordion-3214815015-content\">\n\t\t\t<button class=\"toggle\" aria-label=\"Umschalten\"><i class=\"icon-angle-down\" aria-hidden=\"true\"><\/i><\/button>\n\t\t\t<span>K\u00f6nnen Sie die Spezifikationen f\u00fcr Ihre Kunstrasenprodukte anpassen?<\/span>\n\t\t<\/a>\n\t\t<div id=\"accordion-3214815015-content\" class=\"accordion-inner\" aria-labelledby=\"accordion-3214815015-label\">\n\t\t\t\n\n<p>Ja, wir bieten individuelle Optionen f\u00fcr Farbe, Garnform, Florh\u00f6he, Dichte und Tr\u00e4germaterial. Wir k\u00f6nnen auch nach einem bereitgestellten Muster produzieren.<\/p>\n\n\t\t<\/div>\n\t<\/div>\n\t\n\t<div id=\"accordion-3978182833\" class=\"accordion-item\">\n\t\t<a id=\"accordion-3978182833-label\" class=\"accordion-title plain\" href=\"#accordion-item-do-you-have-stock?\" aria-expanded=\"false\" aria-controls=\"accordion-3978182833-content\">\n\t\t\t<button class=\"toggle\" aria-label=\"Umschalten\"><i class=\"icon-angle-down\" aria-hidden=\"true\"><\/i><\/button>\n\t\t\t<span>Haben Sie Lagerbest\u00e4nde?<\/span>\n\t\t<\/a>\n\t\t<div id=\"accordion-3978182833-content\" class=\"accordion-inner\" aria-labelledby=\"accordion-3978182833-label\">\n\t\t\t\n\n<p>Nein, wir f\u00fchren keine Lagerbest\u00e4nde. Wir beginnen mit der Produktion auf der Grundlage konkreter Bestellungen.<\/p>\n\n\t\t<\/div>\n\t<\/div>\n\t\n\t<div id=\"accordion-3706884056\" class=\"accordion-item\">\n\t\t<a id=\"accordion-3706884056-label\" class=\"accordion-title plain\" href=\"#accordion-item-what-is-your-moq?\" aria-expanded=\"false\" aria-controls=\"accordion-3706884056-content\">\n\t\t\t<button class=\"toggle\" aria-label=\"Umschalten\"><i class=\"icon-angle-down\" aria-hidden=\"true\"><\/i><\/button>\n\t\t\t<span>Was ist Ihr MOQ?<\/span>\n\t\t<\/a>\n\t\t<div id=\"accordion-3706884056-content\" class=\"accordion-inner\" aria-labelledby=\"accordion-3706884056-label\">\n\t\t\t\n\n<p>F\u00fcr die meisten Kunstrasen betr\u00e4gt unsere Mindestbestellmenge (MOQ) 500 Quadratmeter. F\u00fcr einige Produkte mit geringem Fl\u00e4chengewicht betr\u00e4gt die Mindestbestellmenge 800 Quadratmeter.<\/p>\n\n\t\t<\/div>\n\t<\/div>\n\t\n\t<div id=\"accordion-1412732983\" class=\"accordion-item\">\n\t\t<a id=\"accordion-1412732983-label\" class=\"accordion-title plain\" href=\"#accordion-item-what-are-the-width-and-length-options-for-artificial-grass?\" aria-expanded=\"false\" aria-controls=\"accordion-1412732983-content\">\n\t\t\t<button class=\"toggle\" aria-label=\"Umschalten\"><i class=\"icon-angle-down\" aria-hidden=\"true\"><\/i><\/button>\n\t\t\t<span>Welche Breiten- und L\u00e4ngenoptionen gibt es f\u00fcr Kunstrasen?<\/span>\n\t\t<\/a>\n\t\t<div id=\"accordion-1412732983-content\" class=\"accordion-inner\" aria-labelledby=\"accordion-1412732983-label\">\n\t\t\t\n\n<p>Unsere g\u00e4ngigen Breitenoptionen sind 2 m, 3,75 m, 3,95 m, 4 m und 5 m. Die L\u00e4nge kann entsprechend Ihren spezifischen Projektanforderungen angepasst werden. Standardm\u00e4\u00dfig mischen wir 4 m breiten und 2 m breiten Rasen miteinander, um den Containerraum zu optimieren.<\/p>\n\n\t\t<\/div>\n\t<\/div>\n\t\n\t<div id=\"accordion-1927945319\" class=\"accordion-item\">\n\t\t<a id=\"accordion-1927945319-label\" class=\"accordion-title plain\" href=\"#accordion-item-what-information-do-you-need-to-provide-the-landed-cost-for-international-customers?\" aria-expanded=\"false\" aria-controls=\"accordion-1927945319-content\">\n\t\t\t<button class=\"toggle\" aria-label=\"Umschalten\"><i class=\"icon-angle-down\" aria-hidden=\"true\"><\/i><\/button>\n\t\t\t<span>Welche Informationen ben\u00f6tigen Sie, um die Gesamtkosten f\u00fcr internationale Kunden bereitzustellen?<\/span>\n\t\t<\/a>\n\t\t<div id=\"accordion-1927945319-content\" class=\"accordion-inner\" aria-labelledby=\"accordion-1927945319-label\">\n\t\t\t\n\n<p>Um die Landekosten angeben zu k\u00f6nnen, ben\u00f6tigen wir Informationen zu den Produktdetails, der Menge und dem Zielseehafen.<\/p>\n\n\t\t<\/div>\n\t<\/div>\n\t\n\n<\/div>\n\n\t\t<\/div>\n\t\t\t\t\t<\/div>\n\n\t\n\n\n<style>\n#row-432421967 > .col > .col-inner {\n  padding: 0px 0px 0px 0px;\n}\n@media (min-width:550px) {\n  #row-432421967 > .col > .col-inner {\n    padding: 30px 30px 30px 30px;\n  }\n}\n<\/style>\n<\/div>\n\n\t\t<\/div>\n\n\t\t\n<style>\n#section_1926803813 {\n  padding-top: 60px;\n  padding-bottom: 60px;\n}\n<\/style>\n\t<\/section>\n\t\n<div class=\"row align-center\"  id=\"row-614805627\">\n\n\n\t<div id=\"col-1310443113\" class=\"col medium-4 large-4\"  >\n\t\t\t\t<div class=\"col-inner\"  >\n\t\t\t\n\t<div class=\"is-border\"\n\t\tstyle=\"border-width:0px 0px 0px 0px;\">\n\t<\/div>\n\t\t\t\n\n\n\t\t<div class=\"icon-box featured-box icon-box-center text-center\"  style=\"margin:0px 0px 0px 0px;\">\n\t\t\t\t\t<div class=\"icon-box-img has-icon-bg\" style=\"width: 100px\">\n\t\t\t\t<div class=\"icon\">\n\t\t\t\t\t<div class=\"icon-inner\" style=\"border-width:2px;color:rgba(47, 159, 18, 0.88);\">\n\t\t\t\t\t\t<img loading=\"lazy\" decoding=\"async\" width=\"100\" height=\"100\" src=\"https:\/\/arturf.com\/wp-content\/uploads\/2018\/06\/Icon-Good-quality.png\" class=\"attachment-medium size-medium\" alt=\"Putting Green, Multisport\" srcset=\"https:\/\/arturf.com\/wp-content\/uploads\/2018\/06\/Icon-Good-quality.png 100w, https:\/\/arturf.com\/wp-content\/uploads\/2018\/06\/Icon-Good-quality-12x12.png 12w\" sizes=\"auto, (max-width: 100px) 100vw, 100px\" \/>\t\t\t\t\t<\/div>\n\t\t\t\t<\/div>\n\t\t\t<\/div>\n\t\t\t\t<div class=\"icon-box-text last-reset\">\n\t\t\t<h5 class=\"uppercase\">Bew\u00e4hrte Qualit\u00e4t<\/h5>\t\t\t\t\t\t\n\n<p>Hochwertiger Kunstrasen mit UV- und Verschlei\u00dffestigkeit. Solide Garantien sorgen f\u00fcr dauerhafte Zufriedenheit.<\/p>\n\n\t\t<\/div>\n\t<\/div>\n\t\n\t\n\n\t\t<\/div>\n\t\t\t\t\t<\/div>\n\n\t\n\n\t<div id=\"col-1908176164\" class=\"col medium-4 large-4\"  >\n\t\t\t\t<div class=\"col-inner\"  >\n\t\t\t\n\t<div class=\"is-border\"\n\t\tstyle=\"border-width:0px 0px 0px 0px;\">\n\t<\/div>\n\t\t\t\n\n\n\t\t<div class=\"icon-box featured-box icon-box-center text-center\"  style=\"margin:0px 0px 0px 0px;\">\n\t\t\t\t\t<div class=\"icon-box-img has-icon-bg\" style=\"width: 100px\">\n\t\t\t\t<div class=\"icon\">\n\t\t\t\t\t<div class=\"icon-inner\" style=\"border-width:2px;color:rgba(47, 159, 18, 0.88);\">\n\t\t\t\t\t\t<img loading=\"lazy\" decoding=\"async\" width=\"100\" height=\"100\" src=\"https:\/\/arturf.com\/wp-content\/uploads\/2018\/06\/Icon-Good-price.png\" class=\"attachment-medium size-medium\" alt=\"Putting Green, Multisport\" srcset=\"https:\/\/arturf.com\/wp-content\/uploads\/2018\/06\/Icon-Good-price.png 100w, https:\/\/arturf.com\/wp-content\/uploads\/2018\/06\/Icon-Good-price-12x12.png 12w\" sizes=\"auto, (max-width: 100px) 100vw, 100px\" \/>\t\t\t\t\t<\/div>\n\t\t\t\t<\/div>\n\t\t\t<\/div>\n\t\t\t\t<div class=\"icon-box-text last-reset\">\n\t\t\t<h5 class=\"uppercase\">Wettbewerbsf\u00e4hige Preise<\/h5>\t\t\t\t\t\t\n\n<p>Wir bieten wettbewerbsf\u00e4hige Preise und f\u00f6rdern das gemeinsame Wachstum und den langfristigen Erfolg unserer gesch\u00e4tzten H\u00e4ndler.<\/p>\n\n\t\t<\/div>\n\t<\/div>\n\t\n\t\n\n\t\t<\/div>\n\t\t\t\t\t<\/div>\n\n\t\n\n\t<div id=\"col-900429344\" class=\"col medium-4 large-4\"  >\n\t\t\t\t<div class=\"col-inner\"  >\n\t\t\t\n\t<div class=\"is-border\"\n\t\tstyle=\"border-width:0px 0px 0px 0px;\">\n\t<\/div>\n\t\t\t\n\n\n\t\t<div class=\"icon-box featured-box icon-box-center text-center\"  style=\"margin:0px 0px 0px 0px;\">\n\t\t\t\t\t<div class=\"icon-box-img has-icon-bg\" style=\"width: 100px\">\n\t\t\t\t<div class=\"icon\">\n\t\t\t\t\t<div class=\"icon-inner\" style=\"border-width:2px;color:rgba(47, 159, 18, 0.88);\">\n\t\t\t\t\t\t<img loading=\"lazy\" decoding=\"async\" width=\"100\" height=\"100\" src=\"https:\/\/arturf.com\/wp-content\/uploads\/2018\/06\/Icon-tailor-made.png\" class=\"attachment-medium size-medium\" alt=\"Putting Green, Multisport\" srcset=\"https:\/\/arturf.com\/wp-content\/uploads\/2018\/06\/Icon-tailor-made.png 100w, https:\/\/arturf.com\/wp-content\/uploads\/2018\/06\/Icon-tailor-made-12x12.png 12w\" sizes=\"auto, (max-width: 100px) 100vw, 100px\" \/>\t\t\t\t\t<\/div>\n\t\t\t\t<\/div>\n\t\t\t<\/div>\n\t\t\t\t<div class=\"icon-box-text last-reset\">\n\t\t\t<h5 class=\"uppercase\">Ma\u00dfgeschneiderte L\u00f6sungen<\/h5>\t\t\t\t\t\t\n\n<p>Sch\u00f6pfen Sie Marktpotenzial mit vielf\u00e4ltigen Kunstrasenoptionen. <a href=\"https:\/\/arturf.com\/de\/buyers-guide\/customized-artificial-grass-products\/\">Auf individuelle Bed\u00fcrfnisse oder Muster zugeschnitten<\/a>.<\/p>\n\n\t\t<\/div>\n\t<\/div>\n\t\n\t\n\n\t\t<\/div>\n\t\t\t\t\t<\/div>\n\n\t\n\n<\/div>","protected":false},"excerpt":{"rendered":"<p>Flex ist ein hochwertiger Kunstrasen, der speziell f\u00fcr Putting-Greens und Multisportbereiche entwickelt wurde. Dieser Rasen mit hoher Dichte besteht aus texturiertem Monofilamentgarn und eignet sich daher perfekt f\u00fcr die Schaffung einer professionellen Putting-Oberfl\u00e4che und die Unterst\u00fctzung verschiedener sportlicher Aktivit\u00e4ten.<\/p>","protected":false},"featured_media":13734,"template":"","meta":{"_seopress_robots_primary_cat":"69","_seopress_titles_title":"Flex - Premium Putting Green & Multi-Sport Turf","_seopress_titles_desc":"Flex artificial turf delivers professional putting green performance. High-density texturized yarn perfect for golf, cricket, padel & tennis. 10-18mm pile.","_seopress_robots_index":""},"product_brand":[],"product_cat":[65,68,69],"product_tag":[],"class_list":{"0":"post-6519","1":"product","2":"type-product","3":"status-publish","4":"has-post-thumbnail","6":"product_cat-golf","7":"product_cat-tennis","8":"product_cat-multi-purpose","10":"first","11":"instock","12":"shipping-taxable","13":"product-type-simple"},"_links":{"self":[{"href":"https:\/\/arturf.com\/de\/wp-json\/wp\/v2\/product\/6519","targetHints":{"allow":["GET"]}}],"collection":[{"href":"https:\/\/arturf.com\/de\/wp-json\/wp\/v2\/product"}],"about":[{"href":"https:\/\/arturf.com\/de\/wp-json\/wp\/v2\/types\/product"}],"wp:featuredmedia":[{"embeddable":true,"href":"https:\/\/arturf.com\/de\/wp-json\/wp\/v2\/media\/13734"}],"wp:attachment":[{"href":"https:\/\/arturf.com\/de\/wp-json\/wp\/v2\/media?parent=6519"}],"wp:term":[{"taxonomy":"product_brand","embeddable":true,"href":"https:\/\/arturf.com\/de\/wp-json\/wp\/v2\/product_brand?post=6519"},{"taxonomy":"product_cat","embeddable":true,"href":"https:\/\/arturf.com\/de\/wp-json\/wp\/v2\/product_cat?post=6519"},{"taxonomy":"product_tag","embeddable":true,"href":"https:\/\/arturf.com\/de\/wp-json\/wp\/v2\/product_tag?post=6519"}],"curies":[{"name":"wp","href":"https:\/\/api.w.org\/{rel}","templated":true}]}}