{"id":6520,"date":"2011-05-18T01:44:47","date_gmt":"2011-05-18T01:44:47","guid":{"rendered":"https:\/\/arturf.com\/?post_type=product&#038;p=6520"},"modified":"2019-06-25T01:30:28","modified_gmt":"2019-06-25T01:30:28","slug":"ultimate-portable-green","status":"publish","type":"product","link":"https:\/\/arturf.com\/de\/product\/ultimate-portable-green\/","title":{"rendered":"Ultimatives tragbares Gr\u00fcn"},"content":{"rendered":"<p>Jeder gute Golfspieler wei\u00df, dass die erste M\u00f6glichkeit, Ihre Golfergebnisse zu senken, darin besteht, das Putten zu \u00fcben. ARTURF Portable Putting Greens sind ein gro\u00dfartiger Assistent, um Ihre Putting-F\u00e4higkeiten zu verbessern. Unsere tragbaren Putting Greens wurden sorgf\u00e4ltig entworfen, damit sie in den Wintermonaten in jedem Raum Ihres Hauses und im Sommer in Ihrem Garten aufgestellt werden k\u00f6nnen. ARTURF Ultimate Portable Golf Putting Green ist f\u00fcr beide gut geeignet <strong>Au\u00dfen- und Innenbereich. Tragbar und einfach zu installieren; Einfach abrollen und spielen.<\/strong><\/p>\n<p><strong>Tragbare Putting Greens mit allen Funktionen<\/strong><br \/>Die vorverpackten tragbaren Putting Greens bieten Ihnen alle Funktionen eines traditionellen Putting Green im Komfort und in der W\u00e4rme Ihres eigenen Zuhauses oder B\u00fcros. Sie werden feststellen, dass unsere tragbaren Putting Greens im Innen- und Au\u00dfenbereich sowohl sch\u00f6n als auch unglaublich realistisch sind.<\/p>\n<p>Unsere tragbaren Putting Greens wurden von Golfern f\u00fcr Golfer mit der Absicht entwickelt, die beste verf\u00fcgbare Putting-\u00dcbungsumgebung zu schaffen, ohne Quadratmeter zu verschwenden, f\u00fcr die Sie bezahlen m\u00fcssen, und wenig praktischen Wert hinzuzuf\u00fcgen.<\/p>\n<p>Jetzt k\u00f6nnen Sie den Golfplatz \u00fcberall hin mitnehmen! Realistischer und herausfordernder als einen Ball in ein Trinkglas auf dem Teppich zu zielen.<\/p>\n<p><strong>Eigenschaften:<\/strong><\/p>\n<ul>\n<li class=\"bullet-arrow\"><strong>Gr\u00f6\u00dfe: <\/strong><strong>1,5 m \u00b7 3,0 m \/ 3,5 m,\u00a0<\/strong>\u00a0gro\u00df genug f\u00fcr einen kniffligen Putt, aber kompakt, um fast \u00fcberall zu spielen. Sondergr\u00f6\u00dfe kann angepasst werden.<\/li>\n<li class=\"bullet-arrow\">H\u00f6chste Funktionalit\u00e4t und realistischstes synthetisches Putting Green<\/li>\n<li class=\"bullet-arrow\"><strong>Materialien:<\/strong> Texturiertes Polyethylen mit Monofilament-Polyethylenfransen<\/li>\n<li class=\"bullet-arrow\"><strong>Garantie:<\/strong> 8 Jahre Garantie<\/li>\n<li class=\"bullet-arrow\">Best Value Indoor Putting Green auf dem Markt<\/li>\n<\/ul>\n<p><strong>Leistungen:<\/strong><\/p>\n<ul>\n<li class=\"bullet-checkmark bullet-arrow\">Entwickelt, um eine realistische Putting-Textur und simuliertes Rough zu bieten.<\/li>\n<li class=\"bullet-checkmark bullet-arrow\">Verpackt mit einer gewebten Stofftasche. Sehr leicht zu tragen.<\/li>\n<\/ul>\n<p><img loading=\"lazy\" decoding=\"async\" class=\"alignnone size-full wp-image-3893\" title=\"Ultimatives tragbares Putting Green\" src=\"https:\/\/arturf.com\/wp-content\/uploads\/2012\/08\/mini-golf.jpg\" alt=\"Tragbares Putting Green\" width=\"600\" height=\"532\" \/><\/p>\n<p>Bitte beachten Sie, dass wir nicht empfehlen, das Ultimate Portable Green einzeln zu kaufen, da die Luftfracht sehr hoch und wahrscheinlich viel h\u00f6her als der Wert der Produkte ist. Wir empfehlen, zusammen mit Kunstrasen zu bestellen und Ultimate Portable Green in denselben Beh\u00e4lter zu geben.\u00a0<\/p>\n\n\t<section class=\"section\" id=\"section_674587973\">\n\t\t<div class=\"section-bg fill\" >\n\t\t\t\t\t\t\t\t\t\n\t\t\t\n\n\t\t<\/div>\n\n\t\t\n\n\t\t<div class=\"section-content relative\">\n\t\t\t\n\n<div class=\"row\"  id=\"row-1260304213\">\n\n\n\t<div id=\"col-1434763124\" class=\"col small-12 large-12\"  >\n\t\t\t\t<div class=\"col-inner text-center\"  >\n\t\t\t\n\t\t\t\n\n<h2>FAQs<\/h2>\n\n\t\t<\/div>\n\t\t\t\t\t<\/div>\n\n\t\n\n<\/div>\n<div class=\"row align-center row-box-shadow-1\"  id=\"row-1483436161\">\n\n\n\t<div id=\"col-862524083\" class=\"col medium-10 small-12 large-9\"  >\n\t\t\t\t<div class=\"col-inner\" style=\"background-color:rgb(255,255,255);\" >\n\t\t\t\n\t\t\t\n\n<div class=\"accordion\">\n\n\t<div id=\"accordion-2314333538\" class=\"accordion-item\">\n\t\t<a id=\"accordion-2314333538-label\" class=\"accordion-title plain\" href=\"#accordion-item-can-you-customize-specifications-for-your-artificial-turf-products?\" aria-expanded=\"false\" aria-controls=\"accordion-2314333538-content\">\n\t\t\t<button class=\"toggle\" aria-label=\"Umschalten\"><i class=\"icon-angle-down\" aria-hidden=\"true\"><\/i><\/button>\n\t\t\t<span>K\u00f6nnen Sie die Spezifikationen f\u00fcr Ihre Kunstrasenprodukte anpassen?<\/span>\n\t\t<\/a>\n\t\t<div id=\"accordion-2314333538-content\" class=\"accordion-inner\" aria-labelledby=\"accordion-2314333538-label\">\n\t\t\t\n\n<p>Ja, wir bieten individuelle Optionen f\u00fcr Farbe, Garnform, Florh\u00f6he, Dichte und Tr\u00e4germaterial. Wir k\u00f6nnen auch nach einem bereitgestellten Muster produzieren.<\/p>\n\n\t\t<\/div>\n\t<\/div>\n\t\n\t<div id=\"accordion-2139789990\" class=\"accordion-item\">\n\t\t<a id=\"accordion-2139789990-label\" class=\"accordion-title plain\" href=\"#accordion-item-do-you-have-stock?\" aria-expanded=\"false\" aria-controls=\"accordion-2139789990-content\">\n\t\t\t<button class=\"toggle\" aria-label=\"Umschalten\"><i class=\"icon-angle-down\" aria-hidden=\"true\"><\/i><\/button>\n\t\t\t<span>Haben Sie Lagerbest\u00e4nde?<\/span>\n\t\t<\/a>\n\t\t<div id=\"accordion-2139789990-content\" class=\"accordion-inner\" aria-labelledby=\"accordion-2139789990-label\">\n\t\t\t\n\n<p>Nein, wir f\u00fchren keine Lagerbest\u00e4nde. Wir beginnen mit der Produktion auf der Grundlage konkreter Bestellungen.<\/p>\n\n\t\t<\/div>\n\t<\/div>\n\t\n\t<div id=\"accordion-554849809\" class=\"accordion-item\">\n\t\t<a id=\"accordion-554849809-label\" class=\"accordion-title plain\" href=\"#accordion-item-what-is-your-moq?\" aria-expanded=\"false\" aria-controls=\"accordion-554849809-content\">\n\t\t\t<button class=\"toggle\" aria-label=\"Umschalten\"><i class=\"icon-angle-down\" aria-hidden=\"true\"><\/i><\/button>\n\t\t\t<span>Was ist Ihr MOQ?<\/span>\n\t\t<\/a>\n\t\t<div id=\"accordion-554849809-content\" class=\"accordion-inner\" aria-labelledby=\"accordion-554849809-label\">\n\t\t\t\n\n<p>F\u00fcr die meisten Kunstrasen betr\u00e4gt unsere Mindestbestellmenge (MOQ) 500 Quadratmeter. F\u00fcr einige Produkte mit geringem Fl\u00e4chengewicht betr\u00e4gt die Mindestbestellmenge 800 Quadratmeter.<\/p>\n\n\t\t<\/div>\n\t<\/div>\n\t\n\t<div id=\"accordion-1187568849\" class=\"accordion-item\">\n\t\t<a id=\"accordion-1187568849-label\" class=\"accordion-title plain\" href=\"#accordion-item-what-are-the-width-and-length-options-for-artificial-grass?\" aria-expanded=\"false\" aria-controls=\"accordion-1187568849-content\">\n\t\t\t<button class=\"toggle\" aria-label=\"Umschalten\"><i class=\"icon-angle-down\" aria-hidden=\"true\"><\/i><\/button>\n\t\t\t<span>Welche Breiten- und L\u00e4ngenoptionen gibt es f\u00fcr Kunstrasen?<\/span>\n\t\t<\/a>\n\t\t<div id=\"accordion-1187568849-content\" class=\"accordion-inner\" aria-labelledby=\"accordion-1187568849-label\">\n\t\t\t\n\n<p>Unsere g\u00e4ngigen Breitenoptionen sind 2 m, 3,75 m, 3,95 m, 4 m und 5 m. Die L\u00e4nge kann entsprechend Ihren spezifischen Projektanforderungen angepasst werden. Standardm\u00e4\u00dfig mischen wir 4 m breiten und 2 m breiten Rasen miteinander, um den Containerraum zu optimieren.<\/p>\n\n\t\t<\/div>\n\t<\/div>\n\t\n\t<div id=\"accordion-3656760894\" class=\"accordion-item\">\n\t\t<a id=\"accordion-3656760894-label\" class=\"accordion-title plain\" href=\"#accordion-item-what-information-do-you-need-to-provide-the-landed-cost-for-international-customers?\" aria-expanded=\"false\" aria-controls=\"accordion-3656760894-content\">\n\t\t\t<button class=\"toggle\" aria-label=\"Umschalten\"><i class=\"icon-angle-down\" aria-hidden=\"true\"><\/i><\/button>\n\t\t\t<span>Welche Informationen ben\u00f6tigen Sie, um die Gesamtkosten f\u00fcr internationale Kunden bereitzustellen?<\/span>\n\t\t<\/a>\n\t\t<div id=\"accordion-3656760894-content\" class=\"accordion-inner\" aria-labelledby=\"accordion-3656760894-label\">\n\t\t\t\n\n<p>Um die Landekosten angeben zu k\u00f6nnen, ben\u00f6tigen wir Informationen zu den Produktdetails, der Menge und dem Zielseehafen.<\/p>\n\n\t\t<\/div>\n\t<\/div>\n\t\n\n<\/div>\n\n\t\t<\/div>\n\t\t\t\t\t<\/div>\n\n\t\n\n\n<style>\n#row-1483436161 > .col > .col-inner {\n  padding: 0px 0px 0px 0px;\n}\n@media (min-width:550px) {\n  #row-1483436161 > .col > .col-inner {\n    padding: 30px 30px 30px 30px;\n  }\n}\n<\/style>\n<\/div>\n\n\t\t<\/div>\n\n\t\t\n<style>\n#section_674587973 {\n  padding-top: 60px;\n  padding-bottom: 60px;\n}\n<\/style>\n\t<\/section>\n\t\n<div class=\"row align-center\"  id=\"row-1969704041\">\n\n\n\t<div id=\"col-10626788\" class=\"col medium-4 large-4\"  >\n\t\t\t\t<div class=\"col-inner\"  >\n\t\t\t\n\t<div class=\"is-border\"\n\t\tstyle=\"border-width:0px 0px 0px 0px;\">\n\t<\/div>\n\t\t\t\n\n\n\t\t<div class=\"icon-box featured-box icon-box-center text-center\"  style=\"margin:0px 0px 0px 0px;\">\n\t\t\t\t\t<div class=\"icon-box-img has-icon-bg\" style=\"width: 100px\">\n\t\t\t\t<div class=\"icon\">\n\t\t\t\t\t<div class=\"icon-inner\" style=\"border-width:2px;color:rgba(47, 159, 18, 0.88);\">\n\t\t\t\t\t\t<img loading=\"lazy\" decoding=\"async\" width=\"100\" height=\"100\" src=\"https:\/\/arturf.com\/wp-content\/uploads\/2018\/06\/Icon-Good-quality.png\" class=\"attachment-medium size-medium\" alt=\"\" srcset=\"https:\/\/arturf.com\/wp-content\/uploads\/2018\/06\/Icon-Good-quality.png 100w, https:\/\/arturf.com\/wp-content\/uploads\/2018\/06\/Icon-Good-quality-12x12.png 12w\" sizes=\"auto, (max-width: 100px) 100vw, 100px\" \/>\t\t\t\t\t<\/div>\n\t\t\t\t<\/div>\n\t\t\t<\/div>\n\t\t\t\t<div class=\"icon-box-text last-reset\">\n\t\t\t<h5 class=\"uppercase\">Bew\u00e4hrte Qualit\u00e4t<\/h5>\t\t\t\t\t\t\n\n<p>Hochwertiger Kunstrasen mit UV- und Verschlei\u00dffestigkeit. Solide Garantien sorgen f\u00fcr dauerhafte Zufriedenheit.<\/p>\n\n\t\t<\/div>\n\t<\/div>\n\t\n\t\n\n\t\t<\/div>\n\t\t\t\t\t<\/div>\n\n\t\n\n\t<div id=\"col-510627226\" class=\"col medium-4 large-4\"  >\n\t\t\t\t<div class=\"col-inner\"  >\n\t\t\t\n\t<div class=\"is-border\"\n\t\tstyle=\"border-width:0px 0px 0px 0px;\">\n\t<\/div>\n\t\t\t\n\n\n\t\t<div class=\"icon-box featured-box icon-box-center text-center\"  style=\"margin:0px 0px 0px 0px;\">\n\t\t\t\t\t<div class=\"icon-box-img has-icon-bg\" style=\"width: 100px\">\n\t\t\t\t<div class=\"icon\">\n\t\t\t\t\t<div class=\"icon-inner\" style=\"border-width:2px;color:rgba(47, 159, 18, 0.88);\">\n\t\t\t\t\t\t<img loading=\"lazy\" decoding=\"async\" width=\"100\" height=\"100\" src=\"https:\/\/arturf.com\/wp-content\/uploads\/2018\/06\/Icon-Good-price.png\" class=\"attachment-medium size-medium\" alt=\"\" srcset=\"https:\/\/arturf.com\/wp-content\/uploads\/2018\/06\/Icon-Good-price.png 100w, https:\/\/arturf.com\/wp-content\/uploads\/2018\/06\/Icon-Good-price-12x12.png 12w\" sizes=\"auto, (max-width: 100px) 100vw, 100px\" \/>\t\t\t\t\t<\/div>\n\t\t\t\t<\/div>\n\t\t\t<\/div>\n\t\t\t\t<div class=\"icon-box-text last-reset\">\n\t\t\t<h5 class=\"uppercase\">Wettbewerbsf\u00e4hige Preise<\/h5>\t\t\t\t\t\t\n\n<p>Wir bieten wettbewerbsf\u00e4hige Preise und f\u00f6rdern das gemeinsame Wachstum und den langfristigen Erfolg unserer gesch\u00e4tzten H\u00e4ndler.<\/p>\n\n\t\t<\/div>\n\t<\/div>\n\t\n\t\n\n\t\t<\/div>\n\t\t\t\t\t<\/div>\n\n\t\n\n\t<div id=\"col-111395586\" class=\"col medium-4 large-4\"  >\n\t\t\t\t<div class=\"col-inner\"  >\n\t\t\t\n\t<div class=\"is-border\"\n\t\tstyle=\"border-width:0px 0px 0px 0px;\">\n\t<\/div>\n\t\t\t\n\n\n\t\t<div class=\"icon-box featured-box icon-box-center text-center\"  style=\"margin:0px 0px 0px 0px;\">\n\t\t\t\t\t<div class=\"icon-box-img has-icon-bg\" style=\"width: 100px\">\n\t\t\t\t<div class=\"icon\">\n\t\t\t\t\t<div class=\"icon-inner\" style=\"border-width:2px;color:rgba(47, 159, 18, 0.88);\">\n\t\t\t\t\t\t<img loading=\"lazy\" decoding=\"async\" width=\"100\" height=\"100\" src=\"https:\/\/arturf.com\/wp-content\/uploads\/2018\/06\/Icon-tailor-made.png\" class=\"attachment-medium size-medium\" alt=\"\" srcset=\"https:\/\/arturf.com\/wp-content\/uploads\/2018\/06\/Icon-tailor-made.png 100w, https:\/\/arturf.com\/wp-content\/uploads\/2018\/06\/Icon-tailor-made-12x12.png 12w\" sizes=\"auto, (max-width: 100px) 100vw, 100px\" \/>\t\t\t\t\t<\/div>\n\t\t\t\t<\/div>\n\t\t\t<\/div>\n\t\t\t\t<div class=\"icon-box-text last-reset\">\n\t\t\t<h5 class=\"uppercase\">Ma\u00dfgeschneiderte L\u00f6sungen<\/h5>\t\t\t\t\t\t\n\n<p>Sch\u00f6pfen Sie Marktpotenzial mit vielf\u00e4ltigen Kunstrasenoptionen. <a href=\"https:\/\/arturf.com\/de\/buyers-guide\/customized-artificial-grass-products\/\">Auf individuelle Bed\u00fcrfnisse oder Muster zugeschnitten<\/a>.<\/p>\n\n\t\t<\/div>\n\t<\/div>\n\t\n\t\n\n\t\t<\/div>\n\t\t\t\t\t<\/div>\n\n\t\n\n<\/div>","protected":false},"excerpt":{"rendered":"<p>Unser Ultimate Portable Golf Putting Green ist f\u00fcr Golfer aller Spielst\u00e4rken geeignet. Dies ist ein Putting Green in professioneller Qualit\u00e4t mit zwei Tassen und Stiftfahnen. Chipping, lange Putts, solides Spielgef\u00fchl und das echte Rollen des Balls - fast alles, was Sie von einem echten Putting Green erwarten. Geeignet f\u00fcr Outdoor und\u00a0<strong>Verwendung in Innenr\u00e4umen. Tragbar und einfach zu installieren; Einfach abrollen und spielen.<\/strong><\/p>","protected":false},"featured_media":3909,"template":"","meta":{"_seopress_robots_primary_cat":"","_seopress_titles_title":"","_seopress_titles_desc":"","_seopress_robots_index":""},"product_brand":[],"product_cat":[65],"product_tag":[],"class_list":{"0":"post-6520","1":"product","2":"type-product","3":"status-publish","4":"has-post-thumbnail","6":"product_cat-golf","8":"first","9":"instock","10":"shipping-taxable","11":"product-type-simple"},"_links":{"self":[{"href":"https:\/\/arturf.com\/de\/wp-json\/wp\/v2\/product\/6520","targetHints":{"allow":["GET"]}}],"collection":[{"href":"https:\/\/arturf.com\/de\/wp-json\/wp\/v2\/product"}],"about":[{"href":"https:\/\/arturf.com\/de\/wp-json\/wp\/v2\/types\/product"}],"wp:featuredmedia":[{"embeddable":true,"href":"https:\/\/arturf.com\/de\/wp-json\/wp\/v2\/media\/3909"}],"wp:attachment":[{"href":"https:\/\/arturf.com\/de\/wp-json\/wp\/v2\/media?parent=6520"}],"wp:term":[{"taxonomy":"product_brand","embeddable":true,"href":"https:\/\/arturf.com\/de\/wp-json\/wp\/v2\/product_brand?post=6520"},{"taxonomy":"product_cat","embeddable":true,"href":"https:\/\/arturf.com\/de\/wp-json\/wp\/v2\/product_cat?post=6520"},{"taxonomy":"product_tag","embeddable":true,"href":"https:\/\/arturf.com\/de\/wp-json\/wp\/v2\/product_tag?post=6520"}],"curies":[{"name":"wp","href":"https:\/\/api.w.org\/{rel}","templated":true}]}}