{"id":6521,"date":"2017-05-19T08:13:27","date_gmt":"2017-05-19T08:13:27","guid":{"rendered":"https:\/\/arturf.com\/?post_type=product&#038;p=6521"},"modified":"2019-12-18T02:39:54","modified_gmt":"2019-12-18T02:39:54","slug":"artificial-grass-rubber-infill","status":"publish","type":"product","link":"https:\/\/arturf.com\/de\/product\/artificial-grass-rubber-infill\/","title":{"rendered":"Gummigranulat"},"content":{"rendered":"<h2 style=\"text-align: left;\"><strong>Warum Gummif\u00fcllung f\u00fcr Fu\u00dfballfelder verwenden?<\/strong><\/h2>\n<ul>\n<li class=\"bullet-checkmark bullet-arrow\" style=\"text-align: left;\">Eine F\u00fcllschicht wird verwendet, um die Spielbarkeit auf Kunstrasen zu verbessern. Infill bietet Halt, Gleitkomfort, Stabilit\u00e4t und Energier\u00fcckgewinnung.<\/li>\n<li class=\"bullet-checkmark bullet-arrow\" style=\"text-align: left;\">Durch die Gummif\u00fcllung stehen die Kunstrasenbl\u00e4tter aufrecht und verleihen dem Gras ein nat\u00fcrliches Aussehen.<\/li>\n<li class=\"bullet-checkmark bullet-arrow\" style=\"text-align: left;\">Sorgen Sie f\u00fcr eine gepolsterte Oberfl\u00e4che, die der von Naturrasen \u00e4hnelt.<\/li>\n<li class=\"bullet-checkmark bullet-arrow\" style=\"text-align: left;\">Stellen Sie sicher, dass die Kunstrasenoberfl\u00e4chen h\u00f6heren Belastungen standhalten als normal (Sch\u00fctzen Sie das Kunstrasensystem und verl\u00e4ngern Sie die Lebensdauer).<\/li>\n<\/ul>\n\t<div class=\"img has-hover x md-x lg-x y md-y lg-y\" id=\"image_1060260537\">\n\t\t\t\t\t\t\t\t<div class=\"img-inner dark\" >\n\t\t\t<img loading=\"lazy\" decoding=\"async\" width=\"700\" height=\"294\" src=\"https:\/\/arturf.com\/wp-content\/uploads\/2018\/05\/Football-Turf-Infill-System.jpg\" class=\"attachment-large size-large\" alt=\"Nicht ausf\u00fcllen\" srcset=\"https:\/\/arturf.com\/wp-content\/uploads\/2018\/05\/Football-Turf-Infill-System.jpg 700w, https:\/\/arturf.com\/wp-content\/uploads\/2018\/05\/Football-Turf-Infill-System-300x126.jpg 300w, https:\/\/arturf.com\/wp-content\/uploads\/2018\/05\/Football-Turf-Infill-System-18x8.jpg 18w, https:\/\/arturf.com\/wp-content\/uploads\/2018\/05\/Football-Turf-Infill-System-510x214.jpg 510w\" sizes=\"auto, (max-width: 700px) 100vw, 700px\" \/>\t\t\t\t\t\t\n\t\t\t\t\t<\/div>\n\t\t\t\t\t\t\t\t\n<style>\n#image_1060260537 {\n  width: 60%;\n}\n<\/style>\n\t<\/div>\n\t\n<h2>Welche Arten von Gummif\u00fcllungen k\u00f6nnen Sie f\u00fcr Kunstrasen-Sportpl\u00e4tze verwenden?<\/h2>\n<p>Es gibt verschiedene Arten von Kr\u00fcmelkautschuk, die Sie als F\u00fcllmaterial verwenden k\u00f6nnen, einschlie\u00dflich SBR-Grubber-Granulat, TPE-Gummi-Granulat, EPDM-Gummi-Granulat und organische Materialien. Wir empfehlen SBR-Gummigranulat oder TPE-Kr\u00fcmelgummi. Diese beiden sind die g\u00e4ngigsten und bew\u00e4hrten Hochleistungskautschukf\u00fcllungen auf dem Markt.<\/p>\n<h3>1. SBR Crumb Rubber<\/h3>\n<p>SBR-Kr\u00fcmelkautschuk (nach seiner chemischen Zusammensetzung - Styrol-Butadien-Kautschuk) wird am h\u00e4ufigsten aus dem recycelten Reifen hergestellt. Das Material war <a href=\"https:\/\/arturf.com\/de\/blog\/is-sbr-infill-safe\/\" target=\"_blank\" rel=\"noopener noreferrer\">als sicher erwiesen<\/a> als Kunstrasenf\u00fcllung zu verwenden. SBR-Kautschukgranulat ist die am h\u00e4ufigsten auf dem Markt erh\u00e4ltliche Kautschukf\u00fcllung mit geringen Investitionseigenschaften der Produktion.<\/p>\n<p>Schwarzer Kr\u00fcmelgummi mit einer Gr\u00f6\u00dfe von 1 bis 3 mm zur Verbesserung der Leistung von Sportfeldern. Gute Qualit\u00e4t, sauber, kein schlechter Geruch und umweltfreundlich.<\/p>\n\t<div class=\"img has-hover x md-x lg-x y md-y lg-y\" id=\"image_2038226774\">\n\t\t\t\t\t\t\t\t<div class=\"img-inner dark\" style=\"margin:30px 0px 30px 0px;\">\n\t\t\t<img loading=\"lazy\" decoding=\"async\" width=\"460\" height=\"295\" src=\"https:\/\/arturf.com\/wp-content\/uploads\/2014\/07\/rubber_2-3.jpg\" class=\"attachment-large size-large\" alt=\"Gummigranulatf\u00fcllung\" srcset=\"https:\/\/arturf.com\/wp-content\/uploads\/2014\/07\/rubber_2-3.jpg 460w, https:\/\/arturf.com\/wp-content\/uploads\/2014\/07\/rubber_2-3-300x192.jpg 300w, https:\/\/arturf.com\/wp-content\/uploads\/2014\/07\/rubber_2-3-18x12.jpg 18w\" sizes=\"auto, (max-width: 460px) 100vw, 460px\" \/>\t\t\t\t\t\t\n\t\t\t\t\t<\/div>\n\t\t\t\t\t\t\t\t\n<style>\n#image_2038226774 {\n  width: 50%;\n}\n<\/style>\n\t<\/div>\n\t\n<h3>2. TPE-Gummigranulat<\/h3>\n<p>Thermoplastisches Elastomer besitzt eine hohe Elastizit\u00e4t, Festigkeit und elastische Elastizit\u00e4t von Gummi und weist auch die Eigenschaften der Injektionsverarbeitung auf. Es ist ein Polymerkautschukgranulat auf der Basis von PU, PE, EPDM, SBS, SEBS, PP, PC, PA, ABS. Unsere TPE-Hohlk\u00f6rnchen eignen sich als F\u00fcllmaterial f\u00fcr Kunstrasen.<\/p>\n\t<div class=\"img has-hover x md-x lg-x y md-y lg-y\" id=\"image_549556818\">\n\t\t\t\t\t\t\t\t<div class=\"img-inner dark\" style=\"margin:30px 0px 30px 0px;\">\n\t\t\t<img loading=\"lazy\" decoding=\"async\" width=\"800\" height=\"533\" src=\"https:\/\/arturf.com\/wp-content\/uploads\/2019\/04\/TPE-RUBBER-INFILL.jpg\" class=\"attachment-large size-large\" alt=\"TPE-GUMMI-EINF\u00dcLLUNG\" srcset=\"https:\/\/arturf.com\/wp-content\/uploads\/2019\/04\/TPE-RUBBER-INFILL.jpg 800w, https:\/\/arturf.com\/wp-content\/uploads\/2019\/04\/TPE-RUBBER-INFILL-300x200.jpg 300w, https:\/\/arturf.com\/wp-content\/uploads\/2019\/04\/TPE-RUBBER-INFILL-768x512.jpg 768w, https:\/\/arturf.com\/wp-content\/uploads\/2019\/04\/TPE-RUBBER-INFILL-18x12.jpg 18w, https:\/\/arturf.com\/wp-content\/uploads\/2019\/04\/TPE-RUBBER-INFILL-510x340.jpg 510w\" sizes=\"auto, (max-width: 800px) 100vw, 800px\" \/>\t\t\t\t\t\t\n\t\t\t\t\t<\/div>\n\t\t\t\t\t\t\t\t\n<style>\n#image_549556818 {\n  width: 50%;\n}\n<\/style>\n\t<\/div>\n\t\n<h2>Gibt es Fu\u00dfballgras, f\u00fcr das keine F\u00fcllungen erforderlich sind?<\/h2>\n<p><strong>Ja.<\/strong> Wenn Sie eine noch minimalere Wartung und eine sauberere Oberfl\u00e4che w\u00fcnschen, k\u00f6nnen Sie unser Fu\u00dfballgras ohne Infill w\u00e4hlen. Es wird kein Quarzsand und keine Gummif\u00fcllung ben\u00f6tigt. Ideal f\u00fcr 5-a-Side-, 4-a-Side-, 3-a-Side- oder Hallenfu\u00dfball sowie f\u00fcr Mehrzweckfelder.<\/p>\n\t\n  \n    <div class=\"row large-columns-2 medium-columns- small-columns- row-small\" >\n  \n\t     <div class=\"product-small col has-hover product type-product post-6298 status-publish first instock product_cat-football product_cat-multi-purpose product_tag-football-grass product_tag-non-infill has-post-thumbnail shipping-taxable product-type-simple\">\n\t<div class=\"col-inner\">\n\t\n<div class=\"badge-container absolute left top z-1\">\n\n<\/div>\n\t<div class=\"product-small box\">\n\t\t<div class=\"box-image\">\n\t\t\t<div class=\"image-fade_in_back\">\n\t\t\t\t<a href=\"https:\/\/arturf.com\/de\/product\/non-infill-football-grass\/\">\n\t\t\t\t\t<img loading=\"lazy\" decoding=\"async\" width=\"350\" height=\"263\" src=\"https:\/\/arturf.com\/wp-content\/uploads\/2018\/04\/NON-INFILL-FOOTBALL-GRASS-NFMT30-1-350x263.jpg\" class=\"attachment-woocommerce_thumbnail size-woocommerce_thumbnail\" alt=\"Fu\u00dfballfeld ohne F\u00fcllung\" srcset=\"https:\/\/arturf.com\/wp-content\/uploads\/2018\/04\/NON-INFILL-FOOTBALL-GRASS-NFMT30-1-350x263.jpg 350w, https:\/\/arturf.com\/wp-content\/uploads\/2018\/04\/NON-INFILL-FOOTBALL-GRASS-NFMT30-1-300x225.jpg 300w, https:\/\/arturf.com\/wp-content\/uploads\/2018\/04\/NON-INFILL-FOOTBALL-GRASS-NFMT30-1-200x150.jpg 200w, https:\/\/arturf.com\/wp-content\/uploads\/2018\/04\/NON-INFILL-FOOTBALL-GRASS-NFMT30-1-768x576.jpg 768w, https:\/\/arturf.com\/wp-content\/uploads\/2018\/04\/NON-INFILL-FOOTBALL-GRASS-NFMT30-1-16x12.jpg 16w, https:\/\/arturf.com\/wp-content\/uploads\/2018\/04\/NON-INFILL-FOOTBALL-GRASS-NFMT30-1-510x383.jpg 510w, https:\/\/arturf.com\/wp-content\/uploads\/2018\/04\/NON-INFILL-FOOTBALL-GRASS-NFMT30-1.jpg 800w\" sizes=\"auto, (max-width: 350px) 100vw, 350px\" \/><img loading=\"lazy\" decoding=\"async\" width=\"350\" height=\"263\" src=\"https:\/\/arturf.com\/wp-content\/uploads\/2018\/04\/NON-INFILL-FOOTBALL-GRASS-NFMT30-2-350x263.jpg\" class=\"show-on-hover absolute fill hide-for-small back-image\" alt=\"Alternative Ansicht von nicht verf\u00fclltem Fu\u00dfballrasen\" aria-hidden=\"true\" srcset=\"https:\/\/arturf.com\/wp-content\/uploads\/2018\/04\/NON-INFILL-FOOTBALL-GRASS-NFMT30-2-350x263.jpg 350w, https:\/\/arturf.com\/wp-content\/uploads\/2018\/04\/NON-INFILL-FOOTBALL-GRASS-NFMT30-2-300x225.jpg 300w, https:\/\/arturf.com\/wp-content\/uploads\/2018\/04\/NON-INFILL-FOOTBALL-GRASS-NFMT30-2-200x150.jpg 200w, https:\/\/arturf.com\/wp-content\/uploads\/2018\/04\/NON-INFILL-FOOTBALL-GRASS-NFMT30-2-768x575.jpg 768w, https:\/\/arturf.com\/wp-content\/uploads\/2018\/04\/NON-INFILL-FOOTBALL-GRASS-NFMT30-2-16x12.jpg 16w, https:\/\/arturf.com\/wp-content\/uploads\/2018\/04\/NON-INFILL-FOOTBALL-GRASS-NFMT30-2-510x382.jpg 510w, https:\/\/arturf.com\/wp-content\/uploads\/2018\/04\/NON-INFILL-FOOTBALL-GRASS-NFMT30-2.jpg 800w\" sizes=\"auto, (max-width: 350px) 100vw, 350px\" \/>\t\t\t\t<\/a>\n\t\t\t<\/div>\n\t\t\t<div class=\"image-tools is-small top right show-on-hover\">\n\t\t\t\t\t\t\t<\/div>\n\t\t\t<div class=\"image-tools is-small hide-for-small bottom left show-on-hover\">\n\t\t\t\t\t\t\t<\/div>\n\t\t\t<div class=\"image-tools grid-tools text-center hide-for-small bottom hover-slide-in show-on-hover\">\n\t\t\t\t<a href=\"#quick-view\" class=\"quick-view\" role=\"button\" data-prod=\"6298\" aria-haspopup=\"dialog\" aria-expanded=\"false\" data-flatsome-role-button>Schnellansicht<\/a>\t\t\t<\/div>\n\t\t\t\t\t<\/div>\n\n\t\t<div class=\"box-text box-text-products\">\n\t\t\t<div class=\"title-wrapper\">\t\t<p class=\"category uppercase is-smaller no-text-overflow product-cat op-8\">\n\t\t\tFu\u00dfball\t\t<\/p>\n\t<p class=\"name product-title woocommerce-loop-product__title\"><a href=\"https:\/\/arturf.com\/de\/product\/non-infill-football-grass\/\" class=\"woocommerce-LoopProduct-link woocommerce-loop-product__link\">Fu\u00dfballfeld ohne F\u00fcllung<\/a><\/p><\/div><div class=\"price-wrapper\"><\/div>\t\t<\/div>\n\t<\/div>\n\t\t<\/div>\n<\/div><\/div>\n<p>Gef\u00fclltes oder nicht gef\u00fclltes Fu\u00dfballgras, welches ist besser f\u00fcr mich? Bitte <a href=\"https:\/\/arturf.com\/de\/support\/infill-or-non-infill-artificial-grass\/\">Klicken Sie hier, um weitere Informationen zu erhalten<\/a>.<\/p>","protected":false},"excerpt":{"rendered":"<p>Kunstrasen ohne Strohfasern muss zum Aufstehen gef\u00fcllt werden. Die Gummif\u00fcllung sorgt f\u00fcr eine weichere Oberfl\u00e4che und Sprungkraft. Insbesondere f\u00fcr sandgef\u00fclltes Fu\u00dfballgras ist eine Gummif\u00fcllung erforderlich. Wir empfehlen Black Crumb Rubber oder TPE Rubber Granulat.<\/p>","protected":false},"featured_media":7004,"template":"","meta":{"_seopress_robots_primary_cat":"","_seopress_titles_title":"Rubber Granule - Artificial Grass Infill - Installation Accessories","_seopress_titles_desc":"","_seopress_robots_index":""},"product_brand":[],"product_cat":[66],"product_tag":[],"class_list":{"0":"post-6521","1":"product","2":"type-product","3":"status-publish","4":"has-post-thumbnail","6":"product_cat-accessories","8":"","9":"instock","10":"shipping-taxable","11":"product-type-simple"},"_links":{"self":[{"href":"https:\/\/arturf.com\/de\/wp-json\/wp\/v2\/product\/6521","targetHints":{"allow":["GET"]}}],"collection":[{"href":"https:\/\/arturf.com\/de\/wp-json\/wp\/v2\/product"}],"about":[{"href":"https:\/\/arturf.com\/de\/wp-json\/wp\/v2\/types\/product"}],"wp:featuredmedia":[{"embeddable":true,"href":"https:\/\/arturf.com\/de\/wp-json\/wp\/v2\/media\/7004"}],"wp:attachment":[{"href":"https:\/\/arturf.com\/de\/wp-json\/wp\/v2\/media?parent=6521"}],"wp:term":[{"taxonomy":"product_brand","embeddable":true,"href":"https:\/\/arturf.com\/de\/wp-json\/wp\/v2\/product_brand?post=6521"},{"taxonomy":"product_cat","embeddable":true,"href":"https:\/\/arturf.com\/de\/wp-json\/wp\/v2\/product_cat?post=6521"},{"taxonomy":"product_tag","embeddable":true,"href":"https:\/\/arturf.com\/de\/wp-json\/wp\/v2\/product_tag?post=6521"}],"curies":[{"name":"wp","href":"https:\/\/api.w.org\/{rel}","templated":true}]}}