{"id":6549,"date":"2018-06-05T13:23:36","date_gmt":"2018-06-05T13:23:36","guid":{"rendered":"https:\/\/arturf.com\/?post_type=product&#038;p=6549"},"modified":"2023-07-10T21:26:38","modified_gmt":"2023-07-10T13:26:38","slug":"shock-pad","status":"publish","type":"product","link":"https:\/\/arturf.com\/de\/product\/shock-pad\/","title":{"rendered":"Schockpad"},"content":{"rendered":"<div class=\"row align-middle align-center\"  id=\"row-1777396998\">\n\n\t<div id=\"col-1030670171\" class=\"col medium-6 small-12 large-6 small-col-first\"  >\n\t\t\t\t<div class=\"col-inner\"  >\n\t\t\t\n\t\t\t\n<h3>Ultimative M\u00f6glichkeit, Sicherheit und Widerstandsf\u00e4higkeit zu erh\u00f6hen<\/h3>\n<p>Verbessern Sie die Sicherheit und Widerstandsf\u00e4higkeit Ihrer Kunstrasenoberfl\u00e4che mit unserem erstklassigen Shock-Pad. Unser Shock Pad wurde entwickelt, um die Spielbarkeit und Langlebigkeit von Kunstrasenpl\u00e4tzen zu verbessern. Es bietet einen komfortablen und nat\u00fcrlichen D\u00e4mpfungseffekt und minimiert das Verletzungsrisiko.<\/p>\n\t\t<\/div>\n\t\t\t\t\t<\/div>\n\n\t\n\n\t<div id=\"col-1217707537\" class=\"col medium-6 small-12 large-6\"  >\n\t\t\t\t<div class=\"col-inner\"  >\n\t\t\t\n\t\t\t\n\t<div class=\"img has-hover x md-x lg-x y md-y lg-y\" id=\"image_1216933445\">\n\t\t\t\t\t\t\t\t<div class=\"img-inner image-cover dark\" style=\"padding-top:56.25%;\">\n\t\t\t<img loading=\"lazy\" decoding=\"async\" width=\"700\" height=\"309\" src=\"https:\/\/arturf.com\/wp-content\/uploads\/2015\/05\/Shockpad-artificial-grass-underlay-3.jpg\" class=\"attachment-large size-large\" alt=\"Shock Pad Kunstrasenunterlage\" srcset=\"https:\/\/arturf.com\/wp-content\/uploads\/2015\/05\/Shockpad-artificial-grass-underlay-3.jpg 700w, https:\/\/arturf.com\/wp-content\/uploads\/2015\/05\/Shockpad-artificial-grass-underlay-3-300x132.jpg 300w, https:\/\/arturf.com\/wp-content\/uploads\/2015\/05\/Shockpad-artificial-grass-underlay-3-18x8.jpg 18w, https:\/\/arturf.com\/wp-content\/uploads\/2015\/05\/Shockpad-artificial-grass-underlay-3-510x225.jpg 510w\" sizes=\"auto, (max-width: 700px) 100vw, 700px\" \/>\t\t\t\t\t\t\n\t\t\t\t\t<\/div>\n\t\t\t\t\t\t\t\t\n<style>\n#image_1216933445 {\n  width: 100%;\n}\n<\/style>\n\t<\/div>\n\t\n\t\t<\/div>\n\t\t\t\t\t<\/div>\n\n\t\n<\/div>\n\t<div id=\"gap-1505559348\" class=\"gap-element clearfix\" style=\"display:block; height:auto;\">\n\t\t\n<style>\n#gap-1505559348 {\n  padding-top: 50px;\n}\n<\/style>\n\t<\/div>\n\t\n<div class=\"row align-middle\"  id=\"row-1745943560\">\n\n\t<div id=\"col-1069510446\" class=\"col medium-6 small-12 large-6\"  >\n\t\t\t\t<div class=\"col-inner\"  >\n\t\t\t\n\t\t\t\n\t<div class=\"img has-hover x md-x lg-x y md-y lg-y\" id=\"image_550621831\">\n\t\t\t\t\t\t\t\t<div class=\"img-inner image-cover dark\" style=\"padding-top:56.25%;\">\n\t\t\t<img loading=\"lazy\" decoding=\"async\" width=\"800\" height=\"445\" src=\"https:\/\/arturf.com\/wp-content\/uploads\/2020\/08\/Arturf-Shock-Pad-Cross-X3010.jpg\" class=\"attachment-original size-original\" alt=\"Schockpad\" srcset=\"https:\/\/arturf.com\/wp-content\/uploads\/2020\/08\/Arturf-Shock-Pad-Cross-X3010.jpg 800w, https:\/\/arturf.com\/wp-content\/uploads\/2020\/08\/Arturf-Shock-Pad-Cross-X3010-300x167.jpg 300w, https:\/\/arturf.com\/wp-content\/uploads\/2020\/08\/Arturf-Shock-Pad-Cross-X3010-768x427.jpg 768w, https:\/\/arturf.com\/wp-content\/uploads\/2020\/08\/Arturf-Shock-Pad-Cross-X3010-18x10.jpg 18w, https:\/\/arturf.com\/wp-content\/uploads\/2020\/08\/Arturf-Shock-Pad-Cross-X3010-510x284.jpg 510w\" sizes=\"auto, (max-width: 800px) 100vw, 800px\" \/>\t\t\t\t\t\t\n\t\t\t\t\t<\/div>\n\t\t\t\t\t\t\t\t\n<style>\n#image_550621831 {\n  width: 100%;\n}\n<\/style>\n\t<\/div>\n\t\n\t\t<\/div>\n\t\t\t\t\t<\/div>\n\n\t\n\n\t<div id=\"col-765432353\" class=\"col medium-6 small-12 large-6 small-col-first\"  >\n\t\t\t\t<div class=\"col-inner\"  >\n\t\t\t\n\t\t\t\n<h3>Wirklich vielseitig<\/h3>\n<p>In der Sportbranche als \u201eVersicherungspolice\u201c bezeichnet, erf\u00fcllt unser Sto\u00dfpolster die von der FIFA anerkannten Vorschriften f\u00fcr Sto\u00dfd\u00e4mpfungstests auf Fu\u00dfballpl\u00e4tzen. Es ist die perfekte zus\u00e4tzliche Schicht f\u00fcr <a href=\"https:\/\/arturf.com\/de\/product\/non-infill-football-grass\/\">Kunstrasen ohne F\u00fcllung<\/a>. Dar\u00fcber hinaus bietet es eine Sicherheitsgarantie f\u00fcr Spielbereiche, sodass Ihre Kinder beruhigt spielen k\u00f6nnen. Unser Shock Pad eignet sich f\u00fcr verschiedene Kunstrasenoberfl\u00e4chen, darunter Fu\u00dfball, Fu\u00dfball, Rugby, Hockey, Spielpl\u00e4tze, Mehrzweckbereiche und Putting Greens.<\/p>\n\t\t<\/div>\n\t\t\t\t\t<\/div>\n\n\t\n<\/div>\n\t<div id=\"gap-1545648668\" class=\"gap-element clearfix\" style=\"display:block; height:auto;\">\n\t\t\n<style>\n#gap-1545648668 {\n  padding-top: 50px;\n}\n<\/style>\n\t<\/div>\n\t\n<div class=\"row align-middle\"  id=\"row-1466161839\">\n\n\t<div id=\"col-1653718382\" class=\"col medium-6 small-12 large-6 small-col-first\"  >\n\t\t\t\t<div class=\"col-inner\"  >\n\t\t\t\n\t\t\t\n<h3>Einfache und schnelle Installation<\/h3>\n<p>Erleben Sie eine problemlose Installation mit unserer leichten Schaumstoff-Schlagpolsterunterlage. Es kann problemlos von zwei Personen gehandhabt werden, sodass Sie einen Sportplatz in nur einem Tag abdecken k\u00f6nnen. F\u00fcr die Installation sind keine speziellen Maschinen oder geschultes Personal erforderlich. Die Rollenl\u00e4nge kann individuell an die Feldgr\u00f6\u00dfe angepasst werden, wodurch Abfall und Arbeitsaufwand reduziert werden.<\/p>\n\t\t<\/div>\n\t\t\t\t\t<\/div>\n\n\t\n\n\t<div id=\"col-1152362907\" class=\"col medium-6 small-12 large-6\"  >\n\t\t\t\t<div class=\"col-inner\"  >\n\t\t\t\n\t\t\t\n\t<div class=\"img has-hover x md-x lg-x y md-y lg-y\" id=\"image_1470966627\">\n\t\t\t\t\t\t\t\t<div class=\"img-inner image-cover dark\" style=\"padding-top:56.25%;\">\n\t\t\t<img loading=\"lazy\" decoding=\"async\" width=\"800\" height=\"600\" src=\"https:\/\/arturf.com\/wp-content\/uploads\/2020\/08\/Arturf-Shock-Pad-Cross-X3010-Installation.jpg\" class=\"attachment-original size-original\" alt=\"Schockpad\" srcset=\"https:\/\/arturf.com\/wp-content\/uploads\/2020\/08\/Arturf-Shock-Pad-Cross-X3010-Installation.jpg 800w, https:\/\/arturf.com\/wp-content\/uploads\/2020\/08\/Arturf-Shock-Pad-Cross-X3010-Installation-300x225.jpg 300w, https:\/\/arturf.com\/wp-content\/uploads\/2020\/08\/Arturf-Shock-Pad-Cross-X3010-Installation-200x150.jpg 200w, https:\/\/arturf.com\/wp-content\/uploads\/2020\/08\/Arturf-Shock-Pad-Cross-X3010-Installation-768x576.jpg 768w, https:\/\/arturf.com\/wp-content\/uploads\/2020\/08\/Arturf-Shock-Pad-Cross-X3010-Installation-16x12.jpg 16w, https:\/\/arturf.com\/wp-content\/uploads\/2020\/08\/Arturf-Shock-Pad-Cross-X3010-Installation-350x263.jpg 350w, https:\/\/arturf.com\/wp-content\/uploads\/2020\/08\/Arturf-Shock-Pad-Cross-X3010-Installation-510x383.jpg 510w\" sizes=\"auto, (max-width: 800px) 100vw, 800px\" \/>\t\t\t\t\t\t\n\t\t\t\t\t<\/div>\n\t\t\t\t\t\t\t\t\n<style>\n#image_1470966627 {\n  width: 100%;\n}\n<\/style>\n\t<\/div>\n\t\n\t\t<\/div>\n\t\t\t\t\t<\/div>\n\n\t\n<\/div>\n\t<div id=\"gap-2127046062\" class=\"gap-element clearfix\" style=\"display:block; height:auto;\">\n\t\t\n<style>\n#gap-2127046062 {\n  padding-top: 30px;\n}\n<\/style>\n\t<\/div>\n\t\n<h2>Hauptmerkmale:<\/h2>\n<ol>\n<li>Hervorragende Sto\u00dfd\u00e4mpfung und Ballr\u00fcckprall<\/li>\n<li>Wasserbest\u00e4ndiges Material f\u00fcr die Installation bei jedem Wetter<\/li>\n<li>Sauber geschnittene Kanten f\u00fcr einfaches und genaues Schwei\u00dfen\/Verbinden mit Klebeband<\/li>\n<li>Einzigartiges Design f\u00fcr effiziente Wasserableitung und Dimensionsstabilit\u00e4t<\/li>\n<li>Langlebigkeit \u2013 Verrottungs- und Pulverisierungsbest\u00e4ndig, l\u00e4ngere Nutzungsdauer<\/li>\n<li>Stabile Sto\u00dfd\u00e4mpfung f\u00fcr gleichbleibende Leistung im Laufe der Zeit<\/li>\n<\/ol>\n<h3 style=\"text-align: left;\">Musteroptionen<\/h3>\n<div class=\"row\"  id=\"row-834851787\">\n\n\t<div id=\"col-1880165130\" class=\"col medium-3 small-6 large-3\"  >\n\t\t\t\t<div class=\"col-inner\"  >\n\t\t\t\n\t\t\t\n\t<div class=\"box has-hover   has-hover box-text-bottom\" >\n\n\t\t<div class=\"box-image\" style=\"border-radius:100%;\">\n\t\t\t\t\t\t<div class=\"\" >\n\t\t\t\t<img loading=\"lazy\" decoding=\"async\" width=\"400\" height=\"400\" src=\"https:\/\/arturf.com\/wp-content\/uploads\/2020\/04\/Artificial-Grass-Shockpads.jpg\" class=\"attachment- size-\" alt=\"Schockpad\" srcset=\"https:\/\/arturf.com\/wp-content\/uploads\/2020\/04\/Artificial-Grass-Shockpads.jpg 400w, https:\/\/arturf.com\/wp-content\/uploads\/2020\/04\/Artificial-Grass-Shockpads-300x300.jpg 300w, https:\/\/arturf.com\/wp-content\/uploads\/2020\/04\/Artificial-Grass-Shockpads-12x12.jpg 12w, https:\/\/arturf.com\/wp-content\/uploads\/2020\/04\/Artificial-Grass-Shockpads-100x100.jpg 100w\" sizes=\"auto, (max-width: 400px) 100vw, 400px\" \/>\t\t\t\t\t\t\t\t\t\t\t<\/div>\n\t\t\t\t\t<\/div>\n\n\t\t<div class=\"box-text text-center\" >\n\t\t\t<div class=\"box-text-inner\">\n\t\t\t\t\n\t<div id=\"text-3429405405\" class=\"text\">\n\t\t\n<h4 style=\"text-align: center;\">Windm\u00fchle<\/h4>\n<p style=\"text-align: center;\"><strong>Anwendung:<\/strong> Drau\u00dfen drinnen<br \/><strong>Schl\u00fcsselw\u00f6rter:<\/strong> Eines der beliebtesten Sto\u00dfd\u00e4mpfer auf dem Markt<\/p>\n\t\t\n<style>\n#text-3429405405 {\n  text-align: center;\n}\n<\/style>\n\t<\/div>\n\t\n\t\t\t<\/div>\n\t\t<\/div>\n\t<\/div>\n\t\n\t\t<\/div>\n\t\t\t\t\t<\/div>\n\n\t\n\n\t<div id=\"col-140313033\" class=\"col medium-3 small-6 large-3\"  >\n\t\t\t\t<div class=\"col-inner\"  >\n\t\t\t\n\t\t\t\n\t<div class=\"box has-hover   has-hover box-text-bottom\" >\n\n\t\t<div class=\"box-image\" style=\"border-radius:100%;\">\n\t\t\t\t\t\t<div class=\"\" >\n\t\t\t\t<img loading=\"lazy\" decoding=\"async\" width=\"400\" height=\"400\" src=\"https:\/\/arturf.com\/wp-content\/uploads\/2020\/04\/Artificial-Grass-Shock-Pad-Cross.jpg\" class=\"attachment- size-\" alt=\"Schockpad\" srcset=\"https:\/\/arturf.com\/wp-content\/uploads\/2020\/04\/Artificial-Grass-Shock-Pad-Cross.jpg 400w, https:\/\/arturf.com\/wp-content\/uploads\/2020\/04\/Artificial-Grass-Shock-Pad-Cross-300x300.jpg 300w, https:\/\/arturf.com\/wp-content\/uploads\/2020\/04\/Artificial-Grass-Shock-Pad-Cross-12x12.jpg 12w, https:\/\/arturf.com\/wp-content\/uploads\/2020\/04\/Artificial-Grass-Shock-Pad-Cross-100x100.jpg 100w\" sizes=\"auto, (max-width: 400px) 100vw, 400px\" \/>\t\t\t\t\t\t\t\t\t\t\t<\/div>\n\t\t\t\t\t<\/div>\n\n\t\t<div class=\"box-text text-center\" >\n\t\t\t<div class=\"box-text-inner\">\n\t\t\t\t\n<h4 style=\"text-align: center;\">Kreuz<\/h4>\n<p style=\"text-align: center;\"><strong>Anwendung: <\/strong>Drau\u00dfen drinnen<br \/><strong>Schl\u00fcsselw\u00f6rter:<\/strong> Ideal f\u00fcr nicht gef\u00fclltes und gef\u00fclltes Kunstrasen, vielseitig<\/p>\n\t\t\t<\/div>\n\t\t<\/div>\n\t<\/div>\n\t\n\t\t<\/div>\n\t\t\t\t\t<\/div>\n\n\t\n\n\t<div id=\"col-1935901410\" class=\"col medium-3 small-6 large-3\"  >\n\t\t\t\t<div class=\"col-inner\"  >\n\t\t\t\n\t\t\t\n\t<div class=\"box has-hover   has-hover box-text-bottom\" >\n\n\t\t<div class=\"box-image\" style=\"border-radius:100%;\">\n\t\t\t\t\t\t<div class=\"\" >\n\t\t\t\t<img loading=\"lazy\" decoding=\"async\" width=\"600\" height=\"600\" src=\"https:\/\/arturf.com\/wp-content\/uploads\/2020\/04\/1.jpg\" class=\"attachment- size-\" alt=\"Schockpad\" srcset=\"https:\/\/arturf.com\/wp-content\/uploads\/2020\/04\/1.jpg 600w, https:\/\/arturf.com\/wp-content\/uploads\/2020\/04\/1-300x300.jpg 300w, https:\/\/arturf.com\/wp-content\/uploads\/2020\/04\/1-12x12.jpg 12w, https:\/\/arturf.com\/wp-content\/uploads\/2020\/04\/1-510x510.jpg 510w, https:\/\/arturf.com\/wp-content\/uploads\/2020\/04\/1-100x100.jpg 100w\" sizes=\"auto, (max-width: 600px) 100vw, 600px\" \/>\t\t\t\t\t\t\t\t\t\t\t<\/div>\n\t\t\t\t\t<\/div>\n\n\t\t<div class=\"box-text text-center\" >\n\t\t\t<div class=\"box-text-inner\">\n\t\t\t\t\n<h4 style=\"text-align: center;\">Windm\u00fchle &amp; Kerbe<\/h4>\n<p style=\"text-align: center;\"><strong>Anwendung: <\/strong>Drau\u00dfen drinnen<br \/><strong>Schl\u00fcsselw\u00f6rter:<\/strong>Super langlebig, sehr belastbar<\/p>\n\t\t\t<\/div>\n\t\t<\/div>\n\t<\/div>\n\t\n\t\t<\/div>\n\t\t\t\t\t<\/div>\n\n\t\n\n\t<div id=\"col-1547474372\" class=\"col medium-3 small-6 large-3\"  >\n\t\t\t\t<div class=\"col-inner\"  >\n\t\t\t\n\t\t\t\n\t<div class=\"box has-hover   has-hover box-text-bottom\" >\n\n\t\t<div class=\"box-image\" style=\"border-radius:100%;\">\n\t\t\t\t\t\t<div class=\"\" >\n\t\t\t\t<img loading=\"lazy\" decoding=\"async\" width=\"500\" height=\"500\" src=\"https:\/\/arturf.com\/wp-content\/uploads\/2020\/09\/Shock-Pad-UltraFlexFlow.jpg\" class=\"attachment- size-\" alt=\"Schockpad\" srcset=\"https:\/\/arturf.com\/wp-content\/uploads\/2020\/09\/Shock-Pad-UltraFlexFlow.jpg 500w, https:\/\/arturf.com\/wp-content\/uploads\/2020\/09\/Shock-Pad-UltraFlexFlow-300x300.jpg 300w, https:\/\/arturf.com\/wp-content\/uploads\/2020\/09\/Shock-Pad-UltraFlexFlow-12x12.jpg 12w, https:\/\/arturf.com\/wp-content\/uploads\/2020\/09\/Shock-Pad-UltraFlexFlow-100x100.jpg 100w\" sizes=\"auto, (max-width: 500px) 100vw, 500px\" \/>\t\t\t\t\t\t\t\t\t\t\t<\/div>\n\t\t\t\t\t<\/div>\n\n\t\t<div class=\"box-text text-center\" >\n\t\t\t<div class=\"box-text-inner\">\n\t\t\t\t\n<h4 style=\"text-align: center;\">Windm\u00fchle<\/h4>\n<p style=\"text-align: center;\"><strong>Anwendung:<\/strong> Drau\u00dfen drinnen<br \/><strong>Schl\u00fcsselw\u00f6rter:<\/strong> Super Belastbarkeit, superschnelle Entw\u00e4sserung, im Freien<\/p>\n\t\t\t<\/div>\n\t\t<\/div>\n\t<\/div>\n\t\n\t\t<\/div>\n\t\t\t\t\t<\/div>\n\n\t\n<\/div>\n<div class=\"row\"  id=\"row-562236424\">\n\n\t<div id=\"col-1107896937\" class=\"col small-12 large-12\"  >\n\t\t\t\t<div class=\"col-inner\"  >\n\t\t\t\n\t\t\t\n<h3>Dicke und Materialdichte:<\/h3>\n<p>W\u00e4hlen Sie aus unserem Sortiment an Sto\u00dfd\u00e4mpferpolsterst\u00e4rken von 10 mm bis 70 mm. Bei Fu\u00dfballfeldern sind die am h\u00e4ufigsten verwendeten St\u00e4rken 10 mm oder 15 mm.<\/p>\n<p>Unsere Standardoptionen f\u00fcr die Materialdichte umfassen 30 kg\/m\u00b3 und 50 kg\/m\u00b3. F\u00fcr h\u00f6here Mindestbestellmengen k\u00f6nnen wir Sto\u00dfd\u00e4mpfungspolster mit einer Dichte von 70 kg\/m\u00b3 oder andere Materialien mit kundenspezifischer Dichte herstellen.<\/p>\n<p>Verbessern Sie die Sicherheit und Leistung Ihrer Kunstrasenoberfl\u00e4che mit unserem hochwertigen Shock-Pad. Erleben Sie \u00fcberragenden Komfort, Haltbarkeit und einfache Installation. Kontaktieren Sie uns jetzt, um zu bestellen oder sich nach individuellen Optionen zu erkundigen.<\/p>\n\t\t<\/div>\n\t\t\t\t\t<\/div>\n\n\t\n<\/div>","protected":false},"excerpt":{"rendered":"<p>Unser Shock Pad ist eine elastische Schicht, die optimalen Komfort und Sicherheit f\u00fcr Kunstrasenoberfl\u00e4chen bietet. Es bietet den Spielern eine hervorragende D\u00e4mpfung und sorgt f\u00fcr ein weicheres Spielerlebnis. Ganz gleich, ob Sie es f\u00fcr Spielpl\u00e4tze, Fu\u00dfballfelder (insbesondere Rasen ohne F\u00fcllung) oder Putting Greens ben\u00f6tigen, unser Arturf Shock Pad ist die ideale L\u00f6sung.<\/p>","protected":false},"featured_media":9603,"template":"","meta":{"_seopress_robots_primary_cat":"","_seopress_titles_title":"Shock Pad - Enhance Safety and Comfort for Artificial Grass Surfaces","_seopress_titles_desc":"Enhance safety and comfort with our shock pad for artificial grass surfaces. Easy installation, versatile, and resilient. ","_seopress_robots_index":""},"product_brand":[],"product_cat":[66],"product_tag":[],"class_list":{"0":"post-6549","1":"product","2":"type-product","3":"status-publish","4":"has-post-thumbnail","6":"product_cat-accessories","8":"first","9":"instock","10":"shipping-taxable","11":"product-type-simple"},"_links":{"self":[{"href":"https:\/\/arturf.com\/de\/wp-json\/wp\/v2\/product\/6549","targetHints":{"allow":["GET"]}}],"collection":[{"href":"https:\/\/arturf.com\/de\/wp-json\/wp\/v2\/product"}],"about":[{"href":"https:\/\/arturf.com\/de\/wp-json\/wp\/v2\/types\/product"}],"wp:featuredmedia":[{"embeddable":true,"href":"https:\/\/arturf.com\/de\/wp-json\/wp\/v2\/media\/9603"}],"wp:attachment":[{"href":"https:\/\/arturf.com\/de\/wp-json\/wp\/v2\/media?parent=6549"}],"wp:term":[{"taxonomy":"product_brand","embeddable":true,"href":"https:\/\/arturf.com\/de\/wp-json\/wp\/v2\/product_brand?post=6549"},{"taxonomy":"product_cat","embeddable":true,"href":"https:\/\/arturf.com\/de\/wp-json\/wp\/v2\/product_cat?post=6549"},{"taxonomy":"product_tag","embeddable":true,"href":"https:\/\/arturf.com\/de\/wp-json\/wp\/v2\/product_tag?post=6549"}],"curies":[{"name":"wp","href":"https:\/\/api.w.org\/{rel}","templated":true}]}}