{"id":6559,"date":"2018-06-05T14:11:04","date_gmt":"2018-06-05T14:11:04","guid":{"rendered":"https:\/\/arturf.com\/?post_type=product&#038;p=6559"},"modified":"2021-09-04T16:05:12","modified_gmt":"2021-09-04T08:05:12","slug":"tennis-multi-sports-artificial-grass-elite","status":"publish","type":"product","link":"https:\/\/arturf.com\/de\/product\/tennis-multi-sports-artificial-grass-elite\/","title":{"rendered":"Kunstrasen f\u00fcr Tennis und Multisportarten - Elite"},"content":{"rendered":"<p>Tennis &amp; Multi-Sport Kunstrasen -Elite bietet eine flache und flexible Oberfl\u00e4che mit Sand gekleidet. Die Oberfl\u00e4che wurde f\u00fcr ein sicheres und gleichm\u00e4\u00dfiges Spiel unter allen Bedingungen entwickelt, wobei die \u00c4sthetik erhalten bleibt. Es ist ideal f\u00fcr Tennis- und Mehrzweckfelder.<\/p>\n<div class=\"row\"  id=\"row-1466042465\">\n\n\t<div id=\"col-309155751\" class=\"col medium-6 small-12 large-6\"  >\n\t\t\t\t<div class=\"col-inner\"  >\n\t\t\t\n\t\t\t\n<div class=\"video video-fit mb\" style=\"padding-top:56.25%;\"><p><iframe loading=\"lazy\" title=\"Kunstrasen-Tennisplatz\" width=\"1020\" height=\"574\" src=\"https:\/\/www.youtube.com\/embed\/HCKBZ2CxjQA?feature=oembed\" frameborder=\"0\" allow=\"accelerometer; autoplay; clipboard-write; encrypted-media; gyroscope; picture-in-picture; web-share\" referrerpolicy=\"strict-origin-when-cross-origin\" allowfullscreen><\/iframe><\/p>\n<\/div>\n\t\t<\/div>\n\t\t\t\t\t<\/div>\n\n\t\n\n\t<div id=\"col-1314173238\" class=\"col medium-6 small-12 large-6\"  >\n\t\t\t\t<div class=\"col-inner\"  >\n\t\t\t\n\t\t\t\n<div class=\"video video-fit mb\" style=\"padding-top:56.25%;\"><p><iframe loading=\"lazy\" title=\"3 Jahre altes Kind lieben Arturf Kunstrasen Tennisplatz\" width=\"1020\" height=\"574\" src=\"https:\/\/www.youtube.com\/embed\/sOXqP5ECeuQ?feature=oembed\" frameborder=\"0\" allow=\"accelerometer; autoplay; clipboard-write; encrypted-media; gyroscope; picture-in-picture; web-share\" referrerpolicy=\"strict-origin-when-cross-origin\" allowfullscreen><\/iframe><\/p>\n<\/div>\n\t\t<\/div>\n\t\t\t\t\t<\/div>\n\n\t\n<\/div>","protected":false},"excerpt":{"rendered":"<p>10mm-15mm Stapelh\u00f6he empfohlen. Sandgef\u00fcllter Kunstrasen mit hoher Stichdichte zum Bauen von a <a href=\"https:\/\/arturf.com\/de\/sports\/tennis\/\">Tennisplatz<\/a>, <a href=\"https:\/\/arturf.com\/de\/sports\/cricket\/\">Cricketfeld<\/a> oder <a href=\"https:\/\/arturf.com\/de\/sports\/multi-sport\/\">Mehrzweck<\/a> Sport.<\/p>","protected":false},"featured_media":12538,"template":"","meta":{"_seopress_robots_primary_cat":"","_seopress_titles_title":"","_seopress_titles_desc":"","_seopress_robots_index":""},"product_brand":[],"product_cat":[68,69,71],"product_tag":[],"class_list":{"0":"post-6559","1":"product","2":"type-product","3":"status-publish","4":"has-post-thumbnail","6":"product_cat-tennis","7":"product_cat-multi-purpose","8":"product_cat-hockey","10":"first","11":"instock","12":"shipping-taxable","13":"product-type-simple"},"_links":{"self":[{"href":"https:\/\/arturf.com\/de\/wp-json\/wp\/v2\/product\/6559","targetHints":{"allow":["GET"]}}],"collection":[{"href":"https:\/\/arturf.com\/de\/wp-json\/wp\/v2\/product"}],"about":[{"href":"https:\/\/arturf.com\/de\/wp-json\/wp\/v2\/types\/product"}],"wp:featuredmedia":[{"embeddable":true,"href":"https:\/\/arturf.com\/de\/wp-json\/wp\/v2\/media\/12538"}],"wp:attachment":[{"href":"https:\/\/arturf.com\/de\/wp-json\/wp\/v2\/media?parent=6559"}],"wp:term":[{"taxonomy":"product_brand","embeddable":true,"href":"https:\/\/arturf.com\/de\/wp-json\/wp\/v2\/product_brand?post=6559"},{"taxonomy":"product_cat","embeddable":true,"href":"https:\/\/arturf.com\/de\/wp-json\/wp\/v2\/product_cat?post=6559"},{"taxonomy":"product_tag","embeddable":true,"href":"https:\/\/arturf.com\/de\/wp-json\/wp\/v2\/product_tag?post=6559"}],"curies":[{"name":"wp","href":"https:\/\/api.w.org\/{rel}","templated":true}]}}