{"id":6708,"date":"2012-07-17T12:11:10","date_gmt":"2012-07-17T12:11:10","guid":{"rendered":"https:\/\/arturf.com\/?post_type=product&#038;p=6708"},"modified":"2023-07-19T17:50:17","modified_gmt":"2023-07-19T09:50:17","slug":"tee-grass","status":"publish","type":"product","link":"https:\/\/arturf.com\/de\/product\/tee-grass\/","title":{"rendered":"Tee Grass \u2013 Meistern Sie Ihre Schw\u00fcnge"},"content":{"rendered":"<h3>Entfesseln Sie Ihr Golfpotenzial mit Arturf Tee Grass<\/h3>\n<p>Unser Tee Grass ist ein hochwertiger, ultradichter PE-Kunstrasen, der sorgf\u00e4ltig gefertigt wurde, um ausschlie\u00dflich Golfern gerecht zu werden. Mit einem 40-mm-Design ohne F\u00fcllung ist dieser Rasen nicht nur dicht genug, um einen Abschlag zu tragen, sondern auch au\u00dfergew\u00f6hnlich langlebig, sodass Sie problemlos direkt von der Oberfl\u00e4che abfahren k\u00f6nnen.<\/p>\n<h3>Der perfekte Schwung, jedes Mal<\/h3>\n<p>Verabschieden Sie sich von St\u00f6rungen beim Schwung. Arturf Tee Grass bietet ein nat\u00fcrliches Schlaggef\u00fchl und eliminiert das gef\u00fcrchtete \u201eGreifen\u201c des Schl\u00e4gerkopfes, was f\u00fcr ein gleichm\u00e4\u00dfiges, gleichm\u00e4\u00dfiges Schwungerlebnis sorgt. Mit seinen dichten Fasern erm\u00f6glicht dieser Rasen die Nutzung von Abschl\u00e4gen wie auf einem normalen Golfplatz und macht ihn zu Ihrem idealen Begleiter f\u00fcr jahrelanges Fahrtraining.<\/p>\n<h3>F\u00fcr die Ewigkeit gebaut<\/h3>\n<p>Haltbarkeit ist unser zweiter Vorname! Unser Abschlaggras ist ma\u00dfgeschneidert f\u00fcr Abschlaglinien, Driving-Matten und Chipping-Matten auf der Driving Range und h\u00e4lt jedem Schwung m\u00fchelos stand. Seien Sie versichert, dass unser Rasen seine erstklassige Leistung beibeh\u00e4lt und Ihnen unvergleichliche Trainingseinheiten erm\u00f6glicht.<\/p>\n<h3>Endlose Abschlagspositionen<\/h3>\n<p>Arturf Tee Grass bringt Ihren Golfkomfort auf ein neues Niveau. Die Oberfl\u00e4che erm\u00f6glicht eine unbegrenzte Platzierung der Abschlagpfl\u00f6cke und ist somit die perfekte Wahl f\u00fcr Golfpl\u00e4tze mit Allwetter-Abschlagbereichen. Vorbei sind die Zeiten der Abnutzung in einem einzigen Bereich \u2013 genie\u00dfen Sie die Freiheit, aus verschiedenen Positionen und Winkeln abzuschlagen.<\/p>\n<p><img alt=\"Tee Gras\" loading=\"lazy\" decoding=\"async\" class=\"alignnone wp-image-12770 size-full\" src=\"https:\/\/arturf.com\/wp-content\/uploads\/2020\/09\/Arturf-golf-mat-tee-grass-TEE-Pro-40.jpg\" width=\"800\" height=\"592\" srcset=\"https:\/\/arturf.com\/wp-content\/uploads\/2020\/09\/Arturf-golf-mat-tee-grass-TEE-Pro-40.jpg 800w, https:\/\/arturf.com\/wp-content\/uploads\/2020\/09\/Arturf-golf-mat-tee-grass-TEE-Pro-40-300x222.jpg 300w, https:\/\/arturf.com\/wp-content\/uploads\/2020\/09\/Arturf-golf-mat-tee-grass-TEE-Pro-40-768x568.jpg 768w, https:\/\/arturf.com\/wp-content\/uploads\/2020\/09\/Arturf-golf-mat-tee-grass-TEE-Pro-40-16x12.jpg 16w, https:\/\/arturf.com\/wp-content\/uploads\/2020\/09\/Arturf-golf-mat-tee-grass-TEE-Pro-40-510x377.jpg 510w\" sizes=\"auto, (max-width: 800px) 100vw, 800px\" \/><\/p>\n<h3>Spezifikationen<\/h3>\n<ul>\n<li class=\"bullet-arrow\">Florh\u00f6he: 40 mm<\/li>\n<li class=\"bullet-arrow\">Garn: Ultradichtes gekr\u00e4useltes Polyethylen-Monofilamentgarn<\/li>\n<li class=\"bullet-arrow\">Farbe gr\u00fcn<\/li>\n<li class=\"bullet-arrow\">St\u00e4rke: 5\/16 Zoll<\/li>\n<li class=\"bullet-arrow\">Gr\u00f6\u00dfe: 2 m x 18 m, verpackt in Rolle<\/li>\n<li class=\"bullet-arrow\">Gewicht: 5,0 kg pro Quadratmeter<\/li>\n<\/ul>\n<h3>Erleben Sie den Tee Grass-Vorteil<\/h3>\n<ul>\n<li class=\"bullet-checkmark\">Hochwertiger Kunstrasen, der exklusiv f\u00fcr Golfer entwickelt wurde.<\/li>\n<li class=\"bullet-checkmark\">Optimale Dichte f\u00fcr Abschlagunterst\u00fctzung und sanftes Abfahren von der Oberfl\u00e4che.<\/li>\n<li class=\"bullet-checkmark\">Konsistentes Schwungerlebnis, ohne den Schl\u00e4gerkopf zu \u201egreifen\u201c.<\/li>\n<li class=\"bullet-checkmark\">Gebaut, um unz\u00e4hligen Schwankungen im jahrelangen Fahrtraining standzuhalten.<\/li>\n<li class=\"bullet-checkmark\">Ideal f\u00fcr Driving-Range-Abschlaglinien, Driving-Matten und Chipping-Matten.<\/li>\n<li class=\"bullet-checkmark\">Endlose Abschlagpl\u00e4tze f\u00fcr Allwetter-Abschlagbereiche auf Golfpl\u00e4tzen.<\/li>\n<\/ul>\n<h3>Auf Lager und bereit f\u00fcr eine schnelle Lieferung<\/h3>\n<p>Warten Sie nicht l\u00e4nger, um Ihr Golftraining zu verbessern. Unser Tee-Gras ist auf Lager und kann schnell geliefert werden, sodass Sie ohne Verz\u00f6gerung mit der Verfeinerung Ihrer Schw\u00fcnge beginnen k\u00f6nnen!<\/p>\n<p><img alt=\"Tee Gras\" loading=\"lazy\" decoding=\"async\" class=\"alignnone wp-image-14423\" src=\"https:\/\/arturf.com\/wp-content\/uploads\/2021\/04\/Golf-Tee-Grass-In-Stock.jpg\" width=\"800\" height=\"600\" srcset=\"https:\/\/arturf.com\/wp-content\/uploads\/2021\/04\/Golf-Tee-Grass-In-Stock.jpg 1000w, https:\/\/arturf.com\/wp-content\/uploads\/2021\/04\/Golf-Tee-Grass-In-Stock-300x225.jpg 300w, https:\/\/arturf.com\/wp-content\/uploads\/2021\/04\/Golf-Tee-Grass-In-Stock-200x150.jpg 200w, https:\/\/arturf.com\/wp-content\/uploads\/2021\/04\/Golf-Tee-Grass-In-Stock-768x576.jpg 768w, https:\/\/arturf.com\/wp-content\/uploads\/2021\/04\/Golf-Tee-Grass-In-Stock-16x12.jpg 16w, https:\/\/arturf.com\/wp-content\/uploads\/2021\/04\/Golf-Tee-Grass-In-Stock-350x263.jpg 350w, https:\/\/arturf.com\/wp-content\/uploads\/2021\/04\/Golf-Tee-Grass-In-Stock-510x383.jpg 510w\" sizes=\"auto, (max-width: 800px) 100vw, 800px\" \/><\/p>\n<p>Entfalten Sie Ihr wahres Golfpotenzial mit dem Arturf Tee Grass \u201eTEE Pro 40\u201c! Werten Sie Ihre Trainingseinheiten auf der Driving Range oder dem Golfplatz mit unserem hochwertigen, langlebigen und abschlagsfreundlichen Kunstrasen auf. Bestellen Sie jetzt f\u00fcr eine schnelle Lieferung und bringen Sie Ihr Golfspiel auf die n\u00e4chste Stufe!<\/p>\n\n\t<section class=\"section\" id=\"section_376042481\">\n\t\t<div class=\"section-bg fill\" >\n\t\t\t\t\t\t\t\t\t\n\t\t\t\n\n\t\t<\/div>\n\n\t\t\n\n\t\t<div class=\"section-content relative\">\n\t\t\t\n\n<div class=\"row\"  id=\"row-1130049566\">\n\n\n\t<div id=\"col-1252579928\" class=\"col small-12 large-12\"  >\n\t\t\t\t<div class=\"col-inner text-center\"  >\n\t\t\t\n\t\t\t\n\n<h2>FAQs<\/h2>\n\n\t\t<\/div>\n\t\t\t\t\t<\/div>\n\n\t\n\n<\/div>\n<div class=\"row align-center row-box-shadow-1\"  id=\"row-676094961\">\n\n\n\t<div id=\"col-1579056499\" class=\"col medium-10 small-12 large-9\"  >\n\t\t\t\t<div class=\"col-inner\" style=\"background-color:rgb(255,255,255);\" >\n\t\t\t\n\t\t\t\n\n<div class=\"accordion\">\n\n\t<div id=\"accordion-671709720\" class=\"accordion-item\">\n\t\t<a id=\"accordion-671709720-label\" class=\"accordion-title plain\" href=\"#accordion-item-can-you-customize-specifications-for-your-artificial-turf-products?\" aria-expanded=\"false\" aria-controls=\"accordion-671709720-content\">\n\t\t\t<button class=\"toggle\" aria-label=\"Umschalten\"><i class=\"icon-angle-down\" aria-hidden=\"true\"><\/i><\/button>\n\t\t\t<span>K\u00f6nnen Sie die Spezifikationen f\u00fcr Ihre Kunstrasenprodukte anpassen?<\/span>\n\t\t<\/a>\n\t\t<div id=\"accordion-671709720-content\" class=\"accordion-inner\" aria-labelledby=\"accordion-671709720-label\">\n\t\t\t\n\n<p>Ja, wir bieten individuelle Optionen f\u00fcr Farbe, Garnform, Florh\u00f6he, Dichte und Tr\u00e4germaterial. Wir k\u00f6nnen auch nach einem bereitgestellten Muster produzieren.<\/p>\n\n\t\t<\/div>\n\t<\/div>\n\t\n\t<div id=\"accordion-3532238941\" class=\"accordion-item\">\n\t\t<a id=\"accordion-3532238941-label\" class=\"accordion-title plain\" href=\"#accordion-item-do-you-have-stock?\" aria-expanded=\"false\" aria-controls=\"accordion-3532238941-content\">\n\t\t\t<button class=\"toggle\" aria-label=\"Umschalten\"><i class=\"icon-angle-down\" aria-hidden=\"true\"><\/i><\/button>\n\t\t\t<span>Haben Sie Lagerbest\u00e4nde?<\/span>\n\t\t<\/a>\n\t\t<div id=\"accordion-3532238941-content\" class=\"accordion-inner\" aria-labelledby=\"accordion-3532238941-label\">\n\t\t\t\n\n<p>Nein, wir f\u00fchren keine Lagerbest\u00e4nde. Wir beginnen mit der Produktion auf der Grundlage konkreter Bestellungen.<\/p>\n\n\t\t<\/div>\n\t<\/div>\n\t\n\t<div id=\"accordion-3322420608\" class=\"accordion-item\">\n\t\t<a id=\"accordion-3322420608-label\" class=\"accordion-title plain\" href=\"#accordion-item-what-is-your-moq?\" aria-expanded=\"false\" aria-controls=\"accordion-3322420608-content\">\n\t\t\t<button class=\"toggle\" aria-label=\"Umschalten\"><i class=\"icon-angle-down\" aria-hidden=\"true\"><\/i><\/button>\n\t\t\t<span>Was ist Ihr MOQ?<\/span>\n\t\t<\/a>\n\t\t<div id=\"accordion-3322420608-content\" class=\"accordion-inner\" aria-labelledby=\"accordion-3322420608-label\">\n\t\t\t\n\n<p>F\u00fcr die meisten Kunstrasen betr\u00e4gt unsere Mindestbestellmenge (MOQ) 500 Quadratmeter. F\u00fcr einige Produkte mit geringem Fl\u00e4chengewicht betr\u00e4gt die Mindestbestellmenge 800 Quadratmeter.<\/p>\n\n\t\t<\/div>\n\t<\/div>\n\t\n\t<div id=\"accordion-3395388823\" class=\"accordion-item\">\n\t\t<a id=\"accordion-3395388823-label\" class=\"accordion-title plain\" href=\"#accordion-item-what-are-the-width-and-length-options-for-artificial-grass?\" aria-expanded=\"false\" aria-controls=\"accordion-3395388823-content\">\n\t\t\t<button class=\"toggle\" aria-label=\"Umschalten\"><i class=\"icon-angle-down\" aria-hidden=\"true\"><\/i><\/button>\n\t\t\t<span>Welche Breiten- und L\u00e4ngenoptionen gibt es f\u00fcr Kunstrasen?<\/span>\n\t\t<\/a>\n\t\t<div id=\"accordion-3395388823-content\" class=\"accordion-inner\" aria-labelledby=\"accordion-3395388823-label\">\n\t\t\t\n\n<p>Unsere g\u00e4ngigen Breitenoptionen sind 2 m, 3,75 m, 3,95 m, 4 m und 5 m. Die L\u00e4nge kann entsprechend Ihren spezifischen Projektanforderungen angepasst werden. Standardm\u00e4\u00dfig mischen wir 4 m breiten und 2 m breiten Rasen miteinander, um den Containerraum zu optimieren.<\/p>\n\n\t\t<\/div>\n\t<\/div>\n\t\n\t<div id=\"accordion-3249812761\" class=\"accordion-item\">\n\t\t<a id=\"accordion-3249812761-label\" class=\"accordion-title plain\" href=\"#accordion-item-what-information-do-you-need-to-provide-the-landed-cost-for-international-customers?\" aria-expanded=\"false\" aria-controls=\"accordion-3249812761-content\">\n\t\t\t<button class=\"toggle\" aria-label=\"Umschalten\"><i class=\"icon-angle-down\" aria-hidden=\"true\"><\/i><\/button>\n\t\t\t<span>Welche Informationen ben\u00f6tigen Sie, um die Gesamtkosten f\u00fcr internationale Kunden bereitzustellen?<\/span>\n\t\t<\/a>\n\t\t<div id=\"accordion-3249812761-content\" class=\"accordion-inner\" aria-labelledby=\"accordion-3249812761-label\">\n\t\t\t\n\n<p>Um die Landekosten angeben zu k\u00f6nnen, ben\u00f6tigen wir Informationen zu den Produktdetails, der Menge und dem Zielseehafen.<\/p>\n\n\t\t<\/div>\n\t<\/div>\n\t\n\n<\/div>\n\n\t\t<\/div>\n\t\t\t\t\t<\/div>\n\n\t\n\n\n<style>\n#row-676094961 > .col > .col-inner {\n  padding: 0px 0px 0px 0px;\n}\n@media (min-width:550px) {\n  #row-676094961 > .col > .col-inner {\n    padding: 30px 30px 30px 30px;\n  }\n}\n<\/style>\n<\/div>\n\n\t\t<\/div>\n\n\t\t\n<style>\n#section_376042481 {\n  padding-top: 60px;\n  padding-bottom: 60px;\n}\n<\/style>\n\t<\/section>\n\t\n<div class=\"row align-center\"  id=\"row-1376901015\">\n\n\n\t<div id=\"col-575543714\" class=\"col medium-4 large-4\"  >\n\t\t\t\t<div class=\"col-inner\"  >\n\t\t\t\n\t<div class=\"is-border\"\n\t\tstyle=\"border-width:0px 0px 0px 0px;\">\n\t<\/div>\n\t\t\t\n\n\n\t\t<div class=\"icon-box featured-box icon-box-center text-center\"  style=\"margin:0px 0px 0px 0px;\">\n\t\t\t\t\t<div class=\"icon-box-img has-icon-bg\" style=\"width: 100px\">\n\t\t\t\t<div class=\"icon\">\n\t\t\t\t\t<div class=\"icon-inner\" style=\"border-width:2px;color:rgba(47, 159, 18, 0.88);\">\n\t\t\t\t\t\t<img loading=\"lazy\" decoding=\"async\" width=\"100\" height=\"100\" src=\"https:\/\/arturf.com\/wp-content\/uploads\/2018\/06\/Icon-Good-quality.png\" class=\"attachment-medium size-medium\" alt=\"Tee Gras\" srcset=\"https:\/\/arturf.com\/wp-content\/uploads\/2018\/06\/Icon-Good-quality.png 100w, https:\/\/arturf.com\/wp-content\/uploads\/2018\/06\/Icon-Good-quality-12x12.png 12w\" sizes=\"auto, (max-width: 100px) 100vw, 100px\" \/>\t\t\t\t\t<\/div>\n\t\t\t\t<\/div>\n\t\t\t<\/div>\n\t\t\t\t<div class=\"icon-box-text last-reset\">\n\t\t\t<h5 class=\"uppercase\">Bew\u00e4hrte Qualit\u00e4t<\/h5>\t\t\t\t\t\t\n\n<p>Hochwertiger Kunstrasen mit UV- und Verschlei\u00dffestigkeit. Solide Garantien sorgen f\u00fcr dauerhafte Zufriedenheit.<\/p>\n\n\t\t<\/div>\n\t<\/div>\n\t\n\t\n\n\t\t<\/div>\n\t\t\t\t\t<\/div>\n\n\t\n\n\t<div id=\"col-1244307206\" class=\"col medium-4 large-4\"  >\n\t\t\t\t<div class=\"col-inner\"  >\n\t\t\t\n\t<div class=\"is-border\"\n\t\tstyle=\"border-width:0px 0px 0px 0px;\">\n\t<\/div>\n\t\t\t\n\n\n\t\t<div class=\"icon-box featured-box icon-box-center text-center\"  style=\"margin:0px 0px 0px 0px;\">\n\t\t\t\t\t<div class=\"icon-box-img has-icon-bg\" style=\"width: 100px\">\n\t\t\t\t<div class=\"icon\">\n\t\t\t\t\t<div class=\"icon-inner\" style=\"border-width:2px;color:rgba(47, 159, 18, 0.88);\">\n\t\t\t\t\t\t<img loading=\"lazy\" decoding=\"async\" width=\"100\" height=\"100\" src=\"https:\/\/arturf.com\/wp-content\/uploads\/2018\/06\/Icon-Good-price.png\" class=\"attachment-medium size-medium\" alt=\"Tee Gras\" srcset=\"https:\/\/arturf.com\/wp-content\/uploads\/2018\/06\/Icon-Good-price.png 100w, https:\/\/arturf.com\/wp-content\/uploads\/2018\/06\/Icon-Good-price-12x12.png 12w\" sizes=\"auto, (max-width: 100px) 100vw, 100px\" \/>\t\t\t\t\t<\/div>\n\t\t\t\t<\/div>\n\t\t\t<\/div>\n\t\t\t\t<div class=\"icon-box-text last-reset\">\n\t\t\t<h5 class=\"uppercase\">Wettbewerbsf\u00e4hige Preise<\/h5>\t\t\t\t\t\t\n\n<p>Wir bieten wettbewerbsf\u00e4hige Preise und f\u00f6rdern das gemeinsame Wachstum und den langfristigen Erfolg unserer gesch\u00e4tzten H\u00e4ndler.<\/p>\n\n\t\t<\/div>\n\t<\/div>\n\t\n\t\n\n\t\t<\/div>\n\t\t\t\t\t<\/div>\n\n\t\n\n\t<div id=\"col-348943\" class=\"col medium-4 large-4\"  >\n\t\t\t\t<div class=\"col-inner\"  >\n\t\t\t\n\t<div class=\"is-border\"\n\t\tstyle=\"border-width:0px 0px 0px 0px;\">\n\t<\/div>\n\t\t\t\n\n\n\t\t<div class=\"icon-box featured-box icon-box-center text-center\"  style=\"margin:0px 0px 0px 0px;\">\n\t\t\t\t\t<div class=\"icon-box-img has-icon-bg\" style=\"width: 100px\">\n\t\t\t\t<div class=\"icon\">\n\t\t\t\t\t<div class=\"icon-inner\" style=\"border-width:2px;color:rgba(47, 159, 18, 0.88);\">\n\t\t\t\t\t\t<img loading=\"lazy\" decoding=\"async\" width=\"100\" height=\"100\" src=\"https:\/\/arturf.com\/wp-content\/uploads\/2018\/06\/Icon-tailor-made.png\" class=\"attachment-medium size-medium\" alt=\"Tee Gras\" srcset=\"https:\/\/arturf.com\/wp-content\/uploads\/2018\/06\/Icon-tailor-made.png 100w, https:\/\/arturf.com\/wp-content\/uploads\/2018\/06\/Icon-tailor-made-12x12.png 12w\" sizes=\"auto, (max-width: 100px) 100vw, 100px\" \/>\t\t\t\t\t<\/div>\n\t\t\t\t<\/div>\n\t\t\t<\/div>\n\t\t\t\t<div class=\"icon-box-text last-reset\">\n\t\t\t<h5 class=\"uppercase\">Ma\u00dfgeschneiderte L\u00f6sungen<\/h5>\t\t\t\t\t\t\n\n<p>Sch\u00f6pfen Sie Marktpotenzial mit vielf\u00e4ltigen Kunstrasenoptionen. <a href=\"https:\/\/arturf.com\/de\/buyers-guide\/customized-artificial-grass-products\/\">Auf individuelle Bed\u00fcrfnisse oder Muster zugeschnitten<\/a>.<\/p>\n\n\t\t<\/div>\n\t<\/div>\n\t\n\t\n\n\t\t<\/div>\n\t\t\t\t\t<\/div>\n\n\t\n\n<\/div>","protected":false},"excerpt":{"rendered":"<p>Erleben Sie das beste Golftraining mit unserem Tee Grass \u201eTEE Pro 40\u201c, dem ultimativen, nicht mit Sand gef\u00fcllten, strapazierf\u00e4higen Kunstrasen f\u00fcr Abschl\u00e4ge. Dieser Rasen wurde speziell f\u00fcr Eisen und H\u00f6lzer entwickelt und h\u00e4lt die Abschlagpfl\u00f6cke sicher an Ort und Stelle und sorgt so f\u00fcr ein sicheres und angenehmes Golferlebnis.<\/p>","protected":false},"featured_media":8032,"template":"","meta":{"_seopress_robots_primary_cat":"","_seopress_titles_title":"","_seopress_titles_desc":"Experience perfect swings with Tee Pro 40 - non-infill Tee grass for golf courses. In stock for fast delivery! \u26f3\ufe0f #Golf #TeeGrass","_seopress_robots_index":""},"product_brand":[],"product_cat":[65],"product_tag":[],"class_list":{"0":"post-6708","1":"product","2":"type-product","3":"status-publish","4":"has-post-thumbnail","6":"product_cat-golf","8":"first","9":"instock","10":"shipping-taxable","11":"product-type-simple"},"_links":{"self":[{"href":"https:\/\/arturf.com\/de\/wp-json\/wp\/v2\/product\/6708","targetHints":{"allow":["GET"]}}],"collection":[{"href":"https:\/\/arturf.com\/de\/wp-json\/wp\/v2\/product"}],"about":[{"href":"https:\/\/arturf.com\/de\/wp-json\/wp\/v2\/types\/product"}],"wp:featuredmedia":[{"embeddable":true,"href":"https:\/\/arturf.com\/de\/wp-json\/wp\/v2\/media\/8032"}],"wp:attachment":[{"href":"https:\/\/arturf.com\/de\/wp-json\/wp\/v2\/media?parent=6708"}],"wp:term":[{"taxonomy":"product_brand","embeddable":true,"href":"https:\/\/arturf.com\/de\/wp-json\/wp\/v2\/product_brand?post=6708"},{"taxonomy":"product_cat","embeddable":true,"href":"https:\/\/arturf.com\/de\/wp-json\/wp\/v2\/product_cat?post=6708"},{"taxonomy":"product_tag","embeddable":true,"href":"https:\/\/arturf.com\/de\/wp-json\/wp\/v2\/product_tag?post=6708"}],"curies":[{"name":"wp","href":"https:\/\/api.w.org\/{rel}","templated":true}]}}