{"id":6823,"date":"2018-08-17T07:22:18","date_gmt":"2018-08-17T07:22:18","guid":{"rendered":"https:\/\/arturf.com\/?post_type=product&#038;p=6823"},"modified":"2024-08-24T20:14:56","modified_gmt":"2024-08-24T12:14:56","slug":"artificial-grass-adhesive","status":"publish","type":"product","link":"https:\/\/arturf.com\/de\/product\/artificial-grass-adhesive\/","title":{"rendered":"Kunstrasenkleber"},"content":{"rendered":"<h3>Why You Need Glue and Seaming Tape?<\/h3>\n<p>When installing artificial grass, it often needs to be joined together to fit the size and shape of your project. Our artificial turf glue, in combination with seaming tape, allows you to achieve a seamless and professional installation. Similar to joining carpet, this adhesive ensures a secure and durable bond between different sections of artificial grass.<\/p>\n<h3>How to Use Glue and Seaming Tape?\u00a0<\/h3>\n<p>Refer to the provided images below for a visual guide on using seaming tape and glue to join artificial grass. These step-by-step instructions will help you achieve a seamless installation:<\/p>\n\t<div id=\"gap-1933465413\" class=\"gap-element clearfix\" style=\"display:block; height:auto;\">\n\t\t\n<style>\n#gap-1933465413 {\n  padding-top: 30px;\n}\n<\/style>\n\t<\/div>\n\t\n\n\n  \n    <div class=\"row large-columns-4 medium-columns-3 small-columns-2\" >\n  <div class=\"gallery-col col\" >\n          <div class=\"col-inner\">\n            <a class=\"image-lightbox lightbox-gallery\" href=\"https:\/\/arturf.com\/wp-content\/uploads\/2019\/01\/How-to-use-glue-and-seaming-tape.jpg\" title=\"How to use seaming tape and glue\">            <div class=\"box has-hover gallery-box box-overlay dark box-text-middle\">\n              <div class=\"box-image image-cover\" style=\"padding-top:75%;\">\n                <img loading=\"lazy\" decoding=\"async\" width=\"300\" height=\"225\" src=\"https:\/\/arturf.com\/wp-content\/uploads\/2019\/01\/How-to-use-glue-and-seaming-tape-300x225.jpg\" class=\"attachment-medium size-medium\" alt=\"Adhesive,Glue\" ids=\"7731,7732,7730,7729\" image_height=\"75%\" text_pos=\"middle\" text_align=\"center\" text_bg=\"rgba(0, 0, 0, 0.5)\" srcset=\"https:\/\/arturf.com\/wp-content\/uploads\/2019\/01\/How-to-use-glue-and-seaming-tape-300x225.jpg 300w, https:\/\/arturf.com\/wp-content\/uploads\/2019\/01\/How-to-use-glue-and-seaming-tape-200x150.jpg 200w, https:\/\/arturf.com\/wp-content\/uploads\/2019\/01\/How-to-use-glue-and-seaming-tape-16x12.jpg 16w, https:\/\/arturf.com\/wp-content\/uploads\/2019\/01\/How-to-use-glue-and-seaming-tape-350x263.jpg 350w, https:\/\/arturf.com\/wp-content\/uploads\/2019\/01\/How-to-use-glue-and-seaming-tape-510x383.jpg 510w, https:\/\/arturf.com\/wp-content\/uploads\/2019\/01\/How-to-use-glue-and-seaming-tape.jpg 600w\" sizes=\"auto, (max-width: 300px) 100vw, 300px\" \/>                                  <div class=\"overlay fill\"\n                      style=\"background-color: rgba(0,0,0,.15)\">\n                  <\/div>\n                                                              <\/div>\n              <div class=\"box-text text-center\" style=\"background-color:rgba(0, 0, 0, 0.5);\">\n                 <p>How to use seaming tape and glue<\/p>\n              <\/div>\n            <\/div>\n            <\/a>          <\/div>\n         <\/div><div class=\"gallery-col col\" >\n          <div class=\"col-inner\">\n            <a class=\"image-lightbox lightbox-gallery\" href=\"https:\/\/arturf.com\/wp-content\/uploads\/2019\/01\/Put-joint-tape-in-place.jpg\" title=\"Joint tape in place\">            <div class=\"box has-hover gallery-box box-overlay dark box-text-middle\">\n              <div class=\"box-image image-cover\" style=\"padding-top:75%;\">\n                <img loading=\"lazy\" decoding=\"async\" width=\"300\" height=\"225\" src=\"https:\/\/arturf.com\/wp-content\/uploads\/2019\/01\/Put-joint-tape-in-place-300x225.jpg\" class=\"attachment-medium size-medium\" alt=\"Adhesive,Glue\" ids=\"7731,7732,7730,7729\" image_height=\"75%\" text_pos=\"middle\" text_align=\"center\" text_bg=\"rgba(0, 0, 0, 0.5)\" srcset=\"https:\/\/arturf.com\/wp-content\/uploads\/2019\/01\/Put-joint-tape-in-place-300x225.jpg 300w, https:\/\/arturf.com\/wp-content\/uploads\/2019\/01\/Put-joint-tape-in-place-200x150.jpg 200w, https:\/\/arturf.com\/wp-content\/uploads\/2019\/01\/Put-joint-tape-in-place-16x12.jpg 16w, https:\/\/arturf.com\/wp-content\/uploads\/2019\/01\/Put-joint-tape-in-place-350x263.jpg 350w, https:\/\/arturf.com\/wp-content\/uploads\/2019\/01\/Put-joint-tape-in-place-510x383.jpg 510w, https:\/\/arturf.com\/wp-content\/uploads\/2019\/01\/Put-joint-tape-in-place.jpg 600w\" sizes=\"auto, (max-width: 300px) 100vw, 300px\" \/>                                  <div class=\"overlay fill\"\n                      style=\"background-color: rgba(0,0,0,.15)\">\n                  <\/div>\n                                                              <\/div>\n              <div class=\"box-text text-center\" style=\"background-color:rgba(0, 0, 0, 0.5);\">\n                 <p>Joint tape in place<\/p>\n              <\/div>\n            <\/div>\n            <\/a>          <\/div>\n         <\/div><div class=\"gallery-col col\" >\n          <div class=\"col-inner\">\n            <a class=\"image-lightbox lightbox-gallery\" href=\"https:\/\/arturf.com\/wp-content\/uploads\/2019\/01\/Appy-glue-on-the-joint-tape.jpg\" title=\"Apply glue on joint tape\">            <div class=\"box has-hover gallery-box box-overlay dark box-text-middle\">\n              <div class=\"box-image image-cover\" style=\"padding-top:75%;\">\n                <img loading=\"lazy\" decoding=\"async\" width=\"300\" height=\"225\" src=\"https:\/\/arturf.com\/wp-content\/uploads\/2019\/01\/Appy-glue-on-the-joint-tape-300x225.jpg\" class=\"attachment-medium size-medium\" alt=\"Adhesive,Glue\" ids=\"7731,7732,7730,7729\" image_height=\"75%\" text_pos=\"middle\" text_align=\"center\" text_bg=\"rgba(0, 0, 0, 0.5)\" srcset=\"https:\/\/arturf.com\/wp-content\/uploads\/2019\/01\/Appy-glue-on-the-joint-tape-300x225.jpg 300w, https:\/\/arturf.com\/wp-content\/uploads\/2019\/01\/Appy-glue-on-the-joint-tape-200x150.jpg 200w, https:\/\/arturf.com\/wp-content\/uploads\/2019\/01\/Appy-glue-on-the-joint-tape-16x12.jpg 16w, https:\/\/arturf.com\/wp-content\/uploads\/2019\/01\/Appy-glue-on-the-joint-tape-350x263.jpg 350w, https:\/\/arturf.com\/wp-content\/uploads\/2019\/01\/Appy-glue-on-the-joint-tape-510x383.jpg 510w, https:\/\/arturf.com\/wp-content\/uploads\/2019\/01\/Appy-glue-on-the-joint-tape.jpg 600w\" sizes=\"auto, (max-width: 300px) 100vw, 300px\" \/>                                  <div class=\"overlay fill\"\n                      style=\"background-color: rgba(0,0,0,.15)\">\n                  <\/div>\n                                                              <\/div>\n              <div class=\"box-text text-center\" style=\"background-color:rgba(0, 0, 0, 0.5);\">\n                 <p>Apply glue on joint tape<\/p>\n              <\/div>\n            <\/div>\n            <\/a>          <\/div>\n         <\/div><div class=\"gallery-col col\" >\n          <div class=\"col-inner\">\n            <a class=\"image-lightbox lightbox-gallery\" href=\"https:\/\/arturf.com\/wp-content\/uploads\/2019\/01\/apply-glue-to-the-edge-of-the-grass.jpg\" title=\"Apply glue on edge of artificial grass\">            <div class=\"box has-hover gallery-box box-overlay dark box-text-middle\">\n              <div class=\"box-image image-cover\" style=\"padding-top:75%;\">\n                <img loading=\"lazy\" decoding=\"async\" width=\"300\" height=\"225\" src=\"https:\/\/arturf.com\/wp-content\/uploads\/2019\/01\/apply-glue-to-the-edge-of-the-grass-300x225.jpg\" class=\"attachment-medium size-medium\" alt=\"Adhesive,Glue\" ids=\"7731,7732,7730,7729\" image_height=\"75%\" text_pos=\"middle\" text_align=\"center\" text_bg=\"rgba(0, 0, 0, 0.5)\" srcset=\"https:\/\/arturf.com\/wp-content\/uploads\/2019\/01\/apply-glue-to-the-edge-of-the-grass-300x225.jpg 300w, https:\/\/arturf.com\/wp-content\/uploads\/2019\/01\/apply-glue-to-the-edge-of-the-grass-200x150.jpg 200w, https:\/\/arturf.com\/wp-content\/uploads\/2019\/01\/apply-glue-to-the-edge-of-the-grass-16x12.jpg 16w, https:\/\/arturf.com\/wp-content\/uploads\/2019\/01\/apply-glue-to-the-edge-of-the-grass-350x263.jpg 350w, https:\/\/arturf.com\/wp-content\/uploads\/2019\/01\/apply-glue-to-the-edge-of-the-grass-510x383.jpg 510w, https:\/\/arturf.com\/wp-content\/uploads\/2019\/01\/apply-glue-to-the-edge-of-the-grass.jpg 600w\" sizes=\"auto, (max-width: 300px) 100vw, 300px\" \/>                                  <div class=\"overlay fill\"\n                      style=\"background-color: rgba(0,0,0,.15)\">\n                  <\/div>\n                                                              <\/div>\n              <div class=\"box-text text-center\" style=\"background-color:rgba(0, 0, 0, 0.5);\">\n                 <p>Apply glue on edge of artificial grass<\/p>\n              <\/div>\n            <\/div>\n            <\/a>          <\/div>\n         <\/div><\/div>\n\n<div class=\"flex-1 overflow-hidden\">\n<div class=\"react-scroll-to-bottom--css-emrlr-79elbk h-full dark:bg-gray-800\">\n<div class=\"react-scroll-to-bottom--css-emrlr-1n7m0yu\">\n<div class=\"flex flex-col text-sm dark:bg-gray-800\">\n<div class=\"group w-full text-gray-800 dark:text-gray-100 border-b border-black\/10 dark:border-gray-900\/50 bg-gray-50 dark:bg-[#444654]\">\n<div class=\"flex p-4 gap-4 text-base md:gap-6 md:max-w-2xl lg:max-w-[38rem] xl:max-w-3xl md:py-6 lg:px-0 m-auto\">\n<div class=\"relative flex w-[calc(100%-50px)] flex-col gap-1 md:gap-3 lg:w-[calc(100%-115px)]\">\n<div class=\"flex flex-grow flex-col gap-3\">\n<div class=\"min-h-[20px] flex items-start overflow-x-auto whitespace-pre-wrap break-words flex-col gap-4\">\n<div class=\"markdown prose w-full break-words dark:prose-invert light\">\n<p><em>Please note that the images provided above serve as visual instructions for using our adhesive and joint tape to bond artificial grass. It is important to mention that we provide high-quality <a href=\"https:\/\/arturf.com\/product\/artificial-grass-seaming-tape\/\">white non-woven seaming tape<\/a> specifically designed for use with our two-component glue.<\/em><\/p>\n<\/div>\n<\/div>\n<\/div>\n<\/div>\n<\/div>\n<\/div>\n<\/div>\n<\/div>\n<\/div>\n<\/div>\n<h3>Two-Component Glue<\/h3>\n<p>Our two-component adhesive is a water-free polyurethane glue specifically designed for bonding artificial grass carpets to seaming tape. This adhesive creates a strong and invisible join.<\/p>\n<p>The two-part adhesive consists of Component A, a thick paste, and Component B, a fluid hardener. The recommended mixing ratio is 90:10 (Component A:Component B).<\/p>\n<h3>How to Mix Component A and Component B Together?<\/h3>\n<p>The components are pre-measured, with Component B contained within the Component A pack (in some cases, Component B may be packed separately for safe shipping).<br \/>To mix the components, pour Component B (1kg) into Component A (9kg). Use a low-speed mixer to thoroughly combine both parts until you achieve a homogeneous and smooth mixture. It is recommended to stir for 1-2 minutes. Alternatively, manual mixing is possible but may require more time and effort. Ensure that both parts are sufficiently mixed.<\/p>\n<p>In winter or low temperatures, start by stirring and mixing Component A alone. Then add Component B and complete the mixing process. Once Component A and B are fully mixed, apply the mixture onto the jointing tape using a notched trowel.<\/p>\n<div class=\"ms-editor-squiggler\" style=\"color: initial; font: initial; font-feature-settings: initial; font-kerning: initial; font-optical-sizing: initial; font-variation-settings: initial; text-orientation: initial; text-rendering: initial; -webkit-font-smoothing: initial; -webkit-locale: initial; -webkit-text-orientation: initial; -webkit-writing-mode: initial; writing-mode: initial; zoom: initial; place-content: initial; place-items: initial; place-self: initial; alignment-baseline: initial; animation: initial; appearance: initial; aspect-ratio: initial; backdrop-filter: initial; backface-visibility: initial; background: initial; background-blend-mode: initial; baseline-shift: initial; block-size: initial; border-block: initial; border: initial; border-radius: initial; border-collapse: initial; border-inline: initial; inset: initial; box-shadow: initial; box-sizing: initial; break-after: initial; break-before: initial; break-inside: initial; buffered-rendering: initial; caption-side: initial; caret-color: initial; clear: initial; clip: initial; clip-path: initial; clip-rule: initial; color-interpolation: initial; color-interpolation-filters: initial; color-rendering: initial; color-scheme: initial; columns: initial; column-fill: initial; gap: initial; column-rule: initial; column-span: initial; contain: initial; contain-intrinsic-size: initial; content: initial; content-visibility: initial; counter-increment: initial; counter-reset: initial; counter-set: initial; cursor: initial; cx: initial; cy: initial; d: initial; display: block; dominant-baseline: initial; empty-cells: initial; fill: initial; fill-opacity: initial; fill-rule: initial; filter: initial; flex: initial; flex-flow: initial; float: initial; flood-color: initial; flood-opacity: initial; grid: initial; grid-area: initial; height: 0px; hyphens: initial; image-orientation: initial; image-rendering: initial; inline-size: initial; inset-block: initial; inset-inline: initial; isolation: initial; letter-spacing: initial; lighting-color: initial; line-break: initial; list-style: initial; margin-block: initial; margin: initial; margin-inline: initial; marker: initial; mask: initial; mask-type: initial; max-block-size: initial; max-height: initial; max-inline-size: initial; max-width: initial; min-block-size: initial; min-height: initial; min-inline-size: initial; min-width: initial; mix-blend-mode: initial; object-fit: initial; object-position: initial; offset: initial; opacity: initial; order: initial; origin-trial-test-property: initial; orphans: initial; outline: initial; outline-offset: initial; overflow-anchor: initial; overflow-wrap: initial; overflow: initial; overscroll-behavior-block: initial; overscroll-behavior-inline: initial; overscroll-behavior: initial; padding-block: initial; padding: initial; padding-inline: initial; page: initial; page-orientation: initial; paint-order: initial; perspective: initial; perspective-origin: initial; pointer-events: initial; position: initial; quotes: initial; r: initial; resize: initial; ruby-position: initial; rx: initial; ry: initial; scroll-behavior: initial; scroll-margin-block: initial; scroll-margin: initial; scroll-margin-inline: initial; scroll-padding-block: initial; scroll-padding: initial; scroll-padding-inline: initial; scroll-snap-align: initial; scroll-snap-stop: initial; scroll-snap-type: initial; shape-image-threshold: initial; shape-margin: initial; shape-outside: initial; shape-rendering: initial; size: initial; speak: initial; stop-color: initial; stop-opacity: initial; stroke: initial; stroke-dasharray: initial; stroke-dashoffset: initial; stroke-linecap: initial; stroke-linejoin: initial; stroke-miterlimit: initial; stroke-opacity: initial; stroke-width: initial; tab-size: initial; table-layout: initial; text-align: initial; text-align-last: initial; text-anchor: initial; text-combine-upright: initial; text-decoration: initial; text-decoration-skip-ink: initial; text-indent: initial; text-overflow: initial; text-shadow: initial; text-size-adjust: initial; text-transform: initial; text-underline-offset: initial; text-underline-position: initial; touch-action: initial; transform: initial; transform-box: initial; transform-origin: initial; transform-style: initial; transition: initial; user-select: initial; vector-effect: initial; vertical-align: initial; visibility: initial; -webkit-app-region: initial; border-spacing: initial; -webkit-border-image: initial; -webkit-box-align: initial; -webkit-box-decoration-break: initial; -webkit-box-direction: initial; -webkit-box-flex: initial; -webkit-box-ordinal-group: initial; -webkit-box-orient: initial; -webkit-box-pack: initial; -webkit-box-reflect: initial; -webkit-highlight: initial; -webkit-hyphenate-character: initial; -webkit-line-break: initial; -webkit-line-clamp: initial; -webkit-mask-box-image: initial; -webkit-mask: initial; -webkit-mask-composite: initial; -webkit-perspective-origin-x: initial; -webkit-perspective-origin-y: initial; -webkit-print-color-adjust: initial; -webkit-rtl-ordering: initial; -webkit-ruby-position: initial; -webkit-tap-highlight-color: initial; -webkit-text-combine: initial; -webkit-text-decorations-in-effect: initial; -webkit-text-emphasis: initial; -webkit-text-emphasis-position: initial; -webkit-text-fill-color: initial; -webkit-text-security: initial; -webkit-text-stroke: initial; -webkit-transform-origin-x: initial; -webkit-transform-origin-y: initial; -webkit-transform-origin-z: initial; -webkit-user-drag: initial; -webkit-user-modify: initial; white-space: initial; widows: initial; width: initial; will-change: initial; word-break: initial; word-spacing: initial; x: initial; y: initial; z-index: initial;\">\u00a0<\/div>\n<div class=\"row\"  id=\"row-613431574\">\n\n\t<div id=\"col-549384741\" class=\"col medium-6 small-12 large-6\"  >\n\t\t\t\t<div class=\"col-inner\"  >\n\t\t\t\n\t\t\t\n<div class=\"video video-fit mb\" style=\"padding-top:56.25%;\"><p><iframe loading=\"lazy\" title=\"Use Two-component Adhesive And Non-woven Seam Tape To Join The Artificial Grass\" width=\"1020\" height=\"574\" src=\"https:\/\/www.youtube.com\/embed\/A-mkzHKOUpg?feature=oembed\" frameborder=\"0\" allow=\"accelerometer; autoplay; clipboard-write; encrypted-media; gyroscope; picture-in-picture; web-share\" referrerpolicy=\"strict-origin-when-cross-origin\" allowfullscreen><\/iframe><\/p>\n<\/div>\n\t\t<\/div>\n\t\t\t\t\t<\/div>\n\n\t\n<\/div>\n<p>Looking for the &#8220;<strong>Glue Fix<\/strong>&#8221; applicator featured in the video? Explore our complete range of <a href=\"https:\/\/arturf.com\/product\/professional-artificial-grass-installation-tools\/\">artificial turf installation tools<\/a>.<\/p>\n<div class=\"row\"  id=\"row-312139036\">\n\n\t<div id=\"col-1999821844\" class=\"col medium-6 small-12 large-6\"  >\n\t\t\t\t<div class=\"col-inner\"  >\n\t\t\t\n\t\t\t\n\t<div class=\"img has-hover x md-x lg-x y md-y lg-y\" id=\"image_1807398835\">\n\t\t\t\t\t\t\t\t<div class=\"img-inner dark\" >\n\t\t\t<img loading=\"lazy\" decoding=\"async\" width=\"800\" height=\"760\" src=\"https:\/\/arturf.com\/wp-content\/uploads\/2022\/05\/Artificial-Grass-Installation-Tool-Kit.jpg\" class=\"attachment-large size-large\" alt=\"Adhesive,Glue\" srcset=\"https:\/\/arturf.com\/wp-content\/uploads\/2022\/05\/Artificial-Grass-Installation-Tool-Kit.jpg 800w, https:\/\/arturf.com\/wp-content\/uploads\/2022\/05\/Artificial-Grass-Installation-Tool-Kit-300x285.jpg 300w, https:\/\/arturf.com\/wp-content\/uploads\/2022\/05\/Artificial-Grass-Installation-Tool-Kit-768x730.jpg 768w, https:\/\/arturf.com\/wp-content\/uploads\/2022\/05\/Artificial-Grass-Installation-Tool-Kit-13x12.jpg 13w, https:\/\/arturf.com\/wp-content\/uploads\/2022\/05\/Artificial-Grass-Installation-Tool-Kit-510x485.jpg 510w\" sizes=\"auto, (max-width: 800px) 100vw, 800px\" \/>\t\t\t\t\t\t\n\t\t\t\t\t<\/div>\n\t\t\t\t\t\t\t\t\n<style>\n#image_1807398835 {\n  width: 100%;\n}\n<\/style>\n\t<\/div>\n\t\n\t\t<\/div>\n\t\t\t\t\t<\/div>\n\n\t\n\n\t<div id=\"col-1201630537\" class=\"col medium-6 small-12 large-6\"  >\n\t\t\t\t<div class=\"col-inner\"  >\n\t\t\t\n\t\t\t\n\t\t<\/div>\n\t\t\t\t\t<\/div>\n\n\t\n<\/div>\n<h3>Technical Data<\/h3>\n<ul>\n<li class=\"bullet-arrow\">Consistency: Part A &#8211; thick paste; Part B &#8211; fluid liquid.<\/li>\n<li class=\"bullet-arrow\">Color: Part A &#8211; green\/red\/white; Part B &#8211; brown.<\/li>\n<li class=\"bullet-arrow\">Flammable: No.<\/li>\n<li class=\"bullet-arrow\">Mixing ratio: Part A : Part B = 90 : 10.<\/li>\n<li class=\"bullet-arrow\">Pot life of mix: 30 minutes.<\/li>\n<li class=\"bullet-arrow\">Application temperature range: 15\u00b0C to +35\u00b0C.<\/li>\n<li class=\"bullet-arrow\">Open time: 40-45 minutes.<\/li>\n<li class=\"bullet-arrow\">EMICODE: EC1 R Plus \u2013 very low emission.<\/li>\n<li class=\"bullet-arrow\">Ready for light foot traffic: after 12-24 hours.<\/li>\n<li class=\"bullet-arrow\">Storage: 12 months.<\/li>\n<li class=\"bullet-arrow\">Consumption: 10kg (1 set) for 25-30m of our high-quality white non-woven seaming tape.<\/li>\n<li class=\"bullet-arrow\">Net Weight: 9kg (Component A) + 1kg (Component B).<\/li>\n<\/ul>\n","protected":false},"excerpt":{"rendered":"<p>Unser Kunstrasenkleber ist so konzipiert, dass er die Kanten zweier Kunstrasenabschnitte nahtlos miteinander verbindet. Sie k\u00f6nnen zwischen unserem Einkomponenten- oder Zweikomponentenkleber w\u00e4hlen, wobei letzterer aufgrund der Vorschriften der Reedereien f\u00fcr den internationalen Containertransport empfohlen wird. Wir bieten ausschlie\u00dflich hochwertigen Kunstrasenkleber von ausgew\u00e4hlten, renommierten Partnern an.<\/p>","protected":false},"featured_media":7740,"template":"","meta":{"_seopress_robots_primary_cat":"none","_seopress_titles_title":"Artificial Turf Glue - Adhesive for Seamless Installation","_seopress_titles_desc":"Effortlessly bond artificial grass sections with our top-quality adhesive and specialized seaming tape. Enhance your turf installation with our reliable glue.","_seopress_robots_index":""},"product_brand":[],"product_cat":[66],"product_tag":[],"class_list":{"0":"post-6823","1":"product","2":"type-product","3":"status-publish","4":"has-post-thumbnail","6":"product_cat-accessories","8":"first","9":"instock","10":"shipping-taxable","11":"product-type-simple"},"_links":{"self":[{"href":"https:\/\/arturf.com\/de\/wp-json\/wp\/v2\/product\/6823","targetHints":{"allow":["GET"]}}],"collection":[{"href":"https:\/\/arturf.com\/de\/wp-json\/wp\/v2\/product"}],"about":[{"href":"https:\/\/arturf.com\/de\/wp-json\/wp\/v2\/types\/product"}],"wp:featuredmedia":[{"embeddable":true,"href":"https:\/\/arturf.com\/de\/wp-json\/wp\/v2\/media\/7740"}],"wp:attachment":[{"href":"https:\/\/arturf.com\/de\/wp-json\/wp\/v2\/media?parent=6823"}],"wp:term":[{"taxonomy":"product_brand","embeddable":true,"href":"https:\/\/arturf.com\/de\/wp-json\/wp\/v2\/product_brand?post=6823"},{"taxonomy":"product_cat","embeddable":true,"href":"https:\/\/arturf.com\/de\/wp-json\/wp\/v2\/product_cat?post=6823"},{"taxonomy":"product_tag","embeddable":true,"href":"https:\/\/arturf.com\/de\/wp-json\/wp\/v2\/product_tag?post=6823"}],"curies":[{"name":"wp","href":"https:\/\/api.w.org\/{rel}","templated":true}]}}