{"id":6882,"date":"2018-08-20T03:03:34","date_gmt":"2018-08-20T03:03:34","guid":{"rendered":"https:\/\/arturf.com\/?post_type=product&#038;p=6882"},"modified":"2024-07-13T21:25:22","modified_gmt":"2024-07-13T13:25:22","slug":"sports-fencing","status":"publish","type":"product","link":"https:\/\/arturf.com\/de\/product\/sports-fencing\/","title":{"rendered":"Sportzaun"},"content":{"rendered":"<div class=\"row\"  id=\"row-16559393\">\n\n\t<div id=\"col-1213787601\" class=\"col small-12 large-12\"  >\n\t\t\t\t<div class=\"col-inner\"  >\n\t\t\t\n\t\t\t\n<p>Bei Arturf haben wir uns der Bereitstellung von L\u00f6sungen h\u00f6chster Qualit\u00e4t f\u00fcr Sportanlagen verschrieben. Neben unserem erstklassigen Kunstrasen bieten wir in Zusammenarbeit mit namhaften Herstellern hochwertige Sportz\u00e4une und Zaunpfosten an. Unsere Sportz\u00e4une sind so konzipiert, dass sie Sicherheit, Haltbarkeit und \u00c4sthetik f\u00fcr verschiedene Anwendungen gew\u00e4hrleisten. Hier stellen wir unsere Sportzaunprodukte vor:<\/p>\n<h3>Maschendrahtzaun \u2013 Hochwertiger Metallzaun mit PE\/PVC-Beschichtung<\/h3>\n<p>Unser Maschendrahtzaun ist ein hochwertiger Metallzaun mit PE\/PVC-Beschichtung, der unter verschiedenen Namen wie Maschendraht, Maschendrahtzaun, Maschendrahtzaun, Zyklonzaun, Hurrikanzaun oder Rautenmaschenzaun bekannt ist. Er ist die ideale Wahl f\u00fcr die Umz\u00e4unung von Sportpl\u00e4tzen, insbesondere in Bereichen, in denen eine hohe Widerstandsf\u00e4higkeit gegen St\u00f6\u00dfe, Korrosion und Feuchtigkeit entscheidend ist. Diese aus Weichstahl, Edelstahl oder Eisendraht gefertigten Z\u00e4une dienen als sichere Barrieren und werden h\u00e4ufig in Schulen, Parks, auf Spielpl\u00e4tzen und Fu\u00dfballfeldern verwendet, um B\u00e4lle einzusperren und Personen au\u00dferhalb des Zauns zu sch\u00fctzen.<\/p>\n<h4><strong>Hauptmerkmale:<\/strong><\/h4>\n<ul>\n<li>Kompromisslose St\u00e4rke, Haltbarkeit und Flexibilit\u00e4t.<\/li>\n<li>Auff\u00e4lliges Design mit verschiedenen Farboptionen.<\/li>\n<li>Perfekt f\u00fcr Sportanlagen, die st\u00e4ndigem Balleinschlag ausgesetzt sind, wie etwa Fu\u00dfballfelder, Tennispl\u00e4tze, Cricket- und Baseballnetze.<\/li>\n<li>Geeignet f\u00fcr private und industrielle Z\u00e4une mit hohen Anforderungen an Schlagfestigkeit und Korrosionsbest\u00e4ndigkeit.<\/li>\n<li>Einfache Installation auf Erd- oder Betonb\u00f6den.<\/li>\n<li>Langlebig und mit minimalem Wartungsaufwand.<\/li>\n<\/ul>\n\n  \n    <div class=\"row large-columns-4 medium-columns-3 small-columns-2\" >\n  <div class=\"gallery-col col\" >\n          <div class=\"col-inner\">\n            <a class=\"image-lightbox lightbox-gallery\" href=\"https:\/\/arturf.com\/wp-content\/uploads\/2020\/09\/PE-coated-wire-mesh-fence-1024x768.jpg\" title=\"\">            <div class=\"box has-hover gallery-box box-overlay dark\">\n              <div class=\"box-image image-cover\" style=\"padding-top:75%;\">\n                <img loading=\"lazy\" decoding=\"async\" width=\"300\" height=\"225\" src=\"https:\/\/arturf.com\/wp-content\/uploads\/2020\/09\/PE-coated-wire-mesh-fence-300x225.jpg\" class=\"attachment-medium size-medium\" alt=\"\" ids=\"12746,19853,19859\" image_height=\"75%\" srcset=\"https:\/\/arturf.com\/wp-content\/uploads\/2020\/09\/PE-coated-wire-mesh-fence-300x225.jpg 300w, https:\/\/arturf.com\/wp-content\/uploads\/2020\/09\/PE-coated-wire-mesh-fence-1024x768.jpg 1024w, https:\/\/arturf.com\/wp-content\/uploads\/2020\/09\/PE-coated-wire-mesh-fence-200x150.jpg 200w, https:\/\/arturf.com\/wp-content\/uploads\/2020\/09\/PE-coated-wire-mesh-fence-768x576.jpg 768w, https:\/\/arturf.com\/wp-content\/uploads\/2020\/09\/PE-coated-wire-mesh-fence-16x12.jpg 16w, https:\/\/arturf.com\/wp-content\/uploads\/2020\/09\/PE-coated-wire-mesh-fence-350x263.jpg 350w, https:\/\/arturf.com\/wp-content\/uploads\/2020\/09\/PE-coated-wire-mesh-fence-510x383.jpg 510w, https:\/\/arturf.com\/wp-content\/uploads\/2020\/09\/PE-coated-wire-mesh-fence.jpg 1200w\" sizes=\"auto, (max-width: 300px) 100vw, 300px\" \/>                                  <div class=\"overlay fill\"\n                      style=\"background-color: rgba(0,0,0,.15)\">\n                  <\/div>\n                                                              <\/div>\n              <div class=\"box-text text-left\" >\n                 <p><\/p>\n              <\/div>\n            <\/div>\n            <\/a>          <\/div>\n         <\/div><div class=\"gallery-col col\" >\n          <div class=\"col-inner\">\n            <a class=\"image-lightbox lightbox-gallery\" href=\"https:\/\/arturf.com\/wp-content\/uploads\/2018\/08\/Easy-install-Sport-Fence.jpg\" title=\"\">            <div class=\"box has-hover gallery-box box-overlay dark\">\n              <div class=\"box-image image-cover\" style=\"padding-top:75%;\">\n                <img loading=\"lazy\" decoding=\"async\" width=\"500\" height=\"500\" src=\"https:\/\/arturf.com\/wp-content\/uploads\/2018\/08\/Easy-install-Sport-Fence-500x500.jpg\" class=\"attachment-medium size-medium\" alt=\"\" ids=\"12746,19853,19859\" image_height=\"75%\" srcset=\"https:\/\/arturf.com\/wp-content\/uploads\/2018\/08\/Easy-install-Sport-Fence-500x500.jpg 500w, https:\/\/arturf.com\/wp-content\/uploads\/2018\/08\/Easy-install-Sport-Fence-768x768.jpg 768w, https:\/\/arturf.com\/wp-content\/uploads\/2018\/08\/Easy-install-Sport-Fence-12x12.jpg 12w, https:\/\/arturf.com\/wp-content\/uploads\/2018\/08\/Easy-install-Sport-Fence-510x510.jpg 510w, https:\/\/arturf.com\/wp-content\/uploads\/2018\/08\/Easy-install-Sport-Fence-100x100.jpg 100w, https:\/\/arturf.com\/wp-content\/uploads\/2018\/08\/Easy-install-Sport-Fence.jpg 960w\" sizes=\"auto, (max-width: 500px) 100vw, 500px\" \/>                                  <div class=\"overlay fill\"\n                      style=\"background-color: rgba(0,0,0,.15)\">\n                  <\/div>\n                                                              <\/div>\n              <div class=\"box-text text-left\" >\n                 <p><\/p>\n              <\/div>\n            <\/div>\n            <\/a>          <\/div>\n         <\/div><div class=\"gallery-col col\" >\n          <div class=\"col-inner\">\n            <a class=\"image-lightbox lightbox-gallery\" href=\"https:\/\/arturf.com\/wp-content\/uploads\/2018\/08\/Secure-chain-link-fence-by-inserting-steel-bars-1-1.jpg\" title=\"\">            <div class=\"box has-hover gallery-box box-overlay dark\">\n              <div class=\"box-image image-cover\" style=\"padding-top:75%;\">\n                <img loading=\"lazy\" decoding=\"async\" width=\"500\" height=\"454\" src=\"https:\/\/arturf.com\/wp-content\/uploads\/2018\/08\/Secure-chain-link-fence-by-inserting-steel-bars-1-1-500x454.jpg\" class=\"attachment-medium size-medium\" alt=\"\" ids=\"12746,19853,19859\" image_height=\"75%\" srcset=\"https:\/\/arturf.com\/wp-content\/uploads\/2018\/08\/Secure-chain-link-fence-by-inserting-steel-bars-1-1-500x454.jpg 500w, https:\/\/arturf.com\/wp-content\/uploads\/2018\/08\/Secure-chain-link-fence-by-inserting-steel-bars-1-1-768x697.jpg 768w, https:\/\/arturf.com\/wp-content\/uploads\/2018\/08\/Secure-chain-link-fence-by-inserting-steel-bars-1-1-13x12.jpg 13w, https:\/\/arturf.com\/wp-content\/uploads\/2018\/08\/Secure-chain-link-fence-by-inserting-steel-bars-1-1-510x463.jpg 510w, https:\/\/arturf.com\/wp-content\/uploads\/2018\/08\/Secure-chain-link-fence-by-inserting-steel-bars-1-1.jpg 790w\" sizes=\"auto, (max-width: 500px) 100vw, 500px\" \/>                                  <div class=\"overlay fill\"\n                      style=\"background-color: rgba(0,0,0,.15)\">\n                  <\/div>\n                                                              <\/div>\n              <div class=\"box-text text-left\" >\n                 <p><\/p>\n              <\/div>\n            <\/div>\n            <\/a>          <\/div>\n         <\/div><\/div>\n\t\t<\/div>\n\t\t\t\t\t<\/div>\n\n\t\n<\/div>\n<div class=\"row\"  id=\"row-1821134585\">\n\n\t<div id=\"col-1428425782\" class=\"col small-12 large-12\"  >\n\t\t\t\t<div class=\"col-inner\"  >\n\t\t\t\n\t\t\t\n<h3><span style=\"font-size: 20.16px;\">2D-Zaun aus geschwei\u00dften Maschendrahtpaneelen<\/span><\/h3>\n<p>Der 2D-Maschendrahtzaun, auch bekannt als Zwillingsdrahtzaun, Doppeldrahtzaun oder 2D-Maschendrahtzaun, besteht aus hochwertigem kohlenstoffarmem Edelstahldraht. Mit einem vertikalen Draht und zwei horizontalen Dr\u00e4hten bietet dieser Zaun im Vergleich zu herk\u00f6mmlichen geschwei\u00dften Zaunelementen eine h\u00f6here Festigkeit. Er ist ideal zum Schutz des Gel\u00e4ndes von gewerblichen, industriellen, Bildungs- und Sportanlagen.<\/p>\n<h4>Hauptmerkmale:<\/h4>\n<ul>\n<li>Erh\u00e4ltlich in den Designmustern \u201eFlache Oberseite\u201c und \u201eBogenoberseite\u201c.<\/li>\n<li>F\u00fcr zus\u00e4tzliche Stabilit\u00e4t sind doppelte horizontale Dr\u00e4hte mit dem vertikalen Draht verschwei\u00dft.<\/li>\n<li>Gro\u00dfe Netz\u00f6ffnungen f\u00fcr hohe Sichtbarkeit und hervorragende Sicherheit.<\/li>\n<li>Wettbewerbsf\u00e4hige Preise bei hoher Qualit\u00e4t, Robustheit und langer Lebensdauer.<\/li>\n<li>Verzinkte oder pulverbeschichtete Oberfl\u00e4che f\u00fcr hervorragende Rost- und Korrosionsbest\u00e4ndigkeit.<\/li>\n<li>Entwickelt, um verschiedenen rauen Umgebungsbedingungen standzuhalten.<\/li>\n<li>Erfordert dank seiner robusten Konstruktion nur minimalen Wartungsaufwand.<\/li>\n<\/ul>\n\n  \n    <div class=\"row large-columns-4 medium-columns-3 small-columns-2\" >\n  <div class=\"gallery-col col\" >\n          <div class=\"col-inner\">\n            <a class=\"image-lightbox lightbox-gallery\" href=\"https:\/\/arturf.com\/wp-content\/uploads\/2018\/08\/2D-Welded-Mesh-Fence-01.jpg\" title=\"\">            <div class=\"box has-hover gallery-box box-overlay dark\">\n              <div class=\"box-image image-cover\" style=\"padding-top:75%;\">\n                <img loading=\"lazy\" decoding=\"async\" width=\"500\" height=\"500\" src=\"https:\/\/arturf.com\/wp-content\/uploads\/2018\/08\/2D-Welded-Mesh-Fence-01-500x500.jpg\" class=\"attachment-medium size-medium\" alt=\"\" ids=\"19855,19858,19857\" image_height=\"75%\" srcset=\"https:\/\/arturf.com\/wp-content\/uploads\/2018\/08\/2D-Welded-Mesh-Fence-01-500x500.jpg 500w, https:\/\/arturf.com\/wp-content\/uploads\/2018\/08\/2D-Welded-Mesh-Fence-01-12x12.jpg 12w, https:\/\/arturf.com\/wp-content\/uploads\/2018\/08\/2D-Welded-Mesh-Fence-01-510x510.jpg 510w, https:\/\/arturf.com\/wp-content\/uploads\/2018\/08\/2D-Welded-Mesh-Fence-01-100x100.jpg 100w, https:\/\/arturf.com\/wp-content\/uploads\/2018\/08\/2D-Welded-Mesh-Fence-01.jpg 550w\" sizes=\"auto, (max-width: 500px) 100vw, 500px\" \/>                                  <div class=\"overlay fill\"\n                      style=\"background-color: rgba(0,0,0,.15)\">\n                  <\/div>\n                                                              <\/div>\n              <div class=\"box-text text-left\" >\n                 <p><\/p>\n              <\/div>\n            <\/div>\n            <\/a>          <\/div>\n         <\/div><div class=\"gallery-col col\" >\n          <div class=\"col-inner\">\n            <a class=\"image-lightbox lightbox-gallery\" href=\"https:\/\/arturf.com\/wp-content\/uploads\/2018\/08\/2D-Welded-Mesh-Fence-02-1-865x1024.jpg\" title=\"\">            <div class=\"box has-hover gallery-box box-overlay dark\">\n              <div class=\"box-image image-cover\" style=\"padding-top:75%;\">\n                <img loading=\"lazy\" decoding=\"async\" width=\"423\" height=\"500\" src=\"https:\/\/arturf.com\/wp-content\/uploads\/2018\/08\/2D-Welded-Mesh-Fence-02-1-423x500.jpg\" class=\"attachment-medium size-medium\" alt=\"\" ids=\"19855,19858,19857\" image_height=\"75%\" srcset=\"https:\/\/arturf.com\/wp-content\/uploads\/2018\/08\/2D-Welded-Mesh-Fence-02-1-423x500.jpg 423w, https:\/\/arturf.com\/wp-content\/uploads\/2018\/08\/2D-Welded-Mesh-Fence-02-1-865x1024.jpg 865w, https:\/\/arturf.com\/wp-content\/uploads\/2018\/08\/2D-Welded-Mesh-Fence-02-1-768x909.jpg 768w, https:\/\/arturf.com\/wp-content\/uploads\/2018\/08\/2D-Welded-Mesh-Fence-02-1-1298x1536.jpg 1298w, https:\/\/arturf.com\/wp-content\/uploads\/2018\/08\/2D-Welded-Mesh-Fence-02-1-1731x2048.jpg 1731w, https:\/\/arturf.com\/wp-content\/uploads\/2018\/08\/2D-Welded-Mesh-Fence-02-1-10x12.jpg 10w, https:\/\/arturf.com\/wp-content\/uploads\/2018\/08\/2D-Welded-Mesh-Fence-02-1-510x604.jpg 510w, https:\/\/arturf.com\/wp-content\/uploads\/2018\/08\/2D-Welded-Mesh-Fence-02-1.jpg 1920w\" sizes=\"auto, (max-width: 423px) 100vw, 423px\" \/>                                  <div class=\"overlay fill\"\n                      style=\"background-color: rgba(0,0,0,.15)\">\n                  <\/div>\n                                                              <\/div>\n              <div class=\"box-text text-left\" >\n                 <p><\/p>\n              <\/div>\n            <\/div>\n            <\/a>          <\/div>\n         <\/div><div class=\"gallery-col col\" >\n          <div class=\"col-inner\">\n            <a class=\"image-lightbox lightbox-gallery\" href=\"https:\/\/arturf.com\/wp-content\/uploads\/2018\/08\/2D-Welded-Mesh-Fence-03-1024x768.jpg\" title=\"\">            <div class=\"box has-hover gallery-box box-overlay dark\">\n              <div class=\"box-image image-cover\" style=\"padding-top:75%;\">\n                <img loading=\"lazy\" decoding=\"async\" width=\"500\" height=\"375\" src=\"https:\/\/arturf.com\/wp-content\/uploads\/2018\/08\/2D-Welded-Mesh-Fence-03-500x375.jpg\" class=\"attachment-medium size-medium\" alt=\"\" ids=\"19855,19858,19857\" image_height=\"75%\" srcset=\"https:\/\/arturf.com\/wp-content\/uploads\/2018\/08\/2D-Welded-Mesh-Fence-03-500x375.jpg 500w, https:\/\/arturf.com\/wp-content\/uploads\/2018\/08\/2D-Welded-Mesh-Fence-03-1024x768.jpg 1024w, https:\/\/arturf.com\/wp-content\/uploads\/2018\/08\/2D-Welded-Mesh-Fence-03-200x150.jpg 200w, https:\/\/arturf.com\/wp-content\/uploads\/2018\/08\/2D-Welded-Mesh-Fence-03-768x576.jpg 768w, https:\/\/arturf.com\/wp-content\/uploads\/2018\/08\/2D-Welded-Mesh-Fence-03-1536x1152.jpg 1536w, https:\/\/arturf.com\/wp-content\/uploads\/2018\/08\/2D-Welded-Mesh-Fence-03-2048x1536.jpg 2048w, https:\/\/arturf.com\/wp-content\/uploads\/2018\/08\/2D-Welded-Mesh-Fence-03-16x12.jpg 16w, https:\/\/arturf.com\/wp-content\/uploads\/2018\/08\/2D-Welded-Mesh-Fence-03-350x263.jpg 350w, https:\/\/arturf.com\/wp-content\/uploads\/2018\/08\/2D-Welded-Mesh-Fence-03-510x383.jpg 510w\" sizes=\"auto, (max-width: 500px) 100vw, 500px\" \/>                                  <div class=\"overlay fill\"\n                      style=\"background-color: rgba(0,0,0,.15)\">\n                  <\/div>\n                                                              <\/div>\n              <div class=\"box-text text-left\" >\n                 <p><\/p>\n              <\/div>\n            <\/div>\n            <\/a>          <\/div>\n         <\/div><\/div>\n\t\t<\/div>\n\t\t\t\t\t<\/div>\n\n\t\n<\/div>\n<div class=\"row\"  id=\"row-1369072522\">\n\n\t<div id=\"col-1304582852\" class=\"col small-12 large-12\"  >\n\t\t\t\t<div class=\"col-inner\"  >\n\t\t\t\n\t\t\t\n<h3><span style=\"font-size: 20.16px;\">Zaunpfosten<\/span><\/h3>\n<p>Zus\u00e4tzlich zu unseren Sportz\u00e4unen bieten wir eine Reihe hochwertiger Zaunpfosten an, die unsere Zaunsysteme erg\u00e4nzen und unterst\u00fctzen. Unsere Zaunpfosten sind aus langlebigen Materialien gefertigt, sodass sie zuverl\u00e4ssigen Halt bieten und die Lebensdauer Ihres Zauns verl\u00e4ngern. Die Pfosten k\u00f6nnen entweder aus Rund- oder Vierkantrohren bestehen und bieten so Vielseitigkeit f\u00fcr unterschiedliche Design- und Installationsanforderungen.<\/p>\n<h4>Hauptmerkmale:<\/h4>\n<ul>\n<li>Hergestellt aus hochwertigen Materialien f\u00fcr Langlebigkeit.<\/li>\n<li>Erh\u00e4ltlich in den Ausf\u00fchrungen Rundrohr oder Vierkantrohr.<\/li>\n<li>Entwickelt, um verschiedenen Zaunarten starken Halt zu bieten.<\/li>\n<li>Best\u00e4ndig gegen Korrosion und Umwelteinfl\u00fcsse.<\/li>\n<li>Erh\u00e4ltlich in verschiedenen Gr\u00f6\u00dfen und Stilen, um unterschiedlichen Zaunanforderungen gerecht zu werden.<\/li>\n<li>Einfach zu installieren und zu warten.<\/li>\n<\/ul>\n<h3>Optimierte L\u00f6sungen f\u00fcr Sportz\u00e4une<\/h3>\n<p>Beim Bau von Sportanlagen ist es entscheidend, Kosteneffizienz zu erreichen, ohne die Qualit\u00e4t zu beeintr\u00e4chtigen. Bei Arturf bieten wir langlebige und kosteng\u00fcnstige L\u00f6sungen, indem wir verschiedene Zauntypen kombinieren, um die Projektanforderungen effizient zu erf\u00fcllen.<\/p>\n<h4>G\u00e4ngige H\u00f6hen und kostensparende Kombinationen<\/h4>\n<p>Typische Sportzaunh\u00f6hen sind 4 m und 6 m. Um die Kosten zu optimieren, kombinieren wir oft zwei Zauntypen. Beispiele f\u00fcr einen 4 m hohen Fu\u00dfballzaun sind:<\/p>\n<ul>\n<li>2 m hoher 2D-Schwei\u00dfgitterzaun (unten) + 2 m hoher Maschendrahtzaun (oben)<\/li>\n<li>2 m hoher 2D-Schwei\u00dfgitterzaun (unten) + 2 m Polyethylennetz (oben)<\/li>\n<li>2m hoher Maschendrahtzaun (unten) + 2m <a href=\"https:\/\/arturf.com\/de\/product\/sport-netting-barrier\/\">Polyethylennetz<\/a> (Spitze)<\/li>\n<\/ul>\n<p>Diese Kombinationen gew\u00e4hrleisten robuste Sicherheit und Haltbarkeit zu geringeren Kosten.<\/p>\n<hr \/>\n<p>Wir erweitern unsere Produktpalette kontinuierlich, um mehr Zaunoptionen anzubieten. F\u00fcr weitere Informationen zu unseren Sportzaunprodukten oder um ein Angebot anzufordern, kontaktieren Sie uns bitte unter info@arturf.com. Lassen Sie sich von Arturf dabei helfen, eine sichere und \u00e4sthetisch ansprechende Umgebung f\u00fcr Ihre Sportanlagen zu schaffen.<\/p>\n\t\t<\/div>\n\t\t\t\t\t<\/div>\n\n\t\n<\/div>","protected":false},"excerpt":{"rendered":"<p>Entdecken Sie das Sortiment hochwertiger Sportz\u00e4une von Arturf, darunter PE\/PVC-beschichtete Maschendrahtz\u00e4une und 2D-geschwei\u00dfte Maschendrahtz\u00e4une. Auf Anfrage sind zus\u00e4tzliche Optionen f\u00fcr ma\u00dfgeschneiderte L\u00f6sungen erh\u00e4ltlich, die den Anforderungen Ihrer Sportanlage entsprechen.<\/p>","protected":false},"featured_media":14465,"template":"","meta":{"_seopress_robots_primary_cat":"","_seopress_titles_title":"","_seopress_titles_desc":"","_seopress_robots_index":""},"product_brand":[],"product_cat":[66],"product_tag":[],"class_list":{"0":"post-6882","1":"product","2":"type-product","3":"status-publish","4":"has-post-thumbnail","6":"product_cat-accessories","8":"first","9":"instock","10":"shipping-taxable","11":"product-type-simple"},"_links":{"self":[{"href":"https:\/\/arturf.com\/de\/wp-json\/wp\/v2\/product\/6882","targetHints":{"allow":["GET"]}}],"collection":[{"href":"https:\/\/arturf.com\/de\/wp-json\/wp\/v2\/product"}],"about":[{"href":"https:\/\/arturf.com\/de\/wp-json\/wp\/v2\/types\/product"}],"wp:featuredmedia":[{"embeddable":true,"href":"https:\/\/arturf.com\/de\/wp-json\/wp\/v2\/media\/14465"}],"wp:attachment":[{"href":"https:\/\/arturf.com\/de\/wp-json\/wp\/v2\/media?parent=6882"}],"wp:term":[{"taxonomy":"product_brand","embeddable":true,"href":"https:\/\/arturf.com\/de\/wp-json\/wp\/v2\/product_brand?post=6882"},{"taxonomy":"product_cat","embeddable":true,"href":"https:\/\/arturf.com\/de\/wp-json\/wp\/v2\/product_cat?post=6882"},{"taxonomy":"product_tag","embeddable":true,"href":"https:\/\/arturf.com\/de\/wp-json\/wp\/v2\/product_tag?post=6882"}],"curies":[{"name":"wp","href":"https:\/\/api.w.org\/{rel}","templated":true}]}}