{"id":7196,"date":"2010-12-04T11:55:55","date_gmt":"2010-12-04T11:55:55","guid":{"rendered":"https:\/\/arturf.com\/?post_type=product&#038;p=7196"},"modified":"2020-06-10T09:53:50","modified_gmt":"2020-06-10T01:53:50","slug":"golf-putting-training-aid","status":"publish","type":"product","link":"https:\/\/arturf.com\/de\/product\/golf-putting-training-aid\/","title":{"rendered":"GOLF PUTTING TRAININGSHILFE"},"content":{"rendered":"<p>Hergestellt aus hochwertigem Gummi und synthetischem Putting Green, das langlebig und harmlos ist. Die Premium-Simulation, bei der Gras platziert wird, bleibt glatt und f\u00fchlt sich wie echtes Gras an. Sie werden es genie\u00dfen, Putting-F\u00e4higkeiten mit dem 2-farbigen Gras zu \u00fcben. 300 * 30cm Matte mit verl\u00e4ngerter L\u00e4nge nur f\u00fcr Sie. Mehr \u00dcbung, um Ihrer Gesundheit zu helfen und Ihr soziales Umfeld zu verbessern.<\/p>\n<h3>Eigenschaften:<\/h3>\n<p><strong>1. Zwei gro\u00dfe L\u00f6cher<\/strong><br \/>6,5 cm und 8,5 cm Design f\u00fcr professionelles Training. Verbessern Sie Ihre Putting-F\u00e4higkeiten, indem Sie mit unserer 6,5 cm kleineren Gr\u00f6\u00dfe \u00fcben. W\u00e4hrend das Standard-Golfloch 10,8 cm (4,25 Zoll) betr\u00e4gt, helfen Ihnen unsere einzigartig gestalteten 8,5 cm- und 6,5 cm-Cups dabei, Pr\u00e4zisionsgenauigkeit zu entwickeln.<\/p>\n<p><strong>2. Schwerkraftkugelr\u00fcckf\u00fchrungssystem, um Zeit zu sparen.<\/strong> <br \/>M\u00f6chten Sie Ihre Putting-Praxis effizienter gestalten? Der Ballr\u00fccklaufkanal k\u00f6nnte Ihnen Zeit sparen, zum Loch zu gehen, um den Ball immer wieder zu holen.<\/p>\n<p><strong>3. \u00dcberall setzen<\/strong><br \/>F\u00fcr eine einfache Aufbewahrung zu Hause oder im B\u00fcro k\u00f6nnen Sie den Rasen einfach aufrollen und er passt bequem in einen Schrank oder eine leere Schublade.<\/p>\n<p>Bitte beachten Sie, dass wir nicht empfehlen, die GOLF PUTTING TRAINING AID einzeln f\u00fcr die Luftfracht zu kaufen. Dies ist sehr hoch und wahrscheinlich viel h\u00f6her als der Wert der Produkte. Wir empfehlen, zusammen mit Kunstrasen zu bestellen und GOLF PUTTING TRAINING AID in denselben Beh\u00e4lter zu geben. Kontaktieren Sie uns, um zu erfahren, wie Sie eine KOSTENLOSE Golf-Putting-Trainingshilfe erhalten!<\/p>\n\t<div class=\"img has-hover x md-x lg-x y md-y lg-y\" id=\"image_760282462\">\n\t\t\t\t\t\t\t\t<div class=\"img-inner dark\" >\n\t\t\t<img loading=\"lazy\" decoding=\"async\" width=\"788\" height=\"325\" src=\"https:\/\/arturf.com\/wp-content\/uploads\/2020\/06\/wood-putting-trainer-packing.jpg\" class=\"attachment-large size-large\" alt=\"\" srcset=\"https:\/\/arturf.com\/wp-content\/uploads\/2020\/06\/wood-putting-trainer-packing.jpg 788w, https:\/\/arturf.com\/wp-content\/uploads\/2020\/06\/wood-putting-trainer-packing-300x124.jpg 300w, https:\/\/arturf.com\/wp-content\/uploads\/2020\/06\/wood-putting-trainer-packing-768x317.jpg 768w, https:\/\/arturf.com\/wp-content\/uploads\/2020\/06\/wood-putting-trainer-packing-18x7.jpg 18w, https:\/\/arturf.com\/wp-content\/uploads\/2020\/06\/wood-putting-trainer-packing-510x210.jpg 510w\" sizes=\"auto, (max-width: 788px) 100vw, 788px\" \/>\t\t\t\t\t\t\n\t\t\t\t\t<\/div>\n\t\t\t\t\t\t\t\t\n<style>\n#image_760282462 {\n  width: 100%;\n}\n<\/style>\n\t<\/div>\n\t\n\t<div class=\"img has-hover x md-x lg-x y md-y lg-y\" id=\"image_1961321271\">\n\t\t\t\t\t\t\t\t<div class=\"img-inner dark\" >\n\t\t\t<img loading=\"lazy\" decoding=\"async\" width=\"789\" height=\"486\" src=\"https:\/\/arturf.com\/wp-content\/uploads\/2020\/06\/wood-putting-trainer-box-packing.jpg\" class=\"attachment-large size-large\" alt=\"\" srcset=\"https:\/\/arturf.com\/wp-content\/uploads\/2020\/06\/wood-putting-trainer-box-packing.jpg 789w, https:\/\/arturf.com\/wp-content\/uploads\/2020\/06\/wood-putting-trainer-box-packing-300x185.jpg 300w, https:\/\/arturf.com\/wp-content\/uploads\/2020\/06\/wood-putting-trainer-box-packing-768x473.jpg 768w, https:\/\/arturf.com\/wp-content\/uploads\/2020\/06\/wood-putting-trainer-box-packing-18x12.jpg 18w, https:\/\/arturf.com\/wp-content\/uploads\/2020\/06\/wood-putting-trainer-box-packing-510x314.jpg 510w\" sizes=\"auto, (max-width: 789px) 100vw, 789px\" \/>\t\t\t\t\t\t\n\t\t\t\t\t<\/div>\n\t\t\t\t\t\t\t\t\n<style>\n#image_1961321271 {\n  width: 100%;\n}\n<\/style>\n\t<\/div>\n\t\n\n\t<section class=\"section\" id=\"section_311432434\">\n\t\t<div class=\"section-bg fill\" >\n\t\t\t\t\t\t\t\t\t\n\t\t\t\n\n\t\t<\/div>\n\n\t\t\n\n\t\t<div class=\"section-content relative\">\n\t\t\t\n\n<div class=\"row\"  id=\"row-1403875427\">\n\n\n\t<div id=\"col-1946600718\" class=\"col small-12 large-12\"  >\n\t\t\t\t<div class=\"col-inner text-center\"  >\n\t\t\t\n\t\t\t\n\n<h2>FAQs<\/h2>\n\n\t\t<\/div>\n\t\t\t\t\t<\/div>\n\n\t\n\n<\/div>\n<div class=\"row align-center row-box-shadow-1\"  id=\"row-149259516\">\n\n\n\t<div id=\"col-1644655569\" class=\"col medium-10 small-12 large-9\"  >\n\t\t\t\t<div class=\"col-inner\" style=\"background-color:rgb(255,255,255);\" >\n\t\t\t\n\t\t\t\n\n<div class=\"accordion\">\n\n\t<div id=\"accordion-3243050726\" class=\"accordion-item\">\n\t\t<a id=\"accordion-3243050726-label\" class=\"accordion-title plain\" href=\"#accordion-item-can-you-customize-specifications-for-your-artificial-turf-products?\" aria-expanded=\"false\" aria-controls=\"accordion-3243050726-content\">\n\t\t\t<button class=\"toggle\" aria-label=\"Umschalten\"><i class=\"icon-angle-down\" aria-hidden=\"true\"><\/i><\/button>\n\t\t\t<span>K\u00f6nnen Sie die Spezifikationen f\u00fcr Ihre Kunstrasenprodukte anpassen?<\/span>\n\t\t<\/a>\n\t\t<div id=\"accordion-3243050726-content\" class=\"accordion-inner\" aria-labelledby=\"accordion-3243050726-label\">\n\t\t\t\n\n<p>Ja, wir bieten individuelle Optionen f\u00fcr Farbe, Garnform, Florh\u00f6he, Dichte und Tr\u00e4germaterial. Wir k\u00f6nnen auch nach einem bereitgestellten Muster produzieren.<\/p>\n\n\t\t<\/div>\n\t<\/div>\n\t\n\t<div id=\"accordion-677532195\" class=\"accordion-item\">\n\t\t<a id=\"accordion-677532195-label\" class=\"accordion-title plain\" href=\"#accordion-item-do-you-have-stock?\" aria-expanded=\"false\" aria-controls=\"accordion-677532195-content\">\n\t\t\t<button class=\"toggle\" aria-label=\"Umschalten\"><i class=\"icon-angle-down\" aria-hidden=\"true\"><\/i><\/button>\n\t\t\t<span>Haben Sie Lagerbest\u00e4nde?<\/span>\n\t\t<\/a>\n\t\t<div id=\"accordion-677532195-content\" class=\"accordion-inner\" aria-labelledby=\"accordion-677532195-label\">\n\t\t\t\n\n<p>Nein, wir f\u00fchren keine Lagerbest\u00e4nde. Wir beginnen mit der Produktion auf der Grundlage konkreter Bestellungen.<\/p>\n\n\t\t<\/div>\n\t<\/div>\n\t\n\t<div id=\"accordion-2823855051\" class=\"accordion-item\">\n\t\t<a id=\"accordion-2823855051-label\" class=\"accordion-title plain\" href=\"#accordion-item-what-is-your-moq?\" aria-expanded=\"false\" aria-controls=\"accordion-2823855051-content\">\n\t\t\t<button class=\"toggle\" aria-label=\"Umschalten\"><i class=\"icon-angle-down\" aria-hidden=\"true\"><\/i><\/button>\n\t\t\t<span>Was ist Ihr MOQ?<\/span>\n\t\t<\/a>\n\t\t<div id=\"accordion-2823855051-content\" class=\"accordion-inner\" aria-labelledby=\"accordion-2823855051-label\">\n\t\t\t\n\n<p>F\u00fcr die meisten Kunstrasen betr\u00e4gt unsere Mindestbestellmenge (MOQ) 500 Quadratmeter. F\u00fcr einige Produkte mit geringem Fl\u00e4chengewicht betr\u00e4gt die Mindestbestellmenge 800 Quadratmeter.<\/p>\n\n\t\t<\/div>\n\t<\/div>\n\t\n\t<div id=\"accordion-3370598470\" class=\"accordion-item\">\n\t\t<a id=\"accordion-3370598470-label\" class=\"accordion-title plain\" href=\"#accordion-item-what-are-the-width-and-length-options-for-artificial-grass?\" aria-expanded=\"false\" aria-controls=\"accordion-3370598470-content\">\n\t\t\t<button class=\"toggle\" aria-label=\"Umschalten\"><i class=\"icon-angle-down\" aria-hidden=\"true\"><\/i><\/button>\n\t\t\t<span>Welche Breiten- und L\u00e4ngenoptionen gibt es f\u00fcr Kunstrasen?<\/span>\n\t\t<\/a>\n\t\t<div id=\"accordion-3370598470-content\" class=\"accordion-inner\" aria-labelledby=\"accordion-3370598470-label\">\n\t\t\t\n\n<p>Unsere g\u00e4ngigen Breitenoptionen sind 2 m, 3,75 m, 3,95 m, 4 m und 5 m. Die L\u00e4nge kann entsprechend Ihren spezifischen Projektanforderungen angepasst werden. Standardm\u00e4\u00dfig mischen wir 4 m breiten und 2 m breiten Rasen miteinander, um den Containerraum zu optimieren.<\/p>\n\n\t\t<\/div>\n\t<\/div>\n\t\n\t<div id=\"accordion-3921086709\" class=\"accordion-item\">\n\t\t<a id=\"accordion-3921086709-label\" class=\"accordion-title plain\" href=\"#accordion-item-what-information-do-you-need-to-provide-the-landed-cost-for-international-customers?\" aria-expanded=\"false\" aria-controls=\"accordion-3921086709-content\">\n\t\t\t<button class=\"toggle\" aria-label=\"Umschalten\"><i class=\"icon-angle-down\" aria-hidden=\"true\"><\/i><\/button>\n\t\t\t<span>Welche Informationen ben\u00f6tigen Sie, um die Gesamtkosten f\u00fcr internationale Kunden bereitzustellen?<\/span>\n\t\t<\/a>\n\t\t<div id=\"accordion-3921086709-content\" class=\"accordion-inner\" aria-labelledby=\"accordion-3921086709-label\">\n\t\t\t\n\n<p>Um die Landekosten angeben zu k\u00f6nnen, ben\u00f6tigen wir Informationen zu den Produktdetails, der Menge und dem Zielseehafen.<\/p>\n\n\t\t<\/div>\n\t<\/div>\n\t\n\n<\/div>\n\n\t\t<\/div>\n\t\t\t\t\t<\/div>\n\n\t\n\n\n<style>\n#row-149259516 > .col > .col-inner {\n  padding: 0px 0px 0px 0px;\n}\n@media (min-width:550px) {\n  #row-149259516 > .col > .col-inner {\n    padding: 30px 30px 30px 30px;\n  }\n}\n<\/style>\n<\/div>\n\n\t\t<\/div>\n\n\t\t\n<style>\n#section_311432434 {\n  padding-top: 60px;\n  padding-bottom: 60px;\n}\n<\/style>\n\t<\/section>\n\t\n<div class=\"row align-center\"  id=\"row-1400430096\">\n\n\n\t<div id=\"col-597744463\" class=\"col medium-4 large-4\"  >\n\t\t\t\t<div class=\"col-inner\"  >\n\t\t\t\n\t<div class=\"is-border\"\n\t\tstyle=\"border-width:0px 0px 0px 0px;\">\n\t<\/div>\n\t\t\t\n\n\n\t\t<div class=\"icon-box featured-box icon-box-center text-center\"  style=\"margin:0px 0px 0px 0px;\">\n\t\t\t\t\t<div class=\"icon-box-img has-icon-bg\" style=\"width: 100px\">\n\t\t\t\t<div class=\"icon\">\n\t\t\t\t\t<div class=\"icon-inner\" style=\"border-width:2px;color:rgba(47, 159, 18, 0.88);\">\n\t\t\t\t\t\t<img loading=\"lazy\" decoding=\"async\" width=\"100\" height=\"100\" src=\"https:\/\/arturf.com\/wp-content\/uploads\/2018\/06\/Icon-Good-quality.png\" class=\"attachment-medium size-medium\" alt=\"\" srcset=\"https:\/\/arturf.com\/wp-content\/uploads\/2018\/06\/Icon-Good-quality.png 100w, https:\/\/arturf.com\/wp-content\/uploads\/2018\/06\/Icon-Good-quality-12x12.png 12w\" sizes=\"auto, (max-width: 100px) 100vw, 100px\" \/>\t\t\t\t\t<\/div>\n\t\t\t\t<\/div>\n\t\t\t<\/div>\n\t\t\t\t<div class=\"icon-box-text last-reset\">\n\t\t\t<h5 class=\"uppercase\">Bew\u00e4hrte Qualit\u00e4t<\/h5>\t\t\t\t\t\t\n\n<p>Hochwertiger Kunstrasen mit UV- und Verschlei\u00dffestigkeit. Solide Garantien sorgen f\u00fcr dauerhafte Zufriedenheit.<\/p>\n\n\t\t<\/div>\n\t<\/div>\n\t\n\t\n\n\t\t<\/div>\n\t\t\t\t\t<\/div>\n\n\t\n\n\t<div id=\"col-128004964\" class=\"col medium-4 large-4\"  >\n\t\t\t\t<div class=\"col-inner\"  >\n\t\t\t\n\t<div class=\"is-border\"\n\t\tstyle=\"border-width:0px 0px 0px 0px;\">\n\t<\/div>\n\t\t\t\n\n\n\t\t<div class=\"icon-box featured-box icon-box-center text-center\"  style=\"margin:0px 0px 0px 0px;\">\n\t\t\t\t\t<div class=\"icon-box-img has-icon-bg\" style=\"width: 100px\">\n\t\t\t\t<div class=\"icon\">\n\t\t\t\t\t<div class=\"icon-inner\" style=\"border-width:2px;color:rgba(47, 159, 18, 0.88);\">\n\t\t\t\t\t\t<img loading=\"lazy\" decoding=\"async\" width=\"100\" height=\"100\" src=\"https:\/\/arturf.com\/wp-content\/uploads\/2018\/06\/Icon-Good-price.png\" class=\"attachment-medium size-medium\" alt=\"\" srcset=\"https:\/\/arturf.com\/wp-content\/uploads\/2018\/06\/Icon-Good-price.png 100w, https:\/\/arturf.com\/wp-content\/uploads\/2018\/06\/Icon-Good-price-12x12.png 12w\" sizes=\"auto, (max-width: 100px) 100vw, 100px\" \/>\t\t\t\t\t<\/div>\n\t\t\t\t<\/div>\n\t\t\t<\/div>\n\t\t\t\t<div class=\"icon-box-text last-reset\">\n\t\t\t<h5 class=\"uppercase\">Wettbewerbsf\u00e4hige Preise<\/h5>\t\t\t\t\t\t\n\n<p>Wir bieten wettbewerbsf\u00e4hige Preise und f\u00f6rdern das gemeinsame Wachstum und den langfristigen Erfolg unserer gesch\u00e4tzten H\u00e4ndler.<\/p>\n\n\t\t<\/div>\n\t<\/div>\n\t\n\t\n\n\t\t<\/div>\n\t\t\t\t\t<\/div>\n\n\t\n\n\t<div id=\"col-1559838947\" class=\"col medium-4 large-4\"  >\n\t\t\t\t<div class=\"col-inner\"  >\n\t\t\t\n\t<div class=\"is-border\"\n\t\tstyle=\"border-width:0px 0px 0px 0px;\">\n\t<\/div>\n\t\t\t\n\n\n\t\t<div class=\"icon-box featured-box icon-box-center text-center\"  style=\"margin:0px 0px 0px 0px;\">\n\t\t\t\t\t<div class=\"icon-box-img has-icon-bg\" style=\"width: 100px\">\n\t\t\t\t<div class=\"icon\">\n\t\t\t\t\t<div class=\"icon-inner\" style=\"border-width:2px;color:rgba(47, 159, 18, 0.88);\">\n\t\t\t\t\t\t<img loading=\"lazy\" decoding=\"async\" width=\"100\" height=\"100\" src=\"https:\/\/arturf.com\/wp-content\/uploads\/2018\/06\/Icon-tailor-made.png\" class=\"attachment-medium size-medium\" alt=\"\" srcset=\"https:\/\/arturf.com\/wp-content\/uploads\/2018\/06\/Icon-tailor-made.png 100w, https:\/\/arturf.com\/wp-content\/uploads\/2018\/06\/Icon-tailor-made-12x12.png 12w\" sizes=\"auto, (max-width: 100px) 100vw, 100px\" \/>\t\t\t\t\t<\/div>\n\t\t\t\t<\/div>\n\t\t\t<\/div>\n\t\t\t\t<div class=\"icon-box-text last-reset\">\n\t\t\t<h5 class=\"uppercase\">Ma\u00dfgeschneiderte L\u00f6sungen<\/h5>\t\t\t\t\t\t\n\n<p>Sch\u00f6pfen Sie Marktpotenzial mit vielf\u00e4ltigen Kunstrasenoptionen. <a href=\"https:\/\/arturf.com\/de\/buyers-guide\/customized-artificial-grass-products\/\">Auf individuelle Bed\u00fcrfnisse oder Muster zugeschnitten<\/a>.<\/p>\n\n\t\t<\/div>\n\t<\/div>\n\t\n\t\n\n\t\t<\/div>\n\t\t\t\t\t<\/div>\n\n\t\n\n<\/div>","protected":false},"excerpt":{"rendered":"<p>Eine hervorragende Trainingshilfe f\u00fcr das Golf-Putten, um das Putten in Innenr\u00e4umen zu \u00fcben. F\u00fcr realistisches Putten, wo immer Sie \u00fcben m\u00f6chten, da das Gr\u00fcn leicht zum Tragen und Aufbewahren aufgerollt werden kann. Die L\u00f6cher sind geneigt ausgelegt, um die Schlagfestigkeit zu verbessern und eine zus\u00e4tzliche Herausforderung zu schaffen.<\/p>","protected":false},"featured_media":7763,"template":"","meta":{"_seopress_robots_primary_cat":"","_seopress_titles_title":"","_seopress_titles_desc":"","_seopress_robots_index":""},"product_brand":[],"product_cat":[65],"product_tag":[],"class_list":{"0":"post-7196","1":"product","2":"type-product","3":"status-publish","4":"has-post-thumbnail","6":"product_cat-golf","8":"first","9":"instock","10":"shipping-taxable","11":"product-type-simple"},"_links":{"self":[{"href":"https:\/\/arturf.com\/de\/wp-json\/wp\/v2\/product\/7196","targetHints":{"allow":["GET"]}}],"collection":[{"href":"https:\/\/arturf.com\/de\/wp-json\/wp\/v2\/product"}],"about":[{"href":"https:\/\/arturf.com\/de\/wp-json\/wp\/v2\/types\/product"}],"wp:featuredmedia":[{"embeddable":true,"href":"https:\/\/arturf.com\/de\/wp-json\/wp\/v2\/media\/7763"}],"wp:attachment":[{"href":"https:\/\/arturf.com\/de\/wp-json\/wp\/v2\/media?parent=7196"}],"wp:term":[{"taxonomy":"product_brand","embeddable":true,"href":"https:\/\/arturf.com\/de\/wp-json\/wp\/v2\/product_brand?post=7196"},{"taxonomy":"product_cat","embeddable":true,"href":"https:\/\/arturf.com\/de\/wp-json\/wp\/v2\/product_cat?post=7196"},{"taxonomy":"product_tag","embeddable":true,"href":"https:\/\/arturf.com\/de\/wp-json\/wp\/v2\/product_tag?post=7196"}],"curies":[{"name":"wp","href":"https:\/\/api.w.org\/{rel}","templated":true}]}}