{"id":7430,"date":"2018-12-20T03:27:57","date_gmt":"2018-12-20T03:27:57","guid":{"rendered":"https:\/\/arturf.com\/?post_type=product&#038;p=7430"},"modified":"2023-07-14T20:17:09","modified_gmt":"2023-07-14T12:17:09","slug":"artificial-grass-mixx","status":"publish","type":"product","link":"https:\/\/arturf.com\/de\/product\/artificial-grass-mixx\/","title":{"rendered":"Mixx"},"content":{"rendered":"<p>Mixx ist ein au\u00dfergew\u00f6hnliches Kunstrasenprodukt, das speziell f\u00fcr luxuri\u00f6se G\u00e4rten und Spielbereiche entwickelt wurde. Seine einzigartigen gemischten Garnformen und Farben sorgen f\u00fcr ein unglaublich naturgetreues Aussehen, w\u00e4hrend das starke Garn f\u00fcr hervorragende Haltbarkeit und Verschlei\u00dffestigkeit sorgt.<\/p>\n<p>Dieses High-End-Produkt bietet eine hervorragende Haltbarkeit, ein bemerkenswert nat\u00fcrliches Aussehen und eine hervorragende UV-Best\u00e4ndigkeit. Mixx eignet sich f\u00fcr luxuri\u00f6se G\u00e4rten und Spielpl\u00e4tze und garantiert eine Lebensdauer von \u00fcber 8 Jahren.<\/p>\n<h3>Hauptmerkmale:<\/h3>\n<ol>\n<li>Einzigartige Farben mit gemischten Mehrfarben f\u00fcr eine nat\u00fcrliche \u00c4sthetik<\/li>\n<li>W-f\u00f6rmige Fasern f\u00fcr das Hauptgras sorgen f\u00fcr au\u00dfergew\u00f6hnliche Haltbarkeit bei hohem Dtex<\/li>\n<li>Ein Luxusprodukt, dessen einziger Nachteil die h\u00f6heren Kosten sind und das dennoch zu unserem Direktpreis ab Werk erschwinglich ist.<\/li>\n<\/ol>\n<p><img alt=\"\" loading=\"lazy\" decoding=\"async\" class=\"wp-image-14334 size-full alignnone\" src=\"https:\/\/arturf.com\/wp-content\/uploads\/2021\/04\/Top-quality-artificial-grass-Mixx-3-Details.jpg\" width=\"800\" height=\"533\" srcset=\"https:\/\/arturf.com\/wp-content\/uploads\/2021\/04\/Top-quality-artificial-grass-Mixx-3-Details.jpg 800w, https:\/\/arturf.com\/wp-content\/uploads\/2021\/04\/Top-quality-artificial-grass-Mixx-3-Details-300x200.jpg 300w, https:\/\/arturf.com\/wp-content\/uploads\/2021\/04\/Top-quality-artificial-grass-Mixx-3-Details-768x512.jpg 768w, https:\/\/arturf.com\/wp-content\/uploads\/2021\/04\/Top-quality-artificial-grass-Mixx-3-Details-18x12.jpg 18w, https:\/\/arturf.com\/wp-content\/uploads\/2021\/04\/Top-quality-artificial-grass-Mixx-3-Details-510x340.jpg 510w\" sizes=\"auto, (max-width: 800px) 100vw, 800px\" \/><\/p>\n<p><img alt=\"\" loading=\"lazy\" decoding=\"async\" class=\"wp-image-14335 size-full alignnone\" src=\"https:\/\/arturf.com\/wp-content\/uploads\/2021\/04\/Top-quality-artificial-grass-Mixx-4-Details.jpg\" width=\"800\" height=\"533\" srcset=\"https:\/\/arturf.com\/wp-content\/uploads\/2021\/04\/Top-quality-artificial-grass-Mixx-4-Details.jpg 800w, https:\/\/arturf.com\/wp-content\/uploads\/2021\/04\/Top-quality-artificial-grass-Mixx-4-Details-300x200.jpg 300w, https:\/\/arturf.com\/wp-content\/uploads\/2021\/04\/Top-quality-artificial-grass-Mixx-4-Details-768x512.jpg 768w, https:\/\/arturf.com\/wp-content\/uploads\/2021\/04\/Top-quality-artificial-grass-Mixx-4-Details-18x12.jpg 18w, https:\/\/arturf.com\/wp-content\/uploads\/2021\/04\/Top-quality-artificial-grass-Mixx-4-Details-510x340.jpg 510w\" sizes=\"auto, (max-width: 800px) 100vw, 800px\" \/><\/p>\n\n\t<section class=\"section\" id=\"section_56732163\">\n\t\t<div class=\"section-bg fill\" >\n\t\t\t\t\t\t\t\t\t\n\t\t\t\n\n\t\t<\/div>\n\n\t\t\n\n\t\t<div class=\"section-content relative\">\n\t\t\t\n\n<div class=\"row\"  id=\"row-570443261\">\n\n\n\t<div id=\"col-178839305\" class=\"col small-12 large-12\"  >\n\t\t\t\t<div class=\"col-inner text-center\"  >\n\t\t\t\n\t\t\t\n\n<h2>FAQs<\/h2>\n\n\t\t<\/div>\n\t\t\t\t\t<\/div>\n\n\t\n\n<\/div>\n<div class=\"row align-center row-box-shadow-1\"  id=\"row-1344013054\">\n\n\n\t<div id=\"col-281158754\" class=\"col medium-10 small-12 large-9\"  >\n\t\t\t\t<div class=\"col-inner\" style=\"background-color:rgb(255,255,255);\" >\n\t\t\t\n\t\t\t\n\n<div class=\"accordion\">\n\n\t<div id=\"accordion-2583809698\" class=\"accordion-item\">\n\t\t<a id=\"accordion-2583809698-label\" class=\"accordion-title plain\" href=\"#accordion-item-can-you-customize-specifications-for-your-artificial-turf-products?\" aria-expanded=\"false\" aria-controls=\"accordion-2583809698-content\">\n\t\t\t<button class=\"toggle\" aria-label=\"Umschalten\"><i class=\"icon-angle-down\" aria-hidden=\"true\"><\/i><\/button>\n\t\t\t<span>K\u00f6nnen Sie die Spezifikationen f\u00fcr Ihre Kunstrasenprodukte anpassen?<\/span>\n\t\t<\/a>\n\t\t<div id=\"accordion-2583809698-content\" class=\"accordion-inner\" aria-labelledby=\"accordion-2583809698-label\">\n\t\t\t\n\n<p>Ja, wir bieten individuelle Optionen f\u00fcr Farbe, Garnform, Florh\u00f6he, Dichte und Tr\u00e4germaterial. Wir k\u00f6nnen auch nach einem bereitgestellten Muster produzieren.<\/p>\n\n\t\t<\/div>\n\t<\/div>\n\t\n\t<div id=\"accordion-336698976\" class=\"accordion-item\">\n\t\t<a id=\"accordion-336698976-label\" class=\"accordion-title plain\" href=\"#accordion-item-do-you-have-stock?\" aria-expanded=\"false\" aria-controls=\"accordion-336698976-content\">\n\t\t\t<button class=\"toggle\" aria-label=\"Umschalten\"><i class=\"icon-angle-down\" aria-hidden=\"true\"><\/i><\/button>\n\t\t\t<span>Haben Sie Lagerbest\u00e4nde?<\/span>\n\t\t<\/a>\n\t\t<div id=\"accordion-336698976-content\" class=\"accordion-inner\" aria-labelledby=\"accordion-336698976-label\">\n\t\t\t\n\n<p>Nein, wir f\u00fchren keine Lagerbest\u00e4nde. Wir beginnen mit der Produktion auf der Grundlage konkreter Bestellungen.<\/p>\n\n\t\t<\/div>\n\t<\/div>\n\t\n\t<div id=\"accordion-2873788594\" class=\"accordion-item\">\n\t\t<a id=\"accordion-2873788594-label\" class=\"accordion-title plain\" href=\"#accordion-item-what-is-your-moq?\" aria-expanded=\"false\" aria-controls=\"accordion-2873788594-content\">\n\t\t\t<button class=\"toggle\" aria-label=\"Umschalten\"><i class=\"icon-angle-down\" aria-hidden=\"true\"><\/i><\/button>\n\t\t\t<span>Was ist Ihr MOQ?<\/span>\n\t\t<\/a>\n\t\t<div id=\"accordion-2873788594-content\" class=\"accordion-inner\" aria-labelledby=\"accordion-2873788594-label\">\n\t\t\t\n\n<p>F\u00fcr die meisten Kunstrasen betr\u00e4gt unsere Mindestbestellmenge (MOQ) 500 Quadratmeter. F\u00fcr einige Produkte mit geringem Fl\u00e4chengewicht betr\u00e4gt die Mindestbestellmenge 800 Quadratmeter.<\/p>\n\n\t\t<\/div>\n\t<\/div>\n\t\n\t<div id=\"accordion-205262930\" class=\"accordion-item\">\n\t\t<a id=\"accordion-205262930-label\" class=\"accordion-title plain\" href=\"#accordion-item-what-are-the-width-and-length-options-for-artificial-grass?\" aria-expanded=\"false\" aria-controls=\"accordion-205262930-content\">\n\t\t\t<button class=\"toggle\" aria-label=\"Umschalten\"><i class=\"icon-angle-down\" aria-hidden=\"true\"><\/i><\/button>\n\t\t\t<span>Welche Breiten- und L\u00e4ngenoptionen gibt es f\u00fcr Kunstrasen?<\/span>\n\t\t<\/a>\n\t\t<div id=\"accordion-205262930-content\" class=\"accordion-inner\" aria-labelledby=\"accordion-205262930-label\">\n\t\t\t\n\n<p>Unsere g\u00e4ngigen Breitenoptionen sind 2 m, 3,75 m, 3,95 m, 4 m und 5 m. Die L\u00e4nge kann entsprechend Ihren spezifischen Projektanforderungen angepasst werden. Standardm\u00e4\u00dfig mischen wir 4 m breiten und 2 m breiten Rasen miteinander, um den Containerraum zu optimieren.<\/p>\n\n\t\t<\/div>\n\t<\/div>\n\t\n\t<div id=\"accordion-290583892\" class=\"accordion-item\">\n\t\t<a id=\"accordion-290583892-label\" class=\"accordion-title plain\" href=\"#accordion-item-what-information-do-you-need-to-provide-the-landed-cost-for-international-customers?\" aria-expanded=\"false\" aria-controls=\"accordion-290583892-content\">\n\t\t\t<button class=\"toggle\" aria-label=\"Umschalten\"><i class=\"icon-angle-down\" aria-hidden=\"true\"><\/i><\/button>\n\t\t\t<span>Welche Informationen ben\u00f6tigen Sie, um die Gesamtkosten f\u00fcr internationale Kunden bereitzustellen?<\/span>\n\t\t<\/a>\n\t\t<div id=\"accordion-290583892-content\" class=\"accordion-inner\" aria-labelledby=\"accordion-290583892-label\">\n\t\t\t\n\n<p>Um die Landekosten angeben zu k\u00f6nnen, ben\u00f6tigen wir Informationen zu den Produktdetails, der Menge und dem Zielseehafen.<\/p>\n\n\t\t<\/div>\n\t<\/div>\n\t\n\n<\/div>\n\n\t\t<\/div>\n\t\t\t\t\t<\/div>\n\n\t\n\n\n<style>\n#row-1344013054 > .col > .col-inner {\n  padding: 0px 0px 0px 0px;\n}\n@media (min-width:550px) {\n  #row-1344013054 > .col > .col-inner {\n    padding: 30px 30px 30px 30px;\n  }\n}\n<\/style>\n<\/div>\n\n\t\t<\/div>\n\n\t\t\n<style>\n#section_56732163 {\n  padding-top: 60px;\n  padding-bottom: 60px;\n}\n<\/style>\n\t<\/section>\n\t\n<div class=\"row align-center\"  id=\"row-1005336466\">\n\n\n\t<div id=\"col-434262799\" class=\"col medium-4 large-4\"  >\n\t\t\t\t<div class=\"col-inner\"  >\n\t\t\t\n\t<div class=\"is-border\"\n\t\tstyle=\"border-width:0px 0px 0px 0px;\">\n\t<\/div>\n\t\t\t\n\n\n\t\t<div class=\"icon-box featured-box icon-box-center text-center\"  style=\"margin:0px 0px 0px 0px;\">\n\t\t\t\t\t<div class=\"icon-box-img has-icon-bg\" style=\"width: 100px\">\n\t\t\t\t<div class=\"icon\">\n\t\t\t\t\t<div class=\"icon-inner\" style=\"border-width:2px;color:rgba(47, 159, 18, 0.88);\">\n\t\t\t\t\t\t<img loading=\"lazy\" decoding=\"async\" width=\"100\" height=\"100\" src=\"https:\/\/arturf.com\/wp-content\/uploads\/2018\/06\/Icon-Good-quality.png\" class=\"attachment-medium size-medium\" alt=\"\" srcset=\"https:\/\/arturf.com\/wp-content\/uploads\/2018\/06\/Icon-Good-quality.png 100w, https:\/\/arturf.com\/wp-content\/uploads\/2018\/06\/Icon-Good-quality-12x12.png 12w\" sizes=\"auto, (max-width: 100px) 100vw, 100px\" \/>\t\t\t\t\t<\/div>\n\t\t\t\t<\/div>\n\t\t\t<\/div>\n\t\t\t\t<div class=\"icon-box-text last-reset\">\n\t\t\t<h5 class=\"uppercase\">Bew\u00e4hrte Qualit\u00e4t<\/h5>\t\t\t\t\t\t\n\n<p>Hochwertiger Kunstrasen mit UV- und Verschlei\u00dffestigkeit. Solide Garantien sorgen f\u00fcr dauerhafte Zufriedenheit.<\/p>\n\n\t\t<\/div>\n\t<\/div>\n\t\n\t\n\n\t\t<\/div>\n\t\t\t\t\t<\/div>\n\n\t\n\n\t<div id=\"col-2052285117\" class=\"col medium-4 large-4\"  >\n\t\t\t\t<div class=\"col-inner\"  >\n\t\t\t\n\t<div class=\"is-border\"\n\t\tstyle=\"border-width:0px 0px 0px 0px;\">\n\t<\/div>\n\t\t\t\n\n\n\t\t<div class=\"icon-box featured-box icon-box-center text-center\"  style=\"margin:0px 0px 0px 0px;\">\n\t\t\t\t\t<div class=\"icon-box-img has-icon-bg\" style=\"width: 100px\">\n\t\t\t\t<div class=\"icon\">\n\t\t\t\t\t<div class=\"icon-inner\" style=\"border-width:2px;color:rgba(47, 159, 18, 0.88);\">\n\t\t\t\t\t\t<img loading=\"lazy\" decoding=\"async\" width=\"100\" height=\"100\" src=\"https:\/\/arturf.com\/wp-content\/uploads\/2018\/06\/Icon-Good-price.png\" class=\"attachment-medium size-medium\" alt=\"\" srcset=\"https:\/\/arturf.com\/wp-content\/uploads\/2018\/06\/Icon-Good-price.png 100w, https:\/\/arturf.com\/wp-content\/uploads\/2018\/06\/Icon-Good-price-12x12.png 12w\" sizes=\"auto, (max-width: 100px) 100vw, 100px\" \/>\t\t\t\t\t<\/div>\n\t\t\t\t<\/div>\n\t\t\t<\/div>\n\t\t\t\t<div class=\"icon-box-text last-reset\">\n\t\t\t<h5 class=\"uppercase\">Wettbewerbsf\u00e4hige Preise<\/h5>\t\t\t\t\t\t\n\n<p>Wir bieten wettbewerbsf\u00e4hige Preise und f\u00f6rdern das gemeinsame Wachstum und den langfristigen Erfolg unserer gesch\u00e4tzten H\u00e4ndler.<\/p>\n\n\t\t<\/div>\n\t<\/div>\n\t\n\t\n\n\t\t<\/div>\n\t\t\t\t\t<\/div>\n\n\t\n\n\t<div id=\"col-1825539338\" class=\"col medium-4 large-4\"  >\n\t\t\t\t<div class=\"col-inner\"  >\n\t\t\t\n\t<div class=\"is-border\"\n\t\tstyle=\"border-width:0px 0px 0px 0px;\">\n\t<\/div>\n\t\t\t\n\n\n\t\t<div class=\"icon-box featured-box icon-box-center text-center\"  style=\"margin:0px 0px 0px 0px;\">\n\t\t\t\t\t<div class=\"icon-box-img has-icon-bg\" style=\"width: 100px\">\n\t\t\t\t<div class=\"icon\">\n\t\t\t\t\t<div class=\"icon-inner\" style=\"border-width:2px;color:rgba(47, 159, 18, 0.88);\">\n\t\t\t\t\t\t<img loading=\"lazy\" decoding=\"async\" width=\"100\" height=\"100\" src=\"https:\/\/arturf.com\/wp-content\/uploads\/2018\/06\/Icon-tailor-made.png\" class=\"attachment-medium size-medium\" alt=\"\" srcset=\"https:\/\/arturf.com\/wp-content\/uploads\/2018\/06\/Icon-tailor-made.png 100w, https:\/\/arturf.com\/wp-content\/uploads\/2018\/06\/Icon-tailor-made-12x12.png 12w\" sizes=\"auto, (max-width: 100px) 100vw, 100px\" \/>\t\t\t\t\t<\/div>\n\t\t\t\t<\/div>\n\t\t\t<\/div>\n\t\t\t\t<div class=\"icon-box-text last-reset\">\n\t\t\t<h5 class=\"uppercase\">Ma\u00dfgeschneiderte L\u00f6sungen<\/h5>\t\t\t\t\t\t\n\n<p>Sch\u00f6pfen Sie Marktpotenzial mit vielf\u00e4ltigen Kunstrasenoptionen. <a href=\"https:\/\/arturf.com\/de\/buyers-guide\/customized-artificial-grass-products\/\">Auf individuelle Bed\u00fcrfnisse oder Muster zugeschnitten<\/a>.<\/p>\n\n\t\t<\/div>\n\t<\/div>\n\t\n\t\n\n\t\t<\/div>\n\t\t\t\t\t<\/div>\n\n\t\n\n<\/div>","protected":false},"excerpt":{"rendered":"<p>Erleben Sie Luxus und lebensechte Sch\u00f6nheit mit Mixx, unserem au\u00dfergew\u00f6hnlichen Kunstrasen f\u00fcr gro\u00dfz\u00fcgige G\u00e4rten und Spielbereiche. Seine einzigartigen Garn- und Farbmischungen sorgen f\u00fcr eine nat\u00fcrliche \u00c4sthetik, w\u00e4hrend die starken Fasern mit hohem Dtex-Gehalt f\u00fcr au\u00dfergew\u00f6hnliche Haltbarkeit sorgen.<\/p>","protected":false},"featured_media":14333,"template":"","meta":{"_seopress_robots_primary_cat":"","_seopress_titles_title":"","_seopress_titles_desc":"","_seopress_robots_index":""},"product_brand":[],"product_cat":[64],"product_tag":[],"class_list":{"0":"post-7430","1":"product","2":"type-product","3":"status-publish","4":"has-post-thumbnail","6":"product_cat-landscape","8":"first","9":"instock","10":"shipping-taxable","11":"product-type-simple"},"_links":{"self":[{"href":"https:\/\/arturf.com\/de\/wp-json\/wp\/v2\/product\/7430","targetHints":{"allow":["GET"]}}],"collection":[{"href":"https:\/\/arturf.com\/de\/wp-json\/wp\/v2\/product"}],"about":[{"href":"https:\/\/arturf.com\/de\/wp-json\/wp\/v2\/types\/product"}],"wp:featuredmedia":[{"embeddable":true,"href":"https:\/\/arturf.com\/de\/wp-json\/wp\/v2\/media\/14333"}],"wp:attachment":[{"href":"https:\/\/arturf.com\/de\/wp-json\/wp\/v2\/media?parent=7430"}],"wp:term":[{"taxonomy":"product_brand","embeddable":true,"href":"https:\/\/arturf.com\/de\/wp-json\/wp\/v2\/product_brand?post=7430"},{"taxonomy":"product_cat","embeddable":true,"href":"https:\/\/arturf.com\/de\/wp-json\/wp\/v2\/product_cat?post=7430"},{"taxonomy":"product_tag","embeddable":true,"href":"https:\/\/arturf.com\/de\/wp-json\/wp\/v2\/product_tag?post=7430"}],"curies":[{"name":"wp","href":"https:\/\/api.w.org\/{rel}","templated":true}]}}