{"id":8372,"date":"2019-02-02T04:32:49","date_gmt":"2019-02-02T04:32:49","guid":{"rendered":"https:\/\/arturf.com\/?post_type=product&#038;p=8372"},"modified":"2021-09-01T11:07:37","modified_gmt":"2021-09-01T03:07:37","slug":"nail-staple","status":"publish","type":"product","link":"https:\/\/arturf.com\/de\/product\/nail-staple\/","title":{"rendered":"Nagel \/ Heftklammer"},"content":{"rendered":"<h3>Kunstrasennagel<\/h3>\n<p>N\u00e4gel werden verwendet, um den Umfang und das Feld einer Kunstrasenanlage zu sichern. Der Hauptzweck von Kunstrasenn\u00e4geln besteht darin, den Rasen an Ort und Stelle zu halten und gleichzeitig dem Gleiten und Anheben zu widerstehen. Gleichzeitig kann es die W\u00e4rmeausdehnung und das Kaltschrumpfen von Kunstrasen reduzieren.<\/p>\n<p><em>Hinweis: Sie m\u00fcssen verwenden <a href=\"https:\/\/arturf.com\/de\/product\/artificial-grass-seaming-tape\/\">Nahtband<\/a> und <a href=\"https:\/\/arturf.com\/de\/product\/artificial-grass-adhesive\/\">Klebstoff<\/a> zuerst das Gras zusammenzuf\u00fcgen.<\/em><\/p>\n<p><strong>Verarbeitungstechnologie:\u00a0<\/strong>Elektroverzinkung<br \/><strong>L\u00e4nge: <\/strong>15 cm (empfohlen), 20 cm \/ (6 Zoll, 8 Zoll)<br \/><strong>=<\/strong>5,0 mm, 5,8 mm<\/p>\n<h3>Kunstrasen-Heftklammer (U-Pin)<\/h3>\n<p>Kunstrasenklammern werden bei der Verlegung als Ersatz f\u00fcr Leim und Nahtband verwendet. Heftklammern sparen Zeit beim Installationsprozess.<\/p>\n<p><strong>Verarbeitungstechnologie: <\/strong>Elektroverzinkung<br \/><strong>L\u00e4nge:<\/strong> 15cm (6 Zoll)<br \/><strong>=<\/strong>2,8 mm, 3,0 mm<\/p>\n<h4><em>Weiterf\u00fchrende Literatur: Heftklammern oder Kleber? Welche ist die bessere L\u00f6sung?<\/em><\/h4>\n<p><em>Wir empfehlen, die Kunstrasen zun\u00e4chst mit Nahtband und Kleber zu verbinden. Wenn der Untergrund nicht aus Beton ist und nicht viel Kies und Steine hat, k\u00f6nnen Sie den Umfang und das Feld einer Kunstrasenanlage mit N\u00e4geln sichern.<\/em><\/p>\n<p><em>Wenn der Untergrund aus h\u00e4rteren Untergrundmaterialien besteht, verbiegen sich die Klammern aufgrund der unnachgiebigen Eigenschaften des Untergrundes und f\u00fchren anschlie\u00dfend zu einer Verschiebung der Kunstrasennaht, dann sind die Fugen f\u00fcr das Auge sichtbar.<\/em><\/p>\n\n\t<section class=\"section\" id=\"section_446132494\">\n\t\t<div class=\"section-bg fill\" >\n\t\t\t\t\t\t\t\t\t\n\t\t\t\n\n\t\t<\/div>\n\n\t\t\n\n\t\t<div class=\"section-content relative\">\n\t\t\t\n\n<div class=\"row\"  id=\"row-1366477478\">\n\n\n\t<div id=\"col-1127735162\" class=\"col small-12 large-12\"  >\n\t\t\t\t<div class=\"col-inner text-center\"  >\n\t\t\t\n\t\t\t\n\n<h2>FAQs<\/h2>\n\n\t\t<\/div>\n\t\t\t\t\t<\/div>\n\n\t\n\n<\/div>\n<div class=\"row align-center row-box-shadow-1\"  id=\"row-1491186321\">\n\n\n\t<div id=\"col-1139001609\" class=\"col medium-10 small-12 large-9\"  >\n\t\t\t\t<div class=\"col-inner\" style=\"background-color:rgb(255,255,255);\" >\n\t\t\t\n\t\t\t\n\n<div class=\"accordion\">\n\n\t<div id=\"accordion-1958019489\" class=\"accordion-item\">\n\t\t<a id=\"accordion-1958019489-label\" class=\"accordion-title plain\" href=\"#accordion-item-can-you-customize-specifications-for-your-artificial-turf-products?\" aria-expanded=\"false\" aria-controls=\"accordion-1958019489-content\">\n\t\t\t<button class=\"toggle\" aria-label=\"Umschalten\"><i class=\"icon-angle-down\" aria-hidden=\"true\"><\/i><\/button>\n\t\t\t<span>K\u00f6nnen Sie die Spezifikationen f\u00fcr Ihre Kunstrasenprodukte anpassen?<\/span>\n\t\t<\/a>\n\t\t<div id=\"accordion-1958019489-content\" class=\"accordion-inner\" aria-labelledby=\"accordion-1958019489-label\">\n\t\t\t\n\n<p>Ja, wir bieten individuelle Optionen f\u00fcr Farbe, Garnform, Florh\u00f6he, Dichte und Tr\u00e4germaterial. Wir k\u00f6nnen auch nach einem bereitgestellten Muster produzieren.<\/p>\n\n\t\t<\/div>\n\t<\/div>\n\t\n\t<div id=\"accordion-2363017484\" class=\"accordion-item\">\n\t\t<a id=\"accordion-2363017484-label\" class=\"accordion-title plain\" href=\"#accordion-item-do-you-have-stock?\" aria-expanded=\"false\" aria-controls=\"accordion-2363017484-content\">\n\t\t\t<button class=\"toggle\" aria-label=\"Umschalten\"><i class=\"icon-angle-down\" aria-hidden=\"true\"><\/i><\/button>\n\t\t\t<span>Haben Sie Lagerbest\u00e4nde?<\/span>\n\t\t<\/a>\n\t\t<div id=\"accordion-2363017484-content\" class=\"accordion-inner\" aria-labelledby=\"accordion-2363017484-label\">\n\t\t\t\n\n<p>Nein, wir f\u00fchren keine Lagerbest\u00e4nde. Wir beginnen mit der Produktion auf der Grundlage konkreter Bestellungen.<\/p>\n\n\t\t<\/div>\n\t<\/div>\n\t\n\t<div id=\"accordion-2624721133\" class=\"accordion-item\">\n\t\t<a id=\"accordion-2624721133-label\" class=\"accordion-title plain\" href=\"#accordion-item-what-is-your-moq?\" aria-expanded=\"false\" aria-controls=\"accordion-2624721133-content\">\n\t\t\t<button class=\"toggle\" aria-label=\"Umschalten\"><i class=\"icon-angle-down\" aria-hidden=\"true\"><\/i><\/button>\n\t\t\t<span>Was ist Ihr MOQ?<\/span>\n\t\t<\/a>\n\t\t<div id=\"accordion-2624721133-content\" class=\"accordion-inner\" aria-labelledby=\"accordion-2624721133-label\">\n\t\t\t\n\n<p>F\u00fcr die meisten Kunstrasen betr\u00e4gt unsere Mindestbestellmenge (MOQ) 500 Quadratmeter. F\u00fcr einige Produkte mit geringem Fl\u00e4chengewicht betr\u00e4gt die Mindestbestellmenge 800 Quadratmeter.<\/p>\n\n\t\t<\/div>\n\t<\/div>\n\t\n\t<div id=\"accordion-1262721629\" class=\"accordion-item\">\n\t\t<a id=\"accordion-1262721629-label\" class=\"accordion-title plain\" href=\"#accordion-item-what-are-the-width-and-length-options-for-artificial-grass?\" aria-expanded=\"false\" aria-controls=\"accordion-1262721629-content\">\n\t\t\t<button class=\"toggle\" aria-label=\"Umschalten\"><i class=\"icon-angle-down\" aria-hidden=\"true\"><\/i><\/button>\n\t\t\t<span>Welche Breiten- und L\u00e4ngenoptionen gibt es f\u00fcr Kunstrasen?<\/span>\n\t\t<\/a>\n\t\t<div id=\"accordion-1262721629-content\" class=\"accordion-inner\" aria-labelledby=\"accordion-1262721629-label\">\n\t\t\t\n\n<p>Unsere g\u00e4ngigen Breitenoptionen sind 2 m, 3,75 m, 3,95 m, 4 m und 5 m. Die L\u00e4nge kann entsprechend Ihren spezifischen Projektanforderungen angepasst werden. Standardm\u00e4\u00dfig mischen wir 4 m breiten und 2 m breiten Rasen miteinander, um den Containerraum zu optimieren.<\/p>\n\n\t\t<\/div>\n\t<\/div>\n\t\n\t<div id=\"accordion-450212112\" class=\"accordion-item\">\n\t\t<a id=\"accordion-450212112-label\" class=\"accordion-title plain\" href=\"#accordion-item-what-information-do-you-need-to-provide-the-landed-cost-for-international-customers?\" aria-expanded=\"false\" aria-controls=\"accordion-450212112-content\">\n\t\t\t<button class=\"toggle\" aria-label=\"Umschalten\"><i class=\"icon-angle-down\" aria-hidden=\"true\"><\/i><\/button>\n\t\t\t<span>Welche Informationen ben\u00f6tigen Sie, um die Gesamtkosten f\u00fcr internationale Kunden bereitzustellen?<\/span>\n\t\t<\/a>\n\t\t<div id=\"accordion-450212112-content\" class=\"accordion-inner\" aria-labelledby=\"accordion-450212112-label\">\n\t\t\t\n\n<p>Um die Landekosten angeben zu k\u00f6nnen, ben\u00f6tigen wir Informationen zu den Produktdetails, der Menge und dem Zielseehafen.<\/p>\n\n\t\t<\/div>\n\t<\/div>\n\t\n\n<\/div>\n\n\t\t<\/div>\n\t\t\t\t\t<\/div>\n\n\t\n\n\n<style>\n#row-1491186321 > .col > .col-inner {\n  padding: 0px 0px 0px 0px;\n}\n@media (min-width:550px) {\n  #row-1491186321 > .col > .col-inner {\n    padding: 30px 30px 30px 30px;\n  }\n}\n<\/style>\n<\/div>\n\n\t\t<\/div>\n\n\t\t\n<style>\n#section_446132494 {\n  padding-top: 60px;\n  padding-bottom: 60px;\n}\n<\/style>\n\t<\/section>\n\t\n<div class=\"row align-center\"  id=\"row-166340372\">\n\n\n\t<div id=\"col-1141930414\" class=\"col medium-4 large-4\"  >\n\t\t\t\t<div class=\"col-inner\"  >\n\t\t\t\n\t<div class=\"is-border\"\n\t\tstyle=\"border-width:0px 0px 0px 0px;\">\n\t<\/div>\n\t\t\t\n\n\n\t\t<div class=\"icon-box featured-box icon-box-center text-center\"  style=\"margin:0px 0px 0px 0px;\">\n\t\t\t\t\t<div class=\"icon-box-img has-icon-bg\" style=\"width: 100px\">\n\t\t\t\t<div class=\"icon\">\n\t\t\t\t\t<div class=\"icon-inner\" style=\"border-width:2px;color:rgba(47, 159, 18, 0.88);\">\n\t\t\t\t\t\t<img loading=\"lazy\" decoding=\"async\" width=\"100\" height=\"100\" src=\"https:\/\/arturf.com\/wp-content\/uploads\/2018\/06\/Icon-Good-quality.png\" class=\"attachment-medium size-medium\" alt=\"\" srcset=\"https:\/\/arturf.com\/wp-content\/uploads\/2018\/06\/Icon-Good-quality.png 100w, https:\/\/arturf.com\/wp-content\/uploads\/2018\/06\/Icon-Good-quality-12x12.png 12w\" sizes=\"auto, (max-width: 100px) 100vw, 100px\" \/>\t\t\t\t\t<\/div>\n\t\t\t\t<\/div>\n\t\t\t<\/div>\n\t\t\t\t<div class=\"icon-box-text last-reset\">\n\t\t\t<h5 class=\"uppercase\">Bew\u00e4hrte Qualit\u00e4t<\/h5>\t\t\t\t\t\t\n\n<p>Hochwertiger Kunstrasen mit UV- und Verschlei\u00dffestigkeit. Solide Garantien sorgen f\u00fcr dauerhafte Zufriedenheit.<\/p>\n\n\t\t<\/div>\n\t<\/div>\n\t\n\t\n\n\t\t<\/div>\n\t\t\t\t\t<\/div>\n\n\t\n\n\t<div id=\"col-970610010\" class=\"col medium-4 large-4\"  >\n\t\t\t\t<div class=\"col-inner\"  >\n\t\t\t\n\t<div class=\"is-border\"\n\t\tstyle=\"border-width:0px 0px 0px 0px;\">\n\t<\/div>\n\t\t\t\n\n\n\t\t<div class=\"icon-box featured-box icon-box-center text-center\"  style=\"margin:0px 0px 0px 0px;\">\n\t\t\t\t\t<div class=\"icon-box-img has-icon-bg\" style=\"width: 100px\">\n\t\t\t\t<div class=\"icon\">\n\t\t\t\t\t<div class=\"icon-inner\" style=\"border-width:2px;color:rgba(47, 159, 18, 0.88);\">\n\t\t\t\t\t\t<img loading=\"lazy\" decoding=\"async\" width=\"100\" height=\"100\" src=\"https:\/\/arturf.com\/wp-content\/uploads\/2018\/06\/Icon-Good-price.png\" class=\"attachment-medium size-medium\" alt=\"\" srcset=\"https:\/\/arturf.com\/wp-content\/uploads\/2018\/06\/Icon-Good-price.png 100w, https:\/\/arturf.com\/wp-content\/uploads\/2018\/06\/Icon-Good-price-12x12.png 12w\" sizes=\"auto, (max-width: 100px) 100vw, 100px\" \/>\t\t\t\t\t<\/div>\n\t\t\t\t<\/div>\n\t\t\t<\/div>\n\t\t\t\t<div class=\"icon-box-text last-reset\">\n\t\t\t<h5 class=\"uppercase\">Wettbewerbsf\u00e4hige Preise<\/h5>\t\t\t\t\t\t\n\n<p>Wir bieten wettbewerbsf\u00e4hige Preise und f\u00f6rdern das gemeinsame Wachstum und den langfristigen Erfolg unserer gesch\u00e4tzten H\u00e4ndler.<\/p>\n\n\t\t<\/div>\n\t<\/div>\n\t\n\t\n\n\t\t<\/div>\n\t\t\t\t\t<\/div>\n\n\t\n\n\t<div id=\"col-648358020\" class=\"col medium-4 large-4\"  >\n\t\t\t\t<div class=\"col-inner\"  >\n\t\t\t\n\t<div class=\"is-border\"\n\t\tstyle=\"border-width:0px 0px 0px 0px;\">\n\t<\/div>\n\t\t\t\n\n\n\t\t<div class=\"icon-box featured-box icon-box-center text-center\"  style=\"margin:0px 0px 0px 0px;\">\n\t\t\t\t\t<div class=\"icon-box-img has-icon-bg\" style=\"width: 100px\">\n\t\t\t\t<div class=\"icon\">\n\t\t\t\t\t<div class=\"icon-inner\" style=\"border-width:2px;color:rgba(47, 159, 18, 0.88);\">\n\t\t\t\t\t\t<img loading=\"lazy\" decoding=\"async\" width=\"100\" height=\"100\" src=\"https:\/\/arturf.com\/wp-content\/uploads\/2018\/06\/Icon-tailor-made.png\" class=\"attachment-medium size-medium\" alt=\"\" srcset=\"https:\/\/arturf.com\/wp-content\/uploads\/2018\/06\/Icon-tailor-made.png 100w, https:\/\/arturf.com\/wp-content\/uploads\/2018\/06\/Icon-tailor-made-12x12.png 12w\" sizes=\"auto, (max-width: 100px) 100vw, 100px\" \/>\t\t\t\t\t<\/div>\n\t\t\t\t<\/div>\n\t\t\t<\/div>\n\t\t\t\t<div class=\"icon-box-text last-reset\">\n\t\t\t<h5 class=\"uppercase\">Ma\u00dfgeschneiderte L\u00f6sungen<\/h5>\t\t\t\t\t\t\n\n<p>Sch\u00f6pfen Sie Marktpotenzial mit vielf\u00e4ltigen Kunstrasenoptionen. <a href=\"https:\/\/arturf.com\/de\/buyers-guide\/customized-artificial-grass-products\/\">Auf individuelle Bed\u00fcrfnisse oder Muster zugeschnitten<\/a>.<\/p>\n\n\t\t<\/div>\n\t<\/div>\n\t\n\t\n\n\t\t<\/div>\n\t\t\t\t\t<\/div>\n\n\t\n\n<\/div>","protected":false},"excerpt":{"rendered":"<p>N\u00e4gel oder Klammern, um den Kunstrasen an der Unterlage zu befestigen. Sie sind einfach zu bedienen und helfen dabei, den Kunstrasen im Boden zu verankern. Unsere verzinkten N\u00e4gel und Klammern erh\u00f6hen die Festigkeit und Haltbarkeit von Kunstrasenverbindungen und verbessern die Stabilit\u00e4t der Kunstrasenoberfl\u00e4che.<\/p>","protected":false},"featured_media":15598,"template":"","meta":{"_seopress_robots_primary_cat":"","_seopress_titles_title":"","_seopress_titles_desc":"","_seopress_robots_index":""},"product_brand":[],"product_cat":[66],"product_tag":[],"class_list":{"0":"post-8372","1":"product","2":"type-product","3":"status-publish","4":"has-post-thumbnail","6":"product_cat-accessories","8":"first","9":"instock","10":"shipping-taxable","11":"product-type-simple"},"_links":{"self":[{"href":"https:\/\/arturf.com\/de\/wp-json\/wp\/v2\/product\/8372","targetHints":{"allow":["GET"]}}],"collection":[{"href":"https:\/\/arturf.com\/de\/wp-json\/wp\/v2\/product"}],"about":[{"href":"https:\/\/arturf.com\/de\/wp-json\/wp\/v2\/types\/product"}],"wp:featuredmedia":[{"embeddable":true,"href":"https:\/\/arturf.com\/de\/wp-json\/wp\/v2\/media\/15598"}],"wp:attachment":[{"href":"https:\/\/arturf.com\/de\/wp-json\/wp\/v2\/media?parent=8372"}],"wp:term":[{"taxonomy":"product_brand","embeddable":true,"href":"https:\/\/arturf.com\/de\/wp-json\/wp\/v2\/product_brand?post=8372"},{"taxonomy":"product_cat","embeddable":true,"href":"https:\/\/arturf.com\/de\/wp-json\/wp\/v2\/product_cat?post=8372"},{"taxonomy":"product_tag","embeddable":true,"href":"https:\/\/arturf.com\/de\/wp-json\/wp\/v2\/product_tag?post=8372"}],"curies":[{"name":"wp","href":"https:\/\/api.w.org\/{rel}","templated":true}]}}