{"id":11701,"date":"2020-05-10T21:51:17","date_gmt":"2020-05-10T13:51:17","guid":{"rendered":"https:\/\/arturf.com\/?page_id=11701"},"modified":"2023-07-08T15:52:50","modified_gmt":"2023-07-08T07:52:50","slug":"athletics-tracks","status":"publish","type":"page","link":"https:\/\/arturf.com\/es\/sports\/athletics-tracks\/","title":{"rendered":"C\u00e9sped artificial para pistas de atletismo"},"content":{"rendered":"<div class=\"banner has-hover\" id=\"banner-1874604961\">\n          <div class=\"banner-inner fill\">\n        <div class=\"banner-bg fill\" >\n            <img loading=\"lazy\" decoding=\"async\" width=\"1020\" height=\"325\" src=\"https:\/\/arturf.com\/wp-content\/uploads\/2020\/05\/Arturf-running-track-1024x326.jpg\" class=\"bg attachment-large size-large\" alt=\"\" \/>                        <div class=\"overlay\"><\/div>            \n                    <\/div>\n\t\t\n        <div class=\"banner-layers container\">\n            <div class=\"fill banner-link\"><\/div>            \n\n   <div id=\"text-box-1639873118\" class=\"text-box banner-layer x50 md-x50 lg-x50 y50 md-y50 lg-y50 res-text\">\n                                <div class=\"text-box-content text dark\">\n              \n              <div class=\"text-inner text-center\">\n                  \n\n<h1>C\u00e9sped Artificial para Pistas de Atletismo<\/h1>\n\n              <\/div>\n           <\/div>\n                            \n<style>\n#text-box-1639873118 {\n  width: 60%;\n}\n#text-box-1639873118 .text-box-content {\n  font-size: 100%;\n}\n<\/style>\n    <\/div>\n \n\n        <\/div>\n      <\/div>\n\n            \n<style>\n#banner-1874604961 {\n  padding-top: 400px;\n}\n#banner-1874604961 .overlay {\n  background-color: rgba(0,0,0,.5);\n}\n<\/style>\n  <\/div>\n\n\n<div class=\"row align-center\"  id=\"row-898481760\">\n\n\n\t<div id=\"col-263876129\" class=\"col medium-10 small-12 large-10\"  >\n\t\t\t\t<div class=\"col-inner\"  >\n\t\t\t\n\t\t\t\n\n<p>\u00bfEst\u00e1 buscando actualizar sus pistas de atletismo para mejorar el rendimiento, la durabilidad y la facilidad de uso durante todo el a\u00f1o? No busque m\u00e1s all\u00e1 de la soluci\u00f3n de vanguardia de c\u00e9sped artificial. En Arturf, ofrecemos c\u00e9sped artificial de primera calidad dise\u00f1ado espec\u00edficamente para pistas de atletismo, brindando a los atletas una superficie superior para alcanzar nuevas alturas en su rendimiento.<\/p>\n<p>Nuestro c\u00e9sped artificial de \u00faltima generaci\u00f3n cuenta con una durabilidad excepcional, resistencia a la intemperie y requisitos m\u00ednimos de mantenimiento. Con nuestro c\u00e9sped para pistas, puede disfrutar de la usabilidad durante todo el a\u00f1o y eliminar el riesgo de resbalones y ca\u00eddas.<\/p>\n<p>En Arturf, nos especializamos en brindar soluciones de c\u00e9sped artificial de primera l\u00ednea para pistas de atletismo. Revolucione su instalaci\u00f3n deportiva actualiz\u00e1ndola a nuestro c\u00e9sped de pista de \u00faltima generaci\u00f3n. Cont\u00e1ctenos hoy para obtener servicios de instalaci\u00f3n y consulta de expertos, y sea testigo de la transformaci\u00f3n de sus pistas de atletismo en superficies atl\u00e9ticas de clase mundial.<\/p>\n\t\n  \n    <div class=\"row large-columns-4 medium-columns-3 small-columns-2 row-small\" >\n  \n\t     <div class=\"col\" >\n\t\t\t\t\t\t<div class=\"col-inner\">\n\t\t\t\t\t\t\n<div class=\"badge-container absolute left top z-1\">\n\n<\/div>\n\t\t\t\t\t\t<div class=\"product-small box has-hover box-normal box-text-bottom\">\n\t\t\t\t\t\t\t<div class=\"box-image\" >\n\t\t\t\t\t\t\t\t<div class=\"\" >\n\t\t\t\t\t\t\t\t\t<a href=\"https:\/\/arturf.com\/es\/product\/tennis-multi-sports-artificial-grass-elite\/\" aria-label=\"C\u00e9sped artificial para tenis y deportes m\u00faltiples - Elite\">\n\t\t\t\t\t\t\t\t\t\t<img loading=\"lazy\" decoding=\"async\" width=\"350\" height=\"263\" src=\"https:\/\/arturf.com\/wp-content\/uploads\/2018\/06\/Tennis-Court-Artificial-Turf-F15-Red-350x263.jpg\" class=\"show-on-hover absolute fill hide-for-small back-image\" alt=\"Vista alternativa de C\u00e9sped Artificial para Tenis y Multideportes - \u00c9lite\" aria-hidden=\"true\" srcset=\"https:\/\/arturf.com\/wp-content\/uploads\/2018\/06\/Tennis-Court-Artificial-Turf-F15-Red-350x263.jpg 350w, https:\/\/arturf.com\/wp-content\/uploads\/2018\/06\/Tennis-Court-Artificial-Turf-F15-Red-300x225.jpg 300w, https:\/\/arturf.com\/wp-content\/uploads\/2018\/06\/Tennis-Court-Artificial-Turf-F15-Red-200x150.jpg 200w, https:\/\/arturf.com\/wp-content\/uploads\/2018\/06\/Tennis-Court-Artificial-Turf-F15-Red-768x576.jpg 768w, https:\/\/arturf.com\/wp-content\/uploads\/2018\/06\/Tennis-Court-Artificial-Turf-F15-Red-16x12.jpg 16w, https:\/\/arturf.com\/wp-content\/uploads\/2018\/06\/Tennis-Court-Artificial-Turf-F15-Red-510x383.jpg 510w, https:\/\/arturf.com\/wp-content\/uploads\/2018\/06\/Tennis-Court-Artificial-Turf-F15-Red.jpg 800w\" sizes=\"auto, (max-width: 350px) 100vw, 350px\" \/><img loading=\"lazy\" decoding=\"async\" width=\"350\" height=\"263\" src=\"https:\/\/arturf.com\/wp-content\/uploads\/2018\/06\/Fibrillated-Artificial-Grass-Elite-12-350x263.jpg\" class=\"attachment-woocommerce_thumbnail size-woocommerce_thumbnail\" alt=\"C\u00e9sped artificial para tenis y deportes m\u00faltiples - Elite\" srcset=\"https:\/\/arturf.com\/wp-content\/uploads\/2018\/06\/Fibrillated-Artificial-Grass-Elite-12-350x263.jpg 350w, https:\/\/arturf.com\/wp-content\/uploads\/2018\/06\/Fibrillated-Artificial-Grass-Elite-12-300x225.jpg 300w, https:\/\/arturf.com\/wp-content\/uploads\/2018\/06\/Fibrillated-Artificial-Grass-Elite-12-200x150.jpg 200w, https:\/\/arturf.com\/wp-content\/uploads\/2018\/06\/Fibrillated-Artificial-Grass-Elite-12-768x576.jpg 768w, https:\/\/arturf.com\/wp-content\/uploads\/2018\/06\/Fibrillated-Artificial-Grass-Elite-12-16x12.jpg 16w, https:\/\/arturf.com\/wp-content\/uploads\/2018\/06\/Fibrillated-Artificial-Grass-Elite-12-510x383.jpg 510w, https:\/\/arturf.com\/wp-content\/uploads\/2018\/06\/Fibrillated-Artificial-Grass-Elite-12.jpg 800w\" sizes=\"auto, (max-width: 350px) 100vw, 350px\" \/>\t\t\t\t\t\t\t\t\t<\/a>\n\t\t\t\t\t\t\t\t\t\t\t\t\t\t\t\t\t\t \t\t\t\t\t\t\t\t<\/div>\n\t\t\t\t\t\t\t\t<div class=\"image-tools top right show-on-hover\">\n\t\t\t\t\t\t\t\t\t\t\t\t\t\t\t\t\t<\/div>\n\t\t\t\t\t\t\t\t\t\t\t\t\t\t\t\t\t<div class=\"image-tools grid-tools text-center hide-for-small bottom hover-slide-in show-on-hover\">\n\t\t\t\t\t\t\t\t\t\t<a href=\"#quick-view\" class=\"quick-view\" role=\"button\" data-prod=\"6559\" aria-haspopup=\"dialog\" aria-expanded=\"false\" data-flatsome-role-button>Vista R\u00e1pida<\/a>\t\t\t\t\t\t\t\t\t<\/div>\n\t\t\t\t\t\t\t\t\t\t\t\t\t\t\t\t\t\t\t\t\t\t\t<\/div>\n\n\t\t\t\t\t\t\t<div class=\"box-text text-center\" >\n\t\t\t\t\t\t\t\t<div class=\"title-wrapper\"><p class=\"name product-title woocommerce-loop-product__title\"><a href=\"https:\/\/arturf.com\/es\/product\/tennis-multi-sports-artificial-grass-elite\/\" class=\"woocommerce-LoopProduct-link woocommerce-loop-product__link\">C\u00e9sped artificial para tenis y deportes m\u00faltiples - Elite<\/a><\/p><\/div><div class=\"price-wrapper\"><\/div>\t\t\t\t\t\t\t<\/div>\n\t\t\t\t\t\t<\/div>\n\t\t\t\t\t\t<\/div>\n\t\t\t\t\t<\/div><div class=\"col\" >\n\t\t\t\t\t\t<div class=\"col-inner\">\n\t\t\t\t\t\t\n<div class=\"badge-container absolute left top z-1\">\n\n<\/div>\n\t\t\t\t\t\t<div class=\"product-small box has-hover box-normal box-text-bottom\">\n\t\t\t\t\t\t\t<div class=\"box-image\" >\n\t\t\t\t\t\t\t\t<div class=\"\" >\n\t\t\t\t\t\t\t\t\t<a href=\"https:\/\/arturf.com\/es\/product\/multi-sports-artificial-grass-multifit\/\" aria-label=\"C\u00e9sped artificial multideportivo -MultiFit\">\n\t\t\t\t\t\t\t\t\t\t<img loading=\"lazy\" decoding=\"async\" width=\"350\" height=\"263\" src=\"https:\/\/arturf.com\/wp-content\/uploads\/2018\/06\/Multi-sport-grass-350x263.jpg\" class=\"show-on-hover absolute fill hide-for-small back-image\" alt=\"Vista alternativa de C\u00e9sped Artificial Multideportivo -MultiFit\" aria-hidden=\"true\" srcset=\"https:\/\/arturf.com\/wp-content\/uploads\/2018\/06\/Multi-sport-grass-350x263.jpg 350w, https:\/\/arturf.com\/wp-content\/uploads\/2018\/06\/Multi-sport-grass-300x225.jpg 300w, https:\/\/arturf.com\/wp-content\/uploads\/2018\/06\/Multi-sport-grass-200x150.jpg 200w, https:\/\/arturf.com\/wp-content\/uploads\/2018\/06\/Multi-sport-grass-768x575.jpg 768w, https:\/\/arturf.com\/wp-content\/uploads\/2018\/06\/Multi-sport-grass-16x12.jpg 16w, https:\/\/arturf.com\/wp-content\/uploads\/2018\/06\/Multi-sport-grass-510x382.jpg 510w, https:\/\/arturf.com\/wp-content\/uploads\/2018\/06\/Multi-sport-grass.jpg 800w\" sizes=\"auto, (max-width: 350px) 100vw, 350px\" \/><img loading=\"lazy\" decoding=\"async\" width=\"350\" height=\"263\" src=\"https:\/\/arturf.com\/wp-content\/uploads\/2018\/06\/Tennis-And-multi-sport-grass-350x263.jpg\" class=\"attachment-woocommerce_thumbnail size-woocommerce_thumbnail\" alt=\"C\u00e9sped artificial multideportivo -MultiFit\" srcset=\"https:\/\/arturf.com\/wp-content\/uploads\/2018\/06\/Tennis-And-multi-sport-grass-350x263.jpg 350w, https:\/\/arturf.com\/wp-content\/uploads\/2018\/06\/Tennis-And-multi-sport-grass-300x225.jpg 300w, https:\/\/arturf.com\/wp-content\/uploads\/2018\/06\/Tennis-And-multi-sport-grass-200x150.jpg 200w, https:\/\/arturf.com\/wp-content\/uploads\/2018\/06\/Tennis-And-multi-sport-grass-768x576.jpg 768w, https:\/\/arturf.com\/wp-content\/uploads\/2018\/06\/Tennis-And-multi-sport-grass-16x12.jpg 16w, https:\/\/arturf.com\/wp-content\/uploads\/2018\/06\/Tennis-And-multi-sport-grass-510x383.jpg 510w, https:\/\/arturf.com\/wp-content\/uploads\/2018\/06\/Tennis-And-multi-sport-grass.jpg 800w\" sizes=\"auto, (max-width: 350px) 100vw, 350px\" \/>\t\t\t\t\t\t\t\t\t<\/a>\n\t\t\t\t\t\t\t\t\t\t\t\t\t\t\t\t\t\t \t\t\t\t\t\t\t\t<\/div>\n\t\t\t\t\t\t\t\t<div class=\"image-tools top right show-on-hover\">\n\t\t\t\t\t\t\t\t\t\t\t\t\t\t\t\t\t<\/div>\n\t\t\t\t\t\t\t\t\t\t\t\t\t\t\t\t\t<div class=\"image-tools grid-tools text-center hide-for-small bottom hover-slide-in show-on-hover\">\n\t\t\t\t\t\t\t\t\t\t<a href=\"#quick-view\" class=\"quick-view\" role=\"button\" data-prod=\"6560\" aria-haspopup=\"dialog\" aria-expanded=\"false\" data-flatsome-role-button>Vista R\u00e1pida<\/a>\t\t\t\t\t\t\t\t\t<\/div>\n\t\t\t\t\t\t\t\t\t\t\t\t\t\t\t\t\t\t\t\t\t\t\t<\/div>\n\n\t\t\t\t\t\t\t<div class=\"box-text text-center\" >\n\t\t\t\t\t\t\t\t<div class=\"title-wrapper\"><p class=\"name product-title woocommerce-loop-product__title\"><a href=\"https:\/\/arturf.com\/es\/product\/multi-sports-artificial-grass-multifit\/\" class=\"woocommerce-LoopProduct-link woocommerce-loop-product__link\">C\u00e9sped artificial multideportivo -MultiFit<\/a><\/p><\/div><div class=\"price-wrapper\"><\/div>\t\t\t\t\t\t\t<\/div>\n\t\t\t\t\t\t<\/div>\n\t\t\t\t\t\t<\/div>\n\t\t\t\t\t<\/div><\/div>\n\n\n\t\t<\/div>\n\t\t\t\t\t<\/div>\n\n\t\n\n<\/div>","protected":false},"excerpt":{"rendered":"","protected":false},"author":3,"featured_media":0,"parent":2230,"menu_order":16,"comment_status":"closed","ping_status":"closed","template":"page-blank.php","meta":{"_seopress_robots_primary_cat":"","_seopress_titles_title":"","_seopress_titles_desc":"","_seopress_robots_index":"","footnotes":""},"class_list":["post-11701","page","type-page","status-publish","hentry"],"_links":{"self":[{"href":"https:\/\/arturf.com\/es\/wp-json\/wp\/v2\/pages\/11701","targetHints":{"allow":["GET"]}}],"collection":[{"href":"https:\/\/arturf.com\/es\/wp-json\/wp\/v2\/pages"}],"about":[{"href":"https:\/\/arturf.com\/es\/wp-json\/wp\/v2\/types\/page"}],"author":[{"embeddable":true,"href":"https:\/\/arturf.com\/es\/wp-json\/wp\/v2\/users\/3"}],"replies":[{"embeddable":true,"href":"https:\/\/arturf.com\/es\/wp-json\/wp\/v2\/comments?post=11701"}],"version-history":[{"count":0,"href":"https:\/\/arturf.com\/es\/wp-json\/wp\/v2\/pages\/11701\/revisions"}],"up":[{"embeddable":true,"href":"https:\/\/arturf.com\/es\/wp-json\/wp\/v2\/pages\/2230"}],"wp:attachment":[{"href":"https:\/\/arturf.com\/es\/wp-json\/wp\/v2\/media?parent=11701"}],"curies":[{"name":"gracias","href":"https:\/\/api.w.org\/{rel}","templated":true}]}}