{"id":12123,"date":"2020-07-26T15:30:18","date_gmt":"2020-07-26T07:30:18","guid":{"rendered":"https:\/\/arturf.com\/?page_id=12123"},"modified":"2024-08-23T09:33:59","modified_gmt":"2024-08-23T01:33:59","slug":"privacy-policy","status":"publish","type":"page","link":"https:\/\/arturf.com\/es\/privacy-policy\/","title":{"rendered":"Pol\u00edtica de privacidad"},"content":{"rendered":"<p>Team Sports Industry Limited (ARTURFO, <a href=\"https:\/\/arturf.com\/es\/\" target=\"_new\" rel=\"noopener\">https:\/\/arturf.com<\/a>) se compromete a respetar su privacidad y reconoce la importancia de proteger cualquier informaci\u00f3n que pueda proporcionarnos a trav\u00e9s de nuestro sitio web. Esta Pol\u00edtica de privacidad describe c\u00f3mo recopilamos, usamos y protegemos su informaci\u00f3n.<\/p>\n<p>Tenga en cuenta que Team Sports Industry Limited puede actualizar esta pol\u00edtica peri\u00f3dicamente. Le recomendamos que consulte esta p\u00e1gina de vez en cuando para asegurarse de estar al tanto de los cambios. Esta pol\u00edtica entra en vigencia a partir del 9 de octubre de 2018.<\/p>\n<h3>Informaci\u00f3n recopilada<\/h3>\n<p>Puede navegar por nuestro sitio web sin revelar ninguna informaci\u00f3n personal sobre usted. Cuando visita nuestro sitio, nuestros servidores recopilan autom\u00e1ticamente cierta informaci\u00f3n, como los nombres de dominio, los sistemas operativos en uso (por ejemplo, Macintosh, Windows) y los tipos de navegador (por ejemplo, Netscape, Internet Explorer). Esta informaci\u00f3n se agrega para medir la cantidad de visitas, el tiempo promedio que pasa en el sitio, las p\u00e1ginas visitadas y m\u00e9tricas de uso similares. Usamos estos datos para analizar y mejorar el rendimiento y el contenido de nuestro sitio web.<\/p>\n<p>La informaci\u00f3n personal como su direcci\u00f3n de correo electr\u00f3nico, nombre, direcci\u00f3n f\u00edsica y n\u00famero de tel\u00e9fono se recopila solo cuando usted la proporciona voluntariamente, como cuando se registra en nuestro sitio o participa en actividades en l\u00ednea.<\/p>\n<h3>Uso de la informaci\u00f3n<\/h3>\n<p>La informaci\u00f3n que recopilamos se utiliza para los siguientes fines:<\/p>\n<ul>\n<li>Procesamiento de pedidos y env\u00edo de productos.<\/li>\n<li>Mantenimiento de registros internos.<\/li>\n<li>Mejorando nuestros productos y servicios.<\/li>\n<li>Enviar correos electr\u00f3nicos promocionales sobre nuevos productos, ofertas especiales u otra informaci\u00f3n que creemos que puede resultarle interesante, utilizando la direcci\u00f3n de correo electr\u00f3nico que nos ha proporcionado.<\/li>\n<li>Comunicarnos con usted para fines de investigaci\u00f3n de mercado. Podemos comunicarnos con usted por correo electr\u00f3nico, tel\u00e9fono, fax o correo postal.<\/li>\n<\/ul>\n<h3>Seguridad<\/h3>\n<p>Nos comprometemos a garantizar la seguridad de su informaci\u00f3n. Para evitar el acceso o la divulgaci\u00f3n no autorizados, hemos implementado procedimientos f\u00edsicos, electr\u00f3nicos y administrativos adecuados para salvaguardar y proteger la informaci\u00f3n que recopilamos en l\u00ednea.<\/p>\n<h3>Galletas<\/h3>\n<p>Podemos utilizar una tecnolog\u00eda denominada \u201ccookies\u201d para proporcionarle informaci\u00f3n personalizada y mejorar su experiencia en nuestro sitio web. Una cookie es un peque\u00f1o fragmento de datos que un sitio web puede enviar a su navegador, que luego puede almacenarse en su dispositivo. Puede configurar su navegador para que le notifique cuando reciba una cookie, lo que le dar\u00e1 la oportunidad de decidir si la acepta o no. Nuestras cookies pueden recopilar informaci\u00f3n como el sistema operativo y el navegador que est\u00e1 utilizando.<\/p>\n<h3>Enlaces a otros sitios web<\/h3>\n<p>Nuestro sitio web puede contener enlaces a otros sitios web de inter\u00e9s. Sin embargo, una vez que abandone nuestro sitio utilizando estos enlaces, no tenemos ning\u00fan control sobre los otros sitios web. Por lo tanto, no podemos ser responsables de la protecci\u00f3n y privacidad de cualquier informaci\u00f3n que proporcione mientras visita dichos sitios. Estos sitios no se rigen por esta Pol\u00edtica de privacidad. Le recomendamos que tenga cuidado y revise la pol\u00edtica de privacidad de cualquier sitio web que visite.<\/p>\n<h3>Actualizaciones de pol\u00edticas<\/h3>\n<p>Nuestra Pol\u00edtica de privacidad puede cambiar de vez en cuando y todas las actualizaciones se publicar\u00e1n en esta p\u00e1gina.<\/p>\n<p>Si tiene alguna inquietud sobre nuestras pr\u00e1cticas de privacidad, comun\u00edquese con nosotros de inmediato por tel\u00e9fono al (+86) 760 87994998 o por correo electr\u00f3nico a <a rel=\"noopener\">info@arturf.com<\/a>.<\/p>","protected":false},"excerpt":{"rendered":"","protected":false},"author":3,"featured_media":0,"parent":0,"menu_order":29,"comment_status":"closed","ping_status":"closed","template":"page-blank-title-center.php","meta":{"_seopress_robots_primary_cat":"","_seopress_titles_title":"","_seopress_titles_desc":"","_seopress_robots_index":"","footnotes":""},"class_list":["post-12123","page","type-page","status-publish","hentry"],"_links":{"self":[{"href":"https:\/\/arturf.com\/es\/wp-json\/wp\/v2\/pages\/12123","targetHints":{"allow":["GET"]}}],"collection":[{"href":"https:\/\/arturf.com\/es\/wp-json\/wp\/v2\/pages"}],"about":[{"href":"https:\/\/arturf.com\/es\/wp-json\/wp\/v2\/types\/page"}],"author":[{"embeddable":true,"href":"https:\/\/arturf.com\/es\/wp-json\/wp\/v2\/users\/3"}],"replies":[{"embeddable":true,"href":"https:\/\/arturf.com\/es\/wp-json\/wp\/v2\/comments?post=12123"}],"version-history":[{"count":0,"href":"https:\/\/arturf.com\/es\/wp-json\/wp\/v2\/pages\/12123\/revisions"}],"wp:attachment":[{"href":"https:\/\/arturf.com\/es\/wp-json\/wp\/v2\/media?parent=12123"}],"curies":[{"name":"gracias","href":"https:\/\/api.w.org\/{rel}","templated":true}]}}