{"id":1331,"date":"2011-04-12T03:06:46","date_gmt":"2011-04-11T19:06:46","guid":{"rendered":"https:\/\/arturf.com\/"},"modified":"2023-09-03T22:22:44","modified_gmt":"2023-09-03T14:22:44","slug":"support","status":"publish","type":"page","link":"https:\/\/arturf.com\/es\/support\/","title":{"rendered":"Apoyo"},"content":{"rendered":"<div class=\"banner has-hover\" id=\"banner-262175949\">\n          <div class=\"banner-inner fill\">\n        <div class=\"banner-bg fill\" >\n            <img loading=\"lazy\" decoding=\"async\" width=\"1020\" height=\"237\" src=\"https:\/\/arturf.com\/wp-content\/uploads\/2018\/04\/Artificial-Grass-Installation_supportsubheader-1024x238.jpg\" class=\"bg attachment-large size-large\" alt=\"compra, instalaci\u00f3n, mantenimiento\" \/>                        <div class=\"overlay\"><\/div>            \n                    <\/div>\n\t\t\n        <div class=\"banner-layers container\">\n            <div class=\"fill banner-link\"><\/div>            \n\n   <div id=\"text-box-1810841535\" class=\"text-box banner-layer x50 md-x50 lg-x50 y50 md-y50 lg-y50 res-text\">\n                                <div class=\"text-box-content text dark\">\n              \n              <div class=\"text-inner text-center\">\n                  \n\n<h1>Apoyo<\/h1>\n<p>Obtenga soporte completo para c\u00e9sped artificial, incluida una gu\u00eda del comprador, consejos de instalaci\u00f3n, orientaci\u00f3n de mantenimiento y una base de conocimientos para todas sus consultas.<\/p>\n\n              <\/div>\n           <\/div>\n                            \n<style>\n#text-box-1810841535 {\n  width: 60%;\n}\n#text-box-1810841535 .text-box-content {\n  font-size: 100%;\n}\n<\/style>\n    <\/div>\n \n\n        <\/div>\n      <\/div>\n\n            \n<style>\n#banner-262175949 {\n  padding-top: 400px;\n}\n#banner-262175949 .overlay {\n  background-color: rgba(0,0,0,.5);\n}\n<\/style>\n  <\/div>\n\n\n\n\t<section class=\"section\" id=\"section_221473650\">\n\t\t<div class=\"section-bg fill\" >\n\t\t\t\t\t\t\t\t\t\n\t\t\t\n\n\t\t<\/div>\n\n\t\t\n\n\t\t<div class=\"section-content relative\">\n\t\t\t\n\n\t<div id=\"gap-1053800595\" class=\"gap-element clearfix\" style=\"display:block; height:auto;\">\n\t\t\n<style>\n#gap-1053800595 {\n  padding-top: 50px;\n}\n<\/style>\n\t<\/div>\n\t\n\n<div class=\"row\"  id=\"row-572057573\">\n\n\n\t<div id=\"col-1429207724\" class=\"col medium-4 small-12 large-4\"  >\n\t\t\t\t<div class=\"col-inner\"  >\n\t\t\t\n\t\t\t\n\n<h2><a href=\"https:\/\/arturf.com\/es\/category\/buyers-guide\/\"><span style=\"font-size: 130%;\">Gu\u00eda de compradores<\/span><\/a><\/h2>\n<p>Su gu\u00eda esencial para elegir el c\u00e9sped artificial perfecto, que permite a los compradores tomar decisiones informadas para sus necesidades espec\u00edficas.<\/p>\n\n\t\t<\/div>\n\t\t\t\t\n<style>\n#col-1429207724 > .col-inner {\n  padding: 0px 40px 0px 0px;\n}\n<\/style>\n\t<\/div>\n\n\t\n\n\t<div id=\"col-1063272203\" class=\"col medium-8 small-12 large-8\"  >\n\t\t\t\t<div class=\"col-inner\"  >\n\t\t\t\n\t\t\t\n\n<p>&nbsp;Su recurso experto para compras de c\u00e9sped artificial de calidad. Aprenda a elegir y comprar c\u00e9sped artificial superior con confianza. Consejos e informaci\u00f3n esenciales para los compradores que buscan soluciones de c\u00e9sped sint\u00e9tico premium.<\/p>\n<ul class=\"lcp_catlist\" id=\"lcp_instance_0\"><li><a href=\"https:\/\/arturf.com\/es\/buyers-guide\/artificial-grass-cost\/\">El costo de importar c\u00e9sped artificial de China<\/a><\/li><li><a href=\"https:\/\/arturf.com\/es\/buyers-guide\/infill-or-non-infill-artificial-grass\/\">C\u00e9sped artificial con o sin relleno: tomar la decisi\u00f3n correcta<\/a><\/li><li><a href=\"https:\/\/arturf.com\/es\/knowledge-hub\/artificial-grass-specifications\/\">Especificaciones del c\u00e9sped artificial: comprender lo que significan<\/a><\/li><li><a href=\"https:\/\/arturf.com\/es\/buyers-guide\/minimum-order-quantity\/\">Cantidad m\u00ednima de pedido (MOQ) para c\u00e9sped artificial: explicaci\u00f3n<\/a><\/li><li><a href=\"https:\/\/arturf.com\/es\/tennis-court\/things-to-consider-when-constructing-a-tennis-court\/\">Consideraciones esenciales para la construcci\u00f3n de canchas de tenis residenciales<\/a><\/li><li><a href=\"https:\/\/arturf.com\/es\/knowledge-hub\/why-choose-polyurethane-backed-artificial-grass\/\">C\u00e9sped artificial con respaldo de poliuretano: ventajas y beneficios<\/a><\/li><li><a href=\"https:\/\/arturf.com\/es\/buyers-guide\/customized-artificial-grass-products\/\">C\u00e9sped artificial personalizado: la clave del \u00e9xito en el mercado<\/a><\/li><li><a href=\"https:\/\/arturf.com\/es\/blog\/different-colors-packing-artificial-grass-rolls\/\">Diferentes colores de embalaje para rollos de c\u00e9sped artificial: mejora de la eficiencia<\/a><\/li><li><a href=\"https:\/\/arturf.com\/es\/buyers-guide\/considerations-for-choosing-and-ordering-synthetic-grass\/\">Nueve consideraciones para elegir y pedir c\u00e9sped sint\u00e9tico<\/a><\/li><li><a href=\"https:\/\/arturf.com\/es\/buyers-guide\/cheap-artificial-grass\/\">\u00bfPuedo comprar c\u00e9sped artificial barato? Su gu\u00eda de soluciones rentables<\/a><\/li><li><a href=\"https:\/\/arturf.com\/es\/buyers-guide\/choose-artificial-grass\/\">C\u00f3mo encontrar un proveedor confiable de c\u00e9sped artificial<\/a><\/li><\/ul>\n\n\t\t<\/div>\n\t\t\t\t\t<\/div>\n\n\t\n\n<\/div>\n<div class=\"text-center\"><div class=\"is-divider divider clearfix\" ><\/div><\/div>\n\n\t<div id=\"gap-454288620\" class=\"gap-element clearfix\" style=\"display:block; height:auto;\">\n\t\t\n<style>\n#gap-454288620 {\n  padding-top: 30px;\n}\n<\/style>\n\t<\/div>\n\t\n\n<div class=\"row\"  id=\"row-546185823\">\n\n\n\t<div id=\"col-1008118198\" class=\"col medium-4 small-12 large-4\"  >\n\t\t\t\t<div class=\"col-inner\"  >\n\t\t\t\n\t\t\t\n\n<h2><a href=\"https:\/\/arturf.com\/es\/category\/installation\/\"><span style=\"font-size: 130%;\">Instalaci\u00f3n<\/span><\/a><\/h2>\n<p>Aprenda a instalar c\u00e9sped artificial, tanto para \u00e1reas deportivas como paisaj\u00edsticas.&nbsp;<\/p>\n\n\t\t<\/div>\n\t\t\t\t\n<style>\n#col-1008118198 > .col-inner {\n  padding: 0px 40px 0px 0px;\n}\n<\/style>\n\t<\/div>\n\n\t\n\n\t<div id=\"col-237867859\" class=\"col medium-8 small-12 large-8\"  >\n\t\t\t\t<div class=\"col-inner\"  >\n\t\t\t\n\t\t\t\n\n<p>La instalaci\u00f3n adecuada es crucial para el rendimiento \u00f3ptimo y la longevidad de su superficie de c\u00e9sped artificial, lo que garantiza su durabilidad y mejora su vida \u00fatil.<\/p>\n<ul class=\"lcp_catlist\" id=\"lcp_instance_0\"><li><a href=\"https:\/\/arturf.com\/es\/landscape-grass\/how-to-install-landscape-artificial-grass\/\">C\u00f3mo instalar c\u00e9sped artificial de paisaje<\/a><\/li><li><a href=\"https:\/\/arturf.com\/es\/football-grass\/how-to-install-football-artificial-grass\/\">C\u00f3mo instalar c\u00e9sped artificial de f\u00fatbol<\/a><\/li><li><a href=\"https:\/\/arturf.com\/es\/football-grass\/base-preparation-for-football-grass\/\">Preparaci\u00f3n de base para c\u00e9sped de f\u00fatbol: principios esenciales y diferentes tipos<\/a><\/li><li><a href=\"https:\/\/arturf.com\/es\/landscape-grass\/base-preparation-for-landscape-grass\/\">Pasos esenciales para preparar la base para la instalaci\u00f3n de c\u00e9sped para jardines<\/a><\/li><li><a href=\"https:\/\/arturf.com\/es\/installation\/how-much-infill-do-you-need-for-artificial-grass\/\">\u00bfCu\u00e1nto relleno necesita para el c\u00e9sped artificial?<\/a><\/li><li><a href=\"https:\/\/arturf.com\/es\/installation\/artificial-turf-rubber-granule-infill\/\">\u00bfPor qu\u00e9 usar relleno de gr\u00e1nulos de goma para c\u00e9sped artificial?<\/a><\/li><li><a href=\"https:\/\/arturf.com\/es\/installation\/how-to-avoid-the-common-mistakes-when-installing-artificial-grass\/\">Errores comunes que se deben evitar al instalar c\u00e9sped artificial<\/a><\/li><li><a href=\"https:\/\/arturf.com\/es\/installation\/cut-artificial-grass-to-match-a-special-shaped-area\/\">C\u00f3mo cortar c\u00e9sped artificial para adaptarse a cualquier \u00e1rea con forma<\/a><\/li><li><a href=\"https:\/\/arturf.com\/es\/installation\/artificial-grass-line-marking\/\">Marcaje de L\u00edneas en Campos Deportivos de C\u00e9sped Artificial<\/a><\/li><li><a href=\"https:\/\/arturf.com\/es\/installation\/artificial-grass-melting\/\">La luz del sol que refleja los resultados en el derretimiento del c\u00e9sped artificial y c\u00f3mo evitarlo<\/a><\/li><li><a href=\"https:\/\/arturf.com\/es\/golf-grass\/how-to-install-synthetic-putting-green-grass\/\">C\u00f3mo instalar pasto sint\u00e9tico Green Grass<\/a><\/li><li><a href=\"https:\/\/arturf.com\/es\/installation\/artificial-grass-infills\/\">Rellenos de c\u00e9sped artificial: mejora de la apariencia y el rendimiento<\/a><\/li><li><a href=\"https:\/\/arturf.com\/es\/installation\/artificial-turf-wrinkles\/\">Arrugas en el c\u00e9sped artificial: causas, c\u00f3mo solucionarlas y consejos para prevenirlas (gu\u00eda completa)<\/a><\/li><li><a href=\"https:\/\/arturf.com\/es\/installation\/artificial-grass-installation-mistakes\/\">Errores comunes en la instalaci\u00f3n de c\u00e9sped artificial (y c\u00f3mo evitarlos)<\/a><\/li><\/ul>\n\n\t\t<\/div>\n\t\t\t\t\t<\/div>\n\n\t\n\n<\/div>\n<div class=\"text-center\"><div class=\"is-divider divider clearfix\" ><\/div><\/div>\n\n\t<div id=\"gap-1761661233\" class=\"gap-element clearfix\" style=\"display:block; height:auto;\">\n\t\t\n<style>\n#gap-1761661233 {\n  padding-top: 30px;\n}\n<\/style>\n\t<\/div>\n\t\n\n<div class=\"row\"  id=\"row-198317295\">\n\n\n\t<div id=\"col-623540597\" class=\"col medium-4 small-12 large-4\"  >\n\t\t\t\t<div class=\"col-inner\"  >\n\t\t\t\n\t\t\t\n\n<h2><a href=\"https:\/\/arturf.com\/es\/category\/maintenance\/\"><span style=\"font-size: 130%;\">Cuidado y mantenimiento<\/span><\/a><\/h2>\n<p>Mantenga su c\u00e9sped artificial limpio y de pie.<\/p>\n\n\t\t<\/div>\n\t\t\t\t\n<style>\n#col-623540597 > .col-inner {\n  padding: 0px 40px 0px 0px;\n}\n<\/style>\n\t<\/div>\n\n\t\n\n\t<div id=\"col-1333692356\" class=\"col medium-8 small-12 large-8\"  >\n\t\t\t\t<div class=\"col-inner\"  >\n\t\t\t\n\t\t\t\n\n<p>Descubra consejos esenciales de cuidado y mantenimiento para su c\u00e9sped artificial, asegurando su estado impecable y longevidad. Aprenda c\u00f3mo mantener su c\u00e9sped sint\u00e9tico con el mejor aspecto con nuestra gu\u00eda experta.<\/p>\n<ul class=\"lcp_catlist\" id=\"lcp_instance_0\"><li><a href=\"https:\/\/arturf.com\/es\/landscape-grass\/landscape-artificial-lawn-mainteiance\/\">Mantenimiento del c\u00e9sped artificial del jard\u00edn: una gu\u00eda completa para un espacio exterior exuberante y sin complicaciones<\/a><\/li><li><a href=\"https:\/\/arturf.com\/es\/maintenance\/sports-artificial-grass-maintenance\/\">Mantenimiento del c\u00e9sped artificial deportivo: consejos para un rendimiento \u00f3ptimo<\/a><\/li><li><a href=\"https:\/\/arturf.com\/es\/maintenance\/how-to-clean-residential-artificial-grass\/\">\u00bfC\u00f3mo limpiar el c\u00e9sped artificial residencial?<\/a><\/li><li><a href=\"https:\/\/arturf.com\/es\/maintenance\/repair-artificial-turf\/\">Una gu\u00eda paso a paso para reparar c\u00e9sped artificial: reparaci\u00f3n de rasgaduras, quemaduras y costuras sueltas<\/a><\/li><li><a href=\"https:\/\/arturf.com\/es\/installation\/artificial-grass-melting\/\">La luz del sol que refleja los resultados en el derretimiento del c\u00e9sped artificial y c\u00f3mo evitarlo<\/a><\/li><li><a href=\"https:\/\/arturf.com\/es\/maintenance\/pet-urine-on-artificial-grass-and-how-to-remove-the-smell\/\">Orina de mascotas en c\u00e9sped artificial y c\u00f3mo eliminar el olor<\/a><\/li><li><a href=\"https:\/\/arturf.com\/es\/maintenance\/comprehensive-maintenance-guide-for-your-padel-court\/\">Gu\u00eda Integral de Mantenimiento de Tu Pista de P\u00e1del<\/a><\/li><li><a href=\"https:\/\/arturf.com\/es\/maintenance\/artificial-grass-maintenance-problems\/\">C\u00f3mo mantener el c\u00e9sped artificial y prevenir problemas comunes (Gu\u00eda completa para propietarios)<\/a><\/li><\/ul>\n\n\t\t<\/div>\n\t\t\t\t\t<\/div>\n\n\t\n\n<\/div>\n<div class=\"row\"  id=\"row-1283320739\">\n\n\n\t<div id=\"col-1601334467\" class=\"col medium-4 small-12 large-4\"  >\n\t\t\t\t<div class=\"col-inner\"  >\n\t\t\t\n\t\t\t\n\n<h2><a href=\"https:\/\/arturf.com\/es\/category\/knowledge-hub\/\"><span style=\"font-size: 130%;\">Centro de conocimiento<\/span><\/a><\/h2>\n<p>Desbloquee una gran cantidad de conocimientos sobre c\u00e9sped artificial en nuestro centro, que brinda informaci\u00f3n y recursos de expertos para todas sus consultas.<\/p>\n\n\t\t<\/div>\n\t\t\t\t\n<style>\n#col-1601334467 > .col-inner {\n  padding: 0px 40px 0px 0px;\n}\n<\/style>\n\t<\/div>\n\n\t\n\n\t<div id=\"col-453790794\" class=\"col medium-8 small-12 large-8\"  >\n\t\t\t\t<div class=\"col-inner\"  >\n\t\t\t\n\t\t\t\n\n<p>Explore nuestro Centro de conocimiento integral, su recurso de referencia para todo lo relacionado con el c\u00e9sped artificial. Ampl\u00ede su comprensi\u00f3n y mant\u00e9ngase informado con valiosos conocimientos e informaci\u00f3n sobre el c\u00e9sped sint\u00e9tico.<\/p>\n<ul class=\"lcp_catlist\" id=\"lcp_instance_0\"><li><a href=\"https:\/\/arturf.com\/es\/blog\/the-history-of-artificial-grass\/\">Revelando la evoluci\u00f3n del c\u00e9sped artificial: un viaje a trav\u00e9s de la historia<\/a><\/li><li><a href=\"https:\/\/arturf.com\/es\/blog\/history-of-artificial-grass-in-china\/\">Desacreditando los conceptos err\u00f3neos comunes sobre los c\u00e9spedes artificiales<\/a><\/li><li><a href=\"https:\/\/arturf.com\/es\/knowledge-hub\/artificial-grass-faq\/\">Preguntas frecuentes sobre c\u00e9sped artificial<\/a><\/li><li><a href=\"https:\/\/arturf.com\/es\/knowledge-hub\/applications-of-artificial-grass\/\">Aplicaciones vers\u00e1tiles del c\u00e9sped artificial<\/a><\/li><li><a href=\"https:\/\/arturf.com\/es\/knowledge-hub\/artificial-grass-specifications\/\">Especificaciones del c\u00e9sped artificial: comprender lo que significan<\/a><\/li><li><a href=\"https:\/\/arturf.com\/es\/knowledge-hub\/w-stitch-tufted-artificial-grass\/\">Costuras en W o Z en c\u00e9sped artificial: mejora de la durabilidad y la est\u00e9tica<\/a><\/li><li><a href=\"https:\/\/arturf.com\/es\/knowledge-hub\/why-choose-polyurethane-backed-artificial-grass\/\">C\u00e9sped artificial con respaldo de poliuretano: ventajas y beneficios<\/a><\/li><li><a href=\"https:\/\/arturf.com\/es\/knowledge-hub\/artificial-grass-glossary\/\">El glosario definitivo de c\u00e9sped artificial: una gu\u00eda de referencia completa<\/a><\/li><li><a href=\"https:\/\/arturf.com\/es\/knowledge-hub\/artificial-grass-heat\/\">Manejo del calor en c\u00e9sped artificial: consejos y consideraciones<\/a><\/li><li><a href=\"https:\/\/arturf.com\/es\/knowledge-hub\/raw-material-affecting-the-quality-and-price-of-artificial-grass\/\">Materias Primas: Impacto en la Calidad y Precio del C\u00e9sped Artificial<\/a><\/li><li><a href=\"https:\/\/arturf.com\/es\/blog\/different-colors-packing-artificial-grass-rolls\/\">Diferentes colores de embalaje para rollos de c\u00e9sped artificial: mejora de la eficiencia<\/a><\/li><li><a href=\"https:\/\/arturf.com\/es\/knowledge-hub\/colored-artificial-grass\/\">C\u00e9sped artificial de colores: liberando posibilidades de dise\u00f1o creativo<\/a><\/li><li><a href=\"https:\/\/arturf.com\/es\/knowledge-hub\/artificial-grass-face-weight\/\">Peso facial de c\u00e9sped artificial: comprender su significado y tomar la decisi\u00f3n correcta<\/a><\/li><li><a href=\"https:\/\/arturf.com\/es\/knowledge-hub\/artificial-grass-backing\/\">Los hechos del respaldo de c\u00e9sped artificial<\/a><\/li><li><a href=\"https:\/\/arturf.com\/es\/knowledge-hub\/artificial-grass-yarn\/\">Hilo de cesped artificial<\/a><\/li><li><a href=\"https:\/\/arturf.com\/es\/knowledge-hub\/the-artificial-turf-system\/\">Componentes clave de un sistema de c\u00e9sped artificial<\/a><\/li><li><a href=\"https:\/\/arturf.com\/es\/tennis-court\/things-to-consider-when-constructing-a-tennis-court\/\">Consideraciones esenciales para la construcci\u00f3n de canchas de tenis residenciales<\/a><\/li><li><a href=\"https:\/\/arturf.com\/es\/knowledge-hub\/silica-sand-for-artificial-grass-infill\/\">Arena de s\u00edlice para relleno de c\u00e9sped artificial: mejora del rendimiento y la sostenibilidad<\/a><\/li><li><a href=\"https:\/\/arturf.com\/es\/knowledge-hub\/artificial-grass-logo\/\">Logotipo de c\u00e9sped artificial: mejore la identidad de su marca<\/a><\/li><li><a href=\"https:\/\/arturf.com\/es\/knowledge-hub\/how-to-remove-static-electricity-from-artificial-grass\/\">C\u00f3mo eliminar la electricidad est\u00e1tica del c\u00e9sped artificial: consejos y soluciones<\/a><\/li><li><a href=\"https:\/\/arturf.com\/es\/knowledge-hub\/exploring-artificial-turf-yarn-shapes\/\">Formas de hilo de c\u00e9sped artificial: mejora de la fuerza, la resiliencia y la apariencia natural<\/a><\/li><li><a href=\"https:\/\/arturf.com\/es\/knowledge-hub\/how-to-select-appropriate-lighting-for-your-sports-fields\/\">La gu\u00eda completa para seleccionar la iluminaci\u00f3n de campos deportivos<\/a><\/li><li><a href=\"https:\/\/arturf.com\/es\/knowledge-hub\/what-is-pickleball-a-complete-guide-to-the-fastest-growing-sport\/\">\u00bfQu\u00e9 es el Pickleball? Una gu\u00eda completa del deporte de mayor crecimiento.<\/a><\/li><li><a href=\"https:\/\/arturf.com\/es\/installation\/artificial-turf-wrinkles\/\">Arrugas en el c\u00e9sped artificial: causas, c\u00f3mo solucionarlas y consejos para prevenirlas (gu\u00eda completa)<\/a><\/li><\/ul>\n\n\t\t<\/div>\n\t\t\t\t\t<\/div>\n\n\t\n\n<\/div>\n\n\t\t<\/div>\n\n\t\t\n<style>\n#section_221473650 {\n  padding-top: 20px;\n  padding-bottom: 20px;\n}\n<\/style>\n\t<\/section>\n\t\n<div class=\"row align-center\"  id=\"row-1815298963\">\n\n\n\t<div id=\"col-1492279609\" class=\"col medium-9 small-12 large-9\"  >\n\t\t\t\t<div class=\"col-inner\"  >\n\t\t\t\n\t\t\t\n\n<hr>\n<p>Si no puede encontrar la informaci\u00f3n necesaria o tiene alguna pregunta sobre el contenido, no dude en <a href=\"https:\/\/arturf.com\/es\/contact\/\">Cont\u00e1ctenos<\/a>. Uno de nuestros especialistas en c\u00e9sped artificial se pondr\u00e1 en contacto contigo en breve.<\/p>\n\n\t\t<\/div>\n\t\t\t\t\t<\/div>\n\n\t\n\n<\/div>","protected":false},"excerpt":{"rendered":"","protected":false},"author":3,"featured_media":0,"parent":0,"menu_order":21,"comment_status":"closed","ping_status":"closed","template":"page-blank.php","meta":{"_seopress_robots_primary_cat":"","_seopress_titles_title":"Support Hub: Artificial Turf Resources for Buying, Installing, Maintaining","_seopress_titles_desc":"Discover a wealth of resources in our artificial turf support hub. From buyer&#039;s guides to installation and maintenance tips, we&#039;ve got you covered!","_seopress_robots_index":"","footnotes":""},"class_list":["post-1331","page","type-page","status-publish","hentry"],"_links":{"self":[{"href":"https:\/\/arturf.com\/es\/wp-json\/wp\/v2\/pages\/1331","targetHints":{"allow":["GET"]}}],"collection":[{"href":"https:\/\/arturf.com\/es\/wp-json\/wp\/v2\/pages"}],"about":[{"href":"https:\/\/arturf.com\/es\/wp-json\/wp\/v2\/types\/page"}],"author":[{"embeddable":true,"href":"https:\/\/arturf.com\/es\/wp-json\/wp\/v2\/users\/3"}],"replies":[{"embeddable":true,"href":"https:\/\/arturf.com\/es\/wp-json\/wp\/v2\/comments?post=1331"}],"version-history":[{"count":0,"href":"https:\/\/arturf.com\/es\/wp-json\/wp\/v2\/pages\/1331\/revisions"}],"wp:attachment":[{"href":"https:\/\/arturf.com\/es\/wp-json\/wp\/v2\/media?parent=1331"}],"curies":[{"name":"gracias","href":"https:\/\/api.w.org\/{rel}","templated":true}]}}