{"id":1336,"date":"2011-04-12T03:08:19","date_gmt":"2011-04-11T19:08:19","guid":{"rendered":"https:\/\/arturf.com\/"},"modified":"2023-07-19T08:35:43","modified_gmt":"2023-07-19T00:35:43","slug":"dealer","status":"publish","type":"page","link":"https:\/\/arturf.com\/es\/contact\/dealer\/","title":{"rendered":"Oportunidad de distribuidor"},"content":{"rendered":"<div class=\"banner has-hover\" id=\"banner-1360319667\">\n          <div class=\"banner-inner fill\">\n        <div class=\"banner-bg fill\" >\n            <img loading=\"lazy\" decoding=\"async\" width=\"1020\" height=\"325\" src=\"https:\/\/arturf.com\/wp-content\/uploads\/2020\/08\/Arturf-Artificial-Grass-Dealer-1024x326.jpg\" class=\"bg attachment-large size-large\" alt=\"\" \/>                        <div class=\"overlay\"><\/div>            \n                    <\/div>\n\t\t\n        <div class=\"banner-layers container\">\n            <div class=\"fill banner-link\"><\/div>            \n\n   <div id=\"text-box-1194503911\" class=\"text-box banner-layer x50 md-x50 lg-x50 y50 md-y50 lg-y50 res-text\">\n                                <div class=\"text-box-content text dark\">\n              \n              <div class=\"text-inner text-center\">\n                  \n\n\t<div id=\"text-1273722784\" class=\"text\">\n\t\t\n\n<h3>Su socio comercial confiable de c\u00e9sped artificial<\/h3>\n\t\t\n<style>\n#text-1273722784 {\n  font-size: 1rem;\n}\n@media (min-width:550px) {\n  #text-1273722784 {\n    font-size: 1.5rem;\n  }\n}\n<\/style>\n\t<\/div>\n\t\n\n              <\/div>\n           <\/div>\n                            \n<style>\n#text-box-1194503911 {\n  width: 60%;\n}\n#text-box-1194503911 .text-box-content {\n  font-size: 100%;\n}\n@media (min-width:550px) {\n  #text-box-1194503911 {\n    width: 40%;\n  }\n}\n<\/style>\n    <\/div>\n \n\n        <\/div>\n      <\/div>\n\n            \n<style>\n#banner-1360319667 {\n  padding-top: 400px;\n}\n#banner-1360319667 .overlay {\n  background-color: rgba(0, 0, 0, 0.35);\n}\n<\/style>\n  <\/div>\n\n\n\n\t<section class=\"section\" id=\"section_438112966\">\n\t\t<div class=\"section-bg fill\" >\n\t\t\t\t\t\t\t\t\t\n\t\t\t\n\n\t\t<\/div>\n\n\t\t\n\n\t\t<div class=\"section-content relative\">\n\t\t\t\n\n\t<div id=\"gap-696220080\" class=\"gap-element clearfix\" style=\"display:block; height:auto;\">\n\t\t\n<style>\n#gap-696220080 {\n  padding-top: 40px;\n}\n<\/style>\n\t<\/div>\n\t\n\n<div class=\"row align-center\"  id=\"row-1987658055\">\n\n\n\t<div id=\"col-851160585\" class=\"col medium-4 small-12 large-4\"  >\n\t\t\t\t<div class=\"col-inner\"  >\n\t\t\t\n\t\t\t\n\n<h1 class=\"uppercase\"><span style=\"font-size: 150%;\">convertirse en un distribuidor<\/span><\/h1>\n<p>Construya su negocio sobre los hombros de un fabricante l\u00edder de c\u00e9sped artificial.\u00a0<\/p>\n\n\t\t<\/div>\n\t\t\t\t\t<\/div>\n\n\t\n\n\t<div id=\"col-1227174763\" class=\"col medium-8 small-12 large-8\"  >\n\t\t\t\t<div class=\"col-inner\"  >\n\t\t\t\n\t\t\t\n\n<p style=\"text-align: left;\">\u00bfEst\u00e1 buscando importar c\u00e9sped artificial para obtener una mayor rentabilidad en lugar de comprar localmente?<br \/>\u00bfBusca un proveedor m\u00e1s confiable para sus necesidades de c\u00e9sped artificial?<br \/>\u00bfEst\u00e1 interesado en una oportunidad de negocio a tiempo parcial o completo?<br \/>\u00bfEst\u00e1 considerando agregar c\u00e9sped artificial como una alternativa lucrativa a su negocio actual?<\/p>\n<p style=\"text-align: left;\">\u00a1No busque m\u00e1s all\u00e1 de Arturf!<\/p>\n<h3 style=\"text-align: left;\">Al asociarse con nosotros, disfrutar\u00e1 de los siguientes beneficios del concesionario:<\/h3>\n<ol>\n<li>Garant\u00eda de calidad inquebrantable: nuestra calidad estable y constante garantiza tranquilidad.<\/li>\n<li>Precios competitivos para distribuidores: Asegure c\u00e9sped artificial a precios competitivos para maximizar su ventaja en el mercado.<\/li>\n<li>Opciones de personalizaci\u00f3n: disfrute de la comodidad de nuestros servicios OEM\/ODM, <a href=\"https:\/\/arturf.com\/es\/info\/customized-artificial-grass-products\/\">Adaptaci\u00f3n de productos de c\u00e9sped artificial<\/a> espec\u00edficamente para su negocio. Aproveche nuestra experiencia para recomendar productos adecuados para su mercado o proporci\u00f3nenos muestras para replicar (asegurando que no se infrinja la patente).<\/li>\n<li>Soporte financiero para distribuidores VIP: Asistencia financiera exclusiva disponible para nuestros valiosos socios.<\/li>\n<li>Equipo profesional dedicado: Reciba un apoyo integral de nuestro equipo experimentado.<\/li>\n<li>Asistencia de marketing: Benef\u00edciese de nuestra experiencia en marketing, incluidas sugerencias personalizadas, impresi\u00f3n de material de marketing gratuito y, si es necesario, un sitio web y alojamiento gratuitos (o soporte de TI).<\/li>\n<li>Garant\u00eda robusta: nuestros productos vienen con una garant\u00eda confiable para mayor satisfacci\u00f3n del cliente.<\/li>\n<li>Y mucho m\u00e1s\u2026<\/li>\n<\/ol>\n<p style=\"text-align: left;\">Si est\u00e1 interesado en ser nuestro distribuidor, complete el formulario de contacto a continuaci\u00f3n. Tendremos un representante para contactarlo dentro de las 48 horas.<\/p>\n<form id=\"forminator-module-15408\" class=\"forminator-custom-form forminator-custom-form-15408\" method=\"post\" data-forminator-render=\"0\" data-uid=\"69e12582b1edf\" action=\"\"><div role=\"alert\" aria-live=\"polite\" class=\"forminator-response-message forminator-error\" aria-hidden=\"true\"><\/div><input type=\"hidden\" name=\"trp-form-language\" value=\"es\"\/><\/form>\n\n\t\t<\/div>\n\t\t\t\t\t<\/div>\n\n\t\n\n<\/div>\n\n\t\t<\/div>\n\n\t\t\n<style>\n#section_438112966 {\n  padding-top: 30px;\n  padding-bottom: 30px;\n}\n<\/style>\n\t<\/section>","protected":false},"excerpt":{"rendered":"","protected":false},"author":3,"featured_media":0,"parent":2234,"menu_order":26,"comment_status":"closed","ping_status":"closed","template":"page-blank.php","meta":{"_seopress_robots_primary_cat":"","_seopress_titles_title":"Artificial Grass Dealer Opportunity","_seopress_titles_desc":"Our dealership package can provide complete range of artificial grass products,related materials such as infill-rubber granules,special glue for installation","_seopress_robots_index":"","footnotes":""},"class_list":["post-1336","page","type-page","status-publish","hentry"],"_links":{"self":[{"href":"https:\/\/arturf.com\/es\/wp-json\/wp\/v2\/pages\/1336","targetHints":{"allow":["GET"]}}],"collection":[{"href":"https:\/\/arturf.com\/es\/wp-json\/wp\/v2\/pages"}],"about":[{"href":"https:\/\/arturf.com\/es\/wp-json\/wp\/v2\/types\/page"}],"author":[{"embeddable":true,"href":"https:\/\/arturf.com\/es\/wp-json\/wp\/v2\/users\/3"}],"replies":[{"embeddable":true,"href":"https:\/\/arturf.com\/es\/wp-json\/wp\/v2\/comments?post=1336"}],"version-history":[{"count":0,"href":"https:\/\/arturf.com\/es\/wp-json\/wp\/v2\/pages\/1336\/revisions"}],"up":[{"embeddable":true,"href":"https:\/\/arturf.com\/es\/wp-json\/wp\/v2\/pages\/2234"}],"wp:attachment":[{"href":"https:\/\/arturf.com\/es\/wp-json\/wp\/v2\/media?parent=1336"}],"curies":[{"name":"gracias","href":"https:\/\/api.w.org\/{rel}","templated":true}]}}