{"id":18911,"date":"2023-07-08T18:19:01","date_gmt":"2023-07-08T10:19:01","guid":{"rendered":"https:\/\/arturf.com\/?page_id=18911"},"modified":"2023-07-10T15:10:33","modified_gmt":"2023-07-10T07:10:33","slug":"quality-assurance","status":"publish","type":"page","link":"https:\/\/arturf.com\/es\/about\/quality-assurance\/","title":{"rendered":"Seguro de calidad"},"content":{"rendered":"<section class=\"section\" id=\"section_952867715\">\n\t\t<div class=\"section-bg fill\" >\n\t\t\t<img loading=\"lazy\" decoding=\"async\" width=\"1440\" height=\"500\" src=\"https:\/\/arturf.com\/wp-content\/uploads\/2023\/07\/Artificial-Turf-Durability-Testing.webp\" class=\"bg attachment-1536x1536 size-1536x1536\" alt=\"Calidad\" \/>\t\t\t\t\t\t\n\t\t\t\n\n\t\t<\/div>\n\n\t\t\n\n\t\t<div class=\"section-content relative\">\n\t\t\t\n\n<div class=\"row\" style=\"max-width:1200px\" id=\"row-775137281\">\n\n\n\t<div id=\"col-1173189252\" class=\"col medium-5 small-12 large-5\"  >\n\t\t\t\t<div class=\"col-inner\"  >\n\t\t\t\n\t\t\t\n\n\t<div id=\"gap-524691873\" class=\"gap-element clearfix\" style=\"display:block; height:auto;\">\n\t\t\n<style>\n#gap-524691873 {\n  padding-top: 0px;\n}\n@media (min-width:850px) {\n  #gap-524691873 {\n    padding-top: 30px;\n  }\n}\n<\/style>\n\t<\/div>\n\t\n\n\n\t\t<\/div>\n\t\t\t\t\t<\/div>\n\n\t\n\n\t<div id=\"col-350783320\" class=\"col medium-12 small-12 large-7\"  >\n\t\t\t\t<div class=\"col-inner\"  >\n\t\t\t\n\t\t\t\n\n\t<div id=\"gap-671685896\" class=\"gap-element clearfix\" style=\"display:block; height:auto;\">\n\t\t\n<style>\n#gap-671685896 {\n  padding-top: 30px;\n}\n<\/style>\n\t<\/div>\n\t\n\n\t<div id=\"text-2758789064\" class=\"text\">\n\t\t\n\n<h1>Seguro de calidad<\/h1>\n\t\t\n<style>\n#text-2758789064 {\n  font-size: 2.5rem;\n  color: rgb(255,255,255);\n}\n#text-2758789064 > * {\n  color: rgb(255,255,255);\n}\n@media (min-width:550px) {\n  #text-2758789064 {\n    font-size: 2rem;\n  }\n}\n<\/style>\n\t<\/div>\n\t\n\n\t\t<\/div>\n\t\t\t\t\n<style>\n#col-350783320 > .col-inner {\n  padding: 0px 0px 0px 0;\n}\n@media (min-width:550px) {\n  #col-350783320 > .col-inner {\n    padding: 0px 0px 0px 30px;\n  }\n}\n<\/style>\n\t<\/div>\n\n\t\n\n<\/div>\n\n\t\t<\/div>\n\n\t\t\n<style>\n#section_952867715 {\n  padding-top: 30px;\n  padding-bottom: 30px;\n  min-height: 300px;\n}\n#section_952867715 .section-bg img {\n  object-position: left;\n}\n@media (min-width:550px) {\n  #section_952867715 {\n    min-height: 450px;\n  }\n}\n@media (min-width:850px) {\n  #section_952867715 {\n    min-height: 500px;\n  }\n}\n<\/style>\n\t<\/section>\n\t\n<div class=\"row\" style=\"max-width:1200px\" id=\"row-1903383566\">\n\n\n\t<div id=\"col-109104365\" class=\"col medium-12 small-12 large-5\"  >\n\t\t\t\t<div class=\"col-inner\"  >\n\t\t\t\n\t\t\t\n\n\n  <div class=\"banner has-hover\" id=\"banner-804611373\">\n          <div class=\"banner-inner fill\">\n        <div class=\"banner-bg fill\" >\n            <img loading=\"lazy\" decoding=\"async\" width=\"780\" height=\"844\" src=\"https:\/\/arturf.com\/wp-content\/uploads\/2023\/07\/Artificial-Turf-Fiber-Tensile-Test.jpg\" class=\"bg attachment-large size-large\" alt=\"Calidad\" \/>                                    \n                    <\/div>\n\t\t\n        <div class=\"banner-layers container\">\n            <div class=\"fill banner-link\"><\/div>            \n\n\n        <\/div>\n      <\/div>\n\n            \n<style>\n#banner-804611373 {\n  padding-top: 300px;\n  background-color: rgb(255, 255, 255);\n}\n#banner-804611373 .banner-bg img {\n  object-position: 50% 56%;\n}\n@media (min-width:550px) {\n  #banner-804611373 {\n    padding-top: 500px;\n  }\n}\n@media (min-width:850px) {\n  #banner-804611373 {\n    padding-top: 650px;\n  }\n}\n<\/style>\n  <\/div>\n\n\n\t<div id=\"gap-461339261\" class=\"gap-element clearfix\" style=\"display:block; height:auto;\">\n\t\t\n<style>\n#gap-461339261 {\n  padding-top: 0px;\n}\n@media (min-width:850px) {\n  #gap-461339261 {\n    padding-top: 50px;\n  }\n}\n<\/style>\n\t<\/div>\n\t\n\n\n\t\t<\/div>\n\t\t\t\t\n<style>\n#col-109104365 > .col-inner {\n  margin: -100px 0px 0px 0px;\n}\n@media (min-width:550px) {\n  #col-109104365 > .col-inner {\n    margin: -150px 0px 0px 0px;\n  }\n}\n@media (min-width:850px) {\n  #col-109104365 > .col-inner {\n    margin: -400px 0px 0px 0px;\n  }\n}\n<\/style>\n\t<\/div>\n\n\t\n\n\t<div id=\"col-1239202529\" class=\"col medium-11 small-12 large-7\"  >\n\t\t\t\t<div class=\"col-inner\"  >\n\t\t\t\n\t\t\t\n\n\t<div id=\"gap-1362514748\" class=\"gap-element clearfix\" style=\"display:block; height:auto;\">\n\t\t\n<style>\n#gap-1362514748 {\n  padding-top: 30px;\n}\n<\/style>\n\t<\/div>\n\t\n\n<p>En Arturf, nos enorgullecemos enormemente de ser el principal fabricante de c\u00e9sped artificial en China, comprometidos a ofrecer productos de alta calidad que superen las expectativas de los clientes. Nuestra dedicaci\u00f3n a la garant\u00eda de calidad est\u00e1 arraigada en cada paso de nuestro proceso de fabricaci\u00f3n. Desde la selecci\u00f3n de las mejores materias primas hasta la implementaci\u00f3n de rigurosos protocolos de prueba, no dejamos piedra sin remover para garantizar que nuestro c\u00e9sped artificial se destaque en t\u00e9rminos de durabilidad, est\u00e9tica y rendimiento.<\/p>\n\n\t\t<\/div>\n\t\t\t\t\n<style>\n#col-1239202529 > .col-inner {\n  padding: 0px 0px 0px 0;\n}\n@media (min-width:550px) {\n  #col-1239202529 > .col-inner {\n    padding: 0px 0px 0px 30px;\n  }\n}\n<\/style>\n\t<\/div>\n\n\t\n\n<\/div>\n\n\t<section class=\"section\" id=\"section_892836210\">\n\t\t<div class=\"section-bg fill\" >\n\t\t\t\t\t\t\t\t\t\n\t\t\t\n\n\t\t<\/div>\n\n\t\t\n\n\t\t<div class=\"section-content relative\">\n\t\t\t\n\n<div class=\"row\" style=\"max-width:1200px\" id=\"row-719031412\">\n\n\n\t<div id=\"col-217210259\" class=\"col small-12 large-12\"  >\n\t\t\t\t<div class=\"col-inner\"  >\n\t\t\t\n\t\t\t\n\n\t<div id=\"text-1489972072\" class=\"text\">\n\t\t\n\n<h3>Nuestro compromiso con la excelencia<\/h3>\n\t\t\n<style>\n#text-1489972072 {\n  font-size: 1.75rem;\n  text-align: center;\n}\n<\/style>\n\t<\/div>\n\t\n\n\t\t<\/div>\n\t\t\t\t\t<\/div>\n\n\t\n\n<\/div>\n<div class=\"row row-large row-solid\" style=\"max-width:1200px\" id=\"row-439699480\">\n\n\n\t<div id=\"col-1948090111\" class=\"col medium-10 small-12 large-6\"  >\n\t\t\t\t<div class=\"col-inner\"  >\n\t\t\t\n\t\t\t\n\n\n\t\t<div class=\"icon-box featured-box icon-box-left text-left\"  >\n\t\t\t\t\t<div class=\"icon-box-img\" style=\"width: 69px\">\n\t\t\t\t<div class=\"icon\">\n\t\t\t\t\t<div class=\"icon-inner\" >\n\t\t\t\t\t\t<img loading=\"lazy\" decoding=\"async\" width=\"120\" height=\"120\" src=\"https:\/\/arturf.com\/wp-content\/uploads\/2023\/07\/check-line.png\" class=\"attachment-medium size-medium\" alt=\"Calidad\" srcset=\"https:\/\/arturf.com\/wp-content\/uploads\/2023\/07\/check-line.png 120w, https:\/\/arturf.com\/wp-content\/uploads\/2023\/07\/check-line-12x12.png 12w, https:\/\/arturf.com\/wp-content\/uploads\/2023\/07\/check-line-100x100.png 100w\" sizes=\"auto, (max-width: 120px) 100vw, 120px\" \/>\t\t\t\t\t<\/div>\n\t\t\t\t<\/div>\n\t\t\t<\/div>\n\t\t\t\t<div class=\"icon-box-text last-reset\">\n\t\t\t\t\t\t\t\t\t\n\n<h4>Materiales de primera calidad<\/h4>\n<p>Los materiales de primera calidad obtenidos meticulosamente garantizan una calidad superior, durabilidad y resistencia al desgaste, los rayos UV y los factores ambientales.<\/p>\n\n\t\t<\/div>\n\t<\/div>\n\t\n\t\n\t<div id=\"gap-429315713\" class=\"gap-element clearfix\" style=\"display:block; height:auto;\">\n\t\t\n<style>\n#gap-429315713 {\n  padding-top: 30px;\n}\n<\/style>\n\t<\/div>\n\t\n\n\n\t\t<div class=\"icon-box featured-box icon-box-left text-left\"  >\n\t\t\t\t\t<div class=\"icon-box-img\" style=\"width: 69px\">\n\t\t\t\t<div class=\"icon\">\n\t\t\t\t\t<div class=\"icon-inner\" >\n\t\t\t\t\t\t<img loading=\"lazy\" decoding=\"async\" width=\"120\" height=\"120\" src=\"https:\/\/arturf.com\/wp-content\/uploads\/2023\/07\/check-line.png\" class=\"attachment-medium size-medium\" alt=\"Calidad\" srcset=\"https:\/\/arturf.com\/wp-content\/uploads\/2023\/07\/check-line.png 120w, https:\/\/arturf.com\/wp-content\/uploads\/2023\/07\/check-line-12x12.png 12w, https:\/\/arturf.com\/wp-content\/uploads\/2023\/07\/check-line-100x100.png 100w\" sizes=\"auto, (max-width: 120px) 100vw, 120px\" \/>\t\t\t\t\t<\/div>\n\t\t\t\t<\/div>\n\t\t\t<\/div>\n\t\t\t\t<div class=\"icon-box-text last-reset\">\n\t\t\t\t\t\t\t\t\t\n\n<h4>Maquinaria de \u00faltima generaci\u00f3n<\/h4>\n<p>F\u00e1brica de c\u00e9sped artificial de \u00faltima generaci\u00f3n con m\u00e1quinas avanzadas de extrusi\u00f3n, tufting y recubrimiento, l\u00edderes en tecnolog\u00eda e innovaci\u00f3n.<\/p>\n\n\t\t<\/div>\n\t<\/div>\n\t\n\t\n\t<div id=\"gap-1487072080\" class=\"gap-element clearfix\" style=\"display:block; height:auto;\">\n\t\t\n<style>\n#gap-1487072080 {\n  padding-top: 30px;\n}\n<\/style>\n\t<\/div>\n\t\n\n\n\t\t<div class=\"icon-box featured-box icon-box-left text-left\"  >\n\t\t\t\t\t<div class=\"icon-box-img\" style=\"width: 69px\">\n\t\t\t\t<div class=\"icon\">\n\t\t\t\t\t<div class=\"icon-inner\" >\n\t\t\t\t\t\t<img loading=\"lazy\" decoding=\"async\" width=\"120\" height=\"120\" src=\"https:\/\/arturf.com\/wp-content\/uploads\/2023\/07\/check-line.png\" class=\"attachment-medium size-medium\" alt=\"Calidad\" srcset=\"https:\/\/arturf.com\/wp-content\/uploads\/2023\/07\/check-line.png 120w, https:\/\/arturf.com\/wp-content\/uploads\/2023\/07\/check-line-12x12.png 12w, https:\/\/arturf.com\/wp-content\/uploads\/2023\/07\/check-line-100x100.png 100w\" sizes=\"auto, (max-width: 120px) 100vw, 120px\" \/>\t\t\t\t\t<\/div>\n\t\t\t\t<\/div>\n\t\t\t<\/div>\n\t\t\t\t<div class=\"icon-box-text last-reset\">\n\t\t\t\t\t\t\t\t\t\n\n<h4>Artesan\u00eda calificada<\/h4>\n<p>T\u00e9cnicos altamente experimentados aseguran una atenci\u00f3n excepcional a los detalles y la excelencia en cada producto, aprovechando una profunda experiencia en la fabricaci\u00f3n de c\u00e9sped sint\u00e9tico.<\/p>\n\n\t\t<\/div>\n\t<\/div>\n\t\n\t\n\t<div id=\"gap-1029478016\" class=\"gap-element clearfix\" style=\"display:block; height:auto;\">\n\t\t\n<style>\n#gap-1029478016 {\n  padding-top: 30px;\n}\n<\/style>\n\t<\/div>\n\t\n\n\n\t\t<\/div>\n\t\t\t\t\n<style>\n#col-1948090111 > .col-inner {\n  padding: 0px 0 0px 0px;\n}\n@media (min-width:850px) {\n  #col-1948090111 > .col-inner {\n    padding: 0px 40px 0px 0px;\n  }\n}\n<\/style>\n\t<\/div>\n\n\t\n\n\t<div id=\"col-259885887\" class=\"col medium-10 small-12 large-6\"  >\n\t\t\t\t<div class=\"col-inner\"  >\n\t\t\t\n\t\t\t\n\n\n\t\t<div class=\"icon-box featured-box icon-box-left text-left\"  >\n\t\t\t\t\t<div class=\"icon-box-img\" style=\"width: 69px\">\n\t\t\t\t<div class=\"icon\">\n\t\t\t\t\t<div class=\"icon-inner\" >\n\t\t\t\t\t\t<img loading=\"lazy\" decoding=\"async\" width=\"120\" height=\"120\" src=\"https:\/\/arturf.com\/wp-content\/uploads\/2023\/07\/check-line.png\" class=\"attachment-medium size-medium\" alt=\"Calidad\" srcset=\"https:\/\/arturf.com\/wp-content\/uploads\/2023\/07\/check-line.png 120w, https:\/\/arturf.com\/wp-content\/uploads\/2023\/07\/check-line-12x12.png 12w, https:\/\/arturf.com\/wp-content\/uploads\/2023\/07\/check-line-100x100.png 100w\" sizes=\"auto, (max-width: 120px) 100vw, 120px\" \/>\t\t\t\t\t<\/div>\n\t\t\t\t<\/div>\n\t\t\t<\/div>\n\t\t\t\t<div class=\"icon-box-text last-reset\">\n\t\t\t\t\t\t\t\t\t\n\n<h4>Pruebas exhaustivas previas al lanzamiento<\/h4>\n<p>Nuestro equipo de control de calidad realiza pruebas exhaustivas de resistencia al desgaste, resistencia a los rayos UV y rendimiento, superando los est\u00e1ndares de la industria, asegurando una calidad excepcional del producto.<\/p>\n\n\t\t<\/div>\n\t<\/div>\n\t\n\t\n\t<div id=\"gap-448855147\" class=\"gap-element clearfix\" style=\"display:block; height:auto;\">\n\t\t\n<style>\n#gap-448855147 {\n  padding-top: 30px;\n}\n<\/style>\n\t<\/div>\n\t\n\n\n\t\t<div class=\"icon-box featured-box icon-box-left text-left\"  >\n\t\t\t\t\t<div class=\"icon-box-img\" style=\"width: 69px\">\n\t\t\t\t<div class=\"icon\">\n\t\t\t\t\t<div class=\"icon-inner\" >\n\t\t\t\t\t\t<img loading=\"lazy\" decoding=\"async\" width=\"120\" height=\"120\" src=\"https:\/\/arturf.com\/wp-content\/uploads\/2023\/07\/check-line.png\" class=\"attachment-medium size-medium\" alt=\"Calidad\" srcset=\"https:\/\/arturf.com\/wp-content\/uploads\/2023\/07\/check-line.png 120w, https:\/\/arturf.com\/wp-content\/uploads\/2023\/07\/check-line-12x12.png 12w, https:\/\/arturf.com\/wp-content\/uploads\/2023\/07\/check-line-100x100.png 100w\" sizes=\"auto, (max-width: 120px) 100vw, 120px\" \/>\t\t\t\t\t<\/div>\n\t\t\t\t<\/div>\n\t\t\t<\/div>\n\t\t\t\t<div class=\"icon-box-text last-reset\">\n\t\t\t\t\t\t\t\t\t\n\n<h4>Inspecciones exhaustivas<\/h4>\n<p>Llevamos a cabo rigurosas inspecciones rutinarias de producci\u00f3n y muestreo para cada pedido, lo que garantiza productos excepcionales y la satisfacci\u00f3n del cliente.<\/p>\n\n\t\t<\/div>\n\t<\/div>\n\t\n\t\n\t<div id=\"gap-1230059828\" class=\"gap-element clearfix\" style=\"display:block; height:auto;\">\n\t\t\n<style>\n#gap-1230059828 {\n  padding-top: 30px;\n}\n<\/style>\n\t<\/div>\n\t\n\n\n\t\t<div class=\"icon-box featured-box icon-box-left text-left\"  >\n\t\t\t\t\t<div class=\"icon-box-img\" style=\"width: 69px\">\n\t\t\t\t<div class=\"icon\">\n\t\t\t\t\t<div class=\"icon-inner\" >\n\t\t\t\t\t\t<img loading=\"lazy\" decoding=\"async\" width=\"120\" height=\"120\" src=\"https:\/\/arturf.com\/wp-content\/uploads\/2023\/07\/check-line.png\" class=\"attachment-medium size-medium\" alt=\"Calidad\" srcset=\"https:\/\/arturf.com\/wp-content\/uploads\/2023\/07\/check-line.png 120w, https:\/\/arturf.com\/wp-content\/uploads\/2023\/07\/check-line-12x12.png 12w, https:\/\/arturf.com\/wp-content\/uploads\/2023\/07\/check-line-100x100.png 100w\" sizes=\"auto, (max-width: 120px) 100vw, 120px\" \/>\t\t\t\t\t<\/div>\n\t\t\t\t<\/div>\n\t\t\t<\/div>\n\t\t\t\t<div class=\"icon-box-text last-reset\">\n\t\t\t\t\t\t\t\t\t\n\n<h4>Garant\u00eda confiable<\/h4>\n<p>Nuestra garant\u00eda confiable asegura la completa satisfacci\u00f3n del cliente, resolviendo r\u00e1pidamente cualquier defecto o problema en nuestro c\u00e9sped artificial.<\/p>\n\n\t\t<\/div>\n\t<\/div>\n\t\n\t\n\n\t\t<\/div>\n\t\t\t\t\n<style>\n#col-259885887 > .col-inner {\n  padding: 0px 0px 0px 0;\n}\n@media (min-width:850px) {\n  #col-259885887 > .col-inner {\n    padding: 0px 0px 0px 30px;\n  }\n}\n<\/style>\n\t<\/div>\n\n\t\n\n<\/div>\n\t<div id=\"gap-560645084\" class=\"gap-element clearfix\" style=\"display:block; height:auto;\">\n\t\t\n<style>\n#gap-560645084 {\n  padding-top: 30px;\n}\n<\/style>\n\t<\/div>\n\t\n\n\n\t\t<\/div>\n\n\t\t\n<style>\n#section_892836210 {\n  padding-top: 80px;\n  padding-bottom: 80px;\n  background-color: rgb(242, 238, 241);\n}\n<\/style>\n\t<\/section>\n\t\n\n\t<section class=\"section\" id=\"section_919006369\">\n\t\t<div class=\"section-bg fill\" >\n\t\t\t\t\t\t\t\t\t\n\t\t\t\n\n\t\t<\/div>\n\n\t\t\n\n\t\t<div class=\"section-content relative\">\n\t\t\t\n\n<div class=\"row align-center\" style=\"max-width:1200px\" id=\"row-1527814652\">\n\n\n\t<div id=\"col-1558938311\" class=\"col medium-10 small-12 large-8\"  >\n\t\t\t\t<div class=\"col-inner\"  >\n\t\t\t\n\t\t\t\n\n\t<div id=\"gap-2134230671\" class=\"gap-element clearfix\" style=\"display:block; height:auto;\">\n\t\t\n<style>\n#gap-2134230671 {\n  padding-top: 30px;\n}\n<\/style>\n\t<\/div>\n\t\n\n\t<div id=\"text-797962840\" class=\"text\">\n\t\t\n\n<h1>Prioridad de calidad constante<\/h1>\n\t\t\n<style>\n#text-797962840 {\n  font-size: 1.75rem;\n  text-align: center;\n}\n<\/style>\n\t<\/div>\n\t\n\t<div id=\"gap-1244833800\" class=\"gap-element clearfix\" style=\"display:block; height:auto;\">\n\t\t\n<style>\n#gap-1244833800 {\n  padding-top: 10px;\n}\n<\/style>\n\t<\/div>\n\t\n\n\t<div id=\"text-776354073\" class=\"text\">\n\t\t\n\n<p>En Arturf, priorizamos inquebrantablemente la garant\u00eda de calidad. A trav\u00e9s de una meticulosa selecci\u00f3n de materias primas, utilizaci\u00f3n de maquinaria avanzada, mano de obra calificada, pruebas integrales, inspecciones de rutina y muestreo, y t\u00e9rminos de garant\u00eda confiables, garantizamos la producci\u00f3n de c\u00e9sped artificial de primer nivel que sobresale en durabilidad, est\u00e9tica y rendimiento. Elija Arturf para soluciones de c\u00e9sped sint\u00e9tico de alta calidad, transformando cualquier espacio en un hermoso y funcional paisaje.<\/p>\n\t\t\n<style>\n#text-776354073 {\n  text-align: center;\n}\n<\/style>\n\t<\/div>\n\t\n\n\t\t<\/div>\n\t\t\t\t\t<\/div>\n\n\t\n\n<\/div>\n<div class=\"nav-wrapper\"><ul class=\"nav nav-uppercase nav-horizontal nav-pills text-center nav-center\"><p class=\"lead shortcode-error text-center\">Lo siento, no se encontraron p\u00e1ginas<\/p><\/ul><\/div>\n\n\n\t\t<\/div>\n\n\t\t\n<style>\n#section_919006369 {\n  padding-top: 30px;\n  padding-bottom: 30px;\n}\n<\/style>\n\t<\/section>","protected":false},"excerpt":{"rendered":"","protected":false},"author":3,"featured_media":0,"parent":5652,"menu_order":2,"comment_status":"closed","ping_status":"closed","template":"page-blank.php","meta":{"_seopress_robots_primary_cat":"","_seopress_titles_title":"","_seopress_titles_desc":"Arturf is dedicated to delivering high-quality products that surpass customer expectations. Our commitment to quality assurance is ingrained in every step of our manufacturing process.","_seopress_robots_index":"","footnotes":""},"class_list":["post-18911","page","type-page","status-publish","hentry"],"_links":{"self":[{"href":"https:\/\/arturf.com\/es\/wp-json\/wp\/v2\/pages\/18911","targetHints":{"allow":["GET"]}}],"collection":[{"href":"https:\/\/arturf.com\/es\/wp-json\/wp\/v2\/pages"}],"about":[{"href":"https:\/\/arturf.com\/es\/wp-json\/wp\/v2\/types\/page"}],"author":[{"embeddable":true,"href":"https:\/\/arturf.com\/es\/wp-json\/wp\/v2\/users\/3"}],"replies":[{"embeddable":true,"href":"https:\/\/arturf.com\/es\/wp-json\/wp\/v2\/comments?post=18911"}],"version-history":[{"count":0,"href":"https:\/\/arturf.com\/es\/wp-json\/wp\/v2\/pages\/18911\/revisions"}],"up":[{"embeddable":true,"href":"https:\/\/arturf.com\/es\/wp-json\/wp\/v2\/pages\/5652"}],"wp:attachment":[{"href":"https:\/\/arturf.com\/es\/wp-json\/wp\/v2\/media?parent=18911"}],"curies":[{"name":"gracias","href":"https:\/\/api.w.org\/{rel}","templated":true}]}}