{"id":2234,"date":"2011-12-29T22:03:23","date_gmt":"2011-12-29T14:03:23","guid":{"rendered":"https:\/\/arturf.com\/?page_id=2234"},"modified":"2025-09-13T12:31:23","modified_gmt":"2025-09-13T04:31:23","slug":"contact","status":"publish","type":"page","link":"https:\/\/arturf.com\/es\/contact\/","title":{"rendered":"Cont\u00e1ctenos"},"content":{"rendered":"<section class=\"section greenturftilerepeat\" id=\"section_1343867227\">\n\t\t<div class=\"section-bg fill\" >\n\t\t\t<img loading=\"lazy\" decoding=\"async\" width=\"1600\" height=\"1066\" src=\"https:\/\/arturf.com\/wp-content\/uploads\/2022\/04\/Arturf-Artificial-Grass-background.jpg\" class=\"bg attachment-original size-original\" alt=\"muestras gratis\" \/>\t\t\t\t\t\t\n\t\t\t\n\n\t\t<\/div>\n\n\t\t\n\n\t\t<div class=\"section-content relative\">\n\t\t\t\n<div class=\"row row-collapse align-center\"  id=\"row-244685472\">\n\n\t<div id=\"col-1338074421\" class=\"col medium-5 small-12 large-5\"  >\n\t\t\t\t<div class=\"col-inner\"  >\n\t\t\t\n\t\t\t\n\n  <div class=\"banner has-hover\" id=\"banner-1494684936\">\n          <div class=\"banner-inner fill\">\n        <div class=\"banner-bg fill\" >\n                                                \n                    <\/div>\n\t\t\n        <div class=\"banner-layers container\">\n            <div class=\"fill banner-link\"><\/div>            \n   <div id=\"text-box-1072410456\" class=\"text-box banner-layer x50 md-x50 lg-x50 y50 md-y50 lg-y50 res-text\">\n                                <div class=\"text-box-content text dark\">\n              \n              <div class=\"text-inner text-left\">\n                  \n<p>Ofrecemos c\u00e9sped artificial premium y paquetes completos de pistas de p\u00e1del a precios de f\u00e1brica. Nuestras soluciones integrales incluyen c\u00e9sped, placas de amortiguaci\u00f3n, adhesivos y accesorios. Cont\u00e1ctanos hoy mismo para solicitar un presupuesto. \u00a1Disponemos de muestras gratuitas!<\/p>\n\t<div id=\"gap-252568541\" class=\"gap-element clearfix\" style=\"display:block; height:auto;\">\n\t\t\n<style>\n#gap-252568541 {\n  padding-top: 10px;\n}\n<\/style>\n\t<\/div>\n\t\n<div data-no-translation=\"\">\n<h4><span style=\"font-size: 100%;\"><strong>Arturf China<\/strong><\/span><\/h4>\n<p style=\"text-align: left;\">Team Sports Industry Limited<br \/>\ud83d\udea2 Sales Office: No.5 Chengnan 1st Road, South District, Zhongshan, Guangdong, China.<br \/>\ud83d\udea2 Manufacturing Base: Yixing, Wuxi City, Jiangsu Province, China.<br \/>\u260e\ufe0f\u00a0Tel \u2460: <em>+86 760 87994998<\/em><br \/>\ud83d\udcf2 Tel \u2461: <em>+86 18665067669 (HP\/WhatsApp\/Line, Recommended)<br \/><\/em>\u2706 WhatsApp Chat:<em>\u00a0 <a href=\"https:\/\/wa.me\/8618665067669\" target=\"_blank\" rel=\"noopener\">Click to talk or drop a message.<\/a><\/em><br \/>\ud83d\udc8c Email:<a href=\"mailto:inquiry@arturf.com\"><em> inquiry@arturf.com<\/em><\/a><\/p>\n<\/div>\n\t<div id=\"gap-923347193\" class=\"gap-element clearfix\" style=\"display:block; height:auto;\">\n\t\t\n<style>\n#gap-923347193 {\n  padding-top: 10px;\n}\n<\/style>\n\t<\/div>\n\t\n              <\/div>\n           <\/div>\n                            \n<style>\n#text-box-1072410456 {\n  width: 80%;\n}\n#text-box-1072410456 .text-box-content {\n  font-size: 145%;\n}\n@media (min-width:550px) {\n  #text-box-1072410456 {\n    width: 85%;\n  }\n}\n<\/style>\n    <\/div>\n \n        <\/div>\n      <\/div>\n\n            \n<style>\n#banner-1494684936 {\n  padding-top: 550px;\n  background-color: rgba(255, 102, 0, 0.913);\n}\n<\/style>\n  <\/div>\n\n\n\t\t<\/div>\n\t\t\t\t\t<\/div>\n\n\t\n\n\t<div id=\"col-1209861325\" class=\"col medium-7 small-12 large-7\"  >\n\t\t\t\t<div class=\"col-inner\"  >\n\t\t\t\n\t\t\t\n\n  <div class=\"banner has-hover\" id=\"banner-2054448446\">\n          <div class=\"banner-inner fill\">\n        <div class=\"banner-bg fill\" >\n                                                \n                    <\/div>\n\t\t\n        <div class=\"banner-layers container\">\n            <div class=\"fill banner-link\"><\/div>            \n   <div id=\"text-box-929241566\" class=\"text-box banner-layer x50 md-x50 lg-x50 y50 md-y50 lg-y50 res-text\">\n                                <div class=\"text-box-content text\">\n              \n              <div class=\"text-inner text-center\">\n                  \n\t<div id=\"gap-902984896\" class=\"gap-element clearfix\" style=\"display:block; height:auto;\">\n\t\t\n<style>\n#gap-902984896 {\n  padding-top: 20px;\n}\n<\/style>\n\t<\/div>\n\t\n<p style=\"text-align: left;\">Complete el formulario de contacto para contarnos un poco sobre sus necesidades. Tendremos un representante para contactarlo a la brevedad.<\/p>\n\t<div id=\"text-2129099797\" class=\"text\">\n\t\t\n<form id=\"forminator-module-15402\" class=\"forminator-custom-form forminator-custom-form-15402\" method=\"post\" data-forminator-render=\"0\" data-uid=\"69d22fee68393\" action=\"\"><div role=\"alert\" aria-live=\"polite\" class=\"forminator-response-message forminator-error\" aria-hidden=\"true\"><\/div><input type=\"hidden\" name=\"trp-form-language\" value=\"es\"\/><\/form>\n\t\t\n<style>\n#text-2129099797 {\n  text-align: left;\n}\n<\/style>\n\t<\/div>\n\t\n              <\/div>\n           <\/div>\n                            \n<style>\n#text-box-929241566 {\n  width: 69%;\n}\n#text-box-929241566 .text-box-content {\n  font-size: 129%;\n}\n<\/style>\n    <\/div>\n \n        <\/div>\n      <\/div>\n\n            \n<style>\n#banner-2054448446 {\n  padding-top: 550px;\n  background-color: rgba(255, 255, 255, 0.855);\n}\n<\/style>\n  <\/div>\n\n\n\t\t<\/div>\n\t\t\t\t\t<\/div>\n\n\t\n<\/div>\n\t\t<\/div>\n\n\t\t\n<style>\n#section_1343867227 {\n  padding-top: 0px;\n  padding-bottom: 0px;\n}\n@media (min-width:550px) {\n  #section_1343867227 {\n    padding-top: 70px;\n    padding-bottom: 70px;\n  }\n}\n<\/style>\n\t<\/section>","protected":false},"excerpt":{"rendered":"","protected":false},"author":3,"featured_media":0,"parent":0,"menu_order":25,"comment_status":"closed","ping_status":"closed","template":"page-blank.php","meta":{"_seopress_robots_primary_cat":"","_seopress_titles_title":"Request Artificial Grass Prices, Cost and Free Samples","_seopress_titles_desc":"Contact us for artificial grass cost and samples.Call 86 760-87994998 or email at info@arturf.com to get free quotation and artificial grass samples.","_seopress_robots_index":"","footnotes":""},"class_list":["post-2234","page","type-page","status-publish","hentry"],"_links":{"self":[{"href":"https:\/\/arturf.com\/es\/wp-json\/wp\/v2\/pages\/2234","targetHints":{"allow":["GET"]}}],"collection":[{"href":"https:\/\/arturf.com\/es\/wp-json\/wp\/v2\/pages"}],"about":[{"href":"https:\/\/arturf.com\/es\/wp-json\/wp\/v2\/types\/page"}],"author":[{"embeddable":true,"href":"https:\/\/arturf.com\/es\/wp-json\/wp\/v2\/users\/3"}],"replies":[{"embeddable":true,"href":"https:\/\/arturf.com\/es\/wp-json\/wp\/v2\/comments?post=2234"}],"version-history":[{"count":0,"href":"https:\/\/arturf.com\/es\/wp-json\/wp\/v2\/pages\/2234\/revisions"}],"wp:attachment":[{"href":"https:\/\/arturf.com\/es\/wp-json\/wp\/v2\/media?parent=2234"}],"curies":[{"name":"gracias","href":"https:\/\/api.w.org\/{rel}","templated":true}]}}