{"id":3460,"date":"2012-08-16T14:28:45","date_gmt":"2012-08-16T14:28:45","guid":{"rendered":"https:\/\/arturf.com\/?page_id=3460"},"modified":"2023-07-08T00:24:53","modified_gmt":"2023-07-07T16:24:53","slug":"field-hockey","status":"publish","type":"page","link":"https:\/\/arturf.com\/es\/sports\/field-hockey\/","title":{"rendered":"Campo de hockey sobre c\u00e9sped artificial"},"content":{"rendered":"<div class=\"banner has-hover\" id=\"banner-1249876549\">\n          <div class=\"banner-inner fill\">\n        <div class=\"banner-bg fill\" >\n            <img loading=\"lazy\" decoding=\"async\" width=\"1020\" height=\"365\" src=\"https:\/\/arturf.com\/wp-content\/uploads\/2019\/01\/artificial-grass-field-hockey-1024x366.jpg\" class=\"bg attachment-large size-large\" alt=\"Hockey\" \/>                                    \n                    <\/div>\n\t\t\n        <div class=\"banner-layers container\">\n            <div class=\"fill banner-link\"><\/div>            \n\n   <div id=\"text-box-1877390414\" class=\"text-box banner-layer x50 md-x50 lg-x50 y50 md-y50 lg-y50 res-text\">\n                                <div class=\"text-box-content text dark\">\n              \n              <div class=\"text-inner text-center\">\n                  \n\n<h1>C\u00e9sped Artificial para Hockey<\/h1>\n<p>Mejora tu juego con un control de la pelota sin igual y un rendimiento inigualable.<\/p>\n\n              <\/div>\n           <\/div>\n                            \n<style>\n#text-box-1877390414 {\n  width: 60%;\n}\n#text-box-1877390414 .text-box-content {\n  font-size: 100%;\n}\n<\/style>\n    <\/div>\n \n\n        <\/div>\n      <\/div>\n\n            \n<style>\n#banner-1249876549 {\n  padding-top: 400px;\n}\n<\/style>\n  <\/div>\n\n\n<div class=\"row align-center\"  id=\"row-1988482962\">\n\n\n\t<div id=\"col-1253467112\" class=\"col medium-10 small-12 large-10\"  >\n\t\t\t\t<div class=\"col-inner\"  >\n\t\t\t\n\t\t\t\n\n<p>\u00bfBuscas las mejores condiciones de juego en hockey sobre c\u00e9sped? Dir\u00edjase a Arturf, un fabricante l\u00edder de c\u00e9sped artificial en China. Ofrecemos c\u00e9sped de hockey de la m\u00e1s alta calidad que ofrece una precisi\u00f3n y un rendimiento inigualables. Con nuestro c\u00e9sped artificial, el hockey sobre c\u00e9sped se ha convertido en un juego m\u00e1s r\u00e1pido y popular, que permite a los jugadores ejecutar pases r\u00e1pidos con un control preciso del bal\u00f3n.<\/p>\n<h3>\u00bfPor qu\u00e9 elegir c\u00e9sped artificial para hockey?<\/h3>\n<p>La introducci\u00f3n del c\u00e9sped artificial ha revolucionado el juego de hockey, brindando a los jugadores una experiencia de juego mejorada. Nuestro c\u00e9sped de hockey ofrece una superficie lisa que garantiza una interacci\u00f3n \u00f3ptima entre la pelota y la superficie, lo que da como resultado una jugabilidad excelente. La durabilidad de nuestro c\u00e9sped es incomparable, con una resistencia extrema al desgaste.<\/p>\n<h3>Caracter\u00edsticas de nuestro c\u00e9sped de hockey:<\/h3>\n<ol>\n<li>\n<h4>Interacci\u00f3n \u00f3ptima bola\/superficie: <\/h4>\n<p>Nuestro c\u00e9sped de hockey est\u00e1 dise\u00f1ado para proporcionar el equilibrio perfecto entre la pelota y la superficie, lo que permite un control y un rodamiento precisos de la pelota.\n<\/li>\n<li>\n<h4>Superficie lisa para una gran jugabilidad: <\/h4>\n<p>La suavidad de nuestro c\u00e9sped garantiza un rodamiento uniforme de la pelota, lo que permite a los jugadores mostrar sus habilidades y ejecutar jugadas din\u00e1micas.\n<\/li>\n<li>\n<h4>Durabilidad extrema: <\/h4>\n<p>Nuestro c\u00e9sped de hockey est\u00e1 hecho para durar. Puede soportar las demandas de un juego intenso, lo que garantiza una longevidad y un mantenimiento m\u00ednimo.\n<\/li>\n<li>\n<h4>Puntada densa para una apariencia compacta: <\/h4>\n<p>Las fibras densamente cosidas de nuestro c\u00e9sped crean una apariencia visualmente atractiva y compacta, mejorando la est\u00e9tica general de la cancha de hockey.\n<\/li>\n<li>\n<h4>Amigable para el jugador con comodidad insuperable: <\/h4>\n<p>Priorizamos la comodidad y la seguridad del jugador. Nuestro c\u00e9sped de hockey proporciona una superficie acolchada que reduce el riesgo de lesiones y ofrece una experiencia de juego c\u00f3moda.\n<\/li>\n<\/ol>\n<h3>Experimente la diferencia con el c\u00e9sped de hockey de Arturf<\/h3>\n<p>En Arturf, estamos comprometidos a brindar soluciones de c\u00e9sped artificial que cumplan con los m\u00e1s altos est\u00e1ndares de calidad y rendimiento. Nuestro c\u00e9sped de hockey est\u00e1 dise\u00f1ado para mejorar el juego y crear un entorno de juego \u00f3ptimo. Si usted es un atleta profesional, un administrador de instalaciones deportivas o una escuela que busca mejorar su campo de hockey, nuestro c\u00e9sped artificial es la opci\u00f3n ideal.<\/p>\n<p>Libere el potencial del hockey sobre c\u00e9sped con el c\u00e9sped de hockey de \u00faltima generaci\u00f3n de Arturf. Cont\u00e1ctenos hoy para analizar sus requisitos y deje que nuestro equipo de expertos lo ayude a encontrar la soluci\u00f3n perfecta para su campo de hockey.<\/p>\n\t\n  \n    <div class=\"row large-columns-4 medium-columns-3 small-columns-2 row-small slider row-slider slider-nav-reveal slider-nav-push\"  data-flickity-options='{&quot;imagesLoaded&quot;: true, &quot;groupCells&quot;: &quot;100%&quot;, &quot;dragThreshold&quot; : 5, &quot;cellAlign&quot;: &quot;left&quot;,&quot;wrapAround&quot;: true,&quot;prevNextButtons&quot;: true,&quot;percentPosition&quot;: true,&quot;pageDots&quot;: false, &quot;rightToLeft&quot;: false, &quot;autoPlay&quot; : false}' >\n\n  \n\t     <div class=\"col\" >\n\t\t\t\t\t\t<div class=\"col-inner\">\n\t\t\t\t\t\t\n<div class=\"badge-container absolute left top z-1\">\n\n<\/div>\n\t\t\t\t\t\t<div class=\"product-small box has-hover box-normal box-text-bottom\">\n\t\t\t\t\t\t\t<div class=\"box-image\" >\n\t\t\t\t\t\t\t\t<div class=\"\" >\n\t\t\t\t\t\t\t\t\t<a href=\"https:\/\/arturf.com\/es\/product\/speed\/\" aria-label=\"Velocidad\">\n\t\t\t\t\t\t\t\t\t\t<img loading=\"lazy\" decoding=\"async\" width=\"350\" height=\"263\" src=\"https:\/\/arturf.com\/wp-content\/uploads\/2019\/01\/Field-Hockey-Grass-Olive-Green-350x263.jpg\" class=\"show-on-hover absolute fill hide-for-small back-image\" alt=\"Vista alternativa de Speed\" aria-hidden=\"true\" srcset=\"https:\/\/arturf.com\/wp-content\/uploads\/2019\/01\/Field-Hockey-Grass-Olive-Green-350x263.jpg 350w, https:\/\/arturf.com\/wp-content\/uploads\/2019\/01\/Field-Hockey-Grass-Olive-Green-300x225.jpg 300w, https:\/\/arturf.com\/wp-content\/uploads\/2019\/01\/Field-Hockey-Grass-Olive-Green-200x150.jpg 200w, https:\/\/arturf.com\/wp-content\/uploads\/2019\/01\/Field-Hockey-Grass-Olive-Green-768x576.jpg 768w, https:\/\/arturf.com\/wp-content\/uploads\/2019\/01\/Field-Hockey-Grass-Olive-Green-16x12.jpg 16w, https:\/\/arturf.com\/wp-content\/uploads\/2019\/01\/Field-Hockey-Grass-Olive-Green-510x383.jpg 510w, https:\/\/arturf.com\/wp-content\/uploads\/2019\/01\/Field-Hockey-Grass-Olive-Green.jpg 800w\" sizes=\"auto, (max-width: 350px) 100vw, 350px\" \/><img loading=\"lazy\" decoding=\"async\" width=\"350\" height=\"263\" src=\"https:\/\/arturf.com\/wp-content\/uploads\/2019\/01\/Field-Hocky-Multi-sports-Artificial-Grass-350x263.jpg\" class=\"attachment-woocommerce_thumbnail size-woocommerce_thumbnail\" alt=\"Velocidad\" srcset=\"https:\/\/arturf.com\/wp-content\/uploads\/2019\/01\/Field-Hocky-Multi-sports-Artificial-Grass-350x263.jpg 350w, https:\/\/arturf.com\/wp-content\/uploads\/2019\/01\/Field-Hocky-Multi-sports-Artificial-Grass-300x225.jpg 300w, https:\/\/arturf.com\/wp-content\/uploads\/2019\/01\/Field-Hocky-Multi-sports-Artificial-Grass-200x150.jpg 200w, https:\/\/arturf.com\/wp-content\/uploads\/2019\/01\/Field-Hocky-Multi-sports-Artificial-Grass-768x576.jpg 768w, https:\/\/arturf.com\/wp-content\/uploads\/2019\/01\/Field-Hocky-Multi-sports-Artificial-Grass-16x12.jpg 16w, https:\/\/arturf.com\/wp-content\/uploads\/2019\/01\/Field-Hocky-Multi-sports-Artificial-Grass-510x383.jpg 510w, https:\/\/arturf.com\/wp-content\/uploads\/2019\/01\/Field-Hocky-Multi-sports-Artificial-Grass.jpg 800w\" sizes=\"auto, (max-width: 350px) 100vw, 350px\" \/>\t\t\t\t\t\t\t\t\t<\/a>\n\t\t\t\t\t\t\t\t\t\t\t\t\t\t\t\t\t\t \t\t\t\t\t\t\t\t<\/div>\n\t\t\t\t\t\t\t\t<div class=\"image-tools top right show-on-hover\">\n\t\t\t\t\t\t\t\t\t\t\t\t\t\t\t\t\t<\/div>\n\t\t\t\t\t\t\t\t\t\t\t\t\t\t\t\t\t<div class=\"image-tools grid-tools text-center hide-for-small bottom hover-slide-in show-on-hover\">\n\t\t\t\t\t\t\t\t\t\t<a href=\"#quick-view\" class=\"quick-view\" role=\"button\" data-prod=\"7609\" aria-haspopup=\"dialog\" aria-expanded=\"false\" data-flatsome-role-button>Vista R\u00e1pida<\/a>\t\t\t\t\t\t\t\t\t<\/div>\n\t\t\t\t\t\t\t\t\t\t\t\t\t\t\t\t\t\t\t\t\t\t\t<\/div>\n\n\t\t\t\t\t\t\t<div class=\"box-text text-center dark\" style=\"background-color:rgb(255, 102, 0);\">\n\t\t\t\t\t\t\t\t<div class=\"title-wrapper\"><p class=\"name product-title woocommerce-loop-product__title\"><a href=\"https:\/\/arturf.com\/es\/product\/speed\/\" class=\"woocommerce-LoopProduct-link woocommerce-loop-product__link\">Velocidad<\/a><\/p><\/div><div class=\"price-wrapper\"><\/div>\t\t\t\t\t\t\t<\/div>\n\t\t\t\t\t\t<\/div>\n\t\t\t\t\t\t<\/div>\n\t\t\t\t\t<\/div><div class=\"col\" >\n\t\t\t\t\t\t<div class=\"col-inner\">\n\t\t\t\t\t\t\n<div class=\"badge-container absolute left top z-1\">\n\n<\/div>\n\t\t\t\t\t\t<div class=\"product-small box has-hover box-normal box-text-bottom\">\n\t\t\t\t\t\t\t<div class=\"box-image\" >\n\t\t\t\t\t\t\t\t<div class=\"\" >\n\t\t\t\t\t\t\t\t\t<a href=\"https:\/\/arturf.com\/es\/product\/flex\/\" aria-label=\"Flexionar\">\n\t\t\t\t\t\t\t\t\t\t<img loading=\"lazy\" decoding=\"async\" width=\"350\" height=\"263\" src=\"https:\/\/arturf.com\/wp-content\/uploads\/2018\/05\/Flex-Green-350x263.jpg\" class=\"show-on-hover absolute fill hide-for-small back-image\" alt=\"Vista alternativa de Flex\" aria-hidden=\"true\" srcset=\"https:\/\/arturf.com\/wp-content\/uploads\/2018\/05\/Flex-Green-350x263.jpg 350w, https:\/\/arturf.com\/wp-content\/uploads\/2018\/05\/Flex-Green-500x375.jpg 500w, https:\/\/arturf.com\/wp-content\/uploads\/2018\/05\/Flex-Green-200x150.jpg 200w, https:\/\/arturf.com\/wp-content\/uploads\/2018\/05\/Flex-Green-768x576.jpg 768w, https:\/\/arturf.com\/wp-content\/uploads\/2018\/05\/Flex-Green-16x12.jpg 16w, https:\/\/arturf.com\/wp-content\/uploads\/2018\/05\/Flex-Green-510x383.jpg 510w, https:\/\/arturf.com\/wp-content\/uploads\/2018\/05\/Flex-Green.jpg 800w\" sizes=\"auto, (max-width: 350px) 100vw, 350px\" \/><img loading=\"lazy\" decoding=\"async\" width=\"350\" height=\"263\" src=\"https:\/\/arturf.com\/wp-content\/uploads\/2018\/05\/Arturf-Putting-Green-Flex-Pro-16-1-1-350x263.jpg\" class=\"attachment-woocommerce_thumbnail size-woocommerce_thumbnail\" alt=\"Flexionar\" srcset=\"https:\/\/arturf.com\/wp-content\/uploads\/2018\/05\/Arturf-Putting-Green-Flex-Pro-16-1-1-350x263.jpg 350w, https:\/\/arturf.com\/wp-content\/uploads\/2018\/05\/Arturf-Putting-Green-Flex-Pro-16-1-1-500x375.jpg 500w, https:\/\/arturf.com\/wp-content\/uploads\/2018\/05\/Arturf-Putting-Green-Flex-Pro-16-1-1-200x150.jpg 200w, https:\/\/arturf.com\/wp-content\/uploads\/2018\/05\/Arturf-Putting-Green-Flex-Pro-16-1-1-768x576.jpg 768w, https:\/\/arturf.com\/wp-content\/uploads\/2018\/05\/Arturf-Putting-Green-Flex-Pro-16-1-1-16x12.jpg 16w, https:\/\/arturf.com\/wp-content\/uploads\/2018\/05\/Arturf-Putting-Green-Flex-Pro-16-1-1-510x383.jpg 510w, https:\/\/arturf.com\/wp-content\/uploads\/2018\/05\/Arturf-Putting-Green-Flex-Pro-16-1-1.jpg 800w\" sizes=\"auto, (max-width: 350px) 100vw, 350px\" \/>\t\t\t\t\t\t\t\t\t<\/a>\n\t\t\t\t\t\t\t\t\t\t\t\t\t\t\t\t\t\t \t\t\t\t\t\t\t\t<\/div>\n\t\t\t\t\t\t\t\t<div class=\"image-tools top right show-on-hover\">\n\t\t\t\t\t\t\t\t\t\t\t\t\t\t\t\t\t<\/div>\n\t\t\t\t\t\t\t\t\t\t\t\t\t\t\t\t\t<div class=\"image-tools grid-tools text-center hide-for-small bottom hover-slide-in show-on-hover\">\n\t\t\t\t\t\t\t\t\t\t<a href=\"#quick-view\" class=\"quick-view\" role=\"button\" data-prod=\"6519\" aria-haspopup=\"dialog\" aria-expanded=\"false\" data-flatsome-role-button>Vista R\u00e1pida<\/a>\t\t\t\t\t\t\t\t\t<\/div>\n\t\t\t\t\t\t\t\t\t\t\t\t\t\t\t\t\t\t\t\t\t\t\t<\/div>\n\n\t\t\t\t\t\t\t<div class=\"box-text text-center dark\" style=\"background-color:rgb(255, 102, 0);\">\n\t\t\t\t\t\t\t\t<div class=\"title-wrapper\"><p class=\"name product-title woocommerce-loop-product__title\"><a href=\"https:\/\/arturf.com\/es\/product\/flex\/\" class=\"woocommerce-LoopProduct-link woocommerce-loop-product__link\">Flexionar<\/a><\/p><\/div><div class=\"price-wrapper\"><\/div>\t\t\t\t\t\t\t<\/div>\n\t\t\t\t\t\t<\/div>\n\t\t\t\t\t\t<\/div>\n\t\t\t\t\t<\/div><\/div>\n\n\n\t\t<\/div>\n\t\t\t\t\t<\/div>\n\n\t\n\n<\/div>","protected":false},"excerpt":{"rendered":"","protected":false},"author":3,"featured_media":0,"parent":2230,"menu_order":14,"comment_status":"closed","ping_status":"closed","template":"page-blank.php","meta":{"_seopress_robots_primary_cat":"","_seopress_titles_title":"Hockey Turf - Artificial Turf for Precision Ball Roll","_seopress_titles_desc":"Elevate your field hockey game with Arturf&#039;s high-quality hockey turf. Optimum ball roll, durability, and player comfort for unmatched performance.","_seopress_robots_index":"","footnotes":""},"class_list":["post-3460","page","type-page","status-publish","hentry"],"_links":{"self":[{"href":"https:\/\/arturf.com\/es\/wp-json\/wp\/v2\/pages\/3460","targetHints":{"allow":["GET"]}}],"collection":[{"href":"https:\/\/arturf.com\/es\/wp-json\/wp\/v2\/pages"}],"about":[{"href":"https:\/\/arturf.com\/es\/wp-json\/wp\/v2\/types\/page"}],"author":[{"embeddable":true,"href":"https:\/\/arturf.com\/es\/wp-json\/wp\/v2\/users\/3"}],"replies":[{"embeddable":true,"href":"https:\/\/arturf.com\/es\/wp-json\/wp\/v2\/comments?post=3460"}],"version-history":[{"count":0,"href":"https:\/\/arturf.com\/es\/wp-json\/wp\/v2\/pages\/3460\/revisions"}],"up":[{"embeddable":true,"href":"https:\/\/arturf.com\/es\/wp-json\/wp\/v2\/pages\/2230"}],"wp:attachment":[{"href":"https:\/\/arturf.com\/es\/wp-json\/wp\/v2\/media?parent=3460"}],"curies":[{"name":"gracias","href":"https:\/\/api.w.org\/{rel}","templated":true}]}}