{"id":3470,"date":"2012-08-16T14:37:46","date_gmt":"2012-08-16T14:37:46","guid":{"rendered":"https:\/\/arturf.com\/?page_id=3470"},"modified":"2023-07-08T11:12:44","modified_gmt":"2023-07-08T03:12:44","slug":"rugby","status":"publish","type":"page","link":"https:\/\/arturf.com\/es\/sports\/rugby\/","title":{"rendered":"Campo de rugby de c\u00e9sped artificial"},"content":{"rendered":"<div class=\"banner has-hover\" id=\"banner-397849995\">\n          <div class=\"banner-inner fill\">\n        <div class=\"banner-bg fill\" >\n            <img loading=\"lazy\" decoding=\"async\" width=\"1020\" height=\"325\" src=\"https:\/\/arturf.com\/wp-content\/uploads\/2020\/05\/Artificial-Turf-Rugby-1024x326.jpg\" class=\"bg attachment-large size-large\" alt=\"Rugby, c\u00e9sped artificial\" \/>                                    \n                    <\/div>\n\t\t\n        <div class=\"banner-layers container\">\n            <div class=\"fill banner-link\"><\/div>            \n\n   <div id=\"text-box-1940548709\" class=\"text-box banner-layer x50 md-x50 lg-x50 y50 md-y50 lg-y50 res-text\">\n                                <div class=\"text-box-content text dark\">\n              \n              <div class=\"text-inner text-center\">\n                  \n\n<h3 class=\"uppercase\"><strong>C\u00e9sped artificial para rugby<\/strong><\/h3>\n<p>Experimente un rendimiento superior y la seguridad del jugador con el c\u00e9sped artificial de rugby de Arturf. Mejore su juego con nuestra soluci\u00f3n duradera y resistente a la intemperie.<\/p>\n\n              <\/div>\n           <\/div>\n                            \n<style>\n#text-box-1940548709 {\n  width: 60%;\n}\n#text-box-1940548709 .text-box-content {\n  font-size: 100%;\n}\n<\/style>\n    <\/div>\n \n\n        <\/div>\n      <\/div>\n\n            \n<style>\n#banner-397849995 {\n  padding-top: 400px;\n}\n<\/style>\n  <\/div>\n\n\n<div class=\"row align-center\"  id=\"row-1746491424\">\n\n\n\t<div id=\"col-1388766994\" class=\"col medium-10 small-12 large-10\"  >\n\t\t\t\t<div class=\"col-inner\"  >\n\t\t\t\n\t\t\t\n\n<p>Los campos de c\u00e9sped sint\u00e9tico han revolucionado el juego de rugby, brindando una jugabilidad mejorada y superando los desaf\u00edos que plantean los campos de c\u00e9sped natural. En Arturf, un fabricante l\u00edder de c\u00e9sped artificial en China, priorizamos la calidad y el rendimiento superiores. Nuestro c\u00e9sped de rugby cumple con estrictas especificaciones de rendimiento, lo que garantiza la seguridad del jugador, un rendimiento \u00f3ptimo de la pelota y una durabilidad duradera.<\/p>\n<h3>Jugabilidad mejorada con c\u00e9sped artificial de tercera generaci\u00f3n<\/h3>\n<p>Con los avances en las superficies sint\u00e9ticas, el c\u00e9sped artificial de rugby, a menudo conocido como c\u00e9sped artificial de pelo largo o de tercera generaci\u00f3n, ha emergido como un cambio de juego. Presenta una pila m\u00e1s larga en comparaci\u00f3n con las superficies tradicionales rellenas de arena y, por lo general, se rellena con caucho o una mezcla de caucho y arena. Esta combinaci\u00f3n ofrece tracci\u00f3n y estabilidad superiores para los jugadores, mejorando su rendimiento en el campo.<\/p>\n<h3>Superficie resistente a la intemperie para un juego ininterrumpido<\/h3>\n<p>A diferencia de los campos de c\u00e9sped natural que se vuelven embarrados y resbaladizos cuando llueve, nuestro c\u00e9sped artificial mantiene su integridad, lo que permite a los jugadores de rugby entrenar y competir sin interrupciones. Imagina sesiones de entrenamiento y partidos sin preocuparte por deslizarte por el barro fr\u00edo y h\u00famedo. Nuestro c\u00e9sped sint\u00e9tico proporciona una superficie de juego confiable, lo que garantiza un juego consistente en todas las condiciones clim\u00e1ticas.<\/p>\n<h3>Seguridad del jugador: una preocupaci\u00f3n primordial<\/h3>\n<p>En Arturf, la seguridad de los jugadores es una prioridad. Nuestro c\u00e9sped artificial de rugby est\u00e1 dise\u00f1ado con materiales cuidadosamente seleccionados y t\u00e9cnicas de construcci\u00f3n avanzadas para minimizar el riesgo de lesiones. La superficie indulgente y amortiguadora reduce el impacto de ca\u00eddas y colisiones, protegiendo a los jugadores durante el juego intenso. Adem\u00e1s, la superficie de juego uniforme del c\u00e9sped sint\u00e9tico minimiza la probabilidad de esguinces de tobillo y otras lesiones a menudo asociadas con campos de c\u00e9sped natural irregulares.<\/p>\n<h3>Rendimiento \u00f3ptimo de la pelota para jugadas de precisi\u00f3n<\/h3>\n<p>El rendimiento de la pelota es crucial en el rugby, y nuestro c\u00e9sped artificial ofrece resultados excepcionales. La consistencia uniforme de la superficie garantiza rebotes y rodamientos predecibles del bal\u00f3n, lo que permite a los jugadores mantener el control del bal\u00f3n y ejecutar pases y patadas precisos. Esta previsibilidad mejora la calidad general del juego, facilitando la competencia justa y el juego estrat\u00e9gico.<\/p>\n<h3>Rendimiento duradero y duradero<\/h3>\n<p>Nuestro c\u00e9sped artificial de rugby est\u00e1 hecho para durar. Con una construcci\u00f3n robusta y materiales de alta calidad, soporta un uso intensivo, lo que lo hace adecuado para sesiones de entrenamiento intensas y partidos competitivos. Puede confiar en nuestro c\u00e9sped sint\u00e9tico para obtener una superficie de juego duradera que soportar\u00e1 las exigencias del deporte en los a\u00f1os venideros.<\/p>\n<h3>Experimente la excelencia con el c\u00e9sped de rugby de Arturf<\/h3>\n<p>Como fabricante l\u00edder de c\u00e9sped artificial en China, Arturf se dedica a ofrecer productos superiores. Nuestra p\u00e1gina de c\u00e9sped para rugby muestra la calidad y el rendimiento incomparables de nuestro c\u00e9sped sint\u00e9tico, lo que garantiza una experiencia de rugby mejorada. Diga adi\u00f3s a los toboganes embarrados y adopte la excelencia de nuestro c\u00e9sped artificial de primera l\u00ednea.<\/p>\n<h3>Mejore su experiencia de rugby con Arturf<\/h3>\n<p>Elija el c\u00e9sped artificial de rugby de Arturf para obtener un rendimiento inigualable, seguridad para los jugadores y durabilidad. Como fabricante l\u00edder, proporcionamos c\u00e9sped sint\u00e9tico que supera las expectativas. Nuestro compromiso con la calidad garantiza que sus partidos de rugby y sesiones de entrenamiento se desarrollen en una superficie fiable y de alto rendimiento.<\/p>\n<p>Invierta en el c\u00e9sped de rugby de Arturf y transforme su forma de jugar. Experimente la diferencia de una calidad superior, la seguridad del jugador y un rendimiento constante. Descubra por qu\u00e9 los jugadores de rugby de todo el mundo conf\u00edan en nuestro c\u00e9sped sint\u00e9tico. Cont\u00e1ctenos hoy para obtener m\u00e1s informaci\u00f3n sobre nuestras soluciones de c\u00e9sped para rugby.<\/p>\n\n\t\t<\/div>\n\t\t\t\t\t<\/div>\n\n\t\n\n<\/div>\n<div class=\"row align-center\"  id=\"row-1388643360\">\n\n\n\t<div id=\"col-1933986345\" class=\"col medium-7 small-12 large-7\"  >\n\t\t\t\t<div class=\"col-inner\"  >\n\t\t\t\n\t\t\t\n\n\t\n  \n    <div class=\"row large-columns-1 medium-columns- small-columns- row-small\" >\n  \n\t     <div class=\"col\" >\n\t\t\t\t\t\t<div class=\"col-inner\">\n\t\t\t\t\t\t\n<div class=\"badge-container absolute left top z-1\">\n\n<\/div>\n\t\t\t\t\t\t<div class=\"product-small box has-hover box-normal box-text-bottom\">\n\t\t\t\t\t\t\t<div class=\"box-image\" >\n\t\t\t\t\t\t\t\t<div class=\"\" >\n\t\t\t\t\t\t\t\t\t<a href=\"https:\/\/arturf.com\/es\/product\/dura-60\/\" aria-label=\"Dura 60\">\n\t\t\t\t\t\t\t\t\t\t<img loading=\"lazy\" decoding=\"async\" width=\"800\" height=\"600\" src=\"https:\/\/arturf.com\/wp-content\/uploads\/2018\/05\/Artificial-Grass-Diamond-Football-Grass.jpg\" class=\"attachment-large size-large\" alt=\"Dura 60\" srcset=\"https:\/\/arturf.com\/wp-content\/uploads\/2018\/05\/Artificial-Grass-Diamond-Football-Grass.jpg 800w, https:\/\/arturf.com\/wp-content\/uploads\/2018\/05\/Artificial-Grass-Diamond-Football-Grass-300x225.jpg 300w, https:\/\/arturf.com\/wp-content\/uploads\/2018\/05\/Artificial-Grass-Diamond-Football-Grass-200x150.jpg 200w, https:\/\/arturf.com\/wp-content\/uploads\/2018\/05\/Artificial-Grass-Diamond-Football-Grass-768x576.jpg 768w, https:\/\/arturf.com\/wp-content\/uploads\/2018\/05\/Artificial-Grass-Diamond-Football-Grass-16x12.jpg 16w, https:\/\/arturf.com\/wp-content\/uploads\/2018\/05\/Artificial-Grass-Diamond-Football-Grass-350x263.jpg 350w, https:\/\/arturf.com\/wp-content\/uploads\/2018\/05\/Artificial-Grass-Diamond-Football-Grass-510x383.jpg 510w\" sizes=\"auto, (max-width: 800px) 100vw, 800px\" \/>\t\t\t\t\t\t\t\t\t<\/a>\n\t\t\t\t\t\t\t\t\t\t\t\t\t\t\t\t\t\t \t\t\t\t\t\t\t\t<\/div>\n\t\t\t\t\t\t\t\t<div class=\"image-tools top right show-on-hover\">\n\t\t\t\t\t\t\t\t\t\t\t\t\t\t\t\t\t<\/div>\n\t\t\t\t\t\t\t\t\t\t\t\t\t\t\t\t\t<div class=\"image-tools grid-tools text-center hide-for-small bottom hover-slide-in show-on-hover\">\n\t\t\t\t\t\t\t\t\t\t<a href=\"#quick-view\" class=\"quick-view\" role=\"button\" data-prod=\"11631\" aria-haspopup=\"dialog\" aria-expanded=\"false\" data-flatsome-role-button>Vista R\u00e1pida<\/a>\t\t\t\t\t\t\t\t\t<\/div>\n\t\t\t\t\t\t\t\t\t\t\t\t\t\t\t\t\t\t\t\t\t\t\t<\/div>\n\n\t\t\t\t\t\t\t<div class=\"box-text text-center\" >\n\t\t\t\t\t\t\t\t<div class=\"title-wrapper\"><p class=\"name product-title woocommerce-loop-product__title\"><a href=\"https:\/\/arturf.com\/es\/product\/dura-60\/\" class=\"woocommerce-LoopProduct-link woocommerce-loop-product__link\">Dura 60<\/a><\/p><\/div><div class=\"price-wrapper\"><\/div>\t\t\t\t\t\t\t<\/div>\n\t\t\t\t\t\t<\/div>\n\t\t\t\t\t\t<\/div>\n\t\t\t\t\t<\/div><\/div>\n\n\n\t\t<\/div>\n\t\t\t\t\t<\/div>\n\n\t\n\n<\/div>","protected":false},"excerpt":{"rendered":"","protected":false},"author":3,"featured_media":0,"parent":2230,"menu_order":17,"comment_status":"closed","ping_status":"closed","template":"page-blank.php","meta":{"_seopress_robots_primary_cat":"","_seopress_titles_title":"","_seopress_titles_desc":"Experience superior performance and player safety with Arturf&#039;s rugby artificial turf. Enhance your game with our durable and weather-resistant solution.","_seopress_robots_index":"","footnotes":""},"class_list":["post-3470","page","type-page","status-publish","hentry"],"_links":{"self":[{"href":"https:\/\/arturf.com\/es\/wp-json\/wp\/v2\/pages\/3470","targetHints":{"allow":["GET"]}}],"collection":[{"href":"https:\/\/arturf.com\/es\/wp-json\/wp\/v2\/pages"}],"about":[{"href":"https:\/\/arturf.com\/es\/wp-json\/wp\/v2\/types\/page"}],"author":[{"embeddable":true,"href":"https:\/\/arturf.com\/es\/wp-json\/wp\/v2\/users\/3"}],"replies":[{"embeddable":true,"href":"https:\/\/arturf.com\/es\/wp-json\/wp\/v2\/comments?post=3470"}],"version-history":[{"count":0,"href":"https:\/\/arturf.com\/es\/wp-json\/wp\/v2\/pages\/3470\/revisions"}],"up":[{"embeddable":true,"href":"https:\/\/arturf.com\/es\/wp-json\/wp\/v2\/pages\/2230"}],"wp:attachment":[{"href":"https:\/\/arturf.com\/es\/wp-json\/wp\/v2\/media?parent=3470"}],"curies":[{"name":"gracias","href":"https:\/\/api.w.org\/{rel}","templated":true}]}}